{"id":5890,"date":"2022-02-22T08:03:24","date_gmt":"2022-02-22T08:03:24","guid":{"rendered":"https:\/\/medicinasinc.com\/no\/?post_type=product&#038;p=5890"},"modified":"2022-03-22T00:40:25","modified_gmt":"2022-03-22T00:40:25","slug":"kjop-apaan-online-alfa-fenylacetoacetonitril","status":"publish","type":"product","link":"https:\/\/medicinasinc.com\/no\/product\/kjop-apaan-online-alfa-fenylacetoacetonitril\/","title":{"rendered":"Kj\u00f8p APAAN online (alfa-fenylacetoacetonitril)"},"content":{"rendered":"<p>Kj\u00f8p APAAN fra et anerkjent nettapotek.<\/p>\n<p>APAAN, CAS-registreringsnummer 4468-48-8, er et krystallinsk pulver som varierer i farge fra hvitt til lysegult som er syntetisert fra benzylcyanid.<\/p>\n<p>Hva er APAAN (alfa-fenylacetoacetonitril)?<\/p>\n<p>Alfa-fenylacetoacetonitril er et kjemikalie med CAS-nummeret 4468-48-8 som loven om kontrollerte stoffer klassifiserer som et stoff i skjema I (CSA). Det er oppdaget at det blir brukt i hemmelige kjemiske laboratorier for ulovlig \u00e5 produsere en plan II-begrenset substans kjent som fenyl-2-propanon eller P2P), metamfetamin og amfetamin. Som et resultat har DEA bedt om at det skal klassifiseres som et kontrollert stoff.<\/p>\n<p>Enhver kjemisk blanding som inneholder alfa-fenylacetoacetonitril er regulert av CSA, med unntak av begrensede omstendigheter.<\/p>\n<p>Hva er noen alfa-fenylacetoacetonitril-synonymer?<\/p>\n<p>I tillegg blir alfa-fenylacetoacetonitril referert til med f\u00f8lgende navn:<\/p>\n<p>NSC 11777 NSC 25183 NSC 55206 APAAN 2-Phenylacetoacetonitrile<br \/> Hva er de mange<br \/> typer alfa-fenylacetoacetonitril tilgjengelig?<\/p>\n<p>Dette kjemikaliet er tilgjengelig i pulveriserte, gule, brune eller hvite former, s\u00e5 vel som krystallinske former med en svak str\u00e5gul fargetone.<\/p>\n<p>Hvordan kan jeg kj\u00f8pe Alpha Phenylacetoacetonitril?<\/p>\n<p>Alpha Phenylacetoacetonitril er tilgjengelig for kj\u00f8p gjennom v\u00e5r nettbutikk. Kjemikaliet v\u00e5rt er ekstremt rent. Ikke bare det, men du vil ogs\u00e5 motta den fra oss til en betydelig lavere pris enn de fleste andre leverand\u00f8rer p\u00e5 markedet. Et annet overbevisende insentiv til \u00e5 handle i nettbutikken v\u00e5r er at vi distribuerer det diskret og sikkert til v\u00e5re kunder mange steder over hele verden via v\u00e5re p\u00e5litelige bud-partnere.<\/p>\n<p>Hvilke egenskaper har Alpha Phenylacetoacetonitril?<br \/> F\u00f8lgende er de spesifikke egenskapene til dette kjemikaliet:<\/p>\n<p>Bruk en tabell for denne delen (for eksempel smeltepunkt, kokepunkt, tetthet, CAS-nummer, renhet og molekylvekt).<\/p>\n<p>Hvilke bruksomr\u00e5der har Alpha Phenylacetoacetonitril?<\/p>\n<p>Alpha Phenylacetoacetonitril har ingen autorisert bruk annet enn til forsknings- og utviklingsform\u00e5l samt analytiske form\u00e5l i laboratorier.<\/p>\n<p>Flere kjente leverand\u00f8rer av dette kjemikaliet inkluderer f\u00f8lgende:<br \/> F\u00f8lgende er en liste over leverand\u00f8rer av Alpha Phenylacetoacetonitril:<br \/> Aurum Pharmatech LLC Activate Scientific<br \/> Heterocyclics Research Chemicals and Building Blocks MolPort<br \/> Kjemisk forskning og utvikling av Wolves<br \/> AK Scienti fic, Inc. (AKSCI) Alfa Chemistry Oakwood-produkter<br \/> APIChem Technology Vitas-M Laboratory LabNetwork, et WuXi AppTec-selskap Chemieliva Pharmaceutical Co., Ltd Hangzhou APIChem Technology Vitas-M Laboratory<br \/> Hvordan syntetiseres alfafenylacetoacetonitril eller forberedt?<\/p>\n<p>60 g rent natrium med en masse p\u00e5 2,6 gramatomer kombineres med 700 cc absolutt alkohol. En natriumetoksidl\u00f8sning tilberedes ved bruk av denne metoden i en 2-1 rundbunnet kolbe utstyrt med en tilbakel\u00f8pskj\u00f8ler. Til denne oppvarmede l\u00f8sningen tilsettes 234 g eller 2 mol ren benzylcyanid og 264 g eller 3 mol t\u00f8rr etylacetat og ristes skikkelig. Kondensatoren er forseglet med et kalsiumkloridr\u00f8r. L\u00f8sningen kokes i et dampbad i to timer og f\u00e5r deretter st\u00e5 over natten. Neste morgen vil du legge merke til at det har dannet seg klumper i blandingen. Som et resultat brukes en trestang til \u00e5 r\u00f8re v\u00e6sken, noe som f\u00e5r klumpene til \u00e5 knuse. Deretter brukes en fryseblanding for \u00e5 avkj\u00f8le den til en temperatur p\u00e5 10\u00b0. Temperaturen holdes deretter p\u00e5 dette niv\u00e5et i to timer. En 6-tommers. B\u00fcchnertrakten brukes til \u00e5 samle opp natriumsaltet, som skylles fire ganger i trakten med 250 cc. deler av eter. Du vil oppdage en fargel\u00f8s filterkake tilsvarende 250\u2013275 g. t\u00f8rt natriumsalt, eller 69\u201376 % av den forutsagte mengden. Kombiner filtratene og tilsett dem til fryseblandingen.<\/p>\n<p>Ved romtemperatur, l\u00f8s opp natriumsaltet som fortsatt er v\u00e5tt med eter i 1,3 l destillert vann og avkj\u00f8l deretter l\u00f8sningen til 0\u00b0. Fel ut nitril ved \u00e5 forsiktig tilsette 90cc iseddik og riste kraftig. Separer bunnfallet ved hjelp av sugefiltrering og vask det fire ganger i 250 cc vann med en trakt. Du skal n\u00e5 ha en fuktig kake av -Phenylacetoacetonitril med en vekt p\u00e5 300 g (188-206 g). Den er 59\u201364 prosent t\u00f8rr og har et smeltepunkt p\u00e5 87\u201389\u00b0, som er egnet for de fleste bruksomr\u00e5der.<\/p>\n<p>Hvis omkrystallisering av r\u00e5kjemikaliet er \u00f8nskelig, l\u00f8s opp den fuktige kaken i 100 cc kokende metylalkohol. Filtrer l\u00f8sningen og avkj\u00f8l den til en temperatur p\u00e5 10\u00b0 ved \u00e5 r\u00f8re. Sugfiltrer krystallene og vask dem en gang med 40 cc metylalkohol avkj\u00f8lt til 10\u00b0. Produktet veier 173\u2013191 g (54 %\u201360 %) n\u00e5r det er t\u00f8rt og har et smeltepunkt p\u00e5 88,5\u201389,5\u00b0. P\u00e5 5-1. kolbe, kombiner filtratene og vaskev\u00e6skene fra natriumsaltseparasjonen. Du kan fortynne den med iskaldt vann til det punktet hvor kolben er helt full. Fjern det nedre laget helt ved \u00e5 sifonere. En betydelig del av eteren kan fjernes ved dekantering, og resten separeres ved hjelp av en skilletrakt.<\/p>\n<p>Ekstraher det vandige laget to ganger til med 500 cc deler eter, kast deretter eterekstraktene.<\/p>\n<p>Ved redusert trykk kan du fjerne eventuelle rester av eter i det vandige laget ved \u00e5 suge luft gjennom l\u00f8sningen i en time ved hjelp av en sugepumpe. Ved \u00e5 tilsette 60 cc iseddik, fell ut -Fenylacetoacetonitril.<\/p>\n<p>Hvis olje kasseres, dypp kolben i et isbad til bunnfallet krystalliserer. Separer krystallene ved hjelp av sugefiltrering og vask dem fire ganger i en trakt fylt med 50 cc vann. Det brunfargede materialet veier 50\u201355 g og har et smeltepunkt p\u00e5 83\u201386\u00b0 n\u00e5r det t\u00f8rkes. L\u00f8s den deretter opp i metylalkohol-moderluten som er igjen fra forrige partis krystallisering. Den resulterende l\u00f8sningen varmes deretter opp i n\u00e6rv\u00e6r av et spor av Norite. Den filtreres og avkj\u00f8les til en temperatur p\u00e5 10\u00b0. Samle krystallene laget med et filter og vask dem med 10cc kald metylalkohol, etterfulgt av t\u00f8rking. Da oppn\u00e5s en substans p\u00e5 43\u201348 gram med en blek str\u00e5farge og et smeltepunkt p\u00e5 87\u201389\u00b0. Den omkrystalliseres fra en l\u00f8sning av 25 cc ren metylalkohol og 10 cc kald metylalkohol. Det produseres et 37\u201341 g materiale med et smeltepunkt p\u00e5 88,5\u201389,5\u00b0. Dette resulterer i at et totalmateriale av denne renheten veier mellom 210 og 232 g, eller 66\u201373 prosent av den teoretiske mengden.<\/p>\n<p>Hvilke egenskaper har Alpha Phenylacetoacetonitril?<\/p>\n<p>F\u00f8lgende er de spesifikke egenskapene til dette kjemikaliet:<\/p>\n<p>Molekylvekt: 159,188 g\/mol N\u00f8yaktig masse: 159,068 g\/mol CAS: 4468-48-8<br \/> 99,8 % renhet<br \/> Hvor mye koster Alpha Kostnader for fenylacetoacetonitril?<\/p>\n<p>Kostnaden for dette kjemikaliet varierer i henhold til leverand\u00f8ren. Den faktiske prisen bestemmes av rabatten gitt av en nettforhandler og mengden kjemikalie som kj\u00f8pes. Vi kan sikre deg at du finner den til den beste prisen p\u00e5 markedet i v\u00e5r butikk. I tillegg garanterer vi produktets kvalitet og fremskynder levering til ditt hjem.<\/p>\n<p>Hvordan klassifiseres Alpha Phenylacetoacetonitril lovlig?<\/p>\n<p>P\u00e5 grunn av det faktum at Alpha Phenylacetoacetonitril er et Schedule I-kjemikalie, vil alle transaksjoner involverer det, uavhengig av mengde, kontrolleres.<\/p>\n<p>Produsenter av blandinger som inneholder dette kjemikaliet som ikke kvalifiserer for automatisk fritak, m\u00e5 sende inn en s\u00f8knad om dispensasjon, ettersom alle kjemiske blandinger inkludert det uansett konsentrasjon er regulert. <\/p>\n<p>Hva er advarslene knyttet til dette kjemikaliet som du m\u00e5 f\u00f8lge?<\/p>\n<p>Det m\u00e5 tas en viss forsiktighet for \u00e5 beskytte din sikkerhet n\u00e5r du h\u00e5ndterer dette stoffet. F\u00f8lgende er advarslene og forholdsreglene:<\/p>\n<p>Hvis det spises oralt, er dette kjemikaliet ekstremt farlig. Unng\u00e5 det derfor for enhver pris.<br \/> Fordi det er farlig hvis det kommer i kontakt med kj\u00f8ttet ditt, m\u00e5 du h\u00e5ndtere dem med ekstrem forsiktighet og bruke hansker for \u00e5 beskytte huden din.<br \/> Du vil opplever hudirritasjon, og det kan til og med korrodere, s\u00e5 unng\u00e5 n\u00e6rkontakt.<br \/> Fordi kjemikaliet er kjent for \u00e5 for\u00e5rsake alvorlig irritasjon og skade p\u00e5 \u00f8ynene, er det avgj\u00f8rende \u00e5 bruke vernebriller som dekker \u00f8ynene fullstendig, og dermed forhindre utilsiktet kontakt med \u00f8ynene.<br \/> Det ble funnet \u00e5 v\u00e6re ekstremt farlig ved inn\u00e5nding. Ansiktet m\u00e5 derfor dekkes for \u00e5 forhindre utilsiktet inn\u00e5nding av kjemikaliet mens det utf\u00f8res forskning, utvikling eller analyser.<br \/> Medisinen er tilstrekkelig kraftig til \u00e5 gi luftveis ubehag. Selv en enkelt eksponering for det kan gi toksisitet til m\u00e5lorganet. Alvorlig betennelse, spesielt i luftveiene, er mulig.<\/p>\n<p>Kj\u00f8p APAAN Online | Kj\u00f8p APAAN Til salgs | Kj\u00f8p APAAN Online | Kj\u00f8p APAAN Online (USA, KINA, UK, VERDENSOMME)<\/p>\n","protected":false},"excerpt":{"rendered":"<p>Kj\u00f8p APAAN (alfa-fenylacetoacetonitril) for salg Europa, Storbritannia online uten resept. Bestill APAAN (alfa-fenylacetoacetonitril) online.<\/p>\n<p>APAAN (alfa-fenylacetoacetonitril) er en analytisk referansestandard med en strukturell likhet med amfetamin.<\/p>\n<p>-acetylbenzenacetonitril<\/p>\n<p> 4468-48-8 CAS-nr.<\/p>\n<p>Synonymer :APAAN ,2-Fenylacetoacetonitril<\/p>\n<p>Molekylformel :C10H9NO<\/p>\n<p>Formelvekt :159,2<\/p>\n<p>Renhet:\u226598%<\/p>\n<p>Formulering: Et krystallinsk fast stoff<\/p>\n<p>\u03bbmaks:264 nm<\/p>\n<p>Lagring:-20\u00b0C<\/p>\n<p>Stabilitet :\u2265 2 \u00e5r<\/p>\n","protected":false},"featured_media":5916,"comment_status":"open","ping_status":"closed","template":"","meta":[],"product_brand":[],"product_cat":[703],"product_tag":[],"class_list":{"0":"post-5890","1":"product","2":"type-product","3":"status-publish","4":"has-post-thumbnail","6":"product_cat-kjpe-psykedeliske-narkotika","8":"first","9":"instock","10":"shipping-taxable","11":"purchasable","12":"product-type-variable"},"yoast_head":"<!-- This site is optimized with the Yoast SEO plugin v27.3 - https:\/\/yoast.com\/product\/yoast-seo-wordpress\/ -->\n<title>Kj\u00f8p APAAN Online (Alpha-Phenylacetoacetonitril) - Beste globale medisiner<\/title>\n<meta name=\"description\" content=\"Kj\u00f8p APAAN (alfa-fenylacetoacetonitril) for salg Europa, Storbritannia online uten resept. Bestill APAAN (alfa-fenylacetoacetonitril) p\u00e5 nett.\" \/>\n<meta name=\"robots\" content=\"index, follow, max-snippet:-1, max-image-preview:large, max-video-preview:-1\" \/>\n<link rel=\"canonical\" href=\"https:\/\/medicinasinc.com\/no\/product\/kjop-apaan-online-alfa-fenylacetoacetonitril\/\" \/>\n<meta property=\"og:locale\" content=\"nn_NO\" \/>\n<meta property=\"og:type\" content=\"article\" \/>\n<meta property=\"og:title\" content=\"Kj\u00f8p APAAN Online (Alpha-Phenylacetoacetonitril) - Beste globale medisiner\" \/>\n<meta property=\"og:description\" content=\"Kj\u00f8p APAAN (alfa-fenylacetoacetonitril) for salg Europa, Storbritannia online uten resept. Bestill APAAN (alfa-fenylacetoacetonitril) p\u00e5 nett.\" \/>\n<meta property=\"og:url\" content=\"https:\/\/medicinasinc.com\/no\/product\/kjop-apaan-online-alfa-fenylacetoacetonitril\/\" \/>\n<meta property=\"og:site_name\" content=\"Medicinas Inc\" \/>\n<meta property=\"article:modified_time\" content=\"2022-03-22T00:40:25+00:00\" \/>\n<meta property=\"og:image\" content=\"https:\/\/medicinasinc.com\/no\/wp-content\/uploads\/sites\/14\/2022\/02\/buy-apaan-alpha-phenylacetoacetonitrile.jpg\" \/>\n\t<meta property=\"og:image:width\" content=\"600\" \/>\n\t<meta property=\"og:image:height\" content=\"600\" \/>\n\t<meta property=\"og:image:type\" content=\"image\/jpeg\" \/>\n<meta name=\"twitter:card\" content=\"summary_large_image\" \/>\n<meta name=\"twitter:label1\" content=\"Est. reading time\" \/>\n\t<meta name=\"twitter:data1\" content=\"6 minutt\" \/>\n<script type=\"application\/ld+json\" class=\"yoast-schema-graph\">{\"@context\":\"https:\\\/\\\/schema.org\",\"@graph\":[{\"@type\":\"WebPage\",\"@id\":\"https:\\\/\\\/medicinasinc.com\\\/no\\\/product\\\/kjop-apaan-online-alfa-fenylacetoacetonitril\\\/\",\"url\":\"https:\\\/\\\/medicinasinc.com\\\/no\\\/product\\\/kjop-apaan-online-alfa-fenylacetoacetonitril\\\/\",\"name\":\"Kj\u00f8p APAAN Online (Alpha-Phenylacetoacetonitril) - Beste globale medisiner\",\"isPartOf\":{\"@id\":\"https:\\\/\\\/medicinasinc.com\\\/no\\\/#website\"},\"primaryImageOfPage\":{\"@id\":\"https:\\\/\\\/medicinasinc.com\\\/no\\\/product\\\/kjop-apaan-online-alfa-fenylacetoacetonitril\\\/#primaryimage\"},\"image\":{\"@id\":\"https:\\\/\\\/medicinasinc.com\\\/no\\\/product\\\/kjop-apaan-online-alfa-fenylacetoacetonitril\\\/#primaryimage\"},\"thumbnailUrl\":\"https:\\\/\\\/medicinasinc.com\\\/no\\\/wp-content\\\/uploads\\\/sites\\\/14\\\/2022\\\/02\\\/buy-apaan-alpha-phenylacetoacetonitrile.jpg\",\"datePublished\":\"2022-02-22T08:03:24+00:00\",\"dateModified\":\"2022-03-22T00:40:25+00:00\",\"description\":\"Kj\u00f8p APAAN (alfa-fenylacetoacetonitril) for salg Europa, Storbritannia online uten resept. Bestill APAAN (alfa-fenylacetoacetonitril) p\u00e5 nett.\",\"breadcrumb\":{\"@id\":\"https:\\\/\\\/medicinasinc.com\\\/no\\\/product\\\/kjop-apaan-online-alfa-fenylacetoacetonitril\\\/#breadcrumb\"},\"inLanguage\":\"nn-NO\",\"potentialAction\":[{\"@type\":\"ReadAction\",\"target\":[\"https:\\\/\\\/medicinasinc.com\\\/no\\\/product\\\/kjop-apaan-online-alfa-fenylacetoacetonitril\\\/\"]}]},{\"@type\":\"ImageObject\",\"inLanguage\":\"nn-NO\",\"@id\":\"https:\\\/\\\/medicinasinc.com\\\/no\\\/product\\\/kjop-apaan-online-alfa-fenylacetoacetonitril\\\/#primaryimage\",\"url\":\"https:\\\/\\\/medicinasinc.com\\\/no\\\/wp-content\\\/uploads\\\/sites\\\/14\\\/2022\\\/02\\\/buy-apaan-alpha-phenylacetoacetonitrile.jpg\",\"contentUrl\":\"https:\\\/\\\/medicinasinc.com\\\/no\\\/wp-content\\\/uploads\\\/sites\\\/14\\\/2022\\\/02\\\/buy-apaan-alpha-phenylacetoacetonitrile.jpg\",\"width\":600,\"height\":600},{\"@type\":\"BreadcrumbList\",\"@id\":\"https:\\\/\\\/medicinasinc.com\\\/no\\\/product\\\/kjop-apaan-online-alfa-fenylacetoacetonitril\\\/#breadcrumb\",\"itemListElement\":[{\"@type\":\"ListItem\",\"position\":1,\"name\":\"Butikk\",\"item\":\"https:\\\/\\\/medicinasinc.com\\\/no\\\/butikk\\\/\"},{\"@type\":\"ListItem\",\"position\":2,\"name\":\"Kj\u00f8p APAAN online (alfa-fenylacetoacetonitril)\"}]},{\"@type\":\"WebSite\",\"@id\":\"https:\\\/\\\/medicinasinc.com\\\/no\\\/#website\",\"url\":\"https:\\\/\\\/medicinasinc.com\\\/no\\\/\",\"name\":\"Medicinas Inc\",\"description\":\"Helsemedisinsk klinikk\",\"potentialAction\":[{\"@type\":\"SearchAction\",\"target\":{\"@type\":\"EntryPoint\",\"urlTemplate\":\"https:\\\/\\\/medicinasinc.com\\\/no\\\/?s={search_term_string}\"},\"query-input\":{\"@type\":\"PropertyValueSpecification\",\"valueRequired\":true,\"valueName\":\"search_term_string\"}}],\"inLanguage\":\"nn-NO\"}]}<\/script>\n<!-- \/ Yoast SEO plugin. -->","yoast_head_json":{"title":"Kj\u00f8p APAAN Online (Alpha-Phenylacetoacetonitril) - Beste globale medisiner","description":"Kj\u00f8p APAAN (alfa-fenylacetoacetonitril) for salg Europa, Storbritannia online uten resept. Bestill APAAN (alfa-fenylacetoacetonitril) p\u00e5 nett.","robots":{"index":"index","follow":"follow","max-snippet":"max-snippet:-1","max-image-preview":"max-image-preview:large","max-video-preview":"max-video-preview:-1"},"canonical":"https:\/\/medicinasinc.com\/no\/product\/kjop-apaan-online-alfa-fenylacetoacetonitril\/","og_locale":"nn_NO","og_type":"article","og_title":"Kj\u00f8p APAAN Online (Alpha-Phenylacetoacetonitril) - Beste globale medisiner","og_description":"Kj\u00f8p APAAN (alfa-fenylacetoacetonitril) for salg Europa, Storbritannia online uten resept. Bestill APAAN (alfa-fenylacetoacetonitril) p\u00e5 nett.","og_url":"https:\/\/medicinasinc.com\/no\/product\/kjop-apaan-online-alfa-fenylacetoacetonitril\/","og_site_name":"Medicinas Inc","article_modified_time":"2022-03-22T00:40:25+00:00","og_image":[{"width":600,"height":600,"url":"https:\/\/medicinasinc.com\/no\/wp-content\/uploads\/sites\/14\/2022\/02\/buy-apaan-alpha-phenylacetoacetonitrile.jpg","type":"image\/jpeg"}],"twitter_card":"summary_large_image","twitter_misc":{"Est. reading time":"6 minutt"},"schema":{"@context":"https:\/\/schema.org","@graph":[{"@type":"WebPage","@id":"https:\/\/medicinasinc.com\/no\/product\/kjop-apaan-online-alfa-fenylacetoacetonitril\/","url":"https:\/\/medicinasinc.com\/no\/product\/kjop-apaan-online-alfa-fenylacetoacetonitril\/","name":"Kj\u00f8p APAAN Online (Alpha-Phenylacetoacetonitril) - Beste globale medisiner","isPartOf":{"@id":"https:\/\/medicinasinc.com\/no\/#website"},"primaryImageOfPage":{"@id":"https:\/\/medicinasinc.com\/no\/product\/kjop-apaan-online-alfa-fenylacetoacetonitril\/#primaryimage"},"image":{"@id":"https:\/\/medicinasinc.com\/no\/product\/kjop-apaan-online-alfa-fenylacetoacetonitril\/#primaryimage"},"thumbnailUrl":"https:\/\/medicinasinc.com\/no\/wp-content\/uploads\/sites\/14\/2022\/02\/buy-apaan-alpha-phenylacetoacetonitrile.jpg","datePublished":"2022-02-22T08:03:24+00:00","dateModified":"2022-03-22T00:40:25+00:00","description":"Kj\u00f8p APAAN (alfa-fenylacetoacetonitril) for salg Europa, Storbritannia online uten resept. Bestill APAAN (alfa-fenylacetoacetonitril) p\u00e5 nett.","breadcrumb":{"@id":"https:\/\/medicinasinc.com\/no\/product\/kjop-apaan-online-alfa-fenylacetoacetonitril\/#breadcrumb"},"inLanguage":"nn-NO","potentialAction":[{"@type":"ReadAction","target":["https:\/\/medicinasinc.com\/no\/product\/kjop-apaan-online-alfa-fenylacetoacetonitril\/"]}]},{"@type":"ImageObject","inLanguage":"nn-NO","@id":"https:\/\/medicinasinc.com\/no\/product\/kjop-apaan-online-alfa-fenylacetoacetonitril\/#primaryimage","url":"https:\/\/medicinasinc.com\/no\/wp-content\/uploads\/sites\/14\/2022\/02\/buy-apaan-alpha-phenylacetoacetonitrile.jpg","contentUrl":"https:\/\/medicinasinc.com\/no\/wp-content\/uploads\/sites\/14\/2022\/02\/buy-apaan-alpha-phenylacetoacetonitrile.jpg","width":600,"height":600},{"@type":"BreadcrumbList","@id":"https:\/\/medicinasinc.com\/no\/product\/kjop-apaan-online-alfa-fenylacetoacetonitril\/#breadcrumb","itemListElement":[{"@type":"ListItem","position":1,"name":"Butikk","item":"https:\/\/medicinasinc.com\/no\/butikk\/"},{"@type":"ListItem","position":2,"name":"Kj\u00f8p APAAN online (alfa-fenylacetoacetonitril)"}]},{"@type":"WebSite","@id":"https:\/\/medicinasinc.com\/no\/#website","url":"https:\/\/medicinasinc.com\/no\/","name":"Medicinas Inc","description":"Helsemedisinsk klinikk","potentialAction":[{"@type":"SearchAction","target":{"@type":"EntryPoint","urlTemplate":"https:\/\/medicinasinc.com\/no\/?s={search_term_string}"},"query-input":{"@type":"PropertyValueSpecification","valueRequired":true,"valueName":"search_term_string"}}],"inLanguage":"nn-NO"}]}},"_links":{"self":[{"href":"https:\/\/medicinasinc.com\/no\/wp-json\/wp\/v2\/product\/5890","targetHints":{"allow":["GET"]}}],"collection":[{"href":"https:\/\/medicinasinc.com\/no\/wp-json\/wp\/v2\/product"}],"about":[{"href":"https:\/\/medicinasinc.com\/no\/wp-json\/wp\/v2\/types\/product"}],"replies":[{"embeddable":true,"href":"https:\/\/medicinasinc.com\/no\/wp-json\/wp\/v2\/comments?post=5890"}],"wp:featuredmedia":[{"embeddable":true,"href":"https:\/\/medicinasinc.com\/no\/wp-json\/wp\/v2\/media\/5916"}],"wp:attachment":[{"href":"https:\/\/medicinasinc.com\/no\/wp-json\/wp\/v2\/media?parent=5890"}],"wp:term":[{"taxonomy":"product_brand","embeddable":true,"href":"https:\/\/medicinasinc.com\/no\/wp-json\/wp\/v2\/product_brand?post=5890"},{"taxonomy":"product_cat","embeddable":true,"href":"https:\/\/medicinasinc.com\/no\/wp-json\/wp\/v2\/product_cat?post=5890"},{"taxonomy":"product_tag","embeddable":true,"href":"https:\/\/medicinasinc.com\/no\/wp-json\/wp\/v2\/product_tag?post=5890"}],"curies":[{"name":"wp","href":"https:\/\/api.w.org\/{rel}","templated":true}]}}