{"id":5881,"date":"2022-02-22T07:53:30","date_gmt":"2022-02-22T07:53:30","guid":{"rendered":"https:\/\/medicinasinc.com\/no\/?post_type=product&#038;p=5881"},"modified":"2022-09-16T12:12:49","modified_gmt":"2022-09-16T12:12:49","slug":"kjop-dilaudid-8-mg","status":"publish","type":"product","link":"https:\/\/medicinasinc.com\/no\/product\/kjop-dilaudid-8-mg\/","title":{"rendered":"Kj\u00f8p Dilaudid 8 mg"},"content":{"rendered":"<p>Hydromorfon er en opioid smertemedisin som kan kj\u00f8pes p\u00e5 nettet. Et opioid omtales av og til som et narkotisk middel.<\/p>\n<p>Dilaudid 8 mg er et reseptbelagt legemiddel som brukes til \u00e5 behandle moderate til sterke smerter.<\/p>\n<p>Denne medisinen er tilgjengelig i en formulering med utvidet frigivelse for behandling av moderate til sterke smerter 24 timer i d\u00f8gnet. Denne doseringsformen av Dilaudid 8 mg er ikke beregnet for bruk etter behov for smerte.<\/p>\n<p>Hydromorfon Dilaudid 8 mg kan ogs\u00e5 brukes til andre bruksomr\u00e5der som ikke er inkludert i denne legemiddelveiledningen.<\/p>\n<p>Hva er den mest kritiske informasjonen jeg b\u00f8r v\u00e6re klar over ang\u00e5ende hydromorfon?<\/p>\n<p>Hvis du har alvorlige luftveisproblemer eller en blokkering i magen eller tarmen, b\u00f8r du ikke bruke hydromorfon.<\/p>\n<p>8 mg dilaudid Hydromorphone kan for\u00e5rsake raskt eller fullstendig pustestopp og kan utvikle en vane. For \u00e5 unng\u00e5 en potensielt d\u00f8delig dose, ta kun den foreskrevne dosen og svelg en forlenget pille hel. Gi aldri en annen person Dilaudid 8 mg.<\/p>\n<p>&nbsp;<\/p>\n<p>FEIL BRUK AV NARKOTISK MEDISIN KAN F\u00d8RE TIL AVHENGIGHET, OVERDOSE ELLER D\u00d8D, spesielt hos barn eller andre personer som f\u00e5r medisinen uten en resept.<\/p>\n<p>Hvis moren tok Dilaudid 8 mg under svangerskapet, kan det nyf\u00f8dte f\u00e5 livstruende abstinenssymptomer.<\/p>\n<p>Inntak alkoholholdige drikker.<\/p>\n<p>Der er en mulighet for farlige bivirkninger inkludert d\u00f8d.<\/p>\n<p>Hva b\u00f8r jeg diskutere med legen min f\u00f8r jeg starter behandling med hydromorfon?<\/p>\n<p>Du b\u00f8r ikke ta denne medisinen hvis du noen gang har hatt en negativ respons p\u00e5 hydromorfon eller annen narkotisk medisin, eller hvis du har noen av f\u00f8lgende tilstander:<\/p>\n<p>alvorlig astma eller pustevansker; en blokkering i magen eller tarmene; eller paralytisk ileus, en tarmobstruksjon.<\/p>\n<p>Hvis du har brukt en MAO-hemmer i l\u00f8pet av de siste 14 dagene, ikke ta Dilaudid 8 mg hydromorfon. En potensielt skadelig medikamentinteraksjon kan oppst\u00e5. Isokarboksazid, linezolid, metylenbl\u00e5tt injeksjon, fenelzin, rasagilin, selegilin og tranylcypromin er alle MAO-hemmere.<\/p>\n<p>Visse medisiner kan samhandle med hydromorfon, noe som resulterer i en potensielt d\u00f8delig sykdom kalt serotonergt syndrom. Kontroller at legen din er klar over eventuelle medisiner du tar for depresjon, psykisk sykdom, Parkinsons sykdom, migrene, alvorlige infeksjoner eller forebygging av kvalme og oppkast. R\u00e5df\u00f8r deg med legen din f\u00f8r du gj\u00f8r endringer i m\u00e5ten eller hvor ofte du tar medisinene dine.<\/p>\n<p>Det kan hende du ikke kan ta Dilaudid 8 mg hydromorfon hvis du ikke bruker opioid (narkotisk) smertestillende medisin og er tolerante for det. R\u00e5df\u00f8r deg med legen din hvis du er usikker p\u00e5 om du er opioidtolerant.<\/p>\n<p>For \u00e5 sikre at hydromorfon er trygt for deg, informer legen din dersom du har noen av f\u00f8lgende:<\/p>\n<p>noen type av pustevansker eller lungesykdom; en historie med hjernerystelse, hjernesvulst eller anfall; en historie med rusmisbruk, alkoholisme eller psykisk sykdom; vannlating problemer; lever- eller nyresykdom; sulfittallergi; Addisons sykdom eller andre binyresykdommer; problemer med gallebl\u00e6ren, bukspyttkjertelen eller skjoldbruskkjertelen; eller hvis du tar et beroligende middel som Valium (diazepam, alprazolam, lorazepam, Ativan, Klonopin, Restoril, Tranxene, Versed, Xanax og andre).<\/p>\n","protected":false},"excerpt":{"rendered":"<p>Kj\u00f8p dilaudid 8 mg for salg i Storbritannia, Europa, USA i v\u00e5r bestglobalmeds.com nettbutikk med rask levering over hele verden! Den beste Dilaudid 8 mg for bestilling finner du her!<\/p>\n<p><b>Dilaudid 8 mg Hydromorphone kan bremse eller stoppe pusten din, og kan v\u00e6re vanedannende.<\/b>\u00a0Bruk kun den foreskrevne dosen, og svelg en forlenget pille hel for \u00e5 unng\u00e5 en potensielt d\u00f8delig dose. Del aldri Dilaudid 8 mg med en annen person.<\/p>\n","protected":false},"featured_media":5909,"comment_status":"open","ping_status":"closed","template":"","meta":[],"product_brand":[],"product_cat":[1117],"product_tag":[4041,4038,4039,4040,4044,4042,4043],"class_list":{"0":"post-5881","1":"product","2":"type-product","3":"status-publish","4":"has-post-thumbnail","6":"product_cat-kjop-smerte-sove-sexpiller","7":"product_tag-bestille-dilaudid-8-mg-online","8":"product_tag-buy-dilaudid-8-mg-online","9":"product_tag-dilaudid-8-mg-til-salgs","10":"product_tag-how-to-buy-dilaudid-8-mg-online","11":"product_tag-hvor-kan-kjpe-dilaudid-8-mg-online","12":"product_tag-kjp-dilaudid-8-mg-online","13":"product_tag-the-bets-place-to-buy-dilaudid-8-mg-online","15":"first","16":"instock","17":"shipping-taxable","18":"purchasable","19":"product-type-variable"},"yoast_head":"<!-- This site is optimized with the Yoast SEO plugin v27.3 - https:\/\/yoast.com\/product\/yoast-seo-wordpress\/ -->\n<title>Kj\u00f8p Dilaudid 8 mg - Best Global Medicina<\/title>\n<meta name=\"description\" content=\"Kj\u00f8p dilaudid 8 mg for salg Storbritannia, Europa, USA i v\u00e5r bestglobalmeds.com nettbutikk med rask levering over hele verden! Den beste Dilaudid 8 mg for bestilling finner du her!\" \/>\n<meta name=\"robots\" content=\"index, follow, max-snippet:-1, max-image-preview:large, max-video-preview:-1\" \/>\n<link rel=\"canonical\" href=\"https:\/\/medicinasinc.com\/no\/product\/kjop-dilaudid-8-mg\/\" \/>\n<meta property=\"og:locale\" content=\"nn_NO\" \/>\n<meta property=\"og:type\" content=\"article\" \/>\n<meta property=\"og:title\" content=\"Kj\u00f8p Dilaudid 8 mg - Best Global Medicina\" \/>\n<meta property=\"og:description\" content=\"Kj\u00f8p dilaudid 8 mg for salg Storbritannia, Europa, USA i v\u00e5r bestglobalmeds.com nettbutikk med rask levering over hele verden! Den beste Dilaudid 8 mg for bestilling finner du her!\" \/>\n<meta property=\"og:url\" content=\"https:\/\/medicinasinc.com\/no\/product\/kjop-dilaudid-8-mg\/\" \/>\n<meta property=\"og:site_name\" content=\"Medicinas Inc\" \/>\n<meta property=\"article:modified_time\" content=\"2022-09-16T12:12:49+00:00\" \/>\n<meta property=\"og:image\" content=\"https:\/\/medicinasinc.com\/no\/wp-content\/uploads\/sites\/14\/2022\/02\/Dilaudid-8-mg.jpg\" \/>\n\t<meta property=\"og:image:width\" content=\"300\" \/>\n\t<meta property=\"og:image:height\" content=\"300\" \/>\n\t<meta property=\"og:image:type\" content=\"image\/jpeg\" \/>\n<meta name=\"twitter:card\" content=\"summary_large_image\" \/>\n<meta name=\"twitter:label1\" content=\"Est. reading time\" \/>\n\t<meta name=\"twitter:data1\" content=\"3 minutt\" \/>\n<script type=\"application\/ld+json\" class=\"yoast-schema-graph\">{\"@context\":\"https:\\\/\\\/schema.org\",\"@graph\":[{\"@type\":\"WebPage\",\"@id\":\"https:\\\/\\\/medicinasinc.com\\\/no\\\/product\\\/kjop-dilaudid-8-mg\\\/\",\"url\":\"https:\\\/\\\/medicinasinc.com\\\/no\\\/product\\\/kjop-dilaudid-8-mg\\\/\",\"name\":\"Kj\u00f8p Dilaudid 8 mg - Best Global Medicina\",\"isPartOf\":{\"@id\":\"https:\\\/\\\/medicinasinc.com\\\/no\\\/#website\"},\"primaryImageOfPage\":{\"@id\":\"https:\\\/\\\/medicinasinc.com\\\/no\\\/product\\\/kjop-dilaudid-8-mg\\\/#primaryimage\"},\"image\":{\"@id\":\"https:\\\/\\\/medicinasinc.com\\\/no\\\/product\\\/kjop-dilaudid-8-mg\\\/#primaryimage\"},\"thumbnailUrl\":\"https:\\\/\\\/medicinasinc.com\\\/no\\\/wp-content\\\/uploads\\\/sites\\\/14\\\/2022\\\/02\\\/Dilaudid-8-mg.jpg\",\"datePublished\":\"2022-02-22T07:53:30+00:00\",\"dateModified\":\"2022-09-16T12:12:49+00:00\",\"description\":\"Kj\u00f8p dilaudid 8 mg for salg Storbritannia, Europa, USA i v\u00e5r bestglobalmeds.com nettbutikk med rask levering over hele verden! Den beste Dilaudid 8 mg for bestilling finner du her!\",\"breadcrumb\":{\"@id\":\"https:\\\/\\\/medicinasinc.com\\\/no\\\/product\\\/kjop-dilaudid-8-mg\\\/#breadcrumb\"},\"inLanguage\":\"nn-NO\",\"potentialAction\":[{\"@type\":\"ReadAction\",\"target\":[\"https:\\\/\\\/medicinasinc.com\\\/no\\\/product\\\/kjop-dilaudid-8-mg\\\/\"]}]},{\"@type\":\"ImageObject\",\"inLanguage\":\"nn-NO\",\"@id\":\"https:\\\/\\\/medicinasinc.com\\\/no\\\/product\\\/kjop-dilaudid-8-mg\\\/#primaryimage\",\"url\":\"https:\\\/\\\/medicinasinc.com\\\/no\\\/wp-content\\\/uploads\\\/sites\\\/14\\\/2022\\\/02\\\/Dilaudid-8-mg.jpg\",\"contentUrl\":\"https:\\\/\\\/medicinasinc.com\\\/no\\\/wp-content\\\/uploads\\\/sites\\\/14\\\/2022\\\/02\\\/Dilaudid-8-mg.jpg\",\"width\":300,\"height\":300},{\"@type\":\"BreadcrumbList\",\"@id\":\"https:\\\/\\\/medicinasinc.com\\\/no\\\/product\\\/kjop-dilaudid-8-mg\\\/#breadcrumb\",\"itemListElement\":[{\"@type\":\"ListItem\",\"position\":1,\"name\":\"Butikk\",\"item\":\"https:\\\/\\\/medicinasinc.com\\\/no\\\/butikk\\\/\"},{\"@type\":\"ListItem\",\"position\":2,\"name\":\"Kj\u00f8p Dilaudid 8 mg\"}]},{\"@type\":\"WebSite\",\"@id\":\"https:\\\/\\\/medicinasinc.com\\\/no\\\/#website\",\"url\":\"https:\\\/\\\/medicinasinc.com\\\/no\\\/\",\"name\":\"Medicinas Inc\",\"description\":\"Helsemedisinsk klinikk\",\"potentialAction\":[{\"@type\":\"SearchAction\",\"target\":{\"@type\":\"EntryPoint\",\"urlTemplate\":\"https:\\\/\\\/medicinasinc.com\\\/no\\\/?s={search_term_string}\"},\"query-input\":{\"@type\":\"PropertyValueSpecification\",\"valueRequired\":true,\"valueName\":\"search_term_string\"}}],\"inLanguage\":\"nn-NO\"}]}<\/script>\n<!-- \/ Yoast SEO plugin. -->","yoast_head_json":{"title":"Kj\u00f8p Dilaudid 8 mg - Best Global Medicina","description":"Kj\u00f8p dilaudid 8 mg for salg Storbritannia, Europa, USA i v\u00e5r bestglobalmeds.com nettbutikk med rask levering over hele verden! Den beste Dilaudid 8 mg for bestilling finner du her!","robots":{"index":"index","follow":"follow","max-snippet":"max-snippet:-1","max-image-preview":"max-image-preview:large","max-video-preview":"max-video-preview:-1"},"canonical":"https:\/\/medicinasinc.com\/no\/product\/kjop-dilaudid-8-mg\/","og_locale":"nn_NO","og_type":"article","og_title":"Kj\u00f8p Dilaudid 8 mg - Best Global Medicina","og_description":"Kj\u00f8p dilaudid 8 mg for salg Storbritannia, Europa, USA i v\u00e5r bestglobalmeds.com nettbutikk med rask levering over hele verden! Den beste Dilaudid 8 mg for bestilling finner du her!","og_url":"https:\/\/medicinasinc.com\/no\/product\/kjop-dilaudid-8-mg\/","og_site_name":"Medicinas Inc","article_modified_time":"2022-09-16T12:12:49+00:00","og_image":[{"width":300,"height":300,"url":"https:\/\/medicinasinc.com\/no\/wp-content\/uploads\/sites\/14\/2022\/02\/Dilaudid-8-mg.jpg","type":"image\/jpeg"}],"twitter_card":"summary_large_image","twitter_misc":{"Est. reading time":"3 minutt"},"schema":{"@context":"https:\/\/schema.org","@graph":[{"@type":"WebPage","@id":"https:\/\/medicinasinc.com\/no\/product\/kjop-dilaudid-8-mg\/","url":"https:\/\/medicinasinc.com\/no\/product\/kjop-dilaudid-8-mg\/","name":"Kj\u00f8p Dilaudid 8 mg - Best Global Medicina","isPartOf":{"@id":"https:\/\/medicinasinc.com\/no\/#website"},"primaryImageOfPage":{"@id":"https:\/\/medicinasinc.com\/no\/product\/kjop-dilaudid-8-mg\/#primaryimage"},"image":{"@id":"https:\/\/medicinasinc.com\/no\/product\/kjop-dilaudid-8-mg\/#primaryimage"},"thumbnailUrl":"https:\/\/medicinasinc.com\/no\/wp-content\/uploads\/sites\/14\/2022\/02\/Dilaudid-8-mg.jpg","datePublished":"2022-02-22T07:53:30+00:00","dateModified":"2022-09-16T12:12:49+00:00","description":"Kj\u00f8p dilaudid 8 mg for salg Storbritannia, Europa, USA i v\u00e5r bestglobalmeds.com nettbutikk med rask levering over hele verden! Den beste Dilaudid 8 mg for bestilling finner du her!","breadcrumb":{"@id":"https:\/\/medicinasinc.com\/no\/product\/kjop-dilaudid-8-mg\/#breadcrumb"},"inLanguage":"nn-NO","potentialAction":[{"@type":"ReadAction","target":["https:\/\/medicinasinc.com\/no\/product\/kjop-dilaudid-8-mg\/"]}]},{"@type":"ImageObject","inLanguage":"nn-NO","@id":"https:\/\/medicinasinc.com\/no\/product\/kjop-dilaudid-8-mg\/#primaryimage","url":"https:\/\/medicinasinc.com\/no\/wp-content\/uploads\/sites\/14\/2022\/02\/Dilaudid-8-mg.jpg","contentUrl":"https:\/\/medicinasinc.com\/no\/wp-content\/uploads\/sites\/14\/2022\/02\/Dilaudid-8-mg.jpg","width":300,"height":300},{"@type":"BreadcrumbList","@id":"https:\/\/medicinasinc.com\/no\/product\/kjop-dilaudid-8-mg\/#breadcrumb","itemListElement":[{"@type":"ListItem","position":1,"name":"Butikk","item":"https:\/\/medicinasinc.com\/no\/butikk\/"},{"@type":"ListItem","position":2,"name":"Kj\u00f8p Dilaudid 8 mg"}]},{"@type":"WebSite","@id":"https:\/\/medicinasinc.com\/no\/#website","url":"https:\/\/medicinasinc.com\/no\/","name":"Medicinas Inc","description":"Helsemedisinsk klinikk","potentialAction":[{"@type":"SearchAction","target":{"@type":"EntryPoint","urlTemplate":"https:\/\/medicinasinc.com\/no\/?s={search_term_string}"},"query-input":{"@type":"PropertyValueSpecification","valueRequired":true,"valueName":"search_term_string"}}],"inLanguage":"nn-NO"}]}},"_links":{"self":[{"href":"https:\/\/medicinasinc.com\/no\/wp-json\/wp\/v2\/product\/5881","targetHints":{"allow":["GET"]}}],"collection":[{"href":"https:\/\/medicinasinc.com\/no\/wp-json\/wp\/v2\/product"}],"about":[{"href":"https:\/\/medicinasinc.com\/no\/wp-json\/wp\/v2\/types\/product"}],"replies":[{"embeddable":true,"href":"https:\/\/medicinasinc.com\/no\/wp-json\/wp\/v2\/comments?post=5881"}],"wp:featuredmedia":[{"embeddable":true,"href":"https:\/\/medicinasinc.com\/no\/wp-json\/wp\/v2\/media\/5909"}],"wp:attachment":[{"href":"https:\/\/medicinasinc.com\/no\/wp-json\/wp\/v2\/media?parent=5881"}],"wp:term":[{"taxonomy":"product_brand","embeddable":true,"href":"https:\/\/medicinasinc.com\/no\/wp-json\/wp\/v2\/product_brand?post=5881"},{"taxonomy":"product_cat","embeddable":true,"href":"https:\/\/medicinasinc.com\/no\/wp-json\/wp\/v2\/product_cat?post=5881"},{"taxonomy":"product_tag","embeddable":true,"href":"https:\/\/medicinasinc.com\/no\/wp-json\/wp\/v2\/product_tag?post=5881"}],"curies":[{"name":"wp","href":"https:\/\/api.w.org\/{rel}","templated":true}]}}