{"id":5875,"date":"2022-02-22T07:46:55","date_gmt":"2022-02-22T07:46:55","guid":{"rendered":"https:\/\/medicinasinc.com\/no\/?post_type=product&#038;p=5875"},"modified":"2022-03-22T00:40:56","modified_gmt":"2022-03-22T00:40:56","slug":"kjop-gamma-butyrolakton","status":"publish","type":"product","link":"https:\/\/medicinasinc.com\/no\/product\/kjop-gamma-butyrolakton\/","title":{"rendered":"Kj\u00f8p Gamma-Butyrolactone"},"content":{"rendered":"<p>Gamma-Butyrolactone (-butyrolactone eller GBL) er en hvit hygroskopisk v\u00e6ske med en svak karakteristisk lukt som er vannl\u00f8selig. GBL er et mye brukt l\u00f8semiddel og reagens i kjemi, i tillegg til et smaksstoff, et rengj\u00f8ringsmiddel, en superlimfjerner og et l\u00f8semiddel i noen v\u00e5te aluminiumelektrolytiske kondensatorer.<\/p>\n<p>Kj\u00f8p gamma\u2013butyrolakton (GBL) 1,0 mg\/ml i acetonitrilreferansestandarder avledet fra GHB og lignende forbindelser. Kj\u00f8pes p\u00e5 nett<\/p>\n<p>Gamma-butyrolakton til salgs p\u00e5 nettet, gbl (gamma-butyrolakton) til salgs, gamma-butyrolakton til salgs i Storbritannia, rensemiddel for gamma-butyrolakton til salgs<\/p>\n<p>Det fungerer som en forl\u00f8per til GHB i mennesker og brukes som rekreasjonsrus med effekter som kan sammenlignes med alkohol.<\/p>\n<p>GBL er p\u00e5vist i ekstrakter fra rene vinpr\u00f8ver. Denne forskningen antyder at GBL forekommer naturlig i enkelte viner og kan v\u00e6re tilstede i sammenlignbare produkter. Den oppdagede konsentrasjonen var rundt 5 g\/ml, som ganske enkelt ble bestemt ved \u00e5 bruke en enkel ekstraksjonstiln\u00e6rming etterfulgt av GC\/MS-analyse.<\/p>\n<p>GBL kan p\u00e5vises i ostesmak, men det endelige matproduktet har normalt mindre enn 0,0002 prosent GBL.<\/p>\n<p>GBL er klassifisert som et lakton. Det hydrolyseres til natrium-gamma-hydroksybutyrat, natriumsaltet av gamma-hydroksysm\u00f8rsyre, under basiske forhold, for eksempel i en natriumhydroksidl\u00f8sning. Det genererer en likevektskombinasjon av begge kjemikaliene under sure omstendigheter. Etter det kan disse kjemikaliene kombineres for \u00e5 lage en polymer. N\u00e5r en ikke-nukleofil base, som litiumdiisopropylamid, brukes, har<\/p>\n<p>GBL potensial til \u00e5 fungere som en alfa-karbonnukleofil. Kaprolakton, et lignende kjemikalie, kan brukes p\u00e5 denne m\u00e5ten for \u00e5 lage en polyester.<\/p>\n<p>GBL er ikke et aktivt stoff i seg selv; dens virkningsmekanisme er avledet fra dens status som et prodrug av GHB. GHBs hypnotiske effekt forsterkes n\u00e5r det kombineres med alkohol. I en rottestudie fra 2003 ble GBL funnet \u00e5 ha en forsterket hypnotisk effekt n\u00e5r det ble kombinert med etanol, da s\u00f8vntidsm\u00e5lingen var lengre enn summen av de to uavhengige komponentene.<\/p>\n","protected":false},"excerpt":{"rendered":"<p>Du kan kj\u00f8pe Gamma-Butyrolactone fra leverand\u00f8rer vi stoler p\u00e5, og vi samarbeider med disse leverand\u00f8rene for \u00e5 f\u00e5 tilgang til \u00e5 kj\u00f8pe Gamma-Butyrolactone for Sale Storbritannia, Europa<\/p>\n<p>Alle pyrrolidoner syntetiseres ved \u00e5 bruke GBL som et kjemisk mellomledd . Den kan brukes til \u00e5 lage insektmidler, ugressmidler og vekstregulatorer for planter.<\/p>\n","protected":false},"featured_media":5885,"comment_status":"open","ping_status":"closed","template":"","meta":[],"product_brand":[],"product_cat":[2014],"product_tag":[4034,4031,4036,4032,4037,4033,4035],"class_list":{"0":"post-5875","1":"product","2":"type-product","3":"status-publish","4":"has-post-thumbnail","6":"product_cat-kjpe-forskning-kjemikalier","7":"product_tag-bestille-gamma-butyrolactone-online","8":"product_tag-buy-gamma-butyrolactone-online","9":"product_tag-det-beste-stedet--kjpe-gamma-butyrolakton-online","10":"product_tag-gamma-butyrolakton-til-salg","11":"product_tag-hvor-kan-kjpes-gamma-butyrolakton-online","12":"product_tag-hvordan-kj-c3-b8pe-gamma-butyrolactone-online","13":"product_tag-kjp-gamma-butyrolakton-online","15":"first","16":"instock","17":"featured","18":"shipping-taxable","19":"purchasable","20":"product-type-variable"},"yoast_head":"<!-- This site is optimized with the Yoast SEO plugin v27.3 - https:\/\/yoast.com\/product\/yoast-seo-wordpress\/ -->\n<title>Kj\u00f8p Gamma-Butyrolactone - Beste beste globale medisiner<\/title>\n<meta name=\"description\" content=\"Du kan kj\u00f8pe Gamma-Butyrolactone fra leverand\u00f8rer vi stoler p\u00e5, og vi samarbeider med disse leverand\u00f8rene for \u00e5 f\u00e5 tilgang til \u00e5 kj\u00f8pe Gamma-Butyrolactone for Sale UK, Europe\" \/>\n<meta name=\"robots\" content=\"index, follow, max-snippet:-1, max-image-preview:large, max-video-preview:-1\" \/>\n<link rel=\"canonical\" href=\"https:\/\/medicinasinc.com\/no\/product\/kjop-gamma-butyrolakton\/\" \/>\n<meta property=\"og:locale\" content=\"nn_NO\" \/>\n<meta property=\"og:type\" content=\"article\" \/>\n<meta property=\"og:title\" content=\"Kj\u00f8p Gamma-Butyrolactone - Beste beste globale medisiner\" \/>\n<meta property=\"og:description\" content=\"Du kan kj\u00f8pe Gamma-Butyrolactone fra leverand\u00f8rer vi stoler p\u00e5, og vi samarbeider med disse leverand\u00f8rene for \u00e5 f\u00e5 tilgang til \u00e5 kj\u00f8pe Gamma-Butyrolactone for Sale UK, Europe\" \/>\n<meta property=\"og:url\" content=\"https:\/\/medicinasinc.com\/no\/product\/kjop-gamma-butyrolakton\/\" \/>\n<meta property=\"og:site_name\" content=\"Medicinas Inc\" \/>\n<meta property=\"article:modified_time\" content=\"2022-03-22T00:40:56+00:00\" \/>\n<meta property=\"og:image\" content=\"https:\/\/medicinasinc.com\/no\/wp-content\/uploads\/sites\/14\/2022\/02\/Buy-Gamma-Butyrolactone.jpg\" \/>\n\t<meta property=\"og:image:width\" content=\"500\" \/>\n\t<meta property=\"og:image:height\" content=\"500\" \/>\n\t<meta property=\"og:image:type\" content=\"image\/jpeg\" \/>\n<meta name=\"twitter:card\" content=\"summary_large_image\" \/>\n<meta name=\"twitter:label1\" content=\"Est. reading time\" \/>\n\t<meta name=\"twitter:data1\" content=\"2 minutt\" \/>\n<script type=\"application\/ld+json\" class=\"yoast-schema-graph\">{\"@context\":\"https:\\\/\\\/schema.org\",\"@graph\":[{\"@type\":\"WebPage\",\"@id\":\"https:\\\/\\\/medicinasinc.com\\\/no\\\/product\\\/kjop-gamma-butyrolakton\\\/\",\"url\":\"https:\\\/\\\/medicinasinc.com\\\/no\\\/product\\\/kjop-gamma-butyrolakton\\\/\",\"name\":\"Kj\u00f8p Gamma-Butyrolactone - Beste beste globale medisiner\",\"isPartOf\":{\"@id\":\"https:\\\/\\\/medicinasinc.com\\\/no\\\/#website\"},\"primaryImageOfPage\":{\"@id\":\"https:\\\/\\\/medicinasinc.com\\\/no\\\/product\\\/kjop-gamma-butyrolakton\\\/#primaryimage\"},\"image\":{\"@id\":\"https:\\\/\\\/medicinasinc.com\\\/no\\\/product\\\/kjop-gamma-butyrolakton\\\/#primaryimage\"},\"thumbnailUrl\":\"https:\\\/\\\/medicinasinc.com\\\/no\\\/wp-content\\\/uploads\\\/sites\\\/14\\\/2022\\\/02\\\/Buy-Gamma-Butyrolactone.jpg\",\"datePublished\":\"2022-02-22T07:46:55+00:00\",\"dateModified\":\"2022-03-22T00:40:56+00:00\",\"description\":\"Du kan kj\u00f8pe Gamma-Butyrolactone fra leverand\u00f8rer vi stoler p\u00e5, og vi samarbeider med disse leverand\u00f8rene for \u00e5 f\u00e5 tilgang til \u00e5 kj\u00f8pe Gamma-Butyrolactone for Sale UK, Europe\",\"breadcrumb\":{\"@id\":\"https:\\\/\\\/medicinasinc.com\\\/no\\\/product\\\/kjop-gamma-butyrolakton\\\/#breadcrumb\"},\"inLanguage\":\"nn-NO\",\"potentialAction\":[{\"@type\":\"ReadAction\",\"target\":[\"https:\\\/\\\/medicinasinc.com\\\/no\\\/product\\\/kjop-gamma-butyrolakton\\\/\"]}]},{\"@type\":\"ImageObject\",\"inLanguage\":\"nn-NO\",\"@id\":\"https:\\\/\\\/medicinasinc.com\\\/no\\\/product\\\/kjop-gamma-butyrolakton\\\/#primaryimage\",\"url\":\"https:\\\/\\\/medicinasinc.com\\\/no\\\/wp-content\\\/uploads\\\/sites\\\/14\\\/2022\\\/02\\\/Buy-Gamma-Butyrolactone.jpg\",\"contentUrl\":\"https:\\\/\\\/medicinasinc.com\\\/no\\\/wp-content\\\/uploads\\\/sites\\\/14\\\/2022\\\/02\\\/Buy-Gamma-Butyrolactone.jpg\",\"width\":500,\"height\":500},{\"@type\":\"BreadcrumbList\",\"@id\":\"https:\\\/\\\/medicinasinc.com\\\/no\\\/product\\\/kjop-gamma-butyrolakton\\\/#breadcrumb\",\"itemListElement\":[{\"@type\":\"ListItem\",\"position\":1,\"name\":\"Butikk\",\"item\":\"https:\\\/\\\/medicinasinc.com\\\/no\\\/butikk\\\/\"},{\"@type\":\"ListItem\",\"position\":2,\"name\":\"Kj\u00f8p Gamma-Butyrolactone\"}]},{\"@type\":\"WebSite\",\"@id\":\"https:\\\/\\\/medicinasinc.com\\\/no\\\/#website\",\"url\":\"https:\\\/\\\/medicinasinc.com\\\/no\\\/\",\"name\":\"Medicinas Inc\",\"description\":\"Helsemedisinsk klinikk\",\"potentialAction\":[{\"@type\":\"SearchAction\",\"target\":{\"@type\":\"EntryPoint\",\"urlTemplate\":\"https:\\\/\\\/medicinasinc.com\\\/no\\\/?s={search_term_string}\"},\"query-input\":{\"@type\":\"PropertyValueSpecification\",\"valueRequired\":true,\"valueName\":\"search_term_string\"}}],\"inLanguage\":\"nn-NO\"}]}<\/script>\n<!-- \/ Yoast SEO plugin. -->","yoast_head_json":{"title":"Kj\u00f8p Gamma-Butyrolactone - Beste beste globale medisiner","description":"Du kan kj\u00f8pe Gamma-Butyrolactone fra leverand\u00f8rer vi stoler p\u00e5, og vi samarbeider med disse leverand\u00f8rene for \u00e5 f\u00e5 tilgang til \u00e5 kj\u00f8pe Gamma-Butyrolactone for Sale UK, Europe","robots":{"index":"index","follow":"follow","max-snippet":"max-snippet:-1","max-image-preview":"max-image-preview:large","max-video-preview":"max-video-preview:-1"},"canonical":"https:\/\/medicinasinc.com\/no\/product\/kjop-gamma-butyrolakton\/","og_locale":"nn_NO","og_type":"article","og_title":"Kj\u00f8p Gamma-Butyrolactone - Beste beste globale medisiner","og_description":"Du kan kj\u00f8pe Gamma-Butyrolactone fra leverand\u00f8rer vi stoler p\u00e5, og vi samarbeider med disse leverand\u00f8rene for \u00e5 f\u00e5 tilgang til \u00e5 kj\u00f8pe Gamma-Butyrolactone for Sale UK, Europe","og_url":"https:\/\/medicinasinc.com\/no\/product\/kjop-gamma-butyrolakton\/","og_site_name":"Medicinas Inc","article_modified_time":"2022-03-22T00:40:56+00:00","og_image":[{"width":500,"height":500,"url":"https:\/\/medicinasinc.com\/no\/wp-content\/uploads\/sites\/14\/2022\/02\/Buy-Gamma-Butyrolactone.jpg","type":"image\/jpeg"}],"twitter_card":"summary_large_image","twitter_misc":{"Est. reading time":"2 minutt"},"schema":{"@context":"https:\/\/schema.org","@graph":[{"@type":"WebPage","@id":"https:\/\/medicinasinc.com\/no\/product\/kjop-gamma-butyrolakton\/","url":"https:\/\/medicinasinc.com\/no\/product\/kjop-gamma-butyrolakton\/","name":"Kj\u00f8p Gamma-Butyrolactone - Beste beste globale medisiner","isPartOf":{"@id":"https:\/\/medicinasinc.com\/no\/#website"},"primaryImageOfPage":{"@id":"https:\/\/medicinasinc.com\/no\/product\/kjop-gamma-butyrolakton\/#primaryimage"},"image":{"@id":"https:\/\/medicinasinc.com\/no\/product\/kjop-gamma-butyrolakton\/#primaryimage"},"thumbnailUrl":"https:\/\/medicinasinc.com\/no\/wp-content\/uploads\/sites\/14\/2022\/02\/Buy-Gamma-Butyrolactone.jpg","datePublished":"2022-02-22T07:46:55+00:00","dateModified":"2022-03-22T00:40:56+00:00","description":"Du kan kj\u00f8pe Gamma-Butyrolactone fra leverand\u00f8rer vi stoler p\u00e5, og vi samarbeider med disse leverand\u00f8rene for \u00e5 f\u00e5 tilgang til \u00e5 kj\u00f8pe Gamma-Butyrolactone for Sale UK, Europe","breadcrumb":{"@id":"https:\/\/medicinasinc.com\/no\/product\/kjop-gamma-butyrolakton\/#breadcrumb"},"inLanguage":"nn-NO","potentialAction":[{"@type":"ReadAction","target":["https:\/\/medicinasinc.com\/no\/product\/kjop-gamma-butyrolakton\/"]}]},{"@type":"ImageObject","inLanguage":"nn-NO","@id":"https:\/\/medicinasinc.com\/no\/product\/kjop-gamma-butyrolakton\/#primaryimage","url":"https:\/\/medicinasinc.com\/no\/wp-content\/uploads\/sites\/14\/2022\/02\/Buy-Gamma-Butyrolactone.jpg","contentUrl":"https:\/\/medicinasinc.com\/no\/wp-content\/uploads\/sites\/14\/2022\/02\/Buy-Gamma-Butyrolactone.jpg","width":500,"height":500},{"@type":"BreadcrumbList","@id":"https:\/\/medicinasinc.com\/no\/product\/kjop-gamma-butyrolakton\/#breadcrumb","itemListElement":[{"@type":"ListItem","position":1,"name":"Butikk","item":"https:\/\/medicinasinc.com\/no\/butikk\/"},{"@type":"ListItem","position":2,"name":"Kj\u00f8p Gamma-Butyrolactone"}]},{"@type":"WebSite","@id":"https:\/\/medicinasinc.com\/no\/#website","url":"https:\/\/medicinasinc.com\/no\/","name":"Medicinas Inc","description":"Helsemedisinsk klinikk","potentialAction":[{"@type":"SearchAction","target":{"@type":"EntryPoint","urlTemplate":"https:\/\/medicinasinc.com\/no\/?s={search_term_string}"},"query-input":{"@type":"PropertyValueSpecification","valueRequired":true,"valueName":"search_term_string"}}],"inLanguage":"nn-NO"}]}},"_links":{"self":[{"href":"https:\/\/medicinasinc.com\/no\/wp-json\/wp\/v2\/product\/5875","targetHints":{"allow":["GET"]}}],"collection":[{"href":"https:\/\/medicinasinc.com\/no\/wp-json\/wp\/v2\/product"}],"about":[{"href":"https:\/\/medicinasinc.com\/no\/wp-json\/wp\/v2\/types\/product"}],"replies":[{"embeddable":true,"href":"https:\/\/medicinasinc.com\/no\/wp-json\/wp\/v2\/comments?post=5875"}],"wp:featuredmedia":[{"embeddable":true,"href":"https:\/\/medicinasinc.com\/no\/wp-json\/wp\/v2\/media\/5885"}],"wp:attachment":[{"href":"https:\/\/medicinasinc.com\/no\/wp-json\/wp\/v2\/media?parent=5875"}],"wp:term":[{"taxonomy":"product_brand","embeddable":true,"href":"https:\/\/medicinasinc.com\/no\/wp-json\/wp\/v2\/product_brand?post=5875"},{"taxonomy":"product_cat","embeddable":true,"href":"https:\/\/medicinasinc.com\/no\/wp-json\/wp\/v2\/product_cat?post=5875"},{"taxonomy":"product_tag","embeddable":true,"href":"https:\/\/medicinasinc.com\/no\/wp-json\/wp\/v2\/product_tag?post=5875"}],"curies":[{"name":"wp","href":"https:\/\/api.w.org\/{rel}","templated":true}]}}