{"id":5870,"date":"2022-02-22T07:42:43","date_gmt":"2022-02-22T07:42:43","guid":{"rendered":"https:\/\/medicinasinc.com\/no\/?post_type=product&#038;p=5870"},"modified":"2022-03-22T00:41:08","modified_gmt":"2022-03-22T00:41:08","slug":"kjop-3-cmc-krystall","status":"publish","type":"product","link":"https:\/\/medicinasinc.com\/no\/product\/kjop-3-cmc-krystall\/","title":{"rendered":"Kj\u00f8p 3-cmc krystall"},"content":{"rendered":"<p>Kj\u00f8p 3-CMC CRYSTAL, kj\u00f8p 3 CMC CRYSTAL, kj\u00f8p 3 CMC CRYSTAL, kj\u00f8p 3-CMC CRYSTAL<\/p>\n<p>CRYSTAL OF 3-CMC, Det er n\u00e5 s\u00e5 mange katinoner tilgjengelig, som det fremg\u00e5r av en tr\u00e5d der brukere gjennomgikk sine erfaringer med alt de har pr\u00f8vd. Uten \u00e5 g\u00e5 i dybden om hver av dem, her er min rangering:<br \/> bk-MDMA (Methylone) &gt; bk-MBDB (butylone) &gt; 4-MEC &gt; MABP (Buphedrone)<\/p>\n<p>De eneste jeg noen gang kunne tenke meg \u00e5 eie igjen er den beryktede Mephedrone og Methylone, som begge har v\u00e6rt mer eller mindre forbudt globalt de siste \u00e5rene.<\/p>\n<p>Jeg fikk tak i denne rangeringen fra noen som er godt kunnskapsrik om denne klassen av RC-er, som jeg syntes var spennende:<\/p>\n<p>KRYSTALLFORM AV 3-CMC, 4-MMC &gt; bk-MDMA &gt; 4-CMC &gt; 3-CMC &gt; 3-MMC &gt; 5-metyl-etylon &gt; Butylon &gt; Etylone<br \/> Denne &laquo;Clephedrone&raquo; (4-CMC) som ikke har gjort noen stor innvirkning p\u00e5 RC-markedet ser ut til \u00e5 v\u00e6re fine greier. Og, AFAIK, ikke spesifikt planlagt p\u00e5 de fleste steder. Sikkerhetsprofilen er imidlertid stort sett ukjent, og mange er redde, ettersom amfetaminanalogen, 4-CA, er kjent for \u00e5 v\u00e6re ekstremt nevrotoksisk.<\/p>\n<p>De eneste jeg noen gang ville vurdert \u00e5 ha igjen er beryktede Mephedrone og Methylone, som begge har v\u00e6rt mer eller mindre forbudt globalt de siste \u00e5rene.<br \/> Jeg fikk denne rangeringen fra noen som er godt kunnskapsrik om denne klassen av RC-er, som jeg syntes var spennende:<\/p>\n<p>KRYSTALLFORM AV 3-CMC, 4-MMC &gt; bk-MDMA &gt; 4-CMC &gt; 3-CMC &gt; 3-MMC &gt; 5-metyl-etylon &gt; Butylon &gt; Etylone<br \/> Denne &laquo;Clephedrone&raquo; (4-CMC) som ikke har gjort noen stor innvirkning p\u00e5 RC-markedet ser ut til \u00e5 v\u00e6re fine greier. Og, AFAIK, ikke spesifikt planlagt p\u00e5 de fleste steder. Sikkerhetsprofilen er imidlertid stort sett ukjent, og mange er redde, siden amfetaminanalogen, 4-CA, er kjent for \u00e5 v\u00e6re ekstremt nevrotoksisk.<\/p>\n","protected":false},"excerpt":{"rendered":"<p>Kj\u00f8p 3-CMC CRYSTAL Powder for salg i Storbritannia, Europa i v\u00e5r bestglobalmeds.com nettbutikk med rask levering over hele verden! Den beste 3-CMC CRYSTAL for bestilling finner du her!<\/p>\n<p>bk-MDMA &gt; 4-CMC &gt; 3-CMC &gt; 3-MMC &gt; 5-metyl-etylon &gt; Butylon &gt; Etylon<br \/> If\u00f8lge rapporter er denne &#8220;Clephedrone&#8221; (4-CMC) som ikke har gjort en stor tilstedev\u00e6relse p\u00e5 RC-markedet er faktisk ganske bra. Og, AFAIK, ikke spesifikt planlagt p\u00e5 de fleste steder. Selv om sikkerhetsprofilen hovedsakelig er ukjent,<\/p>\n","protected":false},"featured_media":5880,"comment_status":"open","ping_status":"closed","template":"","meta":[],"product_brand":[],"product_cat":[2014],"product_tag":[4024,4027,4029,4026,4030,4028,4025],"class_list":{"0":"post-5870","1":"product","2":"type-product","3":"status-publish","4":"has-post-thumbnail","6":"product_cat-kjpe-forskning-kjemikalier","7":"product_tag-3-cmc-krystall-til-salg","8":"product_tag-bestill-3-cmc-crystal-online","9":"product_tag-det-beste-stedet--kjpe-3-cmc-crystal-online","10":"product_tag-how-to-buy-3-cmc-crystal-online","11":"product_tag-hvor-kan-kjpe-3-cmc-crystal-online","12":"product_tag-kjp-3-cmc-crystal-online","13":"product_tag-kjp-3-cmc-krystall-online","15":"first","16":"instock","17":"featured","18":"shipping-taxable","19":"purchasable","20":"product-type-variable"},"yoast_head":"<!-- This site is optimized with the Yoast SEO plugin v27.3 - https:\/\/yoast.com\/product\/yoast-seo-wordpress\/ -->\n<title>Kj\u00f8p 3-cmc krystall - Beat Best Global Meds<\/title>\n<meta name=\"description\" content=\"Kj\u00f8p 3-CMC CRYSTAL Powder til salgs Storbritannia, Europa i v\u00e5r bestglobalmeds.com nettbutikk med rask levering over hele verden! Den beste 3-CMC CRYSTAL for bestilling finner du her!\" \/>\n<meta name=\"robots\" content=\"index, follow, max-snippet:-1, max-image-preview:large, max-video-preview:-1\" \/>\n<link rel=\"canonical\" href=\"https:\/\/medicinasinc.com\/no\/product\/kjop-3-cmc-krystall\/\" \/>\n<meta property=\"og:locale\" content=\"nn_NO\" \/>\n<meta property=\"og:type\" content=\"article\" \/>\n<meta property=\"og:title\" content=\"Kj\u00f8p 3-cmc krystall - Beat Best Global Meds\" \/>\n<meta property=\"og:description\" content=\"Kj\u00f8p 3-CMC CRYSTAL Powder til salgs Storbritannia, Europa i v\u00e5r bestglobalmeds.com nettbutikk med rask levering over hele verden! Den beste 3-CMC CRYSTAL for bestilling finner du her!\" \/>\n<meta property=\"og:url\" content=\"https:\/\/medicinasinc.com\/no\/product\/kjop-3-cmc-krystall\/\" \/>\n<meta property=\"og:site_name\" content=\"Medicinas Inc\" \/>\n<meta property=\"article:modified_time\" content=\"2022-03-22T00:41:08+00:00\" \/>\n<meta property=\"og:image\" content=\"https:\/\/medicinasinc.com\/no\/wp-content\/uploads\/sites\/14\/2022\/02\/Buy-3-CMC-CRYSTAL.jpg\" \/>\n\t<meta property=\"og:image:width\" content=\"720\" \/>\n\t<meta property=\"og:image:height\" content=\"600\" \/>\n\t<meta property=\"og:image:type\" content=\"image\/jpeg\" \/>\n<meta name=\"twitter:card\" content=\"summary_large_image\" \/>\n<meta name=\"twitter:label1\" content=\"Est. reading time\" \/>\n\t<meta name=\"twitter:data1\" content=\"2 minutt\" \/>\n<script type=\"application\/ld+json\" class=\"yoast-schema-graph\">{\"@context\":\"https:\\\/\\\/schema.org\",\"@graph\":[{\"@type\":\"WebPage\",\"@id\":\"https:\\\/\\\/medicinasinc.com\\\/no\\\/product\\\/kjop-3-cmc-krystall\\\/\",\"url\":\"https:\\\/\\\/medicinasinc.com\\\/no\\\/product\\\/kjop-3-cmc-krystall\\\/\",\"name\":\"Kj\u00f8p 3-cmc krystall - Beat Best Global Meds\",\"isPartOf\":{\"@id\":\"https:\\\/\\\/medicinasinc.com\\\/no\\\/#website\"},\"primaryImageOfPage\":{\"@id\":\"https:\\\/\\\/medicinasinc.com\\\/no\\\/product\\\/kjop-3-cmc-krystall\\\/#primaryimage\"},\"image\":{\"@id\":\"https:\\\/\\\/medicinasinc.com\\\/no\\\/product\\\/kjop-3-cmc-krystall\\\/#primaryimage\"},\"thumbnailUrl\":\"https:\\\/\\\/medicinasinc.com\\\/no\\\/wp-content\\\/uploads\\\/sites\\\/14\\\/2022\\\/02\\\/Buy-3-CMC-CRYSTAL.jpg\",\"datePublished\":\"2022-02-22T07:42:43+00:00\",\"dateModified\":\"2022-03-22T00:41:08+00:00\",\"description\":\"Kj\u00f8p 3-CMC CRYSTAL Powder til salgs Storbritannia, Europa i v\u00e5r bestglobalmeds.com nettbutikk med rask levering over hele verden! Den beste 3-CMC CRYSTAL for bestilling finner du her!\",\"breadcrumb\":{\"@id\":\"https:\\\/\\\/medicinasinc.com\\\/no\\\/product\\\/kjop-3-cmc-krystall\\\/#breadcrumb\"},\"inLanguage\":\"nn-NO\",\"potentialAction\":[{\"@type\":\"ReadAction\",\"target\":[\"https:\\\/\\\/medicinasinc.com\\\/no\\\/product\\\/kjop-3-cmc-krystall\\\/\"]}]},{\"@type\":\"ImageObject\",\"inLanguage\":\"nn-NO\",\"@id\":\"https:\\\/\\\/medicinasinc.com\\\/no\\\/product\\\/kjop-3-cmc-krystall\\\/#primaryimage\",\"url\":\"https:\\\/\\\/medicinasinc.com\\\/no\\\/wp-content\\\/uploads\\\/sites\\\/14\\\/2022\\\/02\\\/Buy-3-CMC-CRYSTAL.jpg\",\"contentUrl\":\"https:\\\/\\\/medicinasinc.com\\\/no\\\/wp-content\\\/uploads\\\/sites\\\/14\\\/2022\\\/02\\\/Buy-3-CMC-CRYSTAL.jpg\",\"width\":720,\"height\":600},{\"@type\":\"BreadcrumbList\",\"@id\":\"https:\\\/\\\/medicinasinc.com\\\/no\\\/product\\\/kjop-3-cmc-krystall\\\/#breadcrumb\",\"itemListElement\":[{\"@type\":\"ListItem\",\"position\":1,\"name\":\"Butikk\",\"item\":\"https:\\\/\\\/medicinasinc.com\\\/no\\\/butikk\\\/\"},{\"@type\":\"ListItem\",\"position\":2,\"name\":\"Kj\u00f8p 3-cmc krystall\"}]},{\"@type\":\"WebSite\",\"@id\":\"https:\\\/\\\/medicinasinc.com\\\/no\\\/#website\",\"url\":\"https:\\\/\\\/medicinasinc.com\\\/no\\\/\",\"name\":\"Medicinas Inc\",\"description\":\"Helsemedisinsk klinikk\",\"potentialAction\":[{\"@type\":\"SearchAction\",\"target\":{\"@type\":\"EntryPoint\",\"urlTemplate\":\"https:\\\/\\\/medicinasinc.com\\\/no\\\/?s={search_term_string}\"},\"query-input\":{\"@type\":\"PropertyValueSpecification\",\"valueRequired\":true,\"valueName\":\"search_term_string\"}}],\"inLanguage\":\"nn-NO\"}]}<\/script>\n<!-- \/ Yoast SEO plugin. -->","yoast_head_json":{"title":"Kj\u00f8p 3-cmc krystall - Beat Best Global Meds","description":"Kj\u00f8p 3-CMC CRYSTAL Powder til salgs Storbritannia, Europa i v\u00e5r bestglobalmeds.com nettbutikk med rask levering over hele verden! Den beste 3-CMC CRYSTAL for bestilling finner du her!","robots":{"index":"index","follow":"follow","max-snippet":"max-snippet:-1","max-image-preview":"max-image-preview:large","max-video-preview":"max-video-preview:-1"},"canonical":"https:\/\/medicinasinc.com\/no\/product\/kjop-3-cmc-krystall\/","og_locale":"nn_NO","og_type":"article","og_title":"Kj\u00f8p 3-cmc krystall - Beat Best Global Meds","og_description":"Kj\u00f8p 3-CMC CRYSTAL Powder til salgs Storbritannia, Europa i v\u00e5r bestglobalmeds.com nettbutikk med rask levering over hele verden! Den beste 3-CMC CRYSTAL for bestilling finner du her!","og_url":"https:\/\/medicinasinc.com\/no\/product\/kjop-3-cmc-krystall\/","og_site_name":"Medicinas Inc","article_modified_time":"2022-03-22T00:41:08+00:00","og_image":[{"width":720,"height":600,"url":"https:\/\/medicinasinc.com\/no\/wp-content\/uploads\/sites\/14\/2022\/02\/Buy-3-CMC-CRYSTAL.jpg","type":"image\/jpeg"}],"twitter_card":"summary_large_image","twitter_misc":{"Est. reading time":"2 minutt"},"schema":{"@context":"https:\/\/schema.org","@graph":[{"@type":"WebPage","@id":"https:\/\/medicinasinc.com\/no\/product\/kjop-3-cmc-krystall\/","url":"https:\/\/medicinasinc.com\/no\/product\/kjop-3-cmc-krystall\/","name":"Kj\u00f8p 3-cmc krystall - Beat Best Global Meds","isPartOf":{"@id":"https:\/\/medicinasinc.com\/no\/#website"},"primaryImageOfPage":{"@id":"https:\/\/medicinasinc.com\/no\/product\/kjop-3-cmc-krystall\/#primaryimage"},"image":{"@id":"https:\/\/medicinasinc.com\/no\/product\/kjop-3-cmc-krystall\/#primaryimage"},"thumbnailUrl":"https:\/\/medicinasinc.com\/no\/wp-content\/uploads\/sites\/14\/2022\/02\/Buy-3-CMC-CRYSTAL.jpg","datePublished":"2022-02-22T07:42:43+00:00","dateModified":"2022-03-22T00:41:08+00:00","description":"Kj\u00f8p 3-CMC CRYSTAL Powder til salgs Storbritannia, Europa i v\u00e5r bestglobalmeds.com nettbutikk med rask levering over hele verden! Den beste 3-CMC CRYSTAL for bestilling finner du her!","breadcrumb":{"@id":"https:\/\/medicinasinc.com\/no\/product\/kjop-3-cmc-krystall\/#breadcrumb"},"inLanguage":"nn-NO","potentialAction":[{"@type":"ReadAction","target":["https:\/\/medicinasinc.com\/no\/product\/kjop-3-cmc-krystall\/"]}]},{"@type":"ImageObject","inLanguage":"nn-NO","@id":"https:\/\/medicinasinc.com\/no\/product\/kjop-3-cmc-krystall\/#primaryimage","url":"https:\/\/medicinasinc.com\/no\/wp-content\/uploads\/sites\/14\/2022\/02\/Buy-3-CMC-CRYSTAL.jpg","contentUrl":"https:\/\/medicinasinc.com\/no\/wp-content\/uploads\/sites\/14\/2022\/02\/Buy-3-CMC-CRYSTAL.jpg","width":720,"height":600},{"@type":"BreadcrumbList","@id":"https:\/\/medicinasinc.com\/no\/product\/kjop-3-cmc-krystall\/#breadcrumb","itemListElement":[{"@type":"ListItem","position":1,"name":"Butikk","item":"https:\/\/medicinasinc.com\/no\/butikk\/"},{"@type":"ListItem","position":2,"name":"Kj\u00f8p 3-cmc krystall"}]},{"@type":"WebSite","@id":"https:\/\/medicinasinc.com\/no\/#website","url":"https:\/\/medicinasinc.com\/no\/","name":"Medicinas Inc","description":"Helsemedisinsk klinikk","potentialAction":[{"@type":"SearchAction","target":{"@type":"EntryPoint","urlTemplate":"https:\/\/medicinasinc.com\/no\/?s={search_term_string}"},"query-input":{"@type":"PropertyValueSpecification","valueRequired":true,"valueName":"search_term_string"}}],"inLanguage":"nn-NO"}]}},"_links":{"self":[{"href":"https:\/\/medicinasinc.com\/no\/wp-json\/wp\/v2\/product\/5870","targetHints":{"allow":["GET"]}}],"collection":[{"href":"https:\/\/medicinasinc.com\/no\/wp-json\/wp\/v2\/product"}],"about":[{"href":"https:\/\/medicinasinc.com\/no\/wp-json\/wp\/v2\/types\/product"}],"replies":[{"embeddable":true,"href":"https:\/\/medicinasinc.com\/no\/wp-json\/wp\/v2\/comments?post=5870"}],"wp:featuredmedia":[{"embeddable":true,"href":"https:\/\/medicinasinc.com\/no\/wp-json\/wp\/v2\/media\/5880"}],"wp:attachment":[{"href":"https:\/\/medicinasinc.com\/no\/wp-json\/wp\/v2\/media?parent=5870"}],"wp:term":[{"taxonomy":"product_brand","embeddable":true,"href":"https:\/\/medicinasinc.com\/no\/wp-json\/wp\/v2\/product_brand?post=5870"},{"taxonomy":"product_cat","embeddable":true,"href":"https:\/\/medicinasinc.com\/no\/wp-json\/wp\/v2\/product_cat?post=5870"},{"taxonomy":"product_tag","embeddable":true,"href":"https:\/\/medicinasinc.com\/no\/wp-json\/wp\/v2\/product_tag?post=5870"}],"curies":[{"name":"wp","href":"https:\/\/api.w.org\/{rel}","templated":true}]}}