{"id":5863,"date":"2022-02-22T07:36:01","date_gmt":"2022-02-22T07:36:01","guid":{"rendered":"https:\/\/medicinasinc.com\/no\/?post_type=product&#038;p=5863"},"modified":"2022-03-22T00:41:17","modified_gmt":"2022-03-22T00:41:17","slug":"kjop-gamma-hydroksybutyrat-ghb-pulver","status":"publish","type":"product","link":"https:\/\/medicinasinc.com\/no\/product\/kjop-gamma-hydroksybutyrat-ghb-pulver\/","title":{"rendered":"Kj\u00f8p gammahydroksybutyrat (GHB) pulver"},"content":{"rendered":"<p>Kj\u00f8p av GHB-pulver p\u00e5 nett<\/p>\n<p>Kj\u00f8p GHB-pulver p\u00e5 nett. GHB er et syntetisk bed\u00f8velsesmiddel. Den er tilgjengelig som en gjennomsiktig v\u00e6ske eller et pulver og har en mildt salt smak. Fordi styrken varierer, er det ikke noe som heter en &laquo;sikker dose&raquo;. GBL (gamma-butyrolactone) og 1,4-butandiol er kommersielt tilgjengelig som GHB-alternativer. Disse er lovlig tilgjengelige som rengj\u00f8ringsmidler, og n\u00e5r de svelges, omdannes de naturlig til GHB.<\/p>\n<p>Gamma-butyrolakton brukes til \u00e5 forbedre atletisk ytelse, s\u00f8vnkvalitet og seksuell ytelse og nytelse. I tillegg bruker de det til \u00e5 behandle depresjon og stress, for \u00e5 forlenge livet, for \u00e5 fremme klar tenkning, for \u00e5 indusere avslapning og for \u00e5 frigj\u00f8re veksthormon. I tillegg brukes GBL for \u00e5 redusere kroppsfett og som en kropps- eller muskelbygger. Enkelte personer bruker det til rekreasjon.<\/p>\n<p>GHB eller GBL Chemicals for Research<\/p>\n<p>(alternative navn: gammahydroksybutyrat, flytende ecstasy, flytende X, gammahydroksybutyrat)<\/p>\n<p>Vanligvis GHB tilbys i sm\u00e5 hetteglass som en klar v\u00e6ske med en noe tykkere konsistens enn vann.<br \/> Doser administreres i sm\u00e5 mengder, referert til som &laquo;caps&raquo; eller &laquo;caps of G.&raquo;<br \/> Selv om det kan konsumeres hel, fortynnes den vanligvis i vann eller juice og nippes til.<br \/> GHB har ingen lukt og har ingen merkbar smak.<br \/> GBL har en mild salt, kjemisk smak og lukt som lett kan maskeres n\u00e5r den blandes med andre v\u00e6sker . GBL er en mer potent versjon av medisinen.<br \/> Begrens deg til ekstremt lave doser GHB. Den er ganske kraftig, og styrken kan variere betydelig p\u00e5 tvers av partier, selv blant erfarne brukere. Det anbefales \u00e5 vente mellom dosene. Enkelte kilder anbefaler \u00e5 vente opptil to timer mellom doseringene for \u00e5 unng\u00e5 \u00e5 g\u00e5 ut.<\/p>\n<p>GHBs effekter<\/p>\n<p>Effektene begynner omtrent tjue minutter etter inntak og kan vare i opptil fire timer.<br \/> Mindre, mildere mengder induserer avslapning og ro.<br \/> Hvis du tar h\u00f8yere mengder, kan du f\u00e5 s\u00f8vnighet, svimmelhet og forvirring. I tillegg kan du oppleve kvalme, oppkast og muskelspasmer.<br \/> Kan resultere i kramper, bevissthetstap, koma og pustevansker<br \/> Mulighet for \u00f8kt muskelvekst hos kroppsbyggere<\/p>\n<p>Sex med GHB<\/p>\n<p>I likhet med alkohol, reduserer det hemninger samtidig som det \u00f8ker selvtilliten og sosialiteten.<br \/> \u00d8kt taktil f\u00f8lsomhet og f\u00f8lsomhet for stimuli<br \/> Enkelte menn har sterkere ereksjoner.<br \/> Orgasmer som er ganske intens, selv om dette er doseavhengig<br \/> GHB i overkant kan f\u00f8re til tretthet og besvimelse under sex.<br \/> GHB omtales som en &laquo;date-voldtekt&raquo;-medisin fordi det \u00f8ker viljen din til \u00e5 delta i seksuell omgang aktiviteter og svekker din evne til \u00e5 etablere og hevde seksuelle grenser. Det er spesielt viktig \u00e5 bekrefte samtykke med partnere som er p\u00e5 G. Oppretthold kontakt gjennom en seksuell \u00f8kt. Seksuell kontakt med noen som er bevisstl\u00f8s kan tolkes som seksuelle overgrep.<\/p>\n","protected":false},"excerpt":{"rendered":"<p>Kj\u00f8p Gamma-Hydroxybutyric\u00a0GHB-pulver for salg\u00a0i Storbritannia, Europa, Japan, UAE, Kina, Asia fra den beste GHB-grossistleverand\u00f8ren, vi garanterer diskr\u00e9 levering over hele verden<\/p>\n","protected":false},"featured_media":5873,"comment_status":"open","ping_status":"closed","template":"","meta":[],"product_brand":[],"product_cat":[2014],"product_tag":[4015,4016,4017,4019,4020,4018,4021,4022,4014,4023],"class_list":{"0":"post-5863","1":"product","2":"type-product","3":"status-publish","4":"has-post-thumbnail","6":"product_cat-kjpe-forskning-kjemikalier","7":"product_tag-buy-ghb","8":"product_tag-buy-ghb-online","9":"product_tag-drug","10":"product_tag-gamma-hydroksysmrsyre-antidepressivum","11":"product_tag-gamma-hydroksysmrsyre-kroppsbygging","12":"product_tag-gamma-hydroksysmrsyre-og-veksthormon","13":"product_tag-gamma-hydroksysmrsyre-pris","14":"product_tag-ghb-til-salg","15":"product_tag-kjp-gamma-hydroksybutyrat-online","16":"product_tag-kj-c3-b8p-ghb-pulver","18":"first","19":"instock","20":"shipping-taxable","21":"purchasable","22":"product-type-variable"},"yoast_head":"<!-- This site is optimized with the Yoast SEO plugin v27.3 - https:\/\/yoast.com\/product\/yoast-seo-wordpress\/ -->\n<title>Kj\u00f8p gammahydroksybutyrat (GHB) pulver - beste beste globale medisiner<\/title>\n<meta name=\"description\" content=\"Kj\u00f8p Gamma-Hydroxybutyric\u00a0GHB-pulver for salg\u00a0i Storbritannia, Europa, Japan, UAE, Kina, Asia fra den beste GHB-grossistleverand\u00f8ren, vi garanterer diskret levering over hele verden\" \/>\n<meta name=\"robots\" content=\"index, follow, max-snippet:-1, max-image-preview:large, max-video-preview:-1\" \/>\n<link rel=\"canonical\" href=\"https:\/\/medicinasinc.com\/no\/product\/kjop-gamma-hydroksybutyrat-ghb-pulver\/\" \/>\n<meta property=\"og:locale\" content=\"nn_NO\" \/>\n<meta property=\"og:type\" content=\"article\" \/>\n<meta property=\"og:title\" content=\"Kj\u00f8p gammahydroksybutyrat (GHB) pulver - beste beste globale medisiner\" \/>\n<meta property=\"og:description\" content=\"Kj\u00f8p Gamma-Hydroxybutyric\u00a0GHB-pulver for salg\u00a0i Storbritannia, Europa, Japan, UAE, Kina, Asia fra den beste GHB-grossistleverand\u00f8ren, vi garanterer diskret levering over hele verden\" \/>\n<meta property=\"og:url\" content=\"https:\/\/medicinasinc.com\/no\/product\/kjop-gamma-hydroksybutyrat-ghb-pulver\/\" \/>\n<meta property=\"og:site_name\" content=\"Medicinas Inc\" \/>\n<meta property=\"article:modified_time\" content=\"2022-03-22T00:41:17+00:00\" \/>\n<meta property=\"og:image\" content=\"https:\/\/medicinasinc.com\/no\/wp-content\/uploads\/sites\/14\/2022\/02\/buy-GHB-powder-1.jpg\" \/>\n\t<meta property=\"og:image:width\" content=\"612\" \/>\n\t<meta property=\"og:image:height\" content=\"408\" \/>\n\t<meta property=\"og:image:type\" content=\"image\/jpeg\" \/>\n<meta name=\"twitter:card\" content=\"summary_large_image\" \/>\n<meta name=\"twitter:label1\" content=\"Est. reading time\" \/>\n\t<meta name=\"twitter:data1\" content=\"2 minutt\" \/>\n<script type=\"application\/ld+json\" class=\"yoast-schema-graph\">{\"@context\":\"https:\\\/\\\/schema.org\",\"@graph\":[{\"@type\":\"WebPage\",\"@id\":\"https:\\\/\\\/medicinasinc.com\\\/no\\\/product\\\/kjop-gamma-hydroksybutyrat-ghb-pulver\\\/\",\"url\":\"https:\\\/\\\/medicinasinc.com\\\/no\\\/product\\\/kjop-gamma-hydroksybutyrat-ghb-pulver\\\/\",\"name\":\"Kj\u00f8p gammahydroksybutyrat (GHB) pulver - beste beste globale medisiner\",\"isPartOf\":{\"@id\":\"https:\\\/\\\/medicinasinc.com\\\/no\\\/#website\"},\"primaryImageOfPage\":{\"@id\":\"https:\\\/\\\/medicinasinc.com\\\/no\\\/product\\\/kjop-gamma-hydroksybutyrat-ghb-pulver\\\/#primaryimage\"},\"image\":{\"@id\":\"https:\\\/\\\/medicinasinc.com\\\/no\\\/product\\\/kjop-gamma-hydroksybutyrat-ghb-pulver\\\/#primaryimage\"},\"thumbnailUrl\":\"https:\\\/\\\/medicinasinc.com\\\/no\\\/wp-content\\\/uploads\\\/sites\\\/14\\\/2022\\\/02\\\/buy-GHB-powder-1.jpg\",\"datePublished\":\"2022-02-22T07:36:01+00:00\",\"dateModified\":\"2022-03-22T00:41:17+00:00\",\"description\":\"Kj\u00f8p Gamma-Hydroxybutyric\u00a0GHB-pulver for salg\u00a0i Storbritannia, Europa, Japan, UAE, Kina, Asia fra den beste GHB-grossistleverand\u00f8ren, vi garanterer diskret levering over hele verden\",\"breadcrumb\":{\"@id\":\"https:\\\/\\\/medicinasinc.com\\\/no\\\/product\\\/kjop-gamma-hydroksybutyrat-ghb-pulver\\\/#breadcrumb\"},\"inLanguage\":\"nn-NO\",\"potentialAction\":[{\"@type\":\"ReadAction\",\"target\":[\"https:\\\/\\\/medicinasinc.com\\\/no\\\/product\\\/kjop-gamma-hydroksybutyrat-ghb-pulver\\\/\"]}]},{\"@type\":\"ImageObject\",\"inLanguage\":\"nn-NO\",\"@id\":\"https:\\\/\\\/medicinasinc.com\\\/no\\\/product\\\/kjop-gamma-hydroksybutyrat-ghb-pulver\\\/#primaryimage\",\"url\":\"https:\\\/\\\/medicinasinc.com\\\/no\\\/wp-content\\\/uploads\\\/sites\\\/14\\\/2022\\\/02\\\/buy-GHB-powder-1.jpg\",\"contentUrl\":\"https:\\\/\\\/medicinasinc.com\\\/no\\\/wp-content\\\/uploads\\\/sites\\\/14\\\/2022\\\/02\\\/buy-GHB-powder-1.jpg\",\"width\":612,\"height\":408},{\"@type\":\"BreadcrumbList\",\"@id\":\"https:\\\/\\\/medicinasinc.com\\\/no\\\/product\\\/kjop-gamma-hydroksybutyrat-ghb-pulver\\\/#breadcrumb\",\"itemListElement\":[{\"@type\":\"ListItem\",\"position\":1,\"name\":\"Butikk\",\"item\":\"https:\\\/\\\/medicinasinc.com\\\/no\\\/butikk\\\/\"},{\"@type\":\"ListItem\",\"position\":2,\"name\":\"Kj\u00f8p gammahydroksybutyrat (GHB) pulver\"}]},{\"@type\":\"WebSite\",\"@id\":\"https:\\\/\\\/medicinasinc.com\\\/no\\\/#website\",\"url\":\"https:\\\/\\\/medicinasinc.com\\\/no\\\/\",\"name\":\"Medicinas Inc\",\"description\":\"Helsemedisinsk klinikk\",\"potentialAction\":[{\"@type\":\"SearchAction\",\"target\":{\"@type\":\"EntryPoint\",\"urlTemplate\":\"https:\\\/\\\/medicinasinc.com\\\/no\\\/?s={search_term_string}\"},\"query-input\":{\"@type\":\"PropertyValueSpecification\",\"valueRequired\":true,\"valueName\":\"search_term_string\"}}],\"inLanguage\":\"nn-NO\"}]}<\/script>\n<!-- \/ Yoast SEO plugin. -->","yoast_head_json":{"title":"Kj\u00f8p gammahydroksybutyrat (GHB) pulver - beste beste globale medisiner","description":"Kj\u00f8p Gamma-Hydroxybutyric\u00a0GHB-pulver for salg\u00a0i Storbritannia, Europa, Japan, UAE, Kina, Asia fra den beste GHB-grossistleverand\u00f8ren, vi garanterer diskret levering over hele verden","robots":{"index":"index","follow":"follow","max-snippet":"max-snippet:-1","max-image-preview":"max-image-preview:large","max-video-preview":"max-video-preview:-1"},"canonical":"https:\/\/medicinasinc.com\/no\/product\/kjop-gamma-hydroksybutyrat-ghb-pulver\/","og_locale":"nn_NO","og_type":"article","og_title":"Kj\u00f8p gammahydroksybutyrat (GHB) pulver - beste beste globale medisiner","og_description":"Kj\u00f8p Gamma-Hydroxybutyric\u00a0GHB-pulver for salg\u00a0i Storbritannia, Europa, Japan, UAE, Kina, Asia fra den beste GHB-grossistleverand\u00f8ren, vi garanterer diskret levering over hele verden","og_url":"https:\/\/medicinasinc.com\/no\/product\/kjop-gamma-hydroksybutyrat-ghb-pulver\/","og_site_name":"Medicinas Inc","article_modified_time":"2022-03-22T00:41:17+00:00","og_image":[{"width":612,"height":408,"url":"https:\/\/medicinasinc.com\/no\/wp-content\/uploads\/sites\/14\/2022\/02\/buy-GHB-powder-1.jpg","type":"image\/jpeg"}],"twitter_card":"summary_large_image","twitter_misc":{"Est. reading time":"2 minutt"},"schema":{"@context":"https:\/\/schema.org","@graph":[{"@type":"WebPage","@id":"https:\/\/medicinasinc.com\/no\/product\/kjop-gamma-hydroksybutyrat-ghb-pulver\/","url":"https:\/\/medicinasinc.com\/no\/product\/kjop-gamma-hydroksybutyrat-ghb-pulver\/","name":"Kj\u00f8p gammahydroksybutyrat (GHB) pulver - beste beste globale medisiner","isPartOf":{"@id":"https:\/\/medicinasinc.com\/no\/#website"},"primaryImageOfPage":{"@id":"https:\/\/medicinasinc.com\/no\/product\/kjop-gamma-hydroksybutyrat-ghb-pulver\/#primaryimage"},"image":{"@id":"https:\/\/medicinasinc.com\/no\/product\/kjop-gamma-hydroksybutyrat-ghb-pulver\/#primaryimage"},"thumbnailUrl":"https:\/\/medicinasinc.com\/no\/wp-content\/uploads\/sites\/14\/2022\/02\/buy-GHB-powder-1.jpg","datePublished":"2022-02-22T07:36:01+00:00","dateModified":"2022-03-22T00:41:17+00:00","description":"Kj\u00f8p Gamma-Hydroxybutyric\u00a0GHB-pulver for salg\u00a0i Storbritannia, Europa, Japan, UAE, Kina, Asia fra den beste GHB-grossistleverand\u00f8ren, vi garanterer diskret levering over hele verden","breadcrumb":{"@id":"https:\/\/medicinasinc.com\/no\/product\/kjop-gamma-hydroksybutyrat-ghb-pulver\/#breadcrumb"},"inLanguage":"nn-NO","potentialAction":[{"@type":"ReadAction","target":["https:\/\/medicinasinc.com\/no\/product\/kjop-gamma-hydroksybutyrat-ghb-pulver\/"]}]},{"@type":"ImageObject","inLanguage":"nn-NO","@id":"https:\/\/medicinasinc.com\/no\/product\/kjop-gamma-hydroksybutyrat-ghb-pulver\/#primaryimage","url":"https:\/\/medicinasinc.com\/no\/wp-content\/uploads\/sites\/14\/2022\/02\/buy-GHB-powder-1.jpg","contentUrl":"https:\/\/medicinasinc.com\/no\/wp-content\/uploads\/sites\/14\/2022\/02\/buy-GHB-powder-1.jpg","width":612,"height":408},{"@type":"BreadcrumbList","@id":"https:\/\/medicinasinc.com\/no\/product\/kjop-gamma-hydroksybutyrat-ghb-pulver\/#breadcrumb","itemListElement":[{"@type":"ListItem","position":1,"name":"Butikk","item":"https:\/\/medicinasinc.com\/no\/butikk\/"},{"@type":"ListItem","position":2,"name":"Kj\u00f8p gammahydroksybutyrat (GHB) pulver"}]},{"@type":"WebSite","@id":"https:\/\/medicinasinc.com\/no\/#website","url":"https:\/\/medicinasinc.com\/no\/","name":"Medicinas Inc","description":"Helsemedisinsk klinikk","potentialAction":[{"@type":"SearchAction","target":{"@type":"EntryPoint","urlTemplate":"https:\/\/medicinasinc.com\/no\/?s={search_term_string}"},"query-input":{"@type":"PropertyValueSpecification","valueRequired":true,"valueName":"search_term_string"}}],"inLanguage":"nn-NO"}]}},"_links":{"self":[{"href":"https:\/\/medicinasinc.com\/no\/wp-json\/wp\/v2\/product\/5863","targetHints":{"allow":["GET"]}}],"collection":[{"href":"https:\/\/medicinasinc.com\/no\/wp-json\/wp\/v2\/product"}],"about":[{"href":"https:\/\/medicinasinc.com\/no\/wp-json\/wp\/v2\/types\/product"}],"replies":[{"embeddable":true,"href":"https:\/\/medicinasinc.com\/no\/wp-json\/wp\/v2\/comments?post=5863"}],"wp:featuredmedia":[{"embeddable":true,"href":"https:\/\/medicinasinc.com\/no\/wp-json\/wp\/v2\/media\/5873"}],"wp:attachment":[{"href":"https:\/\/medicinasinc.com\/no\/wp-json\/wp\/v2\/media?parent=5863"}],"wp:term":[{"taxonomy":"product_brand","embeddable":true,"href":"https:\/\/medicinasinc.com\/no\/wp-json\/wp\/v2\/product_brand?post=5863"},{"taxonomy":"product_cat","embeddable":true,"href":"https:\/\/medicinasinc.com\/no\/wp-json\/wp\/v2\/product_cat?post=5863"},{"taxonomy":"product_tag","embeddable":true,"href":"https:\/\/medicinasinc.com\/no\/wp-json\/wp\/v2\/product_tag?post=5863"}],"curies":[{"name":"wp","href":"https:\/\/api.w.org\/{rel}","templated":true}]}}