{"id":5858,"date":"2022-02-22T07:31:17","date_gmt":"2022-02-22T07:31:17","guid":{"rendered":"https:\/\/medicinasinc.com\/no\/?post_type=product&#038;p=5858"},"modified":"2022-03-22T00:41:25","modified_gmt":"2022-03-22T00:41:25","slug":"kjope-gamma-hydroksybutyrat-ghb-vaeske","status":"publish","type":"product","link":"https:\/\/medicinasinc.com\/no\/product\/kjope-gamma-hydroksybutyrat-ghb-vaeske\/","title":{"rendered":"Kj\u00f8p gammahydroksybutyrat (GHB) v\u00e6ske"},"content":{"rendered":"<p>Gamma-Hydroxybutyric GHB til salgs i Storbritannia, Europa, Japan, De forente arabiske emirater, Kina og Asia fra den beste GHB-grossistkilden. Vi lover diskret internasjonal frakt.<\/p>\n<p>-Hydroksysm\u00f8rsyre (GHB), ogs\u00e5 kjent som 4-hydroksysm\u00f8rsyre, er en naturlig forekommende nevrotransmitter og hallusinogent stoff. P\u00e5 spesifikke hjerneplasseringer fungerer det som en forl\u00f8per for GABA, glutamat og glycin. Det er en beskjeden agonist ved GABAB-reseptoren og virker p\u00e5 GHB-reseptoren. GHB har blitt brukt som generell anestesi og som behandling for katapleksi, narkolepsi og alkoholisme i medisinske omgivelser. I tillegg brukes det ulovlig som et rusmiddel, en ytelsesforsterker, et daddel-voldtektsmiddel og et rekreasjonsmiddel.<\/p>\n<p>Det brukes ofte som et salt i form av natriumhydroksybutyrat (NaGHB, natrium). oksybat, eller Xyrem) eller kalium-hydroksybutyrat (KGHB, kaliumoksybat). GHB dannes ogs\u00e5 under gj\u00e6ring og finnes i spormengder i en rekke \u00f8l og viner, samt biff og bittesm\u00e5 sitrusfrukter.<\/p>\n<p>GHB brukes medisinsk til \u00e5 behandle narkolepsi og, mer sjeldnere, alkoholisme, selv om effektiviteten sammenlignet med andre farmakoterapier for alkoholisme fortsatt er ukjent.<\/p>\n<p>Det brukes av og til off-label for \u00e5 behandle fibromyalgi.<\/p>\n<p>Natriumoksybat er et reseptbelagt legemiddel som inneholder den aktive komponenten GHB (Xyrem). US Food and Drug Administration har godkjent natriumoksybat for behandling av katapleksi assosiert med narkolepsi og overdreven s\u00f8vnighet p\u00e5 dagtid (EDS) assosiert med narkolepsi.<\/p>\n<p>I modifiserte multiple s\u00f8vnlatenstester har GHB vist seg \u00e5 \u00f8ke p\u00e5litelig. sakteb\u00f8lges\u00f8vn og redusere tilb\u00f8yeligheten til REM-s\u00f8vn.<\/p>\n<p>Den FDA-godkjente merkingen for natriumoksybat indikerer at det ikke er bevis for at GHB er kreftfremkallende, teratogent eller hepatotoksisk. Dens overlegne sikkerhetsprofil til etanol kan forklare hvorfor GHB fortsatt utforskes] som en mulig alkoholerstatning.<\/p>\n","protected":false},"excerpt":{"rendered":"<p>Kj\u00f8p Gamma-Hydroxybutyric GHB Liquid for salg i Storbritannia, Europa, Japan, UAE, Kina, Asia fra den beste GHB-grossistleverand\u00f8ren, vi garanterer diskret levering over hele verden<\/p>\n<p>Minimumsmengde\u00a0 200ml<\/p>\n","protected":false},"featured_media":5868,"comment_status":"open","ping_status":"closed","template":"","meta":[],"product_brand":[],"product_cat":[2014],"product_tag":[4015,4016,4017,4019,4020,4018,4021,4022,4014],"class_list":{"0":"post-5858","1":"product","2":"type-product","3":"status-publish","4":"has-post-thumbnail","6":"product_cat-kjpe-forskning-kjemikalier","7":"product_tag-buy-ghb","8":"product_tag-buy-ghb-online","9":"product_tag-drug","10":"product_tag-gamma-hydroksysmrsyre-antidepressivum","11":"product_tag-gamma-hydroksysmrsyre-kroppsbygging","12":"product_tag-gamma-hydroksysmrsyre-og-veksthormon","13":"product_tag-gamma-hydroksysmrsyre-pris","14":"product_tag-ghb-til-salg","15":"product_tag-kjp-gamma-hydroksybutyrat-online","17":"first","18":"instock","19":"shipping-taxable","20":"purchasable","21":"product-type-variable"},"yoast_head":"<!-- This site is optimized with the Yoast SEO plugin v27.3 - https:\/\/yoast.com\/product\/yoast-seo-wordpress\/ -->\n<title>Kj\u00f8p gammahydroksybutyrat (GHB) - Beste beste globale medisiner<\/title>\n<meta name=\"description\" content=\"Kj\u00f8p Gamma-Hydroxybutyric GHB-v\u00e6ske til salgs i Storbritannia, Europa, Japan, UAE, Kina, Asia fra den beste GHB-grossistleverand\u00f8ren, vi garanterer diskret levering over hele verden\" \/>\n<meta name=\"robots\" content=\"index, follow, max-snippet:-1, max-image-preview:large, max-video-preview:-1\" \/>\n<link rel=\"canonical\" href=\"https:\/\/medicinasinc.com\/no\/product\/kjope-gamma-hydroksybutyrat-ghb-vaeske\/\" \/>\n<meta property=\"og:locale\" content=\"nn_NO\" \/>\n<meta property=\"og:type\" content=\"article\" \/>\n<meta property=\"og:title\" content=\"Kj\u00f8p gammahydroksybutyrat (GHB) - Beste beste globale medisiner\" \/>\n<meta property=\"og:description\" content=\"Kj\u00f8p Gamma-Hydroxybutyric GHB-v\u00e6ske til salgs i Storbritannia, Europa, Japan, UAE, Kina, Asia fra den beste GHB-grossistleverand\u00f8ren, vi garanterer diskret levering over hele verden\" \/>\n<meta property=\"og:url\" content=\"https:\/\/medicinasinc.com\/no\/product\/kjope-gamma-hydroksybutyrat-ghb-vaeske\/\" \/>\n<meta property=\"og:site_name\" content=\"Medicinas Inc\" \/>\n<meta property=\"article:modified_time\" content=\"2022-03-22T00:41:25+00:00\" \/>\n<meta property=\"og:image\" content=\"https:\/\/medicinasinc.com\/no\/wp-content\/uploads\/sites\/14\/2022\/02\/Buy-gamma-hydroxybutyrate.jpg\" \/>\n\t<meta property=\"og:image:width\" content=\"600\" \/>\n\t<meta property=\"og:image:height\" content=\"450\" \/>\n\t<meta property=\"og:image:type\" content=\"image\/jpeg\" \/>\n<meta name=\"twitter:card\" content=\"summary_large_image\" \/>\n<meta name=\"twitter:label1\" content=\"Est. reading time\" \/>\n\t<meta name=\"twitter:data1\" content=\"2 minutt\" \/>\n<script type=\"application\/ld+json\" class=\"yoast-schema-graph\">{\"@context\":\"https:\\\/\\\/schema.org\",\"@graph\":[{\"@type\":\"WebPage\",\"@id\":\"https:\\\/\\\/medicinasinc.com\\\/no\\\/product\\\/kjope-gamma-hydroksybutyrat-ghb-vaeske\\\/\",\"url\":\"https:\\\/\\\/medicinasinc.com\\\/no\\\/product\\\/kjope-gamma-hydroksybutyrat-ghb-vaeske\\\/\",\"name\":\"Kj\u00f8p gammahydroksybutyrat (GHB) - Beste beste globale medisiner\",\"isPartOf\":{\"@id\":\"https:\\\/\\\/medicinasinc.com\\\/no\\\/#website\"},\"primaryImageOfPage\":{\"@id\":\"https:\\\/\\\/medicinasinc.com\\\/no\\\/product\\\/kjope-gamma-hydroksybutyrat-ghb-vaeske\\\/#primaryimage\"},\"image\":{\"@id\":\"https:\\\/\\\/medicinasinc.com\\\/no\\\/product\\\/kjope-gamma-hydroksybutyrat-ghb-vaeske\\\/#primaryimage\"},\"thumbnailUrl\":\"https:\\\/\\\/medicinasinc.com\\\/no\\\/wp-content\\\/uploads\\\/sites\\\/14\\\/2022\\\/02\\\/Buy-gamma-hydroxybutyrate.jpg\",\"datePublished\":\"2022-02-22T07:31:17+00:00\",\"dateModified\":\"2022-03-22T00:41:25+00:00\",\"description\":\"Kj\u00f8p Gamma-Hydroxybutyric GHB-v\u00e6ske til salgs i Storbritannia, Europa, Japan, UAE, Kina, Asia fra den beste GHB-grossistleverand\u00f8ren, vi garanterer diskret levering over hele verden\",\"breadcrumb\":{\"@id\":\"https:\\\/\\\/medicinasinc.com\\\/no\\\/product\\\/kjope-gamma-hydroksybutyrat-ghb-vaeske\\\/#breadcrumb\"},\"inLanguage\":\"nn-NO\",\"potentialAction\":[{\"@type\":\"ReadAction\",\"target\":[\"https:\\\/\\\/medicinasinc.com\\\/no\\\/product\\\/kjope-gamma-hydroksybutyrat-ghb-vaeske\\\/\"]}]},{\"@type\":\"ImageObject\",\"inLanguage\":\"nn-NO\",\"@id\":\"https:\\\/\\\/medicinasinc.com\\\/no\\\/product\\\/kjope-gamma-hydroksybutyrat-ghb-vaeske\\\/#primaryimage\",\"url\":\"https:\\\/\\\/medicinasinc.com\\\/no\\\/wp-content\\\/uploads\\\/sites\\\/14\\\/2022\\\/02\\\/Buy-gamma-hydroxybutyrate.jpg\",\"contentUrl\":\"https:\\\/\\\/medicinasinc.com\\\/no\\\/wp-content\\\/uploads\\\/sites\\\/14\\\/2022\\\/02\\\/Buy-gamma-hydroxybutyrate.jpg\",\"width\":600,\"height\":450},{\"@type\":\"BreadcrumbList\",\"@id\":\"https:\\\/\\\/medicinasinc.com\\\/no\\\/product\\\/kjope-gamma-hydroksybutyrat-ghb-vaeske\\\/#breadcrumb\",\"itemListElement\":[{\"@type\":\"ListItem\",\"position\":1,\"name\":\"Butikk\",\"item\":\"https:\\\/\\\/medicinasinc.com\\\/no\\\/butikk\\\/\"},{\"@type\":\"ListItem\",\"position\":2,\"name\":\"Kj\u00f8p gammahydroksybutyrat (GHB) v\u00e6ske\"}]},{\"@type\":\"WebSite\",\"@id\":\"https:\\\/\\\/medicinasinc.com\\\/no\\\/#website\",\"url\":\"https:\\\/\\\/medicinasinc.com\\\/no\\\/\",\"name\":\"Medicinas Inc\",\"description\":\"Helsemedisinsk klinikk\",\"potentialAction\":[{\"@type\":\"SearchAction\",\"target\":{\"@type\":\"EntryPoint\",\"urlTemplate\":\"https:\\\/\\\/medicinasinc.com\\\/no\\\/?s={search_term_string}\"},\"query-input\":{\"@type\":\"PropertyValueSpecification\",\"valueRequired\":true,\"valueName\":\"search_term_string\"}}],\"inLanguage\":\"nn-NO\"}]}<\/script>\n<!-- \/ Yoast SEO plugin. -->","yoast_head_json":{"title":"Kj\u00f8p gammahydroksybutyrat (GHB) - Beste beste globale medisiner","description":"Kj\u00f8p Gamma-Hydroxybutyric GHB-v\u00e6ske til salgs i Storbritannia, Europa, Japan, UAE, Kina, Asia fra den beste GHB-grossistleverand\u00f8ren, vi garanterer diskret levering over hele verden","robots":{"index":"index","follow":"follow","max-snippet":"max-snippet:-1","max-image-preview":"max-image-preview:large","max-video-preview":"max-video-preview:-1"},"canonical":"https:\/\/medicinasinc.com\/no\/product\/kjope-gamma-hydroksybutyrat-ghb-vaeske\/","og_locale":"nn_NO","og_type":"article","og_title":"Kj\u00f8p gammahydroksybutyrat (GHB) - Beste beste globale medisiner","og_description":"Kj\u00f8p Gamma-Hydroxybutyric GHB-v\u00e6ske til salgs i Storbritannia, Europa, Japan, UAE, Kina, Asia fra den beste GHB-grossistleverand\u00f8ren, vi garanterer diskret levering over hele verden","og_url":"https:\/\/medicinasinc.com\/no\/product\/kjope-gamma-hydroksybutyrat-ghb-vaeske\/","og_site_name":"Medicinas Inc","article_modified_time":"2022-03-22T00:41:25+00:00","og_image":[{"width":600,"height":450,"url":"https:\/\/medicinasinc.com\/no\/wp-content\/uploads\/sites\/14\/2022\/02\/Buy-gamma-hydroxybutyrate.jpg","type":"image\/jpeg"}],"twitter_card":"summary_large_image","twitter_misc":{"Est. reading time":"2 minutt"},"schema":{"@context":"https:\/\/schema.org","@graph":[{"@type":"WebPage","@id":"https:\/\/medicinasinc.com\/no\/product\/kjope-gamma-hydroksybutyrat-ghb-vaeske\/","url":"https:\/\/medicinasinc.com\/no\/product\/kjope-gamma-hydroksybutyrat-ghb-vaeske\/","name":"Kj\u00f8p gammahydroksybutyrat (GHB) - Beste beste globale medisiner","isPartOf":{"@id":"https:\/\/medicinasinc.com\/no\/#website"},"primaryImageOfPage":{"@id":"https:\/\/medicinasinc.com\/no\/product\/kjope-gamma-hydroksybutyrat-ghb-vaeske\/#primaryimage"},"image":{"@id":"https:\/\/medicinasinc.com\/no\/product\/kjope-gamma-hydroksybutyrat-ghb-vaeske\/#primaryimage"},"thumbnailUrl":"https:\/\/medicinasinc.com\/no\/wp-content\/uploads\/sites\/14\/2022\/02\/Buy-gamma-hydroxybutyrate.jpg","datePublished":"2022-02-22T07:31:17+00:00","dateModified":"2022-03-22T00:41:25+00:00","description":"Kj\u00f8p Gamma-Hydroxybutyric GHB-v\u00e6ske til salgs i Storbritannia, Europa, Japan, UAE, Kina, Asia fra den beste GHB-grossistleverand\u00f8ren, vi garanterer diskret levering over hele verden","breadcrumb":{"@id":"https:\/\/medicinasinc.com\/no\/product\/kjope-gamma-hydroksybutyrat-ghb-vaeske\/#breadcrumb"},"inLanguage":"nn-NO","potentialAction":[{"@type":"ReadAction","target":["https:\/\/medicinasinc.com\/no\/product\/kjope-gamma-hydroksybutyrat-ghb-vaeske\/"]}]},{"@type":"ImageObject","inLanguage":"nn-NO","@id":"https:\/\/medicinasinc.com\/no\/product\/kjope-gamma-hydroksybutyrat-ghb-vaeske\/#primaryimage","url":"https:\/\/medicinasinc.com\/no\/wp-content\/uploads\/sites\/14\/2022\/02\/Buy-gamma-hydroxybutyrate.jpg","contentUrl":"https:\/\/medicinasinc.com\/no\/wp-content\/uploads\/sites\/14\/2022\/02\/Buy-gamma-hydroxybutyrate.jpg","width":600,"height":450},{"@type":"BreadcrumbList","@id":"https:\/\/medicinasinc.com\/no\/product\/kjope-gamma-hydroksybutyrat-ghb-vaeske\/#breadcrumb","itemListElement":[{"@type":"ListItem","position":1,"name":"Butikk","item":"https:\/\/medicinasinc.com\/no\/butikk\/"},{"@type":"ListItem","position":2,"name":"Kj\u00f8p gammahydroksybutyrat (GHB) v\u00e6ske"}]},{"@type":"WebSite","@id":"https:\/\/medicinasinc.com\/no\/#website","url":"https:\/\/medicinasinc.com\/no\/","name":"Medicinas Inc","description":"Helsemedisinsk klinikk","potentialAction":[{"@type":"SearchAction","target":{"@type":"EntryPoint","urlTemplate":"https:\/\/medicinasinc.com\/no\/?s={search_term_string}"},"query-input":{"@type":"PropertyValueSpecification","valueRequired":true,"valueName":"search_term_string"}}],"inLanguage":"nn-NO"}]}},"_links":{"self":[{"href":"https:\/\/medicinasinc.com\/no\/wp-json\/wp\/v2\/product\/5858","targetHints":{"allow":["GET"]}}],"collection":[{"href":"https:\/\/medicinasinc.com\/no\/wp-json\/wp\/v2\/product"}],"about":[{"href":"https:\/\/medicinasinc.com\/no\/wp-json\/wp\/v2\/types\/product"}],"replies":[{"embeddable":true,"href":"https:\/\/medicinasinc.com\/no\/wp-json\/wp\/v2\/comments?post=5858"}],"wp:featuredmedia":[{"embeddable":true,"href":"https:\/\/medicinasinc.com\/no\/wp-json\/wp\/v2\/media\/5868"}],"wp:attachment":[{"href":"https:\/\/medicinasinc.com\/no\/wp-json\/wp\/v2\/media?parent=5858"}],"wp:term":[{"taxonomy":"product_brand","embeddable":true,"href":"https:\/\/medicinasinc.com\/no\/wp-json\/wp\/v2\/product_brand?post=5858"},{"taxonomy":"product_cat","embeddable":true,"href":"https:\/\/medicinasinc.com\/no\/wp-json\/wp\/v2\/product_cat?post=5858"},{"taxonomy":"product_tag","embeddable":true,"href":"https:\/\/medicinasinc.com\/no\/wp-json\/wp\/v2\/product_tag?post=5858"}],"curies":[{"name":"wp","href":"https:\/\/api.w.org\/{rel}","templated":true}]}}