{"id":5852,"date":"2022-02-22T07:25:44","date_gmt":"2022-02-22T07:25:44","guid":{"rendered":"https:\/\/medicinasinc.com\/no\/?post_type=product&#038;p=5852"},"modified":"2022-03-22T00:41:35","modified_gmt":"2022-03-22T00:41:35","slug":"kjope-amfetamin-pulver","status":"publish","type":"product","link":"https:\/\/medicinasinc.com\/no\/product\/kjope-amfetamin-pulver\/","title":{"rendered":"Kj\u00f8p amfetaminpulver"},"content":{"rendered":"<p>Amfetaminpulver kan kj\u00f8pes p\u00e5 nettet.<\/p>\n<p>Amfetaminpulver p\u00e5 nett i Storbritannia, Europa og EU, Amfetaminpulver postordre, Amfetamin er sentralstimulerende medisiner, noe som betyr at de fremskynder overf\u00f8ringen av meldinger mellom hjernen og kroppen.<\/p>\n<p>Amfetamin er sentralstimulerende medisiner som akselererer overf\u00f8ringen av informasjon mellom hjernen og kroppen.<\/p>\n<p>Du kan ogs\u00e5 v\u00e6re interessert i \u00e5 l\u00e6re mer om p\u00e5virkningene og helserisiko forbundet med amfetaminpulver. Det kan manifestere seg p\u00e5 samme m\u00e5te som mange andre medisiner gj\u00f8r.<\/p>\n<p>Visse klasser av amfetamin er legitimt anbefalt av leger for behandling av sykdommer som ADHD og narkolepsi (der en person har en ukontrollerbar trang til \u00e5 sove). Andre typer amfetamin, for eksempel speed, produseres og selges ulovlig. Et eget faktaark er dedikert til den mer potente formen for metamfetamin, krystallmetamfetamin (is).<\/p>\n<p>Amfetamin finnes i en rekke forskjellige former. Disse medisinene er tilgjengelige i pulver-, tablett-, krystall- og kapselform. N\u00e5r de selges ulovlig, kan de pakkes i &laquo;folier&raquo; (aluminiumsfolie), plastposer eller miniatyrballonger.<\/p>\n<p>Amfetaminpulver varierer i farge fra hvitt til brunt, og inneholder noen ganger spor av gr\u00e5tt eller rosa. Den har en skarp aroma og en bitter smak. Kapsler og tabletter som inneholder amfetamin varierer betydelig i st\u00f8rrelse og farge.<\/p>\n<p>Amfetamin -Ulovlig produserte amfetaminer kan inneholde en kombinasjon av narkotika, bindemidler, koffein og sukker. I tillegg kan nye psykoaktive stoffer legges til.<\/p>\n<p>Slangtermer<\/p>\n<p>Hastighet, rask, stigende, overdel, louee, goey og whiz.<\/p>\n<p>Hvilken hensikt har de serverer?<\/p>\n<p>Generelt blir amfetamin inntatt, injisert eller r\u00f8ykt. I tillegg sn\u00f8ftes de.<\/p>\n<p>Amfetamins effekter<\/p>\n<p>Amfetamin har en variabel effekt p\u00e5 hver enkelt person, avhengig av:<\/p>\n<p>Kroppsmasseindeks, vekt og helse <br \/> Om personen er vant til \u00e5 ta det<br \/> Om andre medisiner tas samtidig<br \/> Summen som trekkes ut<br \/> Legemidlets styrke (varierer fra batch til batch med ulovlig produserte legemidler)<\/p>\n<p>Amfetamin ut\u00f8ver sin effekt umiddelbart (enten de injiseres eller r\u00f8ykes) eller innen 30 minutter (hvis de sn\u00f8res eller svelges).<\/p>\n<p>F\u00f8lgende p\u00e5virkninger kan oppst\u00e5:<\/p>\n<p>Lykke og selvtillit -sikkerhet<br \/> Snakker mer og f\u00f8ler deg mer energisk<br \/> Gjentakelse av enkle handlinger som kl\u00f8e og kl\u00f8ing<br \/> Pupiller store og munnt\u00f8rr<br \/> Rask hjerterytme og \u00e5ndedrett<br \/> Sliping av tenner <br \/> Undertrykkelse av appetitt<br \/> Overdreven svette<br \/> \u00d8kt seksuell opphisselse<br \/> Overdosering<\/p>\n<p>Hvis en betydelig mengde eller en spesielt potent batch konsumeres, kan det ogs\u00e5 resultere i en overdose. Hvis noen av f\u00f8lgende symptomer oppst\u00e5r, b\u00f8r ambulanse tilkalles umiddelbart ved \u00e5 sl\u00e5 trippel null (000). Ambulansebetjenter er ikke p\u00e5lagt \u00e5 r\u00e5df\u00f8re seg med politiet.<\/p>\n<p>Passer til et pulserende hjerteslag<br \/> Hjerneslag, hjerteinfarkt og d\u00f8d<\/p>\n<p>Amfetamin som fnyses kan irritere nesegangene og f\u00f8re til neseblod.<\/p>\n<p>Injisering av amfetamin og deling av n\u00e5ler kan \u00f8ke risikoen for \u00e5 f\u00e5 f\u00f8lgende:<\/p>\n<p>Virus Hepatitt B<br \/> HIV\/AIDS Hepatitt C<br \/> Tetanus<br \/> Synkende<\/p>\n<p>Etter bruk av amfetamin kan f\u00f8lgende effekter oppst\u00e5:<\/p>\n<p>S\u00f8vnl\u00f8shet og utmattelse<br \/> Hodepine<br \/> Desorientering og skjult syn<br \/> Forvirring, paranoia, og hallusinasjoner<br \/> Irritabilitet, hum\u00f8rsvingninger og depresjon er alle symptomer p\u00e5 depresjon.<\/p>\n<p>Bruking av et depressivt middel som alkohol, benzodiazepiner eller cannabis for \u00e5 hjelpe til med \u00e5 &laquo;komme ned&raquo;-prosessen kan kulminere i en syklus av avhengighet av begge typer stoffer.<\/p>\n<p>Langsiktige konsekvenser<\/p>\n<p>Regelmessig bruk av amfetamin kan til slutt resultere i f\u00f8lgende:<\/p>\n<p>Appetittdemping og raskt vekttap<br \/> S\u00f8vnl\u00f8s s\u00f8vn<br \/> Tannproblemer og munnt\u00f8rrhet<br \/> Forkj\u00f8lelse og influensa er vanlig.<br \/> Konsentrasjonsvansker<br \/> Pustevansker<br \/> Muskelstivhet<br \/> Panikkanfall og paranoia<br \/> Depresjon<br \/> Hjerte- og nyreproblemer<br \/> Slagrisiko \u00f8ker<br \/> M\u00e5 bruke mer for \u00e5 oppn\u00e5 \u00f8nsket effekt<br \/> Avhengighet av amfetamin<br \/> \u00d8konomiske, yrkesmessige og sosiale vansker<br \/> Psykose for\u00e5rsaket av amfetamin<\/p>\n<p>I tillegg kan h\u00f8ye doser og gjentatt tung bruk resultere i en &laquo;amfetaminpsykose&raquo;, som er preget av paranoide vrangforestillinger, hallusinasjoner og aggressiv eller voldelig oppf\u00f8rsel som ikke er karakteristisk. Disse symptomene avtar ofte i l\u00f8pet av f\u00e5 dager etter at den enkelte har sluttet \u00e5 bruke amfetamin.<\/p>\n<p>Amfetamin i kombinasjon med andre medisiner<\/p>\n<p>Interaksjonene mellom amfetamin og andre stoffer, som f.eks. mot eller reseptbelagte legemidler, kan v\u00e6re uforutsigbare og d\u00f8delige, og kan f\u00f8re til f\u00f8lgende:<\/p>\n<p>Amfetaminer og visse antidepressiva for\u00e5rsaker hypertensjon, som kan resultere i uregelmessig puls, hjertesvikt og hjerneslag.<\/p>\n<p>4<\/p>\n<p>Amfetamin brukt sammen med alkohol, cannabis eller benzodiazepiner setter kroppen under ekstremt stress n\u00e5r den pr\u00f8ver \u00e5 takle de motstridende effektene av de to stoffene, noe som kan resultere i en overdose.<\/p>\n<p>Avfall<\/p>\n<p>\u00c5 gi opp amfetamin etter lengre tids bruk er vanskelig siden kroppen m\u00e5 tilpasse seg \u00e5 operere uten dem. Abstinenssymptomer b\u00f8r avta innen en uke og b\u00f8r v\u00e6re helt borte etter en m\u00e5ned. Symptomer inkluderer f\u00f8lgende:<\/p>\n<p>Amfetamintrang<br \/> Stimulering av appetitt<br \/> Forvirring og irritasjon<br \/> Bl\u00e5merker og smerter<br \/> Utmattelse<br \/> S\u00f8vnl\u00f8shet og mareritt<br \/> Affektive lidelser som angst, depresjon og paranoia<\/p>\n","protected":false},"excerpt":{"rendered":"<p>Kj\u00f8p amfetaminpulver for salg Storbritannia, Europa, billige generiske og merkevarepiller i Sapporo. Du kan kj\u00f8pe amfetaminpulver for salg p\u00e5 nettet ved \u00e5 bruke Bitcoin (BTC)<\/p>\n<p>Amfetaminpulver er et sterkt sentralstimulerende middel for sentralnervesystemet system (hjerne- og ryggmargsneuroner) og har blitt brukt medisinsk til \u00e5 behandle en rekke tilstander. I tillegg er det ekstremt vanedannende og har en historie med misbruk.<\/p>\n<p>Amfetaminpulver er en reseptbelagt medisin som brukes til \u00e5 behandle oppmerksomhetsunderskudd hyperaktivitetsforstyrrelse (ADHD).<\/p>\n","protected":false},"featured_media":5862,"comment_status":"open","ping_status":"closed","template":"","meta":[],"product_brand":[],"product_cat":[2014,703],"product_tag":[4007,4008,4010,4009,4012,4013,4011],"class_list":{"0":"post-5852","1":"product","2":"type-product","3":"status-publish","4":"has-post-thumbnail","6":"product_cat-kjpe-forskning-kjemikalier","7":"product_cat-kjpe-psykedeliske-narkotika","8":"product_tag-amfetamin-pulver","9":"product_tag-amfetamin-pulver-til-salg","10":"product_tag-bestille-amfetamin-pulver-p-nett","11":"product_tag-buy-amphetamine-powder-online","12":"product_tag-det-beste-stedet--kjpe-amfetamin-pulver-p-nettet","13":"product_tag-hvor-kan-kjpes-amfetamin-pulver-p-nettet","14":"product_tag-kjp-amfetamin-pulver-p-nett","16":"first","17":"instock","18":"shipping-taxable","19":"purchasable","20":"product-type-variable"},"yoast_head":"<!-- This site is optimized with the Yoast SEO plugin v27.3 - https:\/\/yoast.com\/product\/yoast-seo-wordpress\/ -->\n<title>Kj\u00f8p amfetaminpulver - beste beste globale medisiner<\/title>\n<meta name=\"description\" content=\"Kj\u00f8p amfetaminpulver til salgs Storbritannia, Europa billige generiske og merkevarepiller i Sapporo, du kan bestille amfetaminpulver for salg p\u00e5 nettet ved \u00e5 bruke Bitcoin (BTC)\" \/>\n<meta name=\"robots\" content=\"index, follow, max-snippet:-1, max-image-preview:large, max-video-preview:-1\" \/>\n<link rel=\"canonical\" href=\"https:\/\/medicinasinc.com\/no\/product\/kjope-amfetamin-pulver\/\" \/>\n<meta property=\"og:locale\" content=\"nn_NO\" \/>\n<meta property=\"og:type\" content=\"article\" \/>\n<meta property=\"og:title\" content=\"Kj\u00f8p amfetaminpulver - beste beste globale medisiner\" \/>\n<meta property=\"og:description\" content=\"Kj\u00f8p amfetaminpulver til salgs Storbritannia, Europa billige generiske og merkevarepiller i Sapporo, du kan bestille amfetaminpulver for salg p\u00e5 nettet ved \u00e5 bruke Bitcoin (BTC)\" \/>\n<meta property=\"og:url\" content=\"https:\/\/medicinasinc.com\/no\/product\/kjope-amfetamin-pulver\/\" \/>\n<meta property=\"og:site_name\" content=\"Medicinas Inc\" \/>\n<meta property=\"article:modified_time\" content=\"2022-03-22T00:41:35+00:00\" \/>\n<meta property=\"og:image\" content=\"https:\/\/medicinasinc.com\/no\/wp-content\/uploads\/sites\/14\/2022\/02\/Buy-Amphetamine-Powder.png\" \/>\n\t<meta property=\"og:image:width\" content=\"412\" \/>\n\t<meta property=\"og:image:height\" content=\"550\" \/>\n\t<meta property=\"og:image:type\" content=\"image\/png\" \/>\n<meta name=\"twitter:card\" content=\"summary_large_image\" \/>\n<meta name=\"twitter:label1\" content=\"Est. reading time\" \/>\n\t<meta name=\"twitter:data1\" content=\"4 minutt\" \/>\n<script type=\"application\/ld+json\" class=\"yoast-schema-graph\">{\"@context\":\"https:\\\/\\\/schema.org\",\"@graph\":[{\"@type\":\"WebPage\",\"@id\":\"https:\\\/\\\/medicinasinc.com\\\/no\\\/product\\\/kjope-amfetamin-pulver\\\/\",\"url\":\"https:\\\/\\\/medicinasinc.com\\\/no\\\/product\\\/kjope-amfetamin-pulver\\\/\",\"name\":\"Kj\u00f8p amfetaminpulver - beste beste globale medisiner\",\"isPartOf\":{\"@id\":\"https:\\\/\\\/medicinasinc.com\\\/no\\\/#website\"},\"primaryImageOfPage\":{\"@id\":\"https:\\\/\\\/medicinasinc.com\\\/no\\\/product\\\/kjope-amfetamin-pulver\\\/#primaryimage\"},\"image\":{\"@id\":\"https:\\\/\\\/medicinasinc.com\\\/no\\\/product\\\/kjope-amfetamin-pulver\\\/#primaryimage\"},\"thumbnailUrl\":\"https:\\\/\\\/medicinasinc.com\\\/no\\\/wp-content\\\/uploads\\\/sites\\\/14\\\/2022\\\/02\\\/Buy-Amphetamine-Powder.png\",\"datePublished\":\"2022-02-22T07:25:44+00:00\",\"dateModified\":\"2022-03-22T00:41:35+00:00\",\"description\":\"Kj\u00f8p amfetaminpulver til salgs Storbritannia, Europa billige generiske og merkevarepiller i Sapporo, du kan bestille amfetaminpulver for salg p\u00e5 nettet ved \u00e5 bruke Bitcoin (BTC)\",\"breadcrumb\":{\"@id\":\"https:\\\/\\\/medicinasinc.com\\\/no\\\/product\\\/kjope-amfetamin-pulver\\\/#breadcrumb\"},\"inLanguage\":\"nn-NO\",\"potentialAction\":[{\"@type\":\"ReadAction\",\"target\":[\"https:\\\/\\\/medicinasinc.com\\\/no\\\/product\\\/kjope-amfetamin-pulver\\\/\"]}]},{\"@type\":\"ImageObject\",\"inLanguage\":\"nn-NO\",\"@id\":\"https:\\\/\\\/medicinasinc.com\\\/no\\\/product\\\/kjope-amfetamin-pulver\\\/#primaryimage\",\"url\":\"https:\\\/\\\/medicinasinc.com\\\/no\\\/wp-content\\\/uploads\\\/sites\\\/14\\\/2022\\\/02\\\/Buy-Amphetamine-Powder.png\",\"contentUrl\":\"https:\\\/\\\/medicinasinc.com\\\/no\\\/wp-content\\\/uploads\\\/sites\\\/14\\\/2022\\\/02\\\/Buy-Amphetamine-Powder.png\",\"width\":412,\"height\":550},{\"@type\":\"BreadcrumbList\",\"@id\":\"https:\\\/\\\/medicinasinc.com\\\/no\\\/product\\\/kjope-amfetamin-pulver\\\/#breadcrumb\",\"itemListElement\":[{\"@type\":\"ListItem\",\"position\":1,\"name\":\"Butikk\",\"item\":\"https:\\\/\\\/medicinasinc.com\\\/no\\\/butikk\\\/\"},{\"@type\":\"ListItem\",\"position\":2,\"name\":\"Kj\u00f8p amfetaminpulver\"}]},{\"@type\":\"WebSite\",\"@id\":\"https:\\\/\\\/medicinasinc.com\\\/no\\\/#website\",\"url\":\"https:\\\/\\\/medicinasinc.com\\\/no\\\/\",\"name\":\"Medicinas Inc\",\"description\":\"Helsemedisinsk klinikk\",\"potentialAction\":[{\"@type\":\"SearchAction\",\"target\":{\"@type\":\"EntryPoint\",\"urlTemplate\":\"https:\\\/\\\/medicinasinc.com\\\/no\\\/?s={search_term_string}\"},\"query-input\":{\"@type\":\"PropertyValueSpecification\",\"valueRequired\":true,\"valueName\":\"search_term_string\"}}],\"inLanguage\":\"nn-NO\"}]}<\/script>\n<!-- \/ Yoast SEO plugin. -->","yoast_head_json":{"title":"Kj\u00f8p amfetaminpulver - beste beste globale medisiner","description":"Kj\u00f8p amfetaminpulver til salgs Storbritannia, Europa billige generiske og merkevarepiller i Sapporo, du kan bestille amfetaminpulver for salg p\u00e5 nettet ved \u00e5 bruke Bitcoin (BTC)","robots":{"index":"index","follow":"follow","max-snippet":"max-snippet:-1","max-image-preview":"max-image-preview:large","max-video-preview":"max-video-preview:-1"},"canonical":"https:\/\/medicinasinc.com\/no\/product\/kjope-amfetamin-pulver\/","og_locale":"nn_NO","og_type":"article","og_title":"Kj\u00f8p amfetaminpulver - beste beste globale medisiner","og_description":"Kj\u00f8p amfetaminpulver til salgs Storbritannia, Europa billige generiske og merkevarepiller i Sapporo, du kan bestille amfetaminpulver for salg p\u00e5 nettet ved \u00e5 bruke Bitcoin (BTC)","og_url":"https:\/\/medicinasinc.com\/no\/product\/kjope-amfetamin-pulver\/","og_site_name":"Medicinas Inc","article_modified_time":"2022-03-22T00:41:35+00:00","og_image":[{"width":412,"height":550,"url":"https:\/\/medicinasinc.com\/no\/wp-content\/uploads\/sites\/14\/2022\/02\/Buy-Amphetamine-Powder.png","type":"image\/png"}],"twitter_card":"summary_large_image","twitter_misc":{"Est. reading time":"4 minutt"},"schema":{"@context":"https:\/\/schema.org","@graph":[{"@type":"WebPage","@id":"https:\/\/medicinasinc.com\/no\/product\/kjope-amfetamin-pulver\/","url":"https:\/\/medicinasinc.com\/no\/product\/kjope-amfetamin-pulver\/","name":"Kj\u00f8p amfetaminpulver - beste beste globale medisiner","isPartOf":{"@id":"https:\/\/medicinasinc.com\/no\/#website"},"primaryImageOfPage":{"@id":"https:\/\/medicinasinc.com\/no\/product\/kjope-amfetamin-pulver\/#primaryimage"},"image":{"@id":"https:\/\/medicinasinc.com\/no\/product\/kjope-amfetamin-pulver\/#primaryimage"},"thumbnailUrl":"https:\/\/medicinasinc.com\/no\/wp-content\/uploads\/sites\/14\/2022\/02\/Buy-Amphetamine-Powder.png","datePublished":"2022-02-22T07:25:44+00:00","dateModified":"2022-03-22T00:41:35+00:00","description":"Kj\u00f8p amfetaminpulver til salgs Storbritannia, Europa billige generiske og merkevarepiller i Sapporo, du kan bestille amfetaminpulver for salg p\u00e5 nettet ved \u00e5 bruke Bitcoin (BTC)","breadcrumb":{"@id":"https:\/\/medicinasinc.com\/no\/product\/kjope-amfetamin-pulver\/#breadcrumb"},"inLanguage":"nn-NO","potentialAction":[{"@type":"ReadAction","target":["https:\/\/medicinasinc.com\/no\/product\/kjope-amfetamin-pulver\/"]}]},{"@type":"ImageObject","inLanguage":"nn-NO","@id":"https:\/\/medicinasinc.com\/no\/product\/kjope-amfetamin-pulver\/#primaryimage","url":"https:\/\/medicinasinc.com\/no\/wp-content\/uploads\/sites\/14\/2022\/02\/Buy-Amphetamine-Powder.png","contentUrl":"https:\/\/medicinasinc.com\/no\/wp-content\/uploads\/sites\/14\/2022\/02\/Buy-Amphetamine-Powder.png","width":412,"height":550},{"@type":"BreadcrumbList","@id":"https:\/\/medicinasinc.com\/no\/product\/kjope-amfetamin-pulver\/#breadcrumb","itemListElement":[{"@type":"ListItem","position":1,"name":"Butikk","item":"https:\/\/medicinasinc.com\/no\/butikk\/"},{"@type":"ListItem","position":2,"name":"Kj\u00f8p amfetaminpulver"}]},{"@type":"WebSite","@id":"https:\/\/medicinasinc.com\/no\/#website","url":"https:\/\/medicinasinc.com\/no\/","name":"Medicinas Inc","description":"Helsemedisinsk klinikk","potentialAction":[{"@type":"SearchAction","target":{"@type":"EntryPoint","urlTemplate":"https:\/\/medicinasinc.com\/no\/?s={search_term_string}"},"query-input":{"@type":"PropertyValueSpecification","valueRequired":true,"valueName":"search_term_string"}}],"inLanguage":"nn-NO"}]}},"_links":{"self":[{"href":"https:\/\/medicinasinc.com\/no\/wp-json\/wp\/v2\/product\/5852","targetHints":{"allow":["GET"]}}],"collection":[{"href":"https:\/\/medicinasinc.com\/no\/wp-json\/wp\/v2\/product"}],"about":[{"href":"https:\/\/medicinasinc.com\/no\/wp-json\/wp\/v2\/types\/product"}],"replies":[{"embeddable":true,"href":"https:\/\/medicinasinc.com\/no\/wp-json\/wp\/v2\/comments?post=5852"}],"wp:featuredmedia":[{"embeddable":true,"href":"https:\/\/medicinasinc.com\/no\/wp-json\/wp\/v2\/media\/5862"}],"wp:attachment":[{"href":"https:\/\/medicinasinc.com\/no\/wp-json\/wp\/v2\/media?parent=5852"}],"wp:term":[{"taxonomy":"product_brand","embeddable":true,"href":"https:\/\/medicinasinc.com\/no\/wp-json\/wp\/v2\/product_brand?post=5852"},{"taxonomy":"product_cat","embeddable":true,"href":"https:\/\/medicinasinc.com\/no\/wp-json\/wp\/v2\/product_cat?post=5852"},{"taxonomy":"product_tag","embeddable":true,"href":"https:\/\/medicinasinc.com\/no\/wp-json\/wp\/v2\/product_tag?post=5852"}],"curies":[{"name":"wp","href":"https:\/\/api.w.org\/{rel}","templated":true}]}}