{"id":5846,"date":"2022-02-22T07:19:31","date_gmt":"2022-02-22T07:19:31","guid":{"rendered":"https:\/\/medicinasinc.com\/no\/?post_type=product&#038;p=5846"},"modified":"2022-03-22T00:41:46","modified_gmt":"2022-03-22T00:41:46","slug":"approvebitone","status":"publish","type":"product","link":"https:\/\/medicinasinc.com\/no\/product\/approvebitone\/","title":{"rendered":"godkjenne barbiton"},"content":{"rendered":"<p>Aprobarbitone kan kj\u00f8pes p\u00e5 nettet fra et f\u00f8rsteklasses nettapotek<\/p>\n<p>Nembutal-apotek p\u00e5 nett har v\u00e6rt i drift i lang tid. Vi har n\u00e5 en grundig forst\u00e5else av synspunktene og forventningene til kunder over hele verden. Vi er her for \u00e5 oppfylle alle dine Aprobarbitone-krav. Hvis du \u00f8nsker \u00e5 kj\u00f8pe Aprobarbitone online, er apoteket v\u00e5rt det beste stedet \u00e5 gj\u00f8re det. Vi tilbyr denne terapeutiske medisinen til en rimelig pris. Du kan enkelt kj\u00f8pe det fra oss, og vi vil levere det innen den angitte tidsrammen.<\/p>\n<p>Hva er Aprobarbitones rolle i helsen din?<\/p>\n<p>Aprobarbitone kan hjelpe deg med \u00e5 f\u00e5 en god natts s\u00f8vn . I et n\u00f8tteskall er det en ideell kur for insomniacs. Den er kjent for sine ekstraordin\u00e6re beroligende, hypnotiske og krampestillende egenskaper.<\/p>\n<p>Hvorfor b\u00f8r du kj\u00f8pe Aprobarbitone online fra oss?<\/p>\n<p>Vi er en h\u00f8yt spesialisert gruppe individer med lang erfaring innen medisiner og rusmidler. I tillegg utvider vi tilgangen til Aprobarbitone og andre medisiner over hele verden. Du kan n\u00e5 f\u00e5 Aprobarbitone online til den billigste prisen hjemmefra. Vi er bare et museklikk unna. Send inn bestillingen din for \u00e5 kj\u00f8pe Aprobarbitone online i dag, og den vil bli levert til den angitte adressen om kort tid.<\/p>\n","protected":false},"excerpt":{"rendered":"<p>Hvordan kj\u00f8pe Aprobarbitone online fra et Nembutal-apotek?<\/p>\n<p>Nembutal Online Pharmacy er det ideelle stedet for \u00e5 dekke alle dine Aprobarbitone-behov og krav. Bare legg medisinen din i handlekurven, fortsett gjennom betalingsprosessen og legg inn bestillingen p\u00e5 nettsiden v\u00e5r. N\u00e5 er tiden inne for \u00e5 kontakte apoteket v\u00e5rt og f\u00e5 best mulig omsorg for helsen din. Kj\u00f8p Aprobarbital n\u00e5!<\/p>\n","protected":false},"featured_media":5856,"comment_status":"open","ping_status":"closed","template":"","meta":[],"product_brand":[],"product_cat":[3818],"product_tag":[],"class_list":{"0":"post-5846","1":"product","2":"type-product","3":"status-publish","4":"has-post-thumbnail","6":"product_cat-pentobarbital-til-salg","8":"first","9":"instock","10":"featured","11":"shipping-taxable","12":"purchasable","13":"product-type-variable"},"yoast_head":"<!-- This site is optimized with the Yoast SEO plugin v27.3 - https:\/\/yoast.com\/product\/yoast-seo-wordpress\/ -->\n<title>Kj\u00f8p Aprobarbitone - Beste beste globale medisiner<\/title>\n<meta name=\"robots\" content=\"index, follow, max-snippet:-1, max-image-preview:large, max-video-preview:-1\" \/>\n<link rel=\"canonical\" href=\"https:\/\/medicinasinc.com\/no\/product\/approvebitone\/\" \/>\n<meta property=\"og:locale\" content=\"nn_NO\" \/>\n<meta property=\"og:type\" content=\"article\" \/>\n<meta property=\"og:title\" content=\"Kj\u00f8p Aprobarbitone - Beste beste globale medisiner\" \/>\n<meta property=\"og:description\" content=\"Hvordan kj\u00f8pe Aprobarbitone online fra et Nembutal-apotek? Nembutal Online Pharmacy er det ideelle stedet for \u00e5 dekke alle dine Aprobarbitone-behov og krav. Bare legg medisinen din i handlekurven, fortsett gjennom betalingsprosessen og legg inn bestillingen p\u00e5 nettsiden v\u00e5r. N\u00e5 er tiden inne for \u00e5 kontakte apoteket v\u00e5rt og f\u00e5 best mulig omsorg for helsen din. Kj\u00f8p Aprobarbital n\u00e5!\" \/>\n<meta property=\"og:url\" content=\"https:\/\/medicinasinc.com\/no\/product\/approvebitone\/\" \/>\n<meta property=\"og:site_name\" content=\"Medicinas Inc\" \/>\n<meta property=\"article:modified_time\" content=\"2022-03-22T00:41:46+00:00\" \/>\n<meta property=\"og:image\" content=\"https:\/\/medicinasinc.com\/no\/wp-content\/uploads\/sites\/14\/2022\/02\/Aprobarbitone.jpg\" \/>\n\t<meta property=\"og:image:width\" content=\"600\" \/>\n\t<meta property=\"og:image:height\" content=\"600\" \/>\n\t<meta property=\"og:image:type\" content=\"image\/jpeg\" \/>\n<meta name=\"twitter:card\" content=\"summary_large_image\" \/>\n<meta name=\"twitter:label1\" content=\"Est. reading time\" \/>\n\t<meta name=\"twitter:data1\" content=\"1 minutt\" \/>\n<script type=\"application\/ld+json\" class=\"yoast-schema-graph\">{\"@context\":\"https:\\\/\\\/schema.org\",\"@graph\":[{\"@type\":\"WebPage\",\"@id\":\"https:\\\/\\\/medicinasinc.com\\\/no\\\/product\\\/approvebitone\\\/\",\"url\":\"https:\\\/\\\/medicinasinc.com\\\/no\\\/product\\\/approvebitone\\\/\",\"name\":\"Kj\u00f8p Aprobarbitone - Beste beste globale medisiner\",\"isPartOf\":{\"@id\":\"https:\\\/\\\/medicinasinc.com\\\/no\\\/#website\"},\"primaryImageOfPage\":{\"@id\":\"https:\\\/\\\/medicinasinc.com\\\/no\\\/product\\\/approvebitone\\\/#primaryimage\"},\"image\":{\"@id\":\"https:\\\/\\\/medicinasinc.com\\\/no\\\/product\\\/approvebitone\\\/#primaryimage\"},\"thumbnailUrl\":\"https:\\\/\\\/medicinasinc.com\\\/no\\\/wp-content\\\/uploads\\\/sites\\\/14\\\/2022\\\/02\\\/Aprobarbitone.jpg\",\"datePublished\":\"2022-02-22T07:19:31+00:00\",\"dateModified\":\"2022-03-22T00:41:46+00:00\",\"breadcrumb\":{\"@id\":\"https:\\\/\\\/medicinasinc.com\\\/no\\\/product\\\/approvebitone\\\/#breadcrumb\"},\"inLanguage\":\"nn-NO\",\"potentialAction\":[{\"@type\":\"ReadAction\",\"target\":[\"https:\\\/\\\/medicinasinc.com\\\/no\\\/product\\\/approvebitone\\\/\"]}]},{\"@type\":\"ImageObject\",\"inLanguage\":\"nn-NO\",\"@id\":\"https:\\\/\\\/medicinasinc.com\\\/no\\\/product\\\/approvebitone\\\/#primaryimage\",\"url\":\"https:\\\/\\\/medicinasinc.com\\\/no\\\/wp-content\\\/uploads\\\/sites\\\/14\\\/2022\\\/02\\\/Aprobarbitone.jpg\",\"contentUrl\":\"https:\\\/\\\/medicinasinc.com\\\/no\\\/wp-content\\\/uploads\\\/sites\\\/14\\\/2022\\\/02\\\/Aprobarbitone.jpg\",\"width\":600,\"height\":600},{\"@type\":\"BreadcrumbList\",\"@id\":\"https:\\\/\\\/medicinasinc.com\\\/no\\\/product\\\/approvebitone\\\/#breadcrumb\",\"itemListElement\":[{\"@type\":\"ListItem\",\"position\":1,\"name\":\"Butikk\",\"item\":\"https:\\\/\\\/medicinasinc.com\\\/no\\\/butikk\\\/\"},{\"@type\":\"ListItem\",\"position\":2,\"name\":\"godkjenne barbiton\"}]},{\"@type\":\"WebSite\",\"@id\":\"https:\\\/\\\/medicinasinc.com\\\/no\\\/#website\",\"url\":\"https:\\\/\\\/medicinasinc.com\\\/no\\\/\",\"name\":\"Medicinas Inc\",\"description\":\"Helsemedisinsk klinikk\",\"potentialAction\":[{\"@type\":\"SearchAction\",\"target\":{\"@type\":\"EntryPoint\",\"urlTemplate\":\"https:\\\/\\\/medicinasinc.com\\\/no\\\/?s={search_term_string}\"},\"query-input\":{\"@type\":\"PropertyValueSpecification\",\"valueRequired\":true,\"valueName\":\"search_term_string\"}}],\"inLanguage\":\"nn-NO\"}]}<\/script>\n<!-- \/ Yoast SEO plugin. -->","yoast_head_json":{"title":"Kj\u00f8p Aprobarbitone - Beste beste globale medisiner","robots":{"index":"index","follow":"follow","max-snippet":"max-snippet:-1","max-image-preview":"max-image-preview:large","max-video-preview":"max-video-preview:-1"},"canonical":"https:\/\/medicinasinc.com\/no\/product\/approvebitone\/","og_locale":"nn_NO","og_type":"article","og_title":"Kj\u00f8p Aprobarbitone - Beste beste globale medisiner","og_description":"Hvordan kj\u00f8pe Aprobarbitone online fra et Nembutal-apotek? Nembutal Online Pharmacy er det ideelle stedet for \u00e5 dekke alle dine Aprobarbitone-behov og krav. Bare legg medisinen din i handlekurven, fortsett gjennom betalingsprosessen og legg inn bestillingen p\u00e5 nettsiden v\u00e5r. N\u00e5 er tiden inne for \u00e5 kontakte apoteket v\u00e5rt og f\u00e5 best mulig omsorg for helsen din. Kj\u00f8p Aprobarbital n\u00e5!","og_url":"https:\/\/medicinasinc.com\/no\/product\/approvebitone\/","og_site_name":"Medicinas Inc","article_modified_time":"2022-03-22T00:41:46+00:00","og_image":[{"width":600,"height":600,"url":"https:\/\/medicinasinc.com\/no\/wp-content\/uploads\/sites\/14\/2022\/02\/Aprobarbitone.jpg","type":"image\/jpeg"}],"twitter_card":"summary_large_image","twitter_misc":{"Est. reading time":"1 minutt"},"schema":{"@context":"https:\/\/schema.org","@graph":[{"@type":"WebPage","@id":"https:\/\/medicinasinc.com\/no\/product\/approvebitone\/","url":"https:\/\/medicinasinc.com\/no\/product\/approvebitone\/","name":"Kj\u00f8p Aprobarbitone - Beste beste globale medisiner","isPartOf":{"@id":"https:\/\/medicinasinc.com\/no\/#website"},"primaryImageOfPage":{"@id":"https:\/\/medicinasinc.com\/no\/product\/approvebitone\/#primaryimage"},"image":{"@id":"https:\/\/medicinasinc.com\/no\/product\/approvebitone\/#primaryimage"},"thumbnailUrl":"https:\/\/medicinasinc.com\/no\/wp-content\/uploads\/sites\/14\/2022\/02\/Aprobarbitone.jpg","datePublished":"2022-02-22T07:19:31+00:00","dateModified":"2022-03-22T00:41:46+00:00","breadcrumb":{"@id":"https:\/\/medicinasinc.com\/no\/product\/approvebitone\/#breadcrumb"},"inLanguage":"nn-NO","potentialAction":[{"@type":"ReadAction","target":["https:\/\/medicinasinc.com\/no\/product\/approvebitone\/"]}]},{"@type":"ImageObject","inLanguage":"nn-NO","@id":"https:\/\/medicinasinc.com\/no\/product\/approvebitone\/#primaryimage","url":"https:\/\/medicinasinc.com\/no\/wp-content\/uploads\/sites\/14\/2022\/02\/Aprobarbitone.jpg","contentUrl":"https:\/\/medicinasinc.com\/no\/wp-content\/uploads\/sites\/14\/2022\/02\/Aprobarbitone.jpg","width":600,"height":600},{"@type":"BreadcrumbList","@id":"https:\/\/medicinasinc.com\/no\/product\/approvebitone\/#breadcrumb","itemListElement":[{"@type":"ListItem","position":1,"name":"Butikk","item":"https:\/\/medicinasinc.com\/no\/butikk\/"},{"@type":"ListItem","position":2,"name":"godkjenne barbiton"}]},{"@type":"WebSite","@id":"https:\/\/medicinasinc.com\/no\/#website","url":"https:\/\/medicinasinc.com\/no\/","name":"Medicinas Inc","description":"Helsemedisinsk klinikk","potentialAction":[{"@type":"SearchAction","target":{"@type":"EntryPoint","urlTemplate":"https:\/\/medicinasinc.com\/no\/?s={search_term_string}"},"query-input":{"@type":"PropertyValueSpecification","valueRequired":true,"valueName":"search_term_string"}}],"inLanguage":"nn-NO"}]}},"_links":{"self":[{"href":"https:\/\/medicinasinc.com\/no\/wp-json\/wp\/v2\/product\/5846","targetHints":{"allow":["GET"]}}],"collection":[{"href":"https:\/\/medicinasinc.com\/no\/wp-json\/wp\/v2\/product"}],"about":[{"href":"https:\/\/medicinasinc.com\/no\/wp-json\/wp\/v2\/types\/product"}],"replies":[{"embeddable":true,"href":"https:\/\/medicinasinc.com\/no\/wp-json\/wp\/v2\/comments?post=5846"}],"wp:featuredmedia":[{"embeddable":true,"href":"https:\/\/medicinasinc.com\/no\/wp-json\/wp\/v2\/media\/5856"}],"wp:attachment":[{"href":"https:\/\/medicinasinc.com\/no\/wp-json\/wp\/v2\/media?parent=5846"}],"wp:term":[{"taxonomy":"product_brand","embeddable":true,"href":"https:\/\/medicinasinc.com\/no\/wp-json\/wp\/v2\/product_brand?post=5846"},{"taxonomy":"product_cat","embeddable":true,"href":"https:\/\/medicinasinc.com\/no\/wp-json\/wp\/v2\/product_cat?post=5846"},{"taxonomy":"product_tag","embeddable":true,"href":"https:\/\/medicinasinc.com\/no\/wp-json\/wp\/v2\/product_tag?post=5846"}],"curies":[{"name":"wp","href":"https:\/\/api.w.org\/{rel}","templated":true}]}}