{"id":5840,"date":"2022-02-22T07:12:38","date_gmt":"2022-02-22T07:12:38","guid":{"rendered":"https:\/\/medicinasinc.com\/no\/?post_type=product&#038;p=5840"},"modified":"2022-03-22T00:41:54","modified_gmt":"2022-03-22T00:41:54","slug":"brallobarbital-vesparax","status":"publish","type":"product","link":"https:\/\/medicinasinc.com\/no\/product\/brallobarbital-vesparax\/","title":{"rendered":"Brallobarbital (Vesparax)"},"content":{"rendered":"<p>Brallobarbital (Vesparax) Kj\u00f8p online fra et anerkjent apotek<\/p>\n<p>Nembutal-apoteket p\u00e5 internett h\u00e5ndterer Brallobarbital (Vesparax) p\u00e5 nettplattformen og leverer det til forbrukere som har bestilt det innen den angitte tidsrammen. Vi er et anerkjent nettapotek hvor du kan f\u00e5 Vesparax til lavest mulig pris. Prisene v\u00e5re er uovertrufne og tilgjengelige for alle. I tillegg har vi et team som vil m\u00f8te dine krav og spesifikasjoner for Nembutal Brallobarbital til rett tid. Du kan n\u00e5 enkelt bestille Nembutal Brallobarbital fra apoteket v\u00e5rt og f\u00e5 det levert hjem til deg innen noen f\u00e5 dager.<\/p>\n<p>Hvordan brukes Brallobarbital (Vesparax)?<\/p>\n<p>Vesparax blir ofte referert til som et atypisk antipsykotikum. Den fungerer ved \u00e5 modifisere aktiviteten til hjernens nevrotransmittere. Denne medisinen har blitt fastsl\u00e5tt \u00e5 v\u00e6re egnet for bruk kun av voksne og b\u00f8r ikke gis til noen under 18 \u00e5r.<\/p>\n<p>Vesparax har en rekke bruksomr\u00e5der, inkludert f\u00f8lgende:<\/p>\n<p>Bidrar til behandling av voksne og barn med schizofreni<br \/> Indisert for behandling av bipolar lidelse hos voksne og barn, samt for behandling av alvorlig depressiv lidelse hos voksne i kombinasjon med antidepressiva.<\/p>\n","protected":false},"excerpt":{"rendered":"<p>Kontakt et nettbasert Nembutal-apotek<\/p>\n<p>Nettbasert Nembutal-apotek er n\u00e5 tilgjengelig med bare noen f\u00e5 klikk! Du kan kontakte oss via telefon, tekst eller e-post for \u00e5 f\u00e5 svar p\u00e5 sp\u00f8rsm\u00e5lene dine. Vi garanterer at vi vil fullf\u00f8re foresp\u00f8rselen din innen den angitte tidsrammen. Legg inn din bestilling for \u00e5 kj\u00f8pe Vesparax online akkurat n\u00e5!<\/p>\n","protected":false},"featured_media":5850,"comment_status":"open","ping_status":"closed","template":"","meta":[],"product_brand":[],"product_cat":[3818],"product_tag":[],"class_list":{"0":"post-5840","1":"product","2":"type-product","3":"status-publish","4":"has-post-thumbnail","6":"product_cat-pentobarbital-til-salg","8":"first","9":"instock","10":"shipping-taxable","11":"purchasable","12":"product-type-variable"},"yoast_head":"<!-- This site is optimized with the Yoast SEO plugin v27.3 - https:\/\/yoast.com\/product\/yoast-seo-wordpress\/ -->\n<title>Brallobarbital (Vesparax) - Beste globale medisiner<\/title>\n<meta name=\"robots\" content=\"index, follow, max-snippet:-1, max-image-preview:large, max-video-preview:-1\" \/>\n<link rel=\"canonical\" href=\"https:\/\/medicinasinc.com\/no\/product\/brallobarbital-vesparax\/\" \/>\n<meta property=\"og:locale\" content=\"nn_NO\" \/>\n<meta property=\"og:type\" content=\"article\" \/>\n<meta property=\"og:title\" content=\"Brallobarbital (Vesparax) - Beste globale medisiner\" \/>\n<meta property=\"og:description\" content=\"Kontakt et nettbasert Nembutal-apotek Nettbasert Nembutal-apotek er n\u00e5 tilgjengelig med bare noen f\u00e5 klikk! Du kan kontakte oss via telefon, tekst eller e-post for \u00e5 f\u00e5 svar p\u00e5 sp\u00f8rsm\u00e5lene dine. Vi garanterer at vi vil fullf\u00f8re foresp\u00f8rselen din innen den angitte tidsrammen. Legg inn din bestilling for \u00e5 kj\u00f8pe Vesparax online akkurat n\u00e5!\" \/>\n<meta property=\"og:url\" content=\"https:\/\/medicinasinc.com\/no\/product\/brallobarbital-vesparax\/\" \/>\n<meta property=\"og:site_name\" content=\"Medicinas Inc\" \/>\n<meta property=\"article:modified_time\" content=\"2022-03-22T00:41:54+00:00\" \/>\n<meta property=\"og:image\" content=\"https:\/\/medicinasinc.com\/no\/wp-content\/uploads\/sites\/14\/2022\/02\/Brallobarbital-Vesparax.jpg\" \/>\n\t<meta property=\"og:image:width\" content=\"600\" \/>\n\t<meta property=\"og:image:height\" content=\"600\" \/>\n\t<meta property=\"og:image:type\" content=\"image\/jpeg\" \/>\n<meta name=\"twitter:card\" content=\"summary_large_image\" \/>\n<meta name=\"twitter:label1\" content=\"Est. reading time\" \/>\n\t<meta name=\"twitter:data1\" content=\"1 minutt\" \/>\n<script type=\"application\/ld+json\" class=\"yoast-schema-graph\">{\"@context\":\"https:\\\/\\\/schema.org\",\"@graph\":[{\"@type\":\"WebPage\",\"@id\":\"https:\\\/\\\/medicinasinc.com\\\/no\\\/product\\\/brallobarbital-vesparax\\\/\",\"url\":\"https:\\\/\\\/medicinasinc.com\\\/no\\\/product\\\/brallobarbital-vesparax\\\/\",\"name\":\"Brallobarbital (Vesparax) - Beste globale medisiner\",\"isPartOf\":{\"@id\":\"https:\\\/\\\/medicinasinc.com\\\/no\\\/#website\"},\"primaryImageOfPage\":{\"@id\":\"https:\\\/\\\/medicinasinc.com\\\/no\\\/product\\\/brallobarbital-vesparax\\\/#primaryimage\"},\"image\":{\"@id\":\"https:\\\/\\\/medicinasinc.com\\\/no\\\/product\\\/brallobarbital-vesparax\\\/#primaryimage\"},\"thumbnailUrl\":\"https:\\\/\\\/medicinasinc.com\\\/no\\\/wp-content\\\/uploads\\\/sites\\\/14\\\/2022\\\/02\\\/Brallobarbital-Vesparax.jpg\",\"datePublished\":\"2022-02-22T07:12:38+00:00\",\"dateModified\":\"2022-03-22T00:41:54+00:00\",\"breadcrumb\":{\"@id\":\"https:\\\/\\\/medicinasinc.com\\\/no\\\/product\\\/brallobarbital-vesparax\\\/#breadcrumb\"},\"inLanguage\":\"nn-NO\",\"potentialAction\":[{\"@type\":\"ReadAction\",\"target\":[\"https:\\\/\\\/medicinasinc.com\\\/no\\\/product\\\/brallobarbital-vesparax\\\/\"]}]},{\"@type\":\"ImageObject\",\"inLanguage\":\"nn-NO\",\"@id\":\"https:\\\/\\\/medicinasinc.com\\\/no\\\/product\\\/brallobarbital-vesparax\\\/#primaryimage\",\"url\":\"https:\\\/\\\/medicinasinc.com\\\/no\\\/wp-content\\\/uploads\\\/sites\\\/14\\\/2022\\\/02\\\/Brallobarbital-Vesparax.jpg\",\"contentUrl\":\"https:\\\/\\\/medicinasinc.com\\\/no\\\/wp-content\\\/uploads\\\/sites\\\/14\\\/2022\\\/02\\\/Brallobarbital-Vesparax.jpg\",\"width\":600,\"height\":600},{\"@type\":\"BreadcrumbList\",\"@id\":\"https:\\\/\\\/medicinasinc.com\\\/no\\\/product\\\/brallobarbital-vesparax\\\/#breadcrumb\",\"itemListElement\":[{\"@type\":\"ListItem\",\"position\":1,\"name\":\"Butikk\",\"item\":\"https:\\\/\\\/medicinasinc.com\\\/no\\\/butikk\\\/\"},{\"@type\":\"ListItem\",\"position\":2,\"name\":\"Brallobarbital (Vesparax)\"}]},{\"@type\":\"WebSite\",\"@id\":\"https:\\\/\\\/medicinasinc.com\\\/no\\\/#website\",\"url\":\"https:\\\/\\\/medicinasinc.com\\\/no\\\/\",\"name\":\"Medicinas Inc\",\"description\":\"Helsemedisinsk klinikk\",\"potentialAction\":[{\"@type\":\"SearchAction\",\"target\":{\"@type\":\"EntryPoint\",\"urlTemplate\":\"https:\\\/\\\/medicinasinc.com\\\/no\\\/?s={search_term_string}\"},\"query-input\":{\"@type\":\"PropertyValueSpecification\",\"valueRequired\":true,\"valueName\":\"search_term_string\"}}],\"inLanguage\":\"nn-NO\"}]}<\/script>\n<!-- \/ Yoast SEO plugin. -->","yoast_head_json":{"title":"Brallobarbital (Vesparax) - Beste globale medisiner","robots":{"index":"index","follow":"follow","max-snippet":"max-snippet:-1","max-image-preview":"max-image-preview:large","max-video-preview":"max-video-preview:-1"},"canonical":"https:\/\/medicinasinc.com\/no\/product\/brallobarbital-vesparax\/","og_locale":"nn_NO","og_type":"article","og_title":"Brallobarbital (Vesparax) - Beste globale medisiner","og_description":"Kontakt et nettbasert Nembutal-apotek Nettbasert Nembutal-apotek er n\u00e5 tilgjengelig med bare noen f\u00e5 klikk! Du kan kontakte oss via telefon, tekst eller e-post for \u00e5 f\u00e5 svar p\u00e5 sp\u00f8rsm\u00e5lene dine. Vi garanterer at vi vil fullf\u00f8re foresp\u00f8rselen din innen den angitte tidsrammen. Legg inn din bestilling for \u00e5 kj\u00f8pe Vesparax online akkurat n\u00e5!","og_url":"https:\/\/medicinasinc.com\/no\/product\/brallobarbital-vesparax\/","og_site_name":"Medicinas Inc","article_modified_time":"2022-03-22T00:41:54+00:00","og_image":[{"width":600,"height":600,"url":"https:\/\/medicinasinc.com\/no\/wp-content\/uploads\/sites\/14\/2022\/02\/Brallobarbital-Vesparax.jpg","type":"image\/jpeg"}],"twitter_card":"summary_large_image","twitter_misc":{"Est. reading time":"1 minutt"},"schema":{"@context":"https:\/\/schema.org","@graph":[{"@type":"WebPage","@id":"https:\/\/medicinasinc.com\/no\/product\/brallobarbital-vesparax\/","url":"https:\/\/medicinasinc.com\/no\/product\/brallobarbital-vesparax\/","name":"Brallobarbital (Vesparax) - Beste globale medisiner","isPartOf":{"@id":"https:\/\/medicinasinc.com\/no\/#website"},"primaryImageOfPage":{"@id":"https:\/\/medicinasinc.com\/no\/product\/brallobarbital-vesparax\/#primaryimage"},"image":{"@id":"https:\/\/medicinasinc.com\/no\/product\/brallobarbital-vesparax\/#primaryimage"},"thumbnailUrl":"https:\/\/medicinasinc.com\/no\/wp-content\/uploads\/sites\/14\/2022\/02\/Brallobarbital-Vesparax.jpg","datePublished":"2022-02-22T07:12:38+00:00","dateModified":"2022-03-22T00:41:54+00:00","breadcrumb":{"@id":"https:\/\/medicinasinc.com\/no\/product\/brallobarbital-vesparax\/#breadcrumb"},"inLanguage":"nn-NO","potentialAction":[{"@type":"ReadAction","target":["https:\/\/medicinasinc.com\/no\/product\/brallobarbital-vesparax\/"]}]},{"@type":"ImageObject","inLanguage":"nn-NO","@id":"https:\/\/medicinasinc.com\/no\/product\/brallobarbital-vesparax\/#primaryimage","url":"https:\/\/medicinasinc.com\/no\/wp-content\/uploads\/sites\/14\/2022\/02\/Brallobarbital-Vesparax.jpg","contentUrl":"https:\/\/medicinasinc.com\/no\/wp-content\/uploads\/sites\/14\/2022\/02\/Brallobarbital-Vesparax.jpg","width":600,"height":600},{"@type":"BreadcrumbList","@id":"https:\/\/medicinasinc.com\/no\/product\/brallobarbital-vesparax\/#breadcrumb","itemListElement":[{"@type":"ListItem","position":1,"name":"Butikk","item":"https:\/\/medicinasinc.com\/no\/butikk\/"},{"@type":"ListItem","position":2,"name":"Brallobarbital (Vesparax)"}]},{"@type":"WebSite","@id":"https:\/\/medicinasinc.com\/no\/#website","url":"https:\/\/medicinasinc.com\/no\/","name":"Medicinas Inc","description":"Helsemedisinsk klinikk","potentialAction":[{"@type":"SearchAction","target":{"@type":"EntryPoint","urlTemplate":"https:\/\/medicinasinc.com\/no\/?s={search_term_string}"},"query-input":{"@type":"PropertyValueSpecification","valueRequired":true,"valueName":"search_term_string"}}],"inLanguage":"nn-NO"}]}},"_links":{"self":[{"href":"https:\/\/medicinasinc.com\/no\/wp-json\/wp\/v2\/product\/5840","targetHints":{"allow":["GET"]}}],"collection":[{"href":"https:\/\/medicinasinc.com\/no\/wp-json\/wp\/v2\/product"}],"about":[{"href":"https:\/\/medicinasinc.com\/no\/wp-json\/wp\/v2\/types\/product"}],"replies":[{"embeddable":true,"href":"https:\/\/medicinasinc.com\/no\/wp-json\/wp\/v2\/comments?post=5840"}],"wp:featuredmedia":[{"embeddable":true,"href":"https:\/\/medicinasinc.com\/no\/wp-json\/wp\/v2\/media\/5850"}],"wp:attachment":[{"href":"https:\/\/medicinasinc.com\/no\/wp-json\/wp\/v2\/media?parent=5840"}],"wp:term":[{"taxonomy":"product_brand","embeddable":true,"href":"https:\/\/medicinasinc.com\/no\/wp-json\/wp\/v2\/product_brand?post=5840"},{"taxonomy":"product_cat","embeddable":true,"href":"https:\/\/medicinasinc.com\/no\/wp-json\/wp\/v2\/product_cat?post=5840"},{"taxonomy":"product_tag","embeddable":true,"href":"https:\/\/medicinasinc.com\/no\/wp-json\/wp\/v2\/product_tag?post=5840"}],"curies":[{"name":"wp","href":"https:\/\/api.w.org\/{rel}","templated":true}]}}