{"id":5834,"date":"2022-02-22T07:05:31","date_gmt":"2022-02-22T07:05:31","guid":{"rendered":"https:\/\/medicinasinc.com\/no\/?post_type=product&#038;p=5834"},"modified":"2022-03-22T00:42:04","modified_gmt":"2022-03-22T00:42:04","slug":"kjop-butabarbital-online","status":"publish","type":"product","link":"https:\/\/medicinasinc.com\/no\/product\/kjop-butabarbital-online\/","title":{"rendered":"Kj\u00f8p Butabarbital p\u00e5 nett"},"content":{"rendered":"<p>Kj\u00f8p Butabarbital Sodium 50 mg-tabletter fra The Best Pharmacy Online.<\/p>\n<p>Nembutal Online Pharmacy er det beste stedet \u00e5 kj\u00f8pe Butabarbital Sodium 50 mg-tabletter til lavest mulig pris. Vi har v\u00e6rt i farmas\u00f8ytisk industri over lang tid. Du kan stole p\u00e5 at vi gir best mulig omsorg for helsen din. V\u00e5re dyktige teammedlemmer vil gj\u00f8re alt for \u00e5 overg\u00e5 dine forventninger. Kj\u00f8p umiddelbart!<\/p>\n<p>Hvordan b\u00f8r du bruke butabarbitalnatrium etter at du har kj\u00f8pt det fra oss?<\/p>\n<p>Butabarbitalnatrium er en utmerket medisin for \u00e5 behandle s\u00f8vnl\u00f8shet hos mennesker. Vanligvis er det en korttidsmedisin. Dette stoffet kan brukes i den medisinske industrien som et beroligende middel f\u00f8r enhver operasjon.<\/p>\n<p>For \u00e5 sikre riktig administrering av butabarbitalnatrium, gir vi v\u00e5re kunder en manuell veiledning. Denne h\u00e5ndboken inneholder alle instruksjonene for medisinen. Du kan enkelt lese dem \u00e9n etter \u00e9n og bruke dem for de grunnene de var ment for. Du kan ha full tillit til v\u00e5rt anerkjente nettapotek. Vi vurderer konsekvent interessene til v\u00e5re verdsatte forbrukere. Vi er konstant opptatt av helsen til v\u00e5re kunder og inspiserer alle produkter f\u00f8r levering.<\/p>\n<p>Du kan kontakte oss for \u00e5 f\u00e5 de beste prisene p\u00e5 Butabarbital Sodium. Ekspertene v\u00e5re vil oversette bestillingen din og ordne den for umiddelbar levering. Medisinene dine vil bli sendt til deg innen tidsrammen spesifisert av v\u00e5rt nettapotek. Nembutal er tilgjengelig til en rabattpris akkurat n\u00e5!<\/p>\n","protected":false},"excerpt":{"rendered":"<p>Hvordan kan jeg f\u00e5 Butabarbital Sodium fra et Nembutal nettapotek?<\/p>\n<p>Nettbasert Nembutal Pharmacy er n\u00e5 tilgjengelig. Send inn bestillingsdetaljer og betaling for Butabarbital Sodium 50 mg tabletter p\u00e5 v\u00e5r offisielle nettside. N\u00e5r en bestilling er lagt inn, vil den bli behandlet innen den angitte tidsrammen. Legg inn din bestilling i dag!<\/p>\n","protected":false},"featured_media":5844,"comment_status":"open","ping_status":"closed","template":"","meta":[],"product_brand":[],"product_cat":[3818],"product_tag":[],"class_list":{"0":"post-5834","1":"product","2":"type-product","3":"status-publish","4":"has-post-thumbnail","6":"product_cat-pentobarbital-til-salg","8":"first","9":"instock","10":"shipping-taxable","11":"purchasable","12":"product-type-variable"},"yoast_head":"<!-- This site is optimized with the Yoast SEO plugin v27.3 - https:\/\/yoast.com\/product\/yoast-seo-wordpress\/ -->\n<title>Kj\u00f8p Butabarbital Online - Beste beste globale medisiner<\/title>\n<meta name=\"robots\" content=\"index, follow, max-snippet:-1, max-image-preview:large, max-video-preview:-1\" \/>\n<link rel=\"canonical\" href=\"https:\/\/medicinasinc.com\/no\/product\/kjop-butabarbital-online\/\" \/>\n<meta property=\"og:locale\" content=\"nn_NO\" \/>\n<meta property=\"og:type\" content=\"article\" \/>\n<meta property=\"og:title\" content=\"Kj\u00f8p Butabarbital Online - Beste beste globale medisiner\" \/>\n<meta property=\"og:description\" content=\"Hvordan kan jeg f\u00e5 Butabarbital Sodium fra et Nembutal nettapotek? Nettbasert Nembutal Pharmacy er n\u00e5 tilgjengelig. Send inn bestillingsdetaljer og betaling for Butabarbital Sodium 50 mg tabletter p\u00e5 v\u00e5r offisielle nettside. N\u00e5r en bestilling er lagt inn, vil den bli behandlet innen den angitte tidsrammen. Legg inn din bestilling i dag!\" \/>\n<meta property=\"og:url\" content=\"https:\/\/medicinasinc.com\/no\/product\/kjop-butabarbital-online\/\" \/>\n<meta property=\"og:site_name\" content=\"Medicinas Inc\" \/>\n<meta property=\"article:modified_time\" content=\"2022-03-22T00:42:04+00:00\" \/>\n<meta property=\"og:image\" content=\"https:\/\/medicinasinc.com\/no\/wp-content\/uploads\/sites\/14\/2022\/02\/Buy-Butabarbital.jpg\" \/>\n\t<meta property=\"og:image:width\" content=\"600\" \/>\n\t<meta property=\"og:image:height\" content=\"600\" \/>\n\t<meta property=\"og:image:type\" content=\"image\/jpeg\" \/>\n<meta name=\"twitter:card\" content=\"summary_large_image\" \/>\n<meta name=\"twitter:label1\" content=\"Est. reading time\" \/>\n\t<meta name=\"twitter:data1\" content=\"2 minutt\" \/>\n<script type=\"application\/ld+json\" class=\"yoast-schema-graph\">{\"@context\":\"https:\\\/\\\/schema.org\",\"@graph\":[{\"@type\":\"WebPage\",\"@id\":\"https:\\\/\\\/medicinasinc.com\\\/no\\\/product\\\/kjop-butabarbital-online\\\/\",\"url\":\"https:\\\/\\\/medicinasinc.com\\\/no\\\/product\\\/kjop-butabarbital-online\\\/\",\"name\":\"Kj\u00f8p Butabarbital Online - Beste beste globale medisiner\",\"isPartOf\":{\"@id\":\"https:\\\/\\\/medicinasinc.com\\\/no\\\/#website\"},\"primaryImageOfPage\":{\"@id\":\"https:\\\/\\\/medicinasinc.com\\\/no\\\/product\\\/kjop-butabarbital-online\\\/#primaryimage\"},\"image\":{\"@id\":\"https:\\\/\\\/medicinasinc.com\\\/no\\\/product\\\/kjop-butabarbital-online\\\/#primaryimage\"},\"thumbnailUrl\":\"https:\\\/\\\/medicinasinc.com\\\/no\\\/wp-content\\\/uploads\\\/sites\\\/14\\\/2022\\\/02\\\/Buy-Butabarbital.jpg\",\"datePublished\":\"2022-02-22T07:05:31+00:00\",\"dateModified\":\"2022-03-22T00:42:04+00:00\",\"breadcrumb\":{\"@id\":\"https:\\\/\\\/medicinasinc.com\\\/no\\\/product\\\/kjop-butabarbital-online\\\/#breadcrumb\"},\"inLanguage\":\"nn-NO\",\"potentialAction\":[{\"@type\":\"ReadAction\",\"target\":[\"https:\\\/\\\/medicinasinc.com\\\/no\\\/product\\\/kjop-butabarbital-online\\\/\"]}]},{\"@type\":\"ImageObject\",\"inLanguage\":\"nn-NO\",\"@id\":\"https:\\\/\\\/medicinasinc.com\\\/no\\\/product\\\/kjop-butabarbital-online\\\/#primaryimage\",\"url\":\"https:\\\/\\\/medicinasinc.com\\\/no\\\/wp-content\\\/uploads\\\/sites\\\/14\\\/2022\\\/02\\\/Buy-Butabarbital.jpg\",\"contentUrl\":\"https:\\\/\\\/medicinasinc.com\\\/no\\\/wp-content\\\/uploads\\\/sites\\\/14\\\/2022\\\/02\\\/Buy-Butabarbital.jpg\",\"width\":600,\"height\":600},{\"@type\":\"BreadcrumbList\",\"@id\":\"https:\\\/\\\/medicinasinc.com\\\/no\\\/product\\\/kjop-butabarbital-online\\\/#breadcrumb\",\"itemListElement\":[{\"@type\":\"ListItem\",\"position\":1,\"name\":\"Butikk\",\"item\":\"https:\\\/\\\/medicinasinc.com\\\/no\\\/butikk\\\/\"},{\"@type\":\"ListItem\",\"position\":2,\"name\":\"Kj\u00f8p Butabarbital p\u00e5 nett\"}]},{\"@type\":\"WebSite\",\"@id\":\"https:\\\/\\\/medicinasinc.com\\\/no\\\/#website\",\"url\":\"https:\\\/\\\/medicinasinc.com\\\/no\\\/\",\"name\":\"Medicinas Inc\",\"description\":\"Helsemedisinsk klinikk\",\"potentialAction\":[{\"@type\":\"SearchAction\",\"target\":{\"@type\":\"EntryPoint\",\"urlTemplate\":\"https:\\\/\\\/medicinasinc.com\\\/no\\\/?s={search_term_string}\"},\"query-input\":{\"@type\":\"PropertyValueSpecification\",\"valueRequired\":true,\"valueName\":\"search_term_string\"}}],\"inLanguage\":\"nn-NO\"}]}<\/script>\n<!-- \/ Yoast SEO plugin. -->","yoast_head_json":{"title":"Kj\u00f8p Butabarbital Online - Beste beste globale medisiner","robots":{"index":"index","follow":"follow","max-snippet":"max-snippet:-1","max-image-preview":"max-image-preview:large","max-video-preview":"max-video-preview:-1"},"canonical":"https:\/\/medicinasinc.com\/no\/product\/kjop-butabarbital-online\/","og_locale":"nn_NO","og_type":"article","og_title":"Kj\u00f8p Butabarbital Online - Beste beste globale medisiner","og_description":"Hvordan kan jeg f\u00e5 Butabarbital Sodium fra et Nembutal nettapotek? Nettbasert Nembutal Pharmacy er n\u00e5 tilgjengelig. Send inn bestillingsdetaljer og betaling for Butabarbital Sodium 50 mg tabletter p\u00e5 v\u00e5r offisielle nettside. N\u00e5r en bestilling er lagt inn, vil den bli behandlet innen den angitte tidsrammen. Legg inn din bestilling i dag!","og_url":"https:\/\/medicinasinc.com\/no\/product\/kjop-butabarbital-online\/","og_site_name":"Medicinas Inc","article_modified_time":"2022-03-22T00:42:04+00:00","og_image":[{"width":600,"height":600,"url":"https:\/\/medicinasinc.com\/no\/wp-content\/uploads\/sites\/14\/2022\/02\/Buy-Butabarbital.jpg","type":"image\/jpeg"}],"twitter_card":"summary_large_image","twitter_misc":{"Est. reading time":"2 minutt"},"schema":{"@context":"https:\/\/schema.org","@graph":[{"@type":"WebPage","@id":"https:\/\/medicinasinc.com\/no\/product\/kjop-butabarbital-online\/","url":"https:\/\/medicinasinc.com\/no\/product\/kjop-butabarbital-online\/","name":"Kj\u00f8p Butabarbital Online - Beste beste globale medisiner","isPartOf":{"@id":"https:\/\/medicinasinc.com\/no\/#website"},"primaryImageOfPage":{"@id":"https:\/\/medicinasinc.com\/no\/product\/kjop-butabarbital-online\/#primaryimage"},"image":{"@id":"https:\/\/medicinasinc.com\/no\/product\/kjop-butabarbital-online\/#primaryimage"},"thumbnailUrl":"https:\/\/medicinasinc.com\/no\/wp-content\/uploads\/sites\/14\/2022\/02\/Buy-Butabarbital.jpg","datePublished":"2022-02-22T07:05:31+00:00","dateModified":"2022-03-22T00:42:04+00:00","breadcrumb":{"@id":"https:\/\/medicinasinc.com\/no\/product\/kjop-butabarbital-online\/#breadcrumb"},"inLanguage":"nn-NO","potentialAction":[{"@type":"ReadAction","target":["https:\/\/medicinasinc.com\/no\/product\/kjop-butabarbital-online\/"]}]},{"@type":"ImageObject","inLanguage":"nn-NO","@id":"https:\/\/medicinasinc.com\/no\/product\/kjop-butabarbital-online\/#primaryimage","url":"https:\/\/medicinasinc.com\/no\/wp-content\/uploads\/sites\/14\/2022\/02\/Buy-Butabarbital.jpg","contentUrl":"https:\/\/medicinasinc.com\/no\/wp-content\/uploads\/sites\/14\/2022\/02\/Buy-Butabarbital.jpg","width":600,"height":600},{"@type":"BreadcrumbList","@id":"https:\/\/medicinasinc.com\/no\/product\/kjop-butabarbital-online\/#breadcrumb","itemListElement":[{"@type":"ListItem","position":1,"name":"Butikk","item":"https:\/\/medicinasinc.com\/no\/butikk\/"},{"@type":"ListItem","position":2,"name":"Kj\u00f8p Butabarbital p\u00e5 nett"}]},{"@type":"WebSite","@id":"https:\/\/medicinasinc.com\/no\/#website","url":"https:\/\/medicinasinc.com\/no\/","name":"Medicinas Inc","description":"Helsemedisinsk klinikk","potentialAction":[{"@type":"SearchAction","target":{"@type":"EntryPoint","urlTemplate":"https:\/\/medicinasinc.com\/no\/?s={search_term_string}"},"query-input":{"@type":"PropertyValueSpecification","valueRequired":true,"valueName":"search_term_string"}}],"inLanguage":"nn-NO"}]}},"_links":{"self":[{"href":"https:\/\/medicinasinc.com\/no\/wp-json\/wp\/v2\/product\/5834","targetHints":{"allow":["GET"]}}],"collection":[{"href":"https:\/\/medicinasinc.com\/no\/wp-json\/wp\/v2\/product"}],"about":[{"href":"https:\/\/medicinasinc.com\/no\/wp-json\/wp\/v2\/types\/product"}],"replies":[{"embeddable":true,"href":"https:\/\/medicinasinc.com\/no\/wp-json\/wp\/v2\/comments?post=5834"}],"wp:featuredmedia":[{"embeddable":true,"href":"https:\/\/medicinasinc.com\/no\/wp-json\/wp\/v2\/media\/5844"}],"wp:attachment":[{"href":"https:\/\/medicinasinc.com\/no\/wp-json\/wp\/v2\/media?parent=5834"}],"wp:term":[{"taxonomy":"product_brand","embeddable":true,"href":"https:\/\/medicinasinc.com\/no\/wp-json\/wp\/v2\/product_brand?post=5834"},{"taxonomy":"product_cat","embeddable":true,"href":"https:\/\/medicinasinc.com\/no\/wp-json\/wp\/v2\/product_cat?post=5834"},{"taxonomy":"product_tag","embeddable":true,"href":"https:\/\/medicinasinc.com\/no\/wp-json\/wp\/v2\/product_tag?post=5834"}],"curies":[{"name":"wp","href":"https:\/\/api.w.org\/{rel}","templated":true}]}}