{"id":5828,"date":"2022-02-22T06:59:00","date_gmt":"2022-02-22T06:59:00","guid":{"rendered":"https:\/\/medicinasinc.com\/no\/?post_type=product&#038;p=5828"},"modified":"2022-03-22T00:42:12","modified_gmt":"2022-03-22T00:42:12","slug":"kjop-butalbital-online","status":"publish","type":"product","link":"https:\/\/medicinasinc.com\/no\/product\/kjop-butalbital-online\/","title":{"rendered":"Kj\u00f8p Butalbital p\u00e5 nett"},"content":{"rendered":"<div class=\"mkdf-single-product-content\">\n<div class=\"mkdf-single-product-summary\">\n<div class=\"summary entry-summary\">\n<div class=\"woocommerce-tabs wc-tabs -wrapper\">\n<div id=\"tab-description\" class=\"woocommerce-Tabs-panel woocommerce-Tabs-panel--description panel entry-content wc-tab\" role=\"tabpanel\" aria-labelledby=\"tab-title -description\">\n<div id=\"ftwp-postcontent\">\n<p>Uten resept, kj\u00f8p Nembutal Butalbital fra det beste nettapoteket<\/p>\n<p>Nettapotek er et anerkjent nettapotek som er kjent for sin profesjonalitet og h\u00f8ykvalitetsmedisiner. Du kan enkelt f\u00e5 Nembutal Butalbital online uten resept fra denne siden. Vi er forpliktet til \u00e5 tilby et produkt av h\u00f8y kvalitet til kunder over hele verden. Vi ivaretar hver enkelt kundes behov og behov og m\u00f8ter dem alltid i tide.<\/p>\n<p>Du kan raskt kontakte oss via internettplattformen og anskaffe de \u00f8nskede medisinene innen kort tid. I dag kan du bestille Butalbital online!<\/p>\n<p>Hva er fordelene med Nembutal Butalbital?<\/p>\n<p>Butalbital er et reseptbelagt legemiddel som brukes i en kort periode. Denne medisinen kan brukes sammen med andre medisiner som paracetamol (acetaminophen) eller aspirin for \u00e5 lindre smerte og hodepine. I tillegg er den godkjent for \u00e5 behandle spenningshodepine.<\/p>\n<p>For \u00e5 kj\u00f8pe Butalbital online til den beste prisen, begynner du med \u00e5 legge den i handlekurven din. Etter at du har fullf\u00f8rt tillegget, kan du fortsette med fullf\u00f8ringen av betalingen. Vi har inkludert en rekke betalingsgatewayer. Du kan velge den mest passende og fullf\u00f8re betalingsprosessen for bestillingen din.<\/p>\n<p>Hvor kan jeg kj\u00f8pe Nembutal Butalbital Online til den beste prisen?<\/p>\n<p>Hvis du har f\u00e5tt foreskrevet Butalbital, er det er det p\u00e5 tide \u00e5 kj\u00f8pe Butalbital p\u00e5 nett fra v\u00e5rt Nembutal-apotek.<\/p>\n<p>Det har aldri v\u00e6rt enklere \u00e5 f\u00e5 kontakt med nettapoteket v\u00e5rt. Nettstedet v\u00e5rt er ekstremt grunnleggende og brukervennlig, noe som hjelper v\u00e5re forbrukere \u00e5 f\u00f8le seg vel n\u00e5r de bestiller produktene sine.<\/p>\n<\/p><\/div><\/div><\/div><\/div><\/div><\/div>\n","protected":false},"excerpt":{"rendered":"<p>V\u00e5rt nettapotek vil motta bestillingen din umiddelbart etter plassering. Vi vil prioritere det og fullf\u00f8re det s\u00e5 raskt som mulig. Vi bruker vanligvis 5 dager p\u00e5 \u00e5 levere varene, som kun dekker virkedager. I l\u00f8pet av en uke vil du f\u00e5 Nembutal Butalbital i best mulig stand. Legg inn kj\u00f8pet umiddelbart!<\/p>\n","protected":false},"featured_media":5838,"comment_status":"open","ping_status":"closed","template":"","meta":[],"product_brand":[],"product_cat":[3818],"product_tag":[3973,4002,1051,3928,3976,3978,4001,3980,3840,3982,4004,4005,4006,3979,3981,3983,3974,3975,3977,3845,3985,3986,3987,3988,3847,3984,3934,3989,3990,3999,3992,3991,3993,3994,3865,3995,3936,3996,4000,3997,3998,3972,4003],"class_list":{"0":"post-5828","1":"product","2":"type-product","3":"status-publish","4":"has-post-thumbnail","6":"product_cat-pentobarbital-til-salg","7":"product_tag-are","8":"product_tag-bestille-nembutal-online","9":"product_tag-buy-nembutal","10":"product_tag-buy-nembutal-online","11":"product_tag-buying-nembutal","12":"product_tag-drugs-prescribed-to-reduce-insomnia","13":"product_tag-oppn-nembutal","14":"product_tag-how-much-nembutal-is-fatal","15":"product_tag-how-to-acquire-nembutal","16":"product_tag-how-to-make-nembutal","17":"product_tag-hva-er-nembutal","18":"product_tag-hvor-kan-jeg-kjpe-nembutal","19":"product_tag-hvor-kan-kjpe-nembutal-i-mexico","20":"product_tag-hvor-mye-koster-nembutal","21":"product_tag-hvordan-f-nembutal","22":"product_tag-hvordan-ta-nembutal--d","23":"product_tag-kjp-nembutal-canada","24":"product_tag-kjp-nembutal-mexico","25":"product_tag-kjp-nembutal-online","26":"product_tag-nembutal","27":"product_tag-nembutal-china","28":"product_tag-nembutal-death","29":"product_tag-nembutal-definition","30":"product_tag-nembutal-letal-dose","31":"product_tag-nembutal-for-sale","32":"product_tag-nembutal-kapsler","33":"product_tag-nembutal-kjp-online","34":"product_tag-nembutal-mexico","35":"product_tag-nembutal-mexico-2018","36":"product_tag-nembutal-natrium","37":"product_tag-nembutal-reseptfri","38":"product_tag-nembutal-online","39":"product_tag-nembutal-pentobarbital","40":"product_tag-nembutal-pille","41":"product_tag-nembutal-piller-til-salg","42":"product_tag-nembutal-pris","43":"product_tag-ikke-butalt-pulver","44":"product_tag-nembutal-reddit","45":"product_tag-nembutal-suppository","46":"product_tag-nembutal-plan","47":"product_tag-nembutal-bivirkninger","48":"product_tag-og-amytal","49":"product_tag-sekundrt","51":"first","52":"instock","53":"shipping-taxable","54":"purchasable","55":"product-type-variable"},"yoast_head":"<!-- This site is optimized with the Yoast SEO plugin v27.3 - https:\/\/yoast.com\/product\/yoast-seo-wordpress\/ -->\n<title>Kj\u00f8p Butalbital Online - Beste beste globale medisiner<\/title>\n<meta name=\"robots\" content=\"index, follow, max-snippet:-1, max-image-preview:large, max-video-preview:-1\" \/>\n<link rel=\"canonical\" href=\"https:\/\/medicinasinc.com\/no\/product\/kjop-butalbital-online\/\" \/>\n<meta property=\"og:locale\" content=\"nn_NO\" \/>\n<meta property=\"og:type\" content=\"article\" \/>\n<meta property=\"og:title\" content=\"Kj\u00f8p Butalbital Online - Beste beste globale medisiner\" \/>\n<meta property=\"og:description\" content=\"V\u00e5rt nettapotek vil motta bestillingen din umiddelbart etter plassering. Vi vil prioritere det og fullf\u00f8re det s\u00e5 raskt som mulig. Vi bruker vanligvis 5 dager p\u00e5 \u00e5 levere varene, som kun dekker virkedager. I l\u00f8pet av en uke vil du f\u00e5 Nembutal Butalbital i best mulig stand. Legg inn kj\u00f8pet umiddelbart!\" \/>\n<meta property=\"og:url\" content=\"https:\/\/medicinasinc.com\/no\/product\/kjop-butalbital-online\/\" \/>\n<meta property=\"og:site_name\" content=\"Medicinas Inc\" \/>\n<meta property=\"article:modified_time\" content=\"2022-03-22T00:42:12+00:00\" \/>\n<meta property=\"og:image\" content=\"https:\/\/medicinasinc.com\/no\/wp-content\/uploads\/sites\/14\/2022\/02\/Buy-Butalbital-Online.jpg\" \/>\n\t<meta property=\"og:image:width\" content=\"600\" \/>\n\t<meta property=\"og:image:height\" content=\"600\" \/>\n\t<meta property=\"og:image:type\" content=\"image\/jpeg\" \/>\n<meta name=\"twitter:card\" content=\"summary_large_image\" \/>\n<meta name=\"twitter:label1\" content=\"Est. reading time\" \/>\n\t<meta name=\"twitter:data1\" content=\"2 minutt\" \/>\n<script type=\"application\/ld+json\" class=\"yoast-schema-graph\">{\"@context\":\"https:\\\/\\\/schema.org\",\"@graph\":[{\"@type\":\"WebPage\",\"@id\":\"https:\\\/\\\/medicinasinc.com\\\/no\\\/product\\\/kjop-butalbital-online\\\/\",\"url\":\"https:\\\/\\\/medicinasinc.com\\\/no\\\/product\\\/kjop-butalbital-online\\\/\",\"name\":\"Kj\u00f8p Butalbital Online - Beste beste globale medisiner\",\"isPartOf\":{\"@id\":\"https:\\\/\\\/medicinasinc.com\\\/no\\\/#website\"},\"primaryImageOfPage\":{\"@id\":\"https:\\\/\\\/medicinasinc.com\\\/no\\\/product\\\/kjop-butalbital-online\\\/#primaryimage\"},\"image\":{\"@id\":\"https:\\\/\\\/medicinasinc.com\\\/no\\\/product\\\/kjop-butalbital-online\\\/#primaryimage\"},\"thumbnailUrl\":\"https:\\\/\\\/medicinasinc.com\\\/no\\\/wp-content\\\/uploads\\\/sites\\\/14\\\/2022\\\/02\\\/Buy-Butalbital-Online.jpg\",\"datePublished\":\"2022-02-22T06:59:00+00:00\",\"dateModified\":\"2022-03-22T00:42:12+00:00\",\"breadcrumb\":{\"@id\":\"https:\\\/\\\/medicinasinc.com\\\/no\\\/product\\\/kjop-butalbital-online\\\/#breadcrumb\"},\"inLanguage\":\"nn-NO\",\"potentialAction\":[{\"@type\":\"ReadAction\",\"target\":[\"https:\\\/\\\/medicinasinc.com\\\/no\\\/product\\\/kjop-butalbital-online\\\/\"]}]},{\"@type\":\"ImageObject\",\"inLanguage\":\"nn-NO\",\"@id\":\"https:\\\/\\\/medicinasinc.com\\\/no\\\/product\\\/kjop-butalbital-online\\\/#primaryimage\",\"url\":\"https:\\\/\\\/medicinasinc.com\\\/no\\\/wp-content\\\/uploads\\\/sites\\\/14\\\/2022\\\/02\\\/Buy-Butalbital-Online.jpg\",\"contentUrl\":\"https:\\\/\\\/medicinasinc.com\\\/no\\\/wp-content\\\/uploads\\\/sites\\\/14\\\/2022\\\/02\\\/Buy-Butalbital-Online.jpg\",\"width\":600,\"height\":600},{\"@type\":\"BreadcrumbList\",\"@id\":\"https:\\\/\\\/medicinasinc.com\\\/no\\\/product\\\/kjop-butalbital-online\\\/#breadcrumb\",\"itemListElement\":[{\"@type\":\"ListItem\",\"position\":1,\"name\":\"Butikk\",\"item\":\"https:\\\/\\\/medicinasinc.com\\\/no\\\/butikk\\\/\"},{\"@type\":\"ListItem\",\"position\":2,\"name\":\"Kj\u00f8p Butalbital p\u00e5 nett\"}]},{\"@type\":\"WebSite\",\"@id\":\"https:\\\/\\\/medicinasinc.com\\\/no\\\/#website\",\"url\":\"https:\\\/\\\/medicinasinc.com\\\/no\\\/\",\"name\":\"Medicinas Inc\",\"description\":\"Helsemedisinsk klinikk\",\"potentialAction\":[{\"@type\":\"SearchAction\",\"target\":{\"@type\":\"EntryPoint\",\"urlTemplate\":\"https:\\\/\\\/medicinasinc.com\\\/no\\\/?s={search_term_string}\"},\"query-input\":{\"@type\":\"PropertyValueSpecification\",\"valueRequired\":true,\"valueName\":\"search_term_string\"}}],\"inLanguage\":\"nn-NO\"}]}<\/script>\n<!-- \/ Yoast SEO plugin. -->","yoast_head_json":{"title":"Kj\u00f8p Butalbital Online - Beste beste globale medisiner","robots":{"index":"index","follow":"follow","max-snippet":"max-snippet:-1","max-image-preview":"max-image-preview:large","max-video-preview":"max-video-preview:-1"},"canonical":"https:\/\/medicinasinc.com\/no\/product\/kjop-butalbital-online\/","og_locale":"nn_NO","og_type":"article","og_title":"Kj\u00f8p Butalbital Online - Beste beste globale medisiner","og_description":"V\u00e5rt nettapotek vil motta bestillingen din umiddelbart etter plassering. Vi vil prioritere det og fullf\u00f8re det s\u00e5 raskt som mulig. Vi bruker vanligvis 5 dager p\u00e5 \u00e5 levere varene, som kun dekker virkedager. I l\u00f8pet av en uke vil du f\u00e5 Nembutal Butalbital i best mulig stand. Legg inn kj\u00f8pet umiddelbart!","og_url":"https:\/\/medicinasinc.com\/no\/product\/kjop-butalbital-online\/","og_site_name":"Medicinas Inc","article_modified_time":"2022-03-22T00:42:12+00:00","og_image":[{"width":600,"height":600,"url":"https:\/\/medicinasinc.com\/no\/wp-content\/uploads\/sites\/14\/2022\/02\/Buy-Butalbital-Online.jpg","type":"image\/jpeg"}],"twitter_card":"summary_large_image","twitter_misc":{"Est. reading time":"2 minutt"},"schema":{"@context":"https:\/\/schema.org","@graph":[{"@type":"WebPage","@id":"https:\/\/medicinasinc.com\/no\/product\/kjop-butalbital-online\/","url":"https:\/\/medicinasinc.com\/no\/product\/kjop-butalbital-online\/","name":"Kj\u00f8p Butalbital Online - Beste beste globale medisiner","isPartOf":{"@id":"https:\/\/medicinasinc.com\/no\/#website"},"primaryImageOfPage":{"@id":"https:\/\/medicinasinc.com\/no\/product\/kjop-butalbital-online\/#primaryimage"},"image":{"@id":"https:\/\/medicinasinc.com\/no\/product\/kjop-butalbital-online\/#primaryimage"},"thumbnailUrl":"https:\/\/medicinasinc.com\/no\/wp-content\/uploads\/sites\/14\/2022\/02\/Buy-Butalbital-Online.jpg","datePublished":"2022-02-22T06:59:00+00:00","dateModified":"2022-03-22T00:42:12+00:00","breadcrumb":{"@id":"https:\/\/medicinasinc.com\/no\/product\/kjop-butalbital-online\/#breadcrumb"},"inLanguage":"nn-NO","potentialAction":[{"@type":"ReadAction","target":["https:\/\/medicinasinc.com\/no\/product\/kjop-butalbital-online\/"]}]},{"@type":"ImageObject","inLanguage":"nn-NO","@id":"https:\/\/medicinasinc.com\/no\/product\/kjop-butalbital-online\/#primaryimage","url":"https:\/\/medicinasinc.com\/no\/wp-content\/uploads\/sites\/14\/2022\/02\/Buy-Butalbital-Online.jpg","contentUrl":"https:\/\/medicinasinc.com\/no\/wp-content\/uploads\/sites\/14\/2022\/02\/Buy-Butalbital-Online.jpg","width":600,"height":600},{"@type":"BreadcrumbList","@id":"https:\/\/medicinasinc.com\/no\/product\/kjop-butalbital-online\/#breadcrumb","itemListElement":[{"@type":"ListItem","position":1,"name":"Butikk","item":"https:\/\/medicinasinc.com\/no\/butikk\/"},{"@type":"ListItem","position":2,"name":"Kj\u00f8p Butalbital p\u00e5 nett"}]},{"@type":"WebSite","@id":"https:\/\/medicinasinc.com\/no\/#website","url":"https:\/\/medicinasinc.com\/no\/","name":"Medicinas Inc","description":"Helsemedisinsk klinikk","potentialAction":[{"@type":"SearchAction","target":{"@type":"EntryPoint","urlTemplate":"https:\/\/medicinasinc.com\/no\/?s={search_term_string}"},"query-input":{"@type":"PropertyValueSpecification","valueRequired":true,"valueName":"search_term_string"}}],"inLanguage":"nn-NO"}]}},"_links":{"self":[{"href":"https:\/\/medicinasinc.com\/no\/wp-json\/wp\/v2\/product\/5828","targetHints":{"allow":["GET"]}}],"collection":[{"href":"https:\/\/medicinasinc.com\/no\/wp-json\/wp\/v2\/product"}],"about":[{"href":"https:\/\/medicinasinc.com\/no\/wp-json\/wp\/v2\/types\/product"}],"replies":[{"embeddable":true,"href":"https:\/\/medicinasinc.com\/no\/wp-json\/wp\/v2\/comments?post=5828"}],"wp:featuredmedia":[{"embeddable":true,"href":"https:\/\/medicinasinc.com\/no\/wp-json\/wp\/v2\/media\/5838"}],"wp:attachment":[{"href":"https:\/\/medicinasinc.com\/no\/wp-json\/wp\/v2\/media?parent=5828"}],"wp:term":[{"taxonomy":"product_brand","embeddable":true,"href":"https:\/\/medicinasinc.com\/no\/wp-json\/wp\/v2\/product_brand?post=5828"},{"taxonomy":"product_cat","embeddable":true,"href":"https:\/\/medicinasinc.com\/no\/wp-json\/wp\/v2\/product_cat?post=5828"},{"taxonomy":"product_tag","embeddable":true,"href":"https:\/\/medicinasinc.com\/no\/wp-json\/wp\/v2\/product_tag?post=5828"}],"curies":[{"name":"wp","href":"https:\/\/api.w.org\/{rel}","templated":true}]}}