{"id":5822,"date":"2022-02-22T06:52:56","date_gmt":"2022-02-22T06:52:56","guid":{"rendered":"https:\/\/medicinasinc.com\/no\/?post_type=product&#038;p=5822"},"modified":"2022-03-22T00:42:23","modified_gmt":"2022-03-22T00:42:23","slug":"kjop-nembutal-pentobarbital","status":"publish","type":"product","link":"https:\/\/medicinasinc.com\/no\/product\/kjop-nembutal-pentobarbital\/","title":{"rendered":"Kj\u00f8p Nembutal Pentobarbital"},"content":{"rendered":"<p>Nettkj\u00f8p av Nembutal Pentobarbital fra The Best Global Meds<\/p>\n<p>Nettbasert Nembutal Pharmacy er den eneste anerkjente kilden for \u00e5 kj\u00f8pe Nembutal Pentobarbital p\u00e5 nettet til lavest mulig pris.<\/p>\n<p>S\u00e5 snart vi mottar bestillingsdataene dine, vil vi begynne forberedelsesprosessen, etterfulgt av levering. V\u00e5re teammedlemmer vil trygt pakke medisinene dine og raskt levere dem til deg. Du kan forvente intet mindre enn det beste fra oss n\u00e5r det gjelder kvaliteten og aktualiteten til Nembutal Pentobarbital.<\/p>\n<p>Hva b\u00f8r du kj\u00f8pe n\u00e5r du kj\u00f8per Nembutal Pentobarbital? Hvilket sted er det passende \u00e5 kj\u00f8pe det?<\/p>\n<p>Nembutal Pentobarbital er en effektiv anfallsmedisin som vanligvis brukes sammen med andre reseptbelagte medisiner. Hvis du har en anfallsforstyrrelse, er denne medisinen perfekt for deg. Du kan g\u00e5 gjennom dagen med full vitalitet, uten bekymring for anfallsepisoden. Det har en effekt p\u00e5 mange omr\u00e5der av hjernen, noe som resulterer i en tilstand av ro i kroppen.<\/p>\n<p>Nembutal Pentobarbital Online Pharmacy er det beste nettstedet for \u00e5 kj\u00f8pe Nembutal Pentobarbital online til den laveste prisen. Dette stoffet selges her i best mulig stand og med den st\u00f8rste forsiktighet. Alle v\u00e5re medisiner er laboratorietestet og gjenstand for en rekke tester. Vi har inng\u00e5tt samarbeid med verdens ledende farmas\u00f8ytiske produsenter. F\u00e5r du medisiner fra oss, er det ingen grunn til \u00e5 bekymre deg for noe. Du vil utvilsomt f\u00e5 st\u00f8rst mulig omsorg for helsen din!<\/p>\n","protected":false},"excerpt":{"rendered":"<p>Hvilke Nembutal Phenobarbital doseringsformer trenger du?<\/p>\n<p>Alle i verden kan kj\u00f8pe Nembutal online fra et nettapotek. Ta kontakt med oss \u200b\u200bn\u00e5r som helst, fra hvor som helst. Eventuelle sp\u00f8rsm\u00e5l eller bekymringer v\u00e5re kunder har vil bli behandlet umiddelbart av en av v\u00e5re kundeservicerepresentanter. Kvaliteten p\u00e5 medisinene dine eller statusen til leveringen er aldri et problem n\u00e5r du jobber med oss. Nembutal Phenobarbital til salgs kan kj\u00f8pes via telefon, e-post eller tekstmelding. N\u00e5 er tiden inne for \u00e5 koble til!<\/p>\n","protected":false},"featured_media":5832,"comment_status":"open","ping_status":"closed","template":"","meta":[],"product_brand":[],"product_cat":[3818],"product_tag":[],"class_list":{"0":"post-5822","1":"product","2":"type-product","3":"status-publish","4":"has-post-thumbnail","6":"product_cat-pentobarbital-til-salg","8":"first","9":"instock","10":"shipping-taxable","11":"purchasable","12":"product-type-variable"},"yoast_head":"<!-- This site is optimized with the Yoast SEO plugin v27.3 - https:\/\/yoast.com\/product\/yoast-seo-wordpress\/ -->\n<title>Kj\u00f8p Nembutal Pentobarbital - Beste globale medisiner<\/title>\n<meta name=\"robots\" content=\"index, follow, max-snippet:-1, max-image-preview:large, max-video-preview:-1\" \/>\n<link rel=\"canonical\" href=\"https:\/\/medicinasinc.com\/no\/product\/kjop-nembutal-pentobarbital\/\" \/>\n<meta property=\"og:locale\" content=\"nn_NO\" \/>\n<meta property=\"og:type\" content=\"article\" \/>\n<meta property=\"og:title\" content=\"Kj\u00f8p Nembutal Pentobarbital - Beste globale medisiner\" \/>\n<meta property=\"og:description\" content=\"Hvilke Nembutal Phenobarbital doseringsformer trenger du? Alle i verden kan kj\u00f8pe Nembutal online fra et nettapotek. Ta kontakt med oss \u200b\u200bn\u00e5r som helst, fra hvor som helst. Eventuelle sp\u00f8rsm\u00e5l eller bekymringer v\u00e5re kunder har vil bli behandlet umiddelbart av en av v\u00e5re kundeservicerepresentanter. Kvaliteten p\u00e5 medisinene dine eller statusen til leveringen er aldri et problem n\u00e5r du jobber med oss. Nembutal Phenobarbital til salgs kan kj\u00f8pes via telefon, e-post eller tekstmelding. N\u00e5 er tiden inne for \u00e5 koble til!\" \/>\n<meta property=\"og:url\" content=\"https:\/\/medicinasinc.com\/no\/product\/kjop-nembutal-pentobarbital\/\" \/>\n<meta property=\"og:site_name\" content=\"Medicinas Inc\" \/>\n<meta property=\"article:modified_time\" content=\"2022-03-22T00:42:23+00:00\" \/>\n<meta property=\"og:image\" content=\"https:\/\/medicinasinc.com\/no\/wp-content\/uploads\/sites\/14\/2022\/02\/buy-Nembutal-Pentobarbital-1.jpg\" \/>\n\t<meta property=\"og:image:width\" content=\"600\" \/>\n\t<meta property=\"og:image:height\" content=\"600\" \/>\n\t<meta property=\"og:image:type\" content=\"image\/jpeg\" \/>\n<meta name=\"twitter:card\" content=\"summary_large_image\" \/>\n<meta name=\"twitter:label1\" content=\"Est. reading time\" \/>\n\t<meta name=\"twitter:data1\" content=\"2 minutt\" \/>\n<script type=\"application\/ld+json\" class=\"yoast-schema-graph\">{\"@context\":\"https:\\\/\\\/schema.org\",\"@graph\":[{\"@type\":\"WebPage\",\"@id\":\"https:\\\/\\\/medicinasinc.com\\\/no\\\/product\\\/kjop-nembutal-pentobarbital\\\/\",\"url\":\"https:\\\/\\\/medicinasinc.com\\\/no\\\/product\\\/kjop-nembutal-pentobarbital\\\/\",\"name\":\"Kj\u00f8p Nembutal Pentobarbital - Beste globale medisiner\",\"isPartOf\":{\"@id\":\"https:\\\/\\\/medicinasinc.com\\\/no\\\/#website\"},\"primaryImageOfPage\":{\"@id\":\"https:\\\/\\\/medicinasinc.com\\\/no\\\/product\\\/kjop-nembutal-pentobarbital\\\/#primaryimage\"},\"image\":{\"@id\":\"https:\\\/\\\/medicinasinc.com\\\/no\\\/product\\\/kjop-nembutal-pentobarbital\\\/#primaryimage\"},\"thumbnailUrl\":\"https:\\\/\\\/medicinasinc.com\\\/no\\\/wp-content\\\/uploads\\\/sites\\\/14\\\/2022\\\/02\\\/buy-Nembutal-Pentobarbital-1.jpg\",\"datePublished\":\"2022-02-22T06:52:56+00:00\",\"dateModified\":\"2022-03-22T00:42:23+00:00\",\"breadcrumb\":{\"@id\":\"https:\\\/\\\/medicinasinc.com\\\/no\\\/product\\\/kjop-nembutal-pentobarbital\\\/#breadcrumb\"},\"inLanguage\":\"nn-NO\",\"potentialAction\":[{\"@type\":\"ReadAction\",\"target\":[\"https:\\\/\\\/medicinasinc.com\\\/no\\\/product\\\/kjop-nembutal-pentobarbital\\\/\"]}]},{\"@type\":\"ImageObject\",\"inLanguage\":\"nn-NO\",\"@id\":\"https:\\\/\\\/medicinasinc.com\\\/no\\\/product\\\/kjop-nembutal-pentobarbital\\\/#primaryimage\",\"url\":\"https:\\\/\\\/medicinasinc.com\\\/no\\\/wp-content\\\/uploads\\\/sites\\\/14\\\/2022\\\/02\\\/buy-Nembutal-Pentobarbital-1.jpg\",\"contentUrl\":\"https:\\\/\\\/medicinasinc.com\\\/no\\\/wp-content\\\/uploads\\\/sites\\\/14\\\/2022\\\/02\\\/buy-Nembutal-Pentobarbital-1.jpg\",\"width\":600,\"height\":600},{\"@type\":\"BreadcrumbList\",\"@id\":\"https:\\\/\\\/medicinasinc.com\\\/no\\\/product\\\/kjop-nembutal-pentobarbital\\\/#breadcrumb\",\"itemListElement\":[{\"@type\":\"ListItem\",\"position\":1,\"name\":\"Butikk\",\"item\":\"https:\\\/\\\/medicinasinc.com\\\/no\\\/butikk\\\/\"},{\"@type\":\"ListItem\",\"position\":2,\"name\":\"Kj\u00f8p Nembutal Pentobarbital\"}]},{\"@type\":\"WebSite\",\"@id\":\"https:\\\/\\\/medicinasinc.com\\\/no\\\/#website\",\"url\":\"https:\\\/\\\/medicinasinc.com\\\/no\\\/\",\"name\":\"Medicinas Inc\",\"description\":\"Helsemedisinsk klinikk\",\"potentialAction\":[{\"@type\":\"SearchAction\",\"target\":{\"@type\":\"EntryPoint\",\"urlTemplate\":\"https:\\\/\\\/medicinasinc.com\\\/no\\\/?s={search_term_string}\"},\"query-input\":{\"@type\":\"PropertyValueSpecification\",\"valueRequired\":true,\"valueName\":\"search_term_string\"}}],\"inLanguage\":\"nn-NO\"}]}<\/script>\n<!-- \/ Yoast SEO plugin. -->","yoast_head_json":{"title":"Kj\u00f8p Nembutal Pentobarbital - Beste globale medisiner","robots":{"index":"index","follow":"follow","max-snippet":"max-snippet:-1","max-image-preview":"max-image-preview:large","max-video-preview":"max-video-preview:-1"},"canonical":"https:\/\/medicinasinc.com\/no\/product\/kjop-nembutal-pentobarbital\/","og_locale":"nn_NO","og_type":"article","og_title":"Kj\u00f8p Nembutal Pentobarbital - Beste globale medisiner","og_description":"Hvilke Nembutal Phenobarbital doseringsformer trenger du? Alle i verden kan kj\u00f8pe Nembutal online fra et nettapotek. Ta kontakt med oss \u200b\u200bn\u00e5r som helst, fra hvor som helst. Eventuelle sp\u00f8rsm\u00e5l eller bekymringer v\u00e5re kunder har vil bli behandlet umiddelbart av en av v\u00e5re kundeservicerepresentanter. Kvaliteten p\u00e5 medisinene dine eller statusen til leveringen er aldri et problem n\u00e5r du jobber med oss. Nembutal Phenobarbital til salgs kan kj\u00f8pes via telefon, e-post eller tekstmelding. N\u00e5 er tiden inne for \u00e5 koble til!","og_url":"https:\/\/medicinasinc.com\/no\/product\/kjop-nembutal-pentobarbital\/","og_site_name":"Medicinas Inc","article_modified_time":"2022-03-22T00:42:23+00:00","og_image":[{"width":600,"height":600,"url":"https:\/\/medicinasinc.com\/no\/wp-content\/uploads\/sites\/14\/2022\/02\/buy-Nembutal-Pentobarbital-1.jpg","type":"image\/jpeg"}],"twitter_card":"summary_large_image","twitter_misc":{"Est. reading time":"2 minutt"},"schema":{"@context":"https:\/\/schema.org","@graph":[{"@type":"WebPage","@id":"https:\/\/medicinasinc.com\/no\/product\/kjop-nembutal-pentobarbital\/","url":"https:\/\/medicinasinc.com\/no\/product\/kjop-nembutal-pentobarbital\/","name":"Kj\u00f8p Nembutal Pentobarbital - Beste globale medisiner","isPartOf":{"@id":"https:\/\/medicinasinc.com\/no\/#website"},"primaryImageOfPage":{"@id":"https:\/\/medicinasinc.com\/no\/product\/kjop-nembutal-pentobarbital\/#primaryimage"},"image":{"@id":"https:\/\/medicinasinc.com\/no\/product\/kjop-nembutal-pentobarbital\/#primaryimage"},"thumbnailUrl":"https:\/\/medicinasinc.com\/no\/wp-content\/uploads\/sites\/14\/2022\/02\/buy-Nembutal-Pentobarbital-1.jpg","datePublished":"2022-02-22T06:52:56+00:00","dateModified":"2022-03-22T00:42:23+00:00","breadcrumb":{"@id":"https:\/\/medicinasinc.com\/no\/product\/kjop-nembutal-pentobarbital\/#breadcrumb"},"inLanguage":"nn-NO","potentialAction":[{"@type":"ReadAction","target":["https:\/\/medicinasinc.com\/no\/product\/kjop-nembutal-pentobarbital\/"]}]},{"@type":"ImageObject","inLanguage":"nn-NO","@id":"https:\/\/medicinasinc.com\/no\/product\/kjop-nembutal-pentobarbital\/#primaryimage","url":"https:\/\/medicinasinc.com\/no\/wp-content\/uploads\/sites\/14\/2022\/02\/buy-Nembutal-Pentobarbital-1.jpg","contentUrl":"https:\/\/medicinasinc.com\/no\/wp-content\/uploads\/sites\/14\/2022\/02\/buy-Nembutal-Pentobarbital-1.jpg","width":600,"height":600},{"@type":"BreadcrumbList","@id":"https:\/\/medicinasinc.com\/no\/product\/kjop-nembutal-pentobarbital\/#breadcrumb","itemListElement":[{"@type":"ListItem","position":1,"name":"Butikk","item":"https:\/\/medicinasinc.com\/no\/butikk\/"},{"@type":"ListItem","position":2,"name":"Kj\u00f8p Nembutal Pentobarbital"}]},{"@type":"WebSite","@id":"https:\/\/medicinasinc.com\/no\/#website","url":"https:\/\/medicinasinc.com\/no\/","name":"Medicinas Inc","description":"Helsemedisinsk klinikk","potentialAction":[{"@type":"SearchAction","target":{"@type":"EntryPoint","urlTemplate":"https:\/\/medicinasinc.com\/no\/?s={search_term_string}"},"query-input":{"@type":"PropertyValueSpecification","valueRequired":true,"valueName":"search_term_string"}}],"inLanguage":"nn-NO"}]}},"_links":{"self":[{"href":"https:\/\/medicinasinc.com\/no\/wp-json\/wp\/v2\/product\/5822","targetHints":{"allow":["GET"]}}],"collection":[{"href":"https:\/\/medicinasinc.com\/no\/wp-json\/wp\/v2\/product"}],"about":[{"href":"https:\/\/medicinasinc.com\/no\/wp-json\/wp\/v2\/types\/product"}],"replies":[{"embeddable":true,"href":"https:\/\/medicinasinc.com\/no\/wp-json\/wp\/v2\/comments?post=5822"}],"wp:featuredmedia":[{"embeddable":true,"href":"https:\/\/medicinasinc.com\/no\/wp-json\/wp\/v2\/media\/5832"}],"wp:attachment":[{"href":"https:\/\/medicinasinc.com\/no\/wp-json\/wp\/v2\/media?parent=5822"}],"wp:term":[{"taxonomy":"product_brand","embeddable":true,"href":"https:\/\/medicinasinc.com\/no\/wp-json\/wp\/v2\/product_brand?post=5822"},{"taxonomy":"product_cat","embeddable":true,"href":"https:\/\/medicinasinc.com\/no\/wp-json\/wp\/v2\/product_cat?post=5822"},{"taxonomy":"product_tag","embeddable":true,"href":"https:\/\/medicinasinc.com\/no\/wp-json\/wp\/v2\/product_tag?post=5822"}],"curies":[{"name":"wp","href":"https:\/\/api.w.org\/{rel}","templated":true}]}}