{"id":5816,"date":"2022-02-22T06:47:51","date_gmt":"2022-02-22T06:47:51","guid":{"rendered":"https:\/\/medicinasinc.com\/no\/?post_type=product&#038;p=5816"},"modified":"2022-03-22T00:42:33","modified_gmt":"2022-03-22T00:42:33","slug":"kjop-nembutal-piller","status":"publish","type":"product","link":"https:\/\/medicinasinc.com\/no\/product\/kjop-nembutal-piller\/","title":{"rendered":"Kj\u00f8p Nembutal-piller"},"content":{"rendered":"<p>Nembutal-piller til salgs fra det beste nettapoteket til lave priser<\/p>\n<p>Du kan n\u00e5 kj\u00f8pe Nembutal-tabletter hos Best Global Meds og bruke dem til sitt fulle potensiale for helsen din. Vi tar bestillingen din i betraktning og s\u00f8rger for at den kommer dit den skal. Hvis du \u00f8nsker \u00e5 kj\u00f8pe Nembutal-piller for salg, ta kontakt med oss \u200b\u200bi dag.<\/p>\n<p>Vi er i stand til \u00e5 tilby Nembutal-tabletter p\u00e5 en n\u00f8yaktig m\u00e5te p\u00e5 grunn av v\u00e5rt fantastiske rykte i bransjen. For \u00e5 sikre at v\u00e5re kunder mottar bestillingene sine s\u00e5 raskt som mulig, bruker vi en enkel og hensiktsmessig fraktprosess. Vi gj\u00f8r v\u00e5rt ytterste for \u00e5 sikre at v\u00e5re kunder ikke trenger \u00e5 vente p\u00e5 produktene sine.<\/p>\n<p>Som et profesjonelt nettapotek g\u00e5r vi ikke glipp av noe n\u00e5r det gjelder \u00e5 s\u00f8rge for at bestillingen din kommer i tide . For \u00e5 sikre at ingenting blir oversett, overv\u00e5ker et medlem av teamet v\u00e5rt alt 24 timer i d\u00f8gnet. Vi \u00f8nsker at v\u00e5re forbrukere skal ha st\u00f8rst mulig omsorg for deres velv\u00e6re.<\/p>\n<p>Hva er form\u00e5let med Nembutal-piller?<\/p>\n<p>\u00c5 kj\u00f8pe Nembutal-piller fra en lokal dispensary eller apotek vil ikke f\u00e5 du rett og slett et gammelt stoff. Ved behandling av s\u00f8vnmangel er det et narkotikum som brukes i h\u00f8ye doser. Pasienter ved sykehus og medisinske klinikker blir satt i dvale ved hjelp av Nembutal-piller av leger og kirurger for \u00e5 fortsette med prosessen. For de som trenger Nembutal-piller, kan du kontakte Online Nembutal Pharmacy, et internettapotek p\u00e5 toppniv\u00e5. Her finner du det beste av det beste. Ta kontakt med oss \u200b\u200bmed en gang!<\/p>\n","protected":false},"excerpt":{"rendered":"<p>Hvordan finner du det beste nettapoteket for \u00e5 kj\u00f8pe Nembutal-piller?<\/p>\n<p>Kj\u00f8p Nembutal [Piller fra v\u00e5rt utvalg av Pentobarbital Sodium-piller og injeksjoner, Barbiturates-medisiner og Nembutal til salgs i n\u00e6rheten av meg med sikker transport.<\/p>\n<p>Hvis du er usikker p\u00e5 hvordan du kobler deg til det beste nettapoteket for \u00e5 kj\u00f8pe Nembutal-tabletter p\u00e5 nettet, er Pentobarbital Global Meds alltid tilgjengelig for \u00e5 hjelpe deg. Vi er her for \u00e5 hjelpe deg med \u00e5 kj\u00f8pe Nembutal-piller online til lavest mulig pris. Du kan legge inn bestillingen her og vente p\u00e5 at den blir fullf\u00f8rt i tide. Vi vil ikke forsinke leveringen p\u00e5 noen m\u00e5te som er un\u00f8dvendig. Kontakt oss umiddelbart!<\/p>\n","protected":false},"featured_media":5826,"comment_status":"open","ping_status":"closed","template":"","meta":[],"product_brand":[],"product_cat":[3818],"product_tag":[3871,3825,3832,3837,3915,3839,3862,3857,3864,3858,3859,3861,3860,3863,3868,3867,3865],"class_list":{"0":"post-5816","1":"product","2":"type-product","3":"status-publish","4":"has-post-thumbnail","6":"product_cat-pentobarbital-til-salg","7":"product_tag-bestille-nembutal-piller","8":"product_tag-buy-nembutal-pills-online","9":"product_tag-can-i-order-nembutal-online","10":"product_tag-how-can-i-order-nembutal-pills","11":"product_tag-hvor-kan-jeg-kjpe-nembutal-piller","12":"product_tag-hvordan-kan-jeg-ta-nembutal","13":"product_tag-nembutal-piller-kjp-p-nettet","14":"product_tag-nembutal-piller","15":"product_tag-nembutal-piller-dose","16":"product_tag-nembutal-piller-kjp","17":"product_tag-nembutal-piller-kjp-australia","18":"product_tag-nembutal-piller-kjp-europe","19":"product_tag-nembutal-piller-kjp-sterrike","20":"product_tag-nembutal-piller-kjp-uk","21":"product_tag-nembutal-piller-leverandr","22":"product_tag-nembutal-piller-overdose","23":"product_tag-nembutal-piller-til-salg","25":"first","26":"instock","27":"shipping-taxable","28":"purchasable","29":"product-type-variable"},"yoast_head":"<!-- This site is optimized with the Yoast SEO plugin v27.3 - https:\/\/yoast.com\/product\/yoast-seo-wordpress\/ -->\n<title>Kj\u00f8p Nembutal-piller - Beste beste globale medisiner<\/title>\n<meta name=\"description\" content=\"Kj\u00f8p Nembutal [Piller fra v\u00e5re Pentobarbital Sodium piller &amp; injeksjoner, barbiturater og Nembutal til salgs i n\u00e6rheten av meg med sikker forsendelse.\" \/>\n<meta name=\"robots\" content=\"index, follow, max-snippet:-1, max-image-preview:large, max-video-preview:-1\" \/>\n<link rel=\"canonical\" href=\"https:\/\/medicinasinc.com\/no\/product\/kjop-nembutal-piller\/\" \/>\n<meta property=\"og:locale\" content=\"nn_NO\" \/>\n<meta property=\"og:type\" content=\"article\" \/>\n<meta property=\"og:title\" content=\"Kj\u00f8p Nembutal-piller - Beste beste globale medisiner\" \/>\n<meta property=\"og:description\" content=\"Kj\u00f8p Nembutal [Piller fra v\u00e5re Pentobarbital Sodium piller &amp; injeksjoner, barbiturater og Nembutal til salgs i n\u00e6rheten av meg med sikker forsendelse.\" \/>\n<meta property=\"og:url\" content=\"https:\/\/medicinasinc.com\/no\/product\/kjop-nembutal-piller\/\" \/>\n<meta property=\"og:site_name\" content=\"Medicinas Inc\" \/>\n<meta property=\"article:modified_time\" content=\"2022-03-22T00:42:33+00:00\" \/>\n<meta property=\"og:image\" content=\"https:\/\/medicinasinc.com\/no\/wp-content\/uploads\/sites\/14\/2022\/02\/Buy-Nembutal-Pills.jpg\" \/>\n\t<meta property=\"og:image:width\" content=\"600\" \/>\n\t<meta property=\"og:image:height\" content=\"600\" \/>\n\t<meta property=\"og:image:type\" content=\"image\/jpeg\" \/>\n<meta name=\"twitter:card\" content=\"summary_large_image\" \/>\n<meta name=\"twitter:label1\" content=\"Est. reading time\" \/>\n\t<meta name=\"twitter:data1\" content=\"2 minutt\" \/>\n<script type=\"application\/ld+json\" class=\"yoast-schema-graph\">{\"@context\":\"https:\\\/\\\/schema.org\",\"@graph\":[{\"@type\":\"WebPage\",\"@id\":\"https:\\\/\\\/medicinasinc.com\\\/no\\\/product\\\/kjop-nembutal-piller\\\/\",\"url\":\"https:\\\/\\\/medicinasinc.com\\\/no\\\/product\\\/kjop-nembutal-piller\\\/\",\"name\":\"Kj\u00f8p Nembutal-piller - Beste beste globale medisiner\",\"isPartOf\":{\"@id\":\"https:\\\/\\\/medicinasinc.com\\\/no\\\/#website\"},\"primaryImageOfPage\":{\"@id\":\"https:\\\/\\\/medicinasinc.com\\\/no\\\/product\\\/kjop-nembutal-piller\\\/#primaryimage\"},\"image\":{\"@id\":\"https:\\\/\\\/medicinasinc.com\\\/no\\\/product\\\/kjop-nembutal-piller\\\/#primaryimage\"},\"thumbnailUrl\":\"https:\\\/\\\/medicinasinc.com\\\/no\\\/wp-content\\\/uploads\\\/sites\\\/14\\\/2022\\\/02\\\/Buy-Nembutal-Pills.jpg\",\"datePublished\":\"2022-02-22T06:47:51+00:00\",\"dateModified\":\"2022-03-22T00:42:33+00:00\",\"description\":\"Kj\u00f8p Nembutal [Piller fra v\u00e5re Pentobarbital Sodium piller &amp; injeksjoner, barbiturater og Nembutal til salgs i n\u00e6rheten av meg med sikker forsendelse.\",\"breadcrumb\":{\"@id\":\"https:\\\/\\\/medicinasinc.com\\\/no\\\/product\\\/kjop-nembutal-piller\\\/#breadcrumb\"},\"inLanguage\":\"nn-NO\",\"potentialAction\":[{\"@type\":\"ReadAction\",\"target\":[\"https:\\\/\\\/medicinasinc.com\\\/no\\\/product\\\/kjop-nembutal-piller\\\/\"]}]},{\"@type\":\"ImageObject\",\"inLanguage\":\"nn-NO\",\"@id\":\"https:\\\/\\\/medicinasinc.com\\\/no\\\/product\\\/kjop-nembutal-piller\\\/#primaryimage\",\"url\":\"https:\\\/\\\/medicinasinc.com\\\/no\\\/wp-content\\\/uploads\\\/sites\\\/14\\\/2022\\\/02\\\/Buy-Nembutal-Pills.jpg\",\"contentUrl\":\"https:\\\/\\\/medicinasinc.com\\\/no\\\/wp-content\\\/uploads\\\/sites\\\/14\\\/2022\\\/02\\\/Buy-Nembutal-Pills.jpg\",\"width\":600,\"height\":600},{\"@type\":\"BreadcrumbList\",\"@id\":\"https:\\\/\\\/medicinasinc.com\\\/no\\\/product\\\/kjop-nembutal-piller\\\/#breadcrumb\",\"itemListElement\":[{\"@type\":\"ListItem\",\"position\":1,\"name\":\"Butikk\",\"item\":\"https:\\\/\\\/medicinasinc.com\\\/no\\\/butikk\\\/\"},{\"@type\":\"ListItem\",\"position\":2,\"name\":\"Kj\u00f8p Nembutal-piller\"}]},{\"@type\":\"WebSite\",\"@id\":\"https:\\\/\\\/medicinasinc.com\\\/no\\\/#website\",\"url\":\"https:\\\/\\\/medicinasinc.com\\\/no\\\/\",\"name\":\"Medicinas Inc\",\"description\":\"Helsemedisinsk klinikk\",\"potentialAction\":[{\"@type\":\"SearchAction\",\"target\":{\"@type\":\"EntryPoint\",\"urlTemplate\":\"https:\\\/\\\/medicinasinc.com\\\/no\\\/?s={search_term_string}\"},\"query-input\":{\"@type\":\"PropertyValueSpecification\",\"valueRequired\":true,\"valueName\":\"search_term_string\"}}],\"inLanguage\":\"nn-NO\"}]}<\/script>\n<!-- \/ Yoast SEO plugin. -->","yoast_head_json":{"title":"Kj\u00f8p Nembutal-piller - Beste beste globale medisiner","description":"Kj\u00f8p Nembutal [Piller fra v\u00e5re Pentobarbital Sodium piller &amp; injeksjoner, barbiturater og Nembutal til salgs i n\u00e6rheten av meg med sikker forsendelse.","robots":{"index":"index","follow":"follow","max-snippet":"max-snippet:-1","max-image-preview":"max-image-preview:large","max-video-preview":"max-video-preview:-1"},"canonical":"https:\/\/medicinasinc.com\/no\/product\/kjop-nembutal-piller\/","og_locale":"nn_NO","og_type":"article","og_title":"Kj\u00f8p Nembutal-piller - Beste beste globale medisiner","og_description":"Kj\u00f8p Nembutal [Piller fra v\u00e5re Pentobarbital Sodium piller &amp; injeksjoner, barbiturater og Nembutal til salgs i n\u00e6rheten av meg med sikker forsendelse.","og_url":"https:\/\/medicinasinc.com\/no\/product\/kjop-nembutal-piller\/","og_site_name":"Medicinas Inc","article_modified_time":"2022-03-22T00:42:33+00:00","og_image":[{"width":600,"height":600,"url":"https:\/\/medicinasinc.com\/no\/wp-content\/uploads\/sites\/14\/2022\/02\/Buy-Nembutal-Pills.jpg","type":"image\/jpeg"}],"twitter_card":"summary_large_image","twitter_misc":{"Est. reading time":"2 minutt"},"schema":{"@context":"https:\/\/schema.org","@graph":[{"@type":"WebPage","@id":"https:\/\/medicinasinc.com\/no\/product\/kjop-nembutal-piller\/","url":"https:\/\/medicinasinc.com\/no\/product\/kjop-nembutal-piller\/","name":"Kj\u00f8p Nembutal-piller - Beste beste globale medisiner","isPartOf":{"@id":"https:\/\/medicinasinc.com\/no\/#website"},"primaryImageOfPage":{"@id":"https:\/\/medicinasinc.com\/no\/product\/kjop-nembutal-piller\/#primaryimage"},"image":{"@id":"https:\/\/medicinasinc.com\/no\/product\/kjop-nembutal-piller\/#primaryimage"},"thumbnailUrl":"https:\/\/medicinasinc.com\/no\/wp-content\/uploads\/sites\/14\/2022\/02\/Buy-Nembutal-Pills.jpg","datePublished":"2022-02-22T06:47:51+00:00","dateModified":"2022-03-22T00:42:33+00:00","description":"Kj\u00f8p Nembutal [Piller fra v\u00e5re Pentobarbital Sodium piller &amp; injeksjoner, barbiturater og Nembutal til salgs i n\u00e6rheten av meg med sikker forsendelse.","breadcrumb":{"@id":"https:\/\/medicinasinc.com\/no\/product\/kjop-nembutal-piller\/#breadcrumb"},"inLanguage":"nn-NO","potentialAction":[{"@type":"ReadAction","target":["https:\/\/medicinasinc.com\/no\/product\/kjop-nembutal-piller\/"]}]},{"@type":"ImageObject","inLanguage":"nn-NO","@id":"https:\/\/medicinasinc.com\/no\/product\/kjop-nembutal-piller\/#primaryimage","url":"https:\/\/medicinasinc.com\/no\/wp-content\/uploads\/sites\/14\/2022\/02\/Buy-Nembutal-Pills.jpg","contentUrl":"https:\/\/medicinasinc.com\/no\/wp-content\/uploads\/sites\/14\/2022\/02\/Buy-Nembutal-Pills.jpg","width":600,"height":600},{"@type":"BreadcrumbList","@id":"https:\/\/medicinasinc.com\/no\/product\/kjop-nembutal-piller\/#breadcrumb","itemListElement":[{"@type":"ListItem","position":1,"name":"Butikk","item":"https:\/\/medicinasinc.com\/no\/butikk\/"},{"@type":"ListItem","position":2,"name":"Kj\u00f8p Nembutal-piller"}]},{"@type":"WebSite","@id":"https:\/\/medicinasinc.com\/no\/#website","url":"https:\/\/medicinasinc.com\/no\/","name":"Medicinas Inc","description":"Helsemedisinsk klinikk","potentialAction":[{"@type":"SearchAction","target":{"@type":"EntryPoint","urlTemplate":"https:\/\/medicinasinc.com\/no\/?s={search_term_string}"},"query-input":{"@type":"PropertyValueSpecification","valueRequired":true,"valueName":"search_term_string"}}],"inLanguage":"nn-NO"}]}},"_links":{"self":[{"href":"https:\/\/medicinasinc.com\/no\/wp-json\/wp\/v2\/product\/5816","targetHints":{"allow":["GET"]}}],"collection":[{"href":"https:\/\/medicinasinc.com\/no\/wp-json\/wp\/v2\/product"}],"about":[{"href":"https:\/\/medicinasinc.com\/no\/wp-json\/wp\/v2\/types\/product"}],"replies":[{"embeddable":true,"href":"https:\/\/medicinasinc.com\/no\/wp-json\/wp\/v2\/comments?post=5816"}],"wp:featuredmedia":[{"embeddable":true,"href":"https:\/\/medicinasinc.com\/no\/wp-json\/wp\/v2\/media\/5826"}],"wp:attachment":[{"href":"https:\/\/medicinasinc.com\/no\/wp-json\/wp\/v2\/media?parent=5816"}],"wp:term":[{"taxonomy":"product_brand","embeddable":true,"href":"https:\/\/medicinasinc.com\/no\/wp-json\/wp\/v2\/product_brand?post=5816"},{"taxonomy":"product_cat","embeddable":true,"href":"https:\/\/medicinasinc.com\/no\/wp-json\/wp\/v2\/product_cat?post=5816"},{"taxonomy":"product_tag","embeddable":true,"href":"https:\/\/medicinasinc.com\/no\/wp-json\/wp\/v2\/product_tag?post=5816"}],"curies":[{"name":"wp","href":"https:\/\/api.w.org\/{rel}","templated":true}]}}