{"id":5810,"date":"2022-02-22T06:41:43","date_gmt":"2022-02-22T06:41:43","guid":{"rendered":"https:\/\/medicinasinc.com\/no\/?post_type=product&#038;p=5810"},"modified":"2022-03-22T00:42:41","modified_gmt":"2022-03-22T00:42:41","slug":"kjop-nembutal-tabletter","status":"publish","type":"product","link":"https:\/\/medicinasinc.com\/no\/product\/kjop-nembutal-tabletter\/","title":{"rendered":"Kj\u00f8p Nembutal-tabletter"},"content":{"rendered":"<p>Nembutal-tabletter til salgs p\u00e5 nettet til de laveste prisene fra v\u00e5rt anerkjente nettapotek<\/p>\n<p>Nettplattformen har gjort det enkelt og greit for alle \u00e5 anskaffe Nembutal-tabletter. Hvis du ogs\u00e5 er interessert i \u00e5 kj\u00f8pe Nembutal-tabletter p\u00e5 nettet, kan du ta kontakt med Online Nembutal Pharmacy. Apoteket v\u00e5rt er et engasjert, p\u00e5litelig og \u00f8konomisk sted for deg \u00e5 oppfylle dine Nembutal-krav.<\/p>\n<p>Vi tror p\u00e5 viktigheten av varer av h\u00f8y kvalitet og streber etter \u00e5 gi dem til kundene v\u00e5re. Vi vil umiddelbart fullf\u00f8re foresp\u00f8rselen din om \u00e5 kj\u00f8pe Nembutal-tabletter online til den beste prisen. Vi vil ikke la deg vente p\u00e5 ubestemt tid. V\u00e5rt nettapotek vil sende produktene dine umiddelbart. V\u00e5rt distribusjonssystem er diskret og sikkert. Vi gir ikke rom for feil. Alle bestillinger er fagmessig utf\u00f8rt her. Kj\u00f8p umiddelbart!<\/p>\n<p>Nembutal-tabletter \u2013 L\u00e6r deg selv om dens trygge bruk ved hjelp av v\u00e5rt profesjonelle team<\/p>\n<p>Nembutal-tabletter er omfattende foreskrevet for behandling av s\u00f8vnl\u00f8shet, sedasjon og anfallslidelser. I en lang periode har vi levert Nembutal-tabletter over hele verden. I visse tilfeller bruker kirurger denne medisinen for \u00e5 berolige pasienter f\u00f8r de utf\u00f8rer kirurgi p\u00e5 dem. Vi utf\u00f8rer periodiske tester p\u00e5 disse tablettene for \u00e5 sikre effektiviteten deres.<\/p>\n<p>Vi inkluderer en medisinveiledning med Nembutal-tabletter. Dette hjelper v\u00e5re klienter med \u00e5 administrere stoffet riktig og forst\u00e5 riktig dose basert p\u00e5 deres vekt, alder og medisinske tilstand. I tillegg tror vi at Nembutal-tabletter er den enkleste og mest effektive medisinen for personer som har problemer med \u00e5 sove.<\/p>\n<p>V\u00e5re fagfolk er der 24 timer i d\u00f8gnet for \u00e5 hjelpe deg med \u00e5 forst\u00e5 alt ang\u00e5ende Nembutal-tablettene. V\u00e5re Nembutal-tabletter er rimelige. Du trenger imidlertid ikke v\u00e6re bekymret for prisen p\u00e5 dette produktet. Bestill dine behov umiddelbart!<\/p>\n","protected":false},"excerpt":{"rendered":"<p>Hvordan kan vi hjelpe deg med \u00e5 kj\u00f8pe Nembutal-tabletter Phenobarbital for salg i Storbritannia, Europa p\u00e5 nett? Online Nembutal Pharmacy er tilgjengelig for alle mennesker globalt. Du kan n\u00e5 oss n\u00e5r som helst og hvor som helst.<\/p>\n<p>P\u00e5 nettbasert Nembutal-apotek kan du kj\u00f8pe Nembutal-tabletter og f\u00e5 dem levert til den angitte adressen innen f\u00e5 dager. Nembutal-tabletter m\u00e5 legges til din nettbaserte handlekurv for \u00e5 fullf\u00f8re transaksjonen. G\u00e5 til betalingsdelen og betal for den n\u00e5r du har lagt den til. Du vil kunne legge inn bestillingen din s\u00e5 snart du har foretatt betalingen. Vi vil levere bestillingen din til deg s\u00e5 snart den er mottatt av v\u00e5rt nettapotek. Legg inn bestillingen din n\u00e5!<\/p>\n","protected":false},"featured_media":5820,"comment_status":"open","ping_status":"closed","template":"","meta":[],"product_brand":[],"product_cat":[3818],"product_tag":[],"class_list":{"0":"post-5810","1":"product","2":"type-product","3":"status-publish","4":"has-post-thumbnail","6":"product_cat-pentobarbital-til-salg","8":"first","9":"instock","10":"shipping-taxable","11":"purchasable","12":"product-type-variable"},"yoast_head":"<!-- This site is optimized with the Yoast SEO plugin v27.3 - https:\/\/yoast.com\/product\/yoast-seo-wordpress\/ -->\n<title>Kj\u00f8p Nembutal-tabletter - Beste globale medisiner<\/title>\n<meta name=\"description\" content=\"Hvordan kan vi hjelpe deg med \u00e5 kj\u00f8pe Nembutal-tabletter Phenobarbital for salg i Storbritannia, Europa p\u00e5 nett? Online Nembutal Pharmacy er tilgjengelig for alle mennesker globalt. Du kan n\u00e5 oss n\u00e5r som helst, hvor som helst.\" \/>\n<meta name=\"robots\" content=\"index, follow, max-snippet:-1, max-image-preview:large, max-video-preview:-1\" \/>\n<link rel=\"canonical\" href=\"https:\/\/medicinasinc.com\/no\/product\/kjop-nembutal-tabletter\/\" \/>\n<meta property=\"og:locale\" content=\"nn_NO\" \/>\n<meta property=\"og:type\" content=\"article\" \/>\n<meta property=\"og:title\" content=\"Kj\u00f8p Nembutal-tabletter - Beste globale medisiner\" \/>\n<meta property=\"og:description\" content=\"Hvordan kan vi hjelpe deg med \u00e5 kj\u00f8pe Nembutal-tabletter Phenobarbital for salg i Storbritannia, Europa p\u00e5 nett? Online Nembutal Pharmacy er tilgjengelig for alle mennesker globalt. Du kan n\u00e5 oss n\u00e5r som helst, hvor som helst.\" \/>\n<meta property=\"og:url\" content=\"https:\/\/medicinasinc.com\/no\/product\/kjop-nembutal-tabletter\/\" \/>\n<meta property=\"og:site_name\" content=\"Medicinas Inc\" \/>\n<meta property=\"article:modified_time\" content=\"2022-03-22T00:42:41+00:00\" \/>\n<meta property=\"og:image\" content=\"https:\/\/medicinasinc.com\/no\/wp-content\/uploads\/sites\/14\/2022\/02\/Buy-Nembutal-Tablets.jpg\" \/>\n\t<meta property=\"og:image:width\" content=\"600\" \/>\n\t<meta property=\"og:image:height\" content=\"600\" \/>\n\t<meta property=\"og:image:type\" content=\"image\/jpeg\" \/>\n<meta name=\"twitter:card\" content=\"summary_large_image\" \/>\n<meta name=\"twitter:label1\" content=\"Est. reading time\" \/>\n\t<meta name=\"twitter:data1\" content=\"2 minutt\" \/>\n<script type=\"application\/ld+json\" class=\"yoast-schema-graph\">{\"@context\":\"https:\\\/\\\/schema.org\",\"@graph\":[{\"@type\":\"WebPage\",\"@id\":\"https:\\\/\\\/medicinasinc.com\\\/no\\\/product\\\/kjop-nembutal-tabletter\\\/\",\"url\":\"https:\\\/\\\/medicinasinc.com\\\/no\\\/product\\\/kjop-nembutal-tabletter\\\/\",\"name\":\"Kj\u00f8p Nembutal-tabletter - Beste globale medisiner\",\"isPartOf\":{\"@id\":\"https:\\\/\\\/medicinasinc.com\\\/no\\\/#website\"},\"primaryImageOfPage\":{\"@id\":\"https:\\\/\\\/medicinasinc.com\\\/no\\\/product\\\/kjop-nembutal-tabletter\\\/#primaryimage\"},\"image\":{\"@id\":\"https:\\\/\\\/medicinasinc.com\\\/no\\\/product\\\/kjop-nembutal-tabletter\\\/#primaryimage\"},\"thumbnailUrl\":\"https:\\\/\\\/medicinasinc.com\\\/no\\\/wp-content\\\/uploads\\\/sites\\\/14\\\/2022\\\/02\\\/Buy-Nembutal-Tablets.jpg\",\"datePublished\":\"2022-02-22T06:41:43+00:00\",\"dateModified\":\"2022-03-22T00:42:41+00:00\",\"description\":\"Hvordan kan vi hjelpe deg med \u00e5 kj\u00f8pe Nembutal-tabletter Phenobarbital for salg i Storbritannia, Europa p\u00e5 nett? Online Nembutal Pharmacy er tilgjengelig for alle mennesker globalt. Du kan n\u00e5 oss n\u00e5r som helst, hvor som helst.\",\"breadcrumb\":{\"@id\":\"https:\\\/\\\/medicinasinc.com\\\/no\\\/product\\\/kjop-nembutal-tabletter\\\/#breadcrumb\"},\"inLanguage\":\"nn-NO\",\"potentialAction\":[{\"@type\":\"ReadAction\",\"target\":[\"https:\\\/\\\/medicinasinc.com\\\/no\\\/product\\\/kjop-nembutal-tabletter\\\/\"]}]},{\"@type\":\"ImageObject\",\"inLanguage\":\"nn-NO\",\"@id\":\"https:\\\/\\\/medicinasinc.com\\\/no\\\/product\\\/kjop-nembutal-tabletter\\\/#primaryimage\",\"url\":\"https:\\\/\\\/medicinasinc.com\\\/no\\\/wp-content\\\/uploads\\\/sites\\\/14\\\/2022\\\/02\\\/Buy-Nembutal-Tablets.jpg\",\"contentUrl\":\"https:\\\/\\\/medicinasinc.com\\\/no\\\/wp-content\\\/uploads\\\/sites\\\/14\\\/2022\\\/02\\\/Buy-Nembutal-Tablets.jpg\",\"width\":600,\"height\":600},{\"@type\":\"BreadcrumbList\",\"@id\":\"https:\\\/\\\/medicinasinc.com\\\/no\\\/product\\\/kjop-nembutal-tabletter\\\/#breadcrumb\",\"itemListElement\":[{\"@type\":\"ListItem\",\"position\":1,\"name\":\"Butikk\",\"item\":\"https:\\\/\\\/medicinasinc.com\\\/no\\\/butikk\\\/\"},{\"@type\":\"ListItem\",\"position\":2,\"name\":\"Kj\u00f8p Nembutal-tabletter\"}]},{\"@type\":\"WebSite\",\"@id\":\"https:\\\/\\\/medicinasinc.com\\\/no\\\/#website\",\"url\":\"https:\\\/\\\/medicinasinc.com\\\/no\\\/\",\"name\":\"Medicinas Inc\",\"description\":\"Helsemedisinsk klinikk\",\"potentialAction\":[{\"@type\":\"SearchAction\",\"target\":{\"@type\":\"EntryPoint\",\"urlTemplate\":\"https:\\\/\\\/medicinasinc.com\\\/no\\\/?s={search_term_string}\"},\"query-input\":{\"@type\":\"PropertyValueSpecification\",\"valueRequired\":true,\"valueName\":\"search_term_string\"}}],\"inLanguage\":\"nn-NO\"}]}<\/script>\n<!-- \/ Yoast SEO plugin. -->","yoast_head_json":{"title":"Kj\u00f8p Nembutal-tabletter - Beste globale medisiner","description":"Hvordan kan vi hjelpe deg med \u00e5 kj\u00f8pe Nembutal-tabletter Phenobarbital for salg i Storbritannia, Europa p\u00e5 nett? Online Nembutal Pharmacy er tilgjengelig for alle mennesker globalt. Du kan n\u00e5 oss n\u00e5r som helst, hvor som helst.","robots":{"index":"index","follow":"follow","max-snippet":"max-snippet:-1","max-image-preview":"max-image-preview:large","max-video-preview":"max-video-preview:-1"},"canonical":"https:\/\/medicinasinc.com\/no\/product\/kjop-nembutal-tabletter\/","og_locale":"nn_NO","og_type":"article","og_title":"Kj\u00f8p Nembutal-tabletter - Beste globale medisiner","og_description":"Hvordan kan vi hjelpe deg med \u00e5 kj\u00f8pe Nembutal-tabletter Phenobarbital for salg i Storbritannia, Europa p\u00e5 nett? Online Nembutal Pharmacy er tilgjengelig for alle mennesker globalt. Du kan n\u00e5 oss n\u00e5r som helst, hvor som helst.","og_url":"https:\/\/medicinasinc.com\/no\/product\/kjop-nembutal-tabletter\/","og_site_name":"Medicinas Inc","article_modified_time":"2022-03-22T00:42:41+00:00","og_image":[{"width":600,"height":600,"url":"https:\/\/medicinasinc.com\/no\/wp-content\/uploads\/sites\/14\/2022\/02\/Buy-Nembutal-Tablets.jpg","type":"image\/jpeg"}],"twitter_card":"summary_large_image","twitter_misc":{"Est. reading time":"2 minutt"},"schema":{"@context":"https:\/\/schema.org","@graph":[{"@type":"WebPage","@id":"https:\/\/medicinasinc.com\/no\/product\/kjop-nembutal-tabletter\/","url":"https:\/\/medicinasinc.com\/no\/product\/kjop-nembutal-tabletter\/","name":"Kj\u00f8p Nembutal-tabletter - Beste globale medisiner","isPartOf":{"@id":"https:\/\/medicinasinc.com\/no\/#website"},"primaryImageOfPage":{"@id":"https:\/\/medicinasinc.com\/no\/product\/kjop-nembutal-tabletter\/#primaryimage"},"image":{"@id":"https:\/\/medicinasinc.com\/no\/product\/kjop-nembutal-tabletter\/#primaryimage"},"thumbnailUrl":"https:\/\/medicinasinc.com\/no\/wp-content\/uploads\/sites\/14\/2022\/02\/Buy-Nembutal-Tablets.jpg","datePublished":"2022-02-22T06:41:43+00:00","dateModified":"2022-03-22T00:42:41+00:00","description":"Hvordan kan vi hjelpe deg med \u00e5 kj\u00f8pe Nembutal-tabletter Phenobarbital for salg i Storbritannia, Europa p\u00e5 nett? Online Nembutal Pharmacy er tilgjengelig for alle mennesker globalt. Du kan n\u00e5 oss n\u00e5r som helst, hvor som helst.","breadcrumb":{"@id":"https:\/\/medicinasinc.com\/no\/product\/kjop-nembutal-tabletter\/#breadcrumb"},"inLanguage":"nn-NO","potentialAction":[{"@type":"ReadAction","target":["https:\/\/medicinasinc.com\/no\/product\/kjop-nembutal-tabletter\/"]}]},{"@type":"ImageObject","inLanguage":"nn-NO","@id":"https:\/\/medicinasinc.com\/no\/product\/kjop-nembutal-tabletter\/#primaryimage","url":"https:\/\/medicinasinc.com\/no\/wp-content\/uploads\/sites\/14\/2022\/02\/Buy-Nembutal-Tablets.jpg","contentUrl":"https:\/\/medicinasinc.com\/no\/wp-content\/uploads\/sites\/14\/2022\/02\/Buy-Nembutal-Tablets.jpg","width":600,"height":600},{"@type":"BreadcrumbList","@id":"https:\/\/medicinasinc.com\/no\/product\/kjop-nembutal-tabletter\/#breadcrumb","itemListElement":[{"@type":"ListItem","position":1,"name":"Butikk","item":"https:\/\/medicinasinc.com\/no\/butikk\/"},{"@type":"ListItem","position":2,"name":"Kj\u00f8p Nembutal-tabletter"}]},{"@type":"WebSite","@id":"https:\/\/medicinasinc.com\/no\/#website","url":"https:\/\/medicinasinc.com\/no\/","name":"Medicinas Inc","description":"Helsemedisinsk klinikk","potentialAction":[{"@type":"SearchAction","target":{"@type":"EntryPoint","urlTemplate":"https:\/\/medicinasinc.com\/no\/?s={search_term_string}"},"query-input":{"@type":"PropertyValueSpecification","valueRequired":true,"valueName":"search_term_string"}}],"inLanguage":"nn-NO"}]}},"_links":{"self":[{"href":"https:\/\/medicinasinc.com\/no\/wp-json\/wp\/v2\/product\/5810","targetHints":{"allow":["GET"]}}],"collection":[{"href":"https:\/\/medicinasinc.com\/no\/wp-json\/wp\/v2\/product"}],"about":[{"href":"https:\/\/medicinasinc.com\/no\/wp-json\/wp\/v2\/types\/product"}],"replies":[{"embeddable":true,"href":"https:\/\/medicinasinc.com\/no\/wp-json\/wp\/v2\/comments?post=5810"}],"wp:featuredmedia":[{"embeddable":true,"href":"https:\/\/medicinasinc.com\/no\/wp-json\/wp\/v2\/media\/5820"}],"wp:attachment":[{"href":"https:\/\/medicinasinc.com\/no\/wp-json\/wp\/v2\/media?parent=5810"}],"wp:term":[{"taxonomy":"product_brand","embeddable":true,"href":"https:\/\/medicinasinc.com\/no\/wp-json\/wp\/v2\/product_brand?post=5810"},{"taxonomy":"product_cat","embeddable":true,"href":"https:\/\/medicinasinc.com\/no\/wp-json\/wp\/v2\/product_cat?post=5810"},{"taxonomy":"product_tag","embeddable":true,"href":"https:\/\/medicinasinc.com\/no\/wp-json\/wp\/v2\/product_tag?post=5810"}],"curies":[{"name":"wp","href":"https:\/\/api.w.org\/{rel}","templated":true}]}}