{"id":5804,"date":"2022-02-22T06:35:00","date_gmt":"2022-02-22T06:35:00","guid":{"rendered":"https:\/\/medicinasinc.com\/no\/?post_type=product&#038;p=5804"},"modified":"2022-03-22T00:42:50","modified_gmt":"2022-03-22T00:42:50","slug":"kjop-pentobarbital-natrium-online","status":"publish","type":"product","link":"https:\/\/medicinasinc.com\/no\/product\/kjop-pentobarbital-natrium-online\/","title":{"rendered":"Kj\u00f8p Pentobarbital Sodium Online"},"content":{"rendered":"<p>Kj\u00f8p Pentobarbital Sodium online.<\/p>\n<p>En intraven\u00f8s eller intramuskul\u00e6r injeksjon av NEMBUTAL natriumoppl\u00f8sning (pentobarbitalnatriuminjeksjon) er trygg og enkel \u00e5 bruke denne sterile oppl\u00f8sningen. For injeksjon best\u00e5r hver milliliter av 50 milligram natriumpentobarbital oppl\u00f8st i propylenglykol 40 prosent, etanol 10 prosent og vann. Med saltsyre eller natriumhydroksid kan pH bringes opp til 9,5. Det kan injiseres i muskelen eller venen til pasienten. Kj\u00f8p p\u00e5 nett av natriumpentobarbital for avlivning av dyr, natriumpentobarbital for avlivning av dyr, natriumpentobarbitalgruppe, natriumpentobarbital v\u00e6ske.<\/p>\n<p>Hos Best Global Meds kan du n\u00e5 kj\u00f8pe natriumpentobarbital p\u00e5 nettet. Bestill Pentobarbital Sodium Injection online og f\u00e5 det levert p\u00e5 d\u00f8rstokken innen gitt tidsramme. Ta kontakt med oss \u200b\u200bmed en gang! Natriumpentobarbital for avlivning av dyr, pentobarbitalnatriumv\u00e6ske<\/p>\n<p>Pentobarbital: Hva er det og hvordan brukes det?<\/p>\n<p>Korttidsbruk av Pentobarbital, et barbiturat, brukes til \u00e5 behandle s\u00f8vnl\u00f8shet. For \u00e5 f\u00e5 pasienter til \u00e5 sove for operasjon, kan pentobarbital ogs\u00e5 brukes som akuttbehandling. Kj\u00f8p p\u00e5 nett av pentobarbitalnatrium, natriumpentobarbital for avlivning av dyr og pentobarbitalnatrium<\/p>\n<p>Pentobarbital kan for\u00e5rsake \u00e5ndedrettsstans i h\u00f8ye doser, og f\u00f8re til d\u00f8den. Noen stater og den f\u00f8derale regjeringen i USA bruker det for henrettelse av kriminelle, samt for avliving av dyr. Kj\u00f8p Pentobarbital Sodium online.<\/p>\n<p>N\u00e5r det administreres i d\u00f8delige mengder, er pentobarbital d\u00f8delig. D\u00f8dshjelp hos dyr og mennesker kan utf\u00f8res med dette stoffet. I kommersielle eutanasi-injeksjoner hos dyr kan det brukes alene eller sammen med andre legemidler, som fenytoin.<\/p>\n<p>Eutanasi med pentobarbital<\/p>\n<p>Et av de mest brukte barbituratene for anestesi og eutanasi innen veterin\u00e6romr\u00e5det er pentobarbital (Nembutal). Hvis du \u00f8nsker \u00e5 d\u00f8 fredelig, er dette et utmerket valg for eutanasi eller assistert selvmord. Kj\u00f8p Pentobarbital Sodium online.<\/p>\n<p>Pentobarbital Sodium leveres p\u00e5 hvilken m\u00e5te?<br \/> Pentobarbital er et beroligende middel som kan gis intraven\u00f8st \u200b\u200beller intraperitonealt. Pentobarbital kan administreres som en bolus (Borkowski et al., 1990) eller CRI n\u00e5r det brukes som generell anestesi. Ubehag ved injeksjon og tromboflebitt er mulige bivirkninger av propylenglykol, en hyppig ingrediens i kommersielle behandlinger. Kj\u00f8p pentobarbitalnatrium online.<\/p>\n<p>&nbsp;<\/p>\n<p>Kj\u00f8pe natriumpentobarbital i Storbritannia, skaffe pentobarbitalnatrium til hunder, skaffe sovemedisiner som inneholder pentobarbitalnatrium, skaffe nembutalnatriumpentobarbital og skaffe pentobarbitalnatrium over disk er alle mulige alternativer. \u00c5 kj\u00f8pe natriumpentobarbital i Storbritannia er ogs\u00e5 et alternativ. Bruken av stoffet pentobarbital, ogs\u00e5 kjent som pentobarbitalsalt, er et beroligende middel som brukes til \u00e5 behandle anfall hos hunder. Pentobarbital Sodium Online, Pentobarbital Sodium Buy, Pentobarbital Sodium China, Pentobarbital Sodium Death, Pentobarbital Sodium Dosage, Pentobarbital Sodium Injection For Dogs, Pentobarbital Sodium Injection For Humans, Pentobarbital Sodium Group, Pentobarbital Sodium Dog, Pentobarbital Sodium Injection For Dogs<\/p>\n","protected":false},"excerpt":{"rendered":"<p>Nembutal Pentobarbital til salgs Storbritannia, Europa online til de beste prisene, kan kun finnes p\u00e5 Online Nembutal Pharmacy.<\/p>\n<p>For intraven\u00f8s eller intramuskul\u00e6r bruk er pentobarbitalnatriuminjeksjon steril. For injeksjon best\u00e5r hver milliliter av 50 milligram natriumpentobarbital oppl\u00f8st i propylenglykol 40 prosent, etanol 10 prosent og vann. Med saltsyre eller natriumhydroksid kan pH bringes opp til 9,5.<\/p>\n","protected":false},"featured_media":5814,"comment_status":"open","ping_status":"closed","template":"","meta":[],"product_brand":[],"product_cat":[3818],"product_tag":[],"class_list":{"0":"post-5804","1":"product","2":"type-product","3":"status-publish","4":"has-post-thumbnail","6":"product_cat-pentobarbital-til-salg","8":"first","9":"instock","10":"shipping-taxable","11":"purchasable","12":"product-type-variable"},"yoast_head":"<!-- This site is optimized with the Yoast SEO plugin v27.3 - https:\/\/yoast.com\/product\/yoast-seo-wordpress\/ -->\n<title>Kj\u00f8p Pentobarbital Sodium Online - Beste globale medisiner<\/title>\n<meta name=\"description\" content=\"Online Nembutal Pharmacy er det eneste p\u00e5litelige reisem\u00e5let hvor du kan kj\u00f8pe Nembutal Pentobarbital for salg Storbritannia, Europa online til de beste prisene tilgjengelig.\" \/>\n<meta name=\"robots\" content=\"index, follow, max-snippet:-1, max-image-preview:large, max-video-preview:-1\" \/>\n<link rel=\"canonical\" href=\"https:\/\/medicinasinc.com\/no\/product\/kjop-pentobarbital-natrium-online\/\" \/>\n<meta property=\"og:locale\" content=\"nn_NO\" \/>\n<meta property=\"og:type\" content=\"article\" \/>\n<meta property=\"og:title\" content=\"Kj\u00f8p Pentobarbital Sodium Online - Beste globale medisiner\" \/>\n<meta property=\"og:description\" content=\"Online Nembutal Pharmacy er det eneste p\u00e5litelige reisem\u00e5let hvor du kan kj\u00f8pe Nembutal Pentobarbital for salg Storbritannia, Europa online til de beste prisene tilgjengelig.\" \/>\n<meta property=\"og:url\" content=\"https:\/\/medicinasinc.com\/no\/product\/kjop-pentobarbital-natrium-online\/\" \/>\n<meta property=\"og:site_name\" content=\"Medicinas Inc\" \/>\n<meta property=\"article:modified_time\" content=\"2022-03-22T00:42:50+00:00\" \/>\n<meta property=\"og:image\" content=\"https:\/\/medicinasinc.com\/no\/wp-content\/uploads\/sites\/14\/2022\/02\/buy-Nembutal-Pentobarbital.jpg\" \/>\n\t<meta property=\"og:image:width\" content=\"600\" \/>\n\t<meta property=\"og:image:height\" content=\"600\" \/>\n\t<meta property=\"og:image:type\" content=\"image\/jpeg\" \/>\n<meta name=\"twitter:card\" content=\"summary_large_image\" \/>\n<meta name=\"twitter:label1\" content=\"Est. reading time\" \/>\n\t<meta name=\"twitter:data1\" content=\"3 minutt\" \/>\n<script type=\"application\/ld+json\" class=\"yoast-schema-graph\">{\"@context\":\"https:\\\/\\\/schema.org\",\"@graph\":[{\"@type\":\"WebPage\",\"@id\":\"https:\\\/\\\/medicinasinc.com\\\/no\\\/product\\\/kjop-pentobarbital-natrium-online\\\/\",\"url\":\"https:\\\/\\\/medicinasinc.com\\\/no\\\/product\\\/kjop-pentobarbital-natrium-online\\\/\",\"name\":\"Kj\u00f8p Pentobarbital Sodium Online - Beste globale medisiner\",\"isPartOf\":{\"@id\":\"https:\\\/\\\/medicinasinc.com\\\/no\\\/#website\"},\"primaryImageOfPage\":{\"@id\":\"https:\\\/\\\/medicinasinc.com\\\/no\\\/product\\\/kjop-pentobarbital-natrium-online\\\/#primaryimage\"},\"image\":{\"@id\":\"https:\\\/\\\/medicinasinc.com\\\/no\\\/product\\\/kjop-pentobarbital-natrium-online\\\/#primaryimage\"},\"thumbnailUrl\":\"https:\\\/\\\/medicinasinc.com\\\/no\\\/wp-content\\\/uploads\\\/sites\\\/14\\\/2022\\\/02\\\/buy-Nembutal-Pentobarbital.jpg\",\"datePublished\":\"2022-02-22T06:35:00+00:00\",\"dateModified\":\"2022-03-22T00:42:50+00:00\",\"description\":\"Online Nembutal Pharmacy er det eneste p\u00e5litelige reisem\u00e5let hvor du kan kj\u00f8pe Nembutal Pentobarbital for salg Storbritannia, Europa online til de beste prisene tilgjengelig.\",\"breadcrumb\":{\"@id\":\"https:\\\/\\\/medicinasinc.com\\\/no\\\/product\\\/kjop-pentobarbital-natrium-online\\\/#breadcrumb\"},\"inLanguage\":\"nn-NO\",\"potentialAction\":[{\"@type\":\"ReadAction\",\"target\":[\"https:\\\/\\\/medicinasinc.com\\\/no\\\/product\\\/kjop-pentobarbital-natrium-online\\\/\"]}]},{\"@type\":\"ImageObject\",\"inLanguage\":\"nn-NO\",\"@id\":\"https:\\\/\\\/medicinasinc.com\\\/no\\\/product\\\/kjop-pentobarbital-natrium-online\\\/#primaryimage\",\"url\":\"https:\\\/\\\/medicinasinc.com\\\/no\\\/wp-content\\\/uploads\\\/sites\\\/14\\\/2022\\\/02\\\/buy-Nembutal-Pentobarbital.jpg\",\"contentUrl\":\"https:\\\/\\\/medicinasinc.com\\\/no\\\/wp-content\\\/uploads\\\/sites\\\/14\\\/2022\\\/02\\\/buy-Nembutal-Pentobarbital.jpg\",\"width\":600,\"height\":600,\"caption\":\"Buy Nembutal Online\"},{\"@type\":\"BreadcrumbList\",\"@id\":\"https:\\\/\\\/medicinasinc.com\\\/no\\\/product\\\/kjop-pentobarbital-natrium-online\\\/#breadcrumb\",\"itemListElement\":[{\"@type\":\"ListItem\",\"position\":1,\"name\":\"Butikk\",\"item\":\"https:\\\/\\\/medicinasinc.com\\\/no\\\/butikk\\\/\"},{\"@type\":\"ListItem\",\"position\":2,\"name\":\"Kj\u00f8p Pentobarbital Sodium Online\"}]},{\"@type\":\"WebSite\",\"@id\":\"https:\\\/\\\/medicinasinc.com\\\/no\\\/#website\",\"url\":\"https:\\\/\\\/medicinasinc.com\\\/no\\\/\",\"name\":\"Medicinas Inc\",\"description\":\"Helsemedisinsk klinikk\",\"potentialAction\":[{\"@type\":\"SearchAction\",\"target\":{\"@type\":\"EntryPoint\",\"urlTemplate\":\"https:\\\/\\\/medicinasinc.com\\\/no\\\/?s={search_term_string}\"},\"query-input\":{\"@type\":\"PropertyValueSpecification\",\"valueRequired\":true,\"valueName\":\"search_term_string\"}}],\"inLanguage\":\"nn-NO\"}]}<\/script>\n<!-- \/ Yoast SEO plugin. -->","yoast_head_json":{"title":"Kj\u00f8p Pentobarbital Sodium Online - Beste globale medisiner","description":"Online Nembutal Pharmacy er det eneste p\u00e5litelige reisem\u00e5let hvor du kan kj\u00f8pe Nembutal Pentobarbital for salg Storbritannia, Europa online til de beste prisene tilgjengelig.","robots":{"index":"index","follow":"follow","max-snippet":"max-snippet:-1","max-image-preview":"max-image-preview:large","max-video-preview":"max-video-preview:-1"},"canonical":"https:\/\/medicinasinc.com\/no\/product\/kjop-pentobarbital-natrium-online\/","og_locale":"nn_NO","og_type":"article","og_title":"Kj\u00f8p Pentobarbital Sodium Online - Beste globale medisiner","og_description":"Online Nembutal Pharmacy er det eneste p\u00e5litelige reisem\u00e5let hvor du kan kj\u00f8pe Nembutal Pentobarbital for salg Storbritannia, Europa online til de beste prisene tilgjengelig.","og_url":"https:\/\/medicinasinc.com\/no\/product\/kjop-pentobarbital-natrium-online\/","og_site_name":"Medicinas Inc","article_modified_time":"2022-03-22T00:42:50+00:00","og_image":[{"width":600,"height":600,"url":"https:\/\/medicinasinc.com\/no\/wp-content\/uploads\/sites\/14\/2022\/02\/buy-Nembutal-Pentobarbital.jpg","type":"image\/jpeg"}],"twitter_card":"summary_large_image","twitter_misc":{"Est. reading time":"3 minutt"},"schema":{"@context":"https:\/\/schema.org","@graph":[{"@type":"WebPage","@id":"https:\/\/medicinasinc.com\/no\/product\/kjop-pentobarbital-natrium-online\/","url":"https:\/\/medicinasinc.com\/no\/product\/kjop-pentobarbital-natrium-online\/","name":"Kj\u00f8p Pentobarbital Sodium Online - Beste globale medisiner","isPartOf":{"@id":"https:\/\/medicinasinc.com\/no\/#website"},"primaryImageOfPage":{"@id":"https:\/\/medicinasinc.com\/no\/product\/kjop-pentobarbital-natrium-online\/#primaryimage"},"image":{"@id":"https:\/\/medicinasinc.com\/no\/product\/kjop-pentobarbital-natrium-online\/#primaryimage"},"thumbnailUrl":"https:\/\/medicinasinc.com\/no\/wp-content\/uploads\/sites\/14\/2022\/02\/buy-Nembutal-Pentobarbital.jpg","datePublished":"2022-02-22T06:35:00+00:00","dateModified":"2022-03-22T00:42:50+00:00","description":"Online Nembutal Pharmacy er det eneste p\u00e5litelige reisem\u00e5let hvor du kan kj\u00f8pe Nembutal Pentobarbital for salg Storbritannia, Europa online til de beste prisene tilgjengelig.","breadcrumb":{"@id":"https:\/\/medicinasinc.com\/no\/product\/kjop-pentobarbital-natrium-online\/#breadcrumb"},"inLanguage":"nn-NO","potentialAction":[{"@type":"ReadAction","target":["https:\/\/medicinasinc.com\/no\/product\/kjop-pentobarbital-natrium-online\/"]}]},{"@type":"ImageObject","inLanguage":"nn-NO","@id":"https:\/\/medicinasinc.com\/no\/product\/kjop-pentobarbital-natrium-online\/#primaryimage","url":"https:\/\/medicinasinc.com\/no\/wp-content\/uploads\/sites\/14\/2022\/02\/buy-Nembutal-Pentobarbital.jpg","contentUrl":"https:\/\/medicinasinc.com\/no\/wp-content\/uploads\/sites\/14\/2022\/02\/buy-Nembutal-Pentobarbital.jpg","width":600,"height":600,"caption":"Buy Nembutal Online"},{"@type":"BreadcrumbList","@id":"https:\/\/medicinasinc.com\/no\/product\/kjop-pentobarbital-natrium-online\/#breadcrumb","itemListElement":[{"@type":"ListItem","position":1,"name":"Butikk","item":"https:\/\/medicinasinc.com\/no\/butikk\/"},{"@type":"ListItem","position":2,"name":"Kj\u00f8p Pentobarbital Sodium Online"}]},{"@type":"WebSite","@id":"https:\/\/medicinasinc.com\/no\/#website","url":"https:\/\/medicinasinc.com\/no\/","name":"Medicinas Inc","description":"Helsemedisinsk klinikk","potentialAction":[{"@type":"SearchAction","target":{"@type":"EntryPoint","urlTemplate":"https:\/\/medicinasinc.com\/no\/?s={search_term_string}"},"query-input":{"@type":"PropertyValueSpecification","valueRequired":true,"valueName":"search_term_string"}}],"inLanguage":"nn-NO"}]}},"_links":{"self":[{"href":"https:\/\/medicinasinc.com\/no\/wp-json\/wp\/v2\/product\/5804","targetHints":{"allow":["GET"]}}],"collection":[{"href":"https:\/\/medicinasinc.com\/no\/wp-json\/wp\/v2\/product"}],"about":[{"href":"https:\/\/medicinasinc.com\/no\/wp-json\/wp\/v2\/types\/product"}],"replies":[{"embeddable":true,"href":"https:\/\/medicinasinc.com\/no\/wp-json\/wp\/v2\/comments?post=5804"}],"wp:featuredmedia":[{"embeddable":true,"href":"https:\/\/medicinasinc.com\/no\/wp-json\/wp\/v2\/media\/5814"}],"wp:attachment":[{"href":"https:\/\/medicinasinc.com\/no\/wp-json\/wp\/v2\/media?parent=5804"}],"wp:term":[{"taxonomy":"product_brand","embeddable":true,"href":"https:\/\/medicinasinc.com\/no\/wp-json\/wp\/v2\/product_brand?post=5804"},{"taxonomy":"product_cat","embeddable":true,"href":"https:\/\/medicinasinc.com\/no\/wp-json\/wp\/v2\/product_cat?post=5804"},{"taxonomy":"product_tag","embeddable":true,"href":"https:\/\/medicinasinc.com\/no\/wp-json\/wp\/v2\/product_tag?post=5804"}],"curies":[{"name":"wp","href":"https:\/\/api.w.org\/{rel}","templated":true}]}}