{"id":5798,"date":"2022-02-22T06:27:38","date_gmt":"2022-02-22T06:27:38","guid":{"rendered":"https:\/\/medicinasinc.com\/no\/?post_type=product&#038;p=5798"},"modified":"2022-03-22T00:43:02","modified_gmt":"2022-03-22T00:43:02","slug":"kjop-fenobarbital-fenobarbital-luminal","status":"publish","type":"product","link":"https:\/\/medicinasinc.com\/no\/product\/kjop-fenobarbital-fenobarbital-luminal\/","title":{"rendered":"Kj\u00f8p Phenobarbital (Phenobarbital) \/ Luminal"},"content":{"rendered":"<p>Kj\u00f8p billig Phenobarbital Luminal Phenobarbital Luminal online fra et anerkjent apotek for den beste prisen<\/p>\n<p>\u00c5 bruke et nettapotek som Nembutal Pharmacy er en praktisk m\u00e5te for forbrukere \u00e5 f\u00e5 resepter og legemidler. Phenobarbital Luminal online kan kj\u00f8pes fra nettsiden v\u00e5r n\u00e5r som helst, s\u00e5 ikke g\u00e5 glipp av det. Her kan du kj\u00f8pe denne medisinen til en rimelig pris.<\/p>\n<p>Med v\u00e5rt nettapotek kan du v\u00e6re sikker p\u00e5 at du alltid f\u00e5r medisiner av h\u00f8y kvalitet. Kunder kan forvente at reseptene deres kommer i tide til dette apoteket. Vi tolererer ikke noen form for treghet i jobben v\u00e5r og fullf\u00f8rer hver oppgave raskt. Ta kontakt med oss \u200b\u200bumiddelbart for \u00e5 bestille Phenobarbital Luminal online til den beste prisen og f\u00e5 det raskt levert hvis du leter etter et nettapotek som v\u00e5rt!<\/p>\n<p>Luminal Phenobarbital: Hva kan vi gj\u00f8re for \u00e5 sikre at du bruker det Sikkert?<\/p>\n<p>Phenobarbital Luminal er et veletablert medikament for behandling av epileptiske anfall. Du kan ogs\u00e5 ta denne medisinen for \u00e5 behandle angst, s\u00f8vnl\u00f8shet og andre forhold. F\u00f8r du tar denne medisinen, b\u00f8r du r\u00e5df\u00f8re deg med legen din. Phenobarbital Luminal b\u00f8r startes f\u00f8rst etter en grundig diskusjon med legen din.<\/p>\n<p>For hver bestilling gir v\u00e5rt nettapotek en detaljert medisineringsveiledning. P\u00e5 grunn av dette kan du trygt f\u00f8lge medisinens instruksjoner og bruke den. Vi er her for \u00e5 gj\u00f8re det s\u00e5 enkelt som mulig for deg \u00e5 bestille Phenobarbital Luminal online. Dra nytte av denne medisinens fordeler ved \u00e5 kontakte oss umiddelbart. Vi er her for \u00e5 hjelpe deg hele tiden.<\/p>\n","protected":false},"excerpt":{"rendered":"<p>Hvilket nettapotek tilbyr den billigste Phenobarbital Luminal?<\/p>\n<p>V\u00e5rt nettapotek selger for tiden Phenobarbital Luminal-piller. Phenobarbital Luminal for salgsordrer behandles s\u00e5 raskt som mulig. Bare ta kontakt med oss \u200b\u200bi dag, s\u00e5 sender vi medisinen din til deg s\u00e5 snart som mulig. N\u00e5 er tiden inne for \u00e5 koble til!<\/p>\n","protected":false},"featured_media":5808,"comment_status":"open","ping_status":"closed","template":"","meta":[],"product_brand":[],"product_cat":[3818],"product_tag":[3955,3966,3962,3967,3961,3960,3959,3964,3965,3969,3970,3971,3956,3958,3968,3957,3963],"class_list":{"0":"post-5798","1":"product","2":"type-product","3":"status-publish","4":"has-post-thumbnail","6":"product_cat-pentobarbital-til-salg","7":"product_tag-barbiturat-bivirkning","8":"product_tag-fenobarbital-bivirkninger","9":"product_tag-fenobarbital-for-hunder-dosering","10":"product_tag-fenobarbital-bivirkninger-hunder","11":"product_tag-fenobarbital-doser","12":"product_tag-fenobarbital-dosering","13":"product_tag-fenobarbital-kontrollert-stoff","14":"product_tag-fenobarbital-niv","15":"product_tag-fenobarbital-overdose","16":"product_tag-hva-brukes-fenobarb-til","17":"product_tag-hva-er-fenobarbital","18":"product_tag-hva-er-po-i-medisinske-termer","19":"product_tag-kostnaden-for-fenobarbital-for-hunder","20":"product_tag-fenobarbital-merkenavn","21":"product_tag-fenobarbiton-niv","22":"product_tag-fenobarb-overdose","23":"product_tag-fenobarbital-for-hunder-bivirkninger","25":"first","26":"instock","27":"shipping-taxable","28":"purchasable","29":"product-type-variable"},"yoast_head":"<!-- This site is optimized with the Yoast SEO plugin v27.3 - https:\/\/yoast.com\/product\/yoast-seo-wordpress\/ -->\n<title>Kj\u00f8p Phenobarbital (Phenobarbital) \/ Luminal - Beste globale medisiner<\/title>\n<meta name=\"description\" content=\"Du kan n\u00e5 kj\u00f8pe Phenobarbital Luminal-tabletter p\u00e5 Online Nembutal Pharmacy. Din bestilling til Phenobarbital Luminal for salg vil bli fullf\u00f8rt p\u00e5 kortest mulig tid. Alt du trenger \u00e5 gj\u00f8re er \u00e5 ringe oss, sende sms eller e-post i dag og f\u00e5 stoffet ditt levert snart. Koble til n\u00e5!\" \/>\n<meta name=\"robots\" content=\"index, follow, max-snippet:-1, max-image-preview:large, max-video-preview:-1\" \/>\n<link rel=\"canonical\" href=\"https:\/\/medicinasinc.com\/no\/product\/kjop-fenobarbital-fenobarbital-luminal\/\" \/>\n<meta property=\"og:locale\" content=\"nn_NO\" \/>\n<meta property=\"og:type\" content=\"article\" \/>\n<meta property=\"og:title\" content=\"Kj\u00f8p Phenobarbital (Phenobarbital) \/ Luminal - Beste globale medisiner\" \/>\n<meta property=\"og:description\" content=\"Du kan n\u00e5 kj\u00f8pe Phenobarbital Luminal-tabletter p\u00e5 Online Nembutal Pharmacy. Din bestilling til Phenobarbital Luminal for salg vil bli fullf\u00f8rt p\u00e5 kortest mulig tid. Alt du trenger \u00e5 gj\u00f8re er \u00e5 ringe oss, sende sms eller e-post i dag og f\u00e5 stoffet ditt levert snart. Koble til n\u00e5!\" \/>\n<meta property=\"og:url\" content=\"https:\/\/medicinasinc.com\/no\/product\/kjop-fenobarbital-fenobarbital-luminal\/\" \/>\n<meta property=\"og:site_name\" content=\"Medicinas Inc\" \/>\n<meta property=\"article:modified_time\" content=\"2022-03-22T00:43:02+00:00\" \/>\n<meta property=\"og:image\" content=\"https:\/\/medicinasinc.com\/no\/wp-content\/uploads\/sites\/14\/2022\/02\/Buy-Phenobarbital-Tablets.jpg\" \/>\n\t<meta property=\"og:image:width\" content=\"600\" \/>\n\t<meta property=\"og:image:height\" content=\"600\" \/>\n\t<meta property=\"og:image:type\" content=\"image\/jpeg\" \/>\n<meta name=\"twitter:card\" content=\"summary_large_image\" \/>\n<meta name=\"twitter:label1\" content=\"Est. reading time\" \/>\n\t<meta name=\"twitter:data1\" content=\"2 minutt\" \/>\n<script type=\"application\/ld+json\" class=\"yoast-schema-graph\">{\"@context\":\"https:\\\/\\\/schema.org\",\"@graph\":[{\"@type\":\"WebPage\",\"@id\":\"https:\\\/\\\/medicinasinc.com\\\/no\\\/product\\\/kjop-fenobarbital-fenobarbital-luminal\\\/\",\"url\":\"https:\\\/\\\/medicinasinc.com\\\/no\\\/product\\\/kjop-fenobarbital-fenobarbital-luminal\\\/\",\"name\":\"Kj\u00f8p Phenobarbital (Phenobarbital) \\\/ Luminal - Beste globale medisiner\",\"isPartOf\":{\"@id\":\"https:\\\/\\\/medicinasinc.com\\\/no\\\/#website\"},\"primaryImageOfPage\":{\"@id\":\"https:\\\/\\\/medicinasinc.com\\\/no\\\/product\\\/kjop-fenobarbital-fenobarbital-luminal\\\/#primaryimage\"},\"image\":{\"@id\":\"https:\\\/\\\/medicinasinc.com\\\/no\\\/product\\\/kjop-fenobarbital-fenobarbital-luminal\\\/#primaryimage\"},\"thumbnailUrl\":\"https:\\\/\\\/medicinasinc.com\\\/no\\\/wp-content\\\/uploads\\\/sites\\\/14\\\/2022\\\/02\\\/Buy-Phenobarbital-Tablets.jpg\",\"datePublished\":\"2022-02-22T06:27:38+00:00\",\"dateModified\":\"2022-03-22T00:43:02+00:00\",\"description\":\"Du kan n\u00e5 kj\u00f8pe Phenobarbital Luminal-tabletter p\u00e5 Online Nembutal Pharmacy. Din bestilling til Phenobarbital Luminal for salg vil bli fullf\u00f8rt p\u00e5 kortest mulig tid. Alt du trenger \u00e5 gj\u00f8re er \u00e5 ringe oss, sende sms eller e-post i dag og f\u00e5 stoffet ditt levert snart. Koble til n\u00e5!\",\"breadcrumb\":{\"@id\":\"https:\\\/\\\/medicinasinc.com\\\/no\\\/product\\\/kjop-fenobarbital-fenobarbital-luminal\\\/#breadcrumb\"},\"inLanguage\":\"nn-NO\",\"potentialAction\":[{\"@type\":\"ReadAction\",\"target\":[\"https:\\\/\\\/medicinasinc.com\\\/no\\\/product\\\/kjop-fenobarbital-fenobarbital-luminal\\\/\"]}]},{\"@type\":\"ImageObject\",\"inLanguage\":\"nn-NO\",\"@id\":\"https:\\\/\\\/medicinasinc.com\\\/no\\\/product\\\/kjop-fenobarbital-fenobarbital-luminal\\\/#primaryimage\",\"url\":\"https:\\\/\\\/medicinasinc.com\\\/no\\\/wp-content\\\/uploads\\\/sites\\\/14\\\/2022\\\/02\\\/Buy-Phenobarbital-Tablets.jpg\",\"contentUrl\":\"https:\\\/\\\/medicinasinc.com\\\/no\\\/wp-content\\\/uploads\\\/sites\\\/14\\\/2022\\\/02\\\/Buy-Phenobarbital-Tablets.jpg\",\"width\":600,\"height\":600},{\"@type\":\"BreadcrumbList\",\"@id\":\"https:\\\/\\\/medicinasinc.com\\\/no\\\/product\\\/kjop-fenobarbital-fenobarbital-luminal\\\/#breadcrumb\",\"itemListElement\":[{\"@type\":\"ListItem\",\"position\":1,\"name\":\"Butikk\",\"item\":\"https:\\\/\\\/medicinasinc.com\\\/no\\\/butikk\\\/\"},{\"@type\":\"ListItem\",\"position\":2,\"name\":\"Kj\u00f8p Phenobarbital (Phenobarbital) \\\/ Luminal\"}]},{\"@type\":\"WebSite\",\"@id\":\"https:\\\/\\\/medicinasinc.com\\\/no\\\/#website\",\"url\":\"https:\\\/\\\/medicinasinc.com\\\/no\\\/\",\"name\":\"Medicinas Inc\",\"description\":\"Helsemedisinsk klinikk\",\"potentialAction\":[{\"@type\":\"SearchAction\",\"target\":{\"@type\":\"EntryPoint\",\"urlTemplate\":\"https:\\\/\\\/medicinasinc.com\\\/no\\\/?s={search_term_string}\"},\"query-input\":{\"@type\":\"PropertyValueSpecification\",\"valueRequired\":true,\"valueName\":\"search_term_string\"}}],\"inLanguage\":\"nn-NO\"}]}<\/script>\n<!-- \/ Yoast SEO plugin. -->","yoast_head_json":{"title":"Kj\u00f8p Phenobarbital (Phenobarbital) \/ Luminal - Beste globale medisiner","description":"Du kan n\u00e5 kj\u00f8pe Phenobarbital Luminal-tabletter p\u00e5 Online Nembutal Pharmacy. Din bestilling til Phenobarbital Luminal for salg vil bli fullf\u00f8rt p\u00e5 kortest mulig tid. Alt du trenger \u00e5 gj\u00f8re er \u00e5 ringe oss, sende sms eller e-post i dag og f\u00e5 stoffet ditt levert snart. Koble til n\u00e5!","robots":{"index":"index","follow":"follow","max-snippet":"max-snippet:-1","max-image-preview":"max-image-preview:large","max-video-preview":"max-video-preview:-1"},"canonical":"https:\/\/medicinasinc.com\/no\/product\/kjop-fenobarbital-fenobarbital-luminal\/","og_locale":"nn_NO","og_type":"article","og_title":"Kj\u00f8p Phenobarbital (Phenobarbital) \/ Luminal - Beste globale medisiner","og_description":"Du kan n\u00e5 kj\u00f8pe Phenobarbital Luminal-tabletter p\u00e5 Online Nembutal Pharmacy. Din bestilling til Phenobarbital Luminal for salg vil bli fullf\u00f8rt p\u00e5 kortest mulig tid. Alt du trenger \u00e5 gj\u00f8re er \u00e5 ringe oss, sende sms eller e-post i dag og f\u00e5 stoffet ditt levert snart. Koble til n\u00e5!","og_url":"https:\/\/medicinasinc.com\/no\/product\/kjop-fenobarbital-fenobarbital-luminal\/","og_site_name":"Medicinas Inc","article_modified_time":"2022-03-22T00:43:02+00:00","og_image":[{"width":600,"height":600,"url":"https:\/\/medicinasinc.com\/no\/wp-content\/uploads\/sites\/14\/2022\/02\/Buy-Phenobarbital-Tablets.jpg","type":"image\/jpeg"}],"twitter_card":"summary_large_image","twitter_misc":{"Est. reading time":"2 minutt"},"schema":{"@context":"https:\/\/schema.org","@graph":[{"@type":"WebPage","@id":"https:\/\/medicinasinc.com\/no\/product\/kjop-fenobarbital-fenobarbital-luminal\/","url":"https:\/\/medicinasinc.com\/no\/product\/kjop-fenobarbital-fenobarbital-luminal\/","name":"Kj\u00f8p Phenobarbital (Phenobarbital) \/ Luminal - Beste globale medisiner","isPartOf":{"@id":"https:\/\/medicinasinc.com\/no\/#website"},"primaryImageOfPage":{"@id":"https:\/\/medicinasinc.com\/no\/product\/kjop-fenobarbital-fenobarbital-luminal\/#primaryimage"},"image":{"@id":"https:\/\/medicinasinc.com\/no\/product\/kjop-fenobarbital-fenobarbital-luminal\/#primaryimage"},"thumbnailUrl":"https:\/\/medicinasinc.com\/no\/wp-content\/uploads\/sites\/14\/2022\/02\/Buy-Phenobarbital-Tablets.jpg","datePublished":"2022-02-22T06:27:38+00:00","dateModified":"2022-03-22T00:43:02+00:00","description":"Du kan n\u00e5 kj\u00f8pe Phenobarbital Luminal-tabletter p\u00e5 Online Nembutal Pharmacy. Din bestilling til Phenobarbital Luminal for salg vil bli fullf\u00f8rt p\u00e5 kortest mulig tid. Alt du trenger \u00e5 gj\u00f8re er \u00e5 ringe oss, sende sms eller e-post i dag og f\u00e5 stoffet ditt levert snart. Koble til n\u00e5!","breadcrumb":{"@id":"https:\/\/medicinasinc.com\/no\/product\/kjop-fenobarbital-fenobarbital-luminal\/#breadcrumb"},"inLanguage":"nn-NO","potentialAction":[{"@type":"ReadAction","target":["https:\/\/medicinasinc.com\/no\/product\/kjop-fenobarbital-fenobarbital-luminal\/"]}]},{"@type":"ImageObject","inLanguage":"nn-NO","@id":"https:\/\/medicinasinc.com\/no\/product\/kjop-fenobarbital-fenobarbital-luminal\/#primaryimage","url":"https:\/\/medicinasinc.com\/no\/wp-content\/uploads\/sites\/14\/2022\/02\/Buy-Phenobarbital-Tablets.jpg","contentUrl":"https:\/\/medicinasinc.com\/no\/wp-content\/uploads\/sites\/14\/2022\/02\/Buy-Phenobarbital-Tablets.jpg","width":600,"height":600},{"@type":"BreadcrumbList","@id":"https:\/\/medicinasinc.com\/no\/product\/kjop-fenobarbital-fenobarbital-luminal\/#breadcrumb","itemListElement":[{"@type":"ListItem","position":1,"name":"Butikk","item":"https:\/\/medicinasinc.com\/no\/butikk\/"},{"@type":"ListItem","position":2,"name":"Kj\u00f8p Phenobarbital (Phenobarbital) \/ Luminal"}]},{"@type":"WebSite","@id":"https:\/\/medicinasinc.com\/no\/#website","url":"https:\/\/medicinasinc.com\/no\/","name":"Medicinas Inc","description":"Helsemedisinsk klinikk","potentialAction":[{"@type":"SearchAction","target":{"@type":"EntryPoint","urlTemplate":"https:\/\/medicinasinc.com\/no\/?s={search_term_string}"},"query-input":{"@type":"PropertyValueSpecification","valueRequired":true,"valueName":"search_term_string"}}],"inLanguage":"nn-NO"}]}},"_links":{"self":[{"href":"https:\/\/medicinasinc.com\/no\/wp-json\/wp\/v2\/product\/5798","targetHints":{"allow":["GET"]}}],"collection":[{"href":"https:\/\/medicinasinc.com\/no\/wp-json\/wp\/v2\/product"}],"about":[{"href":"https:\/\/medicinasinc.com\/no\/wp-json\/wp\/v2\/types\/product"}],"replies":[{"embeddable":true,"href":"https:\/\/medicinasinc.com\/no\/wp-json\/wp\/v2\/comments?post=5798"}],"wp:featuredmedia":[{"embeddable":true,"href":"https:\/\/medicinasinc.com\/no\/wp-json\/wp\/v2\/media\/5808"}],"wp:attachment":[{"href":"https:\/\/medicinasinc.com\/no\/wp-json\/wp\/v2\/media?parent=5798"}],"wp:term":[{"taxonomy":"product_brand","embeddable":true,"href":"https:\/\/medicinasinc.com\/no\/wp-json\/wp\/v2\/product_brand?post=5798"},{"taxonomy":"product_cat","embeddable":true,"href":"https:\/\/medicinasinc.com\/no\/wp-json\/wp\/v2\/product_cat?post=5798"},{"taxonomy":"product_tag","embeddable":true,"href":"https:\/\/medicinasinc.com\/no\/wp-json\/wp\/v2\/product_tag?post=5798"}],"curies":[{"name":"wp","href":"https:\/\/api.w.org\/{rel}","templated":true}]}}