{"id":5792,"date":"2022-02-22T06:20:38","date_gmt":"2022-02-22T06:20:38","guid":{"rendered":"https:\/\/medicinasinc.com\/no\/?post_type=product&#038;p=5792"},"modified":"2022-03-22T00:43:12","modified_gmt":"2022-03-22T00:43:12","slug":"kjop-seconal-natrium","status":"publish","type":"product","link":"https:\/\/medicinasinc.com\/no\/product\/kjop-seconal-natrium\/","title":{"rendered":"Kj\u00f8p Seconal Sodium"},"content":{"rendered":"<p>Bestill Seconal Sodium Online fra det beste apoteket. \u2013<\/p>\n<p>Det er n\u00e5 mulig \u00e5 kj\u00f8pe Nembutal online med Seconal Sodium til lavest mulig pris. P\u00e5 nettapoteket v\u00e5rt kan du bestille Seconal Sodium og f\u00e5 det levert p\u00e5 d\u00f8rstokken i l\u00f8pet av f\u00e5 dager. For \u00e5 motta rask levering av Seconal Sodium, legg inn en bestilling hos oss, og en av v\u00e5re teammedlemmer vil forberede og pakke den for deg. Siden vi har v\u00e6rt i denne bransjen s\u00e5 lenge, har vi bygget et solid rykte som et p\u00e5litelig apotek. N\u00e5r det gjelder \u00e5 anskaffe medisiner av beste kvalitet, kan du stole p\u00e5 at vi leverer dem i tide.<\/p>\n<p>Hva er fordelene med Seconal Sodium? Hvorfor b\u00f8r du kj\u00f8pe det hos oss?<\/p>\n<p>F\u00f8r operasjon brukes Seconal Sodium for \u00e5 hjelpe deg med \u00e5 slappe av. Det tilh\u00f8rer klassen medikamenter kjent som barbiturat hypnotika, som inkluderer Seconal. Det beroliger deg ved \u00e5 p\u00e5virke bestemte deler av hjernen din. Seniorer b\u00f8r diskutere fordelene og farene ved denne medisinen, s\u00e5 vel som de ved mer potente, men muligens tryggere medisiner, med legen eller legemiddelspesialisten. F\u00f8r du begynner \u00e5 ta Seconal Sodium og hver gang du f\u00e5r p\u00e5fyll, les medisinveiledningen fra v\u00e5rt nettapotek. R\u00e5df\u00f8r deg med legen din eller en legemiddelspesialist hvis du har sp\u00f8rsm\u00e5l. F\u00f8r operasjonen, f\u00f8lg legens instruksjoner og ta denne resepten gjennom munnen med et glass vann p\u00e5 tom mage.<\/p>\n<p>En sykdom som Seconal Sodium utelukkende brukes til er den som er oppf\u00f8rt nedenfor:<\/p>\n<p>ekstra bed\u00f8velsesinjeksjoner<br \/> ekstra anestesiinduserende middel<\/p>\n<p>V\u00e5rt nettbaserte Nembutal-apotek selger og leverer Seconal Sodium Secobarbital til \u00f8nsket sted s\u00e5 raskt som mulig. Den beste m\u00e5ten vi kan betjene deg p\u00e5 er \u00e5 la oss gj\u00f8re det. Det er trygt \u00e5 stole p\u00e5 v\u00e5rt nettbaserte Nembutal-apotek. Vi er hele tiden her for \u00e5 hjelpe v\u00e5re viktige kunder med \u00e5 n\u00e5 sine m\u00e5l og oppfylle deres kriterier. Ta kontakt med oss \u200b\u200bs\u00e5 snart som mulig!<\/p>\n","protected":false},"excerpt":{"rendered":"<p>Ta kontakt med et nettapotek for \u00e5 f\u00e5 hjelp<\/p>\n<p>Kj\u00f8p Seconal Sodium for salg i Storbritannia, Europa og resten av verden til best mulig pris ved \u00e5 bestille online. V\u00e5rt nettbaserte Seconal Sodium-apotek tilbyr et bredt utvalg av h\u00f8ykvalitets vitaminer og legemidler. For \u00e5 legge inn en bestilling, g\u00e5 til nettstedet.<\/p>\n<p>Alle i verden kan kj\u00f8pe Nembutal online fra et nettapotek. Ta kontakt med oss \u200b\u200bn\u00e5r som helst, fra hvor som helst. Eventuelle sp\u00f8rsm\u00e5l eller bekymringer v\u00e5re kunder har vil bli behandlet umiddelbart av en av v\u00e5re kundeservicerepresentanter. Vi begynner \u00e5 pakke produktet ditt s\u00e5 snart vi mottar bestillingsdataene dine fra deg. Vi s\u00f8rger for at alle v\u00e5re kunder&#8217; medisiner kommer i trygg og forsvarlig emballasje, og at ingen av dem er tuklet med. Kvaliteten p\u00e5 medisinene dine eller statusen til leveringen er aldri et problem n\u00e5r du jobber med oss. Vi er her for \u00e5 ta fullt ansvar for alt. Herfra kan du ikke forvente annet enn det beste for ditt velv\u00e6re. Du kan komme i kontakt med oss \u200b\u200bp\u00e5 telefon, e-post eller tekst. Kj\u00f8p Seconal Sodium Secobarbital 100 mg fra Online Nembutal Pharmacy i dag og f\u00e5 det levert p\u00e5 kort tid.<\/p>\n","protected":false},"featured_media":5802,"comment_status":"open","ping_status":"closed","template":"","meta":[],"product_brand":[],"product_cat":[3818,59],"product_tag":[3819,3950,3903,3820,3824,3827,3831,3834,3835,3843,3881,3882,3951,3840,3842,3927,3923,3954,3922,3920,3916,3918,3919,3925,3926,3948,3841,3821,3830,3822,3823,3826,3828,3829,3844,3953,3906,3908,3909,3911,3907,3910,3845,3866,3869,3949,3913,3874,3875,3876,3878,3902,3880,3879,3894,3901,3884,3889,3890,3891,3892,3897,3898,3899,3883,3888,3893,3900,3885,3886,3887,3895,3952,3904,3896,3921],"class_list":{"0":"post-5792","1":"product","2":"type-product","3":"status-publish","4":"has-post-thumbnail","6":"product_cat-pentobarbital-til-salg","7":"product_cat-ukategorisert","8":"product_tag-best-drug-for-suicide-overdose","9":"product_tag-bestille-nembutal-vske-online","10":"product_tag-pentobarbital-bruk","11":"product_tag-buy-cheap-nembutal-liquid-online","12":"product_tag-buy-nembutal-pentobarbital-sodium","13":"product_tag-buy-pentobarbital-sodium","14":"product_tag-can-i-buy-pentobarbital","15":"product_tag-can-you-buy-pentobarbital-sodium-over-the-counter","16":"product_tag-can-you-buy-sodium-pentobarbital","17":"product_tag-det-er-lett--kjpe-nembutal-online","18":"product_tag-pentobarbital-natrium-dd","19":"product_tag-pentobarbital-natrium-dosering","20":"product_tag-fenobarbital-natrium-intravens","21":"product_tag-how-to-acquire-nembutal","22":"product_tag-how-to-order-nembutal-by-mail","23":"product_tag-hvor-kan-f-pentobarbital-natrium","24":"product_tag-hvor-kan-kjpe-billig-nembutal-online","25":"product_tag-hvor-kan-kjpe-nembutal-vske-p-nettet","26":"product_tag-hvor-kan-du-kjpe-pentobarbital-natrium","27":"product_tag-hvor-kan-jeg-kjpe-natrium-pentobarbital","28":"product_tag-hvor-kan-jeg-kjpe-nembutal-natrium-pentobarbital","29":"product_tag-hvor-kan-jeg-kjpe-pentobarbital-natrium","30":"product_tag-hvor-kan-jeg-kjpe-pentobarbital-natrium-sovepiller","31":"product_tag-hvor-kan-kjpes-pentobarbital-natrium","32":"product_tag-hvor-kan-kjpes-pentobarbital-natrium-for-hunder","33":"product_tag-hvordan-kjpe-nembutal-vske-p-nettet","34":"product_tag-hvordan-kjpe-nembutal-online","35":"product_tag-kjp-billig-nembutal-online","36":"product_tag-kjp-natrium-pentobarbital-uk","37":"product_tag-kjp-nembutal-her","38":"product_tag-kjp-nembutal-vske-p-nettet","39":"product_tag-kjp-nembutal-natrium-online","40":"product_tag-kjp-pentobarbital-natrium-2021","41":"product_tag-kjp-pentobarbital-natrium-pentobarbital-natrium-salt","42":"product_tag-lethal-injection-buy-online","43":"product_tag-natrium","44":"product_tag-natrium-pentobarbital-nembutal","45":"product_tag-natrium-pentobarbital-for-dyre-eutanasi","46":"product_tag-natrium-pentobarbital-for-eutanasi","47":"product_tag-natrium-pentobarbital-holdbarhet","48":"product_tag-natrium-pentobarbital-kostnad","49":"product_tag-natrium-pentobarbital-produsenter","50":"product_tag-nembutal","51":"product_tag-nembutal-piller-online","52":"product_tag-nembutal-suicide-dose","53":"product_tag-nembutal-v-c3-a6ske-til-salg","54":"product_tag-nsker--kjpe-nembutal","55":"product_tag-pentobarbital","56":"product_tag-pentobarbital-de-sodium-dose-letale","57":"product_tag-pentobarbital-for-eutanasi","58":"product_tag-pentobarbital-natrium-anestesi","59":"product_tag-pentobarbital-natrium-hvor-kan-kjpes","60":"product_tag-pentobarbital-natrium-kina","61":"product_tag-pentobarbital-natrium-kjp","62":"product_tag-pentobarbital-natrium-piller","63":"product_tag-pentobarbital-natrium-tabletter","64":"product_tag-pentobarbital-sodium-for-humans","65":"product_tag-pentobarbital-sodium-injection-usp","66":"product_tag-pentobarbital-sodium-liquid","67":"product_tag-pentobarbital-sodium-nz","68":"product_tag-pentobarbital-sodium-oral","69":"product_tag-pentobarbital-sodium-price","70":"product_tag-pentobarbital-sodium-salt","71":"product_tag-pentobarbital-sodium-sleeping-pills","72":"product_tag-pentobarbital-natrium-for-hunder","73":"product_tag-pentobarbital-natrium-injeksjonslsning","74":"product_tag-pentobarbital-natriumreseptor","75":"product_tag-pentobarbital-natrium-sovepiller-reseptfri","76":"product_tag-pentobarbitalnatriumgruppe","77":"product_tag-pentobarbital-natrium-injeksjon-for-hunder","78":"product_tag-pentobarbital-natrium-injeksjon-for-mennesker","79":"product_tag-pentobarbitalnatriumpulver","80":"product_tag-purchase-nembutal-liquid-online","81":"product_tag-purchase-nembutal-online","82":"product_tag-pentobarbital-natrium-resept","83":"product_tag-where-can-i-purchase-nembutal","85":"first","86":"instock","87":"shipping-taxable","88":"purchasable","89":"product-type-variable"},"yoast_head":"<!-- This site is optimized with the Yoast SEO plugin v27.3 - https:\/\/yoast.com\/product\/yoast-seo-wordpress\/ -->\n<title>Kj\u00f8p Seconal Sodium - Best Best Global Meds<\/title>\n<meta name=\"description\" content=\"Kj\u00f8p Seconal Sodium for salg UK, Europe 100mg online til beste pris. Stort utvalg av kosttilskudd og medisiner av h\u00f8y kvalitet p\u00e5 v\u00e5rt nettbaserte Seconal Sodium-apotek. Bestille p\u00e5 nett.\" \/>\n<meta name=\"robots\" content=\"index, follow, max-snippet:-1, max-image-preview:large, max-video-preview:-1\" \/>\n<link rel=\"canonical\" href=\"https:\/\/medicinasinc.com\/no\/product\/kjop-seconal-natrium\/\" \/>\n<meta property=\"og:locale\" content=\"nn_NO\" \/>\n<meta property=\"og:type\" content=\"article\" \/>\n<meta property=\"og:title\" content=\"Kj\u00f8p Seconal Sodium - Best Best Global Meds\" \/>\n<meta property=\"og:description\" content=\"Kj\u00f8p Seconal Sodium for salg UK, Europe 100mg online til beste pris. Stort utvalg av kosttilskudd og medisiner av h\u00f8y kvalitet p\u00e5 v\u00e5rt nettbaserte Seconal Sodium-apotek. Bestille p\u00e5 nett.\" \/>\n<meta property=\"og:url\" content=\"https:\/\/medicinasinc.com\/no\/product\/kjop-seconal-natrium\/\" \/>\n<meta property=\"og:site_name\" content=\"Medicinas Inc\" \/>\n<meta property=\"article:modified_time\" content=\"2022-03-22T00:43:12+00:00\" \/>\n<meta property=\"og:image\" content=\"https:\/\/medicinasinc.com\/no\/wp-content\/uploads\/sites\/14\/2022\/02\/Buy-Seconal-Sodium.jpg\" \/>\n\t<meta property=\"og:image:width\" content=\"600\" \/>\n\t<meta property=\"og:image:height\" content=\"600\" \/>\n\t<meta property=\"og:image:type\" content=\"image\/jpeg\" \/>\n<meta name=\"twitter:card\" content=\"summary_large_image\" \/>\n<meta name=\"twitter:label1\" content=\"Est. reading time\" \/>\n\t<meta name=\"twitter:data1\" content=\"2 minutt\" \/>\n<script type=\"application\/ld+json\" class=\"yoast-schema-graph\">{\"@context\":\"https:\\\/\\\/schema.org\",\"@graph\":[{\"@type\":\"WebPage\",\"@id\":\"https:\\\/\\\/medicinasinc.com\\\/no\\\/product\\\/kjop-seconal-natrium\\\/\",\"url\":\"https:\\\/\\\/medicinasinc.com\\\/no\\\/product\\\/kjop-seconal-natrium\\\/\",\"name\":\"Kj\u00f8p Seconal Sodium - Best Best Global Meds\",\"isPartOf\":{\"@id\":\"https:\\\/\\\/medicinasinc.com\\\/no\\\/#website\"},\"primaryImageOfPage\":{\"@id\":\"https:\\\/\\\/medicinasinc.com\\\/no\\\/product\\\/kjop-seconal-natrium\\\/#primaryimage\"},\"image\":{\"@id\":\"https:\\\/\\\/medicinasinc.com\\\/no\\\/product\\\/kjop-seconal-natrium\\\/#primaryimage\"},\"thumbnailUrl\":\"https:\\\/\\\/medicinasinc.com\\\/no\\\/wp-content\\\/uploads\\\/sites\\\/14\\\/2022\\\/02\\\/Buy-Seconal-Sodium.jpg\",\"datePublished\":\"2022-02-22T06:20:38+00:00\",\"dateModified\":\"2022-03-22T00:43:12+00:00\",\"description\":\"Kj\u00f8p Seconal Sodium for salg UK, Europe 100mg online til beste pris. Stort utvalg av kosttilskudd og medisiner av h\u00f8y kvalitet p\u00e5 v\u00e5rt nettbaserte Seconal Sodium-apotek. Bestille p\u00e5 nett.\",\"breadcrumb\":{\"@id\":\"https:\\\/\\\/medicinasinc.com\\\/no\\\/product\\\/kjop-seconal-natrium\\\/#breadcrumb\"},\"inLanguage\":\"nn-NO\",\"potentialAction\":[{\"@type\":\"ReadAction\",\"target\":[\"https:\\\/\\\/medicinasinc.com\\\/no\\\/product\\\/kjop-seconal-natrium\\\/\"]}]},{\"@type\":\"ImageObject\",\"inLanguage\":\"nn-NO\",\"@id\":\"https:\\\/\\\/medicinasinc.com\\\/no\\\/product\\\/kjop-seconal-natrium\\\/#primaryimage\",\"url\":\"https:\\\/\\\/medicinasinc.com\\\/no\\\/wp-content\\\/uploads\\\/sites\\\/14\\\/2022\\\/02\\\/Buy-Seconal-Sodium.jpg\",\"contentUrl\":\"https:\\\/\\\/medicinasinc.com\\\/no\\\/wp-content\\\/uploads\\\/sites\\\/14\\\/2022\\\/02\\\/Buy-Seconal-Sodium.jpg\",\"width\":600,\"height\":600},{\"@type\":\"BreadcrumbList\",\"@id\":\"https:\\\/\\\/medicinasinc.com\\\/no\\\/product\\\/kjop-seconal-natrium\\\/#breadcrumb\",\"itemListElement\":[{\"@type\":\"ListItem\",\"position\":1,\"name\":\"Butikk\",\"item\":\"https:\\\/\\\/medicinasinc.com\\\/no\\\/butikk\\\/\"},{\"@type\":\"ListItem\",\"position\":2,\"name\":\"Kj\u00f8p Seconal Sodium\"}]},{\"@type\":\"WebSite\",\"@id\":\"https:\\\/\\\/medicinasinc.com\\\/no\\\/#website\",\"url\":\"https:\\\/\\\/medicinasinc.com\\\/no\\\/\",\"name\":\"Medicinas Inc\",\"description\":\"Helsemedisinsk klinikk\",\"potentialAction\":[{\"@type\":\"SearchAction\",\"target\":{\"@type\":\"EntryPoint\",\"urlTemplate\":\"https:\\\/\\\/medicinasinc.com\\\/no\\\/?s={search_term_string}\"},\"query-input\":{\"@type\":\"PropertyValueSpecification\",\"valueRequired\":true,\"valueName\":\"search_term_string\"}}],\"inLanguage\":\"nn-NO\"}]}<\/script>\n<!-- \/ Yoast SEO plugin. -->","yoast_head_json":{"title":"Kj\u00f8p Seconal Sodium - Best Best Global Meds","description":"Kj\u00f8p Seconal Sodium for salg UK, Europe 100mg online til beste pris. Stort utvalg av kosttilskudd og medisiner av h\u00f8y kvalitet p\u00e5 v\u00e5rt nettbaserte Seconal Sodium-apotek. Bestille p\u00e5 nett.","robots":{"index":"index","follow":"follow","max-snippet":"max-snippet:-1","max-image-preview":"max-image-preview:large","max-video-preview":"max-video-preview:-1"},"canonical":"https:\/\/medicinasinc.com\/no\/product\/kjop-seconal-natrium\/","og_locale":"nn_NO","og_type":"article","og_title":"Kj\u00f8p Seconal Sodium - Best Best Global Meds","og_description":"Kj\u00f8p Seconal Sodium for salg UK, Europe 100mg online til beste pris. Stort utvalg av kosttilskudd og medisiner av h\u00f8y kvalitet p\u00e5 v\u00e5rt nettbaserte Seconal Sodium-apotek. Bestille p\u00e5 nett.","og_url":"https:\/\/medicinasinc.com\/no\/product\/kjop-seconal-natrium\/","og_site_name":"Medicinas Inc","article_modified_time":"2022-03-22T00:43:12+00:00","og_image":[{"width":600,"height":600,"url":"https:\/\/medicinasinc.com\/no\/wp-content\/uploads\/sites\/14\/2022\/02\/Buy-Seconal-Sodium.jpg","type":"image\/jpeg"}],"twitter_card":"summary_large_image","twitter_misc":{"Est. reading time":"2 minutt"},"schema":{"@context":"https:\/\/schema.org","@graph":[{"@type":"WebPage","@id":"https:\/\/medicinasinc.com\/no\/product\/kjop-seconal-natrium\/","url":"https:\/\/medicinasinc.com\/no\/product\/kjop-seconal-natrium\/","name":"Kj\u00f8p Seconal Sodium - Best Best Global Meds","isPartOf":{"@id":"https:\/\/medicinasinc.com\/no\/#website"},"primaryImageOfPage":{"@id":"https:\/\/medicinasinc.com\/no\/product\/kjop-seconal-natrium\/#primaryimage"},"image":{"@id":"https:\/\/medicinasinc.com\/no\/product\/kjop-seconal-natrium\/#primaryimage"},"thumbnailUrl":"https:\/\/medicinasinc.com\/no\/wp-content\/uploads\/sites\/14\/2022\/02\/Buy-Seconal-Sodium.jpg","datePublished":"2022-02-22T06:20:38+00:00","dateModified":"2022-03-22T00:43:12+00:00","description":"Kj\u00f8p Seconal Sodium for salg UK, Europe 100mg online til beste pris. Stort utvalg av kosttilskudd og medisiner av h\u00f8y kvalitet p\u00e5 v\u00e5rt nettbaserte Seconal Sodium-apotek. Bestille p\u00e5 nett.","breadcrumb":{"@id":"https:\/\/medicinasinc.com\/no\/product\/kjop-seconal-natrium\/#breadcrumb"},"inLanguage":"nn-NO","potentialAction":[{"@type":"ReadAction","target":["https:\/\/medicinasinc.com\/no\/product\/kjop-seconal-natrium\/"]}]},{"@type":"ImageObject","inLanguage":"nn-NO","@id":"https:\/\/medicinasinc.com\/no\/product\/kjop-seconal-natrium\/#primaryimage","url":"https:\/\/medicinasinc.com\/no\/wp-content\/uploads\/sites\/14\/2022\/02\/Buy-Seconal-Sodium.jpg","contentUrl":"https:\/\/medicinasinc.com\/no\/wp-content\/uploads\/sites\/14\/2022\/02\/Buy-Seconal-Sodium.jpg","width":600,"height":600},{"@type":"BreadcrumbList","@id":"https:\/\/medicinasinc.com\/no\/product\/kjop-seconal-natrium\/#breadcrumb","itemListElement":[{"@type":"ListItem","position":1,"name":"Butikk","item":"https:\/\/medicinasinc.com\/no\/butikk\/"},{"@type":"ListItem","position":2,"name":"Kj\u00f8p Seconal Sodium"}]},{"@type":"WebSite","@id":"https:\/\/medicinasinc.com\/no\/#website","url":"https:\/\/medicinasinc.com\/no\/","name":"Medicinas Inc","description":"Helsemedisinsk klinikk","potentialAction":[{"@type":"SearchAction","target":{"@type":"EntryPoint","urlTemplate":"https:\/\/medicinasinc.com\/no\/?s={search_term_string}"},"query-input":{"@type":"PropertyValueSpecification","valueRequired":true,"valueName":"search_term_string"}}],"inLanguage":"nn-NO"}]}},"_links":{"self":[{"href":"https:\/\/medicinasinc.com\/no\/wp-json\/wp\/v2\/product\/5792","targetHints":{"allow":["GET"]}}],"collection":[{"href":"https:\/\/medicinasinc.com\/no\/wp-json\/wp\/v2\/product"}],"about":[{"href":"https:\/\/medicinasinc.com\/no\/wp-json\/wp\/v2\/types\/product"}],"replies":[{"embeddable":true,"href":"https:\/\/medicinasinc.com\/no\/wp-json\/wp\/v2\/comments?post=5792"}],"wp:featuredmedia":[{"embeddable":true,"href":"https:\/\/medicinasinc.com\/no\/wp-json\/wp\/v2\/media\/5802"}],"wp:attachment":[{"href":"https:\/\/medicinasinc.com\/no\/wp-json\/wp\/v2\/media?parent=5792"}],"wp:term":[{"taxonomy":"product_brand","embeddable":true,"href":"https:\/\/medicinasinc.com\/no\/wp-json\/wp\/v2\/product_brand?post=5792"},{"taxonomy":"product_cat","embeddable":true,"href":"https:\/\/medicinasinc.com\/no\/wp-json\/wp\/v2\/product_cat?post=5792"},{"taxonomy":"product_tag","embeddable":true,"href":"https:\/\/medicinasinc.com\/no\/wp-json\/wp\/v2\/product_tag?post=5792"}],"curies":[{"name":"wp","href":"https:\/\/api.w.org\/{rel}","templated":true}]}}