{"id":5785,"date":"2022-02-22T06:12:06","date_gmt":"2022-02-22T06:12:06","guid":{"rendered":"https:\/\/medicinasinc.com\/no\/?post_type=product&#038;p=5785"},"modified":"2022-03-22T00:43:22","modified_gmt":"2022-03-22T00:43:22","slug":"kjop-nembutal-pentobarbital-natrium","status":"publish","type":"product","link":"https:\/\/medicinasinc.com\/no\/product\/kjop-nembutal-pentobarbital-natrium\/","title":{"rendered":"Kj\u00f8p Nembutal Pentobarbital Sodium"},"content":{"rendered":"<p>Best Global Med tilbyr den beste prisen og kvaliteten p\u00e5 Nembutal Pentobarbital Sodium til salgs. Legg inn en elektronisk foresp\u00f8rsel p\u00e5 nettstedet v\u00e5rt.<\/p>\n<p>Det er flere grunner til at folk velger Nembutal Pentobarbital for oral bruk, men en av de vanligste er flytende form.<\/p>\n<p>En flytende form. av Nembutal Phenobarbital (ogs\u00e5 kjent som Nembutal) er en barbituratmedisin. Mens det ble mye brukt som s\u00f8vnhjelp p\u00e5 1940- og 1950-tallet, ble hypnotiserende ogs\u00e5 brukt som en form for angstdempende medisin (for eksempel narkotiske). Overdosering av Nembutal er langt mer d\u00f8delig enn det er med dagens s\u00f8vnmidler. Det er et av de beste stoffene for assistert selvmord fordi det er solid og stilleg\u00e5ende. Nembutal brukes av bevisste utryddelsesorganisasjoner i USA (Oregon Death With Dignity Act), Sveits (Dignitas) og Nederland.<\/p>\n<p>Nembutal ble fjernet fra markedet fordi det var s\u00e5 lett \u00e5 overdosere det. (enten det er tilfeldig eller planlagt), og dermed ble det erstattet av sikrere sovemedisiner. For \u00e5ret 1998 ble Nembutal fjernet fra den australske regjeringens liste over anbefalte medisiner. Nembutal, p\u00e5 den annen side, brukes fortsatt av veterin\u00e6rer for \u00e5 avslutte livet til st\u00f8rre dyr. Mange mennesker var i stand til \u00e5 skaffe veterin\u00e6r Nembutal for \u00e5 avslutte livet. Marilyn Monroe, den legendariske amerikanske skuespillerinnen og sangeren, tok tilsynelatende selvmord med en d\u00f8delig dose Nembutal.<\/p>\n<p>Da Dr. John S. Lundy begynte \u00e5 bruke natriumsaltligningen \u2013 Na (natrium) + etyl + metyl + butyl + al\u2014i 1930 fikk den merkenavnet &laquo;Nembutal&raquo; (normal postfix for barbiturater). I Danmark eier Lundbeck varemerket og produserer Nembutal.<\/p>\n<p>Korttidsvirkende barbiturater inkluderer fenobarbital (amerikansk engelsk) og pentobarbiton (britisk engelsk). N\u00e5r det gjelder fenobarbital, kommer det i en rekke former, inkludert fritt etsende og salter av forskjellige bestanddeler, som natrium og kalsium. I vann og etanol er det frie etsende stoffet bare litt l\u00f8selig. Nembutal er et av legemidlets merkenavn.<\/p>\n<p>Den kjemiske formelen for C11H18N2O3 er som f\u00f8lger:<\/p>\n<p>Leveren er involvert i metabolske prosesser.<\/p>\n<p>Halveringstid av organiske forbindelser: 15\u201348 timer. Pulverisert v\u00e6ske, piller<\/p>\n","protected":false},"excerpt":{"rendered":"<p>Kj\u00f8p Nembutal Pentobarbital Sodium online fra v\u00e5r Bestglobalmeds.com-butikk og f\u00e5 det levert p\u00e5 d\u00f8ren din umiddelbart! Du finner det beste stedet \u00e5 kj\u00f8pe Nembutal p\u00e5 nett her!<\/p>\n<p>Du kan kj\u00f8pe Nembutal p\u00e5 nettet fra Best Global Meds, som leverer p\u00e5 d\u00f8ren. Nembutal uten resept er tilgjengelig her til lavest mulig pris.<\/p>\n<p>Siden overdoser av Nembutal var s\u00e5 vanlige, ble stoffet trukket fra markedet og erstattet med sikrere sovemidler. Australiere fikk ikke lenger anbefale Nembutal som behandlingsalternativ i 1998. Veteraner fortsetter uansett \u00e5 ta Nembutal.<\/p>\n","protected":false},"featured_media":5796,"comment_status":"open","ping_status":"closed","template":"","meta":[],"product_brand":[],"product_cat":[3818],"product_tag":[3819,3950,3903,3820,3824,3827,3831,3834,3835,3843,3881,3882,3951,3840,3842,3927,3923,3954,3922,3920,3916,3918,3919,3925,3926,3948,3841,3821,3830,3822,3823,3826,3828,3829,3844,3953,3906,3908,3909,3911,3907,3910,3845,3866,3869,3949,3913,3874,3875,3876,3878,3902,3880,3879,3894,3901,3884,3889,3890,3891,3892,3897,3898,3899,3883,3888,3893,3900,3885,3886,3887,3895,3952,3904,3896,3921],"class_list":{"0":"post-5785","1":"product","2":"type-product","3":"status-publish","4":"has-post-thumbnail","6":"product_cat-pentobarbital-til-salg","7":"product_tag-best-drug-for-suicide-overdose","8":"product_tag-bestille-nembutal-vske-online","9":"product_tag-pentobarbital-bruk","10":"product_tag-buy-cheap-nembutal-liquid-online","11":"product_tag-buy-nembutal-pentobarbital-sodium","12":"product_tag-buy-pentobarbital-sodium","13":"product_tag-can-i-buy-pentobarbital","14":"product_tag-can-you-buy-pentobarbital-sodium-over-the-counter","15":"product_tag-can-you-buy-sodium-pentobarbital","16":"product_tag-det-er-lett--kjpe-nembutal-online","17":"product_tag-pentobarbital-natrium-dd","18":"product_tag-pentobarbital-natrium-dosering","19":"product_tag-fenobarbital-natrium-intravens","20":"product_tag-how-to-acquire-nembutal","21":"product_tag-how-to-order-nembutal-by-mail","22":"product_tag-hvor-kan-f-pentobarbital-natrium","23":"product_tag-hvor-kan-kjpe-billig-nembutal-online","24":"product_tag-hvor-kan-kjpe-nembutal-vske-p-nettet","25":"product_tag-hvor-kan-du-kjpe-pentobarbital-natrium","26":"product_tag-hvor-kan-jeg-kjpe-natrium-pentobarbital","27":"product_tag-hvor-kan-jeg-kjpe-nembutal-natrium-pentobarbital","28":"product_tag-hvor-kan-jeg-kjpe-pentobarbital-natrium","29":"product_tag-hvor-kan-jeg-kjpe-pentobarbital-natrium-sovepiller","30":"product_tag-hvor-kan-kjpes-pentobarbital-natrium","31":"product_tag-hvor-kan-kjpes-pentobarbital-natrium-for-hunder","32":"product_tag-hvordan-kjpe-nembutal-vske-p-nettet","33":"product_tag-hvordan-kjpe-nembutal-online","34":"product_tag-kjp-billig-nembutal-online","35":"product_tag-kjp-natrium-pentobarbital-uk","36":"product_tag-kjp-nembutal-her","37":"product_tag-kjp-nembutal-vske-p-nettet","38":"product_tag-kjp-nembutal-natrium-online","39":"product_tag-kjp-pentobarbital-natrium-2021","40":"product_tag-kjp-pentobarbital-natrium-pentobarbital-natrium-salt","41":"product_tag-lethal-injection-buy-online","42":"product_tag-natrium","43":"product_tag-natrium-pentobarbital-nembutal","44":"product_tag-natrium-pentobarbital-for-dyre-eutanasi","45":"product_tag-natrium-pentobarbital-for-eutanasi","46":"product_tag-natrium-pentobarbital-holdbarhet","47":"product_tag-natrium-pentobarbital-kostnad","48":"product_tag-natrium-pentobarbital-produsenter","49":"product_tag-nembutal","50":"product_tag-nembutal-piller-online","51":"product_tag-nembutal-suicide-dose","52":"product_tag-nembutal-v-c3-a6ske-til-salg","53":"product_tag-nsker--kjpe-nembutal","54":"product_tag-pentobarbital","55":"product_tag-pentobarbital-de-sodium-dose-letale","56":"product_tag-pentobarbital-for-eutanasi","57":"product_tag-pentobarbital-natrium-anestesi","58":"product_tag-pentobarbital-natrium-hvor-kan-kjpes","59":"product_tag-pentobarbital-natrium-kina","60":"product_tag-pentobarbital-natrium-kjp","61":"product_tag-pentobarbital-natrium-piller","62":"product_tag-pentobarbital-natrium-tabletter","63":"product_tag-pentobarbital-sodium-for-humans","64":"product_tag-pentobarbital-sodium-injection-usp","65":"product_tag-pentobarbital-sodium-liquid","66":"product_tag-pentobarbital-sodium-nz","67":"product_tag-pentobarbital-sodium-oral","68":"product_tag-pentobarbital-sodium-price","69":"product_tag-pentobarbital-sodium-salt","70":"product_tag-pentobarbital-sodium-sleeping-pills","71":"product_tag-pentobarbital-natrium-for-hunder","72":"product_tag-pentobarbital-natrium-injeksjonslsning","73":"product_tag-pentobarbital-natriumreseptor","74":"product_tag-pentobarbital-natrium-sovepiller-reseptfri","75":"product_tag-pentobarbitalnatriumgruppe","76":"product_tag-pentobarbital-natrium-injeksjon-for-hunder","77":"product_tag-pentobarbital-natrium-injeksjon-for-mennesker","78":"product_tag-pentobarbitalnatriumpulver","79":"product_tag-purchase-nembutal-liquid-online","80":"product_tag-purchase-nembutal-online","81":"product_tag-pentobarbital-natrium-resept","82":"product_tag-where-can-i-purchase-nembutal","84":"first","85":"instock","86":"shipping-taxable","87":"purchasable","88":"product-type-variable"},"yoast_head":"<!-- This site is optimized with the Yoast SEO plugin v27.3 - https:\/\/yoast.com\/product\/yoast-seo-wordpress\/ -->\n<title>Kj\u00f8p Nembutal Pentobarbital Sodium - Beste globale medisiner<\/title>\n<meta name=\"description\" content=\"Kj\u00f8p Nembutal Pentobarbital Sodium Storbritannia, Europa, Asia, Kina i v\u00e5r Bestglobalmeds.com nettbutikk med rask levering over hele verden! Den beste Nembutal for bestilling finner du her!\" \/>\n<meta name=\"robots\" content=\"index, follow, max-snippet:-1, max-image-preview:large, max-video-preview:-1\" \/>\n<link rel=\"canonical\" href=\"https:\/\/medicinasinc.com\/no\/product\/kjop-nembutal-pentobarbital-natrium\/\" \/>\n<meta property=\"og:locale\" content=\"nn_NO\" \/>\n<meta property=\"og:type\" content=\"article\" \/>\n<meta property=\"og:title\" content=\"Kj\u00f8p Nembutal Pentobarbital Sodium - Beste globale medisiner\" \/>\n<meta property=\"og:description\" content=\"Kj\u00f8p Nembutal Pentobarbital Sodium Storbritannia, Europa, Asia, Kina i v\u00e5r Bestglobalmeds.com nettbutikk med rask levering over hele verden! Den beste Nembutal for bestilling finner du her!\" \/>\n<meta property=\"og:url\" content=\"https:\/\/medicinasinc.com\/no\/product\/kjop-nembutal-pentobarbital-natrium\/\" \/>\n<meta property=\"og:site_name\" content=\"Medicinas Inc\" \/>\n<meta property=\"article:modified_time\" content=\"2022-03-22T00:43:22+00:00\" \/>\n<meta property=\"og:image\" content=\"https:\/\/medicinasinc.com\/no\/wp-content\/uploads\/sites\/14\/2022\/02\/Buy-Pentobarbital-Sodium-1.jpg\" \/>\n\t<meta property=\"og:image:width\" content=\"356\" \/>\n\t<meta property=\"og:image:height\" content=\"540\" \/>\n\t<meta property=\"og:image:type\" content=\"image\/jpeg\" \/>\n<meta name=\"twitter:card\" content=\"summary_large_image\" \/>\n<meta name=\"twitter:label1\" content=\"Est. reading time\" \/>\n\t<meta name=\"twitter:data1\" content=\"2 minutt\" \/>\n<script type=\"application\/ld+json\" class=\"yoast-schema-graph\">{\"@context\":\"https:\\\/\\\/schema.org\",\"@graph\":[{\"@type\":\"WebPage\",\"@id\":\"https:\\\/\\\/medicinasinc.com\\\/no\\\/product\\\/kjop-nembutal-pentobarbital-natrium\\\/\",\"url\":\"https:\\\/\\\/medicinasinc.com\\\/no\\\/product\\\/kjop-nembutal-pentobarbital-natrium\\\/\",\"name\":\"Kj\u00f8p Nembutal Pentobarbital Sodium - Beste globale medisiner\",\"isPartOf\":{\"@id\":\"https:\\\/\\\/medicinasinc.com\\\/no\\\/#website\"},\"primaryImageOfPage\":{\"@id\":\"https:\\\/\\\/medicinasinc.com\\\/no\\\/product\\\/kjop-nembutal-pentobarbital-natrium\\\/#primaryimage\"},\"image\":{\"@id\":\"https:\\\/\\\/medicinasinc.com\\\/no\\\/product\\\/kjop-nembutal-pentobarbital-natrium\\\/#primaryimage\"},\"thumbnailUrl\":\"https:\\\/\\\/medicinasinc.com\\\/no\\\/wp-content\\\/uploads\\\/sites\\\/14\\\/2022\\\/02\\\/Buy-Pentobarbital-Sodium-1.jpg\",\"datePublished\":\"2022-02-22T06:12:06+00:00\",\"dateModified\":\"2022-03-22T00:43:22+00:00\",\"description\":\"Kj\u00f8p Nembutal Pentobarbital Sodium Storbritannia, Europa, Asia, Kina i v\u00e5r Bestglobalmeds.com nettbutikk med rask levering over hele verden! Den beste Nembutal for bestilling finner du her!\",\"breadcrumb\":{\"@id\":\"https:\\\/\\\/medicinasinc.com\\\/no\\\/product\\\/kjop-nembutal-pentobarbital-natrium\\\/#breadcrumb\"},\"inLanguage\":\"nn-NO\",\"potentialAction\":[{\"@type\":\"ReadAction\",\"target\":[\"https:\\\/\\\/medicinasinc.com\\\/no\\\/product\\\/kjop-nembutal-pentobarbital-natrium\\\/\"]}]},{\"@type\":\"ImageObject\",\"inLanguage\":\"nn-NO\",\"@id\":\"https:\\\/\\\/medicinasinc.com\\\/no\\\/product\\\/kjop-nembutal-pentobarbital-natrium\\\/#primaryimage\",\"url\":\"https:\\\/\\\/medicinasinc.com\\\/no\\\/wp-content\\\/uploads\\\/sites\\\/14\\\/2022\\\/02\\\/Buy-Pentobarbital-Sodium-1.jpg\",\"contentUrl\":\"https:\\\/\\\/medicinasinc.com\\\/no\\\/wp-content\\\/uploads\\\/sites\\\/14\\\/2022\\\/02\\\/Buy-Pentobarbital-Sodium-1.jpg\",\"width\":356,\"height\":540},{\"@type\":\"BreadcrumbList\",\"@id\":\"https:\\\/\\\/medicinasinc.com\\\/no\\\/product\\\/kjop-nembutal-pentobarbital-natrium\\\/#breadcrumb\",\"itemListElement\":[{\"@type\":\"ListItem\",\"position\":1,\"name\":\"Butikk\",\"item\":\"https:\\\/\\\/medicinasinc.com\\\/no\\\/butikk\\\/\"},{\"@type\":\"ListItem\",\"position\":2,\"name\":\"Kj\u00f8p Nembutal Pentobarbital Sodium\"}]},{\"@type\":\"WebSite\",\"@id\":\"https:\\\/\\\/medicinasinc.com\\\/no\\\/#website\",\"url\":\"https:\\\/\\\/medicinasinc.com\\\/no\\\/\",\"name\":\"Medicinas Inc\",\"description\":\"Helsemedisinsk klinikk\",\"potentialAction\":[{\"@type\":\"SearchAction\",\"target\":{\"@type\":\"EntryPoint\",\"urlTemplate\":\"https:\\\/\\\/medicinasinc.com\\\/no\\\/?s={search_term_string}\"},\"query-input\":{\"@type\":\"PropertyValueSpecification\",\"valueRequired\":true,\"valueName\":\"search_term_string\"}}],\"inLanguage\":\"nn-NO\"}]}<\/script>\n<!-- \/ Yoast SEO plugin. -->","yoast_head_json":{"title":"Kj\u00f8p Nembutal Pentobarbital Sodium - Beste globale medisiner","description":"Kj\u00f8p Nembutal Pentobarbital Sodium Storbritannia, Europa, Asia, Kina i v\u00e5r Bestglobalmeds.com nettbutikk med rask levering over hele verden! Den beste Nembutal for bestilling finner du her!","robots":{"index":"index","follow":"follow","max-snippet":"max-snippet:-1","max-image-preview":"max-image-preview:large","max-video-preview":"max-video-preview:-1"},"canonical":"https:\/\/medicinasinc.com\/no\/product\/kjop-nembutal-pentobarbital-natrium\/","og_locale":"nn_NO","og_type":"article","og_title":"Kj\u00f8p Nembutal Pentobarbital Sodium - Beste globale medisiner","og_description":"Kj\u00f8p Nembutal Pentobarbital Sodium Storbritannia, Europa, Asia, Kina i v\u00e5r Bestglobalmeds.com nettbutikk med rask levering over hele verden! Den beste Nembutal for bestilling finner du her!","og_url":"https:\/\/medicinasinc.com\/no\/product\/kjop-nembutal-pentobarbital-natrium\/","og_site_name":"Medicinas Inc","article_modified_time":"2022-03-22T00:43:22+00:00","og_image":[{"width":356,"height":540,"url":"https:\/\/medicinasinc.com\/no\/wp-content\/uploads\/sites\/14\/2022\/02\/Buy-Pentobarbital-Sodium-1.jpg","type":"image\/jpeg"}],"twitter_card":"summary_large_image","twitter_misc":{"Est. reading time":"2 minutt"},"schema":{"@context":"https:\/\/schema.org","@graph":[{"@type":"WebPage","@id":"https:\/\/medicinasinc.com\/no\/product\/kjop-nembutal-pentobarbital-natrium\/","url":"https:\/\/medicinasinc.com\/no\/product\/kjop-nembutal-pentobarbital-natrium\/","name":"Kj\u00f8p Nembutal Pentobarbital Sodium - Beste globale medisiner","isPartOf":{"@id":"https:\/\/medicinasinc.com\/no\/#website"},"primaryImageOfPage":{"@id":"https:\/\/medicinasinc.com\/no\/product\/kjop-nembutal-pentobarbital-natrium\/#primaryimage"},"image":{"@id":"https:\/\/medicinasinc.com\/no\/product\/kjop-nembutal-pentobarbital-natrium\/#primaryimage"},"thumbnailUrl":"https:\/\/medicinasinc.com\/no\/wp-content\/uploads\/sites\/14\/2022\/02\/Buy-Pentobarbital-Sodium-1.jpg","datePublished":"2022-02-22T06:12:06+00:00","dateModified":"2022-03-22T00:43:22+00:00","description":"Kj\u00f8p Nembutal Pentobarbital Sodium Storbritannia, Europa, Asia, Kina i v\u00e5r Bestglobalmeds.com nettbutikk med rask levering over hele verden! Den beste Nembutal for bestilling finner du her!","breadcrumb":{"@id":"https:\/\/medicinasinc.com\/no\/product\/kjop-nembutal-pentobarbital-natrium\/#breadcrumb"},"inLanguage":"nn-NO","potentialAction":[{"@type":"ReadAction","target":["https:\/\/medicinasinc.com\/no\/product\/kjop-nembutal-pentobarbital-natrium\/"]}]},{"@type":"ImageObject","inLanguage":"nn-NO","@id":"https:\/\/medicinasinc.com\/no\/product\/kjop-nembutal-pentobarbital-natrium\/#primaryimage","url":"https:\/\/medicinasinc.com\/no\/wp-content\/uploads\/sites\/14\/2022\/02\/Buy-Pentobarbital-Sodium-1.jpg","contentUrl":"https:\/\/medicinasinc.com\/no\/wp-content\/uploads\/sites\/14\/2022\/02\/Buy-Pentobarbital-Sodium-1.jpg","width":356,"height":540},{"@type":"BreadcrumbList","@id":"https:\/\/medicinasinc.com\/no\/product\/kjop-nembutal-pentobarbital-natrium\/#breadcrumb","itemListElement":[{"@type":"ListItem","position":1,"name":"Butikk","item":"https:\/\/medicinasinc.com\/no\/butikk\/"},{"@type":"ListItem","position":2,"name":"Kj\u00f8p Nembutal Pentobarbital Sodium"}]},{"@type":"WebSite","@id":"https:\/\/medicinasinc.com\/no\/#website","url":"https:\/\/medicinasinc.com\/no\/","name":"Medicinas Inc","description":"Helsemedisinsk klinikk","potentialAction":[{"@type":"SearchAction","target":{"@type":"EntryPoint","urlTemplate":"https:\/\/medicinasinc.com\/no\/?s={search_term_string}"},"query-input":{"@type":"PropertyValueSpecification","valueRequired":true,"valueName":"search_term_string"}}],"inLanguage":"nn-NO"}]}},"_links":{"self":[{"href":"https:\/\/medicinasinc.com\/no\/wp-json\/wp\/v2\/product\/5785","targetHints":{"allow":["GET"]}}],"collection":[{"href":"https:\/\/medicinasinc.com\/no\/wp-json\/wp\/v2\/product"}],"about":[{"href":"https:\/\/medicinasinc.com\/no\/wp-json\/wp\/v2\/types\/product"}],"replies":[{"embeddable":true,"href":"https:\/\/medicinasinc.com\/no\/wp-json\/wp\/v2\/comments?post=5785"}],"wp:featuredmedia":[{"embeddable":true,"href":"https:\/\/medicinasinc.com\/no\/wp-json\/wp\/v2\/media\/5796"}],"wp:attachment":[{"href":"https:\/\/medicinasinc.com\/no\/wp-json\/wp\/v2\/media?parent=5785"}],"wp:term":[{"taxonomy":"product_brand","embeddable":true,"href":"https:\/\/medicinasinc.com\/no\/wp-json\/wp\/v2\/product_brand?post=5785"},{"taxonomy":"product_cat","embeddable":true,"href":"https:\/\/medicinasinc.com\/no\/wp-json\/wp\/v2\/product_cat?post=5785"},{"taxonomy":"product_tag","embeddable":true,"href":"https:\/\/medicinasinc.com\/no\/wp-json\/wp\/v2\/product_tag?post=5785"}],"curies":[{"name":"wp","href":"https:\/\/api.w.org\/{rel}","templated":true}]}}