{"id":5781,"date":"2022-02-22T06:07:08","date_gmt":"2022-02-22T06:07:08","guid":{"rendered":"https:\/\/medicinasinc.com\/no\/?post_type=product&#038;p=5781"},"modified":"2022-03-22T00:43:34","modified_gmt":"2022-03-22T00:43:34","slug":"kjop-nembutal-pulver","status":"publish","type":"product","link":"https:\/\/medicinasinc.com\/no\/product\/kjop-nembutal-pulver\/","title":{"rendered":"Kj\u00f8p Nembutal Powder"},"content":{"rendered":"<p>Nembutalpulver fra de beste leverand\u00f8rene til de laveste prisene<\/p>\n<p>P\u00e5 nettmarkedet kan du finne medisiner og legemidler av h\u00f8y kvalitet p\u00e5 Nembutal-apoteket p\u00e5 nett. For \u00e5 f\u00e5 Nembutal Powder fra de beste Nembutal Powder-leverand\u00f8rene b\u00f8r du komme til v\u00e5rt apotek. Ta kontakt med oss \u200b\u200bi dag, s\u00e5 gj\u00f8r vi jobben din med en gang. Medisinen din vil bli levert til adressen du oppgir. For det beste tilbudet p\u00e5 Nembutal-pulver, legg inn bestillingen din med en gang!<\/p>\n<p>Hva kan du forvente \u00e5 f\u00e5 ved \u00e5 bruke Nembutal Powder?<\/p>\n<p>Nembutal Powder er kjent for \u00e5 hjelpe s\u00f8vnl\u00f8se og de som finner det er vanskelig \u00e5 sove, lukk \u00f8ynene litt. I mange tilfeller brukes det som et anti-angstmedisin. Nettapoteket v\u00e5rt er det beste stedet \u00e5 anskaffe Nembutal Powder hvis du har de samme m\u00e5lene i tankene.<\/p>\n<p>Hvilken nettbutikk selger det beste Nembutal Powder?<\/p>\n<p>Uansett hvilken grunn du har for \u00e5 bestille Nembutal Powder , kan du alltid stole p\u00e5 Online Nembutal Pharmacy for \u00e5 f\u00e5 jobben gjort riktig for deg.<\/p>\n<p>Vi forst\u00e5r v\u00e5re kunders behov og forventninger p\u00e5 grunn av v\u00e5r mange\u00e5rige ekspertise. Vi har aldri tilgang til eller lagrer noen av kredittkort- eller personopplysningene dine. All informasjon holdes privat. Det betyr at du kan kj\u00f8pe Nembutal-pulver online fra oss til den beste prisen.<\/p>\n<p>Hvis du kj\u00f8per et nettapotek, vil du sette deg et skritt foran konkurrentene. Over tid har vi f\u00e5tt mange potensielle forbrukere. Hvis du leter etter det beste, ikke n\u00f8l med \u00e5 kontakte oss n\u00e5r som helst.<\/p>\n","protected":false},"excerpt":{"rendered":"<p>Det er en rekke nettapoteker som selger Nembutal Powder pentobarbitalnatrium for salg, inkludert bestglobalmeds.com. Du finner det beste stedet \u00e5 kj\u00f8pe Nembutal p\u00e5 nett her! Det er n\u00e5 mulig \u00e5 f\u00e5 et Nembutal-apotek p\u00e5 nett fra ditt eget hjem. Nembutal Powder for salg til lavest mulige kostnader finner du her.<\/p>\n<p>Best Global Meds tilbyr Nembutal Powder til salgs online til rimelige priser. Nembutal piller, tabletter og kapsler av h\u00f8yeste kvalitet kan kj\u00f8pes til de st\u00f8rste kostnadene. Ikke n\u00f8l med \u00e5 ta kontakt med oss \u200b\u200bmed en gang!<\/p>\n","protected":false},"featured_media":5791,"comment_status":"open","ping_status":"closed","template":"","meta":[],"product_brand":[],"product_cat":[3818],"product_tag":[3943,3942,3928,3929,3832,3945,3930,3931,3947,3946,3839,3944,3845,3933,3934,3935,3932,3939,3940,3941,3936,3937,3938],"class_list":{"0":"post-5781","1":"product","2":"type-product","3":"status-publish","4":"has-post-thumbnail","6":"product_cat-pentobarbital-til-salg","7":"product_tag-bestille-nembutal-pulver-p-nett","8":"product_tag-bestille-nembutal-pulver","9":"product_tag-buy-nembutal-online","10":"product_tag-buy-nembutal-powder-online","11":"product_tag-can-i-order-nembutal-online","12":"product_tag-det-beste-stedet--kjpe-nembutal-pulver-p-nettet","13":"product_tag-how-can-i-order-nembutal-powder","14":"product_tag-how-to-buy-nembutal-powder-online","15":"product_tag-hvor-kan-kjpe-nembutal-pulver-p-nettet","16":"product_tag-hvor-kan-jeg-kjpe-nembutal-pulver","17":"product_tag-hvordan-kan-jeg-ta-nembutal","18":"product_tag-kjp-nembutal-pulver-p-nett","19":"product_tag-nembutal","20":"product_tag-nembutal-buy-austria","21":"product_tag-nembutal-kjp-online","22":"product_tag-nembutal-buy-uk","23":"product_tag-nembutal-kjp-australia","24":"product_tag-nembutal-powder-for-sale","25":"product_tag-nembutal-powder-overdose","26":"product_tag-nembutal-powder-supplier","27":"product_tag-ikke-butalt-pulver","28":"product_tag-nembutal-pulver-kjp","29":"product_tag-nembutal-pulver-dose","31":"first","32":"instock","33":"shipping-taxable","34":"purchasable","35":"product-type-variable"},"yoast_head":"<!-- This site is optimized with the Yoast SEO plugin v27.3 - https:\/\/yoast.com\/product\/yoast-seo-wordpress\/ -->\n<title>Kj\u00f8p Nembutal Powder - Pentobarbital sodium - Best Global Meds<\/title>\n<meta name=\"description\" content=\"Kj\u00f8p Nembutal Powder pentobarbitalnatrium til salgs Storbritannia, UAE, Europa, Kina i v\u00e5r bestglobalmeds.com nettbutikk med rask levering over hele verden! Den beste Nembutal for bestilling finner du her!\" \/>\n<meta name=\"robots\" content=\"index, follow, max-snippet:-1, max-image-preview:large, max-video-preview:-1\" \/>\n<link rel=\"canonical\" href=\"https:\/\/medicinasinc.com\/no\/product\/kjop-nembutal-pulver\/\" \/>\n<meta property=\"og:locale\" content=\"nn_NO\" \/>\n<meta property=\"og:type\" content=\"article\" \/>\n<meta property=\"og:title\" content=\"Kj\u00f8p Nembutal Powder - Pentobarbital sodium - Best Global Meds\" \/>\n<meta property=\"og:description\" content=\"Kj\u00f8p Nembutal Powder pentobarbitalnatrium til salgs Storbritannia, UAE, Europa, Kina i v\u00e5r bestglobalmeds.com nettbutikk med rask levering over hele verden! Den beste Nembutal for bestilling finner du her!\" \/>\n<meta property=\"og:url\" content=\"https:\/\/medicinasinc.com\/no\/product\/kjop-nembutal-pulver\/\" \/>\n<meta property=\"og:site_name\" content=\"Medicinas Inc\" \/>\n<meta property=\"article:modified_time\" content=\"2022-03-22T00:43:34+00:00\" \/>\n<meta property=\"og:image\" content=\"https:\/\/medicinasinc.com\/no\/wp-content\/uploads\/sites\/14\/2022\/02\/Buy-Nembutal-Powder-2.jpg\" \/>\n\t<meta property=\"og:image:width\" content=\"600\" \/>\n\t<meta property=\"og:image:height\" content=\"600\" \/>\n\t<meta property=\"og:image:type\" content=\"image\/jpeg\" \/>\n<meta name=\"twitter:card\" content=\"summary_large_image\" \/>\n<meta name=\"twitter:label1\" content=\"Est. reading time\" \/>\n\t<meta name=\"twitter:data1\" content=\"2 minutt\" \/>\n<script type=\"application\/ld+json\" class=\"yoast-schema-graph\">{\"@context\":\"https:\\\/\\\/schema.org\",\"@graph\":[{\"@type\":\"WebPage\",\"@id\":\"https:\\\/\\\/medicinasinc.com\\\/no\\\/product\\\/kjop-nembutal-pulver\\\/\",\"url\":\"https:\\\/\\\/medicinasinc.com\\\/no\\\/product\\\/kjop-nembutal-pulver\\\/\",\"name\":\"Kj\u00f8p Nembutal Powder - Pentobarbital sodium - Best Global Meds\",\"isPartOf\":{\"@id\":\"https:\\\/\\\/medicinasinc.com\\\/no\\\/#website\"},\"primaryImageOfPage\":{\"@id\":\"https:\\\/\\\/medicinasinc.com\\\/no\\\/product\\\/kjop-nembutal-pulver\\\/#primaryimage\"},\"image\":{\"@id\":\"https:\\\/\\\/medicinasinc.com\\\/no\\\/product\\\/kjop-nembutal-pulver\\\/#primaryimage\"},\"thumbnailUrl\":\"https:\\\/\\\/medicinasinc.com\\\/no\\\/wp-content\\\/uploads\\\/sites\\\/14\\\/2022\\\/02\\\/Buy-Nembutal-Powder-2.jpg\",\"datePublished\":\"2022-02-22T06:07:08+00:00\",\"dateModified\":\"2022-03-22T00:43:34+00:00\",\"description\":\"Kj\u00f8p Nembutal Powder pentobarbitalnatrium til salgs Storbritannia, UAE, Europa, Kina i v\u00e5r bestglobalmeds.com nettbutikk med rask levering over hele verden! Den beste Nembutal for bestilling finner du her!\",\"breadcrumb\":{\"@id\":\"https:\\\/\\\/medicinasinc.com\\\/no\\\/product\\\/kjop-nembutal-pulver\\\/#breadcrumb\"},\"inLanguage\":\"nn-NO\",\"potentialAction\":[{\"@type\":\"ReadAction\",\"target\":[\"https:\\\/\\\/medicinasinc.com\\\/no\\\/product\\\/kjop-nembutal-pulver\\\/\"]}]},{\"@type\":\"ImageObject\",\"inLanguage\":\"nn-NO\",\"@id\":\"https:\\\/\\\/medicinasinc.com\\\/no\\\/product\\\/kjop-nembutal-pulver\\\/#primaryimage\",\"url\":\"https:\\\/\\\/medicinasinc.com\\\/no\\\/wp-content\\\/uploads\\\/sites\\\/14\\\/2022\\\/02\\\/Buy-Nembutal-Powder-2.jpg\",\"contentUrl\":\"https:\\\/\\\/medicinasinc.com\\\/no\\\/wp-content\\\/uploads\\\/sites\\\/14\\\/2022\\\/02\\\/Buy-Nembutal-Powder-2.jpg\",\"width\":600,\"height\":600},{\"@type\":\"BreadcrumbList\",\"@id\":\"https:\\\/\\\/medicinasinc.com\\\/no\\\/product\\\/kjop-nembutal-pulver\\\/#breadcrumb\",\"itemListElement\":[{\"@type\":\"ListItem\",\"position\":1,\"name\":\"Butikk\",\"item\":\"https:\\\/\\\/medicinasinc.com\\\/no\\\/butikk\\\/\"},{\"@type\":\"ListItem\",\"position\":2,\"name\":\"Kj\u00f8p Nembutal Powder\"}]},{\"@type\":\"WebSite\",\"@id\":\"https:\\\/\\\/medicinasinc.com\\\/no\\\/#website\",\"url\":\"https:\\\/\\\/medicinasinc.com\\\/no\\\/\",\"name\":\"Medicinas Inc\",\"description\":\"Helsemedisinsk klinikk\",\"potentialAction\":[{\"@type\":\"SearchAction\",\"target\":{\"@type\":\"EntryPoint\",\"urlTemplate\":\"https:\\\/\\\/medicinasinc.com\\\/no\\\/?s={search_term_string}\"},\"query-input\":{\"@type\":\"PropertyValueSpecification\",\"valueRequired\":true,\"valueName\":\"search_term_string\"}}],\"inLanguage\":\"nn-NO\"}]}<\/script>\n<!-- \/ Yoast SEO plugin. -->","yoast_head_json":{"title":"Kj\u00f8p Nembutal Powder - Pentobarbital sodium - Best Global Meds","description":"Kj\u00f8p Nembutal Powder pentobarbitalnatrium til salgs Storbritannia, UAE, Europa, Kina i v\u00e5r bestglobalmeds.com nettbutikk med rask levering over hele verden! Den beste Nembutal for bestilling finner du her!","robots":{"index":"index","follow":"follow","max-snippet":"max-snippet:-1","max-image-preview":"max-image-preview:large","max-video-preview":"max-video-preview:-1"},"canonical":"https:\/\/medicinasinc.com\/no\/product\/kjop-nembutal-pulver\/","og_locale":"nn_NO","og_type":"article","og_title":"Kj\u00f8p Nembutal Powder - Pentobarbital sodium - Best Global Meds","og_description":"Kj\u00f8p Nembutal Powder pentobarbitalnatrium til salgs Storbritannia, UAE, Europa, Kina i v\u00e5r bestglobalmeds.com nettbutikk med rask levering over hele verden! Den beste Nembutal for bestilling finner du her!","og_url":"https:\/\/medicinasinc.com\/no\/product\/kjop-nembutal-pulver\/","og_site_name":"Medicinas Inc","article_modified_time":"2022-03-22T00:43:34+00:00","og_image":[{"width":600,"height":600,"url":"https:\/\/medicinasinc.com\/no\/wp-content\/uploads\/sites\/14\/2022\/02\/Buy-Nembutal-Powder-2.jpg","type":"image\/jpeg"}],"twitter_card":"summary_large_image","twitter_misc":{"Est. reading time":"2 minutt"},"schema":{"@context":"https:\/\/schema.org","@graph":[{"@type":"WebPage","@id":"https:\/\/medicinasinc.com\/no\/product\/kjop-nembutal-pulver\/","url":"https:\/\/medicinasinc.com\/no\/product\/kjop-nembutal-pulver\/","name":"Kj\u00f8p Nembutal Powder - Pentobarbital sodium - Best Global Meds","isPartOf":{"@id":"https:\/\/medicinasinc.com\/no\/#website"},"primaryImageOfPage":{"@id":"https:\/\/medicinasinc.com\/no\/product\/kjop-nembutal-pulver\/#primaryimage"},"image":{"@id":"https:\/\/medicinasinc.com\/no\/product\/kjop-nembutal-pulver\/#primaryimage"},"thumbnailUrl":"https:\/\/medicinasinc.com\/no\/wp-content\/uploads\/sites\/14\/2022\/02\/Buy-Nembutal-Powder-2.jpg","datePublished":"2022-02-22T06:07:08+00:00","dateModified":"2022-03-22T00:43:34+00:00","description":"Kj\u00f8p Nembutal Powder pentobarbitalnatrium til salgs Storbritannia, UAE, Europa, Kina i v\u00e5r bestglobalmeds.com nettbutikk med rask levering over hele verden! Den beste Nembutal for bestilling finner du her!","breadcrumb":{"@id":"https:\/\/medicinasinc.com\/no\/product\/kjop-nembutal-pulver\/#breadcrumb"},"inLanguage":"nn-NO","potentialAction":[{"@type":"ReadAction","target":["https:\/\/medicinasinc.com\/no\/product\/kjop-nembutal-pulver\/"]}]},{"@type":"ImageObject","inLanguage":"nn-NO","@id":"https:\/\/medicinasinc.com\/no\/product\/kjop-nembutal-pulver\/#primaryimage","url":"https:\/\/medicinasinc.com\/no\/wp-content\/uploads\/sites\/14\/2022\/02\/Buy-Nembutal-Powder-2.jpg","contentUrl":"https:\/\/medicinasinc.com\/no\/wp-content\/uploads\/sites\/14\/2022\/02\/Buy-Nembutal-Powder-2.jpg","width":600,"height":600},{"@type":"BreadcrumbList","@id":"https:\/\/medicinasinc.com\/no\/product\/kjop-nembutal-pulver\/#breadcrumb","itemListElement":[{"@type":"ListItem","position":1,"name":"Butikk","item":"https:\/\/medicinasinc.com\/no\/butikk\/"},{"@type":"ListItem","position":2,"name":"Kj\u00f8p Nembutal Powder"}]},{"@type":"WebSite","@id":"https:\/\/medicinasinc.com\/no\/#website","url":"https:\/\/medicinasinc.com\/no\/","name":"Medicinas Inc","description":"Helsemedisinsk klinikk","potentialAction":[{"@type":"SearchAction","target":{"@type":"EntryPoint","urlTemplate":"https:\/\/medicinasinc.com\/no\/?s={search_term_string}"},"query-input":{"@type":"PropertyValueSpecification","valueRequired":true,"valueName":"search_term_string"}}],"inLanguage":"nn-NO"}]}},"_links":{"self":[{"href":"https:\/\/medicinasinc.com\/no\/wp-json\/wp\/v2\/product\/5781","targetHints":{"allow":["GET"]}}],"collection":[{"href":"https:\/\/medicinasinc.com\/no\/wp-json\/wp\/v2\/product"}],"about":[{"href":"https:\/\/medicinasinc.com\/no\/wp-json\/wp\/v2\/types\/product"}],"replies":[{"embeddable":true,"href":"https:\/\/medicinasinc.com\/no\/wp-json\/wp\/v2\/comments?post=5781"}],"wp:featuredmedia":[{"embeddable":true,"href":"https:\/\/medicinasinc.com\/no\/wp-json\/wp\/v2\/media\/5791"}],"wp:attachment":[{"href":"https:\/\/medicinasinc.com\/no\/wp-json\/wp\/v2\/media?parent=5781"}],"wp:term":[{"taxonomy":"product_brand","embeddable":true,"href":"https:\/\/medicinasinc.com\/no\/wp-json\/wp\/v2\/product_brand?post=5781"},{"taxonomy":"product_cat","embeddable":true,"href":"https:\/\/medicinasinc.com\/no\/wp-json\/wp\/v2\/product_cat?post=5781"},{"taxonomy":"product_tag","embeddable":true,"href":"https:\/\/medicinasinc.com\/no\/wp-json\/wp\/v2\/product_tag?post=5781"}],"curies":[{"name":"wp","href":"https:\/\/api.w.org\/{rel}","templated":true}]}}