{"id":5777,"date":"2022-02-22T05:58:59","date_gmt":"2022-02-22T05:58:59","guid":{"rendered":"https:\/\/medicinasinc.com\/no\/?post_type=product&#038;p=5777"},"modified":"2022-03-22T00:43:46","modified_gmt":"2022-03-22T00:43:46","slug":"kjop-nembutal-kapsler","status":"publish","type":"product","link":"https:\/\/medicinasinc.com\/no\/product\/kjop-nembutal-kapsler\/","title":{"rendered":"Kj\u00f8p Nembutal-kapsler"},"content":{"rendered":"<p>Finn de beste leverand\u00f8rene og forhandlerne av Nembutal-kapsler p\u00e5 v\u00e5rt Nembutal-apotek p\u00e5 nett<\/p>\n<p>Pr\u00f8ver du \u00e5 finne et anerkjent nettapotek hvor du kan f\u00e5 det beste tilbudet p\u00e5 Nembutal-kapsler? Ja? Da er dette det ideelle stedet for deg. Vi er kjent som Online Nembutal Pharmacy, og er et velkjent nettapotek. Vi har f\u00e5tt mange hengivne kunder takket v\u00e6re v\u00e5rt rykte som en av de ledende nettforhandlerne og leverand\u00f8rene av Nembutal Capsules.<\/p>\n<p>Ikke bekymre deg om dette er f\u00f8rste gang du kj\u00f8per Nembutal Capsules fra nettapoteket v\u00e5rt. . Du kan ikke forvente annet enn det beste her. Vi er alltid her for \u00e5 hjelpe deg med \u00e5 finne Nembutal-kapslene du trenger og f\u00e5 dem til deg s\u00e5 raskt som mulig. I samsvar med bransjenormer oppfyller eller overg\u00e5r vi kundenes forventninger. Nettapotekets Nembutal-kapsler er av h\u00f8yeste kvalitet, og dette inkluderer ogs\u00e5 emballasje og frakt. Kontakt oss i dag hvis du er interessert i \u00e5 skaffe Nembutal-kapsler, og vi vil m\u00f8te dine behov i tide.<\/p>\n<p>Hvorfor er det beste valget \u00e5 kj\u00f8pe Nembutal-kapsler fra et Nembutal-apotek?<\/p>\n<p> V\u00e5rt firma er det beste alternativet hvis du \u00f8nsker Nembutal-kapsler p\u00e5 en presis m\u00e5te med en kvalitetssjekket og rask leveringstjeneste. Nembutal-kapslene av beste kvalitet er tilgjengelige til billige priser fra Nembutal-apoteket p\u00e5 nett. Fordi vi ikke bruker noen mellommenn, er vi i stand til \u00e5 holde alt p\u00e5 skinner. Kundeservice er en prioritet for oss, og vi s\u00f8rger for at bestillinger leveres til rett tid.<\/p>\n<p>Vi har f\u00e5tt gode tilbakemeldinger og vurderinger fra v\u00e5re forbrukere fordi vi har jobbet lenge med dette feltet. Nembutal-kapsler sendes til kunder p\u00e5 en sikker m\u00e5te av v\u00e5rt team. Vi inkluderer et sett med instruksjoner med hver vare du kj\u00f8per fra oss. Disse instruksjonene vil vise deg hvordan du trygt tar resepten p\u00e5 Nembutal Capsules.<\/p>\n<p>Du kan alltid stole p\u00e5 v\u00e5re f\u00f8rsteklasses tjenester. V\u00e5rt nettapotek kan hjelpe deg med \u00e5 l\u00e6re mer om stoffet Nembutal Capsules. Nembutal kapsler pleide \u00e5 v\u00e6re vanskelig \u00e5 f\u00e5 tak i tidligere. Men etter hvert som tiden har g\u00e5tt, har nettapoteket v\u00e5rt v\u00e6rt i stand til \u00e5 tilby Nembutal-varer online. Du kan f\u00e5 dem n\u00e5r du vil.<\/p>\n","protected":false},"excerpt":{"rendered":"<p>Bestille Nembutal-kapsler p\u00e5 nett: Hva er trinnene du m\u00e5 ta?<\/p>\n<p>Du kan sende inn foresp\u00f8rselen din om \u00e5 kj\u00f8pe Nembutal-kapsler online til beste pris p\u00e5 v\u00e5r offisielle nettside og f\u00e5 den fullf\u00f8rt i l\u00f8pet av kort tid. . Vi har ansvaret for \u00e5 oppfylle bestillingen din. Du kan kj\u00f8pe Nembutal Capsules fra oss akkurat n\u00e5 hvis du kontakter oss i dag!<\/p>\n<p>I v\u00e5r BestGlobalMedicines.com nettbutikk kan du f\u00e5 Nembutal Capsules, pills Europe og Pentobarbital til salgs i Storbritannia med rask levering over hele verden! Du finner det beste stedet \u00e5 kj\u00f8pe Nembutal p\u00e5 nett her!<\/p>\n","protected":false},"featured_media":5786,"comment_status":"open","ping_status":"closed","template":"","meta":[],"product_brand":[],"product_cat":[3818],"product_tag":[3819,3872,3871,3870,3873,3903,3820,3824,3825,3827,3831,3832,3833,3834,3835,3912,3843,3881,3882,3837,3838,3840,3842,3927,3923,3924,3922,3920,3916,3915,3914,3917,3918,3919,3925,3926,3836,3839,3841,3821,3830,3822,3823,3856,3826,3905,3862,3828,3829,3844,3906,3908,3909,3911,3907,3910,3845,3853,3847,3846,3850,3851,3855,3857,3864,3858,3859,3861,3860,3863,3868,3867,3866,3865,3869,3848,3852,3849,3854,3913,3874,3875,3876,3877,3878,3902,3880,3879,3894,3901,3884,3889,3890,3891,3892,3897,3898,3899,3883,3888,3893,3900,3885,3886,3887,3895,3904,3896,3921],"class_list":{"0":"post-5777","1":"product","2":"type-product","3":"status-publish","4":"has-post-thumbnail","6":"product_cat-pentobarbital-til-salg","7":"product_tag-best-drug-for-suicide-overdose","8":"product_tag-bestille-nembutal-piller-p-nett","9":"product_tag-bestille-nembutal-piller","10":"product_tag-ordre-nembutal-vske","11":"product_tag-orden-pentobarbital-natrium","12":"product_tag-pentobarbital-bruk","13":"product_tag-buy-cheap-nembutal-liquid-online","14":"product_tag-buy-nembutal-pentobarbital-sodium","15":"product_tag-buy-nembutal-pills-online","16":"product_tag-buy-pentobarbital-sodium","17":"product_tag-can-i-buy-pentobarbital","18":"product_tag-can-i-order-nembutal-online","19":"product_tag-can-i-order-pentobarbital-online","20":"product_tag-can-you-buy-pentobarbital-sodium-over-the-counter","21":"product_tag-can-you-buy-sodium-pentobarbital","22":"product_tag-det-beste-stedet--kjpe-nembutal-piller-p-nettet","23":"product_tag-det-er-lett--kjpe-nembutal-online","24":"product_tag-pentobarbital-natrium-dd","25":"product_tag-pentobarbital-natrium-dosering","26":"product_tag-how-can-i-order-nembutal-pills","27":"product_tag-how-can-i-order-pentobarbital-sodium","28":"product_tag-how-to-acquire-nembutal","29":"product_tag-how-to-order-nembutal-by-mail","30":"product_tag-hvor-kan-f-pentobarbital-natrium","31":"product_tag-hvor-kan-kjpe-billig-nembutal-online","32":"product_tag-hvor-kan-kjpe-nembutal-piller-p-nettet","33":"product_tag-hvor-kan-du-kjpe-pentobarbital-natrium","34":"product_tag-hvor-kan-jeg-kjpe-natrium-pentobarbital","35":"product_tag-hvor-kan-jeg-kjpe-nembutal-natrium-pentobarbital","36":"product_tag-hvor-kan-jeg-kjpe-nembutal-piller","37":"product_tag-hvor-kan-jeg-kjpe-nembutal-vske","38":"product_tag-hvor-kan-jeg-kjpe-pentobarbital","39":"product_tag-hvor-kan-jeg-kjpe-pentobarbital-natrium","40":"product_tag-hvor-kan-jeg-kjpe-pentobarbital-natrium-sovepiller","41":"product_tag-hvor-kan-kjpes-pentobarbital-natrium","42":"product_tag-hvor-kan-kjpes-pentobarbital-natrium-for-hunder","43":"product_tag-hvordan-kan-jeg-bestille-nembutal-vske","44":"product_tag-hvordan-kan-jeg-ta-nembutal","45":"product_tag-hvordan-kjpe-nembutal-online","46":"product_tag-kjp-billig-nembutal-online","47":"product_tag-kjp-natrium-pentobarbital-uk","48":"product_tag-kjp-nembutal-her","49":"product_tag-kjp-nembutal-vske-p-nettet","50":"product_tag-nembutal-pentobarbital-natrium-kjp","51":"product_tag-kjp-nembutal-natrium-online","52":"product_tag-kjp-nembutal-piller-p-nett","53":"product_tag-nembutal-piller-kjp-p-nettet","54":"product_tag-kjp-pentobarbital-natrium-2021","55":"product_tag-kjp-pentobarbital-natrium-pentobarbital-natrium-salt","56":"product_tag-lethal-injection-buy-online","57":"product_tag-natrium-pentobarbital-nembutal","58":"product_tag-natrium-pentobarbital-for-dyre-eutanasi","59":"product_tag-natrium-pentobarbital-for-eutanasi","60":"product_tag-natrium-pentobarbital-holdbarhet","61":"product_tag-natrium-pentobarbital-kostnad","62":"product_tag-natrium-pentobarbital-produsenter","63":"product_tag-nembutal","64":"product_tag-nembutal-vske-dose","65":"product_tag-nembutal-for-sale","66":"product_tag-nembutal-kapsel","67":"product_tag-nembutal-liquid-buy-austria","68":"product_tag-nembutal-liquid-buy-europe","69":"product_tag-nembutal-liquid-supplier","70":"product_tag-nembutal-piller","71":"product_tag-nembutal-piller-dose","72":"product_tag-nembutal-piller-kjp","73":"product_tag-nembutal-piller-kjp-australia","74":"product_tag-nembutal-piller-kjp-europe","75":"product_tag-nembutal-piller-kjp-sterrike","76":"product_tag-nembutal-piller-kjp-uk","77":"product_tag-nembutal-piller-leverandr","78":"product_tag-nembutal-piller-overdose","79":"product_tag-nembutal-piller-online","80":"product_tag-nembutal-piller-til-salg","81":"product_tag-nembutal-suicide-dose","82":"product_tag-nembutal-v-c3-a6ske-kj-c3-b8p","83":"product_tag-nembutal-liquid-buy-uk","84":"product_tag-nembutal-liquid-buy-australia","85":"product_tag-nembutal-v-c3-a6ske-overdose","86":"product_tag-nsker--kjpe-nembutal","87":"product_tag-pentobarbital","88":"product_tag-pentobarbital-de-sodium-dose-letale","89":"product_tag-pentobarbital-for-eutanasi","90":"product_tag-pentobarbital-nr-meg","91":"product_tag-pentobarbital-natrium-anestesi","92":"product_tag-pentobarbital-natrium-hvor-kan-kjpes","93":"product_tag-pentobarbital-natrium-kina","94":"product_tag-pentobarbital-natrium-kjp","95":"product_tag-pentobarbital-natrium-piller","96":"product_tag-pentobarbital-natrium-tabletter","97":"product_tag-pentobarbital-sodium-for-humans","98":"product_tag-pentobarbital-sodium-injection-usp","99":"product_tag-pentobarbital-sodium-liquid","100":"product_tag-pentobarbital-sodium-nz","101":"product_tag-pentobarbital-sodium-oral","102":"product_tag-pentobarbital-sodium-price","103":"product_tag-pentobarbital-sodium-salt","104":"product_tag-pentobarbital-sodium-sleeping-pills","105":"product_tag-pentobarbital-natrium-for-hunder","106":"product_tag-pentobarbital-natrium-injeksjonslsning","107":"product_tag-pentobarbital-natriumreseptor","108":"product_tag-pentobarbital-natrium-sovepiller-reseptfri","109":"product_tag-pentobarbitalnatriumgruppe","110":"product_tag-pentobarbital-natrium-injeksjon-for-hunder","111":"product_tag-pentobarbital-natrium-injeksjon-for-mennesker","112":"product_tag-pentobarbitalnatriumpulver","113":"product_tag-purchase-nembutal-online","114":"product_tag-pentobarbital-natrium-resept","115":"product_tag-where-can-i-purchase-nembutal","117":"first","118":"instock","119":"shipping-taxable","120":"purchasable","121":"product-type-variable"},"yoast_head":"<!-- This site is optimized with the Yoast SEO plugin v27.3 - https:\/\/yoast.com\/product\/yoast-seo-wordpress\/ -->\n<title>Kj\u00f8p Nembutal-kapsler - Bestill Nembutal-kapsler - Beste globale medisiner<\/title>\n<meta name=\"description\" content=\"Kj\u00f8p\/bestill Nembutal-kapsler, piller for salg Storbritannia, Europa, Kina, Japan, Israel fra et anerkjent nettapotek uten resept og garantert diskr\u00e9 frakt.\" \/>\n<meta name=\"robots\" content=\"index, follow, max-snippet:-1, max-image-preview:large, max-video-preview:-1\" \/>\n<link rel=\"canonical\" href=\"https:\/\/medicinasinc.com\/no\/product\/kjop-nembutal-kapsler\/\" \/>\n<meta property=\"og:locale\" content=\"nn_NO\" \/>\n<meta property=\"og:type\" content=\"article\" \/>\n<meta property=\"og:title\" content=\"Kj\u00f8p Nembutal-kapsler - Bestill Nembutal-kapsler - Beste globale medisiner\" \/>\n<meta property=\"og:description\" content=\"Kj\u00f8p\/bestill Nembutal-kapsler, piller for salg Storbritannia, Europa, Kina, Japan, Israel fra et anerkjent nettapotek uten resept og garantert diskr\u00e9 frakt.\" \/>\n<meta property=\"og:url\" content=\"https:\/\/medicinasinc.com\/no\/product\/kjop-nembutal-kapsler\/\" \/>\n<meta property=\"og:site_name\" content=\"Medicinas Inc\" \/>\n<meta property=\"article:modified_time\" content=\"2022-03-22T00:43:46+00:00\" \/>\n<meta property=\"og:image\" content=\"https:\/\/medicinasinc.com\/no\/wp-content\/uploads\/sites\/14\/2022\/02\/Buy-Nembutal-Capsules.jpg\" \/>\n\t<meta property=\"og:image:width\" content=\"600\" \/>\n\t<meta property=\"og:image:height\" content=\"600\" \/>\n\t<meta property=\"og:image:type\" content=\"image\/jpeg\" \/>\n<meta name=\"twitter:card\" content=\"summary_large_image\" \/>\n<meta name=\"twitter:label1\" content=\"Est. reading time\" \/>\n\t<meta name=\"twitter:data1\" content=\"2 minutt\" \/>\n<script type=\"application\/ld+json\" class=\"yoast-schema-graph\">{\"@context\":\"https:\\\/\\\/schema.org\",\"@graph\":[{\"@type\":\"WebPage\",\"@id\":\"https:\\\/\\\/medicinasinc.com\\\/no\\\/product\\\/kjop-nembutal-kapsler\\\/\",\"url\":\"https:\\\/\\\/medicinasinc.com\\\/no\\\/product\\\/kjop-nembutal-kapsler\\\/\",\"name\":\"Kj\u00f8p Nembutal-kapsler - Bestill Nembutal-kapsler - Beste globale medisiner\",\"isPartOf\":{\"@id\":\"https:\\\/\\\/medicinasinc.com\\\/no\\\/#website\"},\"primaryImageOfPage\":{\"@id\":\"https:\\\/\\\/medicinasinc.com\\\/no\\\/product\\\/kjop-nembutal-kapsler\\\/#primaryimage\"},\"image\":{\"@id\":\"https:\\\/\\\/medicinasinc.com\\\/no\\\/product\\\/kjop-nembutal-kapsler\\\/#primaryimage\"},\"thumbnailUrl\":\"https:\\\/\\\/medicinasinc.com\\\/no\\\/wp-content\\\/uploads\\\/sites\\\/14\\\/2022\\\/02\\\/Buy-Nembutal-Capsules.jpg\",\"datePublished\":\"2022-02-22T05:58:59+00:00\",\"dateModified\":\"2022-03-22T00:43:46+00:00\",\"description\":\"Kj\u00f8p\\\/bestill Nembutal-kapsler, piller for salg Storbritannia, Europa, Kina, Japan, Israel fra et anerkjent nettapotek uten resept og garantert diskr\u00e9 frakt.\",\"breadcrumb\":{\"@id\":\"https:\\\/\\\/medicinasinc.com\\\/no\\\/product\\\/kjop-nembutal-kapsler\\\/#breadcrumb\"},\"inLanguage\":\"nn-NO\",\"potentialAction\":[{\"@type\":\"ReadAction\",\"target\":[\"https:\\\/\\\/medicinasinc.com\\\/no\\\/product\\\/kjop-nembutal-kapsler\\\/\"]}]},{\"@type\":\"ImageObject\",\"inLanguage\":\"nn-NO\",\"@id\":\"https:\\\/\\\/medicinasinc.com\\\/no\\\/product\\\/kjop-nembutal-kapsler\\\/#primaryimage\",\"url\":\"https:\\\/\\\/medicinasinc.com\\\/no\\\/wp-content\\\/uploads\\\/sites\\\/14\\\/2022\\\/02\\\/Buy-Nembutal-Capsules.jpg\",\"contentUrl\":\"https:\\\/\\\/medicinasinc.com\\\/no\\\/wp-content\\\/uploads\\\/sites\\\/14\\\/2022\\\/02\\\/Buy-Nembutal-Capsules.jpg\",\"width\":600,\"height\":600},{\"@type\":\"BreadcrumbList\",\"@id\":\"https:\\\/\\\/medicinasinc.com\\\/no\\\/product\\\/kjop-nembutal-kapsler\\\/#breadcrumb\",\"itemListElement\":[{\"@type\":\"ListItem\",\"position\":1,\"name\":\"Butikk\",\"item\":\"https:\\\/\\\/medicinasinc.com\\\/no\\\/butikk\\\/\"},{\"@type\":\"ListItem\",\"position\":2,\"name\":\"Kj\u00f8p Nembutal-kapsler\"}]},{\"@type\":\"WebSite\",\"@id\":\"https:\\\/\\\/medicinasinc.com\\\/no\\\/#website\",\"url\":\"https:\\\/\\\/medicinasinc.com\\\/no\\\/\",\"name\":\"Medicinas Inc\",\"description\":\"Helsemedisinsk klinikk\",\"potentialAction\":[{\"@type\":\"SearchAction\",\"target\":{\"@type\":\"EntryPoint\",\"urlTemplate\":\"https:\\\/\\\/medicinasinc.com\\\/no\\\/?s={search_term_string}\"},\"query-input\":{\"@type\":\"PropertyValueSpecification\",\"valueRequired\":true,\"valueName\":\"search_term_string\"}}],\"inLanguage\":\"nn-NO\"}]}<\/script>\n<!-- \/ Yoast SEO plugin. -->","yoast_head_json":{"title":"Kj\u00f8p Nembutal-kapsler - Bestill Nembutal-kapsler - Beste globale medisiner","description":"Kj\u00f8p\/bestill Nembutal-kapsler, piller for salg Storbritannia, Europa, Kina, Japan, Israel fra et anerkjent nettapotek uten resept og garantert diskr\u00e9 frakt.","robots":{"index":"index","follow":"follow","max-snippet":"max-snippet:-1","max-image-preview":"max-image-preview:large","max-video-preview":"max-video-preview:-1"},"canonical":"https:\/\/medicinasinc.com\/no\/product\/kjop-nembutal-kapsler\/","og_locale":"nn_NO","og_type":"article","og_title":"Kj\u00f8p Nembutal-kapsler - Bestill Nembutal-kapsler - Beste globale medisiner","og_description":"Kj\u00f8p\/bestill Nembutal-kapsler, piller for salg Storbritannia, Europa, Kina, Japan, Israel fra et anerkjent nettapotek uten resept og garantert diskr\u00e9 frakt.","og_url":"https:\/\/medicinasinc.com\/no\/product\/kjop-nembutal-kapsler\/","og_site_name":"Medicinas Inc","article_modified_time":"2022-03-22T00:43:46+00:00","og_image":[{"width":600,"height":600,"url":"https:\/\/medicinasinc.com\/no\/wp-content\/uploads\/sites\/14\/2022\/02\/Buy-Nembutal-Capsules.jpg","type":"image\/jpeg"}],"twitter_card":"summary_large_image","twitter_misc":{"Est. reading time":"2 minutt"},"schema":{"@context":"https:\/\/schema.org","@graph":[{"@type":"WebPage","@id":"https:\/\/medicinasinc.com\/no\/product\/kjop-nembutal-kapsler\/","url":"https:\/\/medicinasinc.com\/no\/product\/kjop-nembutal-kapsler\/","name":"Kj\u00f8p Nembutal-kapsler - Bestill Nembutal-kapsler - Beste globale medisiner","isPartOf":{"@id":"https:\/\/medicinasinc.com\/no\/#website"},"primaryImageOfPage":{"@id":"https:\/\/medicinasinc.com\/no\/product\/kjop-nembutal-kapsler\/#primaryimage"},"image":{"@id":"https:\/\/medicinasinc.com\/no\/product\/kjop-nembutal-kapsler\/#primaryimage"},"thumbnailUrl":"https:\/\/medicinasinc.com\/no\/wp-content\/uploads\/sites\/14\/2022\/02\/Buy-Nembutal-Capsules.jpg","datePublished":"2022-02-22T05:58:59+00:00","dateModified":"2022-03-22T00:43:46+00:00","description":"Kj\u00f8p\/bestill Nembutal-kapsler, piller for salg Storbritannia, Europa, Kina, Japan, Israel fra et anerkjent nettapotek uten resept og garantert diskr\u00e9 frakt.","breadcrumb":{"@id":"https:\/\/medicinasinc.com\/no\/product\/kjop-nembutal-kapsler\/#breadcrumb"},"inLanguage":"nn-NO","potentialAction":[{"@type":"ReadAction","target":["https:\/\/medicinasinc.com\/no\/product\/kjop-nembutal-kapsler\/"]}]},{"@type":"ImageObject","inLanguage":"nn-NO","@id":"https:\/\/medicinasinc.com\/no\/product\/kjop-nembutal-kapsler\/#primaryimage","url":"https:\/\/medicinasinc.com\/no\/wp-content\/uploads\/sites\/14\/2022\/02\/Buy-Nembutal-Capsules.jpg","contentUrl":"https:\/\/medicinasinc.com\/no\/wp-content\/uploads\/sites\/14\/2022\/02\/Buy-Nembutal-Capsules.jpg","width":600,"height":600},{"@type":"BreadcrumbList","@id":"https:\/\/medicinasinc.com\/no\/product\/kjop-nembutal-kapsler\/#breadcrumb","itemListElement":[{"@type":"ListItem","position":1,"name":"Butikk","item":"https:\/\/medicinasinc.com\/no\/butikk\/"},{"@type":"ListItem","position":2,"name":"Kj\u00f8p Nembutal-kapsler"}]},{"@type":"WebSite","@id":"https:\/\/medicinasinc.com\/no\/#website","url":"https:\/\/medicinasinc.com\/no\/","name":"Medicinas Inc","description":"Helsemedisinsk klinikk","potentialAction":[{"@type":"SearchAction","target":{"@type":"EntryPoint","urlTemplate":"https:\/\/medicinasinc.com\/no\/?s={search_term_string}"},"query-input":{"@type":"PropertyValueSpecification","valueRequired":true,"valueName":"search_term_string"}}],"inLanguage":"nn-NO"}]}},"_links":{"self":[{"href":"https:\/\/medicinasinc.com\/no\/wp-json\/wp\/v2\/product\/5777","targetHints":{"allow":["GET"]}}],"collection":[{"href":"https:\/\/medicinasinc.com\/no\/wp-json\/wp\/v2\/product"}],"about":[{"href":"https:\/\/medicinasinc.com\/no\/wp-json\/wp\/v2\/types\/product"}],"replies":[{"embeddable":true,"href":"https:\/\/medicinasinc.com\/no\/wp-json\/wp\/v2\/comments?post=5777"}],"wp:featuredmedia":[{"embeddable":true,"href":"https:\/\/medicinasinc.com\/no\/wp-json\/wp\/v2\/media\/5786"}],"wp:attachment":[{"href":"https:\/\/medicinasinc.com\/no\/wp-json\/wp\/v2\/media?parent=5777"}],"wp:term":[{"taxonomy":"product_brand","embeddable":true,"href":"https:\/\/medicinasinc.com\/no\/wp-json\/wp\/v2\/product_brand?post=5777"},{"taxonomy":"product_cat","embeddable":true,"href":"https:\/\/medicinasinc.com\/no\/wp-json\/wp\/v2\/product_cat?post=5777"},{"taxonomy":"product_tag","embeddable":true,"href":"https:\/\/medicinasinc.com\/no\/wp-json\/wp\/v2\/product_tag?post=5777"}],"curies":[{"name":"wp","href":"https:\/\/api.w.org\/{rel}","templated":true}]}}