{"id":5739,"date":"2022-02-22T05:15:21","date_gmt":"2022-02-22T05:15:21","guid":{"rendered":"https:\/\/medicinasinc.com\/no\/?post_type=product&#038;p=5739"},"modified":"2022-03-22T00:43:58","modified_gmt":"2022-03-22T00:43:58","slug":"kjop-pyrazolam-0-5-mg-pellets","status":"publish","type":"product","link":"https:\/\/medicinasinc.com\/no\/product\/kjop-pyrazolam-0-5-mg-pellets\/","title":{"rendered":"Kj\u00f8p Pyrazolam 0,5 mg pellets"},"content":{"rendered":"<p>Pyrazolam 0,5 mg pellets til salgs i Storbritannia, Europa, Australia og EU. Pyrazolam-pris, Pyrazolam-levering over natten og hvor du kan kj\u00f8pe kvalitetspyrazolam.<\/p>\n<p>Bitcoin kan brukes til \u00e5 kj\u00f8pe 1mg Pyrazolam-pellets p\u00e5 nettet. C16H12BrN5 er molekylstrukturen til denne presspelleten. Pyrazolam kan v\u00e6re vanskelig \u00e5 f\u00e5 tak i.<\/p>\n<p>Benzodiazepinklassen av legemidler inkluderer pyrazolam, et helt nytt dempende middel. Avslapping, hemningsl\u00f8shet og eufori er bare noen av de positive bivirkningene folk rapporterer. Handle og bestill billige 2022 Pyrazolam Pellets p\u00e5 Internett.<\/p>\n<p>Benzodiazepiner som pyrazolam og diazepam har mindre eufori og er mer beroligende, s\u00e5 de brukes ikke ofte til rekreasjonsform\u00e5l.<\/p>\n<p> Legemidler bestiller billige 2022 Pyrazolam Pellets p\u00e5 nett<\/p>\n<p>Det er mange forskjellige effekter som kan produseres ved \u00e5 ta benzoer fordi de binder seg til benzodiazepinreseptorstedet og forbedrer gamma-aminosm\u00f8rsyres effektivitet og effekter p\u00e5 reseptorene.<\/p>\n<p>Pyazolams beroligende eller beroligende effekt p\u00e5 nervesystemet kan tilskrives moduleringen av dette nettstedet, som er hjernens mest produktive hemmende reseptorsett.<\/p>\n<p>\u00c5 kj\u00f8pe Pyrazolam fra en anerkjent leverand\u00f8r sikrer at du vil motta bestillingen i tide til \u00e5r 2021.<\/p>\n<p>I stedet for benzodiazepinreseptorer, kan de krampestillende effektene av benzodiazepiner skyldes deres binding til spenningsavhengige natriumkanaler.<\/p>\n<p>Effekter p\u00e5 Kropps<br \/> Svimmelhet<br \/> tap av motorisk funksjon<br \/> Avslapping av muskler<br \/> Depresjon av luftveiene<br \/> Pyazolam er mindre beroligende enn andre benzodiazepiner med mindre det tas i h\u00f8ye doser, og derfor er det ofte foreskrevet for \u00e5 behandle s\u00f8vnl\u00f8shet.<br \/> P\u00e5virkninger p\u00e5 sinnet<\/p>\n<p>Pyrazolams kognitive effekter kan brytes ned i flere komponenter som \u00f8ker i intensitet etter hvert som dosen \u00f8kes.<\/p>\n<p>\u00c5 kj\u00f8pe Pyrazolam fra en anerkjent leverand\u00f8r sikrer at du vil motta din rekkef\u00f8lge i tide til \u00e5r 2021.<\/p>\n<p>Mange beskriver pyrazolams generelle effekt p\u00e5 sinnet som mild sedasjon, men med en tilsvarende sterk reduksjon i angst. Det har et stort antall kognitive effekter som vanligvis er assosiert med depresjon.<\/p>\n<p>Generelt inkluderer de mest merkbare kognitive effektene:<\/p>\n<p>Amnesi<br \/> Undertrykkelse av angst<br \/> Bremsing av sinnet<br \/> Undertrykkelse av dataanalyse<br \/> Disinhibition<br \/> Gjentatt avspilling av egne feil<br \/> N\u00f8kternhetsvrangforestilling: Til tross for \u00e5penbare bevis p\u00e5 det motsatte, som for eksempel alvorlig kognitiv svikt og en manglende evne til \u00e5 kommunisere fullt ut med andre, den falske troen p\u00e5 at man er fullstendig edru vedvarer hos individet.<br \/> Dr\u00f8mmeforsterkning<br \/> Forbl\u00f8ffende kontraster<br \/> Bestill Pyrazolam Pellets 2021, Kj\u00f8p Pyrazolam Online for Billig 2021<\/p>\n<p>Det er ikke uvanlig at personer som tar benzodiazepiner opplever uvanlige bivirkninger som \u00f8kt anfallsfrekvens, aggresjon, irritabilitet og selvmordstanker.<\/p>\n<p>Fritidsbrukere av rusmidler, personer med psykiske lidelser, barn, og pasienter p\u00e5 h\u00f8ydoseregimer er mer sannsynlig \u00e5 oppleve e disse paradoksale effektene.<\/p>\n<p>Avhengighet og toleransepotensial<\/p>\n<p>Pyrazolam har et h\u00f8yt niv\u00e5 av fysisk og mental avhengighet.<br \/> Toleranse for de beroligende-hypnotiske effektene vil utvikle seg i l\u00f8pet av noen f\u00e5 dager med regelmessig bruk av stoffet.<\/p>\n<p>Toleransen g\u00e5r tilbake til det normale innen 7 til 14 dager etter opph\u00f8r. Det er imidlertid mulig at avhengig av hvor lenge og hvor hardt du bruker det, kan det ta betydelig lengre tid.<\/p>\n<p>Etter noen uker eller lenger med jevn dosering, kan abstinenssymptomer eller rebound-symptomer oppst\u00e5, noe som n\u00f8dvendiggj\u00f8r en gradvis dosereduksjon.<\/p>\n<p>Interaksjoner som kan v\u00e6re skadelige. Kj\u00f8p Pyrazolam p\u00e5 nett, bestill Pyrazolam Pellets 2022<\/p>\n<p>Mange legemidler er trygge alene, men i kombinasjon med andre stoffer kan de v\u00e6re farlige og til og med livstruende. Noen av de farligste kombinasjonene er listet opp nedenfor, men dette er av ingen betyr en utt\u00f8mmende liste.<\/p>\n<p>Men selv i lave doser kan visse kombinasjoner \u00f8ke risikoen for d\u00f8d. F\u00f8r du bruker en blanding av to eller flere stoffer, b\u00f8r det utf\u00f8res uavhengig forskning for \u00e5 sikre at det er trygt.<\/p>\n<p>Kombinering av et dempende middel med et annet dempende middel kan f\u00f8re til farlig eller til og med d\u00f8delig respirasjonsdepresjon. Ved h\u00f8ye doser kan muskelavslapping, sedasjon og hukommelsestap som hvert av disse legemidlene for\u00e5rsaker forsterkes til et punkt av uventet tap av bevissthet.<\/p>\n<p>Som et resultat av denne kombinasjonen, er risikoen for oppkast og d\u00f8d. ved kvelning under bevisstl\u00f8shet \u00f8kes. Personer som opplever dette b\u00f8r pr\u00f8ve \u00e5 sove i hvilestilling eller f\u00e5 en venn til \u00e5 flytte dem inn i den.<\/p>\n<p>Benzodiazepiner og sentralstimulerende midler b\u00f8r ikke kombineres p\u00e5 grunn av risikoen for overdreven forgiftning. Benzodiazepiner sin beroligende effekt reduseres av sentralstimulerende midler, som er den prim\u00e6re vurderingen for de fleste n\u00e5r de skal m\u00e5le niv\u00e5et av rus.<\/p>\n","protected":false},"excerpt":{"rendered":"<p>I Storbritannia, Europa, Australia og EU er Pyrazolam 0,5 mg pellets tilgjengelig for kj\u00f8p. Kj\u00f8p Pyrazolam Online, Pyrazolam Overnight Shipping, Pyrazolam Cost.<\/p>\n<p>Kj\u00f8p 1 mg Pyrazolam Pellets med Bitcoin fra et nettapotek. C16H12BrN5 er molekylstrukturen til denne kjemiske pressepelleten. pyrazolam kan v\u00e6re vanskelig \u00e5 f\u00e5 tak i.<\/p>\n<p>Pyrazolam 0,5 mg pellets er tilgjengelig for kj\u00f8p p\u00e5 nettet. If\u00f8lge teorien forventes Pyrazolam \u00e5 for\u00e5rsake mindre ataksi og sedasjon enn andre midler. Fordi det ikke har noen aktive metabolitter, har pyrazolam en lengre halveringstid (6 timer i gjennomsnitt) og en mer line\u00e6r effekt enn de fleste andre benzodiazepiner.<\/p>\n","protected":false},"featured_media":5751,"comment_status":"open","ping_status":"closed","template":"","meta":[],"product_brand":[],"product_cat":[2014],"product_tag":[3797,3804,3805,3806,3799,3800,3801,3816,3817,3802,3803,3807,3809,3808,3798,3810,3815,3814,3812,3813,3811],"class_list":{"0":"post-5739","1":"product","2":"type-product","3":"status-publish","4":"has-post-thumbnail","6":"product_cat-kjpe-forskning-kjemikalier","7":"product_tag-best-place-to-order-pyrazolam-0-5-mg-paller","8":"product_tag-ordre-pyrazolam","9":"product_tag-bestille-pyrazolam-0-5-paller","10":"product_tag-bestille-pyrazolam-uk","11":"product_tag-buy-pyrazolam-0-5-mg","12":"product_tag-buy-pyrazolam-0-5-mg-pellets","13":"product_tag-buy-pyrazolam-europe","14":"product_tag-hvor-kan-jeg-fine-pyrazolam-paller","15":"product_tag-hvor-kan-kjpes-pyrazolam-0-5-mg","16":"product_tag-kjp-pyrazolam-nr-meg","17":"product_tag-kjp-pyrazolam-online","18":"product_tag-kjpe-pyrazolam","19":"product_tag-pyrazolam-0-5-mg-gjennomgang","20":"product_tag-pyrazolam-0-5-mg-til-salg","21":"product_tag-beste-kvalitet-pyrazolam","22":"product_tag-pyrazolam-effekt","23":"product_tag-pyrazolam-engros","24":"product_tag-pyrazolam-leverandr","25":"product_tag-pyrazolam-pris","26":"product_tag-pyrazolam-salg","27":"product_tag-pyrazolam-til-salg","29":"first","30":"instock","31":"shipping-taxable","32":"purchasable","33":"product-type-variable","34":"has-default-attributes"},"yoast_head":"<!-- This site is optimized with the Yoast SEO plugin v27.3 - https:\/\/yoast.com\/product\/yoast-seo-wordpress\/ -->\n<title>Kj\u00f8p Pyrazolam 0,5 mg pellets - Pyrazolam 0,5 mg - Beste globale medisiner<\/title>\n<meta name=\"description\" content=\"Kj\u00f8p Pyrazolam 0,5 mg-pellets for salg i Storbritannia, Europa, AU, EU, bestill billige\u00a0pyrazolam-pellets\u00a02022, hvor kan du\u00a0kj\u00f8pe\u00a0h\u00f8ykvalitets\u00a0pyrazolam over natten,\u00a0Pyrazolam\u00a0pris.\" \/>\n<meta name=\"robots\" content=\"index, follow, max-snippet:-1, max-image-preview:large, max-video-preview:-1\" \/>\n<link rel=\"canonical\" href=\"https:\/\/medicinasinc.com\/no\/product\/kjop-pyrazolam-0-5-mg-pellets\/\" \/>\n<meta property=\"og:locale\" content=\"nn_NO\" \/>\n<meta property=\"og:type\" content=\"article\" \/>\n<meta property=\"og:title\" content=\"Kj\u00f8p Pyrazolam 0,5 mg pellets - Pyrazolam 0,5 mg - Beste globale medisiner\" \/>\n<meta property=\"og:description\" content=\"Kj\u00f8p Pyrazolam 0,5 mg-pellets for salg i Storbritannia, Europa, AU, EU, bestill billige\u00a0pyrazolam-pellets\u00a02022, hvor kan du\u00a0kj\u00f8pe\u00a0h\u00f8ykvalitets\u00a0pyrazolam over natten,\u00a0Pyrazolam\u00a0pris.\" \/>\n<meta property=\"og:url\" content=\"https:\/\/medicinasinc.com\/no\/product\/kjop-pyrazolam-0-5-mg-pellets\/\" \/>\n<meta property=\"og:site_name\" content=\"Medicinas Inc\" \/>\n<meta property=\"article:modified_time\" content=\"2022-03-22T00:43:58+00:00\" \/>\n<meta property=\"og:image\" content=\"https:\/\/medicinasinc.com\/no\/wp-content\/uploads\/sites\/14\/2022\/02\/buy-pyrazolam-0-5-mg-pellets-online.jpg\" \/>\n\t<meta property=\"og:image:width\" content=\"600\" \/>\n\t<meta property=\"og:image:height\" content=\"600\" \/>\n\t<meta property=\"og:image:type\" content=\"image\/jpeg\" \/>\n<meta name=\"twitter:card\" content=\"summary_large_image\" \/>\n<meta name=\"twitter:label1\" content=\"Est. reading time\" \/>\n\t<meta name=\"twitter:data1\" content=\"4 minutt\" \/>\n<script type=\"application\/ld+json\" class=\"yoast-schema-graph\">{\"@context\":\"https:\\\/\\\/schema.org\",\"@graph\":[{\"@type\":\"WebPage\",\"@id\":\"https:\\\/\\\/medicinasinc.com\\\/no\\\/product\\\/kjop-pyrazolam-0-5-mg-pellets\\\/\",\"url\":\"https:\\\/\\\/medicinasinc.com\\\/no\\\/product\\\/kjop-pyrazolam-0-5-mg-pellets\\\/\",\"name\":\"Kj\u00f8p Pyrazolam 0,5 mg pellets - Pyrazolam 0,5 mg - Beste globale medisiner\",\"isPartOf\":{\"@id\":\"https:\\\/\\\/medicinasinc.com\\\/no\\\/#website\"},\"primaryImageOfPage\":{\"@id\":\"https:\\\/\\\/medicinasinc.com\\\/no\\\/product\\\/kjop-pyrazolam-0-5-mg-pellets\\\/#primaryimage\"},\"image\":{\"@id\":\"https:\\\/\\\/medicinasinc.com\\\/no\\\/product\\\/kjop-pyrazolam-0-5-mg-pellets\\\/#primaryimage\"},\"thumbnailUrl\":\"https:\\\/\\\/medicinasinc.com\\\/no\\\/wp-content\\\/uploads\\\/sites\\\/14\\\/2022\\\/02\\\/buy-pyrazolam-0-5-mg-pellets-online.jpg\",\"datePublished\":\"2022-02-22T05:15:21+00:00\",\"dateModified\":\"2022-03-22T00:43:58+00:00\",\"description\":\"Kj\u00f8p Pyrazolam 0,5 mg-pellets for salg i Storbritannia, Europa, AU, EU, bestill billige\u00a0pyrazolam-pellets\u00a02022, hvor kan du\u00a0kj\u00f8pe\u00a0h\u00f8ykvalitets\u00a0pyrazolam over natten,\u00a0Pyrazolam\u00a0pris.\",\"breadcrumb\":{\"@id\":\"https:\\\/\\\/medicinasinc.com\\\/no\\\/product\\\/kjop-pyrazolam-0-5-mg-pellets\\\/#breadcrumb\"},\"inLanguage\":\"nn-NO\",\"potentialAction\":[{\"@type\":\"ReadAction\",\"target\":[\"https:\\\/\\\/medicinasinc.com\\\/no\\\/product\\\/kjop-pyrazolam-0-5-mg-pellets\\\/\"]}]},{\"@type\":\"ImageObject\",\"inLanguage\":\"nn-NO\",\"@id\":\"https:\\\/\\\/medicinasinc.com\\\/no\\\/product\\\/kjop-pyrazolam-0-5-mg-pellets\\\/#primaryimage\",\"url\":\"https:\\\/\\\/medicinasinc.com\\\/no\\\/wp-content\\\/uploads\\\/sites\\\/14\\\/2022\\\/02\\\/buy-pyrazolam-0-5-mg-pellets-online.jpg\",\"contentUrl\":\"https:\\\/\\\/medicinasinc.com\\\/no\\\/wp-content\\\/uploads\\\/sites\\\/14\\\/2022\\\/02\\\/buy-pyrazolam-0-5-mg-pellets-online.jpg\",\"width\":600,\"height\":600},{\"@type\":\"BreadcrumbList\",\"@id\":\"https:\\\/\\\/medicinasinc.com\\\/no\\\/product\\\/kjop-pyrazolam-0-5-mg-pellets\\\/#breadcrumb\",\"itemListElement\":[{\"@type\":\"ListItem\",\"position\":1,\"name\":\"Butikk\",\"item\":\"https:\\\/\\\/medicinasinc.com\\\/no\\\/butikk\\\/\"},{\"@type\":\"ListItem\",\"position\":2,\"name\":\"Kj\u00f8p Pyrazolam 0,5 mg pellets\"}]},{\"@type\":\"WebSite\",\"@id\":\"https:\\\/\\\/medicinasinc.com\\\/no\\\/#website\",\"url\":\"https:\\\/\\\/medicinasinc.com\\\/no\\\/\",\"name\":\"Medicinas Inc\",\"description\":\"Helsemedisinsk klinikk\",\"potentialAction\":[{\"@type\":\"SearchAction\",\"target\":{\"@type\":\"EntryPoint\",\"urlTemplate\":\"https:\\\/\\\/medicinasinc.com\\\/no\\\/?s={search_term_string}\"},\"query-input\":{\"@type\":\"PropertyValueSpecification\",\"valueRequired\":true,\"valueName\":\"search_term_string\"}}],\"inLanguage\":\"nn-NO\"}]}<\/script>\n<!-- \/ Yoast SEO plugin. -->","yoast_head_json":{"title":"Kj\u00f8p Pyrazolam 0,5 mg pellets - Pyrazolam 0,5 mg - Beste globale medisiner","description":"Kj\u00f8p Pyrazolam 0,5 mg-pellets for salg i Storbritannia, Europa, AU, EU, bestill billige\u00a0pyrazolam-pellets\u00a02022, hvor kan du\u00a0kj\u00f8pe\u00a0h\u00f8ykvalitets\u00a0pyrazolam over natten,\u00a0Pyrazolam\u00a0pris.","robots":{"index":"index","follow":"follow","max-snippet":"max-snippet:-1","max-image-preview":"max-image-preview:large","max-video-preview":"max-video-preview:-1"},"canonical":"https:\/\/medicinasinc.com\/no\/product\/kjop-pyrazolam-0-5-mg-pellets\/","og_locale":"nn_NO","og_type":"article","og_title":"Kj\u00f8p Pyrazolam 0,5 mg pellets - Pyrazolam 0,5 mg - Beste globale medisiner","og_description":"Kj\u00f8p Pyrazolam 0,5 mg-pellets for salg i Storbritannia, Europa, AU, EU, bestill billige\u00a0pyrazolam-pellets\u00a02022, hvor kan du\u00a0kj\u00f8pe\u00a0h\u00f8ykvalitets\u00a0pyrazolam over natten,\u00a0Pyrazolam\u00a0pris.","og_url":"https:\/\/medicinasinc.com\/no\/product\/kjop-pyrazolam-0-5-mg-pellets\/","og_site_name":"Medicinas Inc","article_modified_time":"2022-03-22T00:43:58+00:00","og_image":[{"width":600,"height":600,"url":"https:\/\/medicinasinc.com\/no\/wp-content\/uploads\/sites\/14\/2022\/02\/buy-pyrazolam-0-5-mg-pellets-online.jpg","type":"image\/jpeg"}],"twitter_card":"summary_large_image","twitter_misc":{"Est. reading time":"4 minutt"},"schema":{"@context":"https:\/\/schema.org","@graph":[{"@type":"WebPage","@id":"https:\/\/medicinasinc.com\/no\/product\/kjop-pyrazolam-0-5-mg-pellets\/","url":"https:\/\/medicinasinc.com\/no\/product\/kjop-pyrazolam-0-5-mg-pellets\/","name":"Kj\u00f8p Pyrazolam 0,5 mg pellets - Pyrazolam 0,5 mg - Beste globale medisiner","isPartOf":{"@id":"https:\/\/medicinasinc.com\/no\/#website"},"primaryImageOfPage":{"@id":"https:\/\/medicinasinc.com\/no\/product\/kjop-pyrazolam-0-5-mg-pellets\/#primaryimage"},"image":{"@id":"https:\/\/medicinasinc.com\/no\/product\/kjop-pyrazolam-0-5-mg-pellets\/#primaryimage"},"thumbnailUrl":"https:\/\/medicinasinc.com\/no\/wp-content\/uploads\/sites\/14\/2022\/02\/buy-pyrazolam-0-5-mg-pellets-online.jpg","datePublished":"2022-02-22T05:15:21+00:00","dateModified":"2022-03-22T00:43:58+00:00","description":"Kj\u00f8p Pyrazolam 0,5 mg-pellets for salg i Storbritannia, Europa, AU, EU, bestill billige\u00a0pyrazolam-pellets\u00a02022, hvor kan du\u00a0kj\u00f8pe\u00a0h\u00f8ykvalitets\u00a0pyrazolam over natten,\u00a0Pyrazolam\u00a0pris.","breadcrumb":{"@id":"https:\/\/medicinasinc.com\/no\/product\/kjop-pyrazolam-0-5-mg-pellets\/#breadcrumb"},"inLanguage":"nn-NO","potentialAction":[{"@type":"ReadAction","target":["https:\/\/medicinasinc.com\/no\/product\/kjop-pyrazolam-0-5-mg-pellets\/"]}]},{"@type":"ImageObject","inLanguage":"nn-NO","@id":"https:\/\/medicinasinc.com\/no\/product\/kjop-pyrazolam-0-5-mg-pellets\/#primaryimage","url":"https:\/\/medicinasinc.com\/no\/wp-content\/uploads\/sites\/14\/2022\/02\/buy-pyrazolam-0-5-mg-pellets-online.jpg","contentUrl":"https:\/\/medicinasinc.com\/no\/wp-content\/uploads\/sites\/14\/2022\/02\/buy-pyrazolam-0-5-mg-pellets-online.jpg","width":600,"height":600},{"@type":"BreadcrumbList","@id":"https:\/\/medicinasinc.com\/no\/product\/kjop-pyrazolam-0-5-mg-pellets\/#breadcrumb","itemListElement":[{"@type":"ListItem","position":1,"name":"Butikk","item":"https:\/\/medicinasinc.com\/no\/butikk\/"},{"@type":"ListItem","position":2,"name":"Kj\u00f8p Pyrazolam 0,5 mg pellets"}]},{"@type":"WebSite","@id":"https:\/\/medicinasinc.com\/no\/#website","url":"https:\/\/medicinasinc.com\/no\/","name":"Medicinas Inc","description":"Helsemedisinsk klinikk","potentialAction":[{"@type":"SearchAction","target":{"@type":"EntryPoint","urlTemplate":"https:\/\/medicinasinc.com\/no\/?s={search_term_string}"},"query-input":{"@type":"PropertyValueSpecification","valueRequired":true,"valueName":"search_term_string"}}],"inLanguage":"nn-NO"}]}},"_links":{"self":[{"href":"https:\/\/medicinasinc.com\/no\/wp-json\/wp\/v2\/product\/5739","targetHints":{"allow":["GET"]}}],"collection":[{"href":"https:\/\/medicinasinc.com\/no\/wp-json\/wp\/v2\/product"}],"about":[{"href":"https:\/\/medicinasinc.com\/no\/wp-json\/wp\/v2\/types\/product"}],"replies":[{"embeddable":true,"href":"https:\/\/medicinasinc.com\/no\/wp-json\/wp\/v2\/comments?post=5739"}],"wp:featuredmedia":[{"embeddable":true,"href":"https:\/\/medicinasinc.com\/no\/wp-json\/wp\/v2\/media\/5751"}],"wp:attachment":[{"href":"https:\/\/medicinasinc.com\/no\/wp-json\/wp\/v2\/media?parent=5739"}],"wp:term":[{"taxonomy":"product_brand","embeddable":true,"href":"https:\/\/medicinasinc.com\/no\/wp-json\/wp\/v2\/product_brand?post=5739"},{"taxonomy":"product_cat","embeddable":true,"href":"https:\/\/medicinasinc.com\/no\/wp-json\/wp\/v2\/product_cat?post=5739"},{"taxonomy":"product_tag","embeddable":true,"href":"https:\/\/medicinasinc.com\/no\/wp-json\/wp\/v2\/product_tag?post=5739"}],"curies":[{"name":"wp","href":"https:\/\/api.w.org\/{rel}","templated":true}]}}