{"id":5735,"date":"2022-02-22T05:09:43","date_gmt":"2022-02-22T05:09:43","guid":{"rendered":"https:\/\/medicinasinc.com\/no\/?post_type=product&#038;p=5735"},"modified":"2022-03-22T00:44:10","modified_gmt":"2022-03-22T00:44:10","slug":"kjop-al-lad-pulver","status":"publish","type":"product","link":"https:\/\/medicinasinc.com\/no\/product\/kjop-al-lad-pulver\/","title":{"rendered":"Kj\u00f8p al-lad pulver"},"content":{"rendered":"<p>Kj\u00f8p al-lad-pulver i Storbritannia, Europa, Australia og EU, og f\u00e5 det innen 2022 til en billig penge. Al-lad-pulversalg, hvor man kan kj\u00f8pe al-lad-pulver over natten.<\/p>\n<p>Powdered AL-LAD. Grossist og leverand\u00f8r av 99 prosent rene farmas\u00f8ytiske r\u00e5varer, forskningskjemikalier og generiske medisiner, inkludert AL-LAD Powder. Emballasje som er b\u00e5de sikker og diskret, samt frakt som har blitt sporet.<\/p>\n<p>En analog av lysergsyredietylamid kjent som AL-LAD, eller 6-allyl-6-nor-LSD, er et kjemikalie forbindelse (LSD). Et LSD-lignende psykoaktivt stoff av lysergamid-klassen, det administreres for \u00e5 gi de samme psykedeliske effektene.<\/p>\n<p>Informasjon som er rask og skitten<\/p>\n<p>AL-LAD er produktnavnet.<br \/> 6-6-nor-6-allyl-6-nor, AL-LAD<br \/> -LSD<br \/> CAS-nummer: 65527-61-9<br \/> C22H27N3O er molekylformelen<br \/> The International Union of Pure and Applied Chemistry (6aR,9R)<br \/> -N,N-diethyl-7-prop<br \/> -2-enyl-6,6a,8,9<br \/> -tetrahydro- 4H-indolo[4,3-fg]<br \/> kinolin-9-karboksamid<br \/> Molekylvekten er 349,5 g\/mol.<br \/> 99,5 prosent fri for urenheter<br \/> Hvit eller off-white krystallinsk pulver i utseende<\/p>\n<p>Leverand\u00f8r av AL-LAD Powder<\/p>\n<p>I det farmas\u00f8ytiske r\u00e5varemarkedet er vi kjent for det brede spekteret av produkter vi tilbyr og for \u00e5 tilby p\u00e5litelig drop- frakttjenester for generiske legemidler av h\u00f8yeste kaliber. AL-LAD Powder Wholesalers m\u00e5l er \u00e5 gi kundene h\u00f8ykvalitetsprodukter til konkurransedyktige priser.<\/p>\n","protected":false},"excerpt":{"rendered":"<div class=\"woocommerce-product-details__short-description\">\n<p>Kj\u00f8p al-lad-pulver for salg i Storbritannia, Europa, AU, EU, bestill billig al-lad-pulver 2022, hvor kan du kj\u00f8pe h\u00f8ykvalitets al-lad powder Overnight Delivery, al-lad-pulversalg.<\/p>\n<p>Kj\u00f8p AL-LAD Powder Europe fra en p\u00e5litelig leverand\u00f8r av forskningskjemikalier. AL-LAD Powder selges av en grossist som sender fra EU.<\/p>\n<p>Folk som \u00f8nsker \u00e5 kj\u00f8pe AL-LAD Powder kan f\u00e5 det til de beste prisene. Den har lysergamider av h\u00f8y kvalitet og andre forbindelser. De laveste prisene. Det er en rabatt. Verdensomspennende frakt er rask.<\/p>\n<p>Kj\u00f8p Al-lad Powder Online. 6-allyl-6-nor-lysergsyredietylamid, ogs\u00e5 kjent som Aladdin, er et halvsyntetisk hallusinogent stoff som kan f\u00e5 folk til \u00e5 bli gale.<\/p>\n<table class=\"table\" style=\"height: 249px\" width=\"455\">\n<tbody>\n<tr>\n<th><\/th>\n<td><\/td>\n<\/tr>\n<tr>\n<th>Min. bestillingsantall:<\/th>\n<td>20 g<\/td>\n<\/tr>\n<tr>\n<th>Forsyningsevne:<\/th>\n<td>100 kg\/m\u00e5ned<\/td>\n<\/tr>\n<tr>\n<th>Port:<\/th>\n<td> Warszawa, Nederland<\/td>\n<\/tr>\n<tr>\n<th>Betalingsvilk\u00e5r:<\/th>\n<td>Bankoverf\u00f8ring, Bitcoin, WU\/MG, Annet<\/td>\n<\/tr>\n<tr>\n<th>Emballasjedetaljer:<\/th>\n<td>I henhold til kundeforesp\u00f8rsel<\/td>\n<\/tr>\n<tr>\n<th>Leveringsdetaljer:<\/th>\n<td>Express Shipping, DPD, Pharma Courier EU<\/td>\n<\/tr>\n<\/tbody>\n<\/table><\/div>\n","protected":false},"featured_media":5747,"comment_status":"open","ping_status":"closed","template":"","meta":[],"product_brand":[],"product_cat":[2014],"product_tag":[3758,3760,3762,3763,3764,3759,3761,3767,3768,3773,3774,3775,3776,3777,3766,3765,3771,3769,3770,3778,3779,3780,3757,3772,3781,3782,3791,3783,3784,3785,3790,3789,3796,3794,3795,3786,3787,3788,3792,3793],"class_list":{"0":"post-5735","1":"product","2":"type-product","3":"status-publish","4":"has-post-thumbnail","6":"product_cat-kjpe-forskning-kjemikalier","7":"product_tag-al-lad-leverandr","8":"product_tag-al-lad-dosering","9":"product_tag-al-lad-effects","10":"product_tag-al-lad-erowid","11":"product_tag-al-lad-experience","12":"product_tag-al-lad-kjp","13":"product_tag-al-lad-drug","14":"product_tag-al-lad-powder-effect","15":"product_tag-al-lad-powder-europe","16":"product_tag-al-lad-powder-reviews","17":"product_tag-al-lad-powder-sale","18":"product_tag-al-lad-powder-sales","19":"product_tag-al-lad-powder-supplier","20":"product_tag-al-lad-pulver-engros","21":"product_tag-al-lad-powder-kina","22":"product_tag-al-lad-powder-buy","23":"product_tag-al-lad-pulver-priser","24":"product_tag-fullt-lastet-pulver-til-salg","25":"product_tag-alt-la-pulver-til-salg-online","26":"product_tag-al-lad-reddit","27":"product_tag-al-lad-tur-rapport","28":"product_tag-al-lad-vendor","29":"product_tag-al-lad-sikkerhet","30":"product_tag-al-lad-powder-anmeldelse","31":"product_tag-allerede-la-lovlighet","32":"product_tag-best-quality-al-lad-powder","33":"product_tag-bestille-al-lad-pulver","34":"product_tag-buy-al-lad-canada","35":"product_tag-buy-al-lad-powder","36":"product_tag-buy-al-lad-uk","37":"product_tag-easychems-anmeldelse","38":"product_tag-easy-chems-anmeldelse","39":"product_tag-hvor-kan-bestille-al-lad-pulver","40":"product_tag-hvor-kan-kjpe-al-lad","41":"product_tag-hvor-kan-kjpe-al-lad-pulver","42":"product_tag-buy-al-lad-online","43":"product_tag-buy-al-lad-powder-australia","44":"product_tag-buy-al-lad-powder-europe","45":"product_tag-kjp-al-lad-pulver","46":"product_tag-sample-al-lad-powder","48":"first","49":"instock","50":"shipping-taxable","51":"purchasable","52":"product-type-variable","53":"has-default-attributes"},"yoast_head":"<!-- This site is optimized with the Yoast SEO plugin v27.3 - https:\/\/yoast.com\/product\/yoast-seo-wordpress\/ -->\n<title>Kj\u00f8p al-lad pulver - Al-lad pulver til salgs - Best Global Meds<\/title>\n<meta name=\"description\" content=\"Kj\u00f8p al-lad pulver for salg i Storbritannia, Europa, AU, EU, bestill billig al-lad pulver 2022, Hvor kan du kj\u00f8pe h\u00f8ykvalitets al-lad pulver Overnattingslevering, salg av al-lad pulver.\" \/>\n<meta name=\"robots\" content=\"index, follow, max-snippet:-1, max-image-preview:large, max-video-preview:-1\" \/>\n<link rel=\"canonical\" href=\"https:\/\/medicinasinc.com\/no\/product\/kjop-al-lad-pulver\/\" \/>\n<meta property=\"og:locale\" content=\"nn_NO\" \/>\n<meta property=\"og:type\" content=\"article\" \/>\n<meta property=\"og:title\" content=\"Kj\u00f8p al-lad pulver - Al-lad pulver til salgs - Best Global Meds\" \/>\n<meta property=\"og:description\" content=\"Kj\u00f8p al-lad pulver for salg i Storbritannia, Europa, AU, EU, bestill billig al-lad pulver 2022, Hvor kan du kj\u00f8pe h\u00f8ykvalitets al-lad pulver Overnattingslevering, salg av al-lad pulver.\" \/>\n<meta property=\"og:url\" content=\"https:\/\/medicinasinc.com\/no\/product\/kjop-al-lad-pulver\/\" \/>\n<meta property=\"og:site_name\" content=\"Medicinas Inc\" \/>\n<meta property=\"article:modified_time\" content=\"2022-03-22T00:44:10+00:00\" \/>\n<meta property=\"og:image\" content=\"https:\/\/medicinasinc.com\/no\/wp-content\/uploads\/sites\/14\/2022\/02\/Buy-al-lad-powder.jpg\" \/>\n\t<meta property=\"og:image:width\" content=\"931\" \/>\n\t<meta property=\"og:image:height\" content=\"799\" \/>\n\t<meta property=\"og:image:type\" content=\"image\/jpeg\" \/>\n<meta name=\"twitter:card\" content=\"summary_large_image\" \/>\n<meta name=\"twitter:label1\" content=\"Est. reading time\" \/>\n\t<meta name=\"twitter:data1\" content=\"1 minutt\" \/>\n<script type=\"application\/ld+json\" class=\"yoast-schema-graph\">{\"@context\":\"https:\\\/\\\/schema.org\",\"@graph\":[{\"@type\":\"WebPage\",\"@id\":\"https:\\\/\\\/medicinasinc.com\\\/no\\\/product\\\/kjop-al-lad-pulver\\\/\",\"url\":\"https:\\\/\\\/medicinasinc.com\\\/no\\\/product\\\/kjop-al-lad-pulver\\\/\",\"name\":\"Kj\u00f8p al-lad pulver - Al-lad pulver til salgs - Best Global Meds\",\"isPartOf\":{\"@id\":\"https:\\\/\\\/medicinasinc.com\\\/no\\\/#website\"},\"primaryImageOfPage\":{\"@id\":\"https:\\\/\\\/medicinasinc.com\\\/no\\\/product\\\/kjop-al-lad-pulver\\\/#primaryimage\"},\"image\":{\"@id\":\"https:\\\/\\\/medicinasinc.com\\\/no\\\/product\\\/kjop-al-lad-pulver\\\/#primaryimage\"},\"thumbnailUrl\":\"https:\\\/\\\/medicinasinc.com\\\/no\\\/wp-content\\\/uploads\\\/sites\\\/14\\\/2022\\\/02\\\/Buy-al-lad-powder.jpg\",\"datePublished\":\"2022-02-22T05:09:43+00:00\",\"dateModified\":\"2022-03-22T00:44:10+00:00\",\"description\":\"Kj\u00f8p al-lad pulver for salg i Storbritannia, Europa, AU, EU, bestill billig al-lad pulver 2022, Hvor kan du kj\u00f8pe h\u00f8ykvalitets al-lad pulver Overnattingslevering, salg av al-lad pulver.\",\"breadcrumb\":{\"@id\":\"https:\\\/\\\/medicinasinc.com\\\/no\\\/product\\\/kjop-al-lad-pulver\\\/#breadcrumb\"},\"inLanguage\":\"nn-NO\",\"potentialAction\":[{\"@type\":\"ReadAction\",\"target\":[\"https:\\\/\\\/medicinasinc.com\\\/no\\\/product\\\/kjop-al-lad-pulver\\\/\"]}]},{\"@type\":\"ImageObject\",\"inLanguage\":\"nn-NO\",\"@id\":\"https:\\\/\\\/medicinasinc.com\\\/no\\\/product\\\/kjop-al-lad-pulver\\\/#primaryimage\",\"url\":\"https:\\\/\\\/medicinasinc.com\\\/no\\\/wp-content\\\/uploads\\\/sites\\\/14\\\/2022\\\/02\\\/Buy-al-lad-powder.jpg\",\"contentUrl\":\"https:\\\/\\\/medicinasinc.com\\\/no\\\/wp-content\\\/uploads\\\/sites\\\/14\\\/2022\\\/02\\\/Buy-al-lad-powder.jpg\",\"width\":931,\"height\":799},{\"@type\":\"BreadcrumbList\",\"@id\":\"https:\\\/\\\/medicinasinc.com\\\/no\\\/product\\\/kjop-al-lad-pulver\\\/#breadcrumb\",\"itemListElement\":[{\"@type\":\"ListItem\",\"position\":1,\"name\":\"Butikk\",\"item\":\"https:\\\/\\\/medicinasinc.com\\\/no\\\/butikk\\\/\"},{\"@type\":\"ListItem\",\"position\":2,\"name\":\"Kj\u00f8p al-lad pulver\"}]},{\"@type\":\"WebSite\",\"@id\":\"https:\\\/\\\/medicinasinc.com\\\/no\\\/#website\",\"url\":\"https:\\\/\\\/medicinasinc.com\\\/no\\\/\",\"name\":\"Medicinas Inc\",\"description\":\"Helsemedisinsk klinikk\",\"potentialAction\":[{\"@type\":\"SearchAction\",\"target\":{\"@type\":\"EntryPoint\",\"urlTemplate\":\"https:\\\/\\\/medicinasinc.com\\\/no\\\/?s={search_term_string}\"},\"query-input\":{\"@type\":\"PropertyValueSpecification\",\"valueRequired\":true,\"valueName\":\"search_term_string\"}}],\"inLanguage\":\"nn-NO\"}]}<\/script>\n<!-- \/ Yoast SEO plugin. -->","yoast_head_json":{"title":"Kj\u00f8p al-lad pulver - Al-lad pulver til salgs - Best Global Meds","description":"Kj\u00f8p al-lad pulver for salg i Storbritannia, Europa, AU, EU, bestill billig al-lad pulver 2022, Hvor kan du kj\u00f8pe h\u00f8ykvalitets al-lad pulver Overnattingslevering, salg av al-lad pulver.","robots":{"index":"index","follow":"follow","max-snippet":"max-snippet:-1","max-image-preview":"max-image-preview:large","max-video-preview":"max-video-preview:-1"},"canonical":"https:\/\/medicinasinc.com\/no\/product\/kjop-al-lad-pulver\/","og_locale":"nn_NO","og_type":"article","og_title":"Kj\u00f8p al-lad pulver - Al-lad pulver til salgs - Best Global Meds","og_description":"Kj\u00f8p al-lad pulver for salg i Storbritannia, Europa, AU, EU, bestill billig al-lad pulver 2022, Hvor kan du kj\u00f8pe h\u00f8ykvalitets al-lad pulver Overnattingslevering, salg av al-lad pulver.","og_url":"https:\/\/medicinasinc.com\/no\/product\/kjop-al-lad-pulver\/","og_site_name":"Medicinas Inc","article_modified_time":"2022-03-22T00:44:10+00:00","og_image":[{"width":931,"height":799,"url":"https:\/\/medicinasinc.com\/no\/wp-content\/uploads\/sites\/14\/2022\/02\/Buy-al-lad-powder.jpg","type":"image\/jpeg"}],"twitter_card":"summary_large_image","twitter_misc":{"Est. reading time":"1 minutt"},"schema":{"@context":"https:\/\/schema.org","@graph":[{"@type":"WebPage","@id":"https:\/\/medicinasinc.com\/no\/product\/kjop-al-lad-pulver\/","url":"https:\/\/medicinasinc.com\/no\/product\/kjop-al-lad-pulver\/","name":"Kj\u00f8p al-lad pulver - Al-lad pulver til salgs - Best Global Meds","isPartOf":{"@id":"https:\/\/medicinasinc.com\/no\/#website"},"primaryImageOfPage":{"@id":"https:\/\/medicinasinc.com\/no\/product\/kjop-al-lad-pulver\/#primaryimage"},"image":{"@id":"https:\/\/medicinasinc.com\/no\/product\/kjop-al-lad-pulver\/#primaryimage"},"thumbnailUrl":"https:\/\/medicinasinc.com\/no\/wp-content\/uploads\/sites\/14\/2022\/02\/Buy-al-lad-powder.jpg","datePublished":"2022-02-22T05:09:43+00:00","dateModified":"2022-03-22T00:44:10+00:00","description":"Kj\u00f8p al-lad pulver for salg i Storbritannia, Europa, AU, EU, bestill billig al-lad pulver 2022, Hvor kan du kj\u00f8pe h\u00f8ykvalitets al-lad pulver Overnattingslevering, salg av al-lad pulver.","breadcrumb":{"@id":"https:\/\/medicinasinc.com\/no\/product\/kjop-al-lad-pulver\/#breadcrumb"},"inLanguage":"nn-NO","potentialAction":[{"@type":"ReadAction","target":["https:\/\/medicinasinc.com\/no\/product\/kjop-al-lad-pulver\/"]}]},{"@type":"ImageObject","inLanguage":"nn-NO","@id":"https:\/\/medicinasinc.com\/no\/product\/kjop-al-lad-pulver\/#primaryimage","url":"https:\/\/medicinasinc.com\/no\/wp-content\/uploads\/sites\/14\/2022\/02\/Buy-al-lad-powder.jpg","contentUrl":"https:\/\/medicinasinc.com\/no\/wp-content\/uploads\/sites\/14\/2022\/02\/Buy-al-lad-powder.jpg","width":931,"height":799},{"@type":"BreadcrumbList","@id":"https:\/\/medicinasinc.com\/no\/product\/kjop-al-lad-pulver\/#breadcrumb","itemListElement":[{"@type":"ListItem","position":1,"name":"Butikk","item":"https:\/\/medicinasinc.com\/no\/butikk\/"},{"@type":"ListItem","position":2,"name":"Kj\u00f8p al-lad pulver"}]},{"@type":"WebSite","@id":"https:\/\/medicinasinc.com\/no\/#website","url":"https:\/\/medicinasinc.com\/no\/","name":"Medicinas Inc","description":"Helsemedisinsk klinikk","potentialAction":[{"@type":"SearchAction","target":{"@type":"EntryPoint","urlTemplate":"https:\/\/medicinasinc.com\/no\/?s={search_term_string}"},"query-input":{"@type":"PropertyValueSpecification","valueRequired":true,"valueName":"search_term_string"}}],"inLanguage":"nn-NO"}]}},"_links":{"self":[{"href":"https:\/\/medicinasinc.com\/no\/wp-json\/wp\/v2\/product\/5735","targetHints":{"allow":["GET"]}}],"collection":[{"href":"https:\/\/medicinasinc.com\/no\/wp-json\/wp\/v2\/product"}],"about":[{"href":"https:\/\/medicinasinc.com\/no\/wp-json\/wp\/v2\/types\/product"}],"replies":[{"embeddable":true,"href":"https:\/\/medicinasinc.com\/no\/wp-json\/wp\/v2\/comments?post=5735"}],"wp:featuredmedia":[{"embeddable":true,"href":"https:\/\/medicinasinc.com\/no\/wp-json\/wp\/v2\/media\/5747"}],"wp:attachment":[{"href":"https:\/\/medicinasinc.com\/no\/wp-json\/wp\/v2\/media?parent=5735"}],"wp:term":[{"taxonomy":"product_brand","embeddable":true,"href":"https:\/\/medicinasinc.com\/no\/wp-json\/wp\/v2\/product_brand?post=5735"},{"taxonomy":"product_cat","embeddable":true,"href":"https:\/\/medicinasinc.com\/no\/wp-json\/wp\/v2\/product_cat?post=5735"},{"taxonomy":"product_tag","embeddable":true,"href":"https:\/\/medicinasinc.com\/no\/wp-json\/wp\/v2\/product_tag?post=5735"}],"curies":[{"name":"wp","href":"https:\/\/api.w.org\/{rel}","templated":true}]}}