{"id":5731,"date":"2022-02-22T05:03:24","date_gmt":"2022-02-22T05:03:24","guid":{"rendered":"https:\/\/medicinasinc.com\/no\/?post_type=product&#038;p=5731"},"modified":"2022-03-22T00:44:20","modified_gmt":"2022-03-22T00:44:20","slug":"kjop-sextacy-pulver","status":"publish","type":"product","link":"https:\/\/medicinasinc.com\/no\/product\/kjop-sextacy-pulver\/","title":{"rendered":"Kj\u00f8p Sextacy Powder"},"content":{"rendered":"<p>S\u00f8rg for at du kj\u00f8per Sextacy Powder.<\/p>\n<p>S\u00f8k Sextacy Powder p\u00e5 nett i bulk og kj\u00f8p det i store mengder.<\/p>\n<p>Sextacy-pulver er et nytt og spennende merkevareprodukt som du kan kj\u00f8pe.<br \/> Skal du bruke Sextacy, m\u00e5 du kj\u00f8pe det i pulverform. Hovedingrediensen er a-PVP.<\/p>\n<p>Styrken er 5\/5. Sextacy Det beste pulveret som er lovlig \u00e5 bruke.<br \/> Det er p\u00e5 tide \u00e5 sette i gang i laboratoriet med dette nye og flotte produktet.<\/p>\n<p>Du kan kj\u00f8pe rent Sextacy Powder online.<\/p>\n<div class=\"product-next-previous\">\n<div class=\"product-prev\"><\/div><\/div>\n","protected":false},"excerpt":{"rendered":"<p>Pure Quality Sextacy Powder til salgs i Europa, Storbritannia og Australia kan kj\u00f8pes p\u00e5 internett. Skal du bruke Sextacy m\u00e5 du kj\u00f8pe det i pulverform. Hovedingrediensen er a-PVP.<\/p>\n<p>Kj\u00f8p Sextacy Legal High Powder p\u00e5 internett. Du kan gj\u00f8re dette<\/p>\n<p>Kj\u00f8p mye p\u00e5 en gang Sextacy er et nytt og spennende merkevareprodukt du kan kj\u00f8pe. Sextacy er en PVP, og dette er hva det er.<\/p>\n<p>Det er mange nettsteder hvor du kan kj\u00f8pe mye badesalt for mye penger.<\/p>\n<p>Online, du kan kj\u00f8pe sextacy badesalt fra Global Medicine. Sextacy badesalt til salgs priser finner du ut ved \u00e5 lese denne teksten<\/p>\n","protected":false},"featured_media":5742,"comment_status":"open","ping_status":"closed","template":"","meta":[],"product_brand":[],"product_cat":[2014],"product_tag":[3732,3731,3736,3733,3734,3735,3756,3545,3737,3740,3741,3746,3747,3748,3749,3754,3755,3739,3743,3744,3751,3753,3750,3738,3745,3752,3742],"class_list":{"0":"post-5731","1":"product","2":"type-product","3":"status-publish","4":"has-post-thumbnail","6":"product_cat-kjpe-forskning-kjemikalier","7":"product_tag-best-sextacy-powder-online","8":"product_tag-beste-kvalitet-sextacy-pulver","9":"product_tag-orden-sextacy-pulver","10":"product_tag-buy-sextacy-powder","11":"product_tag-buy-sextacy-powder-europe","12":"product_tag-buy-sextacy-powder-online","13":"product_tag-hvor-kan-kjpe-sextacy-pulver","14":"product_tag-kjpe-metoksetamin","15":"product_tag-kjpe-sextacy-pulver","16":"product_tag-sextacy-powder-europe","17":"product_tag-sextacy-powder-for-sale","18":"product_tag-sextacy-powder-near-me","19":"product_tag-sextacy-powder-online","20":"product_tag-sextacy-powder-order","21":"product_tag-sextacy-powder-over-night","22":"product_tag-sextacy-powder-supplier","23":"product_tag-sextacy-powder-wholesale","24":"product_tag-sekstacy-pulver-effekt","25":"product_tag-sextacy-powder-google","26":"product_tag-sextacy-powder-mail","27":"product_tag-sextacy-powder-anmeldelser","28":"product_tag-sextacy-powder-shipping","29":"product_tag-sextacy-pulver-kjp","30":"product_tag-sextacy-powder-kjp","31":"product_tag-sextacy-powder-postordre","32":"product_tag-sextacy-pulver-salg","33":"product_tag-sextacy-pulver-til-salg-online","35":"first","36":"instock","37":"shipping-taxable","38":"purchasable","39":"product-type-variable","40":"has-default-attributes"},"yoast_head":"<!-- This site is optimized with the Yoast SEO plugin v27.3 - https:\/\/yoast.com\/product\/yoast-seo-wordpress\/ -->\n<title>Kj\u00f8p Sextacy Powder - Sextacy Powder salg - Beste globale medisiner<\/title>\n<meta name=\"description\" content=\"Kj\u00f8p Pure Quality Sextacy Powder for salg i Europa, Storbritannia, AU Online. Den aktive ingrediensen i Sextacy er a-PVP og dette produktet kommer kun i pulverform! Bestill Sextacy Powder\" \/>\n<meta name=\"robots\" content=\"index, follow, max-snippet:-1, max-image-preview:large, max-video-preview:-1\" \/>\n<link rel=\"canonical\" href=\"https:\/\/medicinasinc.com\/no\/product\/kjop-sextacy-pulver\/\" \/>\n<meta property=\"og:locale\" content=\"nn_NO\" \/>\n<meta property=\"og:type\" content=\"article\" \/>\n<meta property=\"og:title\" content=\"Kj\u00f8p Sextacy Powder - Sextacy Powder salg - Beste globale medisiner\" \/>\n<meta property=\"og:description\" content=\"Kj\u00f8p Pure Quality Sextacy Powder for salg i Europa, Storbritannia, AU Online. Den aktive ingrediensen i Sextacy er a-PVP og dette produktet kommer kun i pulverform! Bestill Sextacy Powder\" \/>\n<meta property=\"og:url\" content=\"https:\/\/medicinasinc.com\/no\/product\/kjop-sextacy-pulver\/\" \/>\n<meta property=\"og:site_name\" content=\"Medicinas Inc\" \/>\n<meta property=\"article:modified_time\" content=\"2022-03-22T00:44:20+00:00\" \/>\n<meta property=\"og:image\" content=\"https:\/\/medicinasinc.com\/no\/wp-content\/uploads\/sites\/14\/2022\/02\/Buy-Sextacy-Powder.jpg\" \/>\n\t<meta property=\"og:image:width\" content=\"300\" \/>\n\t<meta property=\"og:image:height\" content=\"300\" \/>\n\t<meta property=\"og:image:type\" content=\"image\/jpeg\" \/>\n<meta name=\"twitter:card\" content=\"summary_large_image\" \/>\n<meta name=\"twitter:label1\" content=\"Est. reading time\" \/>\n\t<meta name=\"twitter:data1\" content=\"1 minutt\" \/>\n<script type=\"application\/ld+json\" class=\"yoast-schema-graph\">{\"@context\":\"https:\\\/\\\/schema.org\",\"@graph\":[{\"@type\":\"WebPage\",\"@id\":\"https:\\\/\\\/medicinasinc.com\\\/no\\\/product\\\/kjop-sextacy-pulver\\\/\",\"url\":\"https:\\\/\\\/medicinasinc.com\\\/no\\\/product\\\/kjop-sextacy-pulver\\\/\",\"name\":\"Kj\u00f8p Sextacy Powder - Sextacy Powder salg - Beste globale medisiner\",\"isPartOf\":{\"@id\":\"https:\\\/\\\/medicinasinc.com\\\/no\\\/#website\"},\"primaryImageOfPage\":{\"@id\":\"https:\\\/\\\/medicinasinc.com\\\/no\\\/product\\\/kjop-sextacy-pulver\\\/#primaryimage\"},\"image\":{\"@id\":\"https:\\\/\\\/medicinasinc.com\\\/no\\\/product\\\/kjop-sextacy-pulver\\\/#primaryimage\"},\"thumbnailUrl\":\"https:\\\/\\\/medicinasinc.com\\\/no\\\/wp-content\\\/uploads\\\/sites\\\/14\\\/2022\\\/02\\\/Buy-Sextacy-Powder.jpg\",\"datePublished\":\"2022-02-22T05:03:24+00:00\",\"dateModified\":\"2022-03-22T00:44:20+00:00\",\"description\":\"Kj\u00f8p Pure Quality Sextacy Powder for salg i Europa, Storbritannia, AU Online. Den aktive ingrediensen i Sextacy er a-PVP og dette produktet kommer kun i pulverform! Bestill Sextacy Powder\",\"breadcrumb\":{\"@id\":\"https:\\\/\\\/medicinasinc.com\\\/no\\\/product\\\/kjop-sextacy-pulver\\\/#breadcrumb\"},\"inLanguage\":\"nn-NO\",\"potentialAction\":[{\"@type\":\"ReadAction\",\"target\":[\"https:\\\/\\\/medicinasinc.com\\\/no\\\/product\\\/kjop-sextacy-pulver\\\/\"]}]},{\"@type\":\"ImageObject\",\"inLanguage\":\"nn-NO\",\"@id\":\"https:\\\/\\\/medicinasinc.com\\\/no\\\/product\\\/kjop-sextacy-pulver\\\/#primaryimage\",\"url\":\"https:\\\/\\\/medicinasinc.com\\\/no\\\/wp-content\\\/uploads\\\/sites\\\/14\\\/2022\\\/02\\\/Buy-Sextacy-Powder.jpg\",\"contentUrl\":\"https:\\\/\\\/medicinasinc.com\\\/no\\\/wp-content\\\/uploads\\\/sites\\\/14\\\/2022\\\/02\\\/Buy-Sextacy-Powder.jpg\",\"width\":300,\"height\":300},{\"@type\":\"BreadcrumbList\",\"@id\":\"https:\\\/\\\/medicinasinc.com\\\/no\\\/product\\\/kjop-sextacy-pulver\\\/#breadcrumb\",\"itemListElement\":[{\"@type\":\"ListItem\",\"position\":1,\"name\":\"Butikk\",\"item\":\"https:\\\/\\\/medicinasinc.com\\\/no\\\/butikk\\\/\"},{\"@type\":\"ListItem\",\"position\":2,\"name\":\"Kj\u00f8p Sextacy Powder\"}]},{\"@type\":\"WebSite\",\"@id\":\"https:\\\/\\\/medicinasinc.com\\\/no\\\/#website\",\"url\":\"https:\\\/\\\/medicinasinc.com\\\/no\\\/\",\"name\":\"Medicinas Inc\",\"description\":\"Helsemedisinsk klinikk\",\"potentialAction\":[{\"@type\":\"SearchAction\",\"target\":{\"@type\":\"EntryPoint\",\"urlTemplate\":\"https:\\\/\\\/medicinasinc.com\\\/no\\\/?s={search_term_string}\"},\"query-input\":{\"@type\":\"PropertyValueSpecification\",\"valueRequired\":true,\"valueName\":\"search_term_string\"}}],\"inLanguage\":\"nn-NO\"}]}<\/script>\n<!-- \/ Yoast SEO plugin. -->","yoast_head_json":{"title":"Kj\u00f8p Sextacy Powder - Sextacy Powder salg - Beste globale medisiner","description":"Kj\u00f8p Pure Quality Sextacy Powder for salg i Europa, Storbritannia, AU Online. Den aktive ingrediensen i Sextacy er a-PVP og dette produktet kommer kun i pulverform! Bestill Sextacy Powder","robots":{"index":"index","follow":"follow","max-snippet":"max-snippet:-1","max-image-preview":"max-image-preview:large","max-video-preview":"max-video-preview:-1"},"canonical":"https:\/\/medicinasinc.com\/no\/product\/kjop-sextacy-pulver\/","og_locale":"nn_NO","og_type":"article","og_title":"Kj\u00f8p Sextacy Powder - Sextacy Powder salg - Beste globale medisiner","og_description":"Kj\u00f8p Pure Quality Sextacy Powder for salg i Europa, Storbritannia, AU Online. Den aktive ingrediensen i Sextacy er a-PVP og dette produktet kommer kun i pulverform! Bestill Sextacy Powder","og_url":"https:\/\/medicinasinc.com\/no\/product\/kjop-sextacy-pulver\/","og_site_name":"Medicinas Inc","article_modified_time":"2022-03-22T00:44:20+00:00","og_image":[{"width":300,"height":300,"url":"https:\/\/medicinasinc.com\/no\/wp-content\/uploads\/sites\/14\/2022\/02\/Buy-Sextacy-Powder.jpg","type":"image\/jpeg"}],"twitter_card":"summary_large_image","twitter_misc":{"Est. reading time":"1 minutt"},"schema":{"@context":"https:\/\/schema.org","@graph":[{"@type":"WebPage","@id":"https:\/\/medicinasinc.com\/no\/product\/kjop-sextacy-pulver\/","url":"https:\/\/medicinasinc.com\/no\/product\/kjop-sextacy-pulver\/","name":"Kj\u00f8p Sextacy Powder - Sextacy Powder salg - Beste globale medisiner","isPartOf":{"@id":"https:\/\/medicinasinc.com\/no\/#website"},"primaryImageOfPage":{"@id":"https:\/\/medicinasinc.com\/no\/product\/kjop-sextacy-pulver\/#primaryimage"},"image":{"@id":"https:\/\/medicinasinc.com\/no\/product\/kjop-sextacy-pulver\/#primaryimage"},"thumbnailUrl":"https:\/\/medicinasinc.com\/no\/wp-content\/uploads\/sites\/14\/2022\/02\/Buy-Sextacy-Powder.jpg","datePublished":"2022-02-22T05:03:24+00:00","dateModified":"2022-03-22T00:44:20+00:00","description":"Kj\u00f8p Pure Quality Sextacy Powder for salg i Europa, Storbritannia, AU Online. Den aktive ingrediensen i Sextacy er a-PVP og dette produktet kommer kun i pulverform! Bestill Sextacy Powder","breadcrumb":{"@id":"https:\/\/medicinasinc.com\/no\/product\/kjop-sextacy-pulver\/#breadcrumb"},"inLanguage":"nn-NO","potentialAction":[{"@type":"ReadAction","target":["https:\/\/medicinasinc.com\/no\/product\/kjop-sextacy-pulver\/"]}]},{"@type":"ImageObject","inLanguage":"nn-NO","@id":"https:\/\/medicinasinc.com\/no\/product\/kjop-sextacy-pulver\/#primaryimage","url":"https:\/\/medicinasinc.com\/no\/wp-content\/uploads\/sites\/14\/2022\/02\/Buy-Sextacy-Powder.jpg","contentUrl":"https:\/\/medicinasinc.com\/no\/wp-content\/uploads\/sites\/14\/2022\/02\/Buy-Sextacy-Powder.jpg","width":300,"height":300},{"@type":"BreadcrumbList","@id":"https:\/\/medicinasinc.com\/no\/product\/kjop-sextacy-pulver\/#breadcrumb","itemListElement":[{"@type":"ListItem","position":1,"name":"Butikk","item":"https:\/\/medicinasinc.com\/no\/butikk\/"},{"@type":"ListItem","position":2,"name":"Kj\u00f8p Sextacy Powder"}]},{"@type":"WebSite","@id":"https:\/\/medicinasinc.com\/no\/#website","url":"https:\/\/medicinasinc.com\/no\/","name":"Medicinas Inc","description":"Helsemedisinsk klinikk","potentialAction":[{"@type":"SearchAction","target":{"@type":"EntryPoint","urlTemplate":"https:\/\/medicinasinc.com\/no\/?s={search_term_string}"},"query-input":{"@type":"PropertyValueSpecification","valueRequired":true,"valueName":"search_term_string"}}],"inLanguage":"nn-NO"}]}},"_links":{"self":[{"href":"https:\/\/medicinasinc.com\/no\/wp-json\/wp\/v2\/product\/5731","targetHints":{"allow":["GET"]}}],"collection":[{"href":"https:\/\/medicinasinc.com\/no\/wp-json\/wp\/v2\/product"}],"about":[{"href":"https:\/\/medicinasinc.com\/no\/wp-json\/wp\/v2\/types\/product"}],"replies":[{"embeddable":true,"href":"https:\/\/medicinasinc.com\/no\/wp-json\/wp\/v2\/comments?post=5731"}],"wp:featuredmedia":[{"embeddable":true,"href":"https:\/\/medicinasinc.com\/no\/wp-json\/wp\/v2\/media\/5742"}],"wp:attachment":[{"href":"https:\/\/medicinasinc.com\/no\/wp-json\/wp\/v2\/media?parent=5731"}],"wp:term":[{"taxonomy":"product_brand","embeddable":true,"href":"https:\/\/medicinasinc.com\/no\/wp-json\/wp\/v2\/product_brand?post=5731"},{"taxonomy":"product_cat","embeddable":true,"href":"https:\/\/medicinasinc.com\/no\/wp-json\/wp\/v2\/product_cat?post=5731"},{"taxonomy":"product_tag","embeddable":true,"href":"https:\/\/medicinasinc.com\/no\/wp-json\/wp\/v2\/product_tag?post=5731"}],"curies":[{"name":"wp","href":"https:\/\/api.w.org\/{rel}","templated":true}]}}