{"id":5730,"date":"2022-02-22T05:01:35","date_gmt":"2022-02-22T05:01:35","guid":{"rendered":"https:\/\/medicinasinc.com\/no\/?post_type=product&#038;p=5730"},"modified":"2022-03-22T00:44:34","modified_gmt":"2022-03-22T00:44:34","slug":"kjop-rent-mdma-pulver","status":"publish","type":"product","link":"https:\/\/medicinasinc.com\/no\/product\/kjop-rent-mdma-pulver\/","title":{"rendered":"Kj\u00f8p rent mdma-pulver"},"content":{"rendered":"<p>Kj\u00f8p MDMA i pulverform<\/p>\n<p>MDMA-pulver, MDMA-krystaller og ecstasy<\/p>\n<p>Med sine stimulerende og hallusinogene egenskaper i like stor grad, er MDMA-pulverkrystaller en av de mest popul\u00e6re rekreasjons- stoffer p\u00e5 markedet i dag.<\/p>\n<p>1,2 Vanligvis kan<\/p>\n<p>MDMA-pulver kj\u00f8pes p\u00e5 nettet.<\/p>\n<p>MDMA-pulver til salgs i sin reneste form, online. <\/p>\n<p>Vi selger kun MDMA (Ecstasy\/Molly)-pulver av h\u00f8yeste kvalitet p\u00e5 nettet p\u00e5.<\/p>\n<p>Rent MDMA-pulver er tilgjengelig for kj\u00f8p p\u00e5 nettet.<\/p>\n<p>Det billigste stedet \u00e5 kj\u00f8pe Ecstasy\/Molly Powder<\/p>\n<p>Har MDMA-pulver noen fordeler eller ulemper sammenlignet med piller?<\/p>\n<p>Knuste MDMA-krystaller eller -pulver er en annen m\u00e5te \u00e5 f\u00e5 stoffet p\u00e5.<\/p>\n<p>Oralt administrert MDMA (forkortelse for 3,4-metylendioksymetamfetamin), hvis kjemiske navn er 3,4-metylendioksymetamfetamin, har en halveringstid p\u00e5 3 til 6 timer. En til to MDMA-tabletter, hver med 60 til 120 milligram MDMA, er den hyppigst rapporterte dosen. 1 Ettersom effekten av den f\u00f8rste dosen begynner \u00e5 avta, er det ikke uvanlig at brukere tar en ny dose av stoffet.<\/p>\n","protected":false},"excerpt":{"rendered":"<p>Kj\u00f8p Quality Mdma Powder for salg i Storbritannia, Europa, AU i v\u00e5r Bestglobalmeds.com nettbutikk med rask levering over hele verden! Det beste Mdma-pulveret for bestilling finner du her!<\/p>\n<ul>\n<li>Kj\u00f8p rent MDMA-pulver p\u00e5 nett<\/li>\n<li>Rent MDMA-pulver p\u00e5 nett<\/li>\n<li>Ecstasy\/Molly-pulver til salgs <\/li>\n<li>\u00a0kj\u00f8p Ecstasy\/Molly Powder p\u00e5 nettet<\/li>\n<\/ul>\n","protected":false},"featured_media":5740,"comment_status":"open","ping_status":"closed","template":"","meta":[],"product_brand":[],"product_cat":[2014],"product_tag":[3701,3702,3724,3723,3647,3707,3727,3708,3730,3729,3728,3703,3705,3706,3725,3704,3710,3711,3715,3716,3717,3718,3722,3659,3720,3721,3713,3609,3714,3719,3662,3712,3709,3726],"class_list":{"0":"post-5730","1":"product","2":"type-product","3":"status-publish","4":"has-post-thumbnail","6":"product_cat-kjpe-forskning-kjemikalier","7":"product_tag-best-mdma-powder","8":"product_tag-best-quality-mdma-powder","9":"product_tag-bestill-mdma-pulver-krystall-online","10":"product_tag-ordre-mdma-pulver","11":"product_tag-buy-mdma-powder","12":"product_tag-buy-mdma-powder-online","13":"product_tag-det-beste-stedet--kjpe-mdma-powder-crystal-online","14":"product_tag-how-to-buy-mdma-powder-crystal-online","15":"product_tag-hvor-kan-bestille-mdma-pulver","16":"product_tag-hvor-kan-kjpe-mdma-pulver-krystall-online","17":"product_tag-hvor-kan-kjpe-mdma-pulver","18":"product_tag-kjp-mdma-pulver-krystall-online","19":"product_tag-kjp-mdma-pulver-europe","20":"product_tag-kjp-mdma-pulver-nr-meg","21":"product_tag-kjp-mdma-pulver","22":"product_tag-kjp-mdma-powder-meg","23":"product_tag-mdma-powder-effect","24":"product_tag-mdma-powder-europe","25":"product_tag-mdma-powder-near-me","26":"product_tag-mdma-powder-online","27":"product_tag-mdma-powder-over-night","28":"product_tag-mdma-powder-price","29":"product_tag-mdma-powder-shipping","30":"product_tag-mdma-pulver","31":"product_tag-mdma-pulver-anmeldelse","32":"product_tag-mdma-pulver-anmeldelser","33":"product_tag-mdma-pulver-google","34":"product_tag-mdma-pulver-kjp","35":"product_tag-mdma-pulver-postordre","36":"product_tag-mdma-powder-reddit","37":"product_tag-mdma-pulver-til-salgs","38":"product_tag-mdma-pulver-til-salg-online","39":"product_tag-mdma-pulver-krystall-til-salg","40":"product_tag-purchase-mdma-powder-crystal-online","42":"first","43":"instock","44":"shipping-taxable","45":"purchasable","46":"product-type-variable","47":"has-default-attributes"},"yoast_head":"<!-- This site is optimized with the Yoast SEO plugin v27.3 - https:\/\/yoast.com\/product\/yoast-seo-wordpress\/ -->\n<title>Kj\u00f8p rent mdma pulver - mdma pulver til salgs - Best Global Meds<\/title>\n<meta name=\"description\" content=\"Kj\u00f8p kvalitets Mdma Powder for salg i Storbritannia, Europa, AU i v\u00e5r Bestglobalmeds.com nettbutikk med rask levering over hele verden! Det beste Mdma-pulveret for bestilling finner du her!\" \/>\n<meta name=\"robots\" content=\"index, follow, max-snippet:-1, max-image-preview:large, max-video-preview:-1\" \/>\n<link rel=\"canonical\" href=\"https:\/\/medicinasinc.com\/no\/product\/kjop-rent-mdma-pulver\/\" \/>\n<meta property=\"og:locale\" content=\"nn_NO\" \/>\n<meta property=\"og:type\" content=\"article\" \/>\n<meta property=\"og:title\" content=\"Kj\u00f8p rent mdma pulver - mdma pulver til salgs - Best Global Meds\" \/>\n<meta property=\"og:description\" content=\"Kj\u00f8p kvalitets Mdma Powder for salg i Storbritannia, Europa, AU i v\u00e5r Bestglobalmeds.com nettbutikk med rask levering over hele verden! Det beste Mdma-pulveret for bestilling finner du her!\" \/>\n<meta property=\"og:url\" content=\"https:\/\/medicinasinc.com\/no\/product\/kjop-rent-mdma-pulver\/\" \/>\n<meta property=\"og:site_name\" content=\"Medicinas Inc\" \/>\n<meta property=\"article:modified_time\" content=\"2022-03-22T00:44:34+00:00\" \/>\n<meta property=\"og:image\" content=\"https:\/\/medicinasinc.com\/no\/wp-content\/uploads\/sites\/14\/2022\/02\/Buy-pure-mdma-powder.jpg\" \/>\n\t<meta property=\"og:image:width\" content=\"1500\" \/>\n\t<meta property=\"og:image:height\" content=\"1496\" \/>\n\t<meta property=\"og:image:type\" content=\"image\/jpeg\" \/>\n<meta name=\"twitter:card\" content=\"summary_large_image\" \/>\n<meta name=\"twitter:label1\" content=\"Est. reading time\" \/>\n\t<meta name=\"twitter:data1\" content=\"1 minutt\" \/>\n<script type=\"application\/ld+json\" class=\"yoast-schema-graph\">{\"@context\":\"https:\\\/\\\/schema.org\",\"@graph\":[{\"@type\":\"WebPage\",\"@id\":\"https:\\\/\\\/medicinasinc.com\\\/no\\\/product\\\/kjop-rent-mdma-pulver\\\/\",\"url\":\"https:\\\/\\\/medicinasinc.com\\\/no\\\/product\\\/kjop-rent-mdma-pulver\\\/\",\"name\":\"Kj\u00f8p rent mdma pulver - mdma pulver til salgs - Best Global Meds\",\"isPartOf\":{\"@id\":\"https:\\\/\\\/medicinasinc.com\\\/no\\\/#website\"},\"primaryImageOfPage\":{\"@id\":\"https:\\\/\\\/medicinasinc.com\\\/no\\\/product\\\/kjop-rent-mdma-pulver\\\/#primaryimage\"},\"image\":{\"@id\":\"https:\\\/\\\/medicinasinc.com\\\/no\\\/product\\\/kjop-rent-mdma-pulver\\\/#primaryimage\"},\"thumbnailUrl\":\"https:\\\/\\\/medicinasinc.com\\\/no\\\/wp-content\\\/uploads\\\/sites\\\/14\\\/2022\\\/02\\\/Buy-pure-mdma-powder.jpg\",\"datePublished\":\"2022-02-22T05:01:35+00:00\",\"dateModified\":\"2022-03-22T00:44:34+00:00\",\"description\":\"Kj\u00f8p kvalitets Mdma Powder for salg i Storbritannia, Europa, AU i v\u00e5r Bestglobalmeds.com nettbutikk med rask levering over hele verden! Det beste Mdma-pulveret for bestilling finner du her!\",\"breadcrumb\":{\"@id\":\"https:\\\/\\\/medicinasinc.com\\\/no\\\/product\\\/kjop-rent-mdma-pulver\\\/#breadcrumb\"},\"inLanguage\":\"nn-NO\",\"potentialAction\":[{\"@type\":\"ReadAction\",\"target\":[\"https:\\\/\\\/medicinasinc.com\\\/no\\\/product\\\/kjop-rent-mdma-pulver\\\/\"]}]},{\"@type\":\"ImageObject\",\"inLanguage\":\"nn-NO\",\"@id\":\"https:\\\/\\\/medicinasinc.com\\\/no\\\/product\\\/kjop-rent-mdma-pulver\\\/#primaryimage\",\"url\":\"https:\\\/\\\/medicinasinc.com\\\/no\\\/wp-content\\\/uploads\\\/sites\\\/14\\\/2022\\\/02\\\/Buy-pure-mdma-powder.jpg\",\"contentUrl\":\"https:\\\/\\\/medicinasinc.com\\\/no\\\/wp-content\\\/uploads\\\/sites\\\/14\\\/2022\\\/02\\\/Buy-pure-mdma-powder.jpg\",\"width\":1500,\"height\":1496},{\"@type\":\"BreadcrumbList\",\"@id\":\"https:\\\/\\\/medicinasinc.com\\\/no\\\/product\\\/kjop-rent-mdma-pulver\\\/#breadcrumb\",\"itemListElement\":[{\"@type\":\"ListItem\",\"position\":1,\"name\":\"Butikk\",\"item\":\"https:\\\/\\\/medicinasinc.com\\\/no\\\/butikk\\\/\"},{\"@type\":\"ListItem\",\"position\":2,\"name\":\"Kj\u00f8p rent mdma-pulver\"}]},{\"@type\":\"WebSite\",\"@id\":\"https:\\\/\\\/medicinasinc.com\\\/no\\\/#website\",\"url\":\"https:\\\/\\\/medicinasinc.com\\\/no\\\/\",\"name\":\"Medicinas Inc\",\"description\":\"Helsemedisinsk klinikk\",\"potentialAction\":[{\"@type\":\"SearchAction\",\"target\":{\"@type\":\"EntryPoint\",\"urlTemplate\":\"https:\\\/\\\/medicinasinc.com\\\/no\\\/?s={search_term_string}\"},\"query-input\":{\"@type\":\"PropertyValueSpecification\",\"valueRequired\":true,\"valueName\":\"search_term_string\"}}],\"inLanguage\":\"nn-NO\"}]}<\/script>\n<!-- \/ Yoast SEO plugin. -->","yoast_head_json":{"title":"Kj\u00f8p rent mdma pulver - mdma pulver til salgs - Best Global Meds","description":"Kj\u00f8p kvalitets Mdma Powder for salg i Storbritannia, Europa, AU i v\u00e5r Bestglobalmeds.com nettbutikk med rask levering over hele verden! Det beste Mdma-pulveret for bestilling finner du her!","robots":{"index":"index","follow":"follow","max-snippet":"max-snippet:-1","max-image-preview":"max-image-preview:large","max-video-preview":"max-video-preview:-1"},"canonical":"https:\/\/medicinasinc.com\/no\/product\/kjop-rent-mdma-pulver\/","og_locale":"nn_NO","og_type":"article","og_title":"Kj\u00f8p rent mdma pulver - mdma pulver til salgs - Best Global Meds","og_description":"Kj\u00f8p kvalitets Mdma Powder for salg i Storbritannia, Europa, AU i v\u00e5r Bestglobalmeds.com nettbutikk med rask levering over hele verden! Det beste Mdma-pulveret for bestilling finner du her!","og_url":"https:\/\/medicinasinc.com\/no\/product\/kjop-rent-mdma-pulver\/","og_site_name":"Medicinas Inc","article_modified_time":"2022-03-22T00:44:34+00:00","og_image":[{"width":1500,"height":1496,"url":"https:\/\/medicinasinc.com\/no\/wp-content\/uploads\/sites\/14\/2022\/02\/Buy-pure-mdma-powder.jpg","type":"image\/jpeg"}],"twitter_card":"summary_large_image","twitter_misc":{"Est. reading time":"1 minutt"},"schema":{"@context":"https:\/\/schema.org","@graph":[{"@type":"WebPage","@id":"https:\/\/medicinasinc.com\/no\/product\/kjop-rent-mdma-pulver\/","url":"https:\/\/medicinasinc.com\/no\/product\/kjop-rent-mdma-pulver\/","name":"Kj\u00f8p rent mdma pulver - mdma pulver til salgs - Best Global Meds","isPartOf":{"@id":"https:\/\/medicinasinc.com\/no\/#website"},"primaryImageOfPage":{"@id":"https:\/\/medicinasinc.com\/no\/product\/kjop-rent-mdma-pulver\/#primaryimage"},"image":{"@id":"https:\/\/medicinasinc.com\/no\/product\/kjop-rent-mdma-pulver\/#primaryimage"},"thumbnailUrl":"https:\/\/medicinasinc.com\/no\/wp-content\/uploads\/sites\/14\/2022\/02\/Buy-pure-mdma-powder.jpg","datePublished":"2022-02-22T05:01:35+00:00","dateModified":"2022-03-22T00:44:34+00:00","description":"Kj\u00f8p kvalitets Mdma Powder for salg i Storbritannia, Europa, AU i v\u00e5r Bestglobalmeds.com nettbutikk med rask levering over hele verden! Det beste Mdma-pulveret for bestilling finner du her!","breadcrumb":{"@id":"https:\/\/medicinasinc.com\/no\/product\/kjop-rent-mdma-pulver\/#breadcrumb"},"inLanguage":"nn-NO","potentialAction":[{"@type":"ReadAction","target":["https:\/\/medicinasinc.com\/no\/product\/kjop-rent-mdma-pulver\/"]}]},{"@type":"ImageObject","inLanguage":"nn-NO","@id":"https:\/\/medicinasinc.com\/no\/product\/kjop-rent-mdma-pulver\/#primaryimage","url":"https:\/\/medicinasinc.com\/no\/wp-content\/uploads\/sites\/14\/2022\/02\/Buy-pure-mdma-powder.jpg","contentUrl":"https:\/\/medicinasinc.com\/no\/wp-content\/uploads\/sites\/14\/2022\/02\/Buy-pure-mdma-powder.jpg","width":1500,"height":1496},{"@type":"BreadcrumbList","@id":"https:\/\/medicinasinc.com\/no\/product\/kjop-rent-mdma-pulver\/#breadcrumb","itemListElement":[{"@type":"ListItem","position":1,"name":"Butikk","item":"https:\/\/medicinasinc.com\/no\/butikk\/"},{"@type":"ListItem","position":2,"name":"Kj\u00f8p rent mdma-pulver"}]},{"@type":"WebSite","@id":"https:\/\/medicinasinc.com\/no\/#website","url":"https:\/\/medicinasinc.com\/no\/","name":"Medicinas Inc","description":"Helsemedisinsk klinikk","potentialAction":[{"@type":"SearchAction","target":{"@type":"EntryPoint","urlTemplate":"https:\/\/medicinasinc.com\/no\/?s={search_term_string}"},"query-input":{"@type":"PropertyValueSpecification","valueRequired":true,"valueName":"search_term_string"}}],"inLanguage":"nn-NO"}]}},"_links":{"self":[{"href":"https:\/\/medicinasinc.com\/no\/wp-json\/wp\/v2\/product\/5730","targetHints":{"allow":["GET"]}}],"collection":[{"href":"https:\/\/medicinasinc.com\/no\/wp-json\/wp\/v2\/product"}],"about":[{"href":"https:\/\/medicinasinc.com\/no\/wp-json\/wp\/v2\/types\/product"}],"replies":[{"embeddable":true,"href":"https:\/\/medicinasinc.com\/no\/wp-json\/wp\/v2\/comments?post=5730"}],"wp:featuredmedia":[{"embeddable":true,"href":"https:\/\/medicinasinc.com\/no\/wp-json\/wp\/v2\/media\/5740"}],"wp:attachment":[{"href":"https:\/\/medicinasinc.com\/no\/wp-json\/wp\/v2\/media?parent=5730"}],"wp:term":[{"taxonomy":"product_brand","embeddable":true,"href":"https:\/\/medicinasinc.com\/no\/wp-json\/wp\/v2\/product_brand?post=5730"},{"taxonomy":"product_cat","embeddable":true,"href":"https:\/\/medicinasinc.com\/no\/wp-json\/wp\/v2\/product_cat?post=5730"},{"taxonomy":"product_tag","embeddable":true,"href":"https:\/\/medicinasinc.com\/no\/wp-json\/wp\/v2\/product_tag?post=5730"}],"curies":[{"name":"wp","href":"https:\/\/api.w.org\/{rel}","templated":true}]}}