{"id":5729,"date":"2022-02-22T04:59:37","date_gmt":"2022-02-22T04:59:37","guid":{"rendered":"https:\/\/medicinasinc.com\/no\/?post_type=product&#038;p=5729"},"modified":"2022-03-22T00:44:43","modified_gmt":"2022-03-22T00:44:43","slug":"kjope-hydrokodon-pulver","status":"publish","type":"product","link":"https:\/\/medicinasinc.com\/no\/product\/kjope-hydrokodon-pulver\/","title":{"rendered":"Kj\u00f8p Hydrocodone Powder"},"content":{"rendered":"<p>For \u00e5 kj\u00f8pe Hydrocodone Powder online, klikk her.<br \/> Online kan du kj\u00f8pe Hydrocodone Powder i bulk til en god pris til engrospriser. Hydrocodone, som selges under merkenavnet Hysingla og andre navn, er et opioid som kan brukes til \u00e5 behandle smerter som varer lenge dersom andre behandlinger ikke virker. Som hostedempende middel brukes det ogs\u00e5 av personer over 18 \u00e5r. Folk spiser det. Acetaminophen og hydrokodon selges vanligvis sammen. Ibuprofen og hydrokodon selges ogs\u00e5 vanligvis sammen. I seg selv kommer det i en langtidsvirkende form som du kan kj\u00f8pe.<\/p>\n<p>Det finnes to typer hydrokodonsalt eller pulver:<\/p>\n<p>Hydrokodon er et halvsyntetisk opioid som kommer fra kodeinplanten. Hydrokodon kan tas gjennom munnen for \u00e5 lindre smerte og slutte \u00e5 hoste, ofte med paracetamol eller ibuprofen. Det finnes mange resepter p\u00e5 hydrokodon i USA.<\/p>\n","protected":false},"excerpt":{"rendered":"<p>Hydrokodonpulver til salgs i Europa, Storbritannia og Australia. Kodein brukes til \u00e5 lage hydrokodonpulver, et halvsyntetisk opioid. Billigste priser p\u00e5 Hydrocodone Powder.<\/p>\n<p>Kj\u00f8p Hydrocodone Powder Online fra en p\u00e5litelig kilde.<\/p>\n<p>Det er et semisyntetisk opioid avledet fra kodein. Hydrokodonpulver<\/p>\n","protected":false},"featured_media":5738,"comment_status":"open","ping_status":"closed","template":"","meta":[],"product_brand":[],"product_cat":[2014],"product_tag":[3695,3670,3671,3675,3685,3699,3698,3700,3682,3678,3679,3680,3681,3684,3686,3676,3677,3683,3688,3689,3687,3674,3673,3672,3692,3690,3691,3693,3694,3696,3697],"class_list":{"0":"post-5729","1":"product","2":"type-product","3":"status-publish","4":"has-post-thumbnail","6":"product_cat-kjpe-forskning-kjemikalier","7":"product_tag-blanding-kratom-og-hydrokodon","8":"product_tag-buy-hydrocodone-acetaminophen","9":"product_tag-buy-hydrocodone-online-usa","10":"product_tag-does-hydrocodone-cause-constipation","11":"product_tag-hydrokodon-pulver-gjennomgang","12":"product_tag-hva-er-hydrokodon-sammensatt-av","13":"product_tag-hva-skjer-nr-du-snyter-hydrokodon","14":"product_tag-hvor-kan-kjpes-hydrokodon-piller","15":"product_tag-hydrokodon-pulver-rekkeflge","16":"product_tag-hydrocodone-powder-buy","17":"product_tag-hydrocodone-powder-effect","18":"product_tag-hydrocodone-powder-for-compounding","19":"product_tag-hydrocodone-powder-for-sale","20":"product_tag-hydrokodon-pulver-reddit","21":"product_tag-hydrocodone-powder-sale","22":"product_tag-hydrokodon-hcl","23":"product_tag-hydrokodonpulver","24":"product_tag-hydrokodon-pulver-pris","25":"product_tag-hydrokodon-vs-kratom","26":"product_tag-hydrokodon-vs-vicodin","27":"product_tag-bruk-av-hydrokodonpulver","28":"product_tag-kan-hydrokodon-drepe-deg","29":"product_tag-kj-c3-b8pe-hydrokodonpulver","30":"product_tag-kjp-hydrokodon-online-uten-rx","31":"product_tag-kratom-bali-sammenlignet-med-hydrokodon","32":"product_tag-kratom-og-hydrokodon","33":"product_tag-kratom-og-hydrokodon-kombinasjon","34":"product_tag-kratom-sammenlignet-med-norco","35":"product_tag-kratom-vs-hydrokodon-styrke","36":"product_tag-pure-hydrocodone-powder-for-sale","37":"product_tag-r-hydrokodon-pulver","39":"first","40":"instock","41":"shipping-taxable","42":"purchasable","43":"product-type-variable","44":"has-default-attributes"},"yoast_head":"<!-- This site is optimized with the Yoast SEO plugin v27.3 - https:\/\/yoast.com\/product\/yoast-seo-wordpress\/ -->\n<title>Kj\u00f8p Hydrocodone Powder - Hydrocodone Powder - Best Global Meds<\/title>\n<meta name=\"description\" content=\"Kj\u00f8p kvalitetshydrokodonpulver til salgs i Europa, Storbritannia, AU Online. Hydrokodonpulver er et semisyntetisk opioid avledet fra kodein. Bestill Hydrocodone Powder til de beste prisene\" \/>\n<meta name=\"robots\" content=\"index, follow, max-snippet:-1, max-image-preview:large, max-video-preview:-1\" \/>\n<link rel=\"canonical\" href=\"https:\/\/medicinasinc.com\/no\/product\/kjope-hydrokodon-pulver\/\" \/>\n<meta property=\"og:locale\" content=\"nn_NO\" \/>\n<meta property=\"og:type\" content=\"article\" \/>\n<meta property=\"og:title\" content=\"Kj\u00f8p Hydrocodone Powder - Hydrocodone Powder - Best Global Meds\" \/>\n<meta property=\"og:description\" content=\"Kj\u00f8p kvalitetshydrokodonpulver til salgs i Europa, Storbritannia, AU Online. Hydrokodonpulver er et semisyntetisk opioid avledet fra kodein. Bestill Hydrocodone Powder til de beste prisene\" \/>\n<meta property=\"og:url\" content=\"https:\/\/medicinasinc.com\/no\/product\/kjope-hydrokodon-pulver\/\" \/>\n<meta property=\"og:site_name\" content=\"Medicinas Inc\" \/>\n<meta property=\"article:modified_time\" content=\"2022-03-22T00:44:43+00:00\" \/>\n<meta property=\"og:image\" content=\"https:\/\/medicinasinc.com\/no\/wp-content\/uploads\/sites\/14\/2022\/02\/Buy-Hydrocodone-Powder.jpg\" \/>\n\t<meta property=\"og:image:width\" content=\"650\" \/>\n\t<meta property=\"og:image:height\" content=\"390\" \/>\n\t<meta property=\"og:image:type\" content=\"image\/jpeg\" \/>\n<meta name=\"twitter:card\" content=\"summary_large_image\" \/>\n<meta name=\"twitter:label1\" content=\"Est. reading time\" \/>\n\t<meta name=\"twitter:data1\" content=\"1 minutt\" \/>\n<script type=\"application\/ld+json\" class=\"yoast-schema-graph\">{\"@context\":\"https:\\\/\\\/schema.org\",\"@graph\":[{\"@type\":\"WebPage\",\"@id\":\"https:\\\/\\\/medicinasinc.com\\\/no\\\/product\\\/kjope-hydrokodon-pulver\\\/\",\"url\":\"https:\\\/\\\/medicinasinc.com\\\/no\\\/product\\\/kjope-hydrokodon-pulver\\\/\",\"name\":\"Kj\u00f8p Hydrocodone Powder - Hydrocodone Powder - Best Global Meds\",\"isPartOf\":{\"@id\":\"https:\\\/\\\/medicinasinc.com\\\/no\\\/#website\"},\"primaryImageOfPage\":{\"@id\":\"https:\\\/\\\/medicinasinc.com\\\/no\\\/product\\\/kjope-hydrokodon-pulver\\\/#primaryimage\"},\"image\":{\"@id\":\"https:\\\/\\\/medicinasinc.com\\\/no\\\/product\\\/kjope-hydrokodon-pulver\\\/#primaryimage\"},\"thumbnailUrl\":\"https:\\\/\\\/medicinasinc.com\\\/no\\\/wp-content\\\/uploads\\\/sites\\\/14\\\/2022\\\/02\\\/Buy-Hydrocodone-Powder.jpg\",\"datePublished\":\"2022-02-22T04:59:37+00:00\",\"dateModified\":\"2022-03-22T00:44:43+00:00\",\"description\":\"Kj\u00f8p kvalitetshydrokodonpulver til salgs i Europa, Storbritannia, AU Online. Hydrokodonpulver er et semisyntetisk opioid avledet fra kodein. Bestill Hydrocodone Powder til de beste prisene\",\"breadcrumb\":{\"@id\":\"https:\\\/\\\/medicinasinc.com\\\/no\\\/product\\\/kjope-hydrokodon-pulver\\\/#breadcrumb\"},\"inLanguage\":\"nn-NO\",\"potentialAction\":[{\"@type\":\"ReadAction\",\"target\":[\"https:\\\/\\\/medicinasinc.com\\\/no\\\/product\\\/kjope-hydrokodon-pulver\\\/\"]}]},{\"@type\":\"ImageObject\",\"inLanguage\":\"nn-NO\",\"@id\":\"https:\\\/\\\/medicinasinc.com\\\/no\\\/product\\\/kjope-hydrokodon-pulver\\\/#primaryimage\",\"url\":\"https:\\\/\\\/medicinasinc.com\\\/no\\\/wp-content\\\/uploads\\\/sites\\\/14\\\/2022\\\/02\\\/Buy-Hydrocodone-Powder.jpg\",\"contentUrl\":\"https:\\\/\\\/medicinasinc.com\\\/no\\\/wp-content\\\/uploads\\\/sites\\\/14\\\/2022\\\/02\\\/Buy-Hydrocodone-Powder.jpg\",\"width\":650,\"height\":390},{\"@type\":\"BreadcrumbList\",\"@id\":\"https:\\\/\\\/medicinasinc.com\\\/no\\\/product\\\/kjope-hydrokodon-pulver\\\/#breadcrumb\",\"itemListElement\":[{\"@type\":\"ListItem\",\"position\":1,\"name\":\"Butikk\",\"item\":\"https:\\\/\\\/medicinasinc.com\\\/no\\\/butikk\\\/\"},{\"@type\":\"ListItem\",\"position\":2,\"name\":\"Kj\u00f8p Hydrocodone Powder\"}]},{\"@type\":\"WebSite\",\"@id\":\"https:\\\/\\\/medicinasinc.com\\\/no\\\/#website\",\"url\":\"https:\\\/\\\/medicinasinc.com\\\/no\\\/\",\"name\":\"Medicinas Inc\",\"description\":\"Helsemedisinsk klinikk\",\"potentialAction\":[{\"@type\":\"SearchAction\",\"target\":{\"@type\":\"EntryPoint\",\"urlTemplate\":\"https:\\\/\\\/medicinasinc.com\\\/no\\\/?s={search_term_string}\"},\"query-input\":{\"@type\":\"PropertyValueSpecification\",\"valueRequired\":true,\"valueName\":\"search_term_string\"}}],\"inLanguage\":\"nn-NO\"}]}<\/script>\n<!-- \/ Yoast SEO plugin. -->","yoast_head_json":{"title":"Kj\u00f8p Hydrocodone Powder - Hydrocodone Powder - Best Global Meds","description":"Kj\u00f8p kvalitetshydrokodonpulver til salgs i Europa, Storbritannia, AU Online. Hydrokodonpulver er et semisyntetisk opioid avledet fra kodein. Bestill Hydrocodone Powder til de beste prisene","robots":{"index":"index","follow":"follow","max-snippet":"max-snippet:-1","max-image-preview":"max-image-preview:large","max-video-preview":"max-video-preview:-1"},"canonical":"https:\/\/medicinasinc.com\/no\/product\/kjope-hydrokodon-pulver\/","og_locale":"nn_NO","og_type":"article","og_title":"Kj\u00f8p Hydrocodone Powder - Hydrocodone Powder - Best Global Meds","og_description":"Kj\u00f8p kvalitetshydrokodonpulver til salgs i Europa, Storbritannia, AU Online. Hydrokodonpulver er et semisyntetisk opioid avledet fra kodein. Bestill Hydrocodone Powder til de beste prisene","og_url":"https:\/\/medicinasinc.com\/no\/product\/kjope-hydrokodon-pulver\/","og_site_name":"Medicinas Inc","article_modified_time":"2022-03-22T00:44:43+00:00","og_image":[{"width":650,"height":390,"url":"https:\/\/medicinasinc.com\/no\/wp-content\/uploads\/sites\/14\/2022\/02\/Buy-Hydrocodone-Powder.jpg","type":"image\/jpeg"}],"twitter_card":"summary_large_image","twitter_misc":{"Est. reading time":"1 minutt"},"schema":{"@context":"https:\/\/schema.org","@graph":[{"@type":"WebPage","@id":"https:\/\/medicinasinc.com\/no\/product\/kjope-hydrokodon-pulver\/","url":"https:\/\/medicinasinc.com\/no\/product\/kjope-hydrokodon-pulver\/","name":"Kj\u00f8p Hydrocodone Powder - Hydrocodone Powder - Best Global Meds","isPartOf":{"@id":"https:\/\/medicinasinc.com\/no\/#website"},"primaryImageOfPage":{"@id":"https:\/\/medicinasinc.com\/no\/product\/kjope-hydrokodon-pulver\/#primaryimage"},"image":{"@id":"https:\/\/medicinasinc.com\/no\/product\/kjope-hydrokodon-pulver\/#primaryimage"},"thumbnailUrl":"https:\/\/medicinasinc.com\/no\/wp-content\/uploads\/sites\/14\/2022\/02\/Buy-Hydrocodone-Powder.jpg","datePublished":"2022-02-22T04:59:37+00:00","dateModified":"2022-03-22T00:44:43+00:00","description":"Kj\u00f8p kvalitetshydrokodonpulver til salgs i Europa, Storbritannia, AU Online. Hydrokodonpulver er et semisyntetisk opioid avledet fra kodein. Bestill Hydrocodone Powder til de beste prisene","breadcrumb":{"@id":"https:\/\/medicinasinc.com\/no\/product\/kjope-hydrokodon-pulver\/#breadcrumb"},"inLanguage":"nn-NO","potentialAction":[{"@type":"ReadAction","target":["https:\/\/medicinasinc.com\/no\/product\/kjope-hydrokodon-pulver\/"]}]},{"@type":"ImageObject","inLanguage":"nn-NO","@id":"https:\/\/medicinasinc.com\/no\/product\/kjope-hydrokodon-pulver\/#primaryimage","url":"https:\/\/medicinasinc.com\/no\/wp-content\/uploads\/sites\/14\/2022\/02\/Buy-Hydrocodone-Powder.jpg","contentUrl":"https:\/\/medicinasinc.com\/no\/wp-content\/uploads\/sites\/14\/2022\/02\/Buy-Hydrocodone-Powder.jpg","width":650,"height":390},{"@type":"BreadcrumbList","@id":"https:\/\/medicinasinc.com\/no\/product\/kjope-hydrokodon-pulver\/#breadcrumb","itemListElement":[{"@type":"ListItem","position":1,"name":"Butikk","item":"https:\/\/medicinasinc.com\/no\/butikk\/"},{"@type":"ListItem","position":2,"name":"Kj\u00f8p Hydrocodone Powder"}]},{"@type":"WebSite","@id":"https:\/\/medicinasinc.com\/no\/#website","url":"https:\/\/medicinasinc.com\/no\/","name":"Medicinas Inc","description":"Helsemedisinsk klinikk","potentialAction":[{"@type":"SearchAction","target":{"@type":"EntryPoint","urlTemplate":"https:\/\/medicinasinc.com\/no\/?s={search_term_string}"},"query-input":{"@type":"PropertyValueSpecification","valueRequired":true,"valueName":"search_term_string"}}],"inLanguage":"nn-NO"}]}},"_links":{"self":[{"href":"https:\/\/medicinasinc.com\/no\/wp-json\/wp\/v2\/product\/5729","targetHints":{"allow":["GET"]}}],"collection":[{"href":"https:\/\/medicinasinc.com\/no\/wp-json\/wp\/v2\/product"}],"about":[{"href":"https:\/\/medicinasinc.com\/no\/wp-json\/wp\/v2\/types\/product"}],"replies":[{"embeddable":true,"href":"https:\/\/medicinasinc.com\/no\/wp-json\/wp\/v2\/comments?post=5729"}],"wp:featuredmedia":[{"embeddable":true,"href":"https:\/\/medicinasinc.com\/no\/wp-json\/wp\/v2\/media\/5738"}],"wp:attachment":[{"href":"https:\/\/medicinasinc.com\/no\/wp-json\/wp\/v2\/media?parent=5729"}],"wp:term":[{"taxonomy":"product_brand","embeddable":true,"href":"https:\/\/medicinasinc.com\/no\/wp-json\/wp\/v2\/product_brand?post=5729"},{"taxonomy":"product_cat","embeddable":true,"href":"https:\/\/medicinasinc.com\/no\/wp-json\/wp\/v2\/product_cat?post=5729"},{"taxonomy":"product_tag","embeddable":true,"href":"https:\/\/medicinasinc.com\/no\/wp-json\/wp\/v2\/product_tag?post=5729"}],"curies":[{"name":"wp","href":"https:\/\/api.w.org\/{rel}","templated":true}]}}