{"id":5710,"date":"2022-02-22T04:39:11","date_gmt":"2022-02-22T04:39:11","guid":{"rendered":"https:\/\/medicinasinc.com\/no\/?post_type=product&#038;p=5710"},"modified":"2022-03-22T00:44:57","modified_gmt":"2022-03-22T00:44:57","slug":"kjop-mdma-krystaller","status":"publish","type":"product","link":"https:\/\/medicinasinc.com\/no\/product\/kjop-mdma-krystaller\/","title":{"rendered":"Kj\u00f8p mdma krystaller"},"content":{"rendered":"<p>HVOR BESTILLES MDMA POWDER OG CRYSTAL ONLINE<\/p>\n<p>CRYSTAL MDMA er tilgjengelig for kj\u00f8p p\u00e5 internett. \u00c5 kj\u00f8pe MDMA-pulver p\u00e5 nettet er enkelt og praktisk. 3,4-metylendioksymetamfetamin, oftere referert til som ecstasy, er et sentralstimulerende middel og brukes vanligvis for moro skyld. For \u00e5 oppn\u00e5 de \u00f8nskede resultatene inkluderer virkningene endrede f\u00f8lelser og et l\u00f8ft i energi, empati og nytelse. MDMA kan kj\u00f8pes her p\u00e5 siden v\u00e5r. Til \u00e5 begynne med ble MDMA mest brukt av de som bes\u00f8kte nattklubber og hele natten dansefester (kjent som &laquo;raves&raquo;), men stoffet har siden spredt seg til et bredere publikum og blir n\u00e5 referert til som Ecstasy eller Molly.<\/p>\n<p>Det er et syntetisk stoff som p\u00e5virker hum\u00f8r og persepsjon, 3,4-metylendioksy-metamfetamin (MDMA) (bevissthet om omkringliggende gjenstander og forhold). Som et sentralstimulerende middel og et hallusinogener, produserer det sensasjoner av \u00f8kt energi, nytelse og emosjonell varme samt en forvirret sanseopplevelse.<\/p>\n<p>Hvordan er MDMA CYSTAL | Pulver brukt av brukerne?<\/p>\n<p>MDMA brukes ofte i form av en pille eller kapsel, selv om det ogs\u00e5 kan inntas som en v\u00e6ske eller snuste som et pulver. Det er vanlig \u00e5 kalle dette pulverisert MDMA (MDMA CRYSTAL) Molly, en slangbetegnelse for den p\u00e5st\u00e5tt &laquo;rene&raquo; krystallinske pulverformen av stoffet. MDMA kan kombineres med andre stoffer, som alkohol eller marihuana, av noen mennesker.<\/p>\n<p>Hva er effekten av MDMA p\u00e5 hjernen?<\/p>\n<p>Tre hjernemolekyler aktiveres av MDMA: <\/p>\n<p>\u00d8kt energi og aktivitet er to av effektene av dopamin, som fungerer som en bel\u00f8nning i hjernens bel\u00f8nningssystem.<br \/> De med kardiovaskul\u00e6re eller vaskul\u00e6re problemer er mer s\u00e5rbare for effekten av noradrenalin, som \u00f8ker hjertefrekvens og blodtrykk.<br \/> Det er mange funksjoner som serotonin p\u00e5virker, som hum\u00f8r, sult og s\u00f8vn. Det har ogs\u00e5 en effekt p\u00e5 seksuell opphisselse og tillit ved \u00e5 for\u00e5rsake frigj\u00f8ring av hormoner. Folk som tar MDMA rapporterer f\u00f8lelser av f\u00f8lelsesmessig tilknytning, forbedret hum\u00f8r og empati som et resultat av stoffets serotoninfrigj\u00f8rende effekter. Kj\u00f8p Molly-piller fra et anerkjent nettapotek.<\/p>\n<p>&nbsp;<\/p>\n<p>N\u00e5r det gjelder andre negative helseeffekter:<\/p>\n<p>vondt i magen og kramper<br \/> tennene biter sammen for\u00e5rsaket en dis i synet mitt<br \/> frysninger svette<\/p>\n","protected":false},"excerpt":{"rendered":"<p>Kj\u00f8p krystaller av mdma for salg i Storbritannia og Europa fra oss. Folk som kj\u00f8per hos oss kan v\u00e6re sikre p\u00e5 at de f\u00e5r det de betaler for. Kj\u00f8p n\u00e5 3,4-metylendioksymetamfetamin.<\/p>\n<p>Det er Ecstasy\/Molly-krystaller til salgs (du kan kj\u00f8pe Ecstasy\/Molly-krystaller p\u00e5 nettet). Det er mange steder hvor du kan kj\u00f8pe MDMA-krystaller p\u00e5 nett. Du kan ogs\u00e5 kj\u00f8pe krystaller av metylon p\u00e5 nettet.<\/p>\n","protected":false},"featured_media":5720,"comment_status":"open","ping_status":"closed","template":"","meta":[],"product_brand":[],"product_cat":[2014],"product_tag":[3663,539,501,3647,506,3666,3648,3669,3668,3667,3644,3645,3646,3658,3649,3650,3652,3651,3655,3656,3657,3653,3654,3661,3659,3662,3660,3664,3665],"class_list":{"0":"post-5710","1":"product","2":"type-product","3":"status-publish","4":"has-post-thumbnail","6":"product_cat-kjpe-forskning-kjemikalier","7":"product_tag-bestill-mdma-crystal-online","8":"product_tag-bestille-mdma-online","9":"product_tag-buy-mdma-online","10":"product_tag-buy-mdma-powder","11":"product_tag-buy-pure-mdma-online","12":"product_tag-det-beste-stedet--kjpe-mdma-crystal-online","13":"product_tag-how-to-buy-mdma-crystal-online","14":"product_tag-hvor-kan-f-mdma-usa","15":"product_tag-hvor-kan-kjpe-mdma-crystal-online","16":"product_tag-hvor-kan-jeg-kjpe-mdma","17":"product_tag-kjp-mdma-krystall","18":"product_tag-kjp-mdma-crystal-online","19":"product_tag-kjp-mdma-krystaller","20":"product_tag-mdma-online-kjp","21":"product_tag-mail-order-mdma","22":"product_tag-mail-order-mdma-crystal","23":"product_tag-mdma-krystall-til-salg-online","24":"product_tag-mdma-krystall-til-salg","25":"product_tag-mdma-crystals-prices","26":"product_tag-mdma-crystals-reddit","27":"product_tag-mdma-for-sale-usa","28":"product_tag-mdma-krystaller-effekt","29":"product_tag-mdma-krystaller-til-salg","30":"product_tag-mdma-powder-crystals-online","31":"product_tag-mdma-pulver","32":"product_tag-mdma-pulver-til-salgs","33":"product_tag-mdma-pulverkrystaller","34":"product_tag-purchase-mdma-crystal-online","35":"product_tag-tags-kjp-ecstasy-usa","37":"first","38":"instock","39":"shipping-taxable","40":"purchasable","41":"product-type-variable","42":"has-default-attributes"},"yoast_head":"<!-- This site is optimized with the Yoast SEO plugin v27.3 - https:\/\/yoast.com\/product\/yoast-seo-wordpress\/ -->\n<title>Kj\u00f8p mdma krystaller - Mdma krystaller til salgs - Best Global Meds<\/title>\n<meta name=\"description\" content=\"Kj\u00f8p mdma krystaller til salgs i Storbritannia, Europa. vi tilbyr den mest p\u00e5litelige transaksjonen og selger til sv\u00e6rt rimelige priser. Bestill 3,4-metylendioksymetamfetamin n\u00e5\" \/>\n<meta name=\"robots\" content=\"index, follow, max-snippet:-1, max-image-preview:large, max-video-preview:-1\" \/>\n<link rel=\"canonical\" href=\"https:\/\/medicinasinc.com\/no\/product\/kjop-mdma-krystaller\/\" \/>\n<meta property=\"og:locale\" content=\"nn_NO\" \/>\n<meta property=\"og:type\" content=\"article\" \/>\n<meta property=\"og:title\" content=\"Kj\u00f8p mdma krystaller - Mdma krystaller til salgs - Best Global Meds\" \/>\n<meta property=\"og:description\" content=\"Kj\u00f8p mdma krystaller til salgs i Storbritannia, Europa. vi tilbyr den mest p\u00e5litelige transaksjonen og selger til sv\u00e6rt rimelige priser. Bestill 3,4-metylendioksymetamfetamin n\u00e5\" \/>\n<meta property=\"og:url\" content=\"https:\/\/medicinasinc.com\/no\/product\/kjop-mdma-krystaller\/\" \/>\n<meta property=\"og:site_name\" content=\"Medicinas Inc\" \/>\n<meta property=\"article:modified_time\" content=\"2022-03-22T00:44:57+00:00\" \/>\n<meta property=\"og:image\" content=\"https:\/\/medicinasinc.com\/no\/wp-content\/uploads\/sites\/14\/2022\/02\/Buy-mdma-crystals.jpg\" \/>\n\t<meta property=\"og:image:width\" content=\"600\" \/>\n\t<meta property=\"og:image:height\" content=\"600\" \/>\n\t<meta property=\"og:image:type\" content=\"image\/jpeg\" \/>\n<meta name=\"twitter:card\" content=\"summary_large_image\" \/>\n<meta name=\"twitter:label1\" content=\"Est. reading time\" \/>\n\t<meta name=\"twitter:data1\" content=\"2 minutt\" \/>\n<script type=\"application\/ld+json\" class=\"yoast-schema-graph\">{\"@context\":\"https:\\\/\\\/schema.org\",\"@graph\":[{\"@type\":\"WebPage\",\"@id\":\"https:\\\/\\\/medicinasinc.com\\\/no\\\/product\\\/kjop-mdma-krystaller\\\/\",\"url\":\"https:\\\/\\\/medicinasinc.com\\\/no\\\/product\\\/kjop-mdma-krystaller\\\/\",\"name\":\"Kj\u00f8p mdma krystaller - Mdma krystaller til salgs - Best Global Meds\",\"isPartOf\":{\"@id\":\"https:\\\/\\\/medicinasinc.com\\\/no\\\/#website\"},\"primaryImageOfPage\":{\"@id\":\"https:\\\/\\\/medicinasinc.com\\\/no\\\/product\\\/kjop-mdma-krystaller\\\/#primaryimage\"},\"image\":{\"@id\":\"https:\\\/\\\/medicinasinc.com\\\/no\\\/product\\\/kjop-mdma-krystaller\\\/#primaryimage\"},\"thumbnailUrl\":\"https:\\\/\\\/medicinasinc.com\\\/no\\\/wp-content\\\/uploads\\\/sites\\\/14\\\/2022\\\/02\\\/Buy-mdma-crystals.jpg\",\"datePublished\":\"2022-02-22T04:39:11+00:00\",\"dateModified\":\"2022-03-22T00:44:57+00:00\",\"description\":\"Kj\u00f8p mdma krystaller til salgs i Storbritannia, Europa. vi tilbyr den mest p\u00e5litelige transaksjonen og selger til sv\u00e6rt rimelige priser. Bestill 3,4-metylendioksymetamfetamin n\u00e5\",\"breadcrumb\":{\"@id\":\"https:\\\/\\\/medicinasinc.com\\\/no\\\/product\\\/kjop-mdma-krystaller\\\/#breadcrumb\"},\"inLanguage\":\"nn-NO\",\"potentialAction\":[{\"@type\":\"ReadAction\",\"target\":[\"https:\\\/\\\/medicinasinc.com\\\/no\\\/product\\\/kjop-mdma-krystaller\\\/\"]}]},{\"@type\":\"ImageObject\",\"inLanguage\":\"nn-NO\",\"@id\":\"https:\\\/\\\/medicinasinc.com\\\/no\\\/product\\\/kjop-mdma-krystaller\\\/#primaryimage\",\"url\":\"https:\\\/\\\/medicinasinc.com\\\/no\\\/wp-content\\\/uploads\\\/sites\\\/14\\\/2022\\\/02\\\/Buy-mdma-crystals.jpg\",\"contentUrl\":\"https:\\\/\\\/medicinasinc.com\\\/no\\\/wp-content\\\/uploads\\\/sites\\\/14\\\/2022\\\/02\\\/Buy-mdma-crystals.jpg\",\"width\":600,\"height\":600},{\"@type\":\"BreadcrumbList\",\"@id\":\"https:\\\/\\\/medicinasinc.com\\\/no\\\/product\\\/kjop-mdma-krystaller\\\/#breadcrumb\",\"itemListElement\":[{\"@type\":\"ListItem\",\"position\":1,\"name\":\"Butikk\",\"item\":\"https:\\\/\\\/medicinasinc.com\\\/no\\\/butikk\\\/\"},{\"@type\":\"ListItem\",\"position\":2,\"name\":\"Kj\u00f8p mdma krystaller\"}]},{\"@type\":\"WebSite\",\"@id\":\"https:\\\/\\\/medicinasinc.com\\\/no\\\/#website\",\"url\":\"https:\\\/\\\/medicinasinc.com\\\/no\\\/\",\"name\":\"Medicinas Inc\",\"description\":\"Helsemedisinsk klinikk\",\"potentialAction\":[{\"@type\":\"SearchAction\",\"target\":{\"@type\":\"EntryPoint\",\"urlTemplate\":\"https:\\\/\\\/medicinasinc.com\\\/no\\\/?s={search_term_string}\"},\"query-input\":{\"@type\":\"PropertyValueSpecification\",\"valueRequired\":true,\"valueName\":\"search_term_string\"}}],\"inLanguage\":\"nn-NO\"}]}<\/script>\n<!-- \/ Yoast SEO plugin. -->","yoast_head_json":{"title":"Kj\u00f8p mdma krystaller - Mdma krystaller til salgs - Best Global Meds","description":"Kj\u00f8p mdma krystaller til salgs i Storbritannia, Europa. vi tilbyr den mest p\u00e5litelige transaksjonen og selger til sv\u00e6rt rimelige priser. Bestill 3,4-metylendioksymetamfetamin n\u00e5","robots":{"index":"index","follow":"follow","max-snippet":"max-snippet:-1","max-image-preview":"max-image-preview:large","max-video-preview":"max-video-preview:-1"},"canonical":"https:\/\/medicinasinc.com\/no\/product\/kjop-mdma-krystaller\/","og_locale":"nn_NO","og_type":"article","og_title":"Kj\u00f8p mdma krystaller - Mdma krystaller til salgs - Best Global Meds","og_description":"Kj\u00f8p mdma krystaller til salgs i Storbritannia, Europa. vi tilbyr den mest p\u00e5litelige transaksjonen og selger til sv\u00e6rt rimelige priser. Bestill 3,4-metylendioksymetamfetamin n\u00e5","og_url":"https:\/\/medicinasinc.com\/no\/product\/kjop-mdma-krystaller\/","og_site_name":"Medicinas Inc","article_modified_time":"2022-03-22T00:44:57+00:00","og_image":[{"width":600,"height":600,"url":"https:\/\/medicinasinc.com\/no\/wp-content\/uploads\/sites\/14\/2022\/02\/Buy-mdma-crystals.jpg","type":"image\/jpeg"}],"twitter_card":"summary_large_image","twitter_misc":{"Est. reading time":"2 minutt"},"schema":{"@context":"https:\/\/schema.org","@graph":[{"@type":"WebPage","@id":"https:\/\/medicinasinc.com\/no\/product\/kjop-mdma-krystaller\/","url":"https:\/\/medicinasinc.com\/no\/product\/kjop-mdma-krystaller\/","name":"Kj\u00f8p mdma krystaller - Mdma krystaller til salgs - Best Global Meds","isPartOf":{"@id":"https:\/\/medicinasinc.com\/no\/#website"},"primaryImageOfPage":{"@id":"https:\/\/medicinasinc.com\/no\/product\/kjop-mdma-krystaller\/#primaryimage"},"image":{"@id":"https:\/\/medicinasinc.com\/no\/product\/kjop-mdma-krystaller\/#primaryimage"},"thumbnailUrl":"https:\/\/medicinasinc.com\/no\/wp-content\/uploads\/sites\/14\/2022\/02\/Buy-mdma-crystals.jpg","datePublished":"2022-02-22T04:39:11+00:00","dateModified":"2022-03-22T00:44:57+00:00","description":"Kj\u00f8p mdma krystaller til salgs i Storbritannia, Europa. vi tilbyr den mest p\u00e5litelige transaksjonen og selger til sv\u00e6rt rimelige priser. Bestill 3,4-metylendioksymetamfetamin n\u00e5","breadcrumb":{"@id":"https:\/\/medicinasinc.com\/no\/product\/kjop-mdma-krystaller\/#breadcrumb"},"inLanguage":"nn-NO","potentialAction":[{"@type":"ReadAction","target":["https:\/\/medicinasinc.com\/no\/product\/kjop-mdma-krystaller\/"]}]},{"@type":"ImageObject","inLanguage":"nn-NO","@id":"https:\/\/medicinasinc.com\/no\/product\/kjop-mdma-krystaller\/#primaryimage","url":"https:\/\/medicinasinc.com\/no\/wp-content\/uploads\/sites\/14\/2022\/02\/Buy-mdma-crystals.jpg","contentUrl":"https:\/\/medicinasinc.com\/no\/wp-content\/uploads\/sites\/14\/2022\/02\/Buy-mdma-crystals.jpg","width":600,"height":600},{"@type":"BreadcrumbList","@id":"https:\/\/medicinasinc.com\/no\/product\/kjop-mdma-krystaller\/#breadcrumb","itemListElement":[{"@type":"ListItem","position":1,"name":"Butikk","item":"https:\/\/medicinasinc.com\/no\/butikk\/"},{"@type":"ListItem","position":2,"name":"Kj\u00f8p mdma krystaller"}]},{"@type":"WebSite","@id":"https:\/\/medicinasinc.com\/no\/#website","url":"https:\/\/medicinasinc.com\/no\/","name":"Medicinas Inc","description":"Helsemedisinsk klinikk","potentialAction":[{"@type":"SearchAction","target":{"@type":"EntryPoint","urlTemplate":"https:\/\/medicinasinc.com\/no\/?s={search_term_string}"},"query-input":{"@type":"PropertyValueSpecification","valueRequired":true,"valueName":"search_term_string"}}],"inLanguage":"nn-NO"}]}},"_links":{"self":[{"href":"https:\/\/medicinasinc.com\/no\/wp-json\/wp\/v2\/product\/5710","targetHints":{"allow":["GET"]}}],"collection":[{"href":"https:\/\/medicinasinc.com\/no\/wp-json\/wp\/v2\/product"}],"about":[{"href":"https:\/\/medicinasinc.com\/no\/wp-json\/wp\/v2\/types\/product"}],"replies":[{"embeddable":true,"href":"https:\/\/medicinasinc.com\/no\/wp-json\/wp\/v2\/comments?post=5710"}],"wp:featuredmedia":[{"embeddable":true,"href":"https:\/\/medicinasinc.com\/no\/wp-json\/wp\/v2\/media\/5720"}],"wp:attachment":[{"href":"https:\/\/medicinasinc.com\/no\/wp-json\/wp\/v2\/media?parent=5710"}],"wp:term":[{"taxonomy":"product_brand","embeddable":true,"href":"https:\/\/medicinasinc.com\/no\/wp-json\/wp\/v2\/product_brand?post=5710"},{"taxonomy":"product_cat","embeddable":true,"href":"https:\/\/medicinasinc.com\/no\/wp-json\/wp\/v2\/product_cat?post=5710"},{"taxonomy":"product_tag","embeddable":true,"href":"https:\/\/medicinasinc.com\/no\/wp-json\/wp\/v2\/product_tag?post=5710"}],"curies":[{"name":"wp","href":"https:\/\/api.w.org\/{rel}","templated":true}]}}