{"id":5703,"date":"2022-02-22T04:29:46","date_gmt":"2022-02-22T04:29:46","guid":{"rendered":"https:\/\/medicinasinc.com\/no\/?post_type=product&#038;p=5703"},"modified":"2022-03-22T00:45:10","modified_gmt":"2022-03-22T00:45:10","slug":"kjop-dimetyltryptamin-dmt","status":"publish","type":"product","link":"https:\/\/medicinasinc.com\/no\/product\/kjop-dimetyltryptamin-dmt\/","title":{"rendered":"Kj\u00f8p Dimethyltryptamine DMT"},"content":{"rendered":"<p>Det er mange steder \u00e5 kj\u00f8pe DMT Powder p\u00e5 nettet.<\/p>\n<p>DMT har eksistert lenge. Stoffet har blitt brukt mye opp gjennom \u00e5rene til mye forskjellig inntil det ble sett p\u00e5 av myndighetene som et stoff som kan v\u00e6re farlig hvis det tas til det ekstreme. Du kan kanskje ikke kj\u00f8pe DMT-pulver p\u00e5 nettet hvis du ikke vet hvordan du gj\u00f8r det. Endelig har det harde arbeidet ditt l\u00f8nnet seg og du har de resultatene du \u00f8nsker. Bestglobalmeds er en nettside hvor du kan kj\u00f8pe DMT p\u00e5 nett til en god pris. Den har h\u00f8ykvalitets og ren DMT.<\/p>\n<p>Et svar p\u00e5 sp\u00f8rsm\u00e5let &laquo;Hva er DMT-pulver?&raquo;<\/p>\n<p>DMT (N, N-dimetyltryptamin) er et naturlig psykedelisk tryptamin som kan finnes i planter, dyr og mennesker. Det er en del av gruppen av psykedeliske stoffer (stoffer som gj\u00f8r deg mer bevisst). DMT-blandinger laget av Changa er ogs\u00e5 laget p\u00e5 denne m\u00e5ten. De kan gj\u00f8res til en pulverform, eller de kan gj\u00f8res til en pulverform.<\/p>\n<p>Det er et naturlig forekommende stoff som kan finnes i sm\u00e5 mengder i menneskehjernen, hvor funksjonen er ukjent. DMT er kjent for sin kraft. Hvis du r\u00f8yker det, varer den psykedeliske turen den gj\u00f8r i bare 5 til 30 minutter, men effekten den har er kraftig og langsiktig. F\u00f8ler at han eller hun har blitt sendt til et helt annet sted, med lyder og bilder som f\u00e5r deg til \u00e5 tenke p\u00e5 kaled\u043e\u0441\u043e\u0440iske ting,<\/p>\n<p>Ayahuasca-brygger, som er laget med DMT-holdig trebark og andre planter som inneholder et kjemikalie som kalles en MAO-hemmer (monoaminoksidasehemmer, for de virkelig syke). MAOI gj\u00f8r at DMT varer mye lenger i kroppene v\u00e5re og utvider den psykiatriske opplevelsen i timevis. DMT har blitt brukt i tradisjonelle medisiner i lang tid.<\/p>\n<p>I de siste \u00e5rene har dette brygget blitt mer popul\u00e6rt p\u00e5 grunn av dets helbredende egenskaper, blant annet som behandling for rusmisbruk. Sammenlignet med den &laquo;harde patriarken&raquo; til Sbog\u00e1ne, har den &laquo;kj\u00e6rlige matriarken&raquo; til Ayahuasca-helbredelsen blitt kalt den &laquo;kj\u00e6rlige matriarken.&raquo; Det hjelper folk \u00e5 bryte ned forsvarsmekanismene de kan ha bygget opp som hindrer dem i \u00e5 komme i kontakt med andre.<\/p>\n<p>Vet du hvordan DMT ser ut?<br \/> Beskriv hvordan DMT ser ut.<br \/> N\u00c5R det er rent, ser det ut som et hvitt krystallisert pulver eller noe annet.<br \/> Ogs\u00e5, n\u00e5r det ikke er rent, ser det ut som et gult, oransje eller rosa pulver eller v\u00e6ske. Dette er mer vanlig, men det er ikke den eneste m\u00e5ten \u00e5 se det p\u00e5.<br \/> En brunlig\/r\u00f8d urteblanding, n\u00e5r den blandes med urter, gj\u00f8r en drink kalt ayahuasca Brunaktig\/r\u00f8d brennevin n\u00e5r den er en del av en ayahuasca drikke.<br \/> DMT smaker og lukter som hva.<\/p>\n<p>N, N-dimetyltr\u0443ptamin har en veldig sterk lukt og smak som mange mennesker, inkludert v\u00e5re kunder, har sammenlignet med brent plast og nye sko.<\/p>\n<p>Hvordan brukes DMT?<\/p>\n<p>N\u00e5r du kj\u00f8per DMT p\u00e5 nett, husk at det kan brukes p\u00e5 tre hovedm\u00e5ter: Smaks, endret og sv\u00f8pt.<\/p>\n<p>DMT er r\u00f8kt.<\/p>\n<p>Folk blander noen ganger DMT med urter, som ayahuasca, for \u00e5 lage en drink som heter ch\u00e1nga. Dette er fordi DMT er farlig og kan v\u00e6re farlig \u00e5 r\u00f8yke. Hver batch med ch\u0430nga er forskjellig basert p\u00e5 hvilke urter som brukes, s\u00e5 styrken til hver batch varierer.<\/p>\n<p>Folk er fulle av DMT<\/p>\n<p>Ch\u00e1cruna er en s\u00f8ramerikansk urt som har DMT i den. Noen ganger blandes det med \u0430y\u0430huas\u0441\u0430-planten for \u00e5 lage det sjamanistiske brygget, \u0430y\u0430huas\u0441\u0430.<\/p>\n<p>\u00c5 gi DMT til noen<\/p>\n<p>DMT kan gj\u00f8res klar til \u00e5 bli injisert, og dette kan v\u00e6re sv\u00e6rt farlig ogs\u00e5.<\/p>\n<p>DMTs sn\u00f8ft<\/p>\n<p>For \u00e5 f\u00e5 DMT kan du knuse det til pulver og sn\u00f8fte det.<\/p>\n<p>D\u043e\u0455\u0430g\u0435<\/p>\n<p>DMT: R\u00f8kte 15-60 mg (bare i en glasspipe), snuste 20-50 mg og drakk 30 til 150 mg.<\/p>\n<p>Changa: Alt avhenger av hvor mye DMT som er i aksjen.<\/p>\n<p>S\u00e5 lenge det er nok DMT i blandingen.<\/p>\n<p>Hva vil skje hvis du tar DMT?<br \/> Hva synes du om det?<\/p>\n<p> DMT er kjent for \u00e5 gi folk som tar det en veldig intens &laquo;trp&raquo;, som er navnet som er gitt til opplevelsen av \u00e5 ta psykedelika.<\/p>\n<p>N\u00e5r du tar DMT, ser verden veldig annerledes ut. Farger, lyder, objekter og til og med tid kan alt virker veldig annerledes. Noen mennesker har ut-av-kroppen opplevelser mens de tar DMT.<\/p>\n<p>Det kan f\u00e5 deg til:<\/p>\n<p>se og h\u00f8re ting som ikke er der (h\u0430llu\u0441n\u0430t\u0435), noe som kan v\u00e6re bra eller d\u00e5rlig opplevelse. F\u00f8ler at tid og bevegelse \u00f8ker eller bremser. Dette kalles &laquo;visuelt.&raquo;<br \/> Hvordan oppf\u00f8rer folk seg?<\/p>\n<p>Folk kan handle p\u00e5 m\u00e5ter de ikke forventer n\u00e5r de er h\u00f8ye p\u00e5 DMT, akkurat som med alle hallusinogene stoffer.<\/p>\n<p>Flere brukere sier at de f\u00f8ler at de g\u00e5r gjennom en n\u00e6r d\u00f8den-opplevelse, og som et resultat blir de veldig stille og ser innover som et resultat.<\/p>\n<p>Noen sier at de kan ikke bevege seg mens de er p\u00e5 DMT.<\/p>\n<p>N\u00e5r begynner DMT \u00e5 ha en effekt p\u00e5 deg?<\/p>\n<p>Det kommer helt an p\u00e5 hvor mye du har tatt, hvor stor du er , om du har spist, og hvilke andre rusmidler du har tatt.<\/p>\n<p>Dette ordet er ogs\u00e5 kjent som &laquo;k\u0441k.&raquo;<\/p>\n<p>N\u00e5r du r\u00f8yker, kommer DMT inn veldig raskt. Effekten kan ta lang tid \u00e5 vise seg n\u00e5r den er en del av en ayahuasca-seremoni.<\/p>\n<p>Hvor lenge varte den?<\/p>\n<p>Du kan bli veldig spent n\u00e5r du g\u00e5r p\u00e5 en DMT tur, men de varer ogs\u00e5 veldig raskt, noen ganger i bare minutter. Som en del av en ayahuasca-seremoni kan en DMT-tur vare i flere timer, men den kan ogs\u00e5 v\u00e6re veldig kort.<\/p>\n<p>P\u00e5 grunn av disse \u00e5rsakene ble DMT kjent som &laquo;bun\u00e8s-turen&raquo; p\u00e5 1960-tallet i Forente stater. En bruker kunne f\u00e5 den fulle dybden og spekteret av en opplevelse med dette stoffet, som var raskere enn med andre stoffer, som LSD eller magiske sopp.<\/p>\n<p>Hva har DMT?<br \/> Slik har fysisk helse fungerer:<\/p>\n<p>Mange mennesker i S\u00f8r-Amerika drikker eller spiser drikke eller mat som har DMT i seg som en del av livsstilen deres. Det mest kjente eksemplet er ayahuasca-seremonier.<\/p>\n<p>Det er noen mennesker som tror DMT er et \u00e5ndelig stoff som ogs\u00e5 er trygt, men det er fortsatt et kjemisk hallusinogener.<\/p>\n<p>Det kan:<\/p>\n<p> p&gt; <\/p>\n<p>Det er p\u00e5 tide \u00e5 sjekke blodtrykket.<br \/> hvis du allerede har en hjertesykdom, kan en \u00f8kning i hjertefrekvensen gj\u00f8re deg syk og f\u00e5 deg til \u00e5 \u00f8nske \u00e5 reise. Dette er fordi kroppen din f\u00e5r mye gift.<\/p>\n<p>Hvis du tar DMT, kan det ha mange forskjellige, og noen ganger veldig skremmende, effekter. Disse effektene er kanskje ikke engang i hodet til en person.<\/p>\n<p>Det kan v\u00e6re veldig forvirrende og skummelt hvis en person kommer inn.<\/p>\n<p>Det kan hjelpe deg: hvis du tar et stoff som DMT .<\/p>\n<p>Flashbacks skjer n\u00e5r en del av en tur gjenoppleves etter den opprinnelige.<br \/> Hold et \u00f8ye med noen som har hatt psykiske problemer tidligere. Det kan skape problemer for noen som ikke visste at de var i faresonen for psykiske problemer.<br \/> Hvis turen g\u00e5r d\u00e5rlig, kan brukeren skade seg selv. S\u00e5 hvis du er i d\u00e5rlig eller engstelig hum\u00f8r, vil du kanskje ikke ta DMT.<br \/> F\u00f8re til ubehagelige og f\u00f8lelsesmessige effekter som kan vare i flere dager etter at du har tatt stoffet. Disse effektene kan v\u00e6re ubehagelige eller f\u00f8lelsesmessige.<\/p>\n<div class=\"product-next-previous\">\n<div class=\"product-prev\"><\/div><\/div>\n","protected":false},"excerpt":{"rendered":"<p>Kj\u00f8p Dimethyltryptamine DMT for salg i Storbritannia, Europa, AU. vi tilbyr den mest p\u00e5litelige transaksjonen og selger til sv\u00e6rt rimelige priser. Bestill DMT n\u00e5 til de beste prisene. V\u00e5r Dimethyltryptamine er en av de beste fra den mest p\u00e5litelige leverand\u00f8ren, kontakt n\u00e5 for \u00e5 bestille din rene kvalitet Dimethyltryptamine DMT til salgs<\/p>\n<p><em>Dmt<\/em>\u00a0er et kraftig hallusinogent stoff som finnes i flere planter som kan r\u00f8ykes, sn\u00f8res eller blandes med ayahuasca. Bestill\u00a0<em>DMT<\/em>\u00a0online.<\/p>\n","protected":false},"featured_media":5713,"comment_status":"open","ping_status":"closed","template":"","meta":[],"product_brand":[],"product_cat":[2014,703],"product_tag":[3615,3640,3641,3623,3619,3620,3621,3622,3626,3627,3628,3630,3624,3632,3631,3629,3637,3633,3295,3636,3639,3638,3635,3634,3643,3625,3616,3617,3618,3642],"class_list":{"0":"post-5703","1":"product","2":"type-product","3":"status-publish","4":"has-post-thumbnail","6":"product_cat-kjpe-forskning-kjemikalier","7":"product_cat-kjpe-psykedeliske-narkotika","8":"product_tag-best-place-to-buy-dimethyltryptamine","9":"product_tag-ordre-dimetyltryptamin","10":"product_tag-ordre-dmt","11":"product_tag-billig-psykisk-stoff","12":"product_tag-bu-dmt","13":"product_tag-bu-psycheclic-drug","14":"product_tag-bu-pur-dmthltrtmn-dmt-onln","15":"product_tag-bu-hl-drug-nln","16":"product_tag-dimetyltryptamin-dosering-for-gravide-kvinner","17":"product_tag-dimethyltryptamine-effect","18":"product_tag-dimethyltryptamine-for-sale","19":"product_tag-dimethyltryptamine-purchase","20":"product_tag-dimetyltryptamin","21":"product_tag-dimetyltryptamin-anmeldelse","22":"product_tag-dimetyltryptamin-reddit","23":"product_tag-dimetyltryptamin-rekkeflge","24":"product_tag-dmt-anmeldelse","25":"product_tag-dmt-kjp","26":"product_tag-dmt-order","27":"product_tag-dmt-reddit","28":"product_tag-dmt-sales","29":"product_tag-dmt-salg","30":"product_tag-dmt-til-salg","31":"product_tag-dmt-effekt","32":"product_tag-hva-er-dmt-pulver","33":"product_tag-dimetyltryptamin-kj-c3-b8p","34":"product_tag-kj-c3-b8p-dimetyltryptamin","35":"product_tag-kjp-dmt","36":"product_tag-kjp-ren-dmt","37":"product_tag-ren-dmt-til-salg","39":"first","40":"instock","41":"shipping-taxable","42":"purchasable","43":"product-type-variable","44":"has-default-attributes"},"yoast_head":"<!-- This site is optimized with the Yoast SEO plugin v27.3 - https:\/\/yoast.com\/product\/yoast-seo-wordpress\/ -->\n<title>Kj\u00f8p Dimethyltryptamine DMT - Dmt Til salgs - Best Global Meds<\/title>\n<meta name=\"description\" content=\"Kj\u00f8p Dimethyltryptamine DMT til salgs i Storbritannia, Europa, AU. vi tilbyr den mest p\u00e5litelige transaksjonen og selger til sv\u00e6rt rimelige priser. Bestill DMT n\u00e5 til de beste prisene\" \/>\n<meta name=\"robots\" content=\"index, follow, max-snippet:-1, max-image-preview:large, max-video-preview:-1\" \/>\n<link rel=\"canonical\" href=\"https:\/\/medicinasinc.com\/no\/product\/kjop-dimetyltryptamin-dmt\/\" \/>\n<meta property=\"og:locale\" content=\"nn_NO\" \/>\n<meta property=\"og:type\" content=\"article\" \/>\n<meta property=\"og:title\" content=\"Kj\u00f8p Dimethyltryptamine DMT - Dmt Til salgs - Best Global Meds\" \/>\n<meta property=\"og:description\" content=\"Kj\u00f8p Dimethyltryptamine DMT til salgs i Storbritannia, Europa, AU. vi tilbyr den mest p\u00e5litelige transaksjonen og selger til sv\u00e6rt rimelige priser. Bestill DMT n\u00e5 til de beste prisene\" \/>\n<meta property=\"og:url\" content=\"https:\/\/medicinasinc.com\/no\/product\/kjop-dimetyltryptamin-dmt\/\" \/>\n<meta property=\"og:site_name\" content=\"Medicinas Inc\" \/>\n<meta property=\"article:modified_time\" content=\"2022-03-22T00:45:10+00:00\" \/>\n<meta property=\"og:image\" content=\"https:\/\/medicinasinc.com\/no\/wp-content\/uploads\/sites\/14\/2022\/02\/DMT-for-Sale.jpg\" \/>\n\t<meta property=\"og:image:width\" content=\"500\" \/>\n\t<meta property=\"og:image:height\" content=\"500\" \/>\n\t<meta property=\"og:image:type\" content=\"image\/jpeg\" \/>\n<meta name=\"twitter:card\" content=\"summary_large_image\" \/>\n<meta name=\"twitter:label1\" content=\"Est. reading time\" \/>\n\t<meta name=\"twitter:data1\" content=\"6 minutt\" \/>\n<script type=\"application\/ld+json\" class=\"yoast-schema-graph\">{\"@context\":\"https:\\\/\\\/schema.org\",\"@graph\":[{\"@type\":\"WebPage\",\"@id\":\"https:\\\/\\\/medicinasinc.com\\\/no\\\/product\\\/kjop-dimetyltryptamin-dmt\\\/\",\"url\":\"https:\\\/\\\/medicinasinc.com\\\/no\\\/product\\\/kjop-dimetyltryptamin-dmt\\\/\",\"name\":\"Kj\u00f8p Dimethyltryptamine DMT - Dmt Til salgs - Best Global Meds\",\"isPartOf\":{\"@id\":\"https:\\\/\\\/medicinasinc.com\\\/no\\\/#website\"},\"primaryImageOfPage\":{\"@id\":\"https:\\\/\\\/medicinasinc.com\\\/no\\\/product\\\/kjop-dimetyltryptamin-dmt\\\/#primaryimage\"},\"image\":{\"@id\":\"https:\\\/\\\/medicinasinc.com\\\/no\\\/product\\\/kjop-dimetyltryptamin-dmt\\\/#primaryimage\"},\"thumbnailUrl\":\"https:\\\/\\\/medicinasinc.com\\\/no\\\/wp-content\\\/uploads\\\/sites\\\/14\\\/2022\\\/02\\\/DMT-for-Sale.jpg\",\"datePublished\":\"2022-02-22T04:29:46+00:00\",\"dateModified\":\"2022-03-22T00:45:10+00:00\",\"description\":\"Kj\u00f8p Dimethyltryptamine DMT til salgs i Storbritannia, Europa, AU. vi tilbyr den mest p\u00e5litelige transaksjonen og selger til sv\u00e6rt rimelige priser. Bestill DMT n\u00e5 til de beste prisene\",\"breadcrumb\":{\"@id\":\"https:\\\/\\\/medicinasinc.com\\\/no\\\/product\\\/kjop-dimetyltryptamin-dmt\\\/#breadcrumb\"},\"inLanguage\":\"nn-NO\",\"potentialAction\":[{\"@type\":\"ReadAction\",\"target\":[\"https:\\\/\\\/medicinasinc.com\\\/no\\\/product\\\/kjop-dimetyltryptamin-dmt\\\/\"]}]},{\"@type\":\"ImageObject\",\"inLanguage\":\"nn-NO\",\"@id\":\"https:\\\/\\\/medicinasinc.com\\\/no\\\/product\\\/kjop-dimetyltryptamin-dmt\\\/#primaryimage\",\"url\":\"https:\\\/\\\/medicinasinc.com\\\/no\\\/wp-content\\\/uploads\\\/sites\\\/14\\\/2022\\\/02\\\/DMT-for-Sale.jpg\",\"contentUrl\":\"https:\\\/\\\/medicinasinc.com\\\/no\\\/wp-content\\\/uploads\\\/sites\\\/14\\\/2022\\\/02\\\/DMT-for-Sale.jpg\",\"width\":500,\"height\":500},{\"@type\":\"BreadcrumbList\",\"@id\":\"https:\\\/\\\/medicinasinc.com\\\/no\\\/product\\\/kjop-dimetyltryptamin-dmt\\\/#breadcrumb\",\"itemListElement\":[{\"@type\":\"ListItem\",\"position\":1,\"name\":\"Butikk\",\"item\":\"https:\\\/\\\/medicinasinc.com\\\/no\\\/butikk\\\/\"},{\"@type\":\"ListItem\",\"position\":2,\"name\":\"Kj\u00f8p Dimethyltryptamine DMT\"}]},{\"@type\":\"WebSite\",\"@id\":\"https:\\\/\\\/medicinasinc.com\\\/no\\\/#website\",\"url\":\"https:\\\/\\\/medicinasinc.com\\\/no\\\/\",\"name\":\"Medicinas Inc\",\"description\":\"Helsemedisinsk klinikk\",\"potentialAction\":[{\"@type\":\"SearchAction\",\"target\":{\"@type\":\"EntryPoint\",\"urlTemplate\":\"https:\\\/\\\/medicinasinc.com\\\/no\\\/?s={search_term_string}\"},\"query-input\":{\"@type\":\"PropertyValueSpecification\",\"valueRequired\":true,\"valueName\":\"search_term_string\"}}],\"inLanguage\":\"nn-NO\"}]}<\/script>\n<!-- \/ Yoast SEO plugin. -->","yoast_head_json":{"title":"Kj\u00f8p Dimethyltryptamine DMT - Dmt Til salgs - Best Global Meds","description":"Kj\u00f8p Dimethyltryptamine DMT til salgs i Storbritannia, Europa, AU. vi tilbyr den mest p\u00e5litelige transaksjonen og selger til sv\u00e6rt rimelige priser. Bestill DMT n\u00e5 til de beste prisene","robots":{"index":"index","follow":"follow","max-snippet":"max-snippet:-1","max-image-preview":"max-image-preview:large","max-video-preview":"max-video-preview:-1"},"canonical":"https:\/\/medicinasinc.com\/no\/product\/kjop-dimetyltryptamin-dmt\/","og_locale":"nn_NO","og_type":"article","og_title":"Kj\u00f8p Dimethyltryptamine DMT - Dmt Til salgs - Best Global Meds","og_description":"Kj\u00f8p Dimethyltryptamine DMT til salgs i Storbritannia, Europa, AU. vi tilbyr den mest p\u00e5litelige transaksjonen og selger til sv\u00e6rt rimelige priser. Bestill DMT n\u00e5 til de beste prisene","og_url":"https:\/\/medicinasinc.com\/no\/product\/kjop-dimetyltryptamin-dmt\/","og_site_name":"Medicinas Inc","article_modified_time":"2022-03-22T00:45:10+00:00","og_image":[{"width":500,"height":500,"url":"https:\/\/medicinasinc.com\/no\/wp-content\/uploads\/sites\/14\/2022\/02\/DMT-for-Sale.jpg","type":"image\/jpeg"}],"twitter_card":"summary_large_image","twitter_misc":{"Est. reading time":"6 minutt"},"schema":{"@context":"https:\/\/schema.org","@graph":[{"@type":"WebPage","@id":"https:\/\/medicinasinc.com\/no\/product\/kjop-dimetyltryptamin-dmt\/","url":"https:\/\/medicinasinc.com\/no\/product\/kjop-dimetyltryptamin-dmt\/","name":"Kj\u00f8p Dimethyltryptamine DMT - Dmt Til salgs - Best Global Meds","isPartOf":{"@id":"https:\/\/medicinasinc.com\/no\/#website"},"primaryImageOfPage":{"@id":"https:\/\/medicinasinc.com\/no\/product\/kjop-dimetyltryptamin-dmt\/#primaryimage"},"image":{"@id":"https:\/\/medicinasinc.com\/no\/product\/kjop-dimetyltryptamin-dmt\/#primaryimage"},"thumbnailUrl":"https:\/\/medicinasinc.com\/no\/wp-content\/uploads\/sites\/14\/2022\/02\/DMT-for-Sale.jpg","datePublished":"2022-02-22T04:29:46+00:00","dateModified":"2022-03-22T00:45:10+00:00","description":"Kj\u00f8p Dimethyltryptamine DMT til salgs i Storbritannia, Europa, AU. vi tilbyr den mest p\u00e5litelige transaksjonen og selger til sv\u00e6rt rimelige priser. Bestill DMT n\u00e5 til de beste prisene","breadcrumb":{"@id":"https:\/\/medicinasinc.com\/no\/product\/kjop-dimetyltryptamin-dmt\/#breadcrumb"},"inLanguage":"nn-NO","potentialAction":[{"@type":"ReadAction","target":["https:\/\/medicinasinc.com\/no\/product\/kjop-dimetyltryptamin-dmt\/"]}]},{"@type":"ImageObject","inLanguage":"nn-NO","@id":"https:\/\/medicinasinc.com\/no\/product\/kjop-dimetyltryptamin-dmt\/#primaryimage","url":"https:\/\/medicinasinc.com\/no\/wp-content\/uploads\/sites\/14\/2022\/02\/DMT-for-Sale.jpg","contentUrl":"https:\/\/medicinasinc.com\/no\/wp-content\/uploads\/sites\/14\/2022\/02\/DMT-for-Sale.jpg","width":500,"height":500},{"@type":"BreadcrumbList","@id":"https:\/\/medicinasinc.com\/no\/product\/kjop-dimetyltryptamin-dmt\/#breadcrumb","itemListElement":[{"@type":"ListItem","position":1,"name":"Butikk","item":"https:\/\/medicinasinc.com\/no\/butikk\/"},{"@type":"ListItem","position":2,"name":"Kj\u00f8p Dimethyltryptamine DMT"}]},{"@type":"WebSite","@id":"https:\/\/medicinasinc.com\/no\/#website","url":"https:\/\/medicinasinc.com\/no\/","name":"Medicinas Inc","description":"Helsemedisinsk klinikk","potentialAction":[{"@type":"SearchAction","target":{"@type":"EntryPoint","urlTemplate":"https:\/\/medicinasinc.com\/no\/?s={search_term_string}"},"query-input":{"@type":"PropertyValueSpecification","valueRequired":true,"valueName":"search_term_string"}}],"inLanguage":"nn-NO"}]}},"_links":{"self":[{"href":"https:\/\/medicinasinc.com\/no\/wp-json\/wp\/v2\/product\/5703","targetHints":{"allow":["GET"]}}],"collection":[{"href":"https:\/\/medicinasinc.com\/no\/wp-json\/wp\/v2\/product"}],"about":[{"href":"https:\/\/medicinasinc.com\/no\/wp-json\/wp\/v2\/types\/product"}],"replies":[{"embeddable":true,"href":"https:\/\/medicinasinc.com\/no\/wp-json\/wp\/v2\/comments?post=5703"}],"wp:featuredmedia":[{"embeddable":true,"href":"https:\/\/medicinasinc.com\/no\/wp-json\/wp\/v2\/media\/5713"}],"wp:attachment":[{"href":"https:\/\/medicinasinc.com\/no\/wp-json\/wp\/v2\/media?parent=5703"}],"wp:term":[{"taxonomy":"product_brand","embeddable":true,"href":"https:\/\/medicinasinc.com\/no\/wp-json\/wp\/v2\/product_brand?post=5703"},{"taxonomy":"product_cat","embeddable":true,"href":"https:\/\/medicinasinc.com\/no\/wp-json\/wp\/v2\/product_cat?post=5703"},{"taxonomy":"product_tag","embeddable":true,"href":"https:\/\/medicinasinc.com\/no\/wp-json\/wp\/v2\/product_tag?post=5703"}],"curies":[{"name":"wp","href":"https:\/\/api.w.org\/{rel}","templated":true}]}}