{"id":5696,"date":"2022-02-22T04:23:00","date_gmt":"2022-02-22T04:23:00","guid":{"rendered":"https:\/\/medicinasinc.com\/no\/?post_type=product&#038;p=5696"},"modified":"2022-03-22T00:45:24","modified_gmt":"2022-03-22T00:45:24","slug":"kjope-efenidin-pulver","status":"publish","type":"product","link":"https:\/\/medicinasinc.com\/no\/product\/kjope-efenidin-pulver\/","title":{"rendered":"Kj\u00f8p efenidinpulver"},"content":{"rendered":"<p>Ephenidine Powder: Kj\u00f8p efenidin i Storbritannia, Europa, Asia, USA, Australia, Kina og resten av verden fra efenidinpulver.<\/p>\n<p>Europeisk efenidin til salgs, leverand\u00f8r av efenidin, for salg. Grossister av Efenidin kan sende det til Europa.<\/p>\n<p>Efenidin, som ogs\u00e5 er kjent som NEDPA og EPE, er et dissosiativt bed\u00f8velsesmiddel som er en del av klassen diaryletylamin medikamenter. Fysisk ligner efenidin p\u00e5 diaryletylaminer som difenidin og metoksfenidin, som ogs\u00e5 kalles efenidin. Sedasjon, hallusinasjoner, anestesi og ut-av-kroppstilstander, kalt &laquo;dissosiativ anestesi,&raquo; er noen av bivirkningene.<\/p>\n<p>Detaljert informasjon om dette elementet:<\/p>\n<p>Nederlandsk, litauisk , og amerikansk<br \/> Navnet er Efenidinpulver.<br \/> EPE er IUPAC-navnet for N-Ethyl-1,2-diphenylethylamine.<br \/> CAS-nummer: 60951-19-1<br \/> C16H19N er MF.<br \/> Mer enn 99,5 prosent<br \/> Slik ser det ut:<br \/> Aluminiumsfoliepose eller plastpose: Slik pakker du:<\/p>\n<p>Betalingsvilk\u00e5rene:<\/p>\n<p>Minste bestillingsbel\u00f8p: Sp\u00f8r om betalingsbetingelser: Bitcoin, Money Gram, Bankoverf\u00f8rsel og s\u00e5 videre.<\/p>\n<p>Regler for levering og frakt:<\/p>\n<p>1. Vi sender varene ut innen 1 dag etter at du har betalt.<br \/> 2: Vi sender varene med UPS, DHL, TNT eller FEDEX. Vi velger den beste kureren for hvert land og finner den sikreste m\u00e5ten \u00e5 f\u00e5 varene til deg p\u00e5.<br \/> Det tar omtrent tre til fem dager \u00e5 f\u00e5 post fra EMS. DHL, UPS og FedEx tar 4\u20135 dager.<br \/> 4. Toll i land som Russland, Australia og Canada er veldig strenge, men vi kan s\u00f8rge for at vi leverer 100 % av tiden.<br \/> 5. Som regel skal du f\u00e5 varene innen 4-5 dager. Hvis varene gikk tapt eller ikke kom frem av andre \u00e5rsaker, sender vi dem igjen.<\/p>\n<p>Prisen: Sp\u00f8r.<\/p>\n<p>Merk:<\/p>\n<p> Vi har mange faste kunder over hele verden, og vi h\u00e5per \u00e5 samarbeide med deg i lang tid. For mer informasjon, ikke n\u00f8l med \u00e5 ta kontakt med oss. Vi vil gj\u00f8re v\u00e5rt beste for \u00e5 m\u00f8te dine behov. Takk!<\/p>\n","protected":false},"excerpt":{"rendered":"<div class=\"woocommerce-product-details__short-description\">\n<p>Bestglobalmeds.com har h\u00f8yrent efenidinpulver til salgs i Storbritannia, Europa og Australia, og vi kan sende det til deg hvor som helst i verden. Det er her du kan kj\u00f8pe det beste efenidinpulveret \u00e5 bestille.<\/p>\n<p>Handle etter efenidinpulver p\u00e5 nett og f\u00e5 det til en god pris. Et stoff som heter efedrin er et dissosiativt bed\u00f8velsesmiddel. Det blokkerer ogs\u00e5 NMDA-reseptoren, noe som gj\u00f8r det mindre sannsynlig at stoffet vil virke.<\/p>\n<p>Kj\u00f8p rent, h\u00f8ykvalitets efenidinpulver p\u00e5 nett med Bitcoin \u2013 Dette kan du gj\u00f8re.<\/p>\n<p>Shop for lovlige stoffer p\u00e5 nettet, kj\u00f8p forskningskjemikalier, r\u00e5 farmas\u00f8ytiske pulver og mer i en butikk.<\/p>\n<p>Efenidinpulver, farmas\u00f8ytiske mellomprodukter og r\u00e5pulver selges av dette selskapet.<\/p>\n<p>Det er Efenidin piller til salgs. Kina\u00a0Ephenidine-leverand\u00f8r. Engros\u00a0Ephenidin\u00a0eksport\u00f8r<\/p>\n<p><em>Kj\u00f8p Efenidin Powder<\/em> engros online i bulk n\u00e5. Efenidin er et dissosiativt anestesimiddel og fungerer som en antagonist for NMDA.<\/p>\n<p>&nbsp;<\/p>\n<\/p><\/div>\n","protected":false},"featured_media":5707,"comment_status":"open","ping_status":"closed","template":"","meta":[],"product_brand":[],"product_cat":[2014],"product_tag":[3591,3598,3611,3612,3592,3593,3594,3595,3596,3597,3599,3603,3608,3605,3600,3606,3604,3602,3607,3614,3601,3613,3609,3610],"class_list":{"0":"post-5696","1":"product","2":"type-product","3":"status-publish","4":"has-post-thumbnail","6":"product_cat-kjpe-forskning-kjemikalier","7":"product_tag-anesthetic","8":"product_tag-begrep","9":"product_tag-ordre-efenidin-pulver","10":"product_tag-bestille-efenidin-pulver-p-nettet","11":"product_tag-buy-ephenidine-powder","12":"product_tag-buy-ephenidine-powder-europe","13":"product_tag-buy-ephenidine-powder-online","14":"product_tag-diaryletylamin","15":"product_tag-dissosiativ","16":"product_tag-dissosiativ-anestesimiddel","17":"product_tag-efenidin","18":"product_tag-efenidin-pulver-effekt","19":"product_tag-efenidin-pulver-engros","20":"product_tag-efenidin-pulver-rekkeflge","21":"product_tag-efenidin-pulver-bulk","22":"product_tag-efenidin-pulver-reddit","23":"product_tag-efenidin-pulver-til-salg","24":"product_tag-ephenidine-powder-china","25":"product_tag-efenidin-pulver-leverandr","26":"product_tag-hva-er-efenidin-pulver","27":"product_tag-efenidin-pulver-kjp","28":"product_tag-rent-efenidin-pulver","29":"product_tag-mdma-pulver-kjp","30":"product_tag-nedpa","32":"first","33":"instock","34":"featured","35":"shipping-taxable","36":"purchasable","37":"product-type-variable","38":"has-default-attributes"},"yoast_head":"<!-- This site is optimized with the Yoast SEO plugin v27.3 - https:\/\/yoast.com\/product\/yoast-seo-wordpress\/ -->\n<title>Kj\u00f8p efenidinpulver - efenidinpulver p\u00e5 nett - beste globale medisiner<\/title>\n<meta name=\"description\" content=\"Kj\u00f8p h\u00f8yrent efenidinpulver til salgs i Storbritannia, Europa, AU i v\u00e5r nettbutikk p\u00e5 Bestglobalmeds.com med rask levering over hele verden! Det beste efenidinpulveret for bestilling finner du her!\" \/>\n<meta name=\"robots\" content=\"index, follow, max-snippet:-1, max-image-preview:large, max-video-preview:-1\" \/>\n<link rel=\"canonical\" href=\"https:\/\/medicinasinc.com\/no\/product\/kjope-efenidin-pulver\/\" \/>\n<meta property=\"og:locale\" content=\"nn_NO\" \/>\n<meta property=\"og:type\" content=\"article\" \/>\n<meta property=\"og:title\" content=\"Kj\u00f8p efenidinpulver - efenidinpulver p\u00e5 nett - beste globale medisiner\" \/>\n<meta property=\"og:description\" content=\"Kj\u00f8p h\u00f8yrent efenidinpulver til salgs i Storbritannia, Europa, AU i v\u00e5r nettbutikk p\u00e5 Bestglobalmeds.com med rask levering over hele verden! Det beste efenidinpulveret for bestilling finner du her!\" \/>\n<meta property=\"og:url\" content=\"https:\/\/medicinasinc.com\/no\/product\/kjope-efenidin-pulver\/\" \/>\n<meta property=\"og:site_name\" content=\"Medicinas Inc\" \/>\n<meta property=\"article:modified_time\" content=\"2022-03-22T00:45:24+00:00\" \/>\n<meta property=\"og:image\" content=\"https:\/\/medicinasinc.com\/no\/wp-content\/uploads\/sites\/14\/2022\/02\/Buy-Ephenidine-Powder-1.jpg\" \/>\n\t<meta property=\"og:image:width\" content=\"1080\" \/>\n\t<meta property=\"og:image:height\" content=\"1166\" \/>\n\t<meta property=\"og:image:type\" content=\"image\/jpeg\" \/>\n<meta name=\"twitter:card\" content=\"summary_large_image\" \/>\n<meta name=\"twitter:label1\" content=\"Est. reading time\" \/>\n\t<meta name=\"twitter:data1\" content=\"2 minutt\" \/>\n<script type=\"application\/ld+json\" class=\"yoast-schema-graph\">{\"@context\":\"https:\\\/\\\/schema.org\",\"@graph\":[{\"@type\":\"WebPage\",\"@id\":\"https:\\\/\\\/medicinasinc.com\\\/no\\\/product\\\/kjope-efenidin-pulver\\\/\",\"url\":\"https:\\\/\\\/medicinasinc.com\\\/no\\\/product\\\/kjope-efenidin-pulver\\\/\",\"name\":\"Kj\u00f8p efenidinpulver - efenidinpulver p\u00e5 nett - beste globale medisiner\",\"isPartOf\":{\"@id\":\"https:\\\/\\\/medicinasinc.com\\\/no\\\/#website\"},\"primaryImageOfPage\":{\"@id\":\"https:\\\/\\\/medicinasinc.com\\\/no\\\/product\\\/kjope-efenidin-pulver\\\/#primaryimage\"},\"image\":{\"@id\":\"https:\\\/\\\/medicinasinc.com\\\/no\\\/product\\\/kjope-efenidin-pulver\\\/#primaryimage\"},\"thumbnailUrl\":\"https:\\\/\\\/medicinasinc.com\\\/no\\\/wp-content\\\/uploads\\\/sites\\\/14\\\/2022\\\/02\\\/Buy-Ephenidine-Powder-1.jpg\",\"datePublished\":\"2022-02-22T04:23:00+00:00\",\"dateModified\":\"2022-03-22T00:45:24+00:00\",\"description\":\"Kj\u00f8p h\u00f8yrent efenidinpulver til salgs i Storbritannia, Europa, AU i v\u00e5r nettbutikk p\u00e5 Bestglobalmeds.com med rask levering over hele verden! Det beste efenidinpulveret for bestilling finner du her!\",\"breadcrumb\":{\"@id\":\"https:\\\/\\\/medicinasinc.com\\\/no\\\/product\\\/kjope-efenidin-pulver\\\/#breadcrumb\"},\"inLanguage\":\"nn-NO\",\"potentialAction\":[{\"@type\":\"ReadAction\",\"target\":[\"https:\\\/\\\/medicinasinc.com\\\/no\\\/product\\\/kjope-efenidin-pulver\\\/\"]}]},{\"@type\":\"ImageObject\",\"inLanguage\":\"nn-NO\",\"@id\":\"https:\\\/\\\/medicinasinc.com\\\/no\\\/product\\\/kjope-efenidin-pulver\\\/#primaryimage\",\"url\":\"https:\\\/\\\/medicinasinc.com\\\/no\\\/wp-content\\\/uploads\\\/sites\\\/14\\\/2022\\\/02\\\/Buy-Ephenidine-Powder-1.jpg\",\"contentUrl\":\"https:\\\/\\\/medicinasinc.com\\\/no\\\/wp-content\\\/uploads\\\/sites\\\/14\\\/2022\\\/02\\\/Buy-Ephenidine-Powder-1.jpg\",\"width\":1080,\"height\":1166},{\"@type\":\"BreadcrumbList\",\"@id\":\"https:\\\/\\\/medicinasinc.com\\\/no\\\/product\\\/kjope-efenidin-pulver\\\/#breadcrumb\",\"itemListElement\":[{\"@type\":\"ListItem\",\"position\":1,\"name\":\"Butikk\",\"item\":\"https:\\\/\\\/medicinasinc.com\\\/no\\\/butikk\\\/\"},{\"@type\":\"ListItem\",\"position\":2,\"name\":\"Kj\u00f8p efenidinpulver\"}]},{\"@type\":\"WebSite\",\"@id\":\"https:\\\/\\\/medicinasinc.com\\\/no\\\/#website\",\"url\":\"https:\\\/\\\/medicinasinc.com\\\/no\\\/\",\"name\":\"Medicinas Inc\",\"description\":\"Helsemedisinsk klinikk\",\"potentialAction\":[{\"@type\":\"SearchAction\",\"target\":{\"@type\":\"EntryPoint\",\"urlTemplate\":\"https:\\\/\\\/medicinasinc.com\\\/no\\\/?s={search_term_string}\"},\"query-input\":{\"@type\":\"PropertyValueSpecification\",\"valueRequired\":true,\"valueName\":\"search_term_string\"}}],\"inLanguage\":\"nn-NO\"}]}<\/script>\n<!-- \/ Yoast SEO plugin. -->","yoast_head_json":{"title":"Kj\u00f8p efenidinpulver - efenidinpulver p\u00e5 nett - beste globale medisiner","description":"Kj\u00f8p h\u00f8yrent efenidinpulver til salgs i Storbritannia, Europa, AU i v\u00e5r nettbutikk p\u00e5 Bestglobalmeds.com med rask levering over hele verden! Det beste efenidinpulveret for bestilling finner du her!","robots":{"index":"index","follow":"follow","max-snippet":"max-snippet:-1","max-image-preview":"max-image-preview:large","max-video-preview":"max-video-preview:-1"},"canonical":"https:\/\/medicinasinc.com\/no\/product\/kjope-efenidin-pulver\/","og_locale":"nn_NO","og_type":"article","og_title":"Kj\u00f8p efenidinpulver - efenidinpulver p\u00e5 nett - beste globale medisiner","og_description":"Kj\u00f8p h\u00f8yrent efenidinpulver til salgs i Storbritannia, Europa, AU i v\u00e5r nettbutikk p\u00e5 Bestglobalmeds.com med rask levering over hele verden! Det beste efenidinpulveret for bestilling finner du her!","og_url":"https:\/\/medicinasinc.com\/no\/product\/kjope-efenidin-pulver\/","og_site_name":"Medicinas Inc","article_modified_time":"2022-03-22T00:45:24+00:00","og_image":[{"width":1080,"height":1166,"url":"https:\/\/medicinasinc.com\/no\/wp-content\/uploads\/sites\/14\/2022\/02\/Buy-Ephenidine-Powder-1.jpg","type":"image\/jpeg"}],"twitter_card":"summary_large_image","twitter_misc":{"Est. reading time":"2 minutt"},"schema":{"@context":"https:\/\/schema.org","@graph":[{"@type":"WebPage","@id":"https:\/\/medicinasinc.com\/no\/product\/kjope-efenidin-pulver\/","url":"https:\/\/medicinasinc.com\/no\/product\/kjope-efenidin-pulver\/","name":"Kj\u00f8p efenidinpulver - efenidinpulver p\u00e5 nett - beste globale medisiner","isPartOf":{"@id":"https:\/\/medicinasinc.com\/no\/#website"},"primaryImageOfPage":{"@id":"https:\/\/medicinasinc.com\/no\/product\/kjope-efenidin-pulver\/#primaryimage"},"image":{"@id":"https:\/\/medicinasinc.com\/no\/product\/kjope-efenidin-pulver\/#primaryimage"},"thumbnailUrl":"https:\/\/medicinasinc.com\/no\/wp-content\/uploads\/sites\/14\/2022\/02\/Buy-Ephenidine-Powder-1.jpg","datePublished":"2022-02-22T04:23:00+00:00","dateModified":"2022-03-22T00:45:24+00:00","description":"Kj\u00f8p h\u00f8yrent efenidinpulver til salgs i Storbritannia, Europa, AU i v\u00e5r nettbutikk p\u00e5 Bestglobalmeds.com med rask levering over hele verden! Det beste efenidinpulveret for bestilling finner du her!","breadcrumb":{"@id":"https:\/\/medicinasinc.com\/no\/product\/kjope-efenidin-pulver\/#breadcrumb"},"inLanguage":"nn-NO","potentialAction":[{"@type":"ReadAction","target":["https:\/\/medicinasinc.com\/no\/product\/kjope-efenidin-pulver\/"]}]},{"@type":"ImageObject","inLanguage":"nn-NO","@id":"https:\/\/medicinasinc.com\/no\/product\/kjope-efenidin-pulver\/#primaryimage","url":"https:\/\/medicinasinc.com\/no\/wp-content\/uploads\/sites\/14\/2022\/02\/Buy-Ephenidine-Powder-1.jpg","contentUrl":"https:\/\/medicinasinc.com\/no\/wp-content\/uploads\/sites\/14\/2022\/02\/Buy-Ephenidine-Powder-1.jpg","width":1080,"height":1166},{"@type":"BreadcrumbList","@id":"https:\/\/medicinasinc.com\/no\/product\/kjope-efenidin-pulver\/#breadcrumb","itemListElement":[{"@type":"ListItem","position":1,"name":"Butikk","item":"https:\/\/medicinasinc.com\/no\/butikk\/"},{"@type":"ListItem","position":2,"name":"Kj\u00f8p efenidinpulver"}]},{"@type":"WebSite","@id":"https:\/\/medicinasinc.com\/no\/#website","url":"https:\/\/medicinasinc.com\/no\/","name":"Medicinas Inc","description":"Helsemedisinsk klinikk","potentialAction":[{"@type":"SearchAction","target":{"@type":"EntryPoint","urlTemplate":"https:\/\/medicinasinc.com\/no\/?s={search_term_string}"},"query-input":{"@type":"PropertyValueSpecification","valueRequired":true,"valueName":"search_term_string"}}],"inLanguage":"nn-NO"}]}},"_links":{"self":[{"href":"https:\/\/medicinasinc.com\/no\/wp-json\/wp\/v2\/product\/5696","targetHints":{"allow":["GET"]}}],"collection":[{"href":"https:\/\/medicinasinc.com\/no\/wp-json\/wp\/v2\/product"}],"about":[{"href":"https:\/\/medicinasinc.com\/no\/wp-json\/wp\/v2\/types\/product"}],"replies":[{"embeddable":true,"href":"https:\/\/medicinasinc.com\/no\/wp-json\/wp\/v2\/comments?post=5696"}],"wp:featuredmedia":[{"embeddable":true,"href":"https:\/\/medicinasinc.com\/no\/wp-json\/wp\/v2\/media\/5707"}],"wp:attachment":[{"href":"https:\/\/medicinasinc.com\/no\/wp-json\/wp\/v2\/media?parent=5696"}],"wp:term":[{"taxonomy":"product_brand","embeddable":true,"href":"https:\/\/medicinasinc.com\/no\/wp-json\/wp\/v2\/product_brand?post=5696"},{"taxonomy":"product_cat","embeddable":true,"href":"https:\/\/medicinasinc.com\/no\/wp-json\/wp\/v2\/product_cat?post=5696"},{"taxonomy":"product_tag","embeddable":true,"href":"https:\/\/medicinasinc.com\/no\/wp-json\/wp\/v2\/product_tag?post=5696"}],"curies":[{"name":"wp","href":"https:\/\/api.w.org\/{rel}","templated":true}]}}