{"id":5686,"date":"2022-02-22T04:12:43","date_gmt":"2022-02-22T04:12:43","guid":{"rendered":"https:\/\/medicinasinc.com\/no\/?post_type=product&#038;p=5686"},"modified":"2022-03-22T00:45:34","modified_gmt":"2022-03-22T00:45:34","slug":"kjop-ald-52-pulver","status":"publish","type":"product","link":"https:\/\/medicinasinc.com\/no\/product\/kjop-ald-52-pulver\/","title":{"rendered":"Kj\u00f8p ALD-52 pulver"},"content":{"rendered":"<p><a href=\"https:\/\/www.bestglobalmeds.com\/product\/research-chemicals\/buy-ald-52-powder\/\"><strong>ALD-52-pulver<\/strong><\/a>. Grossist og leverand\u00f8r av rent\u00a0<em>ALD-52-pulver<\/em>\u00a0til laveste pris og ulike farmas\u00f8ytiske r\u00e5varer med &gt;99 % renhet, forskningskjemikalier og generisk medisin. Sikker og diskret emballasje med sporet frakt.<\/p>\n<p>ALD-52, ogs\u00e5 kjent som 1-acetyl-LSD, er en kjemisk analog av lysergsyredietylamid (LSD). Det er et psykedelisk stoff av lysergamide-klassen som produserer LSD-lignende psykedeliske effekter n\u00e5r det administreres.<\/p>\n<p class=\"h2_style\">Raske detaljer<\/p>\n<p>Produktnavn: <a href=\"https:\/\/www.bestglobalmeds.com\/product\/research-chemicals\/buy-ald-52-powder\/\">ALD-52<\/a><br \/> Synonymer: ALD-52, 1-acetyl-LSD, 1A-LSD , 1A-LAD<br \/> CAS-nr.: 3270-02-8<br \/> Molekylformel: C22H27N3O2<br \/> IUPAC: (6aR,9R)-4-Acetyl-N,N-dietyl-7-metyl -4,6,6a,7,8,9-heksahydroindolo[4,3-fg]kinolin-9-karboksamid<br \/> Molekylvekt: 365,477 g\/mol<br \/> Renhet: 99,6 %<br \/> Utseende : Hvitt krystallinsk pulver \/ off-white pulver<\/p>\n<h2>ALD-52 Powder Leverand\u00f8r<\/h2>\n<p>En av Europas ledende farmas\u00f8ytiske r\u00e5vareleverand\u00f8rer, vi er kjent for det eksepsjonelle utvalget av produkter og v\u00e5re h\u00f8ykvalitets generiske medisiner drop-shipping-tjenester. Som en ALD-52 Powder Grossist streber vi etter \u00e5 levere h\u00f8ykvalitets og kostnadseffektive produkter i markedet.<\/p>\n<div class=\"product-next-previous\">\n<div class=\"product-prev\"><\/div><\/div>\n","protected":false},"excerpt":{"rendered":"<p>Det beste stedet \u00e5 kj\u00f8pe ALD-52 Powder er fra Storbritannia. Du kan ogs\u00e5 kj\u00f8pe den fra Europa, Australia og EU for en billig penge. Kj\u00f8p ALD-52 Powder 2022, ALD-52 Powder Overnight Delivery, ALD-52 Powder Price.<\/p>\n<p>Et av selskapene som lager og selger ALD-52.<\/p>\n<p>nettbutikk: kj\u00f8p ALD-52 p\u00e5 nettet, ALD-52 til salgs, ALD-52-leverand\u00f8r, ALD-52-pulver, kj\u00f8p det n\u00e5<\/p>\n<p>ALD-52\u00a0reddit. Frakt er gratis.<\/p>\n<p>Du kan kj\u00f8pe rent pulver med 10 mg ALD-52 for salg p\u00e5 nettet.<\/p>\n<p>&nbsp;<\/p>\n<p><strong>25 %<\/strong> &gt;\u00a0av for\u00a0<strong>40 mg\u00a0<\/strong>og over. Kupongkode: bhobos2018z<\/p>\n<table class=\"table\">\n<tbody>\n<tr>\n<th><span style=\"font-weight: 400\">Min.bestillingsantall:<\/span><\/th>\n<td>10 g<\/td>\n<\/tr>\n<tr>\n<th><span style=\"font-weight: 400\">Forsyningsevne:<\/span><\/th>\n<td>100 kg\/m\u00e5ned<\/td>\n<\/tr>\n<tr>\n<th><span style=\"font-weight: 400\">Port:<\/span><\/th>\n<td>Warszawa, Nederland<\/td>\n<\/tr>\n<tr>\n<th><span style=\"font-weight: 400\">Betalingsvilk\u00e5r:<\/span><\/th>\n<td>Bankoverf\u00f8ring, Bitcoin, WU\/MG, Annet<\/td>\n<\/tr>\n<tr>\n<th><span style=\"font-weight: 400\">Emballasjedetaljer:<\/span><\/th>\n<td>I henhold til kundeforesp\u00f8rsel<\/td>\n<\/tr>\n<tr>\n<th><span style=\"font-weight: 400\">Leveringsdetalj:<\/span><\/th>\n<td>DPD, Express Shipping, Pharma Courier EU<\/td>\n<\/tr>\n<\/tbody>\n<\/table>\n","protected":false},"featured_media":5699,"comment_status":"open","ping_status":"closed","template":"","meta":[],"product_brand":[],"product_cat":[2014],"product_tag":[3574,3579,3580,3581,3582,3576,3578,3577,3575,3583,3587,3585,3586,3590,3584,3588,3589],"class_list":{"0":"post-5686","1":"product","2":"type-product","3":"status-publish","4":"has-post-thumbnail","6":"product_cat-kjpe-forskning-kjemikalier","7":"product_tag-ald-52-dosering","8":"product_tag-ald-52-powder-order","9":"product_tag-ald-52-powder-reddit","10":"product_tag-ald-52-powder-supplier","11":"product_tag-ald-52-powder-wholesale","12":"product_tag-ald-52-pulver","13":"product_tag-ald-52-pulver-til-salg","14":"product_tag-ald-52-pulvereffekt","15":"product_tag-ald-52-til-salgs","16":"product_tag-best-place-to-order-ald-52","17":"product_tag-ordre-ald-52-pulver","18":"product_tag-buy-ald-52-powder","19":"product_tag-buy-ald-52-powder-online","20":"product_tag-hva-er-ald-52-pulver","21":"product_tag-buy-ald-52","22":"product_tag-pure-ald-52-powder","23":"product_tag-pure-ald-52-powder-google","25":"first","26":"instock","27":"shipping-taxable","28":"purchasable","29":"product-type-simple"},"yoast_head":"<!-- This site is optimized with the Yoast SEO plugin v27.3 - https:\/\/yoast.com\/product\/yoast-seo-wordpress\/ -->\n<title>Kj\u00f8p ALD-52 Powder - ALD-52 Powder Online - Beste globale medisiner<\/title>\n<meta name=\"description\" content=\"Kj\u00f8p Kj\u00f8p ALD-52-pulver for salg i Storbritannia, Europa, AU, EU, Bestill billig\u00a0Kj\u00f8p ALD-52-pulver\u00a02022, Hvor kan du\u00a0kj\u00f8pe\u00a0h\u00f8ykvalitets\u00a0Kj\u00f8p ALD-52-pulver over natten,\u00a0ALD-52-pulver\u00a0pris.\" \/>\n<meta name=\"robots\" content=\"index, follow, max-snippet:-1, max-image-preview:large, max-video-preview:-1\" \/>\n<link rel=\"canonical\" href=\"https:\/\/medicinasinc.com\/no\/product\/kjop-ald-52-pulver\/\" \/>\n<meta property=\"og:locale\" content=\"nn_NO\" \/>\n<meta property=\"og:type\" content=\"article\" \/>\n<meta property=\"og:title\" content=\"Kj\u00f8p ALD-52 Powder - ALD-52 Powder Online - Beste globale medisiner\" \/>\n<meta property=\"og:description\" content=\"Kj\u00f8p Kj\u00f8p ALD-52-pulver for salg i Storbritannia, Europa, AU, EU, Bestill billig\u00a0Kj\u00f8p ALD-52-pulver\u00a02022, Hvor kan du\u00a0kj\u00f8pe\u00a0h\u00f8ykvalitets\u00a0Kj\u00f8p ALD-52-pulver over natten,\u00a0ALD-52-pulver\u00a0pris.\" \/>\n<meta property=\"og:url\" content=\"https:\/\/medicinasinc.com\/no\/product\/kjop-ald-52-pulver\/\" \/>\n<meta property=\"og:site_name\" content=\"Medicinas Inc\" \/>\n<meta property=\"article:modified_time\" content=\"2022-03-22T00:45:34+00:00\" \/>\n<meta property=\"og:image\" content=\"https:\/\/medicinasinc.com\/no\/wp-content\/uploads\/sites\/14\/2022\/02\/Buy-ALD-52-Powder.jpg\" \/>\n\t<meta property=\"og:image:width\" content=\"1080\" \/>\n\t<meta property=\"og:image:height\" content=\"995\" \/>\n\t<meta property=\"og:image:type\" content=\"image\/jpeg\" \/>\n<meta name=\"twitter:card\" content=\"summary_large_image\" \/>\n<meta name=\"twitter:label1\" content=\"Est. reading time\" \/>\n\t<meta name=\"twitter:data1\" content=\"1 minutt\" \/>\n<script type=\"application\/ld+json\" class=\"yoast-schema-graph\">{\"@context\":\"https:\\\/\\\/schema.org\",\"@graph\":[{\"@type\":\"WebPage\",\"@id\":\"https:\\\/\\\/medicinasinc.com\\\/no\\\/product\\\/kjop-ald-52-pulver\\\/\",\"url\":\"https:\\\/\\\/medicinasinc.com\\\/no\\\/product\\\/kjop-ald-52-pulver\\\/\",\"name\":\"Kj\u00f8p ALD-52 Powder - ALD-52 Powder Online - Beste globale medisiner\",\"isPartOf\":{\"@id\":\"https:\\\/\\\/medicinasinc.com\\\/no\\\/#website\"},\"primaryImageOfPage\":{\"@id\":\"https:\\\/\\\/medicinasinc.com\\\/no\\\/product\\\/kjop-ald-52-pulver\\\/#primaryimage\"},\"image\":{\"@id\":\"https:\\\/\\\/medicinasinc.com\\\/no\\\/product\\\/kjop-ald-52-pulver\\\/#primaryimage\"},\"thumbnailUrl\":\"https:\\\/\\\/medicinasinc.com\\\/no\\\/wp-content\\\/uploads\\\/sites\\\/14\\\/2022\\\/02\\\/Buy-ALD-52-Powder.jpg\",\"datePublished\":\"2022-02-22T04:12:43+00:00\",\"dateModified\":\"2022-03-22T00:45:34+00:00\",\"description\":\"Kj\u00f8p Kj\u00f8p ALD-52-pulver for salg i Storbritannia, Europa, AU, EU, Bestill billig\u00a0Kj\u00f8p ALD-52-pulver\u00a02022, Hvor kan du\u00a0kj\u00f8pe\u00a0h\u00f8ykvalitets\u00a0Kj\u00f8p ALD-52-pulver over natten,\u00a0ALD-52-pulver\u00a0pris.\",\"breadcrumb\":{\"@id\":\"https:\\\/\\\/medicinasinc.com\\\/no\\\/product\\\/kjop-ald-52-pulver\\\/#breadcrumb\"},\"inLanguage\":\"nn-NO\",\"potentialAction\":[{\"@type\":\"ReadAction\",\"target\":[\"https:\\\/\\\/medicinasinc.com\\\/no\\\/product\\\/kjop-ald-52-pulver\\\/\"]}]},{\"@type\":\"ImageObject\",\"inLanguage\":\"nn-NO\",\"@id\":\"https:\\\/\\\/medicinasinc.com\\\/no\\\/product\\\/kjop-ald-52-pulver\\\/#primaryimage\",\"url\":\"https:\\\/\\\/medicinasinc.com\\\/no\\\/wp-content\\\/uploads\\\/sites\\\/14\\\/2022\\\/02\\\/Buy-ALD-52-Powder.jpg\",\"contentUrl\":\"https:\\\/\\\/medicinasinc.com\\\/no\\\/wp-content\\\/uploads\\\/sites\\\/14\\\/2022\\\/02\\\/Buy-ALD-52-Powder.jpg\",\"width\":1080,\"height\":995},{\"@type\":\"BreadcrumbList\",\"@id\":\"https:\\\/\\\/medicinasinc.com\\\/no\\\/product\\\/kjop-ald-52-pulver\\\/#breadcrumb\",\"itemListElement\":[{\"@type\":\"ListItem\",\"position\":1,\"name\":\"Butikk\",\"item\":\"https:\\\/\\\/medicinasinc.com\\\/no\\\/butikk\\\/\"},{\"@type\":\"ListItem\",\"position\":2,\"name\":\"Kj\u00f8p ALD-52 pulver\"}]},{\"@type\":\"WebSite\",\"@id\":\"https:\\\/\\\/medicinasinc.com\\\/no\\\/#website\",\"url\":\"https:\\\/\\\/medicinasinc.com\\\/no\\\/\",\"name\":\"Medicinas Inc\",\"description\":\"Helsemedisinsk klinikk\",\"potentialAction\":[{\"@type\":\"SearchAction\",\"target\":{\"@type\":\"EntryPoint\",\"urlTemplate\":\"https:\\\/\\\/medicinasinc.com\\\/no\\\/?s={search_term_string}\"},\"query-input\":{\"@type\":\"PropertyValueSpecification\",\"valueRequired\":true,\"valueName\":\"search_term_string\"}}],\"inLanguage\":\"nn-NO\"}]}<\/script>\n<!-- \/ Yoast SEO plugin. -->","yoast_head_json":{"title":"Kj\u00f8p ALD-52 Powder - ALD-52 Powder Online - Beste globale medisiner","description":"Kj\u00f8p Kj\u00f8p ALD-52-pulver for salg i Storbritannia, Europa, AU, EU, Bestill billig\u00a0Kj\u00f8p ALD-52-pulver\u00a02022, Hvor kan du\u00a0kj\u00f8pe\u00a0h\u00f8ykvalitets\u00a0Kj\u00f8p ALD-52-pulver over natten,\u00a0ALD-52-pulver\u00a0pris.","robots":{"index":"index","follow":"follow","max-snippet":"max-snippet:-1","max-image-preview":"max-image-preview:large","max-video-preview":"max-video-preview:-1"},"canonical":"https:\/\/medicinasinc.com\/no\/product\/kjop-ald-52-pulver\/","og_locale":"nn_NO","og_type":"article","og_title":"Kj\u00f8p ALD-52 Powder - ALD-52 Powder Online - Beste globale medisiner","og_description":"Kj\u00f8p Kj\u00f8p ALD-52-pulver for salg i Storbritannia, Europa, AU, EU, Bestill billig\u00a0Kj\u00f8p ALD-52-pulver\u00a02022, Hvor kan du\u00a0kj\u00f8pe\u00a0h\u00f8ykvalitets\u00a0Kj\u00f8p ALD-52-pulver over natten,\u00a0ALD-52-pulver\u00a0pris.","og_url":"https:\/\/medicinasinc.com\/no\/product\/kjop-ald-52-pulver\/","og_site_name":"Medicinas Inc","article_modified_time":"2022-03-22T00:45:34+00:00","og_image":[{"width":1080,"height":995,"url":"https:\/\/medicinasinc.com\/no\/wp-content\/uploads\/sites\/14\/2022\/02\/Buy-ALD-52-Powder.jpg","type":"image\/jpeg"}],"twitter_card":"summary_large_image","twitter_misc":{"Est. reading time":"1 minutt"},"schema":{"@context":"https:\/\/schema.org","@graph":[{"@type":"WebPage","@id":"https:\/\/medicinasinc.com\/no\/product\/kjop-ald-52-pulver\/","url":"https:\/\/medicinasinc.com\/no\/product\/kjop-ald-52-pulver\/","name":"Kj\u00f8p ALD-52 Powder - ALD-52 Powder Online - Beste globale medisiner","isPartOf":{"@id":"https:\/\/medicinasinc.com\/no\/#website"},"primaryImageOfPage":{"@id":"https:\/\/medicinasinc.com\/no\/product\/kjop-ald-52-pulver\/#primaryimage"},"image":{"@id":"https:\/\/medicinasinc.com\/no\/product\/kjop-ald-52-pulver\/#primaryimage"},"thumbnailUrl":"https:\/\/medicinasinc.com\/no\/wp-content\/uploads\/sites\/14\/2022\/02\/Buy-ALD-52-Powder.jpg","datePublished":"2022-02-22T04:12:43+00:00","dateModified":"2022-03-22T00:45:34+00:00","description":"Kj\u00f8p Kj\u00f8p ALD-52-pulver for salg i Storbritannia, Europa, AU, EU, Bestill billig\u00a0Kj\u00f8p ALD-52-pulver\u00a02022, Hvor kan du\u00a0kj\u00f8pe\u00a0h\u00f8ykvalitets\u00a0Kj\u00f8p ALD-52-pulver over natten,\u00a0ALD-52-pulver\u00a0pris.","breadcrumb":{"@id":"https:\/\/medicinasinc.com\/no\/product\/kjop-ald-52-pulver\/#breadcrumb"},"inLanguage":"nn-NO","potentialAction":[{"@type":"ReadAction","target":["https:\/\/medicinasinc.com\/no\/product\/kjop-ald-52-pulver\/"]}]},{"@type":"ImageObject","inLanguage":"nn-NO","@id":"https:\/\/medicinasinc.com\/no\/product\/kjop-ald-52-pulver\/#primaryimage","url":"https:\/\/medicinasinc.com\/no\/wp-content\/uploads\/sites\/14\/2022\/02\/Buy-ALD-52-Powder.jpg","contentUrl":"https:\/\/medicinasinc.com\/no\/wp-content\/uploads\/sites\/14\/2022\/02\/Buy-ALD-52-Powder.jpg","width":1080,"height":995},{"@type":"BreadcrumbList","@id":"https:\/\/medicinasinc.com\/no\/product\/kjop-ald-52-pulver\/#breadcrumb","itemListElement":[{"@type":"ListItem","position":1,"name":"Butikk","item":"https:\/\/medicinasinc.com\/no\/butikk\/"},{"@type":"ListItem","position":2,"name":"Kj\u00f8p ALD-52 pulver"}]},{"@type":"WebSite","@id":"https:\/\/medicinasinc.com\/no\/#website","url":"https:\/\/medicinasinc.com\/no\/","name":"Medicinas Inc","description":"Helsemedisinsk klinikk","potentialAction":[{"@type":"SearchAction","target":{"@type":"EntryPoint","urlTemplate":"https:\/\/medicinasinc.com\/no\/?s={search_term_string}"},"query-input":{"@type":"PropertyValueSpecification","valueRequired":true,"valueName":"search_term_string"}}],"inLanguage":"nn-NO"}]}},"_links":{"self":[{"href":"https:\/\/medicinasinc.com\/no\/wp-json\/wp\/v2\/product\/5686","targetHints":{"allow":["GET"]}}],"collection":[{"href":"https:\/\/medicinasinc.com\/no\/wp-json\/wp\/v2\/product"}],"about":[{"href":"https:\/\/medicinasinc.com\/no\/wp-json\/wp\/v2\/types\/product"}],"replies":[{"embeddable":true,"href":"https:\/\/medicinasinc.com\/no\/wp-json\/wp\/v2\/comments?post=5686"}],"wp:featuredmedia":[{"embeddable":true,"href":"https:\/\/medicinasinc.com\/no\/wp-json\/wp\/v2\/media\/5699"}],"wp:attachment":[{"href":"https:\/\/medicinasinc.com\/no\/wp-json\/wp\/v2\/media?parent=5686"}],"wp:term":[{"taxonomy":"product_brand","embeddable":true,"href":"https:\/\/medicinasinc.com\/no\/wp-json\/wp\/v2\/product_brand?post=5686"},{"taxonomy":"product_cat","embeddable":true,"href":"https:\/\/medicinasinc.com\/no\/wp-json\/wp\/v2\/product_cat?post=5686"},{"taxonomy":"product_tag","embeddable":true,"href":"https:\/\/medicinasinc.com\/no\/wp-json\/wp\/v2\/product_tag?post=5686"}],"curies":[{"name":"wp","href":"https:\/\/api.w.org\/{rel}","templated":true}]}}