{"id":5685,"date":"2022-02-22T04:11:15","date_gmt":"2022-02-22T04:11:15","guid":{"rendered":"https:\/\/medicinasinc.com\/no\/?post_type=product&#038;p=5685"},"modified":"2022-03-22T00:45:44","modified_gmt":"2022-03-22T00:45:44","slug":"kjop-pumpe-det-badesalt","status":"publish","type":"product","link":"https:\/\/medicinasinc.com\/no\/product\/kjop-pumpe-det-badesalt\/","title":{"rendered":"Kj\u00f8p Pump It Bath Salt"},"content":{"rendered":"<p>Det er en god id\u00e9 \u00e5 kj\u00f8pe Pump-It Powder-badesalt<\/p>\n<p>Kj\u00f8p Pump-It Powder-badesalt fra en p\u00e5litelig kilde. Vi selger de beste badeproduktene, som badesalt. Badesalt vil gi deg et jevnt, sensuelt bad som vil f\u00f8le deg ren etter at du har brukt dem. V\u00e5re kunder kan imidlertid v\u00e6re sikre p\u00e5 at de f\u00e5r de beste produktene p\u00e5 markedet. Men vi selger og kj\u00f8per ogs\u00e5 andre konsentrerte badesalt til gode priser.<\/p>\n<p>V\u00e5re badesalt har en sterk lukt.<\/p>\n<p>Pump-It Powder Bath Salts er ment \u00e5 gj\u00f8re badeopplevelsen din enda mer spennende, energisk og euforisk. En liten mengde er alt som skal til for \u00e5 gj\u00f8re en stor forskjell. Du kan imidlertid bare tilsette en liten mengde i et varmt bad for \u00e5 myke opp vannet naturlig, noe som vil f\u00e5 deg til \u00e5 f\u00f8le deg veldig energisk og glad etterp\u00e5. Imidlertid brukes det til \u00e5 se ut som de naturlige varme kildene i det greske havet. Bruk Pump-It Powder med m\u00e5te i begynnelsen, fordi for mye vil gj\u00f8re badevannet skittent og gj\u00f8re deg ulykkelig. Men hvis du bruker Pump-It Powder riktig, kan det hjelpe deg \u00e5 komme til steder du trodde var umulige.<\/p>\n<p>Relaterte elementer:<br \/> Du kan se noen av v\u00e5re originale badesalt i listen nedenfor .<br \/> Det er 500 mg konsentrert badesalt fra Rave On.<br \/> \u00c5tte Ballz-badesalt har 500 mg av dem.<br \/> Premium-badesalt fra Hollywood er 1 gram.<br \/> 500mg DIAMOND ST\u00d8V<br \/> En spiseskje har 500 mg pulver.<br \/> Black Diamond Novelty Powder er laget av Black Diamond.<br \/> Det er 500 mg Pump-it Powder fra Eight Ballz.<br \/> 500mg White Rush Bath Salter<br \/> Ivory Wave Ultra Bath Salt har 500 mg av dem.<br \/> Ivory Wave 500mg badesalt<br \/> I dette tilfellet er 500 mg Lady Bubbles Bath Salt i pakken.<br \/> Cloud 9 badesalt har 500mg av dem.<br \/> Det er 500mg Heavenly Soak Euphoric \u2013 Novelty Powder i denne flasken.<br \/> Det er 500mg Heavenly Soak \u2013 Energy \u2013 Fun Powder.<br \/> 500mg Sky \u2013 Fun Pulver<br \/> Det er 500 mg nyhetspow der i Molly&#8217;s Blend \u2013<\/p>\n<p>&nbsp;<\/p>\n<p>Vanilla Sky Bath Salts 500mg, Fizz Concentrated Bath Salts 500mg, Bolivian Ivory Wave Recharge Bath Salts 500mg, White Girl Konsentrert badesalt 500mg. Badesalt 500mg, X vurdert badesalt 500mg<br \/> Elfenbensglatt 500mg badesalt<br \/> 50mg Blue Wave badesalt<br \/> Blue Silk er 500mg badesalt.<br \/> I dette tilfellet 500mg Bolivianske badesalt ble brukt.<br \/> Badesalt fra G Pheonix<\/p>\n<p>&nbsp;<\/p>\n<p>I dette tilfellet er White Girl 500mg konsentrert badesalt det du trenger.<br \/> 500mg White Lady Bath Salts<br \/> Bliss Concentrated Bath Salts har 500mg salt i hver pose.<br \/> Snow Leopard Bath Salts har 500mg av dem i hver pose.<br \/> 500mg ekstra badesalt fra Lunar B\u00f8lge. 500mg konsentrert badesalt fra White Horse.<br \/> 500mg Invigorating Bath Salts<br \/> 500mg av Cloud 10 Bath Salt<br \/> Blue Magic: 500mg Bath Salts<br \/> Badesalt med navnet Scarface har 500mg av det.<br \/> Mange flere mennesker ogs\u00e5.<\/p>\n","protected":false},"excerpt":{"rendered":"<p>I v\u00e5r nettbutikk p\u00e5 Bestglobalmeds.com kan du kj\u00f8pe Pump It Bath Salt for salg i Storbritannia, Europa og Australia, og vi sender det med en gang. Du kan kj\u00f8pe det beste Pump It Bath Salt her!<\/p>\n<p>Det er trygt \u00e5 kj\u00f8pe Pump It Up Bath Salt fra Global medicinas Bath Salts. Vi selger konsentrert K2-badesalt til lave priser p\u00e5 internett.<\/p>\n<p>Til den beste prisen kan du kj\u00f8pe Pump It-badesalt p\u00e5 nett fra en butikk. Vi lover trygg og sikker frakt over hele verden.<\/p>\n<p>Hvor vil du kj\u00f8pe &#8220;Pump-It Powder Bath Salts&#8221;? Best Global Meds gir deg sjansen til \u00e5 kj\u00f8pe amped badesalt for salg p\u00e5 nettet.<\/p>\n","protected":false},"featured_media":5697,"comment_status":"open","ping_status":"closed","template":"","meta":[],"product_brand":[],"product_cat":[2014],"product_tag":[3567,3565,3566,3569,3568,3571,3572,3573,3570],"class_list":{"0":"post-5685","1":"product","2":"type-product","3":"status-publish","4":"has-post-thumbnail","6":"product_cat-kjpe-forskning-kjemikalier","7":"product_tag-bestille-pumpe-det-badesalt","8":"product_tag-buy-pump-it-bath-salt","9":"product_tag-buy-pump-it-powder-bath-salts","10":"product_tag-pump-it-badesalt-effekt","11":"product_tag-pumpe-det-badesalt-kjpe","12":"product_tag-pump-it-bath-salt-order","13":"product_tag-pumpe-det-badesalt-pwder","14":"product_tag-pump-it-bath-salt-reddit","15":"product_tag-pumpe-det-badesalt-til-salg","17":"first","18":"instock","19":"featured","20":"shipping-taxable","21":"purchasable","22":"product-type-variable","23":"has-default-attributes"},"yoast_head":"<!-- This site is optimized with the Yoast SEO plugin v27.3 - https:\/\/yoast.com\/product\/yoast-seo-wordpress\/ -->\n<title>Kj\u00f8p Pump It Bath Salt - Pump It Bath Salt - Best Global Meds<\/title>\n<meta name=\"description\" content=\"Kj\u00f8p Pump It Bath Salt for salg i Storbritannia, Europa, AU i v\u00e5r Bestglobalmeds nettbutikk med rask levering over hele verden! Det beste Pump It Bath Salt for bestilling finner du her!\" \/>\n<meta name=\"robots\" content=\"index, follow, max-snippet:-1, max-image-preview:large, max-video-preview:-1\" \/>\n<link rel=\"canonical\" href=\"https:\/\/medicinasinc.com\/no\/product\/kjop-pumpe-det-badesalt\/\" \/>\n<meta property=\"og:locale\" content=\"nn_NO\" \/>\n<meta property=\"og:type\" content=\"article\" \/>\n<meta property=\"og:title\" content=\"Kj\u00f8p Pump It Bath Salt - Pump It Bath Salt - Best Global Meds\" \/>\n<meta property=\"og:description\" content=\"Kj\u00f8p Pump It Bath Salt for salg i Storbritannia, Europa, AU i v\u00e5r Bestglobalmeds nettbutikk med rask levering over hele verden! Det beste Pump It Bath Salt for bestilling finner du her!\" \/>\n<meta property=\"og:url\" content=\"https:\/\/medicinasinc.com\/no\/product\/kjop-pumpe-det-badesalt\/\" \/>\n<meta property=\"og:site_name\" content=\"Medicinas Inc\" \/>\n<meta property=\"article:modified_time\" content=\"2022-03-22T00:45:44+00:00\" \/>\n<meta property=\"og:image\" content=\"https:\/\/medicinasinc.com\/no\/wp-content\/uploads\/sites\/14\/2022\/02\/Buy-Pump-It-Bath-Salt.jpg\" \/>\n\t<meta property=\"og:image:width\" content=\"600\" \/>\n\t<meta property=\"og:image:height\" content=\"600\" \/>\n\t<meta property=\"og:image:type\" content=\"image\/jpeg\" \/>\n<meta name=\"twitter:card\" content=\"summary_large_image\" \/>\n<meta name=\"twitter:label1\" content=\"Est. reading time\" \/>\n\t<meta name=\"twitter:data1\" content=\"3 minutt\" \/>\n<script type=\"application\/ld+json\" class=\"yoast-schema-graph\">{\"@context\":\"https:\\\/\\\/schema.org\",\"@graph\":[{\"@type\":\"WebPage\",\"@id\":\"https:\\\/\\\/medicinasinc.com\\\/no\\\/product\\\/kjop-pumpe-det-badesalt\\\/\",\"url\":\"https:\\\/\\\/medicinasinc.com\\\/no\\\/product\\\/kjop-pumpe-det-badesalt\\\/\",\"name\":\"Kj\u00f8p Pump It Bath Salt - Pump It Bath Salt - Best Global Meds\",\"isPartOf\":{\"@id\":\"https:\\\/\\\/medicinasinc.com\\\/no\\\/#website\"},\"primaryImageOfPage\":{\"@id\":\"https:\\\/\\\/medicinasinc.com\\\/no\\\/product\\\/kjop-pumpe-det-badesalt\\\/#primaryimage\"},\"image\":{\"@id\":\"https:\\\/\\\/medicinasinc.com\\\/no\\\/product\\\/kjop-pumpe-det-badesalt\\\/#primaryimage\"},\"thumbnailUrl\":\"https:\\\/\\\/medicinasinc.com\\\/no\\\/wp-content\\\/uploads\\\/sites\\\/14\\\/2022\\\/02\\\/Buy-Pump-It-Bath-Salt.jpg\",\"datePublished\":\"2022-02-22T04:11:15+00:00\",\"dateModified\":\"2022-03-22T00:45:44+00:00\",\"description\":\"Kj\u00f8p Pump It Bath Salt for salg i Storbritannia, Europa, AU i v\u00e5r Bestglobalmeds nettbutikk med rask levering over hele verden! Det beste Pump It Bath Salt for bestilling finner du her!\",\"breadcrumb\":{\"@id\":\"https:\\\/\\\/medicinasinc.com\\\/no\\\/product\\\/kjop-pumpe-det-badesalt\\\/#breadcrumb\"},\"inLanguage\":\"nn-NO\",\"potentialAction\":[{\"@type\":\"ReadAction\",\"target\":[\"https:\\\/\\\/medicinasinc.com\\\/no\\\/product\\\/kjop-pumpe-det-badesalt\\\/\"]}]},{\"@type\":\"ImageObject\",\"inLanguage\":\"nn-NO\",\"@id\":\"https:\\\/\\\/medicinasinc.com\\\/no\\\/product\\\/kjop-pumpe-det-badesalt\\\/#primaryimage\",\"url\":\"https:\\\/\\\/medicinasinc.com\\\/no\\\/wp-content\\\/uploads\\\/sites\\\/14\\\/2022\\\/02\\\/Buy-Pump-It-Bath-Salt.jpg\",\"contentUrl\":\"https:\\\/\\\/medicinasinc.com\\\/no\\\/wp-content\\\/uploads\\\/sites\\\/14\\\/2022\\\/02\\\/Buy-Pump-It-Bath-Salt.jpg\",\"width\":600,\"height\":600},{\"@type\":\"BreadcrumbList\",\"@id\":\"https:\\\/\\\/medicinasinc.com\\\/no\\\/product\\\/kjop-pumpe-det-badesalt\\\/#breadcrumb\",\"itemListElement\":[{\"@type\":\"ListItem\",\"position\":1,\"name\":\"Butikk\",\"item\":\"https:\\\/\\\/medicinasinc.com\\\/no\\\/butikk\\\/\"},{\"@type\":\"ListItem\",\"position\":2,\"name\":\"Kj\u00f8p Pump It Bath Salt\"}]},{\"@type\":\"WebSite\",\"@id\":\"https:\\\/\\\/medicinasinc.com\\\/no\\\/#website\",\"url\":\"https:\\\/\\\/medicinasinc.com\\\/no\\\/\",\"name\":\"Medicinas Inc\",\"description\":\"Helsemedisinsk klinikk\",\"potentialAction\":[{\"@type\":\"SearchAction\",\"target\":{\"@type\":\"EntryPoint\",\"urlTemplate\":\"https:\\\/\\\/medicinasinc.com\\\/no\\\/?s={search_term_string}\"},\"query-input\":{\"@type\":\"PropertyValueSpecification\",\"valueRequired\":true,\"valueName\":\"search_term_string\"}}],\"inLanguage\":\"nn-NO\"}]}<\/script>\n<!-- \/ Yoast SEO plugin. -->","yoast_head_json":{"title":"Kj\u00f8p Pump It Bath Salt - Pump It Bath Salt - Best Global Meds","description":"Kj\u00f8p Pump It Bath Salt for salg i Storbritannia, Europa, AU i v\u00e5r Bestglobalmeds nettbutikk med rask levering over hele verden! Det beste Pump It Bath Salt for bestilling finner du her!","robots":{"index":"index","follow":"follow","max-snippet":"max-snippet:-1","max-image-preview":"max-image-preview:large","max-video-preview":"max-video-preview:-1"},"canonical":"https:\/\/medicinasinc.com\/no\/product\/kjop-pumpe-det-badesalt\/","og_locale":"nn_NO","og_type":"article","og_title":"Kj\u00f8p Pump It Bath Salt - Pump It Bath Salt - Best Global Meds","og_description":"Kj\u00f8p Pump It Bath Salt for salg i Storbritannia, Europa, AU i v\u00e5r Bestglobalmeds nettbutikk med rask levering over hele verden! Det beste Pump It Bath Salt for bestilling finner du her!","og_url":"https:\/\/medicinasinc.com\/no\/product\/kjop-pumpe-det-badesalt\/","og_site_name":"Medicinas Inc","article_modified_time":"2022-03-22T00:45:44+00:00","og_image":[{"width":600,"height":600,"url":"https:\/\/medicinasinc.com\/no\/wp-content\/uploads\/sites\/14\/2022\/02\/Buy-Pump-It-Bath-Salt.jpg","type":"image\/jpeg"}],"twitter_card":"summary_large_image","twitter_misc":{"Est. reading time":"3 minutt"},"schema":{"@context":"https:\/\/schema.org","@graph":[{"@type":"WebPage","@id":"https:\/\/medicinasinc.com\/no\/product\/kjop-pumpe-det-badesalt\/","url":"https:\/\/medicinasinc.com\/no\/product\/kjop-pumpe-det-badesalt\/","name":"Kj\u00f8p Pump It Bath Salt - Pump It Bath Salt - Best Global Meds","isPartOf":{"@id":"https:\/\/medicinasinc.com\/no\/#website"},"primaryImageOfPage":{"@id":"https:\/\/medicinasinc.com\/no\/product\/kjop-pumpe-det-badesalt\/#primaryimage"},"image":{"@id":"https:\/\/medicinasinc.com\/no\/product\/kjop-pumpe-det-badesalt\/#primaryimage"},"thumbnailUrl":"https:\/\/medicinasinc.com\/no\/wp-content\/uploads\/sites\/14\/2022\/02\/Buy-Pump-It-Bath-Salt.jpg","datePublished":"2022-02-22T04:11:15+00:00","dateModified":"2022-03-22T00:45:44+00:00","description":"Kj\u00f8p Pump It Bath Salt for salg i Storbritannia, Europa, AU i v\u00e5r Bestglobalmeds nettbutikk med rask levering over hele verden! Det beste Pump It Bath Salt for bestilling finner du her!","breadcrumb":{"@id":"https:\/\/medicinasinc.com\/no\/product\/kjop-pumpe-det-badesalt\/#breadcrumb"},"inLanguage":"nn-NO","potentialAction":[{"@type":"ReadAction","target":["https:\/\/medicinasinc.com\/no\/product\/kjop-pumpe-det-badesalt\/"]}]},{"@type":"ImageObject","inLanguage":"nn-NO","@id":"https:\/\/medicinasinc.com\/no\/product\/kjop-pumpe-det-badesalt\/#primaryimage","url":"https:\/\/medicinasinc.com\/no\/wp-content\/uploads\/sites\/14\/2022\/02\/Buy-Pump-It-Bath-Salt.jpg","contentUrl":"https:\/\/medicinasinc.com\/no\/wp-content\/uploads\/sites\/14\/2022\/02\/Buy-Pump-It-Bath-Salt.jpg","width":600,"height":600},{"@type":"BreadcrumbList","@id":"https:\/\/medicinasinc.com\/no\/product\/kjop-pumpe-det-badesalt\/#breadcrumb","itemListElement":[{"@type":"ListItem","position":1,"name":"Butikk","item":"https:\/\/medicinasinc.com\/no\/butikk\/"},{"@type":"ListItem","position":2,"name":"Kj\u00f8p Pump It Bath Salt"}]},{"@type":"WebSite","@id":"https:\/\/medicinasinc.com\/no\/#website","url":"https:\/\/medicinasinc.com\/no\/","name":"Medicinas Inc","description":"Helsemedisinsk klinikk","potentialAction":[{"@type":"SearchAction","target":{"@type":"EntryPoint","urlTemplate":"https:\/\/medicinasinc.com\/no\/?s={search_term_string}"},"query-input":{"@type":"PropertyValueSpecification","valueRequired":true,"valueName":"search_term_string"}}],"inLanguage":"nn-NO"}]}},"_links":{"self":[{"href":"https:\/\/medicinasinc.com\/no\/wp-json\/wp\/v2\/product\/5685","targetHints":{"allow":["GET"]}}],"collection":[{"href":"https:\/\/medicinasinc.com\/no\/wp-json\/wp\/v2\/product"}],"about":[{"href":"https:\/\/medicinasinc.com\/no\/wp-json\/wp\/v2\/types\/product"}],"replies":[{"embeddable":true,"href":"https:\/\/medicinasinc.com\/no\/wp-json\/wp\/v2\/comments?post=5685"}],"wp:featuredmedia":[{"embeddable":true,"href":"https:\/\/medicinasinc.com\/no\/wp-json\/wp\/v2\/media\/5697"}],"wp:attachment":[{"href":"https:\/\/medicinasinc.com\/no\/wp-json\/wp\/v2\/media?parent=5685"}],"wp:term":[{"taxonomy":"product_brand","embeddable":true,"href":"https:\/\/medicinasinc.com\/no\/wp-json\/wp\/v2\/product_brand?post=5685"},{"taxonomy":"product_cat","embeddable":true,"href":"https:\/\/medicinasinc.com\/no\/wp-json\/wp\/v2\/product_cat?post=5685"},{"taxonomy":"product_tag","embeddable":true,"href":"https:\/\/medicinasinc.com\/no\/wp-json\/wp\/v2\/product_tag?post=5685"}],"curies":[{"name":"wp","href":"https:\/\/api.w.org\/{rel}","templated":true}]}}