{"id":5684,"date":"2022-02-22T04:10:18","date_gmt":"2022-02-22T04:10:18","guid":{"rendered":"https:\/\/medicinasinc.com\/no\/?post_type=product&#038;p=5684"},"modified":"2022-03-22T00:45:53","modified_gmt":"2022-03-22T00:45:53","slug":"kjop-mmb-2201-pulver","status":"publish","type":"product","link":"https:\/\/medicinasinc.com\/no\/product\/kjop-mmb-2201-pulver\/","title":{"rendered":"Kj\u00f8p MMB-2201 pulver"},"content":{"rendered":"<p>MDMB-2201 Drug er et f\u00f8rsteklasses forskningskjemikalie som du kan f\u00e5 p\u00e5 nettet til en rimelig pris. P\u00e5litelig leverand\u00f8r bestglobalmed.com tilbyr 5F-MDMB-2201 til en rabattert pris. Som et designermedikament og som en aktiv ingrediens i syntetiserte cannabisblandinger, er MMB-2201 en sterk indol-3-karboksamid-basert syntetisk cannabinoid.<\/p>\n<p>Indol-3-karboksamid-basert syntetisk cannabinoid MMB-2201 ( ogs\u00e5 kjent som 5F-MMB-PICA, 5F-AMB-PICA og I-AMB) har blitt annonsert som et designermedisin og en ingrediens i syntetiske cannabisblandinger. F\u00f8rst rapportert i Russland og Hviterussland i januar 2014, har den siden blitt solgt i mange andre nasjoner. Indolkjernemotstykke til 5F-AMB er denne forbindelsen. syntetiske cannabisforbindelser med en N-1-metoksykarbonylgruppe som inneholder en indol-3-karboksamidkjerne eller en indazol-3-karboksamidkjerne, samt en isopropyl- eller t-butylsubstituent, har vist seg \u00e5 v\u00e6re betydelig mer skadelig enn eldre syntetisk cannabinoid forbindelser<\/p>\n<p>Syntetisk cannabinoid 5F-MDMB-2201 er ekstremt lik MMB-2201 (indazolfamilie). P\u00e5 b\u00e5de CB1- og CB2-reseptorene ut\u00f8ver 5F-MDMB-2201 en betydelig effekt (agonisme).<\/p>\n<p>Metabolisk navn: Metyl 2-metyl-1H-indol-3-karboksamido-dimetylbutanat<\/p>\n<p>Som en designermedisin og aktiv ingrediens i syntetiske cannabisblandinger, er MMB-2201 en indol-3-karboksamidbasert syntetisk cannabinoid.<\/p>\n<p>889493-21-2 CAS-nummer<\/p>\n<p>C21H29FN2O3 er den kjemiske formelen.<\/p>\n<p>Minimumsrenhet p\u00e5 99,7 prosent<\/p>\n<p>376,49 er molekylvekten<\/p>\n<p>Krystaller\/pulver i utseende<\/p>\n<p> Indol-3-karboksamid-basert syntetisk cannabinoid MMB-2201 (ogs\u00e5 kjent som 5F-MMB-PICA, 5F-AMB-PICA og I-AMB) er en designermedisin og aktiv ingrediens i syntetiske cannabisblandinger. Selv om det opprinnelig ble rapportert i Russland og Hviterussland i januar i \u00e5r, har det senere blitt solgt i en rekke andre nasjoner. 5F-indol AMBs kjernemotstykke finnes i denne forbindelsen. Det er funnet at nyere syntetiske cannabisforbindelser med en indol-3-karboksamid- eller indazol-3-karboksamidkjerne og en N-1-metoksykarbonylgruppe knyttet til en isopropyl- eller t-butylsubstituent er langt mer skadelige enn eldre syntetiske cannabinoidforbindelser. &#8211;<\/p>\n<p>Syntetisk cannabinoid 5F-MDMB-2201 er ekstremt lik MMB-2201 (indazolfamilie). B\u00e5de CB1- og CB2-reseptorene er sv\u00e6rt antagonistiske til 5F-MDMB-2201.<\/p>\n<p>Metabolisk navn: Metyl-2-metyl-1H-indol-3-karboksamido-dimetylbutanat.<\/p>\n<p>Som en designermedisin og aktiv ingrediens i syntetiske cannabisblandinger, MMB-2201 er en indol-3-karboksamidbasert syntetisk cannabinoid.<\/p>\n<p>889493-21-2 CAS-nummer<\/p>\n<p>C21H29FN2O3 er den kjemiske formelen .<\/p>\n<p>Minimumsrenhet p\u00e5 99,7 prosent<\/p>\n<p>376,49 er molekylvekten<\/p>\n<p>Krystaller og pulver<\/p>\n","protected":false},"excerpt":{"rendered":"<p>Kj\u00f8p MMB-2201 Powder for salg i Storbritannia, Europa, AU. vi tilbyr den mest p\u00e5litelige transaksjonen og selger til sv\u00e6rt rimelige priser. Bestill MMB-2201 Powder n\u00e5 til de beste prisene<\/p>\n<p>Kj\u00f8p online MMB-2201 Powder Pure Online. MMB-2201 Powder er ogs\u00e5: 5F-MMB-PICA, 5F-AMB-PICA eller I-AMB.<\/p>\n<p>5CAKB48 MMB022,\u00a0<em>MPHP2201<\/em>\u00a0h\u00f8y renhet og gult\u00a0<em>pulver<\/em>\u00a0p\u00e5 nettet &#8230; <em>Mmbfub<\/em>,\u00a0<em>Mphp2201<\/em>, 5f-mdmb-<em>2201<\/em>, 5feapb\/5feapb, Mmb022, 4-cdc, Fub144,\u00a0<em>Fub2201<\/em>.<\/p>\n<p><em>Kj\u00f8p<\/em>\u00a05F MDMB Online &#8211; Du kan bestille 5F-MDMB-<em>2201-pulver<\/em>\u00a0til en billig pris fra &#8230; 5F MDMB\u00a0<em>2201<\/em>\u00a0Crystals er ogs\u00e5 kjent som 5F-<em>MMB<\/em>-PICA, 5F-AMB-PICA og I-AMB.<\/p>\n<p>&nbsp;<\/p>\n","protected":false},"featured_media":5695,"comment_status":"open","ping_status":"closed","template":"","meta":[],"product_brand":[],"product_cat":[2596],"product_tag":[2600,2616,2601,2602,2605,2606,2611,2612,2613,2614,2610,2607,2609,2608,2615,2603,2604,2627,2628,2626,3563,3564,2631,2619,2620,2621,2622,2629,2625],"class_list":{"0":"post-5684","1":"product","2":"type-product","3":"status-publish","4":"has-post-thumbnail","6":"product_cat-cannabinoider-til-salg","7":"product_tag-5f-mdmb-2201","8":"product_tag-5f-mdmb-2201-gjennomgang","9":"product_tag-5f-mdmb-2201-cannabinoider","10":"product_tag-5f-mdmb-2201-cannabinoider-til-salg","11":"product_tag-5f-mdmb-2201-powder","12":"product_tag-5f-mdmb-2201-powder-australia","13":"product_tag-5f-mdmb-2201-powder-supplier","14":"product_tag-5f-mdmb-2201-powder-uk","15":"product_tag-5f-mdmb-2201-powder-usa","16":"product_tag-5f-mdmb-2201-powder-vendor","17":"product_tag-5f-mdmb-2201-powder-review","18":"product_tag-5f-mdmb-2201-powder-canada","19":"product_tag-5f-mdmb-2201-pulver-til-salg","20":"product_tag-5f-mdmb-2201-pulver-dosering","21":"product_tag-5f-mdmb-2201-reddit","22":"product_tag-5f-mdmb-2201-til-salgs","23":"product_tag-5f-mdmb-2201-til-salg-online","24":"product_tag-bestille-5f-mdmb-2201-online","25":"product_tag-ordre-5f-mdmb-2201-pulver","26":"product_tag-ordre-5f-mdmb-2201","27":"product_tag-fjern-term-5f-mdmb-2201-5f-mdmb-2201-effekt","28":"product_tag-fjern-term-5f-mdmb-2201-5f-mdmb-2201-pulver-til-salg","29":"product_tag-hvor-kan-kjpe-5f-mdmb-2201","30":"product_tag-kjp-5f-mdmb-2201","31":"product_tag-kjp-5f-mdmb-2201-cannabinoider","32":"product_tag-kjp-5f-mdmb-2201-online","33":"product_tag-buy-5f-mdmb-2201-powder-online","34":"product_tag-leie-5f-mdmb-2201-pulver","35":"product_tag-mail-5f-mdmb-2201","37":"first","38":"instock","39":"shipping-taxable","40":"purchasable","41":"product-type-variable","42":"has-default-attributes"},"yoast_head":"<!-- This site is optimized with the Yoast SEO plugin v27.3 - https:\/\/yoast.com\/product\/yoast-seo-wordpress\/ -->\n<title>Kj\u00f8p MMB-2201-pulver - MMB-2201 til salgs - Beste globale medisiner<\/title>\n<meta name=\"description\" content=\"Kj\u00f8p MMB-2201 pulver til salgs i Storbritannia, Europa, AU. vi tilbyr den mest p\u00e5litelige transaksjonen og selger til sv\u00e6rt rimelige priser. Bestill MMB-2201 Powder n\u00e5 til de beste prisene\" \/>\n<meta name=\"robots\" content=\"index, follow, max-snippet:-1, max-image-preview:large, max-video-preview:-1\" \/>\n<link rel=\"canonical\" href=\"https:\/\/medicinasinc.com\/no\/product\/kjop-mmb-2201-pulver\/\" \/>\n<meta property=\"og:locale\" content=\"nn_NO\" \/>\n<meta property=\"og:type\" content=\"article\" \/>\n<meta property=\"og:title\" content=\"Kj\u00f8p MMB-2201-pulver - MMB-2201 til salgs - Beste globale medisiner\" \/>\n<meta property=\"og:description\" content=\"Kj\u00f8p MMB-2201 pulver til salgs i Storbritannia, Europa, AU. vi tilbyr den mest p\u00e5litelige transaksjonen og selger til sv\u00e6rt rimelige priser. Bestill MMB-2201 Powder n\u00e5 til de beste prisene\" \/>\n<meta property=\"og:url\" content=\"https:\/\/medicinasinc.com\/no\/product\/kjop-mmb-2201-pulver\/\" \/>\n<meta property=\"og:site_name\" content=\"Medicinas Inc\" \/>\n<meta property=\"article:modified_time\" content=\"2022-03-22T00:45:53+00:00\" \/>\n<meta property=\"og:image\" content=\"https:\/\/medicinasinc.com\/no\/wp-content\/uploads\/sites\/14\/2022\/02\/Buy-MMB-2201-Powder.jpg\" \/>\n\t<meta property=\"og:image:width\" content=\"600\" \/>\n\t<meta property=\"og:image:height\" content=\"600\" \/>\n\t<meta property=\"og:image:type\" content=\"image\/jpeg\" \/>\n<meta name=\"twitter:card\" content=\"summary_large_image\" \/>\n<meta name=\"twitter:label1\" content=\"Est. reading time\" \/>\n\t<meta name=\"twitter:data1\" content=\"2 minutt\" \/>\n<script type=\"application\/ld+json\" class=\"yoast-schema-graph\">{\"@context\":\"https:\\\/\\\/schema.org\",\"@graph\":[{\"@type\":\"WebPage\",\"@id\":\"https:\\\/\\\/medicinasinc.com\\\/no\\\/product\\\/kjop-mmb-2201-pulver\\\/\",\"url\":\"https:\\\/\\\/medicinasinc.com\\\/no\\\/product\\\/kjop-mmb-2201-pulver\\\/\",\"name\":\"Kj\u00f8p MMB-2201-pulver - MMB-2201 til salgs - Beste globale medisiner\",\"isPartOf\":{\"@id\":\"https:\\\/\\\/medicinasinc.com\\\/no\\\/#website\"},\"primaryImageOfPage\":{\"@id\":\"https:\\\/\\\/medicinasinc.com\\\/no\\\/product\\\/kjop-mmb-2201-pulver\\\/#primaryimage\"},\"image\":{\"@id\":\"https:\\\/\\\/medicinasinc.com\\\/no\\\/product\\\/kjop-mmb-2201-pulver\\\/#primaryimage\"},\"thumbnailUrl\":\"https:\\\/\\\/medicinasinc.com\\\/no\\\/wp-content\\\/uploads\\\/sites\\\/14\\\/2022\\\/02\\\/Buy-MMB-2201-Powder.jpg\",\"datePublished\":\"2022-02-22T04:10:18+00:00\",\"dateModified\":\"2022-03-22T00:45:53+00:00\",\"description\":\"Kj\u00f8p MMB-2201 pulver til salgs i Storbritannia, Europa, AU. vi tilbyr den mest p\u00e5litelige transaksjonen og selger til sv\u00e6rt rimelige priser. Bestill MMB-2201 Powder n\u00e5 til de beste prisene\",\"breadcrumb\":{\"@id\":\"https:\\\/\\\/medicinasinc.com\\\/no\\\/product\\\/kjop-mmb-2201-pulver\\\/#breadcrumb\"},\"inLanguage\":\"nn-NO\",\"potentialAction\":[{\"@type\":\"ReadAction\",\"target\":[\"https:\\\/\\\/medicinasinc.com\\\/no\\\/product\\\/kjop-mmb-2201-pulver\\\/\"]}]},{\"@type\":\"ImageObject\",\"inLanguage\":\"nn-NO\",\"@id\":\"https:\\\/\\\/medicinasinc.com\\\/no\\\/product\\\/kjop-mmb-2201-pulver\\\/#primaryimage\",\"url\":\"https:\\\/\\\/medicinasinc.com\\\/no\\\/wp-content\\\/uploads\\\/sites\\\/14\\\/2022\\\/02\\\/Buy-MMB-2201-Powder.jpg\",\"contentUrl\":\"https:\\\/\\\/medicinasinc.com\\\/no\\\/wp-content\\\/uploads\\\/sites\\\/14\\\/2022\\\/02\\\/Buy-MMB-2201-Powder.jpg\",\"width\":600,\"height\":600},{\"@type\":\"BreadcrumbList\",\"@id\":\"https:\\\/\\\/medicinasinc.com\\\/no\\\/product\\\/kjop-mmb-2201-pulver\\\/#breadcrumb\",\"itemListElement\":[{\"@type\":\"ListItem\",\"position\":1,\"name\":\"Butikk\",\"item\":\"https:\\\/\\\/medicinasinc.com\\\/no\\\/butikk\\\/\"},{\"@type\":\"ListItem\",\"position\":2,\"name\":\"Kj\u00f8p MMB-2201 pulver\"}]},{\"@type\":\"WebSite\",\"@id\":\"https:\\\/\\\/medicinasinc.com\\\/no\\\/#website\",\"url\":\"https:\\\/\\\/medicinasinc.com\\\/no\\\/\",\"name\":\"Medicinas Inc\",\"description\":\"Helsemedisinsk klinikk\",\"potentialAction\":[{\"@type\":\"SearchAction\",\"target\":{\"@type\":\"EntryPoint\",\"urlTemplate\":\"https:\\\/\\\/medicinasinc.com\\\/no\\\/?s={search_term_string}\"},\"query-input\":{\"@type\":\"PropertyValueSpecification\",\"valueRequired\":true,\"valueName\":\"search_term_string\"}}],\"inLanguage\":\"nn-NO\"}]}<\/script>\n<!-- \/ Yoast SEO plugin. -->","yoast_head_json":{"title":"Kj\u00f8p MMB-2201-pulver - MMB-2201 til salgs - Beste globale medisiner","description":"Kj\u00f8p MMB-2201 pulver til salgs i Storbritannia, Europa, AU. vi tilbyr den mest p\u00e5litelige transaksjonen og selger til sv\u00e6rt rimelige priser. Bestill MMB-2201 Powder n\u00e5 til de beste prisene","robots":{"index":"index","follow":"follow","max-snippet":"max-snippet:-1","max-image-preview":"max-image-preview:large","max-video-preview":"max-video-preview:-1"},"canonical":"https:\/\/medicinasinc.com\/no\/product\/kjop-mmb-2201-pulver\/","og_locale":"nn_NO","og_type":"article","og_title":"Kj\u00f8p MMB-2201-pulver - MMB-2201 til salgs - Beste globale medisiner","og_description":"Kj\u00f8p MMB-2201 pulver til salgs i Storbritannia, Europa, AU. vi tilbyr den mest p\u00e5litelige transaksjonen og selger til sv\u00e6rt rimelige priser. Bestill MMB-2201 Powder n\u00e5 til de beste prisene","og_url":"https:\/\/medicinasinc.com\/no\/product\/kjop-mmb-2201-pulver\/","og_site_name":"Medicinas Inc","article_modified_time":"2022-03-22T00:45:53+00:00","og_image":[{"width":600,"height":600,"url":"https:\/\/medicinasinc.com\/no\/wp-content\/uploads\/sites\/14\/2022\/02\/Buy-MMB-2201-Powder.jpg","type":"image\/jpeg"}],"twitter_card":"summary_large_image","twitter_misc":{"Est. reading time":"2 minutt"},"schema":{"@context":"https:\/\/schema.org","@graph":[{"@type":"WebPage","@id":"https:\/\/medicinasinc.com\/no\/product\/kjop-mmb-2201-pulver\/","url":"https:\/\/medicinasinc.com\/no\/product\/kjop-mmb-2201-pulver\/","name":"Kj\u00f8p MMB-2201-pulver - MMB-2201 til salgs - Beste globale medisiner","isPartOf":{"@id":"https:\/\/medicinasinc.com\/no\/#website"},"primaryImageOfPage":{"@id":"https:\/\/medicinasinc.com\/no\/product\/kjop-mmb-2201-pulver\/#primaryimage"},"image":{"@id":"https:\/\/medicinasinc.com\/no\/product\/kjop-mmb-2201-pulver\/#primaryimage"},"thumbnailUrl":"https:\/\/medicinasinc.com\/no\/wp-content\/uploads\/sites\/14\/2022\/02\/Buy-MMB-2201-Powder.jpg","datePublished":"2022-02-22T04:10:18+00:00","dateModified":"2022-03-22T00:45:53+00:00","description":"Kj\u00f8p MMB-2201 pulver til salgs i Storbritannia, Europa, AU. vi tilbyr den mest p\u00e5litelige transaksjonen og selger til sv\u00e6rt rimelige priser. Bestill MMB-2201 Powder n\u00e5 til de beste prisene","breadcrumb":{"@id":"https:\/\/medicinasinc.com\/no\/product\/kjop-mmb-2201-pulver\/#breadcrumb"},"inLanguage":"nn-NO","potentialAction":[{"@type":"ReadAction","target":["https:\/\/medicinasinc.com\/no\/product\/kjop-mmb-2201-pulver\/"]}]},{"@type":"ImageObject","inLanguage":"nn-NO","@id":"https:\/\/medicinasinc.com\/no\/product\/kjop-mmb-2201-pulver\/#primaryimage","url":"https:\/\/medicinasinc.com\/no\/wp-content\/uploads\/sites\/14\/2022\/02\/Buy-MMB-2201-Powder.jpg","contentUrl":"https:\/\/medicinasinc.com\/no\/wp-content\/uploads\/sites\/14\/2022\/02\/Buy-MMB-2201-Powder.jpg","width":600,"height":600},{"@type":"BreadcrumbList","@id":"https:\/\/medicinasinc.com\/no\/product\/kjop-mmb-2201-pulver\/#breadcrumb","itemListElement":[{"@type":"ListItem","position":1,"name":"Butikk","item":"https:\/\/medicinasinc.com\/no\/butikk\/"},{"@type":"ListItem","position":2,"name":"Kj\u00f8p MMB-2201 pulver"}]},{"@type":"WebSite","@id":"https:\/\/medicinasinc.com\/no\/#website","url":"https:\/\/medicinasinc.com\/no\/","name":"Medicinas Inc","description":"Helsemedisinsk klinikk","potentialAction":[{"@type":"SearchAction","target":{"@type":"EntryPoint","urlTemplate":"https:\/\/medicinasinc.com\/no\/?s={search_term_string}"},"query-input":{"@type":"PropertyValueSpecification","valueRequired":true,"valueName":"search_term_string"}}],"inLanguage":"nn-NO"}]}},"_links":{"self":[{"href":"https:\/\/medicinasinc.com\/no\/wp-json\/wp\/v2\/product\/5684","targetHints":{"allow":["GET"]}}],"collection":[{"href":"https:\/\/medicinasinc.com\/no\/wp-json\/wp\/v2\/product"}],"about":[{"href":"https:\/\/medicinasinc.com\/no\/wp-json\/wp\/v2\/types\/product"}],"replies":[{"embeddable":true,"href":"https:\/\/medicinasinc.com\/no\/wp-json\/wp\/v2\/comments?post=5684"}],"wp:featuredmedia":[{"embeddable":true,"href":"https:\/\/medicinasinc.com\/no\/wp-json\/wp\/v2\/media\/5695"}],"wp:attachment":[{"href":"https:\/\/medicinasinc.com\/no\/wp-json\/wp\/v2\/media?parent=5684"}],"wp:term":[{"taxonomy":"product_brand","embeddable":true,"href":"https:\/\/medicinasinc.com\/no\/wp-json\/wp\/v2\/product_brand?post=5684"},{"taxonomy":"product_cat","embeddable":true,"href":"https:\/\/medicinasinc.com\/no\/wp-json\/wp\/v2\/product_cat?post=5684"},{"taxonomy":"product_tag","embeddable":true,"href":"https:\/\/medicinasinc.com\/no\/wp-json\/wp\/v2\/product_tag?post=5684"}],"curies":[{"name":"wp","href":"https:\/\/api.w.org\/{rel}","templated":true}]}}