{"id":5682,"date":"2022-02-22T04:07:27","date_gmt":"2022-02-22T04:07:27","guid":{"rendered":"https:\/\/medicinasinc.com\/no\/?post_type=product&#038;p=5682"},"modified":"2022-03-22T00:46:09","modified_gmt":"2022-03-22T00:46:09","slug":"kjop-ikke-okse-badesalt","status":"publish","type":"product","link":"https:\/\/medicinasinc.com\/no\/product\/kjop-ikke-okse-badesalt\/","title":{"rendered":"Kj\u00f8p No Bull Bath Salt"},"content":{"rendered":"<p>Hast p\u00e5 stressavlastende badesalt<\/p>\n<p>Badsalt uten okse er til salgs. For \u00e5 sikre at du f\u00e5r et avslappende, sensuelt bad, tilbyr vi badeprodukter av h\u00f8y kvalitet som badesalt. N\u00e5r du kj\u00f8per badesalt p\u00e5 nett fra oss, kan du v\u00e6re trygg p\u00e5 at du f\u00e5r det best mulige produktet. Andre badesaltkonsentrater er tilgjengelige for salg til rimelige kostnader gjennom engros- og detaljhandelen v\u00e5r.<\/p>\n<p>Det handler om produktene v\u00e5re<\/p>\n<p>En bl\u00f8tlegging med No-Bull Bath Salts vil gi deg en f\u00f8lelse av styrke , energisk og euforisk. En beskjeden bit er alt som kreves for \u00e5 ha en betydelig innvirkning. Som et alternativ, legg en liten mengde i det varme badet ditt, og du vil f\u00f8le deg forynget og ekstatisk. Til tross for dette bruker mange den til \u00e5 etterligne de ekte varme kildene som finnes langs den greske kysten. V\u00e6r oppmerksom p\u00e5: Produktet v\u00e5rt er et potent badesalt for meditasjon. I begynnelsen, bruk bare en liten mengde for \u00e5 unng\u00e5 \u00e5 gj\u00f8re badevannet for grumsete. Men hvis det brukes riktig, kan No Bull Bath Salts hjelpe deg med \u00e5 erobre tidligere uoverstigelige h\u00f8yder.<\/p>\n<p>ANDRE TING \u00c5 PR\u00d8VE<br \/> Ivory Wave Recharge Bath Salts 500mg, White Girl 500mg Konsentrert badesalt, Tranquility Concentrated Bath Salter 500mg, og X Rated Bath Salts 500mg er noen av badesaltene vi har med oss.<br \/> Badesalt konsentrert elfenben glatt 500mg<br \/> Badesalt 50mg Blue Wave<br \/> Rent badesalt &#8211; bl\u00e5 silke, 500 mg <br \/> 500 mg bolivianske badesalt<br \/> Rave On Bath Salt Tranquility 500mg konsentrert badesalt fra G Pheonix.<br \/> 500 milligram Eight Ballz Bath Salts.<br \/> TOALETTSALTER, 1 GRAM, HOLLYWOOD br \/&gt; Diamond Dust \u2013 500 milligram<br \/> 500 milligram Drone V Fun Powder<br \/> Novelty Powder Black Diamond fra Black Diamond<br \/> Novelty powder pump-it pulver 500mg Eight Ballz<br \/> 500mg White Rush Bath Salts.<br \/> 400g Pure Bath Salts Ivory Wave Ultra<br \/> Salts of the Wave 500mg Ivory<br \/> 500mg Lady Bubbles Bath Salt.<br \/> 50 0mg Cloud 9 Bath Salts<br \/> Powder 500mg Heavenly Soak &#8211; Euphoric &#8211; Novelty<br \/> Energy &#8211; Novelty Powder 500mg from Heavenly Soak<br \/> The Sky &#8211; Novelty Powder \u2013 500 mg<br \/> Novelty Powder, 500mg Mollys blanding<\/p>\n","protected":false},"excerpt":{"rendered":"<p>Konsentrert badesalt av topp kvalitet.<\/p>\n<p>100 % lovlig over hele verden<\/p>\n<p><em>Kj\u00f8p<\/em>\u00a0White Girl\u00a0<em>Bath Salts<\/em>\u00a0fra godkjent leverand\u00f8r . Toppkvalitetsrenhet, rettferdige priser, Rask garantert levering, Refusjons-\/Returpolicy, God kundeservice.<\/p>\n<p>Betaler du for mye for\u00a0<em>ingen<\/em>&#8211;<em>tyrebadesalt<\/em>\u00a0p\u00e5 nettet? <em>Kj\u00f8p ingen<\/em>&#8211;<em>tyrebadesalt<\/em> online hos Best Global Meds. Bli kjent med <em>no<\/em>&#8211;<em>bull bath salts<\/em>\u00a0for salgspriser.<\/p>\n<p><em>Kj\u00f8p No Bull Badesalt<\/em>\u00a0P\u00e5 nett til den beste prisen. Vi garanterer trygg og sikker frakt over hele verden.<\/p>\n","protected":false},"featured_media":5693,"comment_status":"open","ping_status":"closed","template":"","meta":[],"product_brand":[],"product_cat":[2014],"product_tag":[3559,3561,3548,3549,3550,3562,3554,3552,3551,3553,3556,3555,3557,3558,3560],"class_list":{"0":"post-5682","1":"product","2":"type-product","3":"status-publish","4":"has-post-thumbnail","6":"product_cat-kjpe-forskning-kjemikalier","7":"product_tag-ingen-okse-badesalt","8":"product_tag-bestill-ikke-tyre-badesalt-p-nett","9":"product_tag-buy-no-bull-bath-salt","10":"product_tag-buy-no-bull-powder-cleaner-1000mg-bath-salt-online","11":"product_tag-buy-no-bull-bath-salts-online","12":"product_tag-hvor-kan-kjpes-ingen-okse-badesalt","13":"product_tag-ingen-okse-bad-salt-bestilling","14":"product_tag-ingen-okse-bad-salt-effekt","15":"product_tag-ikke-okse-bad-salt-kjp","16":"product_tag-no-bull-bath-salt-google","17":"product_tag-ikke-okse-bad-salt-salg","18":"product_tag-no-bull-bath-salt-reddit","19":"product_tag-no-bull-powder-cleaner-1000mg-badesalt","20":"product_tag-no-bull-powder-cleaner-1000mg-badesalt-online","21":"product_tag-ingen-okse-badesalt-til-salg","23":"first","24":"instock","25":"shipping-taxable","26":"purchasable","27":"product-type-variable","28":"has-default-attributes"},"yoast_head":"<!-- This site is optimized with the Yoast SEO plugin v27.3 - https:\/\/yoast.com\/product\/yoast-seo-wordpress\/ -->\n<title>Kj\u00f8p No Bull Bath Salt - No Bull Bath Salt Online - Beste globale medisiner<\/title>\n<meta name=\"description\" content=\"Kj\u00f8p No Bull Bath Salt til salgs i Storbritannia, Europa, AU. vi tilbyr den mest p\u00e5litelige transaksjonen og selger til sv\u00e6rt rimelige priser. Bestill No Bull Bath Salt n\u00e5 til de beste prisene\" \/>\n<meta name=\"robots\" content=\"index, follow, max-snippet:-1, max-image-preview:large, max-video-preview:-1\" \/>\n<link rel=\"canonical\" href=\"https:\/\/medicinasinc.com\/no\/product\/kjop-ikke-okse-badesalt\/\" \/>\n<meta property=\"og:locale\" content=\"nn_NO\" \/>\n<meta property=\"og:type\" content=\"article\" \/>\n<meta property=\"og:title\" content=\"Kj\u00f8p No Bull Bath Salt - No Bull Bath Salt Online - Beste globale medisiner\" \/>\n<meta property=\"og:description\" content=\"Kj\u00f8p No Bull Bath Salt til salgs i Storbritannia, Europa, AU. vi tilbyr den mest p\u00e5litelige transaksjonen og selger til sv\u00e6rt rimelige priser. Bestill No Bull Bath Salt n\u00e5 til de beste prisene\" \/>\n<meta property=\"og:url\" content=\"https:\/\/medicinasinc.com\/no\/product\/kjop-ikke-okse-badesalt\/\" \/>\n<meta property=\"og:site_name\" content=\"Medicinas Inc\" \/>\n<meta property=\"article:modified_time\" content=\"2022-03-22T00:46:09+00:00\" \/>\n<meta property=\"og:image\" content=\"https:\/\/medicinasinc.com\/no\/wp-content\/uploads\/sites\/14\/2022\/02\/Buy-No-Bull-Bath-Salt.jpg\" \/>\n\t<meta property=\"og:image:width\" content=\"600\" \/>\n\t<meta property=\"og:image:height\" content=\"600\" \/>\n\t<meta property=\"og:image:type\" content=\"image\/jpeg\" \/>\n<meta name=\"twitter:card\" content=\"summary_large_image\" \/>\n<meta name=\"twitter:label1\" content=\"Est. reading time\" \/>\n\t<meta name=\"twitter:data1\" content=\"2 minutt\" \/>\n<script type=\"application\/ld+json\" class=\"yoast-schema-graph\">{\"@context\":\"https:\\\/\\\/schema.org\",\"@graph\":[{\"@type\":\"WebPage\",\"@id\":\"https:\\\/\\\/medicinasinc.com\\\/no\\\/product\\\/kjop-ikke-okse-badesalt\\\/\",\"url\":\"https:\\\/\\\/medicinasinc.com\\\/no\\\/product\\\/kjop-ikke-okse-badesalt\\\/\",\"name\":\"Kj\u00f8p No Bull Bath Salt - No Bull Bath Salt Online - Beste globale medisiner\",\"isPartOf\":{\"@id\":\"https:\\\/\\\/medicinasinc.com\\\/no\\\/#website\"},\"primaryImageOfPage\":{\"@id\":\"https:\\\/\\\/medicinasinc.com\\\/no\\\/product\\\/kjop-ikke-okse-badesalt\\\/#primaryimage\"},\"image\":{\"@id\":\"https:\\\/\\\/medicinasinc.com\\\/no\\\/product\\\/kjop-ikke-okse-badesalt\\\/#primaryimage\"},\"thumbnailUrl\":\"https:\\\/\\\/medicinasinc.com\\\/no\\\/wp-content\\\/uploads\\\/sites\\\/14\\\/2022\\\/02\\\/Buy-No-Bull-Bath-Salt.jpg\",\"datePublished\":\"2022-02-22T04:07:27+00:00\",\"dateModified\":\"2022-03-22T00:46:09+00:00\",\"description\":\"Kj\u00f8p No Bull Bath Salt til salgs i Storbritannia, Europa, AU. vi tilbyr den mest p\u00e5litelige transaksjonen og selger til sv\u00e6rt rimelige priser. Bestill No Bull Bath Salt n\u00e5 til de beste prisene\",\"breadcrumb\":{\"@id\":\"https:\\\/\\\/medicinasinc.com\\\/no\\\/product\\\/kjop-ikke-okse-badesalt\\\/#breadcrumb\"},\"inLanguage\":\"nn-NO\",\"potentialAction\":[{\"@type\":\"ReadAction\",\"target\":[\"https:\\\/\\\/medicinasinc.com\\\/no\\\/product\\\/kjop-ikke-okse-badesalt\\\/\"]}]},{\"@type\":\"ImageObject\",\"inLanguage\":\"nn-NO\",\"@id\":\"https:\\\/\\\/medicinasinc.com\\\/no\\\/product\\\/kjop-ikke-okse-badesalt\\\/#primaryimage\",\"url\":\"https:\\\/\\\/medicinasinc.com\\\/no\\\/wp-content\\\/uploads\\\/sites\\\/14\\\/2022\\\/02\\\/Buy-No-Bull-Bath-Salt.jpg\",\"contentUrl\":\"https:\\\/\\\/medicinasinc.com\\\/no\\\/wp-content\\\/uploads\\\/sites\\\/14\\\/2022\\\/02\\\/Buy-No-Bull-Bath-Salt.jpg\",\"width\":600,\"height\":600},{\"@type\":\"BreadcrumbList\",\"@id\":\"https:\\\/\\\/medicinasinc.com\\\/no\\\/product\\\/kjop-ikke-okse-badesalt\\\/#breadcrumb\",\"itemListElement\":[{\"@type\":\"ListItem\",\"position\":1,\"name\":\"Butikk\",\"item\":\"https:\\\/\\\/medicinasinc.com\\\/no\\\/butikk\\\/\"},{\"@type\":\"ListItem\",\"position\":2,\"name\":\"Kj\u00f8p No Bull Bath Salt\"}]},{\"@type\":\"WebSite\",\"@id\":\"https:\\\/\\\/medicinasinc.com\\\/no\\\/#website\",\"url\":\"https:\\\/\\\/medicinasinc.com\\\/no\\\/\",\"name\":\"Medicinas Inc\",\"description\":\"Helsemedisinsk klinikk\",\"potentialAction\":[{\"@type\":\"SearchAction\",\"target\":{\"@type\":\"EntryPoint\",\"urlTemplate\":\"https:\\\/\\\/medicinasinc.com\\\/no\\\/?s={search_term_string}\"},\"query-input\":{\"@type\":\"PropertyValueSpecification\",\"valueRequired\":true,\"valueName\":\"search_term_string\"}}],\"inLanguage\":\"nn-NO\"}]}<\/script>\n<!-- \/ Yoast SEO plugin. -->","yoast_head_json":{"title":"Kj\u00f8p No Bull Bath Salt - No Bull Bath Salt Online - Beste globale medisiner","description":"Kj\u00f8p No Bull Bath Salt til salgs i Storbritannia, Europa, AU. vi tilbyr den mest p\u00e5litelige transaksjonen og selger til sv\u00e6rt rimelige priser. Bestill No Bull Bath Salt n\u00e5 til de beste prisene","robots":{"index":"index","follow":"follow","max-snippet":"max-snippet:-1","max-image-preview":"max-image-preview:large","max-video-preview":"max-video-preview:-1"},"canonical":"https:\/\/medicinasinc.com\/no\/product\/kjop-ikke-okse-badesalt\/","og_locale":"nn_NO","og_type":"article","og_title":"Kj\u00f8p No Bull Bath Salt - No Bull Bath Salt Online - Beste globale medisiner","og_description":"Kj\u00f8p No Bull Bath Salt til salgs i Storbritannia, Europa, AU. vi tilbyr den mest p\u00e5litelige transaksjonen og selger til sv\u00e6rt rimelige priser. Bestill No Bull Bath Salt n\u00e5 til de beste prisene","og_url":"https:\/\/medicinasinc.com\/no\/product\/kjop-ikke-okse-badesalt\/","og_site_name":"Medicinas Inc","article_modified_time":"2022-03-22T00:46:09+00:00","og_image":[{"width":600,"height":600,"url":"https:\/\/medicinasinc.com\/no\/wp-content\/uploads\/sites\/14\/2022\/02\/Buy-No-Bull-Bath-Salt.jpg","type":"image\/jpeg"}],"twitter_card":"summary_large_image","twitter_misc":{"Est. reading time":"2 minutt"},"schema":{"@context":"https:\/\/schema.org","@graph":[{"@type":"WebPage","@id":"https:\/\/medicinasinc.com\/no\/product\/kjop-ikke-okse-badesalt\/","url":"https:\/\/medicinasinc.com\/no\/product\/kjop-ikke-okse-badesalt\/","name":"Kj\u00f8p No Bull Bath Salt - No Bull Bath Salt Online - Beste globale medisiner","isPartOf":{"@id":"https:\/\/medicinasinc.com\/no\/#website"},"primaryImageOfPage":{"@id":"https:\/\/medicinasinc.com\/no\/product\/kjop-ikke-okse-badesalt\/#primaryimage"},"image":{"@id":"https:\/\/medicinasinc.com\/no\/product\/kjop-ikke-okse-badesalt\/#primaryimage"},"thumbnailUrl":"https:\/\/medicinasinc.com\/no\/wp-content\/uploads\/sites\/14\/2022\/02\/Buy-No-Bull-Bath-Salt.jpg","datePublished":"2022-02-22T04:07:27+00:00","dateModified":"2022-03-22T00:46:09+00:00","description":"Kj\u00f8p No Bull Bath Salt til salgs i Storbritannia, Europa, AU. vi tilbyr den mest p\u00e5litelige transaksjonen og selger til sv\u00e6rt rimelige priser. Bestill No Bull Bath Salt n\u00e5 til de beste prisene","breadcrumb":{"@id":"https:\/\/medicinasinc.com\/no\/product\/kjop-ikke-okse-badesalt\/#breadcrumb"},"inLanguage":"nn-NO","potentialAction":[{"@type":"ReadAction","target":["https:\/\/medicinasinc.com\/no\/product\/kjop-ikke-okse-badesalt\/"]}]},{"@type":"ImageObject","inLanguage":"nn-NO","@id":"https:\/\/medicinasinc.com\/no\/product\/kjop-ikke-okse-badesalt\/#primaryimage","url":"https:\/\/medicinasinc.com\/no\/wp-content\/uploads\/sites\/14\/2022\/02\/Buy-No-Bull-Bath-Salt.jpg","contentUrl":"https:\/\/medicinasinc.com\/no\/wp-content\/uploads\/sites\/14\/2022\/02\/Buy-No-Bull-Bath-Salt.jpg","width":600,"height":600},{"@type":"BreadcrumbList","@id":"https:\/\/medicinasinc.com\/no\/product\/kjop-ikke-okse-badesalt\/#breadcrumb","itemListElement":[{"@type":"ListItem","position":1,"name":"Butikk","item":"https:\/\/medicinasinc.com\/no\/butikk\/"},{"@type":"ListItem","position":2,"name":"Kj\u00f8p No Bull Bath Salt"}]},{"@type":"WebSite","@id":"https:\/\/medicinasinc.com\/no\/#website","url":"https:\/\/medicinasinc.com\/no\/","name":"Medicinas Inc","description":"Helsemedisinsk klinikk","potentialAction":[{"@type":"SearchAction","target":{"@type":"EntryPoint","urlTemplate":"https:\/\/medicinasinc.com\/no\/?s={search_term_string}"},"query-input":{"@type":"PropertyValueSpecification","valueRequired":true,"valueName":"search_term_string"}}],"inLanguage":"nn-NO"}]}},"_links":{"self":[{"href":"https:\/\/medicinasinc.com\/no\/wp-json\/wp\/v2\/product\/5682","targetHints":{"allow":["GET"]}}],"collection":[{"href":"https:\/\/medicinasinc.com\/no\/wp-json\/wp\/v2\/product"}],"about":[{"href":"https:\/\/medicinasinc.com\/no\/wp-json\/wp\/v2\/types\/product"}],"replies":[{"embeddable":true,"href":"https:\/\/medicinasinc.com\/no\/wp-json\/wp\/v2\/comments?post=5682"}],"wp:featuredmedia":[{"embeddable":true,"href":"https:\/\/medicinasinc.com\/no\/wp-json\/wp\/v2\/media\/5693"}],"wp:attachment":[{"href":"https:\/\/medicinasinc.com\/no\/wp-json\/wp\/v2\/media?parent=5682"}],"wp:term":[{"taxonomy":"product_brand","embeddable":true,"href":"https:\/\/medicinasinc.com\/no\/wp-json\/wp\/v2\/product_brand?post=5682"},{"taxonomy":"product_cat","embeddable":true,"href":"https:\/\/medicinasinc.com\/no\/wp-json\/wp\/v2\/product_cat?post=5682"},{"taxonomy":"product_tag","embeddable":true,"href":"https:\/\/medicinasinc.com\/no\/wp-json\/wp\/v2\/product_tag?post=5682"}],"curies":[{"name":"wp","href":"https:\/\/api.w.org\/{rel}","templated":true}]}}