{"id":5677,"date":"2022-02-22T04:00:21","date_gmt":"2022-02-22T04:00:21","guid":{"rendered":"https:\/\/medicinasinc.com\/no\/?post_type=product&#038;p=5677"},"modified":"2022-03-22T00:46:18","modified_gmt":"2022-03-22T00:46:18","slug":"kjope-metoksetamin","status":"publish","type":"product","link":"https:\/\/medicinasinc.com\/no\/product\/kjope-metoksetamin\/","title":{"rendered":"Kj\u00f8p Metoksetamin"},"content":{"rendered":"<p>Methoxetamine MXE Til salgs p\u00e5 Internett<\/p>\n<p>Vet du hva det er?<\/p>\n<p>Dissosiativt hallusinogen Methoxetamine MXE Online, forkortet til MXE, har blitt solgt som et designerstoff. Dissosiativer som ketamin og fencyklidin (PCP), som var ment for medisinsk bruk som anestesimidler, ble laget for det farmas\u00f8ytiske markedet. Det er mulig \u00e5 kj\u00f8pe metoksetamin p\u00e5 nettet eller fra lokale leverand\u00f8rer. Til salgs er Methoxetamine MXE-pulver, som kan kj\u00f8pes for en lav pris, eller kj\u00f8pes i bulk for en h\u00f8yere pris.<\/p>\n<p>Methoxetamine (MXE), et hallusinogener og anestesimiddel som fungerer som en antagonist p\u00e5 NMDA-reseptoren , er relatert til veterin\u00e6rmedisinen ketamin. Metoksetamins effekter hevdes \u00e5 v\u00e6re mer sterke og langvarige enn effektene til ketamin, noe som gj\u00f8r det til et ideelt alternativ for studenter som forsker p\u00e5 det stoffet. Metoksetamin er tilgjengelig fra BAC utelukkende for forskningsform\u00e5l. MXE Metoksetamin Online uten resept<\/p>\n<p>Metoksetamin er et popul\u00e6rt stoff, og mange enkeltpersoner leter etter m\u00e5ter \u00e5 f\u00e5 tak i det uten \u00e5 forlate hjemmene sine. Som et resultat krever de betalings- og leveringsalternativer som er s\u00e5 enkle som mulig. Imidlertid er de hovedsakelig bekymret for \u00e5 forbli uoppdaget. Du kan imidlertid kj\u00f8pe metoksetamin anonymt og sikkert her ved \u00e5 sende penger med kredittkort. \u00c5 sende penger med Western Union eller Money Gram er en enkel m\u00e5te \u00e5 oppn\u00e5 dette p\u00e5. Vi kan imidlertid \u00f8nske \u00e5 se p\u00e5 diskrethet. Som et resultat tror vi Bitcoin er det ideelle betalingsmiddelet. Sett i gang bestillingen din n\u00e5, og send oss \u200b\u200ben bekreftelse etter at du er ferdig.<\/p>\n<p>Methoxetamine MXE Til salgs p\u00e5 Internett<\/p>\n<p>Som en anerkjent leverand\u00f8r av forskningskjemikalier og farmas\u00f8ytiske produkter, kjemikaliebutikken v\u00e5r har sendt til nesten alle land i verden. For kundenes bekvemmelighet tar vi ogs\u00e5 bitcoin og gavekort. Nedenfor er noen av v\u00e5re mest popul\u00e6re varer.<\/p>\n<p>MXE-pulver p\u00e5 markedet for salg<br \/> Kj\u00f8p 25 I-NBOMe online.<br \/> A-PVP-krystaller kan kj\u00f8pes<br \/> Actavis promethazine med kodein 32 oz er tilgjengelig for kj\u00f8p.<br \/> AB-PINACA kan kj\u00f8pes online.<br \/> Adderall online uten resept<br \/> Kj\u00f8p AK-B48<br \/> Kj\u00f8p amfetamin i pulverform.<br \/> Butylonekrystaller til salgs<\/p>\n","protected":false},"excerpt":{"rendered":"<p>Kj\u00f8p Methoxetamine MXE for salg i Storbritannia, Europa, AU. vi tilbyr den mest p\u00e5litelige transaksjonen og selger til sv\u00e6rt rimelige priser. Bestill Methoxetamine MXE n\u00e5 til de beste prisene<\/p>\n<p>Folk kan kj\u00f8pe Methoxetamine MXE for salg i Storbritannia. Folk som kj\u00f8per hos oss kan v\u00e6re sikre p\u00e5 at de f\u00e5r det de betaler for. Methoxetamine MXE kan kj\u00f8pes n\u00e5 til de beste prisene.<\/p>\n<p>Kj\u00f8p Methoxetamine Online, bestill den beste MXE 99 prosent Pure Overnight Delivery, og finn ut hvor du kan kj\u00f8pe Methoxetamine med et kredittkort. MXE-prisen.<\/p>\n<p>Metoksetamin er et medikament som brukes til \u00e5 behandle smerte. Et hallusinogen kalt Methoxetamine MXE, eller forkortet MXE, har blitt solgt som et &#8220;designerstoff.&#8221;<\/p>\n","protected":false},"featured_media":5687,"comment_status":"open","ping_status":"closed","template":"","meta":[],"product_brand":[],"product_cat":[2014],"product_tag":[3524,3283,3544,3525,3526,3527,3530,3531,3546,3547,3528,3529,3532,3545,3534,3533,3535,3536,3537,3543,3541,3542,3539,3538,3540],"class_list":{"0":"post-5677","1":"product","2":"type-product","3":"status-publish","4":"has-post-thumbnail","6":"product_cat-kjpe-forskning-kjemikalier","7":"product_tag-best-mxe-vendor","8":"product_tag-best-place-to-buy-mxe","9":"product_tag-bestille-metoksetamin-online","10":"product_tag-buy-methoxetamine","11":"product_tag-buy-methoxetamine-mxe-online","12":"product_tag-buy-methoxetamine-online","13":"product_tag-buy-mxe-research-chemical","14":"product_tag-buy-mxe-united-states","15":"product_tag-hvor-kan-jeg-kjpe-mxe","16":"product_tag-hvor-kan-kjpe-mxe-online","17":"product_tag-kjp-mxe-1g","18":"product_tag-kjp-mxe-online","19":"product_tag-kjp-forskning-kjemikalier-metoksetamin","20":"product_tag-kjpe-metoksetamin","21":"product_tag-methoxetamine-online","22":"product_tag-metoksetamin-til-salg","23":"product_tag-mxe","24":"product_tag-mxe-kjp","25":"product_tag-mxe-kjp-online","26":"product_tag-mxe-leverandr","27":"product_tag-mxe-methoxetamine","28":"product_tag-mxe-metoksetamin-erowid","29":"product_tag-mxe-drug-info","30":"product_tag-mxe-medikament-til-salg","31":"product_tag-mxe-til-salg","33":"first","34":"instock","35":"shipping-taxable","36":"purchasable","37":"product-type-variable","38":"has-default-attributes"},"yoast_head":"<!-- This site is optimized with the Yoast SEO plugin v27.3 - https:\/\/yoast.com\/product\/yoast-seo-wordpress\/ -->\n<title>Kj\u00f8p Metoksetamin - Metoksetamin - Beste globale medisiner<\/title>\n<meta name=\"description\" content=\"Kj\u00f8p Methoxetamine MXE til salgs i Storbritannia, Europa, AU. vi tilbyr den mest p\u00e5litelige transaksjonen og selger til sv\u00e6rt rimelige priser. Bestill Methoxetamine MXE n\u00e5 til de beste prisene\" \/>\n<meta name=\"robots\" content=\"index, follow, max-snippet:-1, max-image-preview:large, max-video-preview:-1\" \/>\n<link rel=\"canonical\" href=\"https:\/\/medicinasinc.com\/no\/product\/kjope-metoksetamin\/\" \/>\n<meta property=\"og:locale\" content=\"nn_NO\" \/>\n<meta property=\"og:type\" content=\"article\" \/>\n<meta property=\"og:title\" content=\"Kj\u00f8p Metoksetamin - Metoksetamin - Beste globale medisiner\" \/>\n<meta property=\"og:description\" content=\"Kj\u00f8p Methoxetamine MXE til salgs i Storbritannia, Europa, AU. vi tilbyr den mest p\u00e5litelige transaksjonen og selger til sv\u00e6rt rimelige priser. Bestill Methoxetamine MXE n\u00e5 til de beste prisene\" \/>\n<meta property=\"og:url\" content=\"https:\/\/medicinasinc.com\/no\/product\/kjope-metoksetamin\/\" \/>\n<meta property=\"og:site_name\" content=\"Medicinas Inc\" \/>\n<meta property=\"article:modified_time\" content=\"2022-03-22T00:46:18+00:00\" \/>\n<meta property=\"og:image\" content=\"https:\/\/medicinasinc.com\/no\/wp-content\/uploads\/sites\/14\/2022\/02\/Buy-Methoxetamine.webp\" \/>\n\t<meta property=\"og:image:width\" content=\"750\" \/>\n\t<meta property=\"og:image:height\" content=\"461\" \/>\n\t<meta property=\"og:image:type\" content=\"image\/webp\" \/>\n<meta name=\"twitter:card\" content=\"summary_large_image\" \/>\n<meta name=\"twitter:label1\" content=\"Est. reading time\" \/>\n\t<meta name=\"twitter:data1\" content=\"2 minutt\" \/>\n<script type=\"application\/ld+json\" class=\"yoast-schema-graph\">{\"@context\":\"https:\\\/\\\/schema.org\",\"@graph\":[{\"@type\":\"WebPage\",\"@id\":\"https:\\\/\\\/medicinasinc.com\\\/no\\\/product\\\/kjope-metoksetamin\\\/\",\"url\":\"https:\\\/\\\/medicinasinc.com\\\/no\\\/product\\\/kjope-metoksetamin\\\/\",\"name\":\"Kj\u00f8p Metoksetamin - Metoksetamin - Beste globale medisiner\",\"isPartOf\":{\"@id\":\"https:\\\/\\\/medicinasinc.com\\\/no\\\/#website\"},\"primaryImageOfPage\":{\"@id\":\"https:\\\/\\\/medicinasinc.com\\\/no\\\/product\\\/kjope-metoksetamin\\\/#primaryimage\"},\"image\":{\"@id\":\"https:\\\/\\\/medicinasinc.com\\\/no\\\/product\\\/kjope-metoksetamin\\\/#primaryimage\"},\"thumbnailUrl\":\"https:\\\/\\\/medicinasinc.com\\\/no\\\/wp-content\\\/uploads\\\/sites\\\/14\\\/2022\\\/02\\\/Buy-Methoxetamine.webp\",\"datePublished\":\"2022-02-22T04:00:21+00:00\",\"dateModified\":\"2022-03-22T00:46:18+00:00\",\"description\":\"Kj\u00f8p Methoxetamine MXE til salgs i Storbritannia, Europa, AU. vi tilbyr den mest p\u00e5litelige transaksjonen og selger til sv\u00e6rt rimelige priser. Bestill Methoxetamine MXE n\u00e5 til de beste prisene\",\"breadcrumb\":{\"@id\":\"https:\\\/\\\/medicinasinc.com\\\/no\\\/product\\\/kjope-metoksetamin\\\/#breadcrumb\"},\"inLanguage\":\"nn-NO\",\"potentialAction\":[{\"@type\":\"ReadAction\",\"target\":[\"https:\\\/\\\/medicinasinc.com\\\/no\\\/product\\\/kjope-metoksetamin\\\/\"]}]},{\"@type\":\"ImageObject\",\"inLanguage\":\"nn-NO\",\"@id\":\"https:\\\/\\\/medicinasinc.com\\\/no\\\/product\\\/kjope-metoksetamin\\\/#primaryimage\",\"url\":\"https:\\\/\\\/medicinasinc.com\\\/no\\\/wp-content\\\/uploads\\\/sites\\\/14\\\/2022\\\/02\\\/Buy-Methoxetamine.webp\",\"contentUrl\":\"https:\\\/\\\/medicinasinc.com\\\/no\\\/wp-content\\\/uploads\\\/sites\\\/14\\\/2022\\\/02\\\/Buy-Methoxetamine.webp\",\"width\":750,\"height\":461},{\"@type\":\"BreadcrumbList\",\"@id\":\"https:\\\/\\\/medicinasinc.com\\\/no\\\/product\\\/kjope-metoksetamin\\\/#breadcrumb\",\"itemListElement\":[{\"@type\":\"ListItem\",\"position\":1,\"name\":\"Butikk\",\"item\":\"https:\\\/\\\/medicinasinc.com\\\/no\\\/butikk\\\/\"},{\"@type\":\"ListItem\",\"position\":2,\"name\":\"Kj\u00f8p Metoksetamin\"}]},{\"@type\":\"WebSite\",\"@id\":\"https:\\\/\\\/medicinasinc.com\\\/no\\\/#website\",\"url\":\"https:\\\/\\\/medicinasinc.com\\\/no\\\/\",\"name\":\"Medicinas Inc\",\"description\":\"Helsemedisinsk klinikk\",\"potentialAction\":[{\"@type\":\"SearchAction\",\"target\":{\"@type\":\"EntryPoint\",\"urlTemplate\":\"https:\\\/\\\/medicinasinc.com\\\/no\\\/?s={search_term_string}\"},\"query-input\":{\"@type\":\"PropertyValueSpecification\",\"valueRequired\":true,\"valueName\":\"search_term_string\"}}],\"inLanguage\":\"nn-NO\"}]}<\/script>\n<!-- \/ Yoast SEO plugin. -->","yoast_head_json":{"title":"Kj\u00f8p Metoksetamin - Metoksetamin - Beste globale medisiner","description":"Kj\u00f8p Methoxetamine MXE til salgs i Storbritannia, Europa, AU. vi tilbyr den mest p\u00e5litelige transaksjonen og selger til sv\u00e6rt rimelige priser. Bestill Methoxetamine MXE n\u00e5 til de beste prisene","robots":{"index":"index","follow":"follow","max-snippet":"max-snippet:-1","max-image-preview":"max-image-preview:large","max-video-preview":"max-video-preview:-1"},"canonical":"https:\/\/medicinasinc.com\/no\/product\/kjope-metoksetamin\/","og_locale":"nn_NO","og_type":"article","og_title":"Kj\u00f8p Metoksetamin - Metoksetamin - Beste globale medisiner","og_description":"Kj\u00f8p Methoxetamine MXE til salgs i Storbritannia, Europa, AU. vi tilbyr den mest p\u00e5litelige transaksjonen og selger til sv\u00e6rt rimelige priser. Bestill Methoxetamine MXE n\u00e5 til de beste prisene","og_url":"https:\/\/medicinasinc.com\/no\/product\/kjope-metoksetamin\/","og_site_name":"Medicinas Inc","article_modified_time":"2022-03-22T00:46:18+00:00","og_image":[{"width":750,"height":461,"url":"https:\/\/medicinasinc.com\/no\/wp-content\/uploads\/sites\/14\/2022\/02\/Buy-Methoxetamine.webp","type":"image\/webp"}],"twitter_card":"summary_large_image","twitter_misc":{"Est. reading time":"2 minutt"},"schema":{"@context":"https:\/\/schema.org","@graph":[{"@type":"WebPage","@id":"https:\/\/medicinasinc.com\/no\/product\/kjope-metoksetamin\/","url":"https:\/\/medicinasinc.com\/no\/product\/kjope-metoksetamin\/","name":"Kj\u00f8p Metoksetamin - Metoksetamin - Beste globale medisiner","isPartOf":{"@id":"https:\/\/medicinasinc.com\/no\/#website"},"primaryImageOfPage":{"@id":"https:\/\/medicinasinc.com\/no\/product\/kjope-metoksetamin\/#primaryimage"},"image":{"@id":"https:\/\/medicinasinc.com\/no\/product\/kjope-metoksetamin\/#primaryimage"},"thumbnailUrl":"https:\/\/medicinasinc.com\/no\/wp-content\/uploads\/sites\/14\/2022\/02\/Buy-Methoxetamine.webp","datePublished":"2022-02-22T04:00:21+00:00","dateModified":"2022-03-22T00:46:18+00:00","description":"Kj\u00f8p Methoxetamine MXE til salgs i Storbritannia, Europa, AU. vi tilbyr den mest p\u00e5litelige transaksjonen og selger til sv\u00e6rt rimelige priser. Bestill Methoxetamine MXE n\u00e5 til de beste prisene","breadcrumb":{"@id":"https:\/\/medicinasinc.com\/no\/product\/kjope-metoksetamin\/#breadcrumb"},"inLanguage":"nn-NO","potentialAction":[{"@type":"ReadAction","target":["https:\/\/medicinasinc.com\/no\/product\/kjope-metoksetamin\/"]}]},{"@type":"ImageObject","inLanguage":"nn-NO","@id":"https:\/\/medicinasinc.com\/no\/product\/kjope-metoksetamin\/#primaryimage","url":"https:\/\/medicinasinc.com\/no\/wp-content\/uploads\/sites\/14\/2022\/02\/Buy-Methoxetamine.webp","contentUrl":"https:\/\/medicinasinc.com\/no\/wp-content\/uploads\/sites\/14\/2022\/02\/Buy-Methoxetamine.webp","width":750,"height":461},{"@type":"BreadcrumbList","@id":"https:\/\/medicinasinc.com\/no\/product\/kjope-metoksetamin\/#breadcrumb","itemListElement":[{"@type":"ListItem","position":1,"name":"Butikk","item":"https:\/\/medicinasinc.com\/no\/butikk\/"},{"@type":"ListItem","position":2,"name":"Kj\u00f8p Metoksetamin"}]},{"@type":"WebSite","@id":"https:\/\/medicinasinc.com\/no\/#website","url":"https:\/\/medicinasinc.com\/no\/","name":"Medicinas Inc","description":"Helsemedisinsk klinikk","potentialAction":[{"@type":"SearchAction","target":{"@type":"EntryPoint","urlTemplate":"https:\/\/medicinasinc.com\/no\/?s={search_term_string}"},"query-input":{"@type":"PropertyValueSpecification","valueRequired":true,"valueName":"search_term_string"}}],"inLanguage":"nn-NO"}]}},"_links":{"self":[{"href":"https:\/\/medicinasinc.com\/no\/wp-json\/wp\/v2\/product\/5677","targetHints":{"allow":["GET"]}}],"collection":[{"href":"https:\/\/medicinasinc.com\/no\/wp-json\/wp\/v2\/product"}],"about":[{"href":"https:\/\/medicinasinc.com\/no\/wp-json\/wp\/v2\/types\/product"}],"replies":[{"embeddable":true,"href":"https:\/\/medicinasinc.com\/no\/wp-json\/wp\/v2\/comments?post=5677"}],"wp:featuredmedia":[{"embeddable":true,"href":"https:\/\/medicinasinc.com\/no\/wp-json\/wp\/v2\/media\/5687"}],"wp:attachment":[{"href":"https:\/\/medicinasinc.com\/no\/wp-json\/wp\/v2\/media?parent=5677"}],"wp:term":[{"taxonomy":"product_brand","embeddable":true,"href":"https:\/\/medicinasinc.com\/no\/wp-json\/wp\/v2\/product_brand?post=5677"},{"taxonomy":"product_cat","embeddable":true,"href":"https:\/\/medicinasinc.com\/no\/wp-json\/wp\/v2\/product_cat?post=5677"},{"taxonomy":"product_tag","embeddable":true,"href":"https:\/\/medicinasinc.com\/no\/wp-json\/wp\/v2\/product_tag?post=5677"}],"curies":[{"name":"wp","href":"https:\/\/api.w.org\/{rel}","templated":true}]}}