{"id":5673,"date":"2022-02-22T03:54:58","date_gmt":"2022-02-22T03:54:58","guid":{"rendered":"https:\/\/medicinasinc.com\/no\/?post_type=product&#038;p=5673"},"modified":"2022-03-22T00:46:27","modified_gmt":"2022-03-22T00:46:27","slug":"kjop-alprox-2mg-piller-xanax","status":"publish","type":"product","link":"https:\/\/medicinasinc.com\/no\/product\/kjop-alprox-2mg-piller-xanax\/","title":{"rendered":"Kj\u00f8p Alprox 2mg piller (Xanax)"},"content":{"rendered":"<p>Folk som \u00f8nsker \u00e5 kj\u00f8pe billig 2mg XANAX p\u00e5 nettet b\u00f8r se etter dem. Bestill XANAX 2mg fra Global Home Med til en lav pris og f\u00e5 det levert rett p\u00e5 d\u00f8ren!<\/p>\n<p>Alprazolam kan kj\u00f8pes i Storbritannia, s\u00e5 du kan gj\u00f8re det. Et Xanax-merke kalt Alprazolam har 2mg av stoffet i den. Det er kraftigere i Storbritannia \u00e5 ta 2 mg tabletten av denne gode angstmedisinen.<\/p>\n<p>Folk som \u00f8nsker \u00e5 kj\u00f8pe Xanax kan kj\u00f8pe den p\u00e5 nettet. Xanax barer til salgs \u2013 Kj\u00f8p xanax 2mg p\u00e5 nett \u2013 kj\u00f8p xanax 1mg p\u00e5 nett \u2013<\/p>\n<p>Xanax kan f\u00e5 deg til \u00e5 f\u00f8le deg d\u00f8sig og rolig, noe som gj\u00f8r at du f\u00f8ler deg avslappet og rolig.<\/p>\n<p>Kj\u00f8p Xanax 2Mg i Storbritannia. Bestill Xanax Overnight p\u00e5 en m\u00e5te som gir mening. Pussig Wilburn detonerer sitt sublimeringstilbud Kj\u00f8p Xanax Online Reddit.<\/p>\n<p>Folk kan kj\u00f8pe billig Xanax uten en legeerkl\u00e6ring. N\u00e5r du kj\u00f8per zoloft p\u00e5 nettet, kan du finne det p\u00e5 de beste nettapotekene. Du kan ogs\u00e5 kj\u00f8pe billig xanax og fentermin p\u00e5 nettet. P\u00e5 dette bildet kan du se generiske Xanax 2mg barer som ser ut som den ekte varen.<\/p>\n<p>For \u00e5 behandle panikklidelser og angst, kj\u00f8pe Xanax 2mg Alprazolam 0,5mg, 1mg eller 2mg Tablett brukes. Folk som er redde og stresset kan v\u00e6re veldig redde og stresset. Det er best \u00e5 starte med en liten mengde og deretter \u00f8ke mengden gradvis. Ikke slutt \u00e5 ta dette legemidlet med en gang, fordi det kan for\u00e5rsake abstinenssymptomer som anfall, aggressiv oppf\u00f8rsel, t\u00e5kesyn og mer, som n\u00e5r du slutter \u00e5 ta det.<\/p>\n<p>Ta Alprazolam 0,5 MG tabletten med eller uten mat, men ikke spis noe f\u00f8r du tar det. Ikke ta i mer enn legen sa til deg. Hvis du har noen d\u00e5rlige bivirkninger, se legen din. S\u00f8rg for \u00e5 snakke med legen din f\u00f8r du slutter \u00e5 ta medisinen, fordi det kan f\u00e5 deg til \u00e5 f\u00f8le deg d\u00e5rlig.<\/p>\n<p>Slik virker det<br \/> Dette legemidlet binder seg til kloridkanalene og lar kloridioner str\u00f8mme Dette f\u00f8rer til at nevronmembranen blir mer stabil og hyperpolarisert, noe som hindrer cellen i \u00e5 bli mer begeistret.<\/p>\n","protected":false},"excerpt":{"rendered":"<p>Kj\u00f8p Alprox xanax 2mg piller for salg i Storbritannia, Europa. kj\u00f8p Alprox p\u00e5 nett, kj\u00f8p Xanax p\u00e5 nett, kj\u00f8p Alprox p\u00e5 nett, kj\u00f8p Xanax, Alprox 2mg, hvor kan jeg kj\u00f8pe Alprox p\u00e5 nettet.<\/p>\n<p>P\u00e5 nettet kan du kj\u00f8pe Alprox 2mg piller for salg til en lav pris (Xanax). I dette tilfellet kan du f\u00e5 Alprox p\u00e5 nett. Du kan ogs\u00e5 f\u00e5 det p\u00e5 nettet, kj\u00f8pe Alprox p\u00e5 nett, f\u00e5 xanax p\u00e5 nett og finne ut hvor du kan f\u00e5 det fra.<\/p>\n<p>Du kan kj\u00f8pe Alprazolam Xanax 2 mg tabletter fra v\u00e5r globale medicinas-butikk og f\u00e5 dem raskt levert til ethvert land i verden! Her finner du den beste Alprazolam 2 MG Tablet du kan kj\u00f8pe.<\/p>\n<p>Kj\u00f8p Xanax 2 MG Tablet brukes til \u00e5 behandle panikklidelser og angst, som plutselig ekstrem frykt og stress for\u00e5rsaket av stress. Det er best \u00e5 starte med en liten mengde og deretter \u00f8ke mengden gradvis. Ikke slutt \u00e5 ta dette legemidlet med en gang, fordi det kan for\u00e5rsake abstinenssymptomer som anfall, aggressiv oppf\u00f8rsel, t\u00e5kesyn og mer hvis du slutter \u00e5 ta det for raskt.<\/p>\n","protected":false},"featured_media":5683,"comment_status":"open","ping_status":"closed","template":"","meta":[],"product_brand":[],"product_cat":[1117],"product_tag":[1143,3502,1188,3507,3506,1192,1194,3508,1182,1168,3503,3504,3505,1189,3509,3510,3513,3514,3515,3516,3511,3512,3517,3519,3518,3521,3522,3520,3523],"class_list":{"0":"post-5673","1":"product","2":"type-product","3":"status-publish","4":"has-post-thumbnail","6":"product_cat-kjop-smerte-sove-sexpiller","7":"product_tag-alprazolam-til-salg","8":"product_tag-best-shop-xanax-2-mg-uk","9":"product_tag-bestille-alprazolam-online","10":"product_tag-bestille-xanax-2-mg-uk","11":"product_tag-buy-xanax-online","12":"product_tag-det-beste-stedet--kjpe-alprazolam-online","13":"product_tag-hvor-kan-kjpe-alprazolam-online","14":"product_tag-hvor-kan-kjpe-xanax-2-mg-uk","15":"product_tag-hvordan-kjpe-alprazolam-online","16":"product_tag-kjp-alprazolam-online","17":"product_tag-kjp-xanax-2-mg","18":"product_tag-kjp-xanax-2-mg-uk","19":"product_tag-kjp-xanax-2mg","20":"product_tag-purchase-alprazolam-online","21":"product_tag-xanax-2-mg-effekt","22":"product_tag-xanax-2-mg-europe","23":"product_tag-xanax-2-mg-google","24":"product_tag-xanax-2-mg-online-uk","25":"product_tag-xanax-2-mg-pregnant-woman","26":"product_tag-xanax-2-mg-reddit","27":"product_tag-xanax-2-mg-til-salg","28":"product_tag-xanax-2-mg-til-salg-uk","29":"product_tag-xanax-2-mg-uk","30":"product_tag-xanax-2mg-effekt","31":"product_tag-xanax-2mg-kjp","32":"product_tag-xanax-2mg-order","33":"product_tag-xanax-2mg-reddit","34":"product_tag-xanax-2mg-til-salgs","35":"product_tag-xanax-bar-til-salg","37":"first","38":"instock","39":"shipping-taxable","40":"purchasable","41":"product-type-variable","42":"has-default-attributes"},"yoast_head":"<!-- This site is optimized with the Yoast SEO plugin v27.3 - https:\/\/yoast.com\/product\/yoast-seo-wordpress\/ -->\n<title>Kj\u00f8p Alprox 2 mg piller (Xanax) - Xanax 2 mg - Beste globale medisiner<\/title>\n<meta name=\"description\" content=\"Kj\u00f8p Alprox xanax 2mg piller for salg i Storbritannia, Europa. kj\u00f8p Alprox online, kj\u00f8p xanax online, kj\u00f8p alprox online, kj\u00f8p xanax, Bestill Alprox 2mg, hvor kan jeg kj\u00f8pe alprox online.\" \/>\n<meta name=\"robots\" content=\"index, follow, max-snippet:-1, max-image-preview:large, max-video-preview:-1\" \/>\n<link rel=\"canonical\" href=\"https:\/\/medicinasinc.com\/no\/product\/kjop-alprox-2mg-piller-xanax\/\" \/>\n<meta property=\"og:locale\" content=\"nn_NO\" \/>\n<meta property=\"og:type\" content=\"article\" \/>\n<meta property=\"og:title\" content=\"Kj\u00f8p Alprox 2 mg piller (Xanax) - Xanax 2 mg - Beste globale medisiner\" \/>\n<meta property=\"og:description\" content=\"Kj\u00f8p Alprox xanax 2mg piller for salg i Storbritannia, Europa. kj\u00f8p Alprox online, kj\u00f8p xanax online, kj\u00f8p alprox online, kj\u00f8p xanax, Bestill Alprox 2mg, hvor kan jeg kj\u00f8pe alprox online.\" \/>\n<meta property=\"og:url\" content=\"https:\/\/medicinasinc.com\/no\/product\/kjop-alprox-2mg-piller-xanax\/\" \/>\n<meta property=\"og:site_name\" content=\"Medicinas Inc\" \/>\n<meta property=\"article:modified_time\" content=\"2022-03-22T00:46:27+00:00\" \/>\n<meta property=\"og:image\" content=\"https:\/\/medicinasinc.com\/no\/wp-content\/uploads\/sites\/14\/2022\/02\/Buy-xanax-2-mg.jpg\" \/>\n\t<meta property=\"og:image:width\" content=\"400\" \/>\n\t<meta property=\"og:image:height\" content=\"350\" \/>\n\t<meta property=\"og:image:type\" content=\"image\/jpeg\" \/>\n<meta name=\"twitter:card\" content=\"summary_large_image\" \/>\n<meta name=\"twitter:label1\" content=\"Est. reading time\" \/>\n\t<meta name=\"twitter:data1\" content=\"2 minutt\" \/>\n<script type=\"application\/ld+json\" class=\"yoast-schema-graph\">{\"@context\":\"https:\\\/\\\/schema.org\",\"@graph\":[{\"@type\":\"WebPage\",\"@id\":\"https:\\\/\\\/medicinasinc.com\\\/no\\\/product\\\/kjop-alprox-2mg-piller-xanax\\\/\",\"url\":\"https:\\\/\\\/medicinasinc.com\\\/no\\\/product\\\/kjop-alprox-2mg-piller-xanax\\\/\",\"name\":\"Kj\u00f8p Alprox 2 mg piller (Xanax) - Xanax 2 mg - Beste globale medisiner\",\"isPartOf\":{\"@id\":\"https:\\\/\\\/medicinasinc.com\\\/no\\\/#website\"},\"primaryImageOfPage\":{\"@id\":\"https:\\\/\\\/medicinasinc.com\\\/no\\\/product\\\/kjop-alprox-2mg-piller-xanax\\\/#primaryimage\"},\"image\":{\"@id\":\"https:\\\/\\\/medicinasinc.com\\\/no\\\/product\\\/kjop-alprox-2mg-piller-xanax\\\/#primaryimage\"},\"thumbnailUrl\":\"https:\\\/\\\/medicinasinc.com\\\/no\\\/wp-content\\\/uploads\\\/sites\\\/14\\\/2022\\\/02\\\/Buy-xanax-2-mg.jpg\",\"datePublished\":\"2022-02-22T03:54:58+00:00\",\"dateModified\":\"2022-03-22T00:46:27+00:00\",\"description\":\"Kj\u00f8p Alprox xanax 2mg piller for salg i Storbritannia, Europa. kj\u00f8p Alprox online, kj\u00f8p xanax online, kj\u00f8p alprox online, kj\u00f8p xanax, Bestill Alprox 2mg, hvor kan jeg kj\u00f8pe alprox online.\",\"breadcrumb\":{\"@id\":\"https:\\\/\\\/medicinasinc.com\\\/no\\\/product\\\/kjop-alprox-2mg-piller-xanax\\\/#breadcrumb\"},\"inLanguage\":\"nn-NO\",\"potentialAction\":[{\"@type\":\"ReadAction\",\"target\":[\"https:\\\/\\\/medicinasinc.com\\\/no\\\/product\\\/kjop-alprox-2mg-piller-xanax\\\/\"]}]},{\"@type\":\"ImageObject\",\"inLanguage\":\"nn-NO\",\"@id\":\"https:\\\/\\\/medicinasinc.com\\\/no\\\/product\\\/kjop-alprox-2mg-piller-xanax\\\/#primaryimage\",\"url\":\"https:\\\/\\\/medicinasinc.com\\\/no\\\/wp-content\\\/uploads\\\/sites\\\/14\\\/2022\\\/02\\\/Buy-xanax-2-mg.jpg\",\"contentUrl\":\"https:\\\/\\\/medicinasinc.com\\\/no\\\/wp-content\\\/uploads\\\/sites\\\/14\\\/2022\\\/02\\\/Buy-xanax-2-mg.jpg\",\"width\":400,\"height\":350},{\"@type\":\"BreadcrumbList\",\"@id\":\"https:\\\/\\\/medicinasinc.com\\\/no\\\/product\\\/kjop-alprox-2mg-piller-xanax\\\/#breadcrumb\",\"itemListElement\":[{\"@type\":\"ListItem\",\"position\":1,\"name\":\"Butikk\",\"item\":\"https:\\\/\\\/medicinasinc.com\\\/no\\\/butikk\\\/\"},{\"@type\":\"ListItem\",\"position\":2,\"name\":\"Kj\u00f8p Alprox 2mg piller (Xanax)\"}]},{\"@type\":\"WebSite\",\"@id\":\"https:\\\/\\\/medicinasinc.com\\\/no\\\/#website\",\"url\":\"https:\\\/\\\/medicinasinc.com\\\/no\\\/\",\"name\":\"Medicinas Inc\",\"description\":\"Helsemedisinsk klinikk\",\"potentialAction\":[{\"@type\":\"SearchAction\",\"target\":{\"@type\":\"EntryPoint\",\"urlTemplate\":\"https:\\\/\\\/medicinasinc.com\\\/no\\\/?s={search_term_string}\"},\"query-input\":{\"@type\":\"PropertyValueSpecification\",\"valueRequired\":true,\"valueName\":\"search_term_string\"}}],\"inLanguage\":\"nn-NO\"}]}<\/script>\n<!-- \/ Yoast SEO plugin. -->","yoast_head_json":{"title":"Kj\u00f8p Alprox 2 mg piller (Xanax) - Xanax 2 mg - Beste globale medisiner","description":"Kj\u00f8p Alprox xanax 2mg piller for salg i Storbritannia, Europa. kj\u00f8p Alprox online, kj\u00f8p xanax online, kj\u00f8p alprox online, kj\u00f8p xanax, Bestill Alprox 2mg, hvor kan jeg kj\u00f8pe alprox online.","robots":{"index":"index","follow":"follow","max-snippet":"max-snippet:-1","max-image-preview":"max-image-preview:large","max-video-preview":"max-video-preview:-1"},"canonical":"https:\/\/medicinasinc.com\/no\/product\/kjop-alprox-2mg-piller-xanax\/","og_locale":"nn_NO","og_type":"article","og_title":"Kj\u00f8p Alprox 2 mg piller (Xanax) - Xanax 2 mg - Beste globale medisiner","og_description":"Kj\u00f8p Alprox xanax 2mg piller for salg i Storbritannia, Europa. kj\u00f8p Alprox online, kj\u00f8p xanax online, kj\u00f8p alprox online, kj\u00f8p xanax, Bestill Alprox 2mg, hvor kan jeg kj\u00f8pe alprox online.","og_url":"https:\/\/medicinasinc.com\/no\/product\/kjop-alprox-2mg-piller-xanax\/","og_site_name":"Medicinas Inc","article_modified_time":"2022-03-22T00:46:27+00:00","og_image":[{"width":400,"height":350,"url":"https:\/\/medicinasinc.com\/no\/wp-content\/uploads\/sites\/14\/2022\/02\/Buy-xanax-2-mg.jpg","type":"image\/jpeg"}],"twitter_card":"summary_large_image","twitter_misc":{"Est. reading time":"2 minutt"},"schema":{"@context":"https:\/\/schema.org","@graph":[{"@type":"WebPage","@id":"https:\/\/medicinasinc.com\/no\/product\/kjop-alprox-2mg-piller-xanax\/","url":"https:\/\/medicinasinc.com\/no\/product\/kjop-alprox-2mg-piller-xanax\/","name":"Kj\u00f8p Alprox 2 mg piller (Xanax) - Xanax 2 mg - Beste globale medisiner","isPartOf":{"@id":"https:\/\/medicinasinc.com\/no\/#website"},"primaryImageOfPage":{"@id":"https:\/\/medicinasinc.com\/no\/product\/kjop-alprox-2mg-piller-xanax\/#primaryimage"},"image":{"@id":"https:\/\/medicinasinc.com\/no\/product\/kjop-alprox-2mg-piller-xanax\/#primaryimage"},"thumbnailUrl":"https:\/\/medicinasinc.com\/no\/wp-content\/uploads\/sites\/14\/2022\/02\/Buy-xanax-2-mg.jpg","datePublished":"2022-02-22T03:54:58+00:00","dateModified":"2022-03-22T00:46:27+00:00","description":"Kj\u00f8p Alprox xanax 2mg piller for salg i Storbritannia, Europa. kj\u00f8p Alprox online, kj\u00f8p xanax online, kj\u00f8p alprox online, kj\u00f8p xanax, Bestill Alprox 2mg, hvor kan jeg kj\u00f8pe alprox online.","breadcrumb":{"@id":"https:\/\/medicinasinc.com\/no\/product\/kjop-alprox-2mg-piller-xanax\/#breadcrumb"},"inLanguage":"nn-NO","potentialAction":[{"@type":"ReadAction","target":["https:\/\/medicinasinc.com\/no\/product\/kjop-alprox-2mg-piller-xanax\/"]}]},{"@type":"ImageObject","inLanguage":"nn-NO","@id":"https:\/\/medicinasinc.com\/no\/product\/kjop-alprox-2mg-piller-xanax\/#primaryimage","url":"https:\/\/medicinasinc.com\/no\/wp-content\/uploads\/sites\/14\/2022\/02\/Buy-xanax-2-mg.jpg","contentUrl":"https:\/\/medicinasinc.com\/no\/wp-content\/uploads\/sites\/14\/2022\/02\/Buy-xanax-2-mg.jpg","width":400,"height":350},{"@type":"BreadcrumbList","@id":"https:\/\/medicinasinc.com\/no\/product\/kjop-alprox-2mg-piller-xanax\/#breadcrumb","itemListElement":[{"@type":"ListItem","position":1,"name":"Butikk","item":"https:\/\/medicinasinc.com\/no\/butikk\/"},{"@type":"ListItem","position":2,"name":"Kj\u00f8p Alprox 2mg piller (Xanax)"}]},{"@type":"WebSite","@id":"https:\/\/medicinasinc.com\/no\/#website","url":"https:\/\/medicinasinc.com\/no\/","name":"Medicinas Inc","description":"Helsemedisinsk klinikk","potentialAction":[{"@type":"SearchAction","target":{"@type":"EntryPoint","urlTemplate":"https:\/\/medicinasinc.com\/no\/?s={search_term_string}"},"query-input":{"@type":"PropertyValueSpecification","valueRequired":true,"valueName":"search_term_string"}}],"inLanguage":"nn-NO"}]}},"_links":{"self":[{"href":"https:\/\/medicinasinc.com\/no\/wp-json\/wp\/v2\/product\/5673","targetHints":{"allow":["GET"]}}],"collection":[{"href":"https:\/\/medicinasinc.com\/no\/wp-json\/wp\/v2\/product"}],"about":[{"href":"https:\/\/medicinasinc.com\/no\/wp-json\/wp\/v2\/types\/product"}],"replies":[{"embeddable":true,"href":"https:\/\/medicinasinc.com\/no\/wp-json\/wp\/v2\/comments?post=5673"}],"wp:featuredmedia":[{"embeddable":true,"href":"https:\/\/medicinasinc.com\/no\/wp-json\/wp\/v2\/media\/5683"}],"wp:attachment":[{"href":"https:\/\/medicinasinc.com\/no\/wp-json\/wp\/v2\/media?parent=5673"}],"wp:term":[{"taxonomy":"product_brand","embeddable":true,"href":"https:\/\/medicinasinc.com\/no\/wp-json\/wp\/v2\/product_brand?post=5673"},{"taxonomy":"product_cat","embeddable":true,"href":"https:\/\/medicinasinc.com\/no\/wp-json\/wp\/v2\/product_cat?post=5673"},{"taxonomy":"product_tag","embeddable":true,"href":"https:\/\/medicinasinc.com\/no\/wp-json\/wp\/v2\/product_tag?post=5673"}],"curies":[{"name":"wp","href":"https:\/\/api.w.org\/{rel}","templated":true}]}}