{"id":5667,"date":"2022-02-22T03:49:11","date_gmt":"2022-02-22T03:49:11","guid":{"rendered":"https:\/\/medicinasinc.com\/no\/?post_type=product&#038;p=5667"},"modified":"2022-03-22T00:46:38","modified_gmt":"2022-03-22T00:46:38","slug":"kjop-stein-pa-badesalt","status":"publish","type":"product","link":"https:\/\/medicinasinc.com\/no\/product\/kjop-stein-pa-badesalt\/","title":{"rendered":"Kj\u00f8p Rock On Bath Salt"},"content":{"rendered":"<p><strong>I dette tilfellet kan du kj\u00f8pe Rock On Bath Salt p\u00e5 nettet.<\/strong><\/p>\n<p>Kj\u00f8p Rock On Bath Salt for salg i Storbritannia, Europa og AU for en god pris pris. Folk som kj\u00f8per hos oss kan v\u00e6re sikre p\u00e5 at de f\u00e5r det de betaler for. Dette Rock On Bath Salt er n\u00e5 til de beste prisene.<\/p>\n","protected":false},"excerpt":{"rendered":"<div class=\"woocommerce-product-details__short-description\">\n<p><strong>Produktprisen er per 10 gram<\/strong><\/p>\n<p>Kj\u00f8p Rock On Bath Salt for salg i Storbritannia, Europa, AU. vi tilbyr den mest p\u00e5litelige transaksjonen og selger til sv\u00e6rt rimelige priser. Rock On Bath Salt n\u00e5 til de beste prisene<\/p>\n<\/p><\/div>\n","protected":false},"featured_media":5676,"comment_status":"open","ping_status":"closed","template":"","meta":[],"product_brand":[],"product_cat":[2014],"product_tag":[3435,3438,3434,3436,3437,3433,3095,3440,3441,3442,3485,3484,3486,3487,3483,3470,3443,3097,3444,3445,3450,3451,3452,3455,3457,3458,3501,3467,3469,3471,3473,3474,3476,3475,3496,3499,3498,3497,3083,3468,3446,3447,3449,3453,3454,3456,3466,3448,3472,3489,3478,3477,3165,3481,3480,3482,3479,3488,3439,3494,3495],"class_list":{"0":"post-5667","1":"product","2":"type-product","3":"status-publish","4":"has-post-thumbnail","6":"product_cat-kjpe-forskning-kjemikalier","7":"product_tag-badesalt-medikament-salg-p-nett","8":"product_tag-badesalt-nettbutikk","9":"product_tag-badesalt-medikament-til-salg-p-nett","10":"product_tag-badesalt-til-salg-p-nett","11":"product_tag-badesalt-til-salg-online-med-kredittkort","12":"product_tag-bath-salts-drug","13":"product_tag-bath-salts-for-sale","14":"product_tag-bathsalts","15":"product_tag-best-bath-salts","16":"product_tag-best-quality-online-bath-salts","17":"product_tag-bestille-badesalt-online-badesalt-engros","18":"product_tag-bestille-badesalt-p-nett","19":"product_tag-bestille-badesalt-nett-torsk","20":"product_tag-bestille-badesalt-p-nett-med-kredittkort","21":"product_tag-bestille-badesalt-medikament-p-nett","22":"product_tag-billig-badesalt","23":"product_tag-buy-amped-novelty-powder-500mg","24":"product_tag-buy-bath-salts","25":"product_tag-buy-bath-salts-cod","26":"product_tag-buy-bath-salts-drug-online","27":"product_tag-buy-bath-salts-online-with-credit-cards","28":"product_tag-buy-bath-salts-with-paypal-online","29":"product_tag-buy-cheap-bath-salts-order-bath-salts-drug-online","30":"product_tag-buy-ivory-wave-for-sale-online","31":"product_tag-buy-mephedrone-bath-salts-online-with-credit-card","32":"product_tag-buy-pump-it-bath-salt-1000mg","33":"product_tag-buy-rock-on-bath-salt-online","34":"product_tag-buy-synthetic-bath-salts-online","35":"product_tag-can-you-still-buy-bath-salts","36":"product_tag-sky-9-bad-salt","37":"product_tag-diskret-badesalt-forhandlere-p-nett","38":"product_tag-eight-ballz-bath-salt-for-sale-online","39":"product_tag-elfenben-blge","40":"product_tag-finn-legit-badesalt-leverandrer-online","41":"product_tag-hva-gjr-badesalt-gjr","42":"product_tag-hvor-kan-jeg-bestille-mdpv-badesalt-p-nettet","43":"product_tag-hvor-kan-jeg-f-badesalt","44":"product_tag-hvor-kan-jeg-kjpe-badesalt-p-nettet","45":"product_tag-ivory-wave-bath-salts","46":"product_tag-kan-du-kjpe-badesalt-i-butikker","47":"product_tag-kjp-badesalt-p-nett","48":"product_tag-kj-c3-b8pe-badesalt-nett-lovlig","49":"product_tag-kjp-badesalt-p-nett-med-kredittkort","50":"product_tag-kjp-tte-ballz-badesalt-p-nettet","51":"product_tag-kjp-elfenben-blge-badesalt-1000mg","52":"product_tag-kjp-k2-badesalt-p-nett","53":"product_tag-kjp-sextacy-badesalt-p-nettet","54":"product_tag-kjp-badesalt-p-nettet-hvor-kan-jeg-kjpe-badesalt-p-nettet","55":"product_tag-konsentrert-badesalt","56":"product_tag-kvalitets-badesalt-medikament-til-salg-p-nett","57":"product_tag-legit-badesalt-leverandrer-online","58":"product_tag-lovlig-badesalt-til-salg-p-nett","59":"product_tag-mdpv-badesalt-til-salg","60":"product_tag-mefedron-badesalt-hvor-kan-kjpes","61":"product_tag-mefedron-badesalt-til-salg","62":"product_tag-mefedron","63":"product_tag-ser--kjpe-badesalt-salt-p-nett","64":"product_tag-purchase-bath-salts-online","65":"product_tag-badesalt-salg-p-nett","66":"product_tag-sikreste-nettbutikk--kjpe-badesalt","67":"product_tag-vanilje-himmel-badesalt-til-salg","69":"first","70":"instock","71":"shipping-taxable","72":"purchasable","73":"product-type-variable"},"yoast_head":"<!-- This site is optimized with the Yoast SEO plugin v27.3 - https:\/\/yoast.com\/product\/yoast-seo-wordpress\/ -->\n<title>Kj\u00f8p Rock On Bath Salt Online - Rock On Bath Salt - Best Global Meds<\/title>\n<meta name=\"description\" content=\"Kj\u00f8p Rock On Bath Salt til salgs i Storbritannia, Europa, AU. vi tilbyr den mest p\u00e5litelige transaksjonen og selger til sv\u00e6rt rimelige priser. Rock On Bath Salt n\u00e5 til de beste prisene\" \/>\n<meta name=\"robots\" content=\"index, follow, max-snippet:-1, max-image-preview:large, max-video-preview:-1\" \/>\n<link rel=\"canonical\" href=\"https:\/\/medicinasinc.com\/no\/product\/kjop-stein-pa-badesalt\/\" \/>\n<meta property=\"og:locale\" content=\"nn_NO\" \/>\n<meta property=\"og:type\" content=\"article\" \/>\n<meta property=\"og:title\" content=\"Kj\u00f8p Rock On Bath Salt Online - Rock On Bath Salt - Best Global Meds\" \/>\n<meta property=\"og:description\" content=\"Kj\u00f8p Rock On Bath Salt til salgs i Storbritannia, Europa, AU. vi tilbyr den mest p\u00e5litelige transaksjonen og selger til sv\u00e6rt rimelige priser. Rock On Bath Salt n\u00e5 til de beste prisene\" \/>\n<meta property=\"og:url\" content=\"https:\/\/medicinasinc.com\/no\/product\/kjop-stein-pa-badesalt\/\" \/>\n<meta property=\"og:site_name\" content=\"Medicinas Inc\" \/>\n<meta property=\"article:modified_time\" content=\"2022-03-22T00:46:38+00:00\" \/>\n<meta property=\"og:image\" content=\"https:\/\/medicinasinc.com\/no\/wp-content\/uploads\/sites\/14\/2022\/02\/Buy-Rock-On-Bath-Salt.jpeg\" \/>\n\t<meta property=\"og:image:width\" content=\"640\" \/>\n\t<meta property=\"og:image:height\" content=\"428\" \/>\n\t<meta property=\"og:image:type\" content=\"image\/jpeg\" \/>\n<meta name=\"twitter:card\" content=\"summary_large_image\" \/>\n<meta name=\"twitter:label1\" content=\"Est. reading time\" \/>\n\t<meta name=\"twitter:data1\" content=\"1 minutt\" \/>\n<script type=\"application\/ld+json\" class=\"yoast-schema-graph\">{\"@context\":\"https:\\\/\\\/schema.org\",\"@graph\":[{\"@type\":\"WebPage\",\"@id\":\"https:\\\/\\\/medicinasinc.com\\\/no\\\/product\\\/kjop-stein-pa-badesalt\\\/\",\"url\":\"https:\\\/\\\/medicinasinc.com\\\/no\\\/product\\\/kjop-stein-pa-badesalt\\\/\",\"name\":\"Kj\u00f8p Rock On Bath Salt Online - Rock On Bath Salt - Best Global Meds\",\"isPartOf\":{\"@id\":\"https:\\\/\\\/medicinasinc.com\\\/no\\\/#website\"},\"primaryImageOfPage\":{\"@id\":\"https:\\\/\\\/medicinasinc.com\\\/no\\\/product\\\/kjop-stein-pa-badesalt\\\/#primaryimage\"},\"image\":{\"@id\":\"https:\\\/\\\/medicinasinc.com\\\/no\\\/product\\\/kjop-stein-pa-badesalt\\\/#primaryimage\"},\"thumbnailUrl\":\"https:\\\/\\\/medicinasinc.com\\\/no\\\/wp-content\\\/uploads\\\/sites\\\/14\\\/2022\\\/02\\\/Buy-Rock-On-Bath-Salt.jpeg\",\"datePublished\":\"2022-02-22T03:49:11+00:00\",\"dateModified\":\"2022-03-22T00:46:38+00:00\",\"description\":\"Kj\u00f8p Rock On Bath Salt til salgs i Storbritannia, Europa, AU. vi tilbyr den mest p\u00e5litelige transaksjonen og selger til sv\u00e6rt rimelige priser. Rock On Bath Salt n\u00e5 til de beste prisene\",\"breadcrumb\":{\"@id\":\"https:\\\/\\\/medicinasinc.com\\\/no\\\/product\\\/kjop-stein-pa-badesalt\\\/#breadcrumb\"},\"inLanguage\":\"nn-NO\",\"potentialAction\":[{\"@type\":\"ReadAction\",\"target\":[\"https:\\\/\\\/medicinasinc.com\\\/no\\\/product\\\/kjop-stein-pa-badesalt\\\/\"]}]},{\"@type\":\"ImageObject\",\"inLanguage\":\"nn-NO\",\"@id\":\"https:\\\/\\\/medicinasinc.com\\\/no\\\/product\\\/kjop-stein-pa-badesalt\\\/#primaryimage\",\"url\":\"https:\\\/\\\/medicinasinc.com\\\/no\\\/wp-content\\\/uploads\\\/sites\\\/14\\\/2022\\\/02\\\/Buy-Rock-On-Bath-Salt.jpeg\",\"contentUrl\":\"https:\\\/\\\/medicinasinc.com\\\/no\\\/wp-content\\\/uploads\\\/sites\\\/14\\\/2022\\\/02\\\/Buy-Rock-On-Bath-Salt.jpeg\",\"width\":640,\"height\":428},{\"@type\":\"BreadcrumbList\",\"@id\":\"https:\\\/\\\/medicinasinc.com\\\/no\\\/product\\\/kjop-stein-pa-badesalt\\\/#breadcrumb\",\"itemListElement\":[{\"@type\":\"ListItem\",\"position\":1,\"name\":\"Butikk\",\"item\":\"https:\\\/\\\/medicinasinc.com\\\/no\\\/butikk\\\/\"},{\"@type\":\"ListItem\",\"position\":2,\"name\":\"Kj\u00f8p Rock On Bath Salt\"}]},{\"@type\":\"WebSite\",\"@id\":\"https:\\\/\\\/medicinasinc.com\\\/no\\\/#website\",\"url\":\"https:\\\/\\\/medicinasinc.com\\\/no\\\/\",\"name\":\"Medicinas Inc\",\"description\":\"Helsemedisinsk klinikk\",\"potentialAction\":[{\"@type\":\"SearchAction\",\"target\":{\"@type\":\"EntryPoint\",\"urlTemplate\":\"https:\\\/\\\/medicinasinc.com\\\/no\\\/?s={search_term_string}\"},\"query-input\":{\"@type\":\"PropertyValueSpecification\",\"valueRequired\":true,\"valueName\":\"search_term_string\"}}],\"inLanguage\":\"nn-NO\"}]}<\/script>\n<!-- \/ Yoast SEO plugin. -->","yoast_head_json":{"title":"Kj\u00f8p Rock On Bath Salt Online - Rock On Bath Salt - Best Global Meds","description":"Kj\u00f8p Rock On Bath Salt til salgs i Storbritannia, Europa, AU. vi tilbyr den mest p\u00e5litelige transaksjonen og selger til sv\u00e6rt rimelige priser. Rock On Bath Salt n\u00e5 til de beste prisene","robots":{"index":"index","follow":"follow","max-snippet":"max-snippet:-1","max-image-preview":"max-image-preview:large","max-video-preview":"max-video-preview:-1"},"canonical":"https:\/\/medicinasinc.com\/no\/product\/kjop-stein-pa-badesalt\/","og_locale":"nn_NO","og_type":"article","og_title":"Kj\u00f8p Rock On Bath Salt Online - Rock On Bath Salt - Best Global Meds","og_description":"Kj\u00f8p Rock On Bath Salt til salgs i Storbritannia, Europa, AU. vi tilbyr den mest p\u00e5litelige transaksjonen og selger til sv\u00e6rt rimelige priser. Rock On Bath Salt n\u00e5 til de beste prisene","og_url":"https:\/\/medicinasinc.com\/no\/product\/kjop-stein-pa-badesalt\/","og_site_name":"Medicinas Inc","article_modified_time":"2022-03-22T00:46:38+00:00","og_image":[{"width":640,"height":428,"url":"https:\/\/medicinasinc.com\/no\/wp-content\/uploads\/sites\/14\/2022\/02\/Buy-Rock-On-Bath-Salt.jpeg","type":"image\/jpeg"}],"twitter_card":"summary_large_image","twitter_misc":{"Est. reading time":"1 minutt"},"schema":{"@context":"https:\/\/schema.org","@graph":[{"@type":"WebPage","@id":"https:\/\/medicinasinc.com\/no\/product\/kjop-stein-pa-badesalt\/","url":"https:\/\/medicinasinc.com\/no\/product\/kjop-stein-pa-badesalt\/","name":"Kj\u00f8p Rock On Bath Salt Online - Rock On Bath Salt - Best Global Meds","isPartOf":{"@id":"https:\/\/medicinasinc.com\/no\/#website"},"primaryImageOfPage":{"@id":"https:\/\/medicinasinc.com\/no\/product\/kjop-stein-pa-badesalt\/#primaryimage"},"image":{"@id":"https:\/\/medicinasinc.com\/no\/product\/kjop-stein-pa-badesalt\/#primaryimage"},"thumbnailUrl":"https:\/\/medicinasinc.com\/no\/wp-content\/uploads\/sites\/14\/2022\/02\/Buy-Rock-On-Bath-Salt.jpeg","datePublished":"2022-02-22T03:49:11+00:00","dateModified":"2022-03-22T00:46:38+00:00","description":"Kj\u00f8p Rock On Bath Salt til salgs i Storbritannia, Europa, AU. vi tilbyr den mest p\u00e5litelige transaksjonen og selger til sv\u00e6rt rimelige priser. Rock On Bath Salt n\u00e5 til de beste prisene","breadcrumb":{"@id":"https:\/\/medicinasinc.com\/no\/product\/kjop-stein-pa-badesalt\/#breadcrumb"},"inLanguage":"nn-NO","potentialAction":[{"@type":"ReadAction","target":["https:\/\/medicinasinc.com\/no\/product\/kjop-stein-pa-badesalt\/"]}]},{"@type":"ImageObject","inLanguage":"nn-NO","@id":"https:\/\/medicinasinc.com\/no\/product\/kjop-stein-pa-badesalt\/#primaryimage","url":"https:\/\/medicinasinc.com\/no\/wp-content\/uploads\/sites\/14\/2022\/02\/Buy-Rock-On-Bath-Salt.jpeg","contentUrl":"https:\/\/medicinasinc.com\/no\/wp-content\/uploads\/sites\/14\/2022\/02\/Buy-Rock-On-Bath-Salt.jpeg","width":640,"height":428},{"@type":"BreadcrumbList","@id":"https:\/\/medicinasinc.com\/no\/product\/kjop-stein-pa-badesalt\/#breadcrumb","itemListElement":[{"@type":"ListItem","position":1,"name":"Butikk","item":"https:\/\/medicinasinc.com\/no\/butikk\/"},{"@type":"ListItem","position":2,"name":"Kj\u00f8p Rock On Bath Salt"}]},{"@type":"WebSite","@id":"https:\/\/medicinasinc.com\/no\/#website","url":"https:\/\/medicinasinc.com\/no\/","name":"Medicinas Inc","description":"Helsemedisinsk klinikk","potentialAction":[{"@type":"SearchAction","target":{"@type":"EntryPoint","urlTemplate":"https:\/\/medicinasinc.com\/no\/?s={search_term_string}"},"query-input":{"@type":"PropertyValueSpecification","valueRequired":true,"valueName":"search_term_string"}}],"inLanguage":"nn-NO"}]}},"_links":{"self":[{"href":"https:\/\/medicinasinc.com\/no\/wp-json\/wp\/v2\/product\/5667","targetHints":{"allow":["GET"]}}],"collection":[{"href":"https:\/\/medicinasinc.com\/no\/wp-json\/wp\/v2\/product"}],"about":[{"href":"https:\/\/medicinasinc.com\/no\/wp-json\/wp\/v2\/types\/product"}],"replies":[{"embeddable":true,"href":"https:\/\/medicinasinc.com\/no\/wp-json\/wp\/v2\/comments?post=5667"}],"wp:featuredmedia":[{"embeddable":true,"href":"https:\/\/medicinasinc.com\/no\/wp-json\/wp\/v2\/media\/5676"}],"wp:attachment":[{"href":"https:\/\/medicinasinc.com\/no\/wp-json\/wp\/v2\/media?parent=5667"}],"wp:term":[{"taxonomy":"product_brand","embeddable":true,"href":"https:\/\/medicinasinc.com\/no\/wp-json\/wp\/v2\/product_brand?post=5667"},{"taxonomy":"product_cat","embeddable":true,"href":"https:\/\/medicinasinc.com\/no\/wp-json\/wp\/v2\/product_cat?post=5667"},{"taxonomy":"product_tag","embeddable":true,"href":"https:\/\/medicinasinc.com\/no\/wp-json\/wp\/v2\/product_tag?post=5667"}],"curies":[{"name":"wp","href":"https:\/\/api.w.org\/{rel}","templated":true}]}}