{"id":5653,"date":"2022-02-22T03:27:38","date_gmt":"2022-02-22T03:27:38","guid":{"rendered":"https:\/\/medicinasinc.com\/no\/?post_type=product&#038;p=5653"},"modified":"2022-03-22T00:46:51","modified_gmt":"2022-03-22T00:46:51","slug":"kjop-3-mmc-pulver","status":"publish","type":"product","link":"https:\/\/medicinasinc.com\/no\/product\/kjop-3-mmc-pulver\/","title":{"rendered":"Kj\u00f8p 3-mmc pulver"},"content":{"rendered":"<p>Det beste stedet \u00e5 kj\u00f8pe 3-MMC-pulver p\u00e5 nettet er Best Global Meds, som er det beste stedet \u00e5 kj\u00f8pe 3-MMC-pulver fra en kjemikalieleverand\u00f8r i Europa.<\/p>\n<p>Bankoverf\u00f8ring eller bitcoin-betalinger? Sjekk ut detaljene ved utsjekkingen.<br \/> V\u00e6r oppmerksom p\u00e5 at du kun er dekket for tap p\u00e5 en tjeneste som spores og er forsikret. Hvis pakken din g\u00e5r tapt, vil du f\u00e5 en gratis omsending etter 30 dager. Hvis pakken din g\u00e5r tapt, vil du ikke f\u00e5 gratis omsending.<br \/> Bitcoin-bestillinger gjort f\u00f8r kl. 15.30 sendes samme dag.<br \/> Kj\u00f8p\u00a0 3MMC-kort.<\/p>\n<p>Du kan kj\u00f8pe Chemical 3-MMC-pulver fra www.bestglobalmeds.com i bulk til en billig penge.<\/p>\n<p>3-Methylmethcathinone, eller 3-MMC, er et eksempel p\u00e5 et molekyl i klassen katinoner som er tilsatt dem . De er en type amfetamin som har en fenylring som er knyttet til en aminogruppe (NH2) gjennom en etylkjede og en ekstra metylsubstitusjon ved R.<\/p>\n<p>3-MMC og andre katinoner er forskjellige fra hver av dem. annet fordi de har ketonsubstitusjoner p\u00e5 betakarbonet i amfetaminskjelettet, som gj\u00f8r dem til -keto-amfetaminer. metylsubstitusjoner: 3-MMC har to p\u00e5 katinonstrukturen, en ved R3 i fenylgruppen, og en ved nitrogengruppen RN, som er der metylgruppen g\u00e5r. 3-MMC ligner p\u00e5 mefedron bortsett fra \u00e9n ting: Metylgruppen settes til R3 i stedet for R4.<\/p>\n<p>Det er mange forskjellige m\u00e5ter du kan bruke 3-MMC Powder p\u00e5, men det er bare ment \u00e5 v\u00e6re brukt til forskning. Den kan ikke brukes til noen av disse andre tingene.<\/p>\n<p>F\u00f8r du kj\u00f8per forskningskjemikalier, s\u00f8rg for at du har riktig verkt\u00f8y og at arbeidsomr\u00e5det ditt er godt ventilert.<\/p>\n<p> Du m\u00e5 v\u00e6re minst 18 \u00e5r gammel for \u00e5 kj\u00f8pe denne varen.<\/p>\n<p>3-MMC-pulveret er lovlig i v\u00e5rt hjemland, der vi bor. Det er opp til deg \u00e5 kjenne til og f\u00f8lge lovene i ditt land, fylke, region, stat eller by. Vi er ikke ansvarlige for hva du gj\u00f8r eller hva som skjer etter at du har bestilt.<\/p>\n","protected":false},"excerpt":{"rendered":"<p>3-Methylmethcathinone, ogs\u00e5 kjent som 3-MMC eller metafedron[1], er et nytt medikament. Hydrokloridsaltet av 3-MMC er et hvitt pulver som ser ut som flak.<\/p>\n<p>Hvor kan jeg kj\u00f8pe 3-mmc-pulver for salg i Storbritannia og Europa? I krystall-, pellet- og pulverform har vi h\u00f8ykvalitets 3-MMC til salgs. Du kan kj\u00f8pe det fra oss p\u00e5 Best Global Meds.<\/p>\n<p>Det er enkelt \u00e5 kj\u00f8pe 3-MMC-pulver p\u00e5 nettet fra et selskap som heter Bestglobalmeds.com, som er en av de beste kjemiske leverand\u00f8rene i Europa. Bankoverf\u00f8ring eller bitcoin-betalinger er to m\u00e5ter du kan betale for ting p\u00e5.<\/p>\n","protected":false},"featured_media":5664,"comment_status":"open","ping_status":"closed","template":"","meta":[],"product_brand":[],"product_cat":[2014],"product_tag":[2101,2337,2102,2395,2125,2329,2103,2326,2338,2104,2327,2365,2105,2106,2107,2398,2112,2144,2113,2114,2115,2116,2118,2119,2108,2110,2120,2121,2122,2123,2124,2126,2368,2127,2128,2130,2135,2136,2137,2138,2129,2134,2133,2132,2131,2139,2140,2141,2142,2143,2111,2117,2145,2146,2152,2153,2150,2151,2155,2331,2369,2156,2332,2157,2158,2372,2160,2161,2165,2166,2167,2168,2172,2173,2174,2175,2176,2177,2180,2181,2182,2183,2187,2188,2189,2194,2195,2196,2197,2199,2200,2202,2203,2204,2205,2206,2210,2207,2208,2209,2211,2212,2213,2214,2215,2216,2217,2218,2408,2380,2409,2410,2411,2383,2412,2468,2415,2471,2387,2419,2391,2219,2220,2222,2223,2225,2226,2229,2233,2234,2236,2238,2240,2243,2244,2245,2246,2247,2248,2249,2250,2252,2254,2255,2256,2257,2258,2259,2260,2261,2262,2264,2266,2267,2333,2403,2268,2270,2272,2273,2275,2276,2278,2185,2186,2190,2269,2283,2271,2191,2193,2290,2308,2291,2277,2293,2361,2274,2198,2279,2335,2345,3500,2280,2281,2282,2284,2285,2286,2287,2288,2289,2292,2384,2469,2414,2389,2417,2416,2388,2418,2474,2390,2413,2392,2294,2346,2295,2407,2309,2297,2298,2302,2299,2300,2301,2303,2304,2305,2306,2307,2159,2421,2422,2311,2164,2315,2423,2221,2424,2162,2163,2425,2227,2228,2232,2428,2179,2318,2251,2430,2431,2169,2253,2235,2263,2432,2170,2171,2433,2184,2434,2178,2319,2265,2321,2322,2239,2323,2310,2312,2313,2314,2316,2317,2320,2324,2334,2325,2328,2330,2344,2336,2339,2347,2340,2341,2342,2343,2348,2349,2350,2351,2352,2353,2354,2355,2356,2357,2358,2359,2360,2362,2363,2364,2366,2367,2370,2371,2373,2374,2379,2381,2382,2385,2386,2420,2394,2396,2397,2399,2400,2401,2402,2404,2405,2406,2192,2426,2427,2429,2435,2436,2437,2438,2439,2440,2441,2442,2443,2444,2445,2446,2447,2476,2449,2450,2451,2452,2453,2454,2455,2456,2457,2458,2459,2460,2461,2462,2463,2464,2465,2466,2467,2470,2472,2473,2475,2201],"class_list":{"0":"post-5653","1":"product","2":"type-product","3":"status-publish","4":"has-post-thumbnail","6":"product_cat-kjpe-forskning-kjemikalier","7":"product_tag-2-fdck","8":"product_tag-magasin-2-fdck","9":"product_tag-2-mmc","10":"product_tag-store-2-mmc","11":"product_tag-3-mmc-pellets","12":"product_tag-lagre-3-mmc-pellets","13":"product_tag-3-cmc","14":"product_tag-store-3-cmc","15":"product_tag-butikk-3-cmc","16":"product_tag-3-mm","17":"product_tag-store-3-mma","18":"product_tag-butikk-3-mma","19":"product_tag-3-mmc","20":"product_tag-3-mmc-bitcoin","21":"product_tag-3-mmc-bulgaria","22":"product_tag-store-3-mmc","23":"product_tag-3-mmc-denmark","24":"product_tag-3-mmc-engros","25":"product_tag-3-mmc-estonia","26":"product_tag-3-mmc-finland","27":"product_tag-3-mmc-frankrike","28":"product_tag-3-mmc-hellas","29":"product_tag-3-mmc-irland","30":"product_tag-3-mmc-italy","31":"product_tag-3-mmc-kroatia","32":"product_tag-3-mmc-kypros","33":"product_tag-3-mmc-latvia","34":"product_tag-3-mmc-litauen","35":"product_tag-3-mmc-luxembourg","36":"product_tag-3-mmc-malta","37":"product_tag-3-mmc-nederland","38":"product_tag-3-mmc-piller","39":"product_tag-shop-3-mmc-piller","40":"product_tag-3-mmc-polen","41":"product_tag-3-mmc-portugal","42":"product_tag-3-mmc-powder-bulk","43":"product_tag-3-mmc-powder-reddit","44":"product_tag-3-mmc-powder-sale","45":"product_tag-3-mmc-powder-sales","46":"product_tag-3-mmc-powder-wholesale","47":"product_tag-3-mmc-pulver","48":"product_tag-3-mmc-pulver-bestilling","49":"product_tag-3-mmc-powder-online","50":"product_tag-3-mmc-pulver-til-salg","51":"product_tag-3-mmc-pulvereffekt","52":"product_tag-3-mmc-romania","53":"product_tag-3-mmc-slovakia","54":"product_tag-3-mmc-slovenia","55":"product_tag-3-mmc-spania","56":"product_tag-3-mmc-sverige","57":"product_tag-3-mmc-tsjekkia","58":"product_tag-3-mmc-ungarn","59":"product_tag-3mmc","60":"product_tag-3mmc-belgia","61":"product_tag-3mmc-engros","62":"product_tag-3mmc-med-bitcoin","63":"product_tag-3mmc-romania","64":"product_tag-3mmc-spania","65":"product_tag-4-cmc","66":"product_tag-store-4-cmc","67":"product_tag-butikk-4-cmc","68":"product_tag-5-mmpa","69":"product_tag-store-5-mmpa","70":"product_tag-a-php","71":"product_tag-a-pihp","72":"product_tag-shop-at-pihp","73":"product_tag-acheter-2-mmc","74":"product_tag-acheter-3-cmc","75":"product_tag-acheter-3-mmc-piller","76":"product_tag-acheter-4-cmc","77":"product_tag-acheter-5-mmpa","78":"product_tag-acheter-a-php","79":"product_tag-acquista-2-fdck","80":"product_tag-acquista-2-mmc","81":"product_tag-acquista-3-cmc","82":"product_tag-acquista-3-mma","83":"product_tag-acquista-3-mmc","84":"product_tag-acquista-3-mmc-pellets","85":"product_tag-acquista-5-mmpa","86":"product_tag-acquista-a-php","87":"product_tag-acquista-a-pihp","88":"product_tag-acquista-eutylone","89":"product_tag-al-por-mayor-3-cmc","90":"product_tag-al-por-mayor-3-mma","91":"product_tag-al-por-mayor-3-mmc","92":"product_tag-al-por-mayor-a-php","93":"product_tag-al-por-mayor-a-pihp","94":"product_tag-al-por-mayor-eutylone","95":"product_tag-al-por-mayor-hexedrone","96":"product_tag-best-3-cmc","97":"product_tag-best-3-mmc","98":"product_tag-best-a-pihp","99":"product_tag-beste-heksedron","100":"product_tag-best-hexen","101":"product_tag-bulk-2-fdck","102":"product_tag-bulk-2-mmc","103":"product_tag-bulk-3-mmc-pellets","104":"product_tag-bulk-3-cmc","105":"product_tag-bulk-3-mma","106":"product_tag-bulk-3-mmc","107":"product_tag-bulk-3-mmc-piller","108":"product_tag-bulk-4-cmc","109":"product_tag-bulk-5-mmpa","110":"product_tag-bulk-a-php","111":"product_tag-bulk-a-pihp","112":"product_tag-bulk-eutylone","113":"product_tag-bulk-heksedron","114":"product_tag-bulk-heksen","115":"product_tag-take-off-2-fdck","116":"product_tag-shop-2-mmc","117":"product_tag-take-off-2-mmc","118":"product_tag-take-off-3-cmc","119":"product_tag-take-off-3-mm","120":"product_tag-shop-3-mmc","121":"product_tag-take-off-3-mmc","122":"product_tag-winkel-3-mmc-pellets","123":"product_tag-take-off-4-cmc","124":"product_tag-butikk-5-mmpa","125":"product_tag-shop-5-mmpa","126":"product_tag-take-off-heksedron","127":"product_tag-butikk-heksedron","128":"product_tag-buy-2-fdck","129":"product_tag-buy-2-mmc","130":"product_tag-buy-3-mma","131":"product_tag-buy-3-mmc","132":"product_tag-buy-3-mmc-pellets","133":"product_tag-buy-3-mmc-pills","134":"product_tag-buy-3mmc","135":"product_tag-buy-4-cmc","136":"product_tag-buy-5-mmpa","137":"product_tag-buy-a-pihp","138":"product_tag-buy-eutylone","139":"product_tag-buy-hexen","140":"product_tag-comprar-2-fdck","141":"product_tag-comprar-2-mmc","142":"product_tag-comprar-3-cmc","143":"product_tag-comprar-3-mma","144":"product_tag-comprar-3-mmc","145":"product_tag-comprar-3-mmc-pellets","146":"product_tag-comprar-3-mmc-pills","147":"product_tag-comprar-4-cmc","148":"product_tag-comprar-a-php","149":"product_tag-comprar-eutylone","150":"product_tag-comprar-hexedrone","151":"product_tag-comprar-hexen","152":"product_tag-cumpara-2-fdck","153":"product_tag-cumpara-3-cmc","154":"product_tag-cumpara-3-mma","155":"product_tag-cumpara-3-mmc","156":"product_tag-cumpara-4-cmc","157":"product_tag-cumpara-5-mmpa","158":"product_tag-cumpara-a-pihp","159":"product_tag-cumpara-hexedrone","160":"product_tag-cumpara-hexen","161":"product_tag-store-a-php","162":"product_tag-butikk-til-php","163":"product_tag-en-gros-2-fdck","164":"product_tag-en-gros-3-mma","165":"product_tag-en-gros-4-cmc","166":"product_tag-en-gros-5-mmpa","167":"product_tag-en-gros-a-pihp","168":"product_tag-en-gros-eutylone","169":"product_tag-en-gros-hexen","170":"product_tag-engros-2-fdck","171":"product_tag-engros-2-mmc","172":"product_tag-engros-3-mmc-pellets","173":"product_tag-engros-3-cmc","174":"product_tag-engros-3-mma","175":"product_tag-engros-3-mmc","176":"product_tag-engros-3-mmc-piller","177":"product_tag-engros-5-mmpa","178":"product_tag-engros-a-pihp","179":"product_tag-ingrosso-eutylone","180":"product_tag-engros-eutylone","181":"product_tag-engros-heksedron","182":"product_tag-engros-hexes","183":"product_tag-engros-hexen","184":"product_tag-engros-a-php","185":"product_tag-engros-hekser","186":"product_tag-eutylone","187":"product_tag-butikk-eutylone","188":"product_tag-eutylone-butikk","189":"product_tag-forsknings-kjemisk-3-mmc-pulver","190":"product_tag-groothandel-2-fdck","191":"product_tag-groothandel-2-mmc","192":"product_tag-groothandel-3-cmc","193":"product_tag-groothandel-3-mmc","194":"product_tag-groothandel-3-mmc-pellets","195":"product_tag-groothandel-3-mmc-pills","196":"product_tag-groothandel-4-cmc","197":"product_tag-groothandel-5-mmpa","198":"product_tag-groothandel-a-php","199":"product_tag-groothandel-hexedrone","200":"product_tag-shop-3-mmc-pellets","201":"product_tag-store-3-mmc-piller","202":"product_tag-take-off-3-mmc-piller","203":"product_tag-shop-a-pihp","204":"product_tag-uzlet-a-pihp","205":"product_tag-uzlet-a-php","206":"product_tag-shop-a-php","207":"product_tag-take-off-eutylone","208":"product_tag-handle-eutylone","209":"product_tag-shop-eutylone","210":"product_tag-uzlet-3-mmc-pellets","211":"product_tag-handle-hekser","212":"product_tag-heksedron","213":"product_tag-heksedron-butikk","214":"product_tag-hekser","215":"product_tag-store-hexen","216":"product_tag-ingroso-hekser","217":"product_tag-ingrosso-2-fdck","218":"product_tag-ingroso-2-mmc","219":"product_tag-ingrosso-3-mmc-pellets","220":"product_tag-ingrosso-3-cmc","221":"product_tag-ingrosso-3-mma","222":"product_tag-ingroso-3-mmc","223":"product_tag-ingrosso-3-mmc-piller","224":"product_tag-ingrosso-4-cmc","225":"product_tag-ingrosso-5-mmpa","226":"product_tag-ingroso-a-php","227":"product_tag-ingrosso-a-pihp","228":"product_tag-kjp-2-fdck","229":"product_tag-vasarold-meg-2-fdck","230":"product_tag-vasarold-meg-2-mmc","231":"product_tag-koop-2-mmc","232":"product_tag-kjp-3-mmc-pellets","233":"product_tag-koop-3-mmc-pellets","234":"product_tag-vasarold-meg-3-cmc","235":"product_tag-kjp-3-cmc","236":"product_tag-vasarold-meg-3-mma","237":"product_tag-kjp-3-mma","238":"product_tag-kjp-3-mmc","239":"product_tag-vasarold-meg-3-mmc","240":"product_tag-kjp-3-mmc-pulver-europe","241":"product_tag-kjp-3-mmc-pulver-uk","242":"product_tag-kjp-3mmc-pulver","243":"product_tag-vasarold-meg-4-cmc","244":"product_tag-kjp-4-cmc","245":"product_tag-kjp-5-mmpa","246":"product_tag-kj-c3-b8p-5-mmpa","247":"product_tag-vasarold-meg-a-php","248":"product_tag-vasarold-meg-pihp","249":"product_tag-kjp-p-pihp","250":"product_tag-kjp-en-pihp","251":"product_tag-kjp-en-php","252":"product_tag-cumpara-a-php","253":"product_tag-vasarold-meg-eutylon","254":"product_tag-kjp-eutylon","255":"product_tag-acheter-heksen","256":"product_tag-vasarold-meg-heksedron","257":"product_tag-kjp-hekser","258":"product_tag-vasarold-meg-hexen","259":"product_tag-kjp-3-mmc-piller","260":"product_tag-kjp-a-php","261":"product_tag-kjpe-eutylon","262":"product_tag-kjpe-eutylone","263":"product_tag-kjpe-heksedron","264":"product_tag-kj-c3-b8pe-heksedron","265":"product_tag-kjpe-hexes","266":"product_tag-koop-2-fdck","267":"product_tag-koop-3-cmc","268":"product_tag-koop-3-mma","269":"product_tag-koop-3-mmc","270":"product_tag-koop-3-mmc-pills","271":"product_tag-koop-4-cmc","272":"product_tag-koop-a-pihp","273":"product_tag-store-2-fdck","274":"product_tag-store-a-pihp","275":"product_tag-magasin-2-mmc","276":"product_tag-magasin-3-mmc","277":"product_tag-magasin-3-mmc-piller","278":"product_tag-magazine-a-pihp","279":"product_tag-magasin-hekser","280":"product_tag-magasin-3-mma","281":"product_tag-magasinhekser","282":"product_tag-magazin-3-mmc","283":"product_tag-magazin-4-cmc","284":"product_tag-magazin-5-mmpa","285":"product_tag-magazin-a-php","286":"product_tag-nagykereskedelem-2-fdck","287":"product_tag-nagykereskedelem-2-mmc","288":"product_tag-nagykereskedelem-3-cmc","289":"product_tag-nagykereskedelem-3-mma","290":"product_tag-nagykereskedelem-3-mmc","291":"product_tag-nagykereskedelem-3-mmc-pellets","292":"product_tag-nagykereskedelem-3-mmc-pills","293":"product_tag-nagykereskedelem-4-cmc","294":"product_tag-nagykereskedelem-5-mmpa","295":"product_tag-nagykereskedelem-a-php","296":"product_tag-nagykereskedelem-a-pihp","297":"product_tag-nagykereskedelem-eutylone","298":"product_tag-nagykereskedelem-hexedrone","299":"product_tag-negozio-2-fdck","300":"product_tag-negozio-2-mmc","301":"product_tag-negozio-3-cmc","302":"product_tag-negozio-3-mmc","303":"product_tag-negozio-3-mmc-pellets","304":"product_tag-negozio-5-mmpa","305":"product_tag-negozio-a-php","306":"product_tag-negozio-eutylone","307":"product_tag-negozio-hexen","308":"product_tag-shop-2-fdck","309":"product_tag-shop-3-cmc","310":"product_tag-shop-3-mma","311":"product_tag-shop-3-mmc-pills","312":"product_tag-shop-4-cmc","313":"product_tag-take-off-hexen","314":"product_tag-tienda-2-fdck","315":"product_tag-tienda-3-cmc","316":"product_tag-tienda-3-mma","317":"product_tag-tienda-3-mmc-pellets","318":"product_tag-tienda-3-mmc-pills","319":"product_tag-tienda-4-cmc","320":"product_tag-tienda-5-mmpa","321":"product_tag-tienda-a-pihp","322":"product_tag-tienda-eutylone","323":"product_tag-tienda-hexedrone","324":"product_tag-engros-4-cmc","325":"product_tag-vasarold-meg-3-mmc-pellets","326":"product_tag-vasarold-meg-3-mmc-pills","327":"product_tag-vasarold-meg-5-mmpa","328":"product_tag-vente-en-gros-2-fdck","329":"product_tag-vente-en-gros-2-mmc","330":"product_tag-vente-en-gros-3-cmc","331":"product_tag-vente-en-gros-3-mma","332":"product_tag-vente-en-gros-3-mmc","333":"product_tag-vente-en-gros-3-mmc-pellets","334":"product_tag-vente-en-gros-3-mmc-pills","335":"product_tag-vente-en-gros-4-cmc","336":"product_tag-vente-en-gros-5-mmpa","337":"product_tag-vente-en-gros-a-php","338":"product_tag-vente-en-gros-a-pihp","339":"product_tag-vente-en-gros-eutylone","340":"product_tag-vente-en-gros-hexen","341":"product_tag-vinkel-hekser","342":"product_tag-wholesale-2-fdck","343":"product_tag-wholesale-2-mmc","344":"product_tag-wholesale-3-cmc","345":"product_tag-wholesale-3-mma","346":"product_tag-wholesale-3-mmc","347":"product_tag-wholesale-3-mmc-pellets","348":"product_tag-wholesale-3-mmc-pills","349":"product_tag-wholesale-4-cmc","350":"product_tag-wholesale-5-mmpa","351":"product_tag-wholesale-a-php","352":"product_tag-wholesale-a-pihp","353":"product_tag-wholesale-eutylone","354":"product_tag-wholesale-hexedrone","355":"product_tag-wholesale-hexen","356":"product_tag-winkel-2-fdck","357":"product_tag-winkel-2-mmc","358":"product_tag-winkel-3-cmc","359":"product_tag-winkel-3-mma","360":"product_tag-winkel-3-mmc","361":"product_tag-winkel-4-cmc","362":"product_tag-winkel-a-php","363":"product_tag-winkel-a-pihp","364":"product_tag-winkel-hexedrone","365":"product_tag-best-4-cmc","367":"first","368":"instock","369":"shipping-taxable","370":"purchasable","371":"product-type-variable","372":"has-default-attributes"},"yoast_head":"<!-- This site is optimized with the Yoast SEO plugin v27.3 - https:\/\/yoast.com\/product\/yoast-seo-wordpress\/ -->\n<title>Kj\u00f8p 3-mmc-pulver - 3-mmc-pulver til salgs - Best Global Meds<\/title>\n<meta name=\"description\" content=\"Hvor kan jeg kj\u00f8pe 3-mmc-pulver for salg i Storbritannia, Europa? Her hos Best Global Meds har vi 3-MMC-pulver av h\u00f8y kvalitet tilgjengelig for salg i krystall-, pellet- og pulverform.\" \/>\n<meta name=\"robots\" content=\"index, follow, max-snippet:-1, max-image-preview:large, max-video-preview:-1\" \/>\n<link rel=\"canonical\" href=\"https:\/\/medicinasinc.com\/no\/product\/kjop-3-mmc-pulver\/\" \/>\n<meta property=\"og:locale\" content=\"nn_NO\" \/>\n<meta property=\"og:type\" content=\"article\" \/>\n<meta property=\"og:title\" content=\"Kj\u00f8p 3-mmc-pulver - 3-mmc-pulver til salgs - Best Global Meds\" \/>\n<meta property=\"og:description\" content=\"Hvor kan jeg kj\u00f8pe 3-mmc-pulver for salg i Storbritannia, Europa? Her hos Best Global Meds har vi 3-MMC-pulver av h\u00f8y kvalitet tilgjengelig for salg i krystall-, pellet- og pulverform.\" \/>\n<meta property=\"og:url\" content=\"https:\/\/medicinasinc.com\/no\/product\/kjop-3-mmc-pulver\/\" \/>\n<meta property=\"og:site_name\" content=\"Medicinas Inc\" \/>\n<meta property=\"article:modified_time\" content=\"2022-03-22T00:46:51+00:00\" \/>\n<meta property=\"og:image\" content=\"https:\/\/medicinasinc.com\/no\/wp-content\/uploads\/sites\/14\/2022\/02\/3-MMC-powder.jpg\" \/>\n\t<meta property=\"og:image:width\" content=\"350\" \/>\n\t<meta property=\"og:image:height\" content=\"350\" \/>\n\t<meta property=\"og:image:type\" content=\"image\/jpeg\" \/>\n<meta name=\"twitter:card\" content=\"summary_large_image\" \/>\n<meta name=\"twitter:label1\" content=\"Est. reading time\" \/>\n\t<meta name=\"twitter:data1\" content=\"2 minutt\" \/>\n<script type=\"application\/ld+json\" class=\"yoast-schema-graph\">{\"@context\":\"https:\\\/\\\/schema.org\",\"@graph\":[{\"@type\":\"WebPage\",\"@id\":\"https:\\\/\\\/medicinasinc.com\\\/no\\\/product\\\/kjop-3-mmc-pulver\\\/\",\"url\":\"https:\\\/\\\/medicinasinc.com\\\/no\\\/product\\\/kjop-3-mmc-pulver\\\/\",\"name\":\"Kj\u00f8p 3-mmc-pulver - 3-mmc-pulver til salgs - Best Global Meds\",\"isPartOf\":{\"@id\":\"https:\\\/\\\/medicinasinc.com\\\/no\\\/#website\"},\"primaryImageOfPage\":{\"@id\":\"https:\\\/\\\/medicinasinc.com\\\/no\\\/product\\\/kjop-3-mmc-pulver\\\/#primaryimage\"},\"image\":{\"@id\":\"https:\\\/\\\/medicinasinc.com\\\/no\\\/product\\\/kjop-3-mmc-pulver\\\/#primaryimage\"},\"thumbnailUrl\":\"https:\\\/\\\/medicinasinc.com\\\/no\\\/wp-content\\\/uploads\\\/sites\\\/14\\\/2022\\\/02\\\/3-MMC-powder.jpg\",\"datePublished\":\"2022-02-22T03:27:38+00:00\",\"dateModified\":\"2022-03-22T00:46:51+00:00\",\"description\":\"Hvor kan jeg kj\u00f8pe 3-mmc-pulver for salg i Storbritannia, Europa? Her hos Best Global Meds har vi 3-MMC-pulver av h\u00f8y kvalitet tilgjengelig for salg i krystall-, pellet- og pulverform.\",\"breadcrumb\":{\"@id\":\"https:\\\/\\\/medicinasinc.com\\\/no\\\/product\\\/kjop-3-mmc-pulver\\\/#breadcrumb\"},\"inLanguage\":\"nn-NO\",\"potentialAction\":[{\"@type\":\"ReadAction\",\"target\":[\"https:\\\/\\\/medicinasinc.com\\\/no\\\/product\\\/kjop-3-mmc-pulver\\\/\"]}]},{\"@type\":\"ImageObject\",\"inLanguage\":\"nn-NO\",\"@id\":\"https:\\\/\\\/medicinasinc.com\\\/no\\\/product\\\/kjop-3-mmc-pulver\\\/#primaryimage\",\"url\":\"https:\\\/\\\/medicinasinc.com\\\/no\\\/wp-content\\\/uploads\\\/sites\\\/14\\\/2022\\\/02\\\/3-MMC-powder.jpg\",\"contentUrl\":\"https:\\\/\\\/medicinasinc.com\\\/no\\\/wp-content\\\/uploads\\\/sites\\\/14\\\/2022\\\/02\\\/3-MMC-powder.jpg\",\"width\":350,\"height\":350},{\"@type\":\"BreadcrumbList\",\"@id\":\"https:\\\/\\\/medicinasinc.com\\\/no\\\/product\\\/kjop-3-mmc-pulver\\\/#breadcrumb\",\"itemListElement\":[{\"@type\":\"ListItem\",\"position\":1,\"name\":\"Butikk\",\"item\":\"https:\\\/\\\/medicinasinc.com\\\/no\\\/butikk\\\/\"},{\"@type\":\"ListItem\",\"position\":2,\"name\":\"Kj\u00f8p 3-mmc pulver\"}]},{\"@type\":\"WebSite\",\"@id\":\"https:\\\/\\\/medicinasinc.com\\\/no\\\/#website\",\"url\":\"https:\\\/\\\/medicinasinc.com\\\/no\\\/\",\"name\":\"Medicinas Inc\",\"description\":\"Helsemedisinsk klinikk\",\"potentialAction\":[{\"@type\":\"SearchAction\",\"target\":{\"@type\":\"EntryPoint\",\"urlTemplate\":\"https:\\\/\\\/medicinasinc.com\\\/no\\\/?s={search_term_string}\"},\"query-input\":{\"@type\":\"PropertyValueSpecification\",\"valueRequired\":true,\"valueName\":\"search_term_string\"}}],\"inLanguage\":\"nn-NO\"}]}<\/script>\n<!-- \/ Yoast SEO plugin. -->","yoast_head_json":{"title":"Kj\u00f8p 3-mmc-pulver - 3-mmc-pulver til salgs - Best Global Meds","description":"Hvor kan jeg kj\u00f8pe 3-mmc-pulver for salg i Storbritannia, Europa? Her hos Best Global Meds har vi 3-MMC-pulver av h\u00f8y kvalitet tilgjengelig for salg i krystall-, pellet- og pulverform.","robots":{"index":"index","follow":"follow","max-snippet":"max-snippet:-1","max-image-preview":"max-image-preview:large","max-video-preview":"max-video-preview:-1"},"canonical":"https:\/\/medicinasinc.com\/no\/product\/kjop-3-mmc-pulver\/","og_locale":"nn_NO","og_type":"article","og_title":"Kj\u00f8p 3-mmc-pulver - 3-mmc-pulver til salgs - Best Global Meds","og_description":"Hvor kan jeg kj\u00f8pe 3-mmc-pulver for salg i Storbritannia, Europa? Her hos Best Global Meds har vi 3-MMC-pulver av h\u00f8y kvalitet tilgjengelig for salg i krystall-, pellet- og pulverform.","og_url":"https:\/\/medicinasinc.com\/no\/product\/kjop-3-mmc-pulver\/","og_site_name":"Medicinas Inc","article_modified_time":"2022-03-22T00:46:51+00:00","og_image":[{"width":350,"height":350,"url":"https:\/\/medicinasinc.com\/no\/wp-content\/uploads\/sites\/14\/2022\/02\/3-MMC-powder.jpg","type":"image\/jpeg"}],"twitter_card":"summary_large_image","twitter_misc":{"Est. reading time":"2 minutt"},"schema":{"@context":"https:\/\/schema.org","@graph":[{"@type":"WebPage","@id":"https:\/\/medicinasinc.com\/no\/product\/kjop-3-mmc-pulver\/","url":"https:\/\/medicinasinc.com\/no\/product\/kjop-3-mmc-pulver\/","name":"Kj\u00f8p 3-mmc-pulver - 3-mmc-pulver til salgs - Best Global Meds","isPartOf":{"@id":"https:\/\/medicinasinc.com\/no\/#website"},"primaryImageOfPage":{"@id":"https:\/\/medicinasinc.com\/no\/product\/kjop-3-mmc-pulver\/#primaryimage"},"image":{"@id":"https:\/\/medicinasinc.com\/no\/product\/kjop-3-mmc-pulver\/#primaryimage"},"thumbnailUrl":"https:\/\/medicinasinc.com\/no\/wp-content\/uploads\/sites\/14\/2022\/02\/3-MMC-powder.jpg","datePublished":"2022-02-22T03:27:38+00:00","dateModified":"2022-03-22T00:46:51+00:00","description":"Hvor kan jeg kj\u00f8pe 3-mmc-pulver for salg i Storbritannia, Europa? Her hos Best Global Meds har vi 3-MMC-pulver av h\u00f8y kvalitet tilgjengelig for salg i krystall-, pellet- og pulverform.","breadcrumb":{"@id":"https:\/\/medicinasinc.com\/no\/product\/kjop-3-mmc-pulver\/#breadcrumb"},"inLanguage":"nn-NO","potentialAction":[{"@type":"ReadAction","target":["https:\/\/medicinasinc.com\/no\/product\/kjop-3-mmc-pulver\/"]}]},{"@type":"ImageObject","inLanguage":"nn-NO","@id":"https:\/\/medicinasinc.com\/no\/product\/kjop-3-mmc-pulver\/#primaryimage","url":"https:\/\/medicinasinc.com\/no\/wp-content\/uploads\/sites\/14\/2022\/02\/3-MMC-powder.jpg","contentUrl":"https:\/\/medicinasinc.com\/no\/wp-content\/uploads\/sites\/14\/2022\/02\/3-MMC-powder.jpg","width":350,"height":350},{"@type":"BreadcrumbList","@id":"https:\/\/medicinasinc.com\/no\/product\/kjop-3-mmc-pulver\/#breadcrumb","itemListElement":[{"@type":"ListItem","position":1,"name":"Butikk","item":"https:\/\/medicinasinc.com\/no\/butikk\/"},{"@type":"ListItem","position":2,"name":"Kj\u00f8p 3-mmc pulver"}]},{"@type":"WebSite","@id":"https:\/\/medicinasinc.com\/no\/#website","url":"https:\/\/medicinasinc.com\/no\/","name":"Medicinas Inc","description":"Helsemedisinsk klinikk","potentialAction":[{"@type":"SearchAction","target":{"@type":"EntryPoint","urlTemplate":"https:\/\/medicinasinc.com\/no\/?s={search_term_string}"},"query-input":{"@type":"PropertyValueSpecification","valueRequired":true,"valueName":"search_term_string"}}],"inLanguage":"nn-NO"}]}},"_links":{"self":[{"href":"https:\/\/medicinasinc.com\/no\/wp-json\/wp\/v2\/product\/5653","targetHints":{"allow":["GET"]}}],"collection":[{"href":"https:\/\/medicinasinc.com\/no\/wp-json\/wp\/v2\/product"}],"about":[{"href":"https:\/\/medicinasinc.com\/no\/wp-json\/wp\/v2\/types\/product"}],"replies":[{"embeddable":true,"href":"https:\/\/medicinasinc.com\/no\/wp-json\/wp\/v2\/comments?post=5653"}],"wp:featuredmedia":[{"embeddable":true,"href":"https:\/\/medicinasinc.com\/no\/wp-json\/wp\/v2\/media\/5664"}],"wp:attachment":[{"href":"https:\/\/medicinasinc.com\/no\/wp-json\/wp\/v2\/media?parent=5653"}],"wp:term":[{"taxonomy":"product_brand","embeddable":true,"href":"https:\/\/medicinasinc.com\/no\/wp-json\/wp\/v2\/product_brand?post=5653"},{"taxonomy":"product_cat","embeddable":true,"href":"https:\/\/medicinasinc.com\/no\/wp-json\/wp\/v2\/product_cat?post=5653"},{"taxonomy":"product_tag","embeddable":true,"href":"https:\/\/medicinasinc.com\/no\/wp-json\/wp\/v2\/product_tag?post=5653"}],"curies":[{"name":"wp","href":"https:\/\/api.w.org\/{rel}","templated":true}]}}