{"id":5652,"date":"2022-02-22T03:24:25","date_gmt":"2022-02-22T03:24:25","guid":{"rendered":"https:\/\/medicinasinc.com\/no\/?post_type=product&#038;p=5652"},"modified":"2022-03-22T00:47:02","modified_gmt":"2022-03-22T00:47:02","slug":"kjop-rasksolv-badesalt","status":"publish","type":"product","link":"https:\/\/medicinasinc.com\/no\/product\/kjop-rasksolv-badesalt\/","title":{"rendered":"Kj\u00f8p Quicksilver Badesalt"},"content":{"rendered":"<p><strong>Du kan kj\u00f8pe Quick Silver Bath Salt p\u00e5 Internett.<\/strong><\/p>\n<p>I Storbritannia, Europa og Australia kan du kj\u00f8pe Quicksilver Bath Salt for mye penger. Folk som kj\u00f8per hos oss kan v\u00e6re sikre p\u00e5 at de f\u00e5r det de betaler for. N\u00e5 er den beste tiden \u00e5 kj\u00f8pe Quicksilver Bath Salt til de beste prisene.<\/p>\n<div class=\"product-next-previous\">\n<div class=\"product-prev\"><\/div><\/div>\n","protected":false},"excerpt":{"rendered":"<div class=\"woocommerce-product-details__short-description\">\n<p>Konsentrert badesalt fra de beste merkene. metylaminopropan: Methiopropamin er 1-tiofen-2-yl 2-metylaminopropan.<\/p>\n<p>Til den beste prisen kan du kj\u00f8pe QuickSilver badesalt p\u00e5 nett. Vi lover trygg og sikker frakt over hele verden.<\/p>\n<p>Kj\u00f8p 1000mg QuickSilver-badesalt p\u00e5 nettet. Konsentrert badesalt fra de beste merkene. 1-(tiofen-2-yl)-2-metylaminopropan kalles metiopropamin.<\/p>\n<\/p><\/div>\n","protected":false},"featured_media":5662,"comment_status":"open","ping_status":"closed","template":"","meta":[],"product_brand":[],"product_cat":[2014],"product_tag":[3432,3435,3438,3434,3436,3437,3433,3095,3440,3441,3442,3485,3484,3486,3487,3483,3470,3443,3097,3444,3445,3450,3451,3452,3455,3457,3458,3460,3461,3462,3463,3467,3469,3471,3473,3474,3476,3475,3496,3499,3498,3497,3083,3468,3446,3447,3449,3453,3454,3456,3459,3464,3466,3448,3465,3472,3489,3478,3477,3165,3481,3480,3482,3479,3488,3493,3492,3491,3490,3439,3494,3495],"class_list":{"0":"post-5652","1":"product","2":"type-product","3":"status-publish","4":"has-post-thumbnail","6":"product_cat-kjpe-forskning-kjemikalier","7":"product_tag-badesalt","8":"product_tag-badesalt-medikament-salg-p-nett","9":"product_tag-badesalt-nettbutikk","10":"product_tag-badesalt-medikament-til-salg-p-nett","11":"product_tag-badesalt-til-salg-p-nett","12":"product_tag-badesalt-til-salg-online-med-kredittkort","13":"product_tag-bath-salts-drug","14":"product_tag-bath-salts-for-sale","15":"product_tag-bathsalts","16":"product_tag-best-bath-salts","17":"product_tag-best-quality-online-bath-salts","18":"product_tag-bestille-badesalt-online-badesalt-engros","19":"product_tag-bestille-badesalt-p-nett","20":"product_tag-bestille-badesalt-nett-torsk","21":"product_tag-bestille-badesalt-p-nett-med-kredittkort","22":"product_tag-bestille-badesalt-medikament-p-nett","23":"product_tag-billig-badesalt","24":"product_tag-buy-amped-novelty-powder-500mg","25":"product_tag-buy-bath-salts","26":"product_tag-buy-bath-salts-cod","27":"product_tag-buy-bath-salts-drug-online","28":"product_tag-buy-bath-salts-online-with-credit-cards","29":"product_tag-buy-bath-salts-with-paypal-online","30":"product_tag-buy-cheap-bath-salts-order-bath-salts-drug-online","31":"product_tag-buy-ivory-wave-for-sale-online","32":"product_tag-buy-mephedrone-bath-salts-online-with-credit-card","33":"product_tag-buy-pump-it-bath-salt-1000mg","34":"product_tag-buy-quick-silver-bath-salt-online","35":"product_tag-buy-quick-silver-bath-salts-australia","36":"product_tag-buy-quick-silver-bath-salts-canada","37":"product_tag-buy-quick-silver-bath-salts-online","38":"product_tag-buy-synthetic-bath-salts-online","39":"product_tag-can-you-still-buy-bath-salts","40":"product_tag-sky-9-bad-salt","41":"product_tag-diskret-badesalt-forhandlere-p-nett","42":"product_tag-eight-ballz-bath-salt-for-sale-online","43":"product_tag-elfenben-blge","44":"product_tag-finn-legit-badesalt-leverandrer-online","45":"product_tag-hva-gjr-badesalt-gjr","46":"product_tag-hvor-kan-jeg-bestille-mdpv-badesalt-p-nettet","47":"product_tag-hvor-kan-jeg-f-badesalt","48":"product_tag-hvor-kan-jeg-kjpe-badesalt-p-nettet","49":"product_tag-ivory-wave-bath-salts","50":"product_tag-kan-du-kjpe-badesalt-i-butikker","51":"product_tag-kjp-badesalt-p-nett","52":"product_tag-kj-c3-b8pe-badesalt-nett-lovlig","53":"product_tag-kjp-badesalt-p-nett-med-kredittkort","54":"product_tag-kjp-tte-ballz-badesalt-p-nettet","55":"product_tag-kjp-elfenben-blge-badesalt-1000mg","56":"product_tag-kjp-k2-badesalt-p-nett","57":"product_tag-kjp-rask-slv","58":"product_tag-kjp-rask-slv-badesalt-usa","59":"product_tag-kjp-sextacy-badesalt-p-nettet","60":"product_tag-kjp-badesalt-p-nettet-hvor-kan-jeg-kjpe-badesalt-p-nettet","61":"product_tag-kjp-forskning-kjemikalier-ordre","62":"product_tag-konsentrert-badesalt","63":"product_tag-kvalitets-badesalt-medikament-til-salg-p-nett","64":"product_tag-legit-badesalt-leverandrer-online","65":"product_tag-lovlig-badesalt-til-salg-p-nett","66":"product_tag-mdpv-badesalt-til-salg","67":"product_tag-mefedron-badesalt-hvor-kan-kjpes","68":"product_tag-mefedron-badesalt-til-salg","69":"product_tag-mefedron","70":"product_tag-ser--kjpe-badesalt-salt-p-nett","71":"product_tag-purchase-bath-salts-online","72":"product_tag-kvikk-slv-badesalt-leverandr-forskning-kjemikalier","73":"product_tag-rask-slv-badesalt-p-nett","74":"product_tag-kvikk-slv-badesalt-til-salg","75":"product_tag-kvikk-slv-badesalt","76":"product_tag-badesalt-salg-p-nett","77":"product_tag-sikreste-nettbutikk--kjpe-badesalt","78":"product_tag-vanilje-himmel-badesalt-til-salg","80":"first","81":"instock","82":"shipping-taxable","83":"purchasable","84":"product-type-variable","85":"has-default-attributes"},"yoast_head":"<!-- This site is optimized with the Yoast SEO plugin v27.3 - https:\/\/yoast.com\/product\/yoast-seo-wordpress\/ -->\n<title>Kj\u00f8p Quick Silver Bath Salt - Quick Silver Bath Salt - Best Global Meds<\/title>\n<meta name=\"description\" content=\"Kj\u00f8p Quicksilver Bath Salt til salgs i Storbritannia, Europa, AU. vi tilbyr den mest p\u00e5litelige transaksjonen og selger til sv\u00e6rt rimelige priser. Bestill Quicksilver Bath Salt n\u00e5 til de beste prisene\" \/>\n<meta name=\"robots\" content=\"index, follow, max-snippet:-1, max-image-preview:large, max-video-preview:-1\" \/>\n<link rel=\"canonical\" href=\"https:\/\/medicinasinc.com\/no\/product\/kjop-rasksolv-badesalt\/\" \/>\n<meta property=\"og:locale\" content=\"nn_NO\" \/>\n<meta property=\"og:type\" content=\"article\" \/>\n<meta property=\"og:title\" content=\"Kj\u00f8p Quick Silver Bath Salt - Quick Silver Bath Salt - Best Global Meds\" \/>\n<meta property=\"og:description\" content=\"Kj\u00f8p Quicksilver Bath Salt til salgs i Storbritannia, Europa, AU. vi tilbyr den mest p\u00e5litelige transaksjonen og selger til sv\u00e6rt rimelige priser. Bestill Quicksilver Bath Salt n\u00e5 til de beste prisene\" \/>\n<meta property=\"og:url\" content=\"https:\/\/medicinasinc.com\/no\/product\/kjop-rasksolv-badesalt\/\" \/>\n<meta property=\"og:site_name\" content=\"Medicinas Inc\" \/>\n<meta property=\"article:modified_time\" content=\"2022-03-22T00:47:02+00:00\" \/>\n<meta property=\"og:image\" content=\"https:\/\/medicinasinc.com\/no\/wp-content\/uploads\/sites\/14\/2022\/02\/Buy-Quicksilver-Bath-Salt.jpg\" \/>\n\t<meta property=\"og:image:width\" content=\"600\" \/>\n\t<meta property=\"og:image:height\" content=\"599\" \/>\n\t<meta property=\"og:image:type\" content=\"image\/jpeg\" \/>\n<meta name=\"twitter:card\" content=\"summary_large_image\" \/>\n<meta name=\"twitter:label1\" content=\"Est. reading time\" \/>\n\t<meta name=\"twitter:data1\" content=\"1 minutt\" \/>\n<script type=\"application\/ld+json\" class=\"yoast-schema-graph\">{\"@context\":\"https:\\\/\\\/schema.org\",\"@graph\":[{\"@type\":\"WebPage\",\"@id\":\"https:\\\/\\\/medicinasinc.com\\\/no\\\/product\\\/kjop-rasksolv-badesalt\\\/\",\"url\":\"https:\\\/\\\/medicinasinc.com\\\/no\\\/product\\\/kjop-rasksolv-badesalt\\\/\",\"name\":\"Kj\u00f8p Quick Silver Bath Salt - Quick Silver Bath Salt - Best Global Meds\",\"isPartOf\":{\"@id\":\"https:\\\/\\\/medicinasinc.com\\\/no\\\/#website\"},\"primaryImageOfPage\":{\"@id\":\"https:\\\/\\\/medicinasinc.com\\\/no\\\/product\\\/kjop-rasksolv-badesalt\\\/#primaryimage\"},\"image\":{\"@id\":\"https:\\\/\\\/medicinasinc.com\\\/no\\\/product\\\/kjop-rasksolv-badesalt\\\/#primaryimage\"},\"thumbnailUrl\":\"https:\\\/\\\/medicinasinc.com\\\/no\\\/wp-content\\\/uploads\\\/sites\\\/14\\\/2022\\\/02\\\/Buy-Quicksilver-Bath-Salt.jpg\",\"datePublished\":\"2022-02-22T03:24:25+00:00\",\"dateModified\":\"2022-03-22T00:47:02+00:00\",\"description\":\"Kj\u00f8p Quicksilver Bath Salt til salgs i Storbritannia, Europa, AU. vi tilbyr den mest p\u00e5litelige transaksjonen og selger til sv\u00e6rt rimelige priser. Bestill Quicksilver Bath Salt n\u00e5 til de beste prisene\",\"breadcrumb\":{\"@id\":\"https:\\\/\\\/medicinasinc.com\\\/no\\\/product\\\/kjop-rasksolv-badesalt\\\/#breadcrumb\"},\"inLanguage\":\"nn-NO\",\"potentialAction\":[{\"@type\":\"ReadAction\",\"target\":[\"https:\\\/\\\/medicinasinc.com\\\/no\\\/product\\\/kjop-rasksolv-badesalt\\\/\"]}]},{\"@type\":\"ImageObject\",\"inLanguage\":\"nn-NO\",\"@id\":\"https:\\\/\\\/medicinasinc.com\\\/no\\\/product\\\/kjop-rasksolv-badesalt\\\/#primaryimage\",\"url\":\"https:\\\/\\\/medicinasinc.com\\\/no\\\/wp-content\\\/uploads\\\/sites\\\/14\\\/2022\\\/02\\\/Buy-Quicksilver-Bath-Salt.jpg\",\"contentUrl\":\"https:\\\/\\\/medicinasinc.com\\\/no\\\/wp-content\\\/uploads\\\/sites\\\/14\\\/2022\\\/02\\\/Buy-Quicksilver-Bath-Salt.jpg\",\"width\":600,\"height\":599},{\"@type\":\"BreadcrumbList\",\"@id\":\"https:\\\/\\\/medicinasinc.com\\\/no\\\/product\\\/kjop-rasksolv-badesalt\\\/#breadcrumb\",\"itemListElement\":[{\"@type\":\"ListItem\",\"position\":1,\"name\":\"Butikk\",\"item\":\"https:\\\/\\\/medicinasinc.com\\\/no\\\/butikk\\\/\"},{\"@type\":\"ListItem\",\"position\":2,\"name\":\"Kj\u00f8p Quicksilver Badesalt\"}]},{\"@type\":\"WebSite\",\"@id\":\"https:\\\/\\\/medicinasinc.com\\\/no\\\/#website\",\"url\":\"https:\\\/\\\/medicinasinc.com\\\/no\\\/\",\"name\":\"Medicinas Inc\",\"description\":\"Helsemedisinsk klinikk\",\"potentialAction\":[{\"@type\":\"SearchAction\",\"target\":{\"@type\":\"EntryPoint\",\"urlTemplate\":\"https:\\\/\\\/medicinasinc.com\\\/no\\\/?s={search_term_string}\"},\"query-input\":{\"@type\":\"PropertyValueSpecification\",\"valueRequired\":true,\"valueName\":\"search_term_string\"}}],\"inLanguage\":\"nn-NO\"}]}<\/script>\n<!-- \/ Yoast SEO plugin. -->","yoast_head_json":{"title":"Kj\u00f8p Quick Silver Bath Salt - Quick Silver Bath Salt - Best Global Meds","description":"Kj\u00f8p Quicksilver Bath Salt til salgs i Storbritannia, Europa, AU. vi tilbyr den mest p\u00e5litelige transaksjonen og selger til sv\u00e6rt rimelige priser. Bestill Quicksilver Bath Salt n\u00e5 til de beste prisene","robots":{"index":"index","follow":"follow","max-snippet":"max-snippet:-1","max-image-preview":"max-image-preview:large","max-video-preview":"max-video-preview:-1"},"canonical":"https:\/\/medicinasinc.com\/no\/product\/kjop-rasksolv-badesalt\/","og_locale":"nn_NO","og_type":"article","og_title":"Kj\u00f8p Quick Silver Bath Salt - Quick Silver Bath Salt - Best Global Meds","og_description":"Kj\u00f8p Quicksilver Bath Salt til salgs i Storbritannia, Europa, AU. vi tilbyr den mest p\u00e5litelige transaksjonen og selger til sv\u00e6rt rimelige priser. Bestill Quicksilver Bath Salt n\u00e5 til de beste prisene","og_url":"https:\/\/medicinasinc.com\/no\/product\/kjop-rasksolv-badesalt\/","og_site_name":"Medicinas Inc","article_modified_time":"2022-03-22T00:47:02+00:00","og_image":[{"width":600,"height":599,"url":"https:\/\/medicinasinc.com\/no\/wp-content\/uploads\/sites\/14\/2022\/02\/Buy-Quicksilver-Bath-Salt.jpg","type":"image\/jpeg"}],"twitter_card":"summary_large_image","twitter_misc":{"Est. reading time":"1 minutt"},"schema":{"@context":"https:\/\/schema.org","@graph":[{"@type":"WebPage","@id":"https:\/\/medicinasinc.com\/no\/product\/kjop-rasksolv-badesalt\/","url":"https:\/\/medicinasinc.com\/no\/product\/kjop-rasksolv-badesalt\/","name":"Kj\u00f8p Quick Silver Bath Salt - Quick Silver Bath Salt - Best Global Meds","isPartOf":{"@id":"https:\/\/medicinasinc.com\/no\/#website"},"primaryImageOfPage":{"@id":"https:\/\/medicinasinc.com\/no\/product\/kjop-rasksolv-badesalt\/#primaryimage"},"image":{"@id":"https:\/\/medicinasinc.com\/no\/product\/kjop-rasksolv-badesalt\/#primaryimage"},"thumbnailUrl":"https:\/\/medicinasinc.com\/no\/wp-content\/uploads\/sites\/14\/2022\/02\/Buy-Quicksilver-Bath-Salt.jpg","datePublished":"2022-02-22T03:24:25+00:00","dateModified":"2022-03-22T00:47:02+00:00","description":"Kj\u00f8p Quicksilver Bath Salt til salgs i Storbritannia, Europa, AU. vi tilbyr den mest p\u00e5litelige transaksjonen og selger til sv\u00e6rt rimelige priser. Bestill Quicksilver Bath Salt n\u00e5 til de beste prisene","breadcrumb":{"@id":"https:\/\/medicinasinc.com\/no\/product\/kjop-rasksolv-badesalt\/#breadcrumb"},"inLanguage":"nn-NO","potentialAction":[{"@type":"ReadAction","target":["https:\/\/medicinasinc.com\/no\/product\/kjop-rasksolv-badesalt\/"]}]},{"@type":"ImageObject","inLanguage":"nn-NO","@id":"https:\/\/medicinasinc.com\/no\/product\/kjop-rasksolv-badesalt\/#primaryimage","url":"https:\/\/medicinasinc.com\/no\/wp-content\/uploads\/sites\/14\/2022\/02\/Buy-Quicksilver-Bath-Salt.jpg","contentUrl":"https:\/\/medicinasinc.com\/no\/wp-content\/uploads\/sites\/14\/2022\/02\/Buy-Quicksilver-Bath-Salt.jpg","width":600,"height":599},{"@type":"BreadcrumbList","@id":"https:\/\/medicinasinc.com\/no\/product\/kjop-rasksolv-badesalt\/#breadcrumb","itemListElement":[{"@type":"ListItem","position":1,"name":"Butikk","item":"https:\/\/medicinasinc.com\/no\/butikk\/"},{"@type":"ListItem","position":2,"name":"Kj\u00f8p Quicksilver Badesalt"}]},{"@type":"WebSite","@id":"https:\/\/medicinasinc.com\/no\/#website","url":"https:\/\/medicinasinc.com\/no\/","name":"Medicinas Inc","description":"Helsemedisinsk klinikk","potentialAction":[{"@type":"SearchAction","target":{"@type":"EntryPoint","urlTemplate":"https:\/\/medicinasinc.com\/no\/?s={search_term_string}"},"query-input":{"@type":"PropertyValueSpecification","valueRequired":true,"valueName":"search_term_string"}}],"inLanguage":"nn-NO"}]}},"_links":{"self":[{"href":"https:\/\/medicinasinc.com\/no\/wp-json\/wp\/v2\/product\/5652","targetHints":{"allow":["GET"]}}],"collection":[{"href":"https:\/\/medicinasinc.com\/no\/wp-json\/wp\/v2\/product"}],"about":[{"href":"https:\/\/medicinasinc.com\/no\/wp-json\/wp\/v2\/types\/product"}],"replies":[{"embeddable":true,"href":"https:\/\/medicinasinc.com\/no\/wp-json\/wp\/v2\/comments?post=5652"}],"wp:featuredmedia":[{"embeddable":true,"href":"https:\/\/medicinasinc.com\/no\/wp-json\/wp\/v2\/media\/5662"}],"wp:attachment":[{"href":"https:\/\/medicinasinc.com\/no\/wp-json\/wp\/v2\/media?parent=5652"}],"wp:term":[{"taxonomy":"product_brand","embeddable":true,"href":"https:\/\/medicinasinc.com\/no\/wp-json\/wp\/v2\/product_brand?post=5652"},{"taxonomy":"product_cat","embeddable":true,"href":"https:\/\/medicinasinc.com\/no\/wp-json\/wp\/v2\/product_cat?post=5652"},{"taxonomy":"product_tag","embeddable":true,"href":"https:\/\/medicinasinc.com\/no\/wp-json\/wp\/v2\/product_tag?post=5652"}],"curies":[{"name":"wp","href":"https:\/\/api.w.org\/{rel}","templated":true}]}}