{"id":5651,"date":"2022-02-22T03:22:57","date_gmt":"2022-02-22T03:22:57","guid":{"rendered":"https:\/\/medicinasinc.com\/no\/?post_type=product&#038;p=5651"},"modified":"2022-03-22T00:47:13","modified_gmt":"2022-03-22T00:47:13","slug":"kjope-oksykodon-pulver","status":"publish","type":"product","link":"https:\/\/medicinasinc.com\/no\/product\/kjope-oksykodon-pulver\/","title":{"rendered":"Kj\u00f8p oksykodonpulver"},"content":{"rendered":"<p>Du kan kj\u00f8pe oksykodonpulver av h\u00f8y kvalitet fra et nettsted som dette:<br \/> Oksykodonpulver til salgs kan hjelpe deg med \u00e5 f\u00e5 slutt p\u00e5 smertene og bli bedre.<\/p>\n<p>Oksykodon er i en gruppe medisiner som kalles narkotiske analgetika. Det brukes til \u00e5 behandle kroniske smerter som er sv\u00e6rt ille n\u00e5r andre behandlinger ikke fungerer godt nok. Reseptbelagte former for dette stoffet er ment \u00e5 hjelpe folk som har leddgikt, kreft eller andre fysiske problemer hele dagen. M\u00e5ten det fungerer p\u00e5 ligner p\u00e5 hvordan andre opiater virker. Det binder seg til reseptorer i hjernen og endrer hvordan hjernen reagerer p\u00e5 smerte.<\/p>\n<p>Oksykodonpulver til salgs er en kraftig ingrediens i en rekke smertestillende midler som kommer i forskjellige former og st\u00f8rrelser. Det gis vanligvis sammen med ibuprofen og aspirin, men det kan ogs\u00e5 gis alene.<\/p>\n<p>Oksykodonpulver kan kj\u00f8pes p\u00e5 nett fra den mest kjente butikken i USA.<\/p>\n<p>Bestgoalmeds. com\u00a0Shop er et verdidrevet selskap som har solgt de beste medisinene i mer enn 15 \u00e5r. I butikken v\u00e5r kan du kj\u00f8pe oksykodonpulver som er kvalitetssjekket i et lisensiert laboratorium. Fra USA til Asia betjener vi kunder fra hele verden. Det er enkelt \u00e5 kj\u00f8pe produktene v\u00e5re fordi de er lovlige og du ikke trenger \u00e5 bekymre deg for noe. N\u00e5r det gjelder oss, holder vi alt privat fordi vi setter pris p\u00e5 personvernet ditt. Ta kontakt med oss \u200b\u200bhvis du har sp\u00f8rsm\u00e5l eller bekymringer!<\/p>\n","protected":false},"excerpt":{"rendered":"<div class=\"woocommerce-product-details__short-description\">\n<p>Kj\u00f8p oksykodonpulver i Storbritannia og Europa p\u00e5 Bestglobalmeds.com, hvor du raskt kan f\u00e5 tak i det fra hele verden. Det er her du kan kj\u00f8pe det beste oksykodonpulveret du kan finne.<\/p>\n<p>Du kan kj\u00f8pe oksykodonpulver av h\u00f8y kvalitet p\u00e5 nettet for moderate til sterke smerter n\u00e5r du trenger \u00e5 v\u00e6re smertefri hele dagen og natten i lang tid tid.<\/p>\n<p>Du kan kj\u00f8pe Oxycodone-pulver p\u00e5 internett til den beste prisen. USpharma Shop er et velkjent nettapotek som selger lovlige legemidler. Bestill online og spar deg selv b\u00e5de tid og penger.<\/p>\n<p>Oxycodone (Bulk) er 100 % pulver. Oksykodon er det generiske navnet (bulk). Se gratiskupongen. I denne delen l\u00e6rer du hvordan du bruker, hva den gj\u00f8r, hva den kan gj\u00f8re og hvordan du unng\u00e5r den.<\/p>\n<p>En av de mange alkaloidene i den persiske valmuen kalles tebain, og oksykodonpulver er laget av denne alkaloiden. Oksykodonpulver er et hvitt, luktfritt, krystallinsk pulver som er laget av denne alkaloiden. Oksykodonhydroklorid l\u00f8ses opp i vann (1 g i 6 til 7 ml) og er litt l\u00f8selig i alkohol, men ikke veldig mye (oktanolvannfordelingskoeffisient er 0,7).<\/p>\n<p>Oksykodonhydroklorid best\u00e5r av 4 , 5a-epoksy-14-hydroksy-3-metoksy-17-metylmorfinan-6-on-hydroklorid, som er det kjemiske navnet.<\/p>\n<p>Et halvsyntetisk opioidanalgetikum kalt oksykodonpulver brukes til \u00e5 behandle moderat til kraftig smerte. Oksykodonpulver brukes vanligvis til \u00e5 behandle moderat til alvorlig smerte. Da Oxycodone ble laget i Tyskland i 1917, var det en av en gruppe semisyntetiske opioider som ble laget for \u00e5 forbedre de eksisterende opioidene.<\/p>\n<\/p><\/div>\n","protected":false},"featured_media":5660,"comment_status":"open","ping_status":"closed","template":"","meta":[],"product_brand":[],"product_cat":[2014],"product_tag":[3415,3417,3427,3416,3431,3419,3420,3418,3423,3428,3426,3425,3429,3421,3422,3424,3430],"class_list":{"0":"post-5651","1":"product","2":"type-product","3":"status-publish","4":"has-post-thumbnail","6":"product_cat-kjpe-forskning-kjemikalier","7":"product_tag-best-place-to-buy-oxycodone-powder","8":"product_tag-orden-oksykodon-pulver","9":"product_tag-oksykodon-pulver-rekkeflge","10":"product_tag-buy-oxycodone-powder","11":"product_tag-hvor-kan-kjpes-oksykodon-pulver","12":"product_tag-oksykodon-pulver-effekt","13":"product_tag-oksykodon-pulver-europa","14":"product_tag-oksykodon-pulver-kjp","15":"product_tag-oksykodon-pulver-tyskland","16":"product_tag-oksykodon-pulver-bestilling-uk","17":"product_tag-oksykodon-pulver-online","18":"product_tag-oksykodon-pulver-postordre","19":"product_tag-oksykodon-pulver-reddit","20":"product_tag-oksykodon-pulver-til-salg","21":"product_tag-oksykodon-pulver-til-salg-uk","22":"product_tag-oksykodon-pulver-post","23":"product_tag-salg-av-oksykodonpulver","25":"first","26":"instock","27":"shipping-taxable","28":"purchasable","29":"product-type-variable","30":"has-default-attributes"},"yoast_head":"<!-- This site is optimized with the Yoast SEO plugin v27.3 - https:\/\/yoast.com\/product\/yoast-seo-wordpress\/ -->\n<title>Kj\u00f8p oksykodonpulver - oksykodonpulver - Best Global Meds<\/title>\n<meta name=\"description\" content=\"Kj\u00f8p oksykodonpulver i Storbritannia, Europa i v\u00e5r Bestglobalmeds.com nettbutikk med rask levering over hele verden! Det beste oksykodonpulveret for bestilling finner du her!\" \/>\n<meta name=\"robots\" content=\"index, follow, max-snippet:-1, max-image-preview:large, max-video-preview:-1\" \/>\n<link rel=\"canonical\" href=\"https:\/\/medicinasinc.com\/no\/product\/kjope-oksykodon-pulver\/\" \/>\n<meta property=\"og:locale\" content=\"nn_NO\" \/>\n<meta property=\"og:type\" content=\"article\" \/>\n<meta property=\"og:title\" content=\"Kj\u00f8p oksykodonpulver - oksykodonpulver - Best Global Meds\" \/>\n<meta property=\"og:description\" content=\"Kj\u00f8p oksykodonpulver i Storbritannia, Europa i v\u00e5r Bestglobalmeds.com nettbutikk med rask levering over hele verden! Det beste oksykodonpulveret for bestilling finner du her!\" \/>\n<meta property=\"og:url\" content=\"https:\/\/medicinasinc.com\/no\/product\/kjope-oksykodon-pulver\/\" \/>\n<meta property=\"og:site_name\" content=\"Medicinas Inc\" \/>\n<meta property=\"article:modified_time\" content=\"2022-03-22T00:47:13+00:00\" \/>\n<meta property=\"og:image\" content=\"https:\/\/medicinasinc.com\/no\/wp-content\/uploads\/sites\/14\/2022\/02\/Buy-oxycodone-powder.jpeg\" \/>\n\t<meta property=\"og:image:width\" content=\"510\" \/>\n\t<meta property=\"og:image:height\" content=\"389\" \/>\n\t<meta property=\"og:image:type\" content=\"image\/jpeg\" \/>\n<meta name=\"twitter:card\" content=\"summary_large_image\" \/>\n<meta name=\"twitter:label1\" content=\"Est. reading time\" \/>\n\t<meta name=\"twitter:data1\" content=\"2 minutt\" \/>\n<script type=\"application\/ld+json\" class=\"yoast-schema-graph\">{\"@context\":\"https:\\\/\\\/schema.org\",\"@graph\":[{\"@type\":\"WebPage\",\"@id\":\"https:\\\/\\\/medicinasinc.com\\\/no\\\/product\\\/kjope-oksykodon-pulver\\\/\",\"url\":\"https:\\\/\\\/medicinasinc.com\\\/no\\\/product\\\/kjope-oksykodon-pulver\\\/\",\"name\":\"Kj\u00f8p oksykodonpulver - oksykodonpulver - Best Global Meds\",\"isPartOf\":{\"@id\":\"https:\\\/\\\/medicinasinc.com\\\/no\\\/#website\"},\"primaryImageOfPage\":{\"@id\":\"https:\\\/\\\/medicinasinc.com\\\/no\\\/product\\\/kjope-oksykodon-pulver\\\/#primaryimage\"},\"image\":{\"@id\":\"https:\\\/\\\/medicinasinc.com\\\/no\\\/product\\\/kjope-oksykodon-pulver\\\/#primaryimage\"},\"thumbnailUrl\":\"https:\\\/\\\/medicinasinc.com\\\/no\\\/wp-content\\\/uploads\\\/sites\\\/14\\\/2022\\\/02\\\/Buy-oxycodone-powder.jpeg\",\"datePublished\":\"2022-02-22T03:22:57+00:00\",\"dateModified\":\"2022-03-22T00:47:13+00:00\",\"description\":\"Kj\u00f8p oksykodonpulver i Storbritannia, Europa i v\u00e5r Bestglobalmeds.com nettbutikk med rask levering over hele verden! Det beste oksykodonpulveret for bestilling finner du her!\",\"breadcrumb\":{\"@id\":\"https:\\\/\\\/medicinasinc.com\\\/no\\\/product\\\/kjope-oksykodon-pulver\\\/#breadcrumb\"},\"inLanguage\":\"nn-NO\",\"potentialAction\":[{\"@type\":\"ReadAction\",\"target\":[\"https:\\\/\\\/medicinasinc.com\\\/no\\\/product\\\/kjope-oksykodon-pulver\\\/\"]}]},{\"@type\":\"ImageObject\",\"inLanguage\":\"nn-NO\",\"@id\":\"https:\\\/\\\/medicinasinc.com\\\/no\\\/product\\\/kjope-oksykodon-pulver\\\/#primaryimage\",\"url\":\"https:\\\/\\\/medicinasinc.com\\\/no\\\/wp-content\\\/uploads\\\/sites\\\/14\\\/2022\\\/02\\\/Buy-oxycodone-powder.jpeg\",\"contentUrl\":\"https:\\\/\\\/medicinasinc.com\\\/no\\\/wp-content\\\/uploads\\\/sites\\\/14\\\/2022\\\/02\\\/Buy-oxycodone-powder.jpeg\",\"width\":510,\"height\":389},{\"@type\":\"BreadcrumbList\",\"@id\":\"https:\\\/\\\/medicinasinc.com\\\/no\\\/product\\\/kjope-oksykodon-pulver\\\/#breadcrumb\",\"itemListElement\":[{\"@type\":\"ListItem\",\"position\":1,\"name\":\"Butikk\",\"item\":\"https:\\\/\\\/medicinasinc.com\\\/no\\\/butikk\\\/\"},{\"@type\":\"ListItem\",\"position\":2,\"name\":\"Kj\u00f8p oksykodonpulver\"}]},{\"@type\":\"WebSite\",\"@id\":\"https:\\\/\\\/medicinasinc.com\\\/no\\\/#website\",\"url\":\"https:\\\/\\\/medicinasinc.com\\\/no\\\/\",\"name\":\"Medicinas Inc\",\"description\":\"Helsemedisinsk klinikk\",\"potentialAction\":[{\"@type\":\"SearchAction\",\"target\":{\"@type\":\"EntryPoint\",\"urlTemplate\":\"https:\\\/\\\/medicinasinc.com\\\/no\\\/?s={search_term_string}\"},\"query-input\":{\"@type\":\"PropertyValueSpecification\",\"valueRequired\":true,\"valueName\":\"search_term_string\"}}],\"inLanguage\":\"nn-NO\"}]}<\/script>\n<!-- \/ Yoast SEO plugin. -->","yoast_head_json":{"title":"Kj\u00f8p oksykodonpulver - oksykodonpulver - Best Global Meds","description":"Kj\u00f8p oksykodonpulver i Storbritannia, Europa i v\u00e5r Bestglobalmeds.com nettbutikk med rask levering over hele verden! Det beste oksykodonpulveret for bestilling finner du her!","robots":{"index":"index","follow":"follow","max-snippet":"max-snippet:-1","max-image-preview":"max-image-preview:large","max-video-preview":"max-video-preview:-1"},"canonical":"https:\/\/medicinasinc.com\/no\/product\/kjope-oksykodon-pulver\/","og_locale":"nn_NO","og_type":"article","og_title":"Kj\u00f8p oksykodonpulver - oksykodonpulver - Best Global Meds","og_description":"Kj\u00f8p oksykodonpulver i Storbritannia, Europa i v\u00e5r Bestglobalmeds.com nettbutikk med rask levering over hele verden! Det beste oksykodonpulveret for bestilling finner du her!","og_url":"https:\/\/medicinasinc.com\/no\/product\/kjope-oksykodon-pulver\/","og_site_name":"Medicinas Inc","article_modified_time":"2022-03-22T00:47:13+00:00","og_image":[{"width":510,"height":389,"url":"https:\/\/medicinasinc.com\/no\/wp-content\/uploads\/sites\/14\/2022\/02\/Buy-oxycodone-powder.jpeg","type":"image\/jpeg"}],"twitter_card":"summary_large_image","twitter_misc":{"Est. reading time":"2 minutt"},"schema":{"@context":"https:\/\/schema.org","@graph":[{"@type":"WebPage","@id":"https:\/\/medicinasinc.com\/no\/product\/kjope-oksykodon-pulver\/","url":"https:\/\/medicinasinc.com\/no\/product\/kjope-oksykodon-pulver\/","name":"Kj\u00f8p oksykodonpulver - oksykodonpulver - Best Global Meds","isPartOf":{"@id":"https:\/\/medicinasinc.com\/no\/#website"},"primaryImageOfPage":{"@id":"https:\/\/medicinasinc.com\/no\/product\/kjope-oksykodon-pulver\/#primaryimage"},"image":{"@id":"https:\/\/medicinasinc.com\/no\/product\/kjope-oksykodon-pulver\/#primaryimage"},"thumbnailUrl":"https:\/\/medicinasinc.com\/no\/wp-content\/uploads\/sites\/14\/2022\/02\/Buy-oxycodone-powder.jpeg","datePublished":"2022-02-22T03:22:57+00:00","dateModified":"2022-03-22T00:47:13+00:00","description":"Kj\u00f8p oksykodonpulver i Storbritannia, Europa i v\u00e5r Bestglobalmeds.com nettbutikk med rask levering over hele verden! Det beste oksykodonpulveret for bestilling finner du her!","breadcrumb":{"@id":"https:\/\/medicinasinc.com\/no\/product\/kjope-oksykodon-pulver\/#breadcrumb"},"inLanguage":"nn-NO","potentialAction":[{"@type":"ReadAction","target":["https:\/\/medicinasinc.com\/no\/product\/kjope-oksykodon-pulver\/"]}]},{"@type":"ImageObject","inLanguage":"nn-NO","@id":"https:\/\/medicinasinc.com\/no\/product\/kjope-oksykodon-pulver\/#primaryimage","url":"https:\/\/medicinasinc.com\/no\/wp-content\/uploads\/sites\/14\/2022\/02\/Buy-oxycodone-powder.jpeg","contentUrl":"https:\/\/medicinasinc.com\/no\/wp-content\/uploads\/sites\/14\/2022\/02\/Buy-oxycodone-powder.jpeg","width":510,"height":389},{"@type":"BreadcrumbList","@id":"https:\/\/medicinasinc.com\/no\/product\/kjope-oksykodon-pulver\/#breadcrumb","itemListElement":[{"@type":"ListItem","position":1,"name":"Butikk","item":"https:\/\/medicinasinc.com\/no\/butikk\/"},{"@type":"ListItem","position":2,"name":"Kj\u00f8p oksykodonpulver"}]},{"@type":"WebSite","@id":"https:\/\/medicinasinc.com\/no\/#website","url":"https:\/\/medicinasinc.com\/no\/","name":"Medicinas Inc","description":"Helsemedisinsk klinikk","potentialAction":[{"@type":"SearchAction","target":{"@type":"EntryPoint","urlTemplate":"https:\/\/medicinasinc.com\/no\/?s={search_term_string}"},"query-input":{"@type":"PropertyValueSpecification","valueRequired":true,"valueName":"search_term_string"}}],"inLanguage":"nn-NO"}]}},"_links":{"self":[{"href":"https:\/\/medicinasinc.com\/no\/wp-json\/wp\/v2\/product\/5651","targetHints":{"allow":["GET"]}}],"collection":[{"href":"https:\/\/medicinasinc.com\/no\/wp-json\/wp\/v2\/product"}],"about":[{"href":"https:\/\/medicinasinc.com\/no\/wp-json\/wp\/v2\/types\/product"}],"replies":[{"embeddable":true,"href":"https:\/\/medicinasinc.com\/no\/wp-json\/wp\/v2\/comments?post=5651"}],"wp:featuredmedia":[{"embeddable":true,"href":"https:\/\/medicinasinc.com\/no\/wp-json\/wp\/v2\/media\/5660"}],"wp:attachment":[{"href":"https:\/\/medicinasinc.com\/no\/wp-json\/wp\/v2\/media?parent=5651"}],"wp:term":[{"taxonomy":"product_brand","embeddable":true,"href":"https:\/\/medicinasinc.com\/no\/wp-json\/wp\/v2\/product_brand?post=5651"},{"taxonomy":"product_cat","embeddable":true,"href":"https:\/\/medicinasinc.com\/no\/wp-json\/wp\/v2\/product_cat?post=5651"},{"taxonomy":"product_tag","embeddable":true,"href":"https:\/\/medicinasinc.com\/no\/wp-json\/wp\/v2\/product_tag?post=5651"}],"curies":[{"name":"wp","href":"https:\/\/api.w.org\/{rel}","templated":true}]}}