{"id":5638,"date":"2022-02-22T03:11:29","date_gmt":"2022-02-22T03:11:29","guid":{"rendered":"https:\/\/medicinasinc.com\/no\/?post_type=product&#038;p=5638"},"modified":"2022-03-22T00:47:23","modified_gmt":"2022-03-22T00:47:23","slug":"kjope-sextacy-badesalt","status":"publish","type":"product","link":"https:\/\/medicinasinc.com\/no\/product\/kjope-sextacy-badesalt\/","title":{"rendered":"Kj\u00f8p Sextacy Bath Salt"},"content":{"rendered":"<p>Kj\u00f8p Sextacy Bath Salt fra en nettbutikk som denne:<br \/> Kj\u00f8p noen Sextacy Bath Salts for \u00e5 bruke i badekaret.<\/p>\n<p>Dette er et konsentrert badesalt. Du kan imidlertid fortsatt slappe av og la Sextacy ta tankene dine vekk fra ting for en liten stund. Ta et varmt bad og tilsett innholdet. Dette vil myke vannet naturlig, noe som vil f\u00e5 deg til \u00e5 f\u00f8le deg veldig rolig og beroliget.<\/p>\n<p>Det er veldig viktig at du starter med en veldig liten mengde Sextacy-badesalt for \u00e5 se hvordan kroppen din reagerer. Fordi Sextacy Ultimate er s\u00e5 sterk, kan det hende du m\u00e5 bruke mer av det i badekaret for \u00e5 f\u00e5 den fulle avslapningen du \u00f8nsker.<\/p>\n<p>Sextacy er en stor sak.<\/p>\n<p>I MP-testen , f\u00f8lgende er hva som skjedde:<\/p>\n<p>Hvis Ivory Wave ikke er nok for deg, er dette den sterkere versjonen av et flott og avansert produkt. Den er veldig lik Ivory Wave, men den har noen ekstra ingredienser som gj\u00f8r den enda bedre. Imidlertid gj\u00f8r det deg veldig veldig k\u00e5t og f\u00e5r deg til \u00e5 f\u00f8le at du er i en dr\u00f8m midt i badekaret. Den vil v\u00e6re veldig sterk og du b\u00f8r v\u00e6re forsiktig n\u00e5r du bruker den. Det vil gj\u00f8re badet ditt veldig raskt. Start med veldig lite. I 6 til 9 timer kommer den p\u00e5 omtrent 10 minutter, og den varer s\u00e5 lenge. Sextacy badesalt er imidlertid veldig likt Ivory Ultra, men det har fortsatt sitt eget magiske preg LOL. Dette er imidlertid et flott produkt, s\u00e5 jeg vil anbefale det med forsiktighet og fortsette \u00e5 komme med tilbakemeldinger! Et must-ha!<\/p>\n<p>Natriumbikarbonat, natriumklorid, dyphavsalt, mineraler og andre naturlig forekommende sporstoffer er noen av ingrediensene.<\/p>\n<p>Lovlighet: Dette produktet er lovlig i hvert land fordi det er laget med urter.<\/p>\n<p>I dette tilfellet er White Girl 500 mg konsentrert badesalt det du trenger.<br \/> 500 mg White Lady badesalt<br \/> Bliss konsentrert badesalt har 500mg salt i hver pose.<br \/> Snow Leopard Bath Salts har 500mg av dem i hver pose.<br \/> 500mg ekstra badesalt fra Lunar Wave. 500mg konsentrert badesalt fra White Horse.<br \/> 500mg forfriskende badesalt<br \/> 500mg Cloud 10 Bath Salt<br \/> Blue Magic: 500mg Bath Salts<br \/> Badesalt med navnet Scarface har 500mg av det.<br \/> Mange flere mennesker ogs\u00e5.<\/p>\n","protected":false},"excerpt":{"rendered":"<div class=\"woocommerce-product-details__short-description\">\n<p>Det er enkelt \u00e5 kj\u00f8pe Sextacy Bath Salt online fra v\u00e5r Bestglobalmeds.com-butikk og f\u00e5 det raskt levert hjem til deg i Europa og Storbritannia. Det beste stedet \u00e5 kj\u00f8pe Sextacy Bath Salt er her!<\/p>\n<p>Kj\u00f8p 50 pakker med konsentrert sextacy badesalt p\u00e5 internett. Konsentrert sextacy: 10 pakker med 10 Kj\u00f8p konsentrert sextacy 20 pakker badesalt p\u00e5 internett.<\/p>\n<p>Det finnes mange nettsider hvor du kan kj\u00f8pe mye badesalt for mye penger.<\/p>\n<p>P\u00e5 nett kan du kj\u00f8pe sextacy badesalt fra Global Medicine. Sextacy badesalt til salgs priser finner du ut ved \u00e5 lese denne teksten<\/p>\n<\/p><\/div>\n","protected":false},"featured_media":5650,"comment_status":"open","ping_status":"closed","template":"","meta":[],"product_brand":[],"product_cat":[2014],"product_tag":[3397,3396,3400,3398,3399,3413,3402,3403,3405,3406,3414,3407,3404,3409,3410,3411,3412,3408,3401],"class_list":{"0":"post-5638","1":"product","2":"type-product","3":"status-publish","4":"has-post-thumbnail","6":"product_cat-kjpe-forskning-kjemikalier","7":"product_tag-best-sextacy-bath-salt","8":"product_tag-beste-stedet--kjpe-sextacy-badesalt","9":"product_tag-orden-sextacy-badesalt","10":"product_tag-kjpe-sextacy-badesalt","11":"product_tag-kjp-sextacy-badesalt-uk","12":"product_tag-sextacy-badesalt-leverandr","13":"product_tag-sekstacy-badesalt","14":"product_tag-sextacy-badesalt-alibaba","15":"product_tag-sextacy-bath-salt-china","16":"product_tag-sekstacy-badesalt-effekt","17":"product_tag-sextacy-badesalt-engros","18":"product_tag-sextacy-badesalt-europa","19":"product_tag-sextacy-badesalt-kjp","20":"product_tag-sextacy-bath-salt-online","21":"product_tag-sextacy-badesalt-orden","22":"product_tag-sextacy-bath-salt-reddit","23":"product_tag-sextacy-badesalt-salg","24":"product_tag-sextacy-badesalt-til-salg","25":"product_tag-videreselge-sextacy-badesalt","27":"first","28":"instock","29":"shipping-taxable","30":"purchasable","31":"product-type-variable"},"yoast_head":"<!-- This site is optimized with the Yoast SEO plugin v27.3 - https:\/\/yoast.com\/product\/yoast-seo-wordpress\/ -->\n<title>Kj\u00f8p Sextacy Bath Salt - Sextacy Bath Salt - Beste Global Meds<\/title>\n<meta name=\"description\" content=\"Kj\u00f8p Sextacy Bath Salt til salgs Storbritannia, Europa i v\u00e5r Bestglobalmeds.com nettbutikk med rask levering over hele verden! Det beste Sextacy-badesaltet for bestilling finner du!\" \/>\n<meta name=\"robots\" content=\"index, follow, max-snippet:-1, max-image-preview:large, max-video-preview:-1\" \/>\n<link rel=\"canonical\" href=\"https:\/\/medicinasinc.com\/no\/product\/kjope-sextacy-badesalt\/\" \/>\n<meta property=\"og:locale\" content=\"nn_NO\" \/>\n<meta property=\"og:type\" content=\"article\" \/>\n<meta property=\"og:title\" content=\"Kj\u00f8p Sextacy Bath Salt - Sextacy Bath Salt - Beste Global Meds\" \/>\n<meta property=\"og:description\" content=\"Kj\u00f8p Sextacy Bath Salt til salgs Storbritannia, Europa i v\u00e5r Bestglobalmeds.com nettbutikk med rask levering over hele verden! Det beste Sextacy-badesaltet for bestilling finner du!\" \/>\n<meta property=\"og:url\" content=\"https:\/\/medicinasinc.com\/no\/product\/kjope-sextacy-badesalt\/\" \/>\n<meta property=\"og:site_name\" content=\"Medicinas Inc\" \/>\n<meta property=\"article:modified_time\" content=\"2022-03-22T00:47:23+00:00\" \/>\n<meta property=\"og:image\" content=\"https:\/\/medicinasinc.com\/no\/wp-content\/uploads\/sites\/14\/2022\/02\/Buy-Sextacy-Bath-Salt.jpg\" \/>\n\t<meta property=\"og:image:width\" content=\"600\" \/>\n\t<meta property=\"og:image:height\" content=\"600\" \/>\n\t<meta property=\"og:image:type\" content=\"image\/jpeg\" \/>\n<meta name=\"twitter:card\" content=\"summary_large_image\" \/>\n<meta name=\"twitter:label1\" content=\"Est. reading time\" \/>\n\t<meta name=\"twitter:data1\" content=\"2 minutt\" \/>\n<script type=\"application\/ld+json\" class=\"yoast-schema-graph\">{\"@context\":\"https:\\\/\\\/schema.org\",\"@graph\":[{\"@type\":\"WebPage\",\"@id\":\"https:\\\/\\\/medicinasinc.com\\\/no\\\/product\\\/kjope-sextacy-badesalt\\\/\",\"url\":\"https:\\\/\\\/medicinasinc.com\\\/no\\\/product\\\/kjope-sextacy-badesalt\\\/\",\"name\":\"Kj\u00f8p Sextacy Bath Salt - Sextacy Bath Salt - Beste Global Meds\",\"isPartOf\":{\"@id\":\"https:\\\/\\\/medicinasinc.com\\\/no\\\/#website\"},\"primaryImageOfPage\":{\"@id\":\"https:\\\/\\\/medicinasinc.com\\\/no\\\/product\\\/kjope-sextacy-badesalt\\\/#primaryimage\"},\"image\":{\"@id\":\"https:\\\/\\\/medicinasinc.com\\\/no\\\/product\\\/kjope-sextacy-badesalt\\\/#primaryimage\"},\"thumbnailUrl\":\"https:\\\/\\\/medicinasinc.com\\\/no\\\/wp-content\\\/uploads\\\/sites\\\/14\\\/2022\\\/02\\\/Buy-Sextacy-Bath-Salt.jpg\",\"datePublished\":\"2022-02-22T03:11:29+00:00\",\"dateModified\":\"2022-03-22T00:47:23+00:00\",\"description\":\"Kj\u00f8p Sextacy Bath Salt til salgs Storbritannia, Europa i v\u00e5r Bestglobalmeds.com nettbutikk med rask levering over hele verden! Det beste Sextacy-badesaltet for bestilling finner du!\",\"breadcrumb\":{\"@id\":\"https:\\\/\\\/medicinasinc.com\\\/no\\\/product\\\/kjope-sextacy-badesalt\\\/#breadcrumb\"},\"inLanguage\":\"nn-NO\",\"potentialAction\":[{\"@type\":\"ReadAction\",\"target\":[\"https:\\\/\\\/medicinasinc.com\\\/no\\\/product\\\/kjope-sextacy-badesalt\\\/\"]}]},{\"@type\":\"ImageObject\",\"inLanguage\":\"nn-NO\",\"@id\":\"https:\\\/\\\/medicinasinc.com\\\/no\\\/product\\\/kjope-sextacy-badesalt\\\/#primaryimage\",\"url\":\"https:\\\/\\\/medicinasinc.com\\\/no\\\/wp-content\\\/uploads\\\/sites\\\/14\\\/2022\\\/02\\\/Buy-Sextacy-Bath-Salt.jpg\",\"contentUrl\":\"https:\\\/\\\/medicinasinc.com\\\/no\\\/wp-content\\\/uploads\\\/sites\\\/14\\\/2022\\\/02\\\/Buy-Sextacy-Bath-Salt.jpg\",\"width\":600,\"height\":600},{\"@type\":\"BreadcrumbList\",\"@id\":\"https:\\\/\\\/medicinasinc.com\\\/no\\\/product\\\/kjope-sextacy-badesalt\\\/#breadcrumb\",\"itemListElement\":[{\"@type\":\"ListItem\",\"position\":1,\"name\":\"Butikk\",\"item\":\"https:\\\/\\\/medicinasinc.com\\\/no\\\/butikk\\\/\"},{\"@type\":\"ListItem\",\"position\":2,\"name\":\"Kj\u00f8p Sextacy Bath Salt\"}]},{\"@type\":\"WebSite\",\"@id\":\"https:\\\/\\\/medicinasinc.com\\\/no\\\/#website\",\"url\":\"https:\\\/\\\/medicinasinc.com\\\/no\\\/\",\"name\":\"Medicinas Inc\",\"description\":\"Helsemedisinsk klinikk\",\"potentialAction\":[{\"@type\":\"SearchAction\",\"target\":{\"@type\":\"EntryPoint\",\"urlTemplate\":\"https:\\\/\\\/medicinasinc.com\\\/no\\\/?s={search_term_string}\"},\"query-input\":{\"@type\":\"PropertyValueSpecification\",\"valueRequired\":true,\"valueName\":\"search_term_string\"}}],\"inLanguage\":\"nn-NO\"}]}<\/script>\n<!-- \/ Yoast SEO plugin. -->","yoast_head_json":{"title":"Kj\u00f8p Sextacy Bath Salt - Sextacy Bath Salt - Beste Global Meds","description":"Kj\u00f8p Sextacy Bath Salt til salgs Storbritannia, Europa i v\u00e5r Bestglobalmeds.com nettbutikk med rask levering over hele verden! Det beste Sextacy-badesaltet for bestilling finner du!","robots":{"index":"index","follow":"follow","max-snippet":"max-snippet:-1","max-image-preview":"max-image-preview:large","max-video-preview":"max-video-preview:-1"},"canonical":"https:\/\/medicinasinc.com\/no\/product\/kjope-sextacy-badesalt\/","og_locale":"nn_NO","og_type":"article","og_title":"Kj\u00f8p Sextacy Bath Salt - Sextacy Bath Salt - Beste Global Meds","og_description":"Kj\u00f8p Sextacy Bath Salt til salgs Storbritannia, Europa i v\u00e5r Bestglobalmeds.com nettbutikk med rask levering over hele verden! Det beste Sextacy-badesaltet for bestilling finner du!","og_url":"https:\/\/medicinasinc.com\/no\/product\/kjope-sextacy-badesalt\/","og_site_name":"Medicinas Inc","article_modified_time":"2022-03-22T00:47:23+00:00","og_image":[{"width":600,"height":600,"url":"https:\/\/medicinasinc.com\/no\/wp-content\/uploads\/sites\/14\/2022\/02\/Buy-Sextacy-Bath-Salt.jpg","type":"image\/jpeg"}],"twitter_card":"summary_large_image","twitter_misc":{"Est. reading time":"2 minutt"},"schema":{"@context":"https:\/\/schema.org","@graph":[{"@type":"WebPage","@id":"https:\/\/medicinasinc.com\/no\/product\/kjope-sextacy-badesalt\/","url":"https:\/\/medicinasinc.com\/no\/product\/kjope-sextacy-badesalt\/","name":"Kj\u00f8p Sextacy Bath Salt - Sextacy Bath Salt - Beste Global Meds","isPartOf":{"@id":"https:\/\/medicinasinc.com\/no\/#website"},"primaryImageOfPage":{"@id":"https:\/\/medicinasinc.com\/no\/product\/kjope-sextacy-badesalt\/#primaryimage"},"image":{"@id":"https:\/\/medicinasinc.com\/no\/product\/kjope-sextacy-badesalt\/#primaryimage"},"thumbnailUrl":"https:\/\/medicinasinc.com\/no\/wp-content\/uploads\/sites\/14\/2022\/02\/Buy-Sextacy-Bath-Salt.jpg","datePublished":"2022-02-22T03:11:29+00:00","dateModified":"2022-03-22T00:47:23+00:00","description":"Kj\u00f8p Sextacy Bath Salt til salgs Storbritannia, Europa i v\u00e5r Bestglobalmeds.com nettbutikk med rask levering over hele verden! Det beste Sextacy-badesaltet for bestilling finner du!","breadcrumb":{"@id":"https:\/\/medicinasinc.com\/no\/product\/kjope-sextacy-badesalt\/#breadcrumb"},"inLanguage":"nn-NO","potentialAction":[{"@type":"ReadAction","target":["https:\/\/medicinasinc.com\/no\/product\/kjope-sextacy-badesalt\/"]}]},{"@type":"ImageObject","inLanguage":"nn-NO","@id":"https:\/\/medicinasinc.com\/no\/product\/kjope-sextacy-badesalt\/#primaryimage","url":"https:\/\/medicinasinc.com\/no\/wp-content\/uploads\/sites\/14\/2022\/02\/Buy-Sextacy-Bath-Salt.jpg","contentUrl":"https:\/\/medicinasinc.com\/no\/wp-content\/uploads\/sites\/14\/2022\/02\/Buy-Sextacy-Bath-Salt.jpg","width":600,"height":600},{"@type":"BreadcrumbList","@id":"https:\/\/medicinasinc.com\/no\/product\/kjope-sextacy-badesalt\/#breadcrumb","itemListElement":[{"@type":"ListItem","position":1,"name":"Butikk","item":"https:\/\/medicinasinc.com\/no\/butikk\/"},{"@type":"ListItem","position":2,"name":"Kj\u00f8p Sextacy Bath Salt"}]},{"@type":"WebSite","@id":"https:\/\/medicinasinc.com\/no\/#website","url":"https:\/\/medicinasinc.com\/no\/","name":"Medicinas Inc","description":"Helsemedisinsk klinikk","potentialAction":[{"@type":"SearchAction","target":{"@type":"EntryPoint","urlTemplate":"https:\/\/medicinasinc.com\/no\/?s={search_term_string}"},"query-input":{"@type":"PropertyValueSpecification","valueRequired":true,"valueName":"search_term_string"}}],"inLanguage":"nn-NO"}]}},"_links":{"self":[{"href":"https:\/\/medicinasinc.com\/no\/wp-json\/wp\/v2\/product\/5638","targetHints":{"allow":["GET"]}}],"collection":[{"href":"https:\/\/medicinasinc.com\/no\/wp-json\/wp\/v2\/product"}],"about":[{"href":"https:\/\/medicinasinc.com\/no\/wp-json\/wp\/v2\/types\/product"}],"replies":[{"embeddable":true,"href":"https:\/\/medicinasinc.com\/no\/wp-json\/wp\/v2\/comments?post=5638"}],"wp:featuredmedia":[{"embeddable":true,"href":"https:\/\/medicinasinc.com\/no\/wp-json\/wp\/v2\/media\/5650"}],"wp:attachment":[{"href":"https:\/\/medicinasinc.com\/no\/wp-json\/wp\/v2\/media?parent=5638"}],"wp:term":[{"taxonomy":"product_brand","embeddable":true,"href":"https:\/\/medicinasinc.com\/no\/wp-json\/wp\/v2\/product_brand?post=5638"},{"taxonomy":"product_cat","embeddable":true,"href":"https:\/\/medicinasinc.com\/no\/wp-json\/wp\/v2\/product_cat?post=5638"},{"taxonomy":"product_tag","embeddable":true,"href":"https:\/\/medicinasinc.com\/no\/wp-json\/wp\/v2\/product_tag?post=5638"}],"curies":[{"name":"wp","href":"https:\/\/api.w.org\/{rel}","templated":true}]}}