{"id":5637,"date":"2022-02-22T03:10:06","date_gmt":"2022-02-22T03:10:06","guid":{"rendered":"https:\/\/medicinasinc.com\/no\/?post_type=product&#038;p=5637"},"modified":"2022-03-22T00:47:36","modified_gmt":"2022-03-22T00:47:36","slug":"kjop-gnister-badesalt","status":"publish","type":"product","link":"https:\/\/medicinasinc.com\/no\/product\/kjop-gnister-badesalt\/","title":{"rendered":"Kj\u00f8p Sparkle Bath Salt"},"content":{"rendered":"<p>Detaljer om produktet<\/p>\n<p>N\u00e5r du bruker v\u00e5re GUSLERENDE BADESALTER, kan du gj\u00f8re tiden din i badekaret mer behagelig. Dette f\u00f8rsteklasses badetilsetningsstoffet har d\u00f8dhavssalter og epsomsalter som hjelper kroppen \u00e5 kvitte seg med giftstoffer. Kokosmelkpulver, havreprotein og kaolinleire mykgj\u00f8r og gir n\u00e6ring til huden. Eukalyptus-, einer- og lavendeloljer hjelper folk \u00e5 slappe av, sove bedre og ha aromaterapifordeler.<\/p>\n<p>GUSLERENDE BADESALTER kommer i en 10 oz spesiallaget glasskaraffel som er pakket inn i sj\u00f8gress. Innsiden av lokket brukes til \u00e5 m\u00e5le saltene.<\/p>\n<p>ZERO WASTE REFILL POUCH er laget av papir som kan komposteres hjemme. Det er v\u00e5rt svar p\u00e5 engangsplastposene for badesalt som vi pleide \u00e5 lage f\u00f8r. Hvis en pose har \u00d8sterrikes OK HOME-sertifisering, betyr det at den vil brytes helt ned i hagekomposthaugen din. ZERO WASTE REFILL-posen har 10 oz salt i seg.<\/p>\n<p>Slik bruker du den<\/p>\n<p>Hell 2-3 til tre kapsler i en kopp varmt vann med lokket p\u00e5 innsiden av scoopet. Du kan se n\u00e5r det er p\u00e5 tide \u00e5 f\u00e5 kroppen din inn p\u00e5 de milde boblene og litt gnisten.<\/p>\n<p>Etter et bad er det ikke n\u00f8dvendig \u00e5 skylle. Du kan klappe kroppen din med et h\u00e5ndkle. F\u00f8lg opp med kroppsolje for \u00e5 holde fuktigheten inne.<\/p>\n<p>Ingredienser<\/p>\n<p>Magnesiumsulfat, Cocos Nucifera-ekstrakt, Kaolinleire, Mica Powder og Sodium Sodium er noen av ingrediensene i Maris Sal , som ogs\u00e5 er kjent som D\u00f8dehavssalt eller Havsalt.<\/p>\n<p>Hydrert havreprotein (havreprotein) og bikarbonat<\/p>\n<p>PULVER: Kolloidalt s\u00f8lv, Vaccinium angustifolium fruktekstrakt (bl\u00e5b\u00e6rekstrakt), Coco-Glucoside, Eucalyptus globulus bladolje, Lavandula angustifolia blomsterolje, Juniperus communis treolje og Lavandula angustifolia blomsterolje (Juniper Essential Oil)<\/p>\n<div class=\"product-next-previous\">\n<div class=\" product-prev\"><\/div><\/div>\n","protected":false},"excerpt":{"rendered":"<p>Du kan kj\u00f8pe sparkle bath salt for salg i Storbritannia, EU og Australia. Folk som kj\u00f8per hos oss kan v\u00e6re sikre p\u00e5 at de f\u00e5r det de betaler for. Til de beste prisene, kj\u00f8p Sparkle Bath Salt n\u00e5!<\/p>\n<p>S\u00f8rg for at du kj\u00f8per JENAM LIVE LOVE SPARKLE BATH SALT CUP til den beste prisen p\u00e5 nett i b\u00e5de Nederland og USA. Kj\u00f8p noe fra Best Global Meds n\u00e5. De har gode priser!<\/p>\n<p>Konsentrert badesalt fra de beste merkene. Et must for enhver stjernekikker. Du vil f\u00f8le deg like lys som stjernene.<\/p>\n","protected":false},"featured_media":5648,"comment_status":"open","ping_status":"closed","template":"","meta":[],"product_brand":[],"product_cat":[2014,610],"product_tag":[3383,3395,3394,3380,3381,3382,3385,3384,3390,3387,3388,3389,3391,3392,3393,3386],"class_list":{"0":"post-5637","1":"product","2":"type-product","3":"status-publish","4":"has-post-thumbnail","6":"product_cat-kjpe-forskning-kjemikalier","7":"product_cat-kjop-hasj-hasj","8":"product_tag-bestille-gnister-badesalt","9":"product_tag-hvor-kan-bestilles-gnister-badesalt","10":"product_tag-hvor-kan-kjpes-gnister-badesalt","11":"product_tag-kj-c3-b8p-gnister-badesalt","12":"product_tag-kjp-gnister-bad-salt-europa","13":"product_tag-kj-c3-b8p-gnister-badesalt-uk","14":"product_tag-sparkle-bath-salt-effect","15":"product_tag-gnistre-drlig-salt-kjp","16":"product_tag-sparkle-bade-salt-kjp","17":"product_tag-sparkle-bad-salt-online","18":"product_tag-sparkle-bad-salt-ordre","19":"product_tag-sparkle-bath-salt-poland","20":"product_tag-sparkle-bad-salt-reddit","21":"product_tag-sparkle-bad-salt-salg","22":"product_tag-sparkle-bad-salt-sverige","23":"product_tag-sparkle-bad-salt-tyskland","25":"first","26":"instock","27":"shipping-taxable","28":"purchasable","29":"product-type-variable","30":"has-default-attributes"},"yoast_head":"<!-- This site is optimized with the Yoast SEO plugin v27.3 - https:\/\/yoast.com\/product\/yoast-seo-wordpress\/ -->\n<title>Kj\u00f8p Sparkle Bath Salt - Sparkle Bath Salt - Best Global Meds<\/title>\n<meta name=\"description\" content=\"Kj\u00f8p Sparkle Bath Salt til salgs i Storbritannia, Europa, AU. vi tilbyr den mest p\u00e5litelige transaksjonen og selger til sv\u00e6rt rimelige priser. Bestill Sparkle Bath Salt n\u00e5 til de beste prisene\" \/>\n<meta name=\"robots\" content=\"index, follow, max-snippet:-1, max-image-preview:large, max-video-preview:-1\" \/>\n<link rel=\"canonical\" href=\"https:\/\/medicinasinc.com\/no\/product\/kjop-gnister-badesalt\/\" \/>\n<meta property=\"og:locale\" content=\"nn_NO\" \/>\n<meta property=\"og:type\" content=\"article\" \/>\n<meta property=\"og:title\" content=\"Kj\u00f8p Sparkle Bath Salt - Sparkle Bath Salt - Best Global Meds\" \/>\n<meta property=\"og:description\" content=\"Kj\u00f8p Sparkle Bath Salt til salgs i Storbritannia, Europa, AU. vi tilbyr den mest p\u00e5litelige transaksjonen og selger til sv\u00e6rt rimelige priser. Bestill Sparkle Bath Salt n\u00e5 til de beste prisene\" \/>\n<meta property=\"og:url\" content=\"https:\/\/medicinasinc.com\/no\/product\/kjop-gnister-badesalt\/\" \/>\n<meta property=\"og:site_name\" content=\"Medicinas Inc\" \/>\n<meta property=\"article:modified_time\" content=\"2022-03-22T00:47:36+00:00\" \/>\n<meta property=\"og:image\" content=\"https:\/\/medicinasinc.com\/no\/wp-content\/uploads\/sites\/14\/2022\/02\/Buy-Sparkle-Bath-Salt.jpg\" \/>\n\t<meta property=\"og:image:width\" content=\"750\" \/>\n\t<meta property=\"og:image:height\" content=\"750\" \/>\n\t<meta property=\"og:image:type\" content=\"image\/jpeg\" \/>\n<meta name=\"twitter:card\" content=\"summary_large_image\" \/>\n<meta name=\"twitter:label1\" content=\"Est. reading time\" \/>\n\t<meta name=\"twitter:data1\" content=\"2 minutt\" \/>\n<script type=\"application\/ld+json\" class=\"yoast-schema-graph\">{\"@context\":\"https:\\\/\\\/schema.org\",\"@graph\":[{\"@type\":\"WebPage\",\"@id\":\"https:\\\/\\\/medicinasinc.com\\\/no\\\/product\\\/kjop-gnister-badesalt\\\/\",\"url\":\"https:\\\/\\\/medicinasinc.com\\\/no\\\/product\\\/kjop-gnister-badesalt\\\/\",\"name\":\"Kj\u00f8p Sparkle Bath Salt - Sparkle Bath Salt - Best Global Meds\",\"isPartOf\":{\"@id\":\"https:\\\/\\\/medicinasinc.com\\\/no\\\/#website\"},\"primaryImageOfPage\":{\"@id\":\"https:\\\/\\\/medicinasinc.com\\\/no\\\/product\\\/kjop-gnister-badesalt\\\/#primaryimage\"},\"image\":{\"@id\":\"https:\\\/\\\/medicinasinc.com\\\/no\\\/product\\\/kjop-gnister-badesalt\\\/#primaryimage\"},\"thumbnailUrl\":\"https:\\\/\\\/medicinasinc.com\\\/no\\\/wp-content\\\/uploads\\\/sites\\\/14\\\/2022\\\/02\\\/Buy-Sparkle-Bath-Salt.jpg\",\"datePublished\":\"2022-02-22T03:10:06+00:00\",\"dateModified\":\"2022-03-22T00:47:36+00:00\",\"description\":\"Kj\u00f8p Sparkle Bath Salt til salgs i Storbritannia, Europa, AU. vi tilbyr den mest p\u00e5litelige transaksjonen og selger til sv\u00e6rt rimelige priser. Bestill Sparkle Bath Salt n\u00e5 til de beste prisene\",\"breadcrumb\":{\"@id\":\"https:\\\/\\\/medicinasinc.com\\\/no\\\/product\\\/kjop-gnister-badesalt\\\/#breadcrumb\"},\"inLanguage\":\"nn-NO\",\"potentialAction\":[{\"@type\":\"ReadAction\",\"target\":[\"https:\\\/\\\/medicinasinc.com\\\/no\\\/product\\\/kjop-gnister-badesalt\\\/\"]}]},{\"@type\":\"ImageObject\",\"inLanguage\":\"nn-NO\",\"@id\":\"https:\\\/\\\/medicinasinc.com\\\/no\\\/product\\\/kjop-gnister-badesalt\\\/#primaryimage\",\"url\":\"https:\\\/\\\/medicinasinc.com\\\/no\\\/wp-content\\\/uploads\\\/sites\\\/14\\\/2022\\\/02\\\/Buy-Sparkle-Bath-Salt.jpg\",\"contentUrl\":\"https:\\\/\\\/medicinasinc.com\\\/no\\\/wp-content\\\/uploads\\\/sites\\\/14\\\/2022\\\/02\\\/Buy-Sparkle-Bath-Salt.jpg\",\"width\":750,\"height\":750},{\"@type\":\"BreadcrumbList\",\"@id\":\"https:\\\/\\\/medicinasinc.com\\\/no\\\/product\\\/kjop-gnister-badesalt\\\/#breadcrumb\",\"itemListElement\":[{\"@type\":\"ListItem\",\"position\":1,\"name\":\"Butikk\",\"item\":\"https:\\\/\\\/medicinasinc.com\\\/no\\\/butikk\\\/\"},{\"@type\":\"ListItem\",\"position\":2,\"name\":\"Kj\u00f8p Sparkle Bath Salt\"}]},{\"@type\":\"WebSite\",\"@id\":\"https:\\\/\\\/medicinasinc.com\\\/no\\\/#website\",\"url\":\"https:\\\/\\\/medicinasinc.com\\\/no\\\/\",\"name\":\"Medicinas Inc\",\"description\":\"Helsemedisinsk klinikk\",\"potentialAction\":[{\"@type\":\"SearchAction\",\"target\":{\"@type\":\"EntryPoint\",\"urlTemplate\":\"https:\\\/\\\/medicinasinc.com\\\/no\\\/?s={search_term_string}\"},\"query-input\":{\"@type\":\"PropertyValueSpecification\",\"valueRequired\":true,\"valueName\":\"search_term_string\"}}],\"inLanguage\":\"nn-NO\"}]}<\/script>\n<!-- \/ Yoast SEO plugin. -->","yoast_head_json":{"title":"Kj\u00f8p Sparkle Bath Salt - Sparkle Bath Salt - Best Global Meds","description":"Kj\u00f8p Sparkle Bath Salt til salgs i Storbritannia, Europa, AU. vi tilbyr den mest p\u00e5litelige transaksjonen og selger til sv\u00e6rt rimelige priser. Bestill Sparkle Bath Salt n\u00e5 til de beste prisene","robots":{"index":"index","follow":"follow","max-snippet":"max-snippet:-1","max-image-preview":"max-image-preview:large","max-video-preview":"max-video-preview:-1"},"canonical":"https:\/\/medicinasinc.com\/no\/product\/kjop-gnister-badesalt\/","og_locale":"nn_NO","og_type":"article","og_title":"Kj\u00f8p Sparkle Bath Salt - Sparkle Bath Salt - Best Global Meds","og_description":"Kj\u00f8p Sparkle Bath Salt til salgs i Storbritannia, Europa, AU. vi tilbyr den mest p\u00e5litelige transaksjonen og selger til sv\u00e6rt rimelige priser. Bestill Sparkle Bath Salt n\u00e5 til de beste prisene","og_url":"https:\/\/medicinasinc.com\/no\/product\/kjop-gnister-badesalt\/","og_site_name":"Medicinas Inc","article_modified_time":"2022-03-22T00:47:36+00:00","og_image":[{"width":750,"height":750,"url":"https:\/\/medicinasinc.com\/no\/wp-content\/uploads\/sites\/14\/2022\/02\/Buy-Sparkle-Bath-Salt.jpg","type":"image\/jpeg"}],"twitter_card":"summary_large_image","twitter_misc":{"Est. reading time":"2 minutt"},"schema":{"@context":"https:\/\/schema.org","@graph":[{"@type":"WebPage","@id":"https:\/\/medicinasinc.com\/no\/product\/kjop-gnister-badesalt\/","url":"https:\/\/medicinasinc.com\/no\/product\/kjop-gnister-badesalt\/","name":"Kj\u00f8p Sparkle Bath Salt - Sparkle Bath Salt - Best Global Meds","isPartOf":{"@id":"https:\/\/medicinasinc.com\/no\/#website"},"primaryImageOfPage":{"@id":"https:\/\/medicinasinc.com\/no\/product\/kjop-gnister-badesalt\/#primaryimage"},"image":{"@id":"https:\/\/medicinasinc.com\/no\/product\/kjop-gnister-badesalt\/#primaryimage"},"thumbnailUrl":"https:\/\/medicinasinc.com\/no\/wp-content\/uploads\/sites\/14\/2022\/02\/Buy-Sparkle-Bath-Salt.jpg","datePublished":"2022-02-22T03:10:06+00:00","dateModified":"2022-03-22T00:47:36+00:00","description":"Kj\u00f8p Sparkle Bath Salt til salgs i Storbritannia, Europa, AU. vi tilbyr den mest p\u00e5litelige transaksjonen og selger til sv\u00e6rt rimelige priser. Bestill Sparkle Bath Salt n\u00e5 til de beste prisene","breadcrumb":{"@id":"https:\/\/medicinasinc.com\/no\/product\/kjop-gnister-badesalt\/#breadcrumb"},"inLanguage":"nn-NO","potentialAction":[{"@type":"ReadAction","target":["https:\/\/medicinasinc.com\/no\/product\/kjop-gnister-badesalt\/"]}]},{"@type":"ImageObject","inLanguage":"nn-NO","@id":"https:\/\/medicinasinc.com\/no\/product\/kjop-gnister-badesalt\/#primaryimage","url":"https:\/\/medicinasinc.com\/no\/wp-content\/uploads\/sites\/14\/2022\/02\/Buy-Sparkle-Bath-Salt.jpg","contentUrl":"https:\/\/medicinasinc.com\/no\/wp-content\/uploads\/sites\/14\/2022\/02\/Buy-Sparkle-Bath-Salt.jpg","width":750,"height":750},{"@type":"BreadcrumbList","@id":"https:\/\/medicinasinc.com\/no\/product\/kjop-gnister-badesalt\/#breadcrumb","itemListElement":[{"@type":"ListItem","position":1,"name":"Butikk","item":"https:\/\/medicinasinc.com\/no\/butikk\/"},{"@type":"ListItem","position":2,"name":"Kj\u00f8p Sparkle Bath Salt"}]},{"@type":"WebSite","@id":"https:\/\/medicinasinc.com\/no\/#website","url":"https:\/\/medicinasinc.com\/no\/","name":"Medicinas Inc","description":"Helsemedisinsk klinikk","potentialAction":[{"@type":"SearchAction","target":{"@type":"EntryPoint","urlTemplate":"https:\/\/medicinasinc.com\/no\/?s={search_term_string}"},"query-input":{"@type":"PropertyValueSpecification","valueRequired":true,"valueName":"search_term_string"}}],"inLanguage":"nn-NO"}]}},"_links":{"self":[{"href":"https:\/\/medicinasinc.com\/no\/wp-json\/wp\/v2\/product\/5637","targetHints":{"allow":["GET"]}}],"collection":[{"href":"https:\/\/medicinasinc.com\/no\/wp-json\/wp\/v2\/product"}],"about":[{"href":"https:\/\/medicinasinc.com\/no\/wp-json\/wp\/v2\/types\/product"}],"replies":[{"embeddable":true,"href":"https:\/\/medicinasinc.com\/no\/wp-json\/wp\/v2\/comments?post=5637"}],"wp:featuredmedia":[{"embeddable":true,"href":"https:\/\/medicinasinc.com\/no\/wp-json\/wp\/v2\/media\/5648"}],"wp:attachment":[{"href":"https:\/\/medicinasinc.com\/no\/wp-json\/wp\/v2\/media?parent=5637"}],"wp:term":[{"taxonomy":"product_brand","embeddable":true,"href":"https:\/\/medicinasinc.com\/no\/wp-json\/wp\/v2\/product_brand?post=5637"},{"taxonomy":"product_cat","embeddable":true,"href":"https:\/\/medicinasinc.com\/no\/wp-json\/wp\/v2\/product_cat?post=5637"},{"taxonomy":"product_tag","embeddable":true,"href":"https:\/\/medicinasinc.com\/no\/wp-json\/wp\/v2\/product_tag?post=5637"}],"curies":[{"name":"wp","href":"https:\/\/api.w.org\/{rel}","templated":true}]}}