{"id":5636,"date":"2022-02-22T03:08:33","date_gmt":"2022-02-22T03:08:33","guid":{"rendered":"https:\/\/medicinasinc.com\/no\/?post_type=product&#038;p=5636"},"modified":"2022-03-22T00:47:50","modified_gmt":"2022-03-22T00:47:50","slug":"kjop-syntakain-pulver","status":"publish","type":"product","link":"https:\/\/medicinasinc.com\/no\/product\/kjop-syntakain-pulver\/","title":{"rendered":"Kj\u00f8p Synthacaine Powder"},"content":{"rendered":"<p>KJ\u00d8P PULVER AV SYNTHACAINE FOR \u00c5 BRUKE<br \/> Synthacaine Powder er et forskningskjemikalie som selges av en grossist.<br \/> N\u00e5r du sjekker ut, kan du velge \u00e5 betale med bankoverf\u00f8ring eller med bitcoins.<br \/> V\u00e6r oppmerksom p\u00e5 at du kun er dekket hvis pakken din g\u00e5r tapt. Hvis du bruker en sporet forsikret tjeneste og pakken din g\u00e5r tapt, sender vi den tilbake til deg gratis.<br \/> Vennligst sjekk med landets lover om import av kjemikalier.<br \/> Bestillinger p\u00e5 bitcoins som legges inn mandag til fredag frem til kl. 15.30 vil bli sendt samme dag som de er plassert.<\/p>\n<p>Da Synthacaine f\u00f8rst ble brukt i forskning, hadde det et d\u00e5rlig rykte. Dette er mest fordi mange selskaper solgte pr\u00f8ver av lav kvalitet av det. Ikke her p\u00e5 Highstore.net, skj\u00f8nt!<\/p>\n<p>Vi samarbeider med et godt laboratorium for \u00e5 sikre at alt syntakainet vi lager er minst 98 % rent. Vi gir ikke ut den n\u00f8yaktige oppskriften p\u00e5 dette produktet fordi det er en hemmelig blanding.<\/p>\n<p>Det er et godt rykte for Gr8 Research Chems synthacaine. Vi er glade for \u00e5 si at lageret v\u00e5rt kommer fra samme kilde.<\/p>\n<p>Det er fortsatt mye vi ikke vet om dette kjemikaliet, men s\u00e5 langt viser tester at det kan f\u00e5 folk til \u00e5 f\u00f8le seg glade veldig raskt .<\/p>\n<p>Det kan ogs\u00e5 v\u00e6re et sentralstimulerende middel, s\u00e5 det er viktig for forskere \u00e5 ta skritt for \u00e5 holde seg borte fra det og bare teste to partier av det om gangen.<\/p>\n<p>Kjemikaliene som vi selger er ikke godkjent for noen form for in-vivo-forskning (dvs. ikke p\u00e5 mennesker eller dyr) eller kliniske fors\u00f8k, s\u00e5 hvis de ved et uhell blir inntatt, b\u00f8r du f\u00e5 medisinsk hjelp med en gang. Dette gjelder for alle kjemikaliene vi selger. Vennligst f\u00f8lg standard laboratoriesikkerhetsregler, for eksempel \u00e5 bruke riktig hud-, \u00f8ye- og kl\u00e6rbeskyttelse.<\/p>\n<p>Hvis du spiser det, b\u00f8r du f\u00e5 medisinsk hjelp med en gang.<\/p>\n<p>Folk kan kj\u00f8pe dette produktet i mengder p\u00e5 500 mg og 1 gram. De kan ogs\u00e5 kj\u00f8pe det i mengder p\u00e5 500 mg og 2 gram.<\/p>\n<p>M\u00e5 v\u00e6re over 18 \u00e5r og ikke spises av mennesker.<\/p>\n","protected":false},"excerpt":{"rendered":"<div class=\"woocommerce-product-details__short-description\">\n<p>Du kan kj\u00f8pe Synthacaine Powder fra v\u00e5r Best Global Meds nettbutikk i Storbritannia, Europa, Asia, Kina, og f\u00e5 det raskt levert over hele verden! Det er her du finner det beste Synthacaine \u00e5 kj\u00f8pe.<\/p>\n<p>Synthacaine Powder: Kj\u00f8p Synthacaine Powder, Synthacaine Powder Research Chemical Grossist. N\u00e5r du sjekker ut, kan du velge \u00e5 betale med bankoverf\u00f8ring eller med bitcoins.<\/p>\n<p>Synthacaine for \u00e5 kj\u00f8pe p\u00e5 nett Synthacaine kan kj\u00f8pes fra nettbaserte kjemikaliebutikker. Du kan finne dem. Kjemikalier p\u00e5 nett er det beste stedet \u00e5 kj\u00f8pe forskningskjemikalier, fordi du kan f\u00e5 dem der.<\/p>\n<p>Hva er Synthacaine? Hvor kan jeg kj\u00f8pe det? Best Global Meds er et av de beste stedene \u00e5 kj\u00f8pe Synthacaine online. Til salgs: Vi har h\u00f8ykvalitets Synthacaine til salgs.<\/p>\n<p>Kj\u00f8p Synthacaine Powder for en lav pris p\u00e5 nettet.<\/p>\n<p>Synthacaine er 99,8 % rent. Synthacaine brukes i forskning. Ved 100 mg er den veldig sterk.<\/p>\n<\/p><\/div>\n","protected":false},"featured_media":5646,"comment_status":"open","ping_status":"closed","template":"","meta":[],"product_brand":[],"product_cat":[2014],"product_tag":[3363,3359,3360,3361,3362,3367,3365,3366,3364,3379,3369,3378,3374,3375,3376,3377,3371,3373,3372,3368,3370],"class_list":{"0":"post-5636","1":"product","2":"type-product","3":"status-publish","4":"has-post-thumbnail","6":"product_cat-kjpe-forskning-kjemikalier","7":"product_tag-bestille-synthakain-pulver-europa","8":"product_tag-buy-research-chemical-synthacaine-powder","9":"product_tag-buy-research-chemical-synthacaine-powder-online","10":"product_tag-buy-synthacaine-powder","11":"product_tag-buy-synthacaine-powder-uk","12":"product_tag-forskning-kjemikalier-online","13":"product_tag-forskning-kjemisk-ny-frigjring-synthakain-pulver","14":"product_tag-forsknings-kjemisk-synthakain-pulver","15":"product_tag-research-chem-synthacaine-pulver","16":"product_tag-hvor-kan-kjpes-synthakain-pulver","17":"product_tag-synthacaine-powder-buy","18":"product_tag-synthakain-pulver-engros","19":"product_tag-synthacaine-powder-order","20":"product_tag-synthacaine-powder-reddit","21":"product_tag-synthacaine-powder-research-chemical","22":"product_tag-synthacaine-powder-sale","23":"product_tag-synthakain-pulver-effekt","24":"product_tag-synthakain-pulver-online","25":"product_tag-synthakain-pulver-til-salg","26":"product_tag-synthakain-pulver","27":"product_tag-synthakain-pulver-kina","29":"first","30":"instock","31":"shipping-taxable","32":"purchasable","33":"product-type-variable","34":"has-default-attributes"},"yoast_head":"<!-- This site is optimized with the Yoast SEO plugin v27.3 - https:\/\/yoast.com\/product\/yoast-seo-wordpress\/ -->\n<title>Kj\u00f8p Synthacaine Powder - Synthacaine Powder - Best Global Meds<\/title>\n<meta name=\"description\" content=\"Kj\u00f8p Synthacaine Powder Storbritannia, Europa, Asia, Kina i v\u00e5r nettbutikk for beste globale medikamenter med rask levering over hele verden! Den beste Synthacaine for bestilling finner du her!\" \/>\n<meta name=\"robots\" content=\"index, follow, max-snippet:-1, max-image-preview:large, max-video-preview:-1\" \/>\n<link rel=\"canonical\" href=\"https:\/\/medicinasinc.com\/no\/product\/kjop-syntakain-pulver\/\" \/>\n<meta property=\"og:locale\" content=\"nn_NO\" \/>\n<meta property=\"og:type\" content=\"article\" \/>\n<meta property=\"og:title\" content=\"Kj\u00f8p Synthacaine Powder - Synthacaine Powder - Best Global Meds\" \/>\n<meta property=\"og:description\" content=\"Kj\u00f8p Synthacaine Powder Storbritannia, Europa, Asia, Kina i v\u00e5r nettbutikk for beste globale medikamenter med rask levering over hele verden! Den beste Synthacaine for bestilling finner du her!\" \/>\n<meta property=\"og:url\" content=\"https:\/\/medicinasinc.com\/no\/product\/kjop-syntakain-pulver\/\" \/>\n<meta property=\"og:site_name\" content=\"Medicinas Inc\" \/>\n<meta property=\"article:modified_time\" content=\"2022-03-22T00:47:50+00:00\" \/>\n<meta property=\"og:image\" content=\"https:\/\/medicinasinc.com\/no\/wp-content\/uploads\/sites\/14\/2022\/02\/Buy-Synthacaine-Powder.jpg\" \/>\n\t<meta property=\"og:image:width\" content=\"600\" \/>\n\t<meta property=\"og:image:height\" content=\"600\" \/>\n\t<meta property=\"og:image:type\" content=\"image\/jpeg\" \/>\n<meta name=\"twitter:card\" content=\"summary_large_image\" \/>\n<meta name=\"twitter:label1\" content=\"Est. reading time\" \/>\n\t<meta name=\"twitter:data1\" content=\"2 minutt\" \/>\n<script type=\"application\/ld+json\" class=\"yoast-schema-graph\">{\"@context\":\"https:\\\/\\\/schema.org\",\"@graph\":[{\"@type\":\"WebPage\",\"@id\":\"https:\\\/\\\/medicinasinc.com\\\/no\\\/product\\\/kjop-syntakain-pulver\\\/\",\"url\":\"https:\\\/\\\/medicinasinc.com\\\/no\\\/product\\\/kjop-syntakain-pulver\\\/\",\"name\":\"Kj\u00f8p Synthacaine Powder - Synthacaine Powder - Best Global Meds\",\"isPartOf\":{\"@id\":\"https:\\\/\\\/medicinasinc.com\\\/no\\\/#website\"},\"primaryImageOfPage\":{\"@id\":\"https:\\\/\\\/medicinasinc.com\\\/no\\\/product\\\/kjop-syntakain-pulver\\\/#primaryimage\"},\"image\":{\"@id\":\"https:\\\/\\\/medicinasinc.com\\\/no\\\/product\\\/kjop-syntakain-pulver\\\/#primaryimage\"},\"thumbnailUrl\":\"https:\\\/\\\/medicinasinc.com\\\/no\\\/wp-content\\\/uploads\\\/sites\\\/14\\\/2022\\\/02\\\/Buy-Synthacaine-Powder.jpg\",\"datePublished\":\"2022-02-22T03:08:33+00:00\",\"dateModified\":\"2022-03-22T00:47:50+00:00\",\"description\":\"Kj\u00f8p Synthacaine Powder Storbritannia, Europa, Asia, Kina i v\u00e5r nettbutikk for beste globale medikamenter med rask levering over hele verden! Den beste Synthacaine for bestilling finner du her!\",\"breadcrumb\":{\"@id\":\"https:\\\/\\\/medicinasinc.com\\\/no\\\/product\\\/kjop-syntakain-pulver\\\/#breadcrumb\"},\"inLanguage\":\"nn-NO\",\"potentialAction\":[{\"@type\":\"ReadAction\",\"target\":[\"https:\\\/\\\/medicinasinc.com\\\/no\\\/product\\\/kjop-syntakain-pulver\\\/\"]}]},{\"@type\":\"ImageObject\",\"inLanguage\":\"nn-NO\",\"@id\":\"https:\\\/\\\/medicinasinc.com\\\/no\\\/product\\\/kjop-syntakain-pulver\\\/#primaryimage\",\"url\":\"https:\\\/\\\/medicinasinc.com\\\/no\\\/wp-content\\\/uploads\\\/sites\\\/14\\\/2022\\\/02\\\/Buy-Synthacaine-Powder.jpg\",\"contentUrl\":\"https:\\\/\\\/medicinasinc.com\\\/no\\\/wp-content\\\/uploads\\\/sites\\\/14\\\/2022\\\/02\\\/Buy-Synthacaine-Powder.jpg\",\"width\":600,\"height\":600},{\"@type\":\"BreadcrumbList\",\"@id\":\"https:\\\/\\\/medicinasinc.com\\\/no\\\/product\\\/kjop-syntakain-pulver\\\/#breadcrumb\",\"itemListElement\":[{\"@type\":\"ListItem\",\"position\":1,\"name\":\"Butikk\",\"item\":\"https:\\\/\\\/medicinasinc.com\\\/no\\\/butikk\\\/\"},{\"@type\":\"ListItem\",\"position\":2,\"name\":\"Kj\u00f8p Synthacaine Powder\"}]},{\"@type\":\"WebSite\",\"@id\":\"https:\\\/\\\/medicinasinc.com\\\/no\\\/#website\",\"url\":\"https:\\\/\\\/medicinasinc.com\\\/no\\\/\",\"name\":\"Medicinas Inc\",\"description\":\"Helsemedisinsk klinikk\",\"potentialAction\":[{\"@type\":\"SearchAction\",\"target\":{\"@type\":\"EntryPoint\",\"urlTemplate\":\"https:\\\/\\\/medicinasinc.com\\\/no\\\/?s={search_term_string}\"},\"query-input\":{\"@type\":\"PropertyValueSpecification\",\"valueRequired\":true,\"valueName\":\"search_term_string\"}}],\"inLanguage\":\"nn-NO\"}]}<\/script>\n<!-- \/ Yoast SEO plugin. -->","yoast_head_json":{"title":"Kj\u00f8p Synthacaine Powder - Synthacaine Powder - Best Global Meds","description":"Kj\u00f8p Synthacaine Powder Storbritannia, Europa, Asia, Kina i v\u00e5r nettbutikk for beste globale medikamenter med rask levering over hele verden! Den beste Synthacaine for bestilling finner du her!","robots":{"index":"index","follow":"follow","max-snippet":"max-snippet:-1","max-image-preview":"max-image-preview:large","max-video-preview":"max-video-preview:-1"},"canonical":"https:\/\/medicinasinc.com\/no\/product\/kjop-syntakain-pulver\/","og_locale":"nn_NO","og_type":"article","og_title":"Kj\u00f8p Synthacaine Powder - Synthacaine Powder - Best Global Meds","og_description":"Kj\u00f8p Synthacaine Powder Storbritannia, Europa, Asia, Kina i v\u00e5r nettbutikk for beste globale medikamenter med rask levering over hele verden! Den beste Synthacaine for bestilling finner du her!","og_url":"https:\/\/medicinasinc.com\/no\/product\/kjop-syntakain-pulver\/","og_site_name":"Medicinas Inc","article_modified_time":"2022-03-22T00:47:50+00:00","og_image":[{"width":600,"height":600,"url":"https:\/\/medicinasinc.com\/no\/wp-content\/uploads\/sites\/14\/2022\/02\/Buy-Synthacaine-Powder.jpg","type":"image\/jpeg"}],"twitter_card":"summary_large_image","twitter_misc":{"Est. reading time":"2 minutt"},"schema":{"@context":"https:\/\/schema.org","@graph":[{"@type":"WebPage","@id":"https:\/\/medicinasinc.com\/no\/product\/kjop-syntakain-pulver\/","url":"https:\/\/medicinasinc.com\/no\/product\/kjop-syntakain-pulver\/","name":"Kj\u00f8p Synthacaine Powder - Synthacaine Powder - Best Global Meds","isPartOf":{"@id":"https:\/\/medicinasinc.com\/no\/#website"},"primaryImageOfPage":{"@id":"https:\/\/medicinasinc.com\/no\/product\/kjop-syntakain-pulver\/#primaryimage"},"image":{"@id":"https:\/\/medicinasinc.com\/no\/product\/kjop-syntakain-pulver\/#primaryimage"},"thumbnailUrl":"https:\/\/medicinasinc.com\/no\/wp-content\/uploads\/sites\/14\/2022\/02\/Buy-Synthacaine-Powder.jpg","datePublished":"2022-02-22T03:08:33+00:00","dateModified":"2022-03-22T00:47:50+00:00","description":"Kj\u00f8p Synthacaine Powder Storbritannia, Europa, Asia, Kina i v\u00e5r nettbutikk for beste globale medikamenter med rask levering over hele verden! Den beste Synthacaine for bestilling finner du her!","breadcrumb":{"@id":"https:\/\/medicinasinc.com\/no\/product\/kjop-syntakain-pulver\/#breadcrumb"},"inLanguage":"nn-NO","potentialAction":[{"@type":"ReadAction","target":["https:\/\/medicinasinc.com\/no\/product\/kjop-syntakain-pulver\/"]}]},{"@type":"ImageObject","inLanguage":"nn-NO","@id":"https:\/\/medicinasinc.com\/no\/product\/kjop-syntakain-pulver\/#primaryimage","url":"https:\/\/medicinasinc.com\/no\/wp-content\/uploads\/sites\/14\/2022\/02\/Buy-Synthacaine-Powder.jpg","contentUrl":"https:\/\/medicinasinc.com\/no\/wp-content\/uploads\/sites\/14\/2022\/02\/Buy-Synthacaine-Powder.jpg","width":600,"height":600},{"@type":"BreadcrumbList","@id":"https:\/\/medicinasinc.com\/no\/product\/kjop-syntakain-pulver\/#breadcrumb","itemListElement":[{"@type":"ListItem","position":1,"name":"Butikk","item":"https:\/\/medicinasinc.com\/no\/butikk\/"},{"@type":"ListItem","position":2,"name":"Kj\u00f8p Synthacaine Powder"}]},{"@type":"WebSite","@id":"https:\/\/medicinasinc.com\/no\/#website","url":"https:\/\/medicinasinc.com\/no\/","name":"Medicinas Inc","description":"Helsemedisinsk klinikk","potentialAction":[{"@type":"SearchAction","target":{"@type":"EntryPoint","urlTemplate":"https:\/\/medicinasinc.com\/no\/?s={search_term_string}"},"query-input":{"@type":"PropertyValueSpecification","valueRequired":true,"valueName":"search_term_string"}}],"inLanguage":"nn-NO"}]}},"_links":{"self":[{"href":"https:\/\/medicinasinc.com\/no\/wp-json\/wp\/v2\/product\/5636","targetHints":{"allow":["GET"]}}],"collection":[{"href":"https:\/\/medicinasinc.com\/no\/wp-json\/wp\/v2\/product"}],"about":[{"href":"https:\/\/medicinasinc.com\/no\/wp-json\/wp\/v2\/types\/product"}],"replies":[{"embeddable":true,"href":"https:\/\/medicinasinc.com\/no\/wp-json\/wp\/v2\/comments?post=5636"}],"wp:featuredmedia":[{"embeddable":true,"href":"https:\/\/medicinasinc.com\/no\/wp-json\/wp\/v2\/media\/5646"}],"wp:attachment":[{"href":"https:\/\/medicinasinc.com\/no\/wp-json\/wp\/v2\/media?parent=5636"}],"wp:term":[{"taxonomy":"product_brand","embeddable":true,"href":"https:\/\/medicinasinc.com\/no\/wp-json\/wp\/v2\/product_brand?post=5636"},{"taxonomy":"product_cat","embeddable":true,"href":"https:\/\/medicinasinc.com\/no\/wp-json\/wp\/v2\/product_cat?post=5636"},{"taxonomy":"product_tag","embeddable":true,"href":"https:\/\/medicinasinc.com\/no\/wp-json\/wp\/v2\/product_tag?post=5636"}],"curies":[{"name":"wp","href":"https:\/\/api.w.org\/{rel}","templated":true}]}}