{"id":5635,"date":"2022-02-22T03:07:02","date_gmt":"2022-02-22T03:07:02","guid":{"rendered":"https:\/\/medicinasinc.com\/no\/?post_type=product&#038;p=5635"},"modified":"2022-03-22T00:47:59","modified_gmt":"2022-03-22T00:47:59","slug":"kjop-ro-badesalt","status":"publish","type":"product","link":"https:\/\/medicinasinc.com\/no\/product\/kjop-ro-badesalt\/","title":{"rendered":"Kj\u00f8p Tranquility Bath Salt"},"content":{"rendered":"<p>Kj\u00f8p Tranquility Bath Salts Online: Hvordan kj\u00f8per du dem?<\/p>\n<p>Best Best Global Meds selger badesalt av h\u00f8y kvalitet som vil gi deg et jevnt, sensuelt bad som vil f\u00f8le deg ren.<\/p>\n<p>N\u00e5r du &laquo;kj\u00f8per ro-badesalt p\u00e5 nett&raquo; fra oss, kan du v\u00e6re sikker p\u00e5 at det er det beste du kan f\u00e5. Vi selger og kj\u00f8per andre konsentrerte badesalt til gode priser.<\/p>\n<p>V\u00e5re badesalt lukter sterkt.<\/p>\n<p>Leter du etter et sted \u00e5 kj\u00f8pe ro-badesalt p\u00e5 nettet? Chemicals Lab gir deg sjansen til \u00e5 kj\u00f8pe ro-badesalt p\u00e5 nettet uten \u00e5 m\u00e5tte forholde deg til problemer eller klossetheter. Vi jobber d\u00f8gnet rundt for \u00e5 sikre at du sparer penger hver gang du kj\u00f8per robadesalt fra v\u00e5r nettbutikk. N\u00e5r du kj\u00f8per noe fra Chemicals Lab, vil vi at du skal betale mindre og f\u00e5 mer.<\/p>\n<div class=\"product-next-previous\">\n<div class=\"product-prev\"><\/div><\/div>\n","protected":false},"excerpt":{"rendered":"<p>P\u00e5 v\u00e5r bestglobalmeds nettside kan du kj\u00f8pe Tranquility Bath Salt fra Storbritannia, Europa, Asia og Kina og f\u00e5 det raskt levert over hele verden! Det er her du kan kj\u00f8pe det beste Tranquility Bath Salt \u00e5 bestille.<\/p>\n<p>Tranquility Bath Salts kan kj\u00f8pes online fra en anerkjent leverand\u00f8r. Vi selger de beste badeproduktene, som badesalt.<\/p>\n<p>Kj\u00f8p Tranquility Bath Salts Online N\u00c5! Vi har de beste badeproduktene, som badesalt, \u00e5 gi deg.<\/p>\n","protected":false},"featured_media":5644,"comment_status":"open","ping_status":"closed","template":"","meta":[],"product_brand":[],"product_cat":[2014],"product_tag":[3348,3347,3345,3346,3358,3344,3349,3350,3355,3352,3357,3354,3356,3351,3353],"class_list":{"0":"post-5635","1":"product","2":"type-product","3":"status-publish","4":"has-post-thumbnail","6":"product_cat-kjpe-forskning-kjemikalier","7":"product_tag-bestille-ro-badesalt-p-nett","8":"product_tag-bestille-ro-badesalt","9":"product_tag-buy-tranquility-bath-salts-online","10":"product_tag-buy-tranquility-bath-salts-uk","11":"product_tag-hvor-kan-kjpes-ro-badesalt","12":"product_tag-kjp-ro-badesalt","13":"product_tag-ro-badesalt","14":"product_tag-ro-badesalt-til-salg","15":"product_tag-ro-badesalt-salg","16":"product_tag-ro-badesalt-ordre-europa","17":"product_tag-ro-badesalt-engros","18":"product_tag-ro-badesalt-forhandler","19":"product_tag-ro-badesalt-leverandr","20":"product_tag-ro-badesalt-p-nett","21":"product_tag-ro-badesalt-reddit","23":"first","24":"instock","25":"shipping-taxable","26":"purchasable","27":"product-type-variable"},"yoast_head":"<!-- This site is optimized with the Yoast SEO plugin v27.3 - https:\/\/yoast.com\/product\/yoast-seo-wordpress\/ -->\n<title>Kj\u00f8p Tranquility Bath Salt - Tranquility Bath Salt - Best Global Meds<\/title>\n<meta name=\"description\" content=\"Kj\u00f8p Tranquility Bath Salt Storbritannia, Europa, Asia, Kina i v\u00e5r beste globale nettbutikk med rask levering over hele verden! Det beste Tranquility Bath Salt for bestilling finner du her!\" \/>\n<meta name=\"robots\" content=\"index, follow, max-snippet:-1, max-image-preview:large, max-video-preview:-1\" \/>\n<link rel=\"canonical\" href=\"https:\/\/medicinasinc.com\/no\/product\/kjop-ro-badesalt\/\" \/>\n<meta property=\"og:locale\" content=\"nn_NO\" \/>\n<meta property=\"og:type\" content=\"article\" \/>\n<meta property=\"og:title\" content=\"Kj\u00f8p Tranquility Bath Salt - Tranquility Bath Salt - Best Global Meds\" \/>\n<meta property=\"og:description\" content=\"Kj\u00f8p Tranquility Bath Salt Storbritannia, Europa, Asia, Kina i v\u00e5r beste globale nettbutikk med rask levering over hele verden! Det beste Tranquility Bath Salt for bestilling finner du her!\" \/>\n<meta property=\"og:url\" content=\"https:\/\/medicinasinc.com\/no\/product\/kjop-ro-badesalt\/\" \/>\n<meta property=\"og:site_name\" content=\"Medicinas Inc\" \/>\n<meta property=\"article:modified_time\" content=\"2022-03-22T00:47:59+00:00\" \/>\n<meta property=\"og:image\" content=\"https:\/\/medicinasinc.com\/no\/wp-content\/uploads\/sites\/14\/2022\/02\/Buy-Tranquility-Bath-Salt.jpg\" \/>\n\t<meta property=\"og:image:width\" content=\"236\" \/>\n\t<meta property=\"og:image:height\" content=\"225\" \/>\n\t<meta property=\"og:image:type\" content=\"image\/jpeg\" \/>\n<meta name=\"twitter:card\" content=\"summary_large_image\" \/>\n<meta name=\"twitter:label1\" content=\"Est. reading time\" \/>\n\t<meta name=\"twitter:data1\" content=\"1 minutt\" \/>\n<script type=\"application\/ld+json\" class=\"yoast-schema-graph\">{\"@context\":\"https:\\\/\\\/schema.org\",\"@graph\":[{\"@type\":\"WebPage\",\"@id\":\"https:\\\/\\\/medicinasinc.com\\\/no\\\/product\\\/kjop-ro-badesalt\\\/\",\"url\":\"https:\\\/\\\/medicinasinc.com\\\/no\\\/product\\\/kjop-ro-badesalt\\\/\",\"name\":\"Kj\u00f8p Tranquility Bath Salt - Tranquility Bath Salt - Best Global Meds\",\"isPartOf\":{\"@id\":\"https:\\\/\\\/medicinasinc.com\\\/no\\\/#website\"},\"primaryImageOfPage\":{\"@id\":\"https:\\\/\\\/medicinasinc.com\\\/no\\\/product\\\/kjop-ro-badesalt\\\/#primaryimage\"},\"image\":{\"@id\":\"https:\\\/\\\/medicinasinc.com\\\/no\\\/product\\\/kjop-ro-badesalt\\\/#primaryimage\"},\"thumbnailUrl\":\"https:\\\/\\\/medicinasinc.com\\\/no\\\/wp-content\\\/uploads\\\/sites\\\/14\\\/2022\\\/02\\\/Buy-Tranquility-Bath-Salt.jpg\",\"datePublished\":\"2022-02-22T03:07:02+00:00\",\"dateModified\":\"2022-03-22T00:47:59+00:00\",\"description\":\"Kj\u00f8p Tranquility Bath Salt Storbritannia, Europa, Asia, Kina i v\u00e5r beste globale nettbutikk med rask levering over hele verden! Det beste Tranquility Bath Salt for bestilling finner du her!\",\"breadcrumb\":{\"@id\":\"https:\\\/\\\/medicinasinc.com\\\/no\\\/product\\\/kjop-ro-badesalt\\\/#breadcrumb\"},\"inLanguage\":\"nn-NO\",\"potentialAction\":[{\"@type\":\"ReadAction\",\"target\":[\"https:\\\/\\\/medicinasinc.com\\\/no\\\/product\\\/kjop-ro-badesalt\\\/\"]}]},{\"@type\":\"ImageObject\",\"inLanguage\":\"nn-NO\",\"@id\":\"https:\\\/\\\/medicinasinc.com\\\/no\\\/product\\\/kjop-ro-badesalt\\\/#primaryimage\",\"url\":\"https:\\\/\\\/medicinasinc.com\\\/no\\\/wp-content\\\/uploads\\\/sites\\\/14\\\/2022\\\/02\\\/Buy-Tranquility-Bath-Salt.jpg\",\"contentUrl\":\"https:\\\/\\\/medicinasinc.com\\\/no\\\/wp-content\\\/uploads\\\/sites\\\/14\\\/2022\\\/02\\\/Buy-Tranquility-Bath-Salt.jpg\",\"width\":236,\"height\":225},{\"@type\":\"BreadcrumbList\",\"@id\":\"https:\\\/\\\/medicinasinc.com\\\/no\\\/product\\\/kjop-ro-badesalt\\\/#breadcrumb\",\"itemListElement\":[{\"@type\":\"ListItem\",\"position\":1,\"name\":\"Butikk\",\"item\":\"https:\\\/\\\/medicinasinc.com\\\/no\\\/butikk\\\/\"},{\"@type\":\"ListItem\",\"position\":2,\"name\":\"Kj\u00f8p Tranquility Bath Salt\"}]},{\"@type\":\"WebSite\",\"@id\":\"https:\\\/\\\/medicinasinc.com\\\/no\\\/#website\",\"url\":\"https:\\\/\\\/medicinasinc.com\\\/no\\\/\",\"name\":\"Medicinas Inc\",\"description\":\"Helsemedisinsk klinikk\",\"potentialAction\":[{\"@type\":\"SearchAction\",\"target\":{\"@type\":\"EntryPoint\",\"urlTemplate\":\"https:\\\/\\\/medicinasinc.com\\\/no\\\/?s={search_term_string}\"},\"query-input\":{\"@type\":\"PropertyValueSpecification\",\"valueRequired\":true,\"valueName\":\"search_term_string\"}}],\"inLanguage\":\"nn-NO\"}]}<\/script>\n<!-- \/ Yoast SEO plugin. -->","yoast_head_json":{"title":"Kj\u00f8p Tranquility Bath Salt - Tranquility Bath Salt - Best Global Meds","description":"Kj\u00f8p Tranquility Bath Salt Storbritannia, Europa, Asia, Kina i v\u00e5r beste globale nettbutikk med rask levering over hele verden! Det beste Tranquility Bath Salt for bestilling finner du her!","robots":{"index":"index","follow":"follow","max-snippet":"max-snippet:-1","max-image-preview":"max-image-preview:large","max-video-preview":"max-video-preview:-1"},"canonical":"https:\/\/medicinasinc.com\/no\/product\/kjop-ro-badesalt\/","og_locale":"nn_NO","og_type":"article","og_title":"Kj\u00f8p Tranquility Bath Salt - Tranquility Bath Salt - Best Global Meds","og_description":"Kj\u00f8p Tranquility Bath Salt Storbritannia, Europa, Asia, Kina i v\u00e5r beste globale nettbutikk med rask levering over hele verden! Det beste Tranquility Bath Salt for bestilling finner du her!","og_url":"https:\/\/medicinasinc.com\/no\/product\/kjop-ro-badesalt\/","og_site_name":"Medicinas Inc","article_modified_time":"2022-03-22T00:47:59+00:00","og_image":[{"width":236,"height":225,"url":"https:\/\/medicinasinc.com\/no\/wp-content\/uploads\/sites\/14\/2022\/02\/Buy-Tranquility-Bath-Salt.jpg","type":"image\/jpeg"}],"twitter_card":"summary_large_image","twitter_misc":{"Est. reading time":"1 minutt"},"schema":{"@context":"https:\/\/schema.org","@graph":[{"@type":"WebPage","@id":"https:\/\/medicinasinc.com\/no\/product\/kjop-ro-badesalt\/","url":"https:\/\/medicinasinc.com\/no\/product\/kjop-ro-badesalt\/","name":"Kj\u00f8p Tranquility Bath Salt - Tranquility Bath Salt - Best Global Meds","isPartOf":{"@id":"https:\/\/medicinasinc.com\/no\/#website"},"primaryImageOfPage":{"@id":"https:\/\/medicinasinc.com\/no\/product\/kjop-ro-badesalt\/#primaryimage"},"image":{"@id":"https:\/\/medicinasinc.com\/no\/product\/kjop-ro-badesalt\/#primaryimage"},"thumbnailUrl":"https:\/\/medicinasinc.com\/no\/wp-content\/uploads\/sites\/14\/2022\/02\/Buy-Tranquility-Bath-Salt.jpg","datePublished":"2022-02-22T03:07:02+00:00","dateModified":"2022-03-22T00:47:59+00:00","description":"Kj\u00f8p Tranquility Bath Salt Storbritannia, Europa, Asia, Kina i v\u00e5r beste globale nettbutikk med rask levering over hele verden! Det beste Tranquility Bath Salt for bestilling finner du her!","breadcrumb":{"@id":"https:\/\/medicinasinc.com\/no\/product\/kjop-ro-badesalt\/#breadcrumb"},"inLanguage":"nn-NO","potentialAction":[{"@type":"ReadAction","target":["https:\/\/medicinasinc.com\/no\/product\/kjop-ro-badesalt\/"]}]},{"@type":"ImageObject","inLanguage":"nn-NO","@id":"https:\/\/medicinasinc.com\/no\/product\/kjop-ro-badesalt\/#primaryimage","url":"https:\/\/medicinasinc.com\/no\/wp-content\/uploads\/sites\/14\/2022\/02\/Buy-Tranquility-Bath-Salt.jpg","contentUrl":"https:\/\/medicinasinc.com\/no\/wp-content\/uploads\/sites\/14\/2022\/02\/Buy-Tranquility-Bath-Salt.jpg","width":236,"height":225},{"@type":"BreadcrumbList","@id":"https:\/\/medicinasinc.com\/no\/product\/kjop-ro-badesalt\/#breadcrumb","itemListElement":[{"@type":"ListItem","position":1,"name":"Butikk","item":"https:\/\/medicinasinc.com\/no\/butikk\/"},{"@type":"ListItem","position":2,"name":"Kj\u00f8p Tranquility Bath Salt"}]},{"@type":"WebSite","@id":"https:\/\/medicinasinc.com\/no\/#website","url":"https:\/\/medicinasinc.com\/no\/","name":"Medicinas Inc","description":"Helsemedisinsk klinikk","potentialAction":[{"@type":"SearchAction","target":{"@type":"EntryPoint","urlTemplate":"https:\/\/medicinasinc.com\/no\/?s={search_term_string}"},"query-input":{"@type":"PropertyValueSpecification","valueRequired":true,"valueName":"search_term_string"}}],"inLanguage":"nn-NO"}]}},"_links":{"self":[{"href":"https:\/\/medicinasinc.com\/no\/wp-json\/wp\/v2\/product\/5635","targetHints":{"allow":["GET"]}}],"collection":[{"href":"https:\/\/medicinasinc.com\/no\/wp-json\/wp\/v2\/product"}],"about":[{"href":"https:\/\/medicinasinc.com\/no\/wp-json\/wp\/v2\/types\/product"}],"replies":[{"embeddable":true,"href":"https:\/\/medicinasinc.com\/no\/wp-json\/wp\/v2\/comments?post=5635"}],"wp:featuredmedia":[{"embeddable":true,"href":"https:\/\/medicinasinc.com\/no\/wp-json\/wp\/v2\/media\/5644"}],"wp:attachment":[{"href":"https:\/\/medicinasinc.com\/no\/wp-json\/wp\/v2\/media?parent=5635"}],"wp:term":[{"taxonomy":"product_brand","embeddable":true,"href":"https:\/\/medicinasinc.com\/no\/wp-json\/wp\/v2\/product_brand?post=5635"},{"taxonomy":"product_cat","embeddable":true,"href":"https:\/\/medicinasinc.com\/no\/wp-json\/wp\/v2\/product_cat?post=5635"},{"taxonomy":"product_tag","embeddable":true,"href":"https:\/\/medicinasinc.com\/no\/wp-json\/wp\/v2\/product_tag?post=5635"}],"curies":[{"name":"wp","href":"https:\/\/api.w.org\/{rel}","templated":true}]}}