{"id":5617,"date":"2022-02-22T02:48:56","date_gmt":"2022-02-22T02:48:56","guid":{"rendered":"https:\/\/medicinasinc.com\/no\/?post_type=product&#038;p=5617"},"modified":"2022-03-22T00:48:09","modified_gmt":"2022-03-22T00:48:09","slug":"buy-u-47700-pulver","status":"publish","type":"product","link":"https:\/\/medicinasinc.com\/no\/product\/buy-u-47700-pulver\/","title":{"rendered":"Kj\u00f8p U-47700 Powder"},"content":{"rendered":"<p>P\u00e5 nettet kan du kj\u00f8pe U-47700-pulver til en sv\u00e6rt lav pris.<\/p>\n<p>Kj\u00f8p U-47700 fra bestglobalmeds.com.<br \/> En smertestillende middel kalt U-47700 er en del av opioiden familie. Den ble f\u00f8rst laget av Upjohn for rundt 40 \u00e5r siden. Den ble laget av AH-7921, som er et lignende opioid. U-47700 var viktig i utviklingen av denne klassen av opioider, men den har ikke blitt testet p\u00e5 mennesker eller dyr.<\/p>\n<p>Farmakologi: U-47700 er veldig god til \u00e5 m\u00e5lrette mot -opioidreseptoren. Det antas \u00e5 v\u00e6re 7 til 8 ganger kraftigere enn morfindose per dose. Det antas \u00e5 v\u00e6re en sterk kappa-agonist, noe som betyr at den ikke skal for\u00e5rsake mye dysfori eller andre problemer.<\/p>\n<p>Folk som lager samme type kjemikalier<\/p>\n<p>U-50488<br \/> AH-7921<br \/> U-69 593<br \/> Sverige har forbudt U-47700 siden januar 2016, men ingen andre store land har gjort det samme.<\/p>\n<p>U-47700, som de fleste opioider og deres derivater, er ikke trygt for folk \u00e5 spise. Den selges kun til forskningskjemikere og folk som jobber i laboratorier.<\/p>\n","protected":false},"excerpt":{"rendered":"<div class=\"woocommerce-product-details__short-description\">\n<p>Det er enkelt \u00e5 kj\u00f8pe U-47700 Powder online fra v\u00e5r bestglobalmeds.com-butikk og f\u00e5 det raskt levert til alle land i verden! Det beste U-47700-pulveret du kan kj\u00f8pe er her!<\/p>\n<p>Kj\u00f8p u-47700-pulver p\u00e5 nett. Dette brune pulveret er veldig rent. 99,8 % av tiden er det naturlig.<\/p>\n<p>P\u00e5 nettet kan du kj\u00f8pe 1 oz U-47700-pulver billig. En typisk dose er noen f\u00e5 milligram. Sjekk hva du g\u00e5r inn p\u00e5.<\/p>\n<div class=\"char\">SPESIFIKASJON<\/div>\n<div class=\"specification\">\n<div class=\"sprow\"><span class=\"spname \">Produktnavn:<\/span><span class=\"sptext\">U-47700<\/span><\/div>\n<div class=\"sprow\"><span class=\"spname\">IUPAC-navn:<\/span><span class=\"sptext\">trans-3,4-diklor-N-(2-(dimetylamino)cykloheksyl)-N-metylbenzamid<\/span><\/div>\n<div class=\"sprow\"><span class=\"spname\">Andre navn:<\/span><span class=\"sptext\">Pink, Pinky, U-47700<\/span><\/div>\n<div class=\"sprow\"><span class=\"spname\">Cas Number:<\/span><span class=\"sptext\">121348-98-9<\/span><\/div>\n<div class=\"sprow\"><span class=\"spname\">Molekylformel:<\/span><span class=\"sptext\">C16H22Cl2N2O<\/span><\/div>\n<div class=\"sprow\"><span class=\"spname\">Molarmasse:<\/span><span class=\"sptext\"> 329,265 g\/mol<\/span><\/div>\n<div class=\"sprow\"><span class=\"spname\">Effekt:<\/span><span class=\"sptext\">beroligende<\/span><\/div>\n<div class=\"sprow\"><span class=\"spname\">Renhet for stoffet:<\/span><span class=\"sptext\"> 99,9 %<\/span><\/div>\n<div class=\"sprow\"><span class=\"spname\">Fysiske egenskaper:<\/span><span class=\"sptext\">Krystallinsk pulver<\/span><\/div>\n<\/p><\/div>\n<\/p><\/div>\n","protected":false},"featured_media":5629,"comment_status":"open","ping_status":"closed","template":"","meta":[],"product_brand":[],"product_cat":[2014],"product_tag":[3322,3326,3323,3327,3343,3342,3324,3325,3331,3332,3333,3334,3335,3337,3329,3336,3338,3340,3339,3330,3328,3341],"class_list":{"0":"post-5617","1":"product","2":"type-product","3":"status-publish","4":"has-post-thumbnail","6":"product_cat-kjpe-forskning-kjemikalier","7":"product_tag-best-place-to-buy-u-47700-pulver","8":"product_tag-ordre-u-47700-pulver","9":"product_tag-buy-u-47700-powder","10":"product_tag-retail-u-47700-pulver","11":"product_tag-engros-u-47700-pulver","12":"product_tag-hvor-kan-kjpe-u-47700-pulver","13":"product_tag-buy-u-47700-powder-europe","14":"product_tag-buy-u-47700-powder-uk","15":"product_tag-u-47700-pulver-europe","16":"product_tag-u-47700-powder-for-sale","17":"product_tag-u-47700-powder-for-sale-online","18":"product_tag-u-47700-powder-germany","19":"product_tag-u-47700-powder-google","20":"product_tag-u-47700-pulver-nr-meg","21":"product_tag-u-47700-powder-buy-uk","22":"product_tag-u-47700-pulver-litauen","23":"product_tag-u-47700-powder-online","24":"product_tag-u-47700-powder-reddit","25":"product_tag-u-47700-powder-ordre","26":"product_tag-u-47700-pulver-effekt","27":"product_tag-u-47700-pulver-kjp","28":"product_tag-u-47700-pulversalg","30":"first","31":"instock","32":"shipping-taxable","33":"purchasable","34":"product-type-variable","35":"has-default-attributes"},"yoast_head":"<!-- This site is optimized with the Yoast SEO plugin v27.3 - https:\/\/yoast.com\/product\/yoast-seo-wordpress\/ -->\n<title>Kj\u00f8p U-47700 Powder - U-47700 Powder Online - Beste globale medisiner<\/title>\n<meta name=\"description\" content=\"Kj\u00f8p U-47700 Powder UK, Europa, Asia, Kina i v\u00e5r bestglobalmeds.com nettbutikk med rask levering over hele verden! Det beste U-47700 pulveret for bestilling finner du her!\" \/>\n<meta name=\"robots\" content=\"index, follow, max-snippet:-1, max-image-preview:large, max-video-preview:-1\" \/>\n<link rel=\"canonical\" href=\"https:\/\/medicinasinc.com\/no\/product\/buy-u-47700-pulver\/\" \/>\n<meta property=\"og:locale\" content=\"nn_NO\" \/>\n<meta property=\"og:type\" content=\"article\" \/>\n<meta property=\"og:title\" content=\"Kj\u00f8p U-47700 Powder - U-47700 Powder Online - Beste globale medisiner\" \/>\n<meta property=\"og:description\" content=\"Kj\u00f8p U-47700 Powder UK, Europa, Asia, Kina i v\u00e5r bestglobalmeds.com nettbutikk med rask levering over hele verden! Det beste U-47700 pulveret for bestilling finner du her!\" \/>\n<meta property=\"og:url\" content=\"https:\/\/medicinasinc.com\/no\/product\/buy-u-47700-pulver\/\" \/>\n<meta property=\"og:site_name\" content=\"Medicinas Inc\" \/>\n<meta property=\"article:modified_time\" content=\"2022-03-22T00:48:09+00:00\" \/>\n<meta property=\"og:image\" content=\"https:\/\/medicinasinc.com\/no\/wp-content\/uploads\/sites\/14\/2022\/02\/Buy-U-47700-POWDER.jpg\" \/>\n\t<meta property=\"og:image:width\" content=\"600\" \/>\n\t<meta property=\"og:image:height\" content=\"600\" \/>\n\t<meta property=\"og:image:type\" content=\"image\/jpeg\" \/>\n<meta name=\"twitter:card\" content=\"summary_large_image\" \/>\n<meta name=\"twitter:label1\" content=\"Est. reading time\" \/>\n\t<meta name=\"twitter:data1\" content=\"1 minutt\" \/>\n<script type=\"application\/ld+json\" class=\"yoast-schema-graph\">{\"@context\":\"https:\\\/\\\/schema.org\",\"@graph\":[{\"@type\":\"WebPage\",\"@id\":\"https:\\\/\\\/medicinasinc.com\\\/no\\\/product\\\/buy-u-47700-pulver\\\/\",\"url\":\"https:\\\/\\\/medicinasinc.com\\\/no\\\/product\\\/buy-u-47700-pulver\\\/\",\"name\":\"Kj\u00f8p U-47700 Powder - U-47700 Powder Online - Beste globale medisiner\",\"isPartOf\":{\"@id\":\"https:\\\/\\\/medicinasinc.com\\\/no\\\/#website\"},\"primaryImageOfPage\":{\"@id\":\"https:\\\/\\\/medicinasinc.com\\\/no\\\/product\\\/buy-u-47700-pulver\\\/#primaryimage\"},\"image\":{\"@id\":\"https:\\\/\\\/medicinasinc.com\\\/no\\\/product\\\/buy-u-47700-pulver\\\/#primaryimage\"},\"thumbnailUrl\":\"https:\\\/\\\/medicinasinc.com\\\/no\\\/wp-content\\\/uploads\\\/sites\\\/14\\\/2022\\\/02\\\/Buy-U-47700-POWDER.jpg\",\"datePublished\":\"2022-02-22T02:48:56+00:00\",\"dateModified\":\"2022-03-22T00:48:09+00:00\",\"description\":\"Kj\u00f8p U-47700 Powder UK, Europa, Asia, Kina i v\u00e5r bestglobalmeds.com nettbutikk med rask levering over hele verden! Det beste U-47700 pulveret for bestilling finner du her!\",\"breadcrumb\":{\"@id\":\"https:\\\/\\\/medicinasinc.com\\\/no\\\/product\\\/buy-u-47700-pulver\\\/#breadcrumb\"},\"inLanguage\":\"nn-NO\",\"potentialAction\":[{\"@type\":\"ReadAction\",\"target\":[\"https:\\\/\\\/medicinasinc.com\\\/no\\\/product\\\/buy-u-47700-pulver\\\/\"]}]},{\"@type\":\"ImageObject\",\"inLanguage\":\"nn-NO\",\"@id\":\"https:\\\/\\\/medicinasinc.com\\\/no\\\/product\\\/buy-u-47700-pulver\\\/#primaryimage\",\"url\":\"https:\\\/\\\/medicinasinc.com\\\/no\\\/wp-content\\\/uploads\\\/sites\\\/14\\\/2022\\\/02\\\/Buy-U-47700-POWDER.jpg\",\"contentUrl\":\"https:\\\/\\\/medicinasinc.com\\\/no\\\/wp-content\\\/uploads\\\/sites\\\/14\\\/2022\\\/02\\\/Buy-U-47700-POWDER.jpg\",\"width\":600,\"height\":600},{\"@type\":\"BreadcrumbList\",\"@id\":\"https:\\\/\\\/medicinasinc.com\\\/no\\\/product\\\/buy-u-47700-pulver\\\/#breadcrumb\",\"itemListElement\":[{\"@type\":\"ListItem\",\"position\":1,\"name\":\"Butikk\",\"item\":\"https:\\\/\\\/medicinasinc.com\\\/no\\\/butikk\\\/\"},{\"@type\":\"ListItem\",\"position\":2,\"name\":\"Kj\u00f8p U-47700 Powder\"}]},{\"@type\":\"WebSite\",\"@id\":\"https:\\\/\\\/medicinasinc.com\\\/no\\\/#website\",\"url\":\"https:\\\/\\\/medicinasinc.com\\\/no\\\/\",\"name\":\"Medicinas Inc\",\"description\":\"Helsemedisinsk klinikk\",\"potentialAction\":[{\"@type\":\"SearchAction\",\"target\":{\"@type\":\"EntryPoint\",\"urlTemplate\":\"https:\\\/\\\/medicinasinc.com\\\/no\\\/?s={search_term_string}\"},\"query-input\":{\"@type\":\"PropertyValueSpecification\",\"valueRequired\":true,\"valueName\":\"search_term_string\"}}],\"inLanguage\":\"nn-NO\"}]}<\/script>\n<!-- \/ Yoast SEO plugin. -->","yoast_head_json":{"title":"Kj\u00f8p U-47700 Powder - U-47700 Powder Online - Beste globale medisiner","description":"Kj\u00f8p U-47700 Powder UK, Europa, Asia, Kina i v\u00e5r bestglobalmeds.com nettbutikk med rask levering over hele verden! Det beste U-47700 pulveret for bestilling finner du her!","robots":{"index":"index","follow":"follow","max-snippet":"max-snippet:-1","max-image-preview":"max-image-preview:large","max-video-preview":"max-video-preview:-1"},"canonical":"https:\/\/medicinasinc.com\/no\/product\/buy-u-47700-pulver\/","og_locale":"nn_NO","og_type":"article","og_title":"Kj\u00f8p U-47700 Powder - U-47700 Powder Online - Beste globale medisiner","og_description":"Kj\u00f8p U-47700 Powder UK, Europa, Asia, Kina i v\u00e5r bestglobalmeds.com nettbutikk med rask levering over hele verden! Det beste U-47700 pulveret for bestilling finner du her!","og_url":"https:\/\/medicinasinc.com\/no\/product\/buy-u-47700-pulver\/","og_site_name":"Medicinas Inc","article_modified_time":"2022-03-22T00:48:09+00:00","og_image":[{"width":600,"height":600,"url":"https:\/\/medicinasinc.com\/no\/wp-content\/uploads\/sites\/14\/2022\/02\/Buy-U-47700-POWDER.jpg","type":"image\/jpeg"}],"twitter_card":"summary_large_image","twitter_misc":{"Est. reading time":"1 minutt"},"schema":{"@context":"https:\/\/schema.org","@graph":[{"@type":"WebPage","@id":"https:\/\/medicinasinc.com\/no\/product\/buy-u-47700-pulver\/","url":"https:\/\/medicinasinc.com\/no\/product\/buy-u-47700-pulver\/","name":"Kj\u00f8p U-47700 Powder - U-47700 Powder Online - Beste globale medisiner","isPartOf":{"@id":"https:\/\/medicinasinc.com\/no\/#website"},"primaryImageOfPage":{"@id":"https:\/\/medicinasinc.com\/no\/product\/buy-u-47700-pulver\/#primaryimage"},"image":{"@id":"https:\/\/medicinasinc.com\/no\/product\/buy-u-47700-pulver\/#primaryimage"},"thumbnailUrl":"https:\/\/medicinasinc.com\/no\/wp-content\/uploads\/sites\/14\/2022\/02\/Buy-U-47700-POWDER.jpg","datePublished":"2022-02-22T02:48:56+00:00","dateModified":"2022-03-22T00:48:09+00:00","description":"Kj\u00f8p U-47700 Powder UK, Europa, Asia, Kina i v\u00e5r bestglobalmeds.com nettbutikk med rask levering over hele verden! Det beste U-47700 pulveret for bestilling finner du her!","breadcrumb":{"@id":"https:\/\/medicinasinc.com\/no\/product\/buy-u-47700-pulver\/#breadcrumb"},"inLanguage":"nn-NO","potentialAction":[{"@type":"ReadAction","target":["https:\/\/medicinasinc.com\/no\/product\/buy-u-47700-pulver\/"]}]},{"@type":"ImageObject","inLanguage":"nn-NO","@id":"https:\/\/medicinasinc.com\/no\/product\/buy-u-47700-pulver\/#primaryimage","url":"https:\/\/medicinasinc.com\/no\/wp-content\/uploads\/sites\/14\/2022\/02\/Buy-U-47700-POWDER.jpg","contentUrl":"https:\/\/medicinasinc.com\/no\/wp-content\/uploads\/sites\/14\/2022\/02\/Buy-U-47700-POWDER.jpg","width":600,"height":600},{"@type":"BreadcrumbList","@id":"https:\/\/medicinasinc.com\/no\/product\/buy-u-47700-pulver\/#breadcrumb","itemListElement":[{"@type":"ListItem","position":1,"name":"Butikk","item":"https:\/\/medicinasinc.com\/no\/butikk\/"},{"@type":"ListItem","position":2,"name":"Kj\u00f8p U-47700 Powder"}]},{"@type":"WebSite","@id":"https:\/\/medicinasinc.com\/no\/#website","url":"https:\/\/medicinasinc.com\/no\/","name":"Medicinas Inc","description":"Helsemedisinsk klinikk","potentialAction":[{"@type":"SearchAction","target":{"@type":"EntryPoint","urlTemplate":"https:\/\/medicinasinc.com\/no\/?s={search_term_string}"},"query-input":{"@type":"PropertyValueSpecification","valueRequired":true,"valueName":"search_term_string"}}],"inLanguage":"nn-NO"}]}},"_links":{"self":[{"href":"https:\/\/medicinasinc.com\/no\/wp-json\/wp\/v2\/product\/5617","targetHints":{"allow":["GET"]}}],"collection":[{"href":"https:\/\/medicinasinc.com\/no\/wp-json\/wp\/v2\/product"}],"about":[{"href":"https:\/\/medicinasinc.com\/no\/wp-json\/wp\/v2\/types\/product"}],"replies":[{"embeddable":true,"href":"https:\/\/medicinasinc.com\/no\/wp-json\/wp\/v2\/comments?post=5617"}],"wp:featuredmedia":[{"embeddable":true,"href":"https:\/\/medicinasinc.com\/no\/wp-json\/wp\/v2\/media\/5629"}],"wp:attachment":[{"href":"https:\/\/medicinasinc.com\/no\/wp-json\/wp\/v2\/media?parent=5617"}],"wp:term":[{"taxonomy":"product_brand","embeddable":true,"href":"https:\/\/medicinasinc.com\/no\/wp-json\/wp\/v2\/product_brand?post=5617"},{"taxonomy":"product_cat","embeddable":true,"href":"https:\/\/medicinasinc.com\/no\/wp-json\/wp\/v2\/product_cat?post=5617"},{"taxonomy":"product_tag","embeddable":true,"href":"https:\/\/medicinasinc.com\/no\/wp-json\/wp\/v2\/product_tag?post=5617"}],"curies":[{"name":"wp","href":"https:\/\/api.w.org\/{rel}","templated":true}]}}