{"id":5616,"date":"2022-02-22T02:47:20","date_gmt":"2022-02-22T02:47:20","guid":{"rendered":"https:\/\/medicinasinc.com\/no\/?post_type=product&#038;p=5616"},"modified":"2022-03-22T00:48:22","modified_gmt":"2022-03-22T00:48:22","slug":"kjop-w-18-piller","status":"publish","type":"product","link":"https:\/\/medicinasinc.com\/no\/product\/kjop-w-18-piller\/","title":{"rendered":"Kj\u00f8p W-18 piller"},"content":{"rendered":"<p>W-18-piller kan kj\u00f8pes.<\/p>\n<p>Kj\u00f8p W-18-piller her. Dette er et kjemikalie som ikke er tillatt for folk.<\/p>\n<p>Funksjoner<br \/> Denne gjenstanden er laget og testet for \u00e5 oppfylle standardene ISO17025:2005 og Guide 34:2009.<br \/> Denne gjenstanden er ment \u00e5 brukes som analytisk referansestandard.<br \/> Det er mye materiale tilgjengelig for akademisk forskning ved enkelte institusjoner. Ta kontakt med v\u00e5r salgsavdeling for pris.<br \/> W-18 (varenr. 15480) er et materiale som kan brukes til testing. P\u00e5 grunn av dette kan det v\u00e6re sv\u00e6rt effektivt for \u00e5 lindre smerte. I muse-phenylquinon writhing-analysen har det vist seg \u00e5 v\u00e6re sv\u00e6rt effektivt til \u00e5 lindre smerte. 1 N\u00e5r det gjelder mennesker, vet vi ikke hvordan dette stoffet p\u00e5virker kroppene deres eller hvordan det kan skade dem. Dette er et produkt som kan brukes til rettsmedisinske og forskningsform\u00e5l.<\/p>\n","protected":false},"excerpt":{"rendered":"<div class=\"woocommerce-product-details__short-description\">\n<p>Kj\u00f8p W-18-piller for salg Storbritannia, Europa p\u00e5 nett V\u00e5re frakt- og leveringskostnader er 100 % trygge og praktiske. legg inn din bestilling p\u00e5 W-18 piller og f\u00e5 utrolig kvalitet fra oss<\/p>\n<p>W-18 til salgs | Kj\u00f8p W-18 online | Hvor kan man kj\u00f8pe W-18 p\u00e5 nett- Hvor man kan kj\u00f8pe W-18 piller p\u00e5 nettet. Dette produktet har blitt produsert og testet for \u00e5 oppfylle ISO17025:2005 og Guide 34:2009 retningslinjer<\/p>\n<\/p><\/div>\n","protected":false},"featured_media":5627,"comment_status":"open","ping_status":"closed","template":"","meta":[],"product_brand":[],"product_cat":[1117],"product_tag":[3307,3308,3310,3317,3309,3316,3313,3314,3312,3311,3315,3318,3320,3319,3321],"class_list":{"0":"post-5616","1":"product","2":"type-product","3":"status-publish","4":"has-post-thumbnail","6":"product_cat-kjop-smerte-sove-sexpiller","7":"product_tag-buy-w-18","8":"product_tag-buy-w-18-drugs","9":"product_tag-w-18-kjp","10":"product_tag-w-18-piller-kjp","11":"product_tag-kjp-w-18-piller","12":"product_tag-w-18-ordre","13":"product_tag-w-18-effect","14":"product_tag-w-18-for-sale","15":"product_tag-w-18-legemidler-til-salg","16":"product_tag-w-18-legemidler","17":"product_tag-w-18-online","18":"product_tag-w-18-piller-effekt","19":"product_tag-w-18-piller-engros","20":"product_tag-w-18-piller-bestilling","21":"product_tag-w-18-reddit","23":"first","24":"instock","25":"shipping-taxable","26":"purchasable","27":"product-type-variable"},"yoast_head":"<!-- This site is optimized with the Yoast SEO plugin v27.3 - https:\/\/yoast.com\/product\/yoast-seo-wordpress\/ -->\n<title>Kj\u00f8p W-18 piller - W-18 piller til salgs- Best Global Meds<\/title>\n<meta name=\"description\" content=\"Kj\u00f8p W-18 piller for salg Storbritannia, Europa p\u00e5 nett V\u00e5re frakt- og leveringskostnader er 100 % trygge og praktiske. legg inn din bestilling p\u00e5 W-18 piller og f\u00e5 fantastisk kvalitet fra oss\" \/>\n<meta name=\"robots\" content=\"index, follow, max-snippet:-1, max-image-preview:large, max-video-preview:-1\" \/>\n<link rel=\"canonical\" href=\"https:\/\/medicinasinc.com\/no\/product\/kjop-w-18-piller\/\" \/>\n<meta property=\"og:locale\" content=\"nn_NO\" \/>\n<meta property=\"og:type\" content=\"article\" \/>\n<meta property=\"og:title\" content=\"Kj\u00f8p W-18 piller - W-18 piller til salgs- Best Global Meds\" \/>\n<meta property=\"og:description\" content=\"Kj\u00f8p W-18 piller for salg Storbritannia, Europa p\u00e5 nett V\u00e5re frakt- og leveringskostnader er 100 % trygge og praktiske. legg inn din bestilling p\u00e5 W-18 piller og f\u00e5 fantastisk kvalitet fra oss\" \/>\n<meta property=\"og:url\" content=\"https:\/\/medicinasinc.com\/no\/product\/kjop-w-18-piller\/\" \/>\n<meta property=\"og:site_name\" content=\"Medicinas Inc\" \/>\n<meta property=\"article:modified_time\" content=\"2022-03-22T00:48:22+00:00\" \/>\n<meta property=\"og:image\" content=\"https:\/\/medicinasinc.com\/no\/wp-content\/uploads\/sites\/14\/2022\/02\/Buy-W-18-Pills.jpg\" \/>\n\t<meta property=\"og:image:width\" content=\"840\" \/>\n\t<meta property=\"og:image:height\" content=\"781\" \/>\n\t<meta property=\"og:image:type\" content=\"image\/jpeg\" \/>\n<meta name=\"twitter:card\" content=\"summary_large_image\" \/>\n<meta name=\"twitter:label1\" content=\"Est. reading time\" \/>\n\t<meta name=\"twitter:data1\" content=\"1 minutt\" \/>\n<script type=\"application\/ld+json\" class=\"yoast-schema-graph\">{\"@context\":\"https:\\\/\\\/schema.org\",\"@graph\":[{\"@type\":\"WebPage\",\"@id\":\"https:\\\/\\\/medicinasinc.com\\\/no\\\/product\\\/kjop-w-18-piller\\\/\",\"url\":\"https:\\\/\\\/medicinasinc.com\\\/no\\\/product\\\/kjop-w-18-piller\\\/\",\"name\":\"Kj\u00f8p W-18 piller - W-18 piller til salgs- Best Global Meds\",\"isPartOf\":{\"@id\":\"https:\\\/\\\/medicinasinc.com\\\/no\\\/#website\"},\"primaryImageOfPage\":{\"@id\":\"https:\\\/\\\/medicinasinc.com\\\/no\\\/product\\\/kjop-w-18-piller\\\/#primaryimage\"},\"image\":{\"@id\":\"https:\\\/\\\/medicinasinc.com\\\/no\\\/product\\\/kjop-w-18-piller\\\/#primaryimage\"},\"thumbnailUrl\":\"https:\\\/\\\/medicinasinc.com\\\/no\\\/wp-content\\\/uploads\\\/sites\\\/14\\\/2022\\\/02\\\/Buy-W-18-Pills.jpg\",\"datePublished\":\"2022-02-22T02:47:20+00:00\",\"dateModified\":\"2022-03-22T00:48:22+00:00\",\"description\":\"Kj\u00f8p W-18 piller for salg Storbritannia, Europa p\u00e5 nett V\u00e5re frakt- og leveringskostnader er 100 % trygge og praktiske. legg inn din bestilling p\u00e5 W-18 piller og f\u00e5 fantastisk kvalitet fra oss\",\"breadcrumb\":{\"@id\":\"https:\\\/\\\/medicinasinc.com\\\/no\\\/product\\\/kjop-w-18-piller\\\/#breadcrumb\"},\"inLanguage\":\"nn-NO\",\"potentialAction\":[{\"@type\":\"ReadAction\",\"target\":[\"https:\\\/\\\/medicinasinc.com\\\/no\\\/product\\\/kjop-w-18-piller\\\/\"]}]},{\"@type\":\"ImageObject\",\"inLanguage\":\"nn-NO\",\"@id\":\"https:\\\/\\\/medicinasinc.com\\\/no\\\/product\\\/kjop-w-18-piller\\\/#primaryimage\",\"url\":\"https:\\\/\\\/medicinasinc.com\\\/no\\\/wp-content\\\/uploads\\\/sites\\\/14\\\/2022\\\/02\\\/Buy-W-18-Pills.jpg\",\"contentUrl\":\"https:\\\/\\\/medicinasinc.com\\\/no\\\/wp-content\\\/uploads\\\/sites\\\/14\\\/2022\\\/02\\\/Buy-W-18-Pills.jpg\",\"width\":840,\"height\":781},{\"@type\":\"BreadcrumbList\",\"@id\":\"https:\\\/\\\/medicinasinc.com\\\/no\\\/product\\\/kjop-w-18-piller\\\/#breadcrumb\",\"itemListElement\":[{\"@type\":\"ListItem\",\"position\":1,\"name\":\"Butikk\",\"item\":\"https:\\\/\\\/medicinasinc.com\\\/no\\\/butikk\\\/\"},{\"@type\":\"ListItem\",\"position\":2,\"name\":\"Kj\u00f8p W-18 piller\"}]},{\"@type\":\"WebSite\",\"@id\":\"https:\\\/\\\/medicinasinc.com\\\/no\\\/#website\",\"url\":\"https:\\\/\\\/medicinasinc.com\\\/no\\\/\",\"name\":\"Medicinas Inc\",\"description\":\"Helsemedisinsk klinikk\",\"potentialAction\":[{\"@type\":\"SearchAction\",\"target\":{\"@type\":\"EntryPoint\",\"urlTemplate\":\"https:\\\/\\\/medicinasinc.com\\\/no\\\/?s={search_term_string}\"},\"query-input\":{\"@type\":\"PropertyValueSpecification\",\"valueRequired\":true,\"valueName\":\"search_term_string\"}}],\"inLanguage\":\"nn-NO\"}]}<\/script>\n<!-- \/ Yoast SEO plugin. -->","yoast_head_json":{"title":"Kj\u00f8p W-18 piller - W-18 piller til salgs- Best Global Meds","description":"Kj\u00f8p W-18 piller for salg Storbritannia, Europa p\u00e5 nett V\u00e5re frakt- og leveringskostnader er 100 % trygge og praktiske. legg inn din bestilling p\u00e5 W-18 piller og f\u00e5 fantastisk kvalitet fra oss","robots":{"index":"index","follow":"follow","max-snippet":"max-snippet:-1","max-image-preview":"max-image-preview:large","max-video-preview":"max-video-preview:-1"},"canonical":"https:\/\/medicinasinc.com\/no\/product\/kjop-w-18-piller\/","og_locale":"nn_NO","og_type":"article","og_title":"Kj\u00f8p W-18 piller - W-18 piller til salgs- Best Global Meds","og_description":"Kj\u00f8p W-18 piller for salg Storbritannia, Europa p\u00e5 nett V\u00e5re frakt- og leveringskostnader er 100 % trygge og praktiske. legg inn din bestilling p\u00e5 W-18 piller og f\u00e5 fantastisk kvalitet fra oss","og_url":"https:\/\/medicinasinc.com\/no\/product\/kjop-w-18-piller\/","og_site_name":"Medicinas Inc","article_modified_time":"2022-03-22T00:48:22+00:00","og_image":[{"width":840,"height":781,"url":"https:\/\/medicinasinc.com\/no\/wp-content\/uploads\/sites\/14\/2022\/02\/Buy-W-18-Pills.jpg","type":"image\/jpeg"}],"twitter_card":"summary_large_image","twitter_misc":{"Est. reading time":"1 minutt"},"schema":{"@context":"https:\/\/schema.org","@graph":[{"@type":"WebPage","@id":"https:\/\/medicinasinc.com\/no\/product\/kjop-w-18-piller\/","url":"https:\/\/medicinasinc.com\/no\/product\/kjop-w-18-piller\/","name":"Kj\u00f8p W-18 piller - W-18 piller til salgs- Best Global Meds","isPartOf":{"@id":"https:\/\/medicinasinc.com\/no\/#website"},"primaryImageOfPage":{"@id":"https:\/\/medicinasinc.com\/no\/product\/kjop-w-18-piller\/#primaryimage"},"image":{"@id":"https:\/\/medicinasinc.com\/no\/product\/kjop-w-18-piller\/#primaryimage"},"thumbnailUrl":"https:\/\/medicinasinc.com\/no\/wp-content\/uploads\/sites\/14\/2022\/02\/Buy-W-18-Pills.jpg","datePublished":"2022-02-22T02:47:20+00:00","dateModified":"2022-03-22T00:48:22+00:00","description":"Kj\u00f8p W-18 piller for salg Storbritannia, Europa p\u00e5 nett V\u00e5re frakt- og leveringskostnader er 100 % trygge og praktiske. legg inn din bestilling p\u00e5 W-18 piller og f\u00e5 fantastisk kvalitet fra oss","breadcrumb":{"@id":"https:\/\/medicinasinc.com\/no\/product\/kjop-w-18-piller\/#breadcrumb"},"inLanguage":"nn-NO","potentialAction":[{"@type":"ReadAction","target":["https:\/\/medicinasinc.com\/no\/product\/kjop-w-18-piller\/"]}]},{"@type":"ImageObject","inLanguage":"nn-NO","@id":"https:\/\/medicinasinc.com\/no\/product\/kjop-w-18-piller\/#primaryimage","url":"https:\/\/medicinasinc.com\/no\/wp-content\/uploads\/sites\/14\/2022\/02\/Buy-W-18-Pills.jpg","contentUrl":"https:\/\/medicinasinc.com\/no\/wp-content\/uploads\/sites\/14\/2022\/02\/Buy-W-18-Pills.jpg","width":840,"height":781},{"@type":"BreadcrumbList","@id":"https:\/\/medicinasinc.com\/no\/product\/kjop-w-18-piller\/#breadcrumb","itemListElement":[{"@type":"ListItem","position":1,"name":"Butikk","item":"https:\/\/medicinasinc.com\/no\/butikk\/"},{"@type":"ListItem","position":2,"name":"Kj\u00f8p W-18 piller"}]},{"@type":"WebSite","@id":"https:\/\/medicinasinc.com\/no\/#website","url":"https:\/\/medicinasinc.com\/no\/","name":"Medicinas Inc","description":"Helsemedisinsk klinikk","potentialAction":[{"@type":"SearchAction","target":{"@type":"EntryPoint","urlTemplate":"https:\/\/medicinasinc.com\/no\/?s={search_term_string}"},"query-input":{"@type":"PropertyValueSpecification","valueRequired":true,"valueName":"search_term_string"}}],"inLanguage":"nn-NO"}]}},"_links":{"self":[{"href":"https:\/\/medicinasinc.com\/no\/wp-json\/wp\/v2\/product\/5616","targetHints":{"allow":["GET"]}}],"collection":[{"href":"https:\/\/medicinasinc.com\/no\/wp-json\/wp\/v2\/product"}],"about":[{"href":"https:\/\/medicinasinc.com\/no\/wp-json\/wp\/v2\/types\/product"}],"replies":[{"embeddable":true,"href":"https:\/\/medicinasinc.com\/no\/wp-json\/wp\/v2\/comments?post=5616"}],"wp:featuredmedia":[{"embeddable":true,"href":"https:\/\/medicinasinc.com\/no\/wp-json\/wp\/v2\/media\/5627"}],"wp:attachment":[{"href":"https:\/\/medicinasinc.com\/no\/wp-json\/wp\/v2\/media?parent=5616"}],"wp:term":[{"taxonomy":"product_brand","embeddable":true,"href":"https:\/\/medicinasinc.com\/no\/wp-json\/wp\/v2\/product_brand?post=5616"},{"taxonomy":"product_cat","embeddable":true,"href":"https:\/\/medicinasinc.com\/no\/wp-json\/wp\/v2\/product_cat?post=5616"},{"taxonomy":"product_tag","embeddable":true,"href":"https:\/\/medicinasinc.com\/no\/wp-json\/wp\/v2\/product_tag?post=5616"}],"curies":[{"name":"wp","href":"https:\/\/api.w.org\/{rel}","templated":true}]}}