{"id":5615,"date":"2022-02-22T02:46:09","date_gmt":"2022-02-22T02:46:09","guid":{"rendered":"https:\/\/medicinasinc.com\/no\/?post_type=product&#038;p=5615"},"modified":"2022-03-22T00:48:31","modified_gmt":"2022-03-22T00:48:31","slug":"kjop-hvit-jente-badesalt","status":"publish","type":"product","link":"https:\/\/medicinasinc.com\/no\/product\/kjop-hvit-jente-badesalt\/","title":{"rendered":"Kj\u00f8p White Girl Bath Salt"},"content":{"rendered":"<p>Du kan kj\u00f8pe White Girl Bath Salt p\u00e5 nettet.<br \/> White Girl Bath Salt kan kj\u00f8pes online. Hvordan kj\u00f8per jeg dem?<\/p>\n<p>Hvor vil du kj\u00f8pe hvite jentebadesalt? Det er ingen problemer eller klossethet n\u00e5r du kj\u00f8per hvite jentebadesalt fra Best Global Meds. For \u00e5 v\u00e6re sikker p\u00e5 at du sparer penger n\u00e5r du kj\u00f8per hvite jente-badesalt fra v\u00e5r nettbutikk, jobber vi hardt. N\u00e5r du kj\u00f8per noe fra Chemicals Lab, vil vi at du skal betale mindre og f\u00e5 mer.<\/p>\n<p>Kj\u00f8p noen White Girl Bath Salts.<\/p>\n<p>Fra en legitim kilde kan du kj\u00f8pe White Girl Bath Salter p\u00e5 nett. Vi selger de beste badeproduktene, som badesalt. Badesalt vil gi deg et jevnt, sensuelt bad som vil f\u00f8le deg ren etter at du har brukt dem. V\u00e5re kunder kan imidlertid v\u00e6re sikre p\u00e5 at de f\u00e5r de beste produktene p\u00e5 markedet. Men vi selger og kj\u00f8per ogs\u00e5 andre konsentrerte badesalt til gode priser.<\/p>\n<p>V\u00e5re badesalter har en sterk lukt.<\/p>\n<p>Det finnes mange forskjellige typer White Girl Bath Salts, og de er ment \u00e5 gj\u00f8re badeopplevelsen din enda bedre. En liten mengde er alt som skal til for \u00e5 gj\u00f8re en stor forskjell. Du kan imidlertid bare tilsette en liten mengde i et varmt bad for \u00e5 myke opp vannet naturlig, noe som vil f\u00e5 deg til \u00e5 f\u00f8le deg veldig energisk og glad etterp\u00e5. Imidlertid brukes det til \u00e5 se ut som de naturlige varme kildene i det greske havet. I begynnelsen, bruk sv\u00e6rt lite av White Girl-badesaltet, fordi for mye vil gj\u00f8re badevannet skittent og gj\u00f8re deg ulykkelig. White Girl Bath Salts, derimot, kan hjelpe deg med \u00e5 komme til steder du trodde var umulig.<\/p>\n","protected":false},"excerpt":{"rendered":"<p>V\u00e5r Bestglobalmeds.com-butikk selger White Girl Bath Salt for salg i Storbritannia, Europa og over hele verden! Du kan kj\u00f8pe det beste White Girl Bath Salt her!<\/p>\n<p>Prisen p\u00e5 White Girl Bath Salt p\u00e5 Internett kan v\u00e6re for h\u00f8y.<\/p>\n<p>P\u00e5 Best globale medisiner kan du kj\u00f8pe White Girl badesalt fra komforten av ditt eget hjem. White girl badesalt er til salgs.<\/p>\n<p>I dette tilfellet kan du kj\u00f8pe badesalt p\u00e5 internett White Girl 500mg Bath Salt<\/p>\n<p>Best Global Meds selger badesalt av h\u00f8y kvalitet som vil gi deg et glatt, sensuelt bad som vil gj\u00f8re at du f\u00f8ler deg ren.<\/p>\n<p>N\u00e5r du kj\u00f8per hvite jentebadesalt p\u00e5 nett fra oss, kan du v\u00e6re sikker p\u00e5 at de vil v\u00e6re de beste du kan f\u00e5. Vi selger og kj\u00f8per andre konsentrerte badesalt til gode priser.<\/p>\n<p>V\u00e5re badesalter har en sterk lukt.<\/p>\n<div class=\"product-next-previous\">\n<div class=\"product- forrige\"><\/div>\n<\/p><\/div>\n","protected":false},"featured_media":5625,"comment_status":"open","ping_status":"closed","template":"","meta":[],"product_brand":[],"product_cat":[2014],"product_tag":[3302,3300,3305,3306,3303,3299,3301,3304],"class_list":{"0":"post-5615","1":"product","2":"type-product","3":"status-publish","4":"has-post-thumbnail","6":"product_cat-kjpe-forskning-kjemikalier","7":"product_tag-bestill-hvit-jente-badesalt-p-nett","8":"product_tag-buy-white-girl-bath-salts-online","9":"product_tag-hvit-jente-badesalt","10":"product_tag-hvit-jente-badesalt-til-salg","11":"product_tag-hvor-kan-kjpe-hvit-jente-badesalt","12":"product_tag-kjp-konsentrert-hvit-jente-500mg-badesalt-p-nett","13":"product_tag-konsentrert-hvit-jente-500mg-badesalt","14":"product_tag-hvit-jente-500mg-badesalt-p-nett","16":"first","17":"instock","18":"shipping-taxable","19":"purchasable","20":"product-type-variable","21":"has-default-attributes"},"yoast_head":"<!-- This site is optimized with the Yoast SEO plugin v27.3 - https:\/\/yoast.com\/product\/yoast-seo-wordpress\/ -->\n<title>Kj\u00f8p White Girl Bath Salt - Badesalt til salgs - Best Global Meds<\/title>\n<meta name=\"description\" content=\"\u00f8nsker \u00e5 kj\u00f8pe White Girl Bath Salt for salg i Storbritannia, Europa i v\u00e5r Bestglobalmeds.com-butikk med rask verdensomspennende frakt! Det beste hvite jentebadesaltet for bestilling finner du her!\" \/>\n<meta name=\"robots\" content=\"index, follow, max-snippet:-1, max-image-preview:large, max-video-preview:-1\" \/>\n<link rel=\"canonical\" href=\"https:\/\/medicinasinc.com\/no\/product\/kjop-hvit-jente-badesalt\/\" \/>\n<meta property=\"og:locale\" content=\"nn_NO\" \/>\n<meta property=\"og:type\" content=\"article\" \/>\n<meta property=\"og:title\" content=\"Kj\u00f8p White Girl Bath Salt - Badesalt til salgs - Best Global Meds\" \/>\n<meta property=\"og:description\" content=\"\u00f8nsker \u00e5 kj\u00f8pe White Girl Bath Salt for salg i Storbritannia, Europa i v\u00e5r Bestglobalmeds.com-butikk med rask verdensomspennende frakt! Det beste hvite jentebadesaltet for bestilling finner du her!\" \/>\n<meta property=\"og:url\" content=\"https:\/\/medicinasinc.com\/no\/product\/kjop-hvit-jente-badesalt\/\" \/>\n<meta property=\"og:site_name\" content=\"Medicinas Inc\" \/>\n<meta property=\"article:modified_time\" content=\"2022-03-22T00:48:31+00:00\" \/>\n<meta property=\"og:image\" content=\"https:\/\/medicinasinc.com\/no\/wp-content\/uploads\/sites\/14\/2022\/02\/Buy-White-Girl-Bath-Salt.jpg\" \/>\n\t<meta property=\"og:image:width\" content=\"600\" \/>\n\t<meta property=\"og:image:height\" content=\"600\" \/>\n\t<meta property=\"og:image:type\" content=\"image\/jpeg\" \/>\n<meta name=\"twitter:card\" content=\"summary_large_image\" \/>\n<meta name=\"twitter:label1\" content=\"Est. reading time\" \/>\n\t<meta name=\"twitter:data1\" content=\"2 minutt\" \/>\n<script type=\"application\/ld+json\" class=\"yoast-schema-graph\">{\"@context\":\"https:\\\/\\\/schema.org\",\"@graph\":[{\"@type\":\"WebPage\",\"@id\":\"https:\\\/\\\/medicinasinc.com\\\/no\\\/product\\\/kjop-hvit-jente-badesalt\\\/\",\"url\":\"https:\\\/\\\/medicinasinc.com\\\/no\\\/product\\\/kjop-hvit-jente-badesalt\\\/\",\"name\":\"Kj\u00f8p White Girl Bath Salt - Badesalt til salgs - Best Global Meds\",\"isPartOf\":{\"@id\":\"https:\\\/\\\/medicinasinc.com\\\/no\\\/#website\"},\"primaryImageOfPage\":{\"@id\":\"https:\\\/\\\/medicinasinc.com\\\/no\\\/product\\\/kjop-hvit-jente-badesalt\\\/#primaryimage\"},\"image\":{\"@id\":\"https:\\\/\\\/medicinasinc.com\\\/no\\\/product\\\/kjop-hvit-jente-badesalt\\\/#primaryimage\"},\"thumbnailUrl\":\"https:\\\/\\\/medicinasinc.com\\\/no\\\/wp-content\\\/uploads\\\/sites\\\/14\\\/2022\\\/02\\\/Buy-White-Girl-Bath-Salt.jpg\",\"datePublished\":\"2022-02-22T02:46:09+00:00\",\"dateModified\":\"2022-03-22T00:48:31+00:00\",\"description\":\"\u00f8nsker \u00e5 kj\u00f8pe White Girl Bath Salt for salg i Storbritannia, Europa i v\u00e5r Bestglobalmeds.com-butikk med rask verdensomspennende frakt! Det beste hvite jentebadesaltet for bestilling finner du her!\",\"breadcrumb\":{\"@id\":\"https:\\\/\\\/medicinasinc.com\\\/no\\\/product\\\/kjop-hvit-jente-badesalt\\\/#breadcrumb\"},\"inLanguage\":\"nn-NO\",\"potentialAction\":[{\"@type\":\"ReadAction\",\"target\":[\"https:\\\/\\\/medicinasinc.com\\\/no\\\/product\\\/kjop-hvit-jente-badesalt\\\/\"]}]},{\"@type\":\"ImageObject\",\"inLanguage\":\"nn-NO\",\"@id\":\"https:\\\/\\\/medicinasinc.com\\\/no\\\/product\\\/kjop-hvit-jente-badesalt\\\/#primaryimage\",\"url\":\"https:\\\/\\\/medicinasinc.com\\\/no\\\/wp-content\\\/uploads\\\/sites\\\/14\\\/2022\\\/02\\\/Buy-White-Girl-Bath-Salt.jpg\",\"contentUrl\":\"https:\\\/\\\/medicinasinc.com\\\/no\\\/wp-content\\\/uploads\\\/sites\\\/14\\\/2022\\\/02\\\/Buy-White-Girl-Bath-Salt.jpg\",\"width\":600,\"height\":600},{\"@type\":\"BreadcrumbList\",\"@id\":\"https:\\\/\\\/medicinasinc.com\\\/no\\\/product\\\/kjop-hvit-jente-badesalt\\\/#breadcrumb\",\"itemListElement\":[{\"@type\":\"ListItem\",\"position\":1,\"name\":\"Butikk\",\"item\":\"https:\\\/\\\/medicinasinc.com\\\/no\\\/butikk\\\/\"},{\"@type\":\"ListItem\",\"position\":2,\"name\":\"Kj\u00f8p White Girl Bath Salt\"}]},{\"@type\":\"WebSite\",\"@id\":\"https:\\\/\\\/medicinasinc.com\\\/no\\\/#website\",\"url\":\"https:\\\/\\\/medicinasinc.com\\\/no\\\/\",\"name\":\"Medicinas Inc\",\"description\":\"Helsemedisinsk klinikk\",\"potentialAction\":[{\"@type\":\"SearchAction\",\"target\":{\"@type\":\"EntryPoint\",\"urlTemplate\":\"https:\\\/\\\/medicinasinc.com\\\/no\\\/?s={search_term_string}\"},\"query-input\":{\"@type\":\"PropertyValueSpecification\",\"valueRequired\":true,\"valueName\":\"search_term_string\"}}],\"inLanguage\":\"nn-NO\"}]}<\/script>\n<!-- \/ Yoast SEO plugin. -->","yoast_head_json":{"title":"Kj\u00f8p White Girl Bath Salt - Badesalt til salgs - Best Global Meds","description":"\u00f8nsker \u00e5 kj\u00f8pe White Girl Bath Salt for salg i Storbritannia, Europa i v\u00e5r Bestglobalmeds.com-butikk med rask verdensomspennende frakt! Det beste hvite jentebadesaltet for bestilling finner du her!","robots":{"index":"index","follow":"follow","max-snippet":"max-snippet:-1","max-image-preview":"max-image-preview:large","max-video-preview":"max-video-preview:-1"},"canonical":"https:\/\/medicinasinc.com\/no\/product\/kjop-hvit-jente-badesalt\/","og_locale":"nn_NO","og_type":"article","og_title":"Kj\u00f8p White Girl Bath Salt - Badesalt til salgs - Best Global Meds","og_description":"\u00f8nsker \u00e5 kj\u00f8pe White Girl Bath Salt for salg i Storbritannia, Europa i v\u00e5r Bestglobalmeds.com-butikk med rask verdensomspennende frakt! Det beste hvite jentebadesaltet for bestilling finner du her!","og_url":"https:\/\/medicinasinc.com\/no\/product\/kjop-hvit-jente-badesalt\/","og_site_name":"Medicinas Inc","article_modified_time":"2022-03-22T00:48:31+00:00","og_image":[{"width":600,"height":600,"url":"https:\/\/medicinasinc.com\/no\/wp-content\/uploads\/sites\/14\/2022\/02\/Buy-White-Girl-Bath-Salt.jpg","type":"image\/jpeg"}],"twitter_card":"summary_large_image","twitter_misc":{"Est. reading time":"2 minutt"},"schema":{"@context":"https:\/\/schema.org","@graph":[{"@type":"WebPage","@id":"https:\/\/medicinasinc.com\/no\/product\/kjop-hvit-jente-badesalt\/","url":"https:\/\/medicinasinc.com\/no\/product\/kjop-hvit-jente-badesalt\/","name":"Kj\u00f8p White Girl Bath Salt - Badesalt til salgs - Best Global Meds","isPartOf":{"@id":"https:\/\/medicinasinc.com\/no\/#website"},"primaryImageOfPage":{"@id":"https:\/\/medicinasinc.com\/no\/product\/kjop-hvit-jente-badesalt\/#primaryimage"},"image":{"@id":"https:\/\/medicinasinc.com\/no\/product\/kjop-hvit-jente-badesalt\/#primaryimage"},"thumbnailUrl":"https:\/\/medicinasinc.com\/no\/wp-content\/uploads\/sites\/14\/2022\/02\/Buy-White-Girl-Bath-Salt.jpg","datePublished":"2022-02-22T02:46:09+00:00","dateModified":"2022-03-22T00:48:31+00:00","description":"\u00f8nsker \u00e5 kj\u00f8pe White Girl Bath Salt for salg i Storbritannia, Europa i v\u00e5r Bestglobalmeds.com-butikk med rask verdensomspennende frakt! Det beste hvite jentebadesaltet for bestilling finner du her!","breadcrumb":{"@id":"https:\/\/medicinasinc.com\/no\/product\/kjop-hvit-jente-badesalt\/#breadcrumb"},"inLanguage":"nn-NO","potentialAction":[{"@type":"ReadAction","target":["https:\/\/medicinasinc.com\/no\/product\/kjop-hvit-jente-badesalt\/"]}]},{"@type":"ImageObject","inLanguage":"nn-NO","@id":"https:\/\/medicinasinc.com\/no\/product\/kjop-hvit-jente-badesalt\/#primaryimage","url":"https:\/\/medicinasinc.com\/no\/wp-content\/uploads\/sites\/14\/2022\/02\/Buy-White-Girl-Bath-Salt.jpg","contentUrl":"https:\/\/medicinasinc.com\/no\/wp-content\/uploads\/sites\/14\/2022\/02\/Buy-White-Girl-Bath-Salt.jpg","width":600,"height":600},{"@type":"BreadcrumbList","@id":"https:\/\/medicinasinc.com\/no\/product\/kjop-hvit-jente-badesalt\/#breadcrumb","itemListElement":[{"@type":"ListItem","position":1,"name":"Butikk","item":"https:\/\/medicinasinc.com\/no\/butikk\/"},{"@type":"ListItem","position":2,"name":"Kj\u00f8p White Girl Bath Salt"}]},{"@type":"WebSite","@id":"https:\/\/medicinasinc.com\/no\/#website","url":"https:\/\/medicinasinc.com\/no\/","name":"Medicinas Inc","description":"Helsemedisinsk klinikk","potentialAction":[{"@type":"SearchAction","target":{"@type":"EntryPoint","urlTemplate":"https:\/\/medicinasinc.com\/no\/?s={search_term_string}"},"query-input":{"@type":"PropertyValueSpecification","valueRequired":true,"valueName":"search_term_string"}}],"inLanguage":"nn-NO"}]}},"_links":{"self":[{"href":"https:\/\/medicinasinc.com\/no\/wp-json\/wp\/v2\/product\/5615","targetHints":{"allow":["GET"]}}],"collection":[{"href":"https:\/\/medicinasinc.com\/no\/wp-json\/wp\/v2\/product"}],"about":[{"href":"https:\/\/medicinasinc.com\/no\/wp-json\/wp\/v2\/types\/product"}],"replies":[{"embeddable":true,"href":"https:\/\/medicinasinc.com\/no\/wp-json\/wp\/v2\/comments?post=5615"}],"wp:featuredmedia":[{"embeddable":true,"href":"https:\/\/medicinasinc.com\/no\/wp-json\/wp\/v2\/media\/5625"}],"wp:attachment":[{"href":"https:\/\/medicinasinc.com\/no\/wp-json\/wp\/v2\/media?parent=5615"}],"wp:term":[{"taxonomy":"product_brand","embeddable":true,"href":"https:\/\/medicinasinc.com\/no\/wp-json\/wp\/v2\/product_brand?post=5615"},{"taxonomy":"product_cat","embeddable":true,"href":"https:\/\/medicinasinc.com\/no\/wp-json\/wp\/v2\/product_cat?post=5615"},{"taxonomy":"product_tag","embeddable":true,"href":"https:\/\/medicinasinc.com\/no\/wp-json\/wp\/v2\/product_tag?post=5615"}],"curies":[{"name":"wp","href":"https:\/\/api.w.org\/{rel}","templated":true}]}}