{"id":5614,"date":"2022-02-22T02:44:39","date_gmt":"2022-02-22T02:44:39","guid":{"rendered":"https:\/\/medicinasinc.com\/no\/?post_type=product&#038;p=5614"},"modified":"2022-03-22T00:48:41","modified_gmt":"2022-03-22T00:48:41","slug":"kjop-bk-etyl-k-krystaller","status":"publish","type":"product","link":"https:\/\/medicinasinc.com\/no\/product\/kjop-bk-etyl-k-krystaller\/","title":{"rendered":"Kj\u00f8p bk-Ethyl-K-krystaller"},"content":{"rendered":"<p>Kj\u00f8p bk-Ethyl-K Chemical Online fra en grossist.<\/p>\n<p>bk-Ethyl-K Chemical kan kj\u00f8pes i bulk.<\/p>\n<p>BKK-ethyl-k<\/p>\n<p>Det er ogs\u00e5 kjent som Ethylone, som er en entaktogen energigiver. Det kalles ofte 3,4-metylendioksy-N-etylkatinon, men dette er ikke alltid det riktige navnet. Etylon kalles 1-(1,3-benzodioksol-5-yl)-2-(metylamino)-1-propanon fordi det har et nyttig navn. Formel: C12H15NO3 har en normalmasse p\u00e5 221,251999 Da og en monoisotopisk masse p\u00e5 221,104996 Da. Dette er den underkjernefysiske formelen. Det beste stedet \u00e5 kj\u00f8pe etylen er Kina. Etylon er en verdifull stein som kan kj\u00f8pes. Kj\u00f8p etylsteiner som er verdifulle. Leverand\u00f8r av Ethylone. Kj\u00f8p etylen med rabatt. rabatt Ethylone<\/p>\n<p>Den nye bk-Ethyl-K-stimulanten er et medikament laget av en designer. Det er en amfetaminanalog. Det er ingen problemer i tollen med den nye formelen.<\/p>\n<table class=\"t1\" cellspacing=\"0\" cellpadding=\"0\">\n<tbody>\n<tr>\n<td class=\"td1\" valign=\"top \">\n<p class=\"p3\"><span class=\"s1\"><b>Synonymer<\/b><\/span><\/p>\n<\/td>\n<td class=\"td2\" valign=\"top\">\n<p class=\"p3\"><a href=\"https:\/\/www.bestglobalmeds.com\/product\/research-chemicals\/buy-bk-ethyl-k-crystals\/\"><span class=\"s1\"> bk-Ethyl-K<\/span><\/a><\/p>\n<\/td>\n<\/tr>\n<tr>\n<td class=\"td3\" valign=\"top\">\n<p class=\"p3\"><span class=\"s1\"><b>IUPAC<\/b><\/span><\/p>\n<\/td>\n<td class=\"td4\" valign=\"top\">\n<p class=\"p3\"><span class=\"s1\">1-(benzo[d][1,3]dioksol-5-yl)-2-(etylamino)pentan-1-on<\/span><\/p>\n<\/td>\n<\/tr>\n<tr>\n<td class=\"td1\" valign=\"top\">\n<p class=\"p3\"><span class=\"s1\"><b>Formel<\/b><\/span><\/p>\n<\/td>\n<td class=\"td2\" valign=\"top\">\n<p class=\"p3\"><span class=\"s1\">Nei<\/span><\/p>\n<\/td>\n<\/tr>\n<tr>\n<td class=\"td3\" valign=\"top\">\n<p class=\"p3\"><span class=\"s1\"><b>Molekylvekt<\/b><\/span><\/p>\n<\/td>\n<td class=\"td4\" valign=\"top\">\n<p class=\"p3\"><span class=\"s1\">Nei <\/span><\/p>\n<\/td>\n<\/tr>\n<tr>\n<td class=\"td1\" valign=\"top\">\n<p class=\"p3\"><span class=\"s1\"><b>CAS<\/b><\/span><\/p>\n<\/td>\n<td class=\"td2\" valign=\"top\">\n<p class=\"p3\"><span class=\"s1\">Nei<\/span><\/p>\n<\/td>\n<\/tr>\n<tr>\n<td class=\"td3\" valign=\"top\">\n<p class=\"p3\"><span class=\"s1\"><b>Utseende <\/b><\/span><\/p>\n<\/td>\n<td class=\"td4\" valign=\"top\">\n<p class=\"p3\"><span class=\"s1\">Nei<\/span> <\/p>\n<\/td>\n<\/tr>\n<tr>\n<td class=\"td1\" valign=\"top\">\n<p class=\"p3\"><span class=\"s1\"><b>Renhet<\/b> b&gt;<\/span><\/p>\n<\/td>\n<td class=\"td2\" valign=\"top\">\n<p class=\"p3\"><span class=\"s1\">\u2265 99 %<\/span> <\/p>\n<\/td>\n<\/tr>\n<\/tbody>\n<\/table>\n<p><img loading=\"lazy\" decoding=\"async\" class=\"alignnone wp-image-923 size-full lazyloaded\" style=\"border: 0px;vertical-align: middle;height: auto;max-width: 100%\" src=\"https:\/\/i2.wp.com\/chemspro.com\/wp-content\/uploads\/sites\/14\/2017\/04\/bk-ethyl-k- e1570866136196.jpg?resize=260%2C185&amp;ssl=1\" alt=\"bk-Ethyl-K \" width=\"260\" height=\"185\" data-attachment-id=\"923\" data-permalink=\"https:\/ \/chemspro.com\/stimulants\/bk-ethyl-k-crystals.htm l\/attachment\/bk-ethyl-k\" data-orig-file=\"https:\/\/i2.wp.com\/chemspro.com\/wp-content\/uploads\/sites\/14\/2017\/04\/bk-ethyl-k -e1570866136196.jpg?fit=260%2C185&amp;ssl=1\" data-orig-size=\"260,185\" data-comments-opened=\"1\" data-image-title=\"bk-ethyl-k\" data-image-description=\"&lt;p&gt;bk-Ethyl-K &lt;\/p&gt; \" data-image-caption=\"\" data-medium-file=\"https:\/\/i2.wp.com\/chemspro.com\/wp-content\/uploads\/sites\/14\/2017\/04\/bk-ethyl-k- e1570866136196.jpg?fit=300%2C213&amp;ssl=1\" data-large-file=\"https:\/\/i2.wp.com\/chemspro.com\/wp-content\/uploads\/sites\/14\/2017\/04\/bk -ethyl-k-e1570866136196.jpg?fit=260%2C185&amp;ssl=1\" data-recalc-dims=\"1\" data-src=\"https:\/\/i2.wp.com\/chemspro.com\/wp-content \/uploads\/sites\/14\/2017\/04\/bk-ethyl-k-e1570866136196.jpg?resize=260%2C185&amp;ssl=1\" \/><\/p>\n<p>Folk som kj\u00f8per Bk-Ethyl-K fra denne nettstedet b\u00f8r bruke det til forskning og etterforskning. Bk-Ethyl-K er en del av de kjemiske katinon- og amfetaminfamiliene. Dette er vekten av formelen: 285,8 g-mol<\/p>\n<p>Ingen vet hva som vil skje med deg etter \u00e5 ha tatt bk-Ethyl-K, men det kan v\u00e6re noen.<\/p>\n<p>Den fulle kjemisk navn er bk-etyl-K: 1- (benzo [d] [1,3] dioksol-5-yl) -2- (etylamino) pentan-1-on er den f\u00f8rste.<\/p>\n<p> Oppbevaring: p\u00e5 et sted som er kj\u00f8lig og t\u00f8rt. Betingelsene bk-Ethyl-K kan vare i opptil to \u00e5r hvis de oppbevares p\u00e5 riktig m\u00e5te.<\/p>\n","protected":false},"excerpt":{"rendered":"<div class=\"woocommerce-product-details__short-description\">\n<p>I v\u00e5r Bestglobalmeds.com-butikk kan du kj\u00f8pe billige bk-Ethyl-K-krystaller for salg i Storbritannia, Europa og over hele verden! Det er her du kan kj\u00f8pe de beste bk-Ethyl-K-krystallene p\u00e5 bestilling.<\/p>\n<p>Kj\u00f8p bk-Ethyl-K Chemical Online fra en grossist. billige forskningskjemikalier som har den beste renheten for forskning<\/p>\n<p>.<\/p>\n<\/p><\/div>\n","protected":false},"featured_media":5623,"comment_status":"open","ping_status":"closed","template":"","meta":[],"product_brand":[],"product_cat":[2014],"product_tag":[3281,3283,3282,3296,3284,3286,3289,3290,3291,3287,3285,3288,3292,3293,3297,3295,3298,3294],"class_list":{"0":"post-5614","1":"product","2":"type-product","3":"status-publish","4":"has-post-thumbnail","6":"product_cat-kjpe-forskning-kjemikalier","7":"product_tag-best-bk-ethyl-k-crystals-wholesale","8":"product_tag-best-place-to-buy-mxe","9":"product_tag-beste-stedet--kjpe-bk-etyl-k-krystaller","10":"product_tag-ordre-bk-etyl-k-krystaller-uk","11":"product_tag-bk-ethyl-k-crystals","12":"product_tag-bk-etyl-k-krystaller-kjp-europe","13":"product_tag-bk-ethyl-k-crystals-kufen","14":"product_tag-bk-ethyl-k-crystals-order","15":"product_tag-bk-ethyl-k-crystals-reddit","16":"product_tag-bk-etyl-k-krystall-effekt","17":"product_tag-bk-etyl-k-krystaller-kjp","18":"product_tag-bk-etyl-k-krystaller-til-salg","19":"product_tag-buy-bk-ethyl-k-crystals","20":"product_tag-buy-bk-ethyl-k-crystals-europe","21":"product_tag-detaljhandel-bk-etyl-k-krystaller","22":"product_tag-dmt-order","23":"product_tag-engros-bk-etyl-k-krystaller","24":"product_tag-kjp-bk-etyl-k-krystaller-uk","26":"first","27":"instock","28":"shipping-taxable","29":"purchasable","30":"product-type-variable","31":"has-default-attributes"},"yoast_head":"<!-- This site is optimized with the Yoast SEO plugin v27.3 - https:\/\/yoast.com\/product\/yoast-seo-wordpress\/ -->\n<title>Kj\u00f8p bk-Ethyl-K Crystals - bk-Ethyl-K Online- Best Global Meds<\/title>\n<meta name=\"description\" content=\"\u00f8nsker \u00e5 kj\u00f8pe billige bk-Ethyl-K-krystaller for salg i Storbritannia, Europa i v\u00e5r Bestglobalmeds-butikk med rask verdensomspennende frakt! De beste bk-Ethyl-K-krystallene for bestilling finner du her!\" \/>\n<meta name=\"robots\" content=\"index, follow, max-snippet:-1, max-image-preview:large, max-video-preview:-1\" \/>\n<link rel=\"canonical\" href=\"https:\/\/medicinasinc.com\/no\/product\/kjop-bk-etyl-k-krystaller\/\" \/>\n<meta property=\"og:locale\" content=\"nn_NO\" \/>\n<meta property=\"og:type\" content=\"article\" \/>\n<meta property=\"og:title\" content=\"Kj\u00f8p bk-Ethyl-K Crystals - bk-Ethyl-K Online- Best Global Meds\" \/>\n<meta property=\"og:description\" content=\"\u00f8nsker \u00e5 kj\u00f8pe billige bk-Ethyl-K-krystaller for salg i Storbritannia, Europa i v\u00e5r Bestglobalmeds-butikk med rask verdensomspennende frakt! De beste bk-Ethyl-K-krystallene for bestilling finner du her!\" \/>\n<meta property=\"og:url\" content=\"https:\/\/medicinasinc.com\/no\/product\/kjop-bk-etyl-k-krystaller\/\" \/>\n<meta property=\"og:site_name\" content=\"Medicinas Inc\" \/>\n<meta property=\"article:modified_time\" content=\"2022-03-22T00:48:41+00:00\" \/>\n<meta property=\"og:image\" content=\"https:\/\/medicinasinc.com\/no\/wp-content\/uploads\/sites\/14\/2022\/02\/Buy-bk-Ethyl-K-Crystals.jpg\" \/>\n\t<meta property=\"og:image:width\" content=\"600\" \/>\n\t<meta property=\"og:image:height\" content=\"600\" \/>\n\t<meta property=\"og:image:type\" content=\"image\/jpeg\" \/>\n<meta name=\"twitter:card\" content=\"summary_large_image\" \/>\n<meta name=\"twitter:label1\" content=\"Est. reading time\" \/>\n\t<meta name=\"twitter:data1\" content=\"2 minutt\" \/>\n<script type=\"application\/ld+json\" class=\"yoast-schema-graph\">{\"@context\":\"https:\\\/\\\/schema.org\",\"@graph\":[{\"@type\":\"WebPage\",\"@id\":\"https:\\\/\\\/medicinasinc.com\\\/no\\\/product\\\/kjop-bk-etyl-k-krystaller\\\/\",\"url\":\"https:\\\/\\\/medicinasinc.com\\\/no\\\/product\\\/kjop-bk-etyl-k-krystaller\\\/\",\"name\":\"Kj\u00f8p bk-Ethyl-K Crystals - bk-Ethyl-K Online- Best Global Meds\",\"isPartOf\":{\"@id\":\"https:\\\/\\\/medicinasinc.com\\\/no\\\/#website\"},\"primaryImageOfPage\":{\"@id\":\"https:\\\/\\\/medicinasinc.com\\\/no\\\/product\\\/kjop-bk-etyl-k-krystaller\\\/#primaryimage\"},\"image\":{\"@id\":\"https:\\\/\\\/medicinasinc.com\\\/no\\\/product\\\/kjop-bk-etyl-k-krystaller\\\/#primaryimage\"},\"thumbnailUrl\":\"https:\\\/\\\/medicinasinc.com\\\/no\\\/wp-content\\\/uploads\\\/sites\\\/14\\\/2022\\\/02\\\/Buy-bk-Ethyl-K-Crystals.jpg\",\"datePublished\":\"2022-02-22T02:44:39+00:00\",\"dateModified\":\"2022-03-22T00:48:41+00:00\",\"description\":\"\u00f8nsker \u00e5 kj\u00f8pe billige bk-Ethyl-K-krystaller for salg i Storbritannia, Europa i v\u00e5r Bestglobalmeds-butikk med rask verdensomspennende frakt! De beste bk-Ethyl-K-krystallene for bestilling finner du her!\",\"breadcrumb\":{\"@id\":\"https:\\\/\\\/medicinasinc.com\\\/no\\\/product\\\/kjop-bk-etyl-k-krystaller\\\/#breadcrumb\"},\"inLanguage\":\"nn-NO\",\"potentialAction\":[{\"@type\":\"ReadAction\",\"target\":[\"https:\\\/\\\/medicinasinc.com\\\/no\\\/product\\\/kjop-bk-etyl-k-krystaller\\\/\"]}]},{\"@type\":\"ImageObject\",\"inLanguage\":\"nn-NO\",\"@id\":\"https:\\\/\\\/medicinasinc.com\\\/no\\\/product\\\/kjop-bk-etyl-k-krystaller\\\/#primaryimage\",\"url\":\"https:\\\/\\\/medicinasinc.com\\\/no\\\/wp-content\\\/uploads\\\/sites\\\/14\\\/2022\\\/02\\\/Buy-bk-Ethyl-K-Crystals.jpg\",\"contentUrl\":\"https:\\\/\\\/medicinasinc.com\\\/no\\\/wp-content\\\/uploads\\\/sites\\\/14\\\/2022\\\/02\\\/Buy-bk-Ethyl-K-Crystals.jpg\",\"width\":600,\"height\":600},{\"@type\":\"BreadcrumbList\",\"@id\":\"https:\\\/\\\/medicinasinc.com\\\/no\\\/product\\\/kjop-bk-etyl-k-krystaller\\\/#breadcrumb\",\"itemListElement\":[{\"@type\":\"ListItem\",\"position\":1,\"name\":\"Butikk\",\"item\":\"https:\\\/\\\/medicinasinc.com\\\/no\\\/butikk\\\/\"},{\"@type\":\"ListItem\",\"position\":2,\"name\":\"Kj\u00f8p bk-Ethyl-K-krystaller\"}]},{\"@type\":\"WebSite\",\"@id\":\"https:\\\/\\\/medicinasinc.com\\\/no\\\/#website\",\"url\":\"https:\\\/\\\/medicinasinc.com\\\/no\\\/\",\"name\":\"Medicinas Inc\",\"description\":\"Helsemedisinsk klinikk\",\"potentialAction\":[{\"@type\":\"SearchAction\",\"target\":{\"@type\":\"EntryPoint\",\"urlTemplate\":\"https:\\\/\\\/medicinasinc.com\\\/no\\\/?s={search_term_string}\"},\"query-input\":{\"@type\":\"PropertyValueSpecification\",\"valueRequired\":true,\"valueName\":\"search_term_string\"}}],\"inLanguage\":\"nn-NO\"}]}<\/script>\n<!-- \/ Yoast SEO plugin. -->","yoast_head_json":{"title":"Kj\u00f8p bk-Ethyl-K Crystals - bk-Ethyl-K Online- Best Global Meds","description":"\u00f8nsker \u00e5 kj\u00f8pe billige bk-Ethyl-K-krystaller for salg i Storbritannia, Europa i v\u00e5r Bestglobalmeds-butikk med rask verdensomspennende frakt! De beste bk-Ethyl-K-krystallene for bestilling finner du her!","robots":{"index":"index","follow":"follow","max-snippet":"max-snippet:-1","max-image-preview":"max-image-preview:large","max-video-preview":"max-video-preview:-1"},"canonical":"https:\/\/medicinasinc.com\/no\/product\/kjop-bk-etyl-k-krystaller\/","og_locale":"nn_NO","og_type":"article","og_title":"Kj\u00f8p bk-Ethyl-K Crystals - bk-Ethyl-K Online- Best Global Meds","og_description":"\u00f8nsker \u00e5 kj\u00f8pe billige bk-Ethyl-K-krystaller for salg i Storbritannia, Europa i v\u00e5r Bestglobalmeds-butikk med rask verdensomspennende frakt! De beste bk-Ethyl-K-krystallene for bestilling finner du her!","og_url":"https:\/\/medicinasinc.com\/no\/product\/kjop-bk-etyl-k-krystaller\/","og_site_name":"Medicinas Inc","article_modified_time":"2022-03-22T00:48:41+00:00","og_image":[{"width":600,"height":600,"url":"https:\/\/medicinasinc.com\/no\/wp-content\/uploads\/sites\/14\/2022\/02\/Buy-bk-Ethyl-K-Crystals.jpg","type":"image\/jpeg"}],"twitter_card":"summary_large_image","twitter_misc":{"Est. reading time":"2 minutt"},"schema":{"@context":"https:\/\/schema.org","@graph":[{"@type":"WebPage","@id":"https:\/\/medicinasinc.com\/no\/product\/kjop-bk-etyl-k-krystaller\/","url":"https:\/\/medicinasinc.com\/no\/product\/kjop-bk-etyl-k-krystaller\/","name":"Kj\u00f8p bk-Ethyl-K Crystals - bk-Ethyl-K Online- Best Global Meds","isPartOf":{"@id":"https:\/\/medicinasinc.com\/no\/#website"},"primaryImageOfPage":{"@id":"https:\/\/medicinasinc.com\/no\/product\/kjop-bk-etyl-k-krystaller\/#primaryimage"},"image":{"@id":"https:\/\/medicinasinc.com\/no\/product\/kjop-bk-etyl-k-krystaller\/#primaryimage"},"thumbnailUrl":"https:\/\/medicinasinc.com\/no\/wp-content\/uploads\/sites\/14\/2022\/02\/Buy-bk-Ethyl-K-Crystals.jpg","datePublished":"2022-02-22T02:44:39+00:00","dateModified":"2022-03-22T00:48:41+00:00","description":"\u00f8nsker \u00e5 kj\u00f8pe billige bk-Ethyl-K-krystaller for salg i Storbritannia, Europa i v\u00e5r Bestglobalmeds-butikk med rask verdensomspennende frakt! De beste bk-Ethyl-K-krystallene for bestilling finner du her!","breadcrumb":{"@id":"https:\/\/medicinasinc.com\/no\/product\/kjop-bk-etyl-k-krystaller\/#breadcrumb"},"inLanguage":"nn-NO","potentialAction":[{"@type":"ReadAction","target":["https:\/\/medicinasinc.com\/no\/product\/kjop-bk-etyl-k-krystaller\/"]}]},{"@type":"ImageObject","inLanguage":"nn-NO","@id":"https:\/\/medicinasinc.com\/no\/product\/kjop-bk-etyl-k-krystaller\/#primaryimage","url":"https:\/\/medicinasinc.com\/no\/wp-content\/uploads\/sites\/14\/2022\/02\/Buy-bk-Ethyl-K-Crystals.jpg","contentUrl":"https:\/\/medicinasinc.com\/no\/wp-content\/uploads\/sites\/14\/2022\/02\/Buy-bk-Ethyl-K-Crystals.jpg","width":600,"height":600},{"@type":"BreadcrumbList","@id":"https:\/\/medicinasinc.com\/no\/product\/kjop-bk-etyl-k-krystaller\/#breadcrumb","itemListElement":[{"@type":"ListItem","position":1,"name":"Butikk","item":"https:\/\/medicinasinc.com\/no\/butikk\/"},{"@type":"ListItem","position":2,"name":"Kj\u00f8p bk-Ethyl-K-krystaller"}]},{"@type":"WebSite","@id":"https:\/\/medicinasinc.com\/no\/#website","url":"https:\/\/medicinasinc.com\/no\/","name":"Medicinas Inc","description":"Helsemedisinsk klinikk","potentialAction":[{"@type":"SearchAction","target":{"@type":"EntryPoint","urlTemplate":"https:\/\/medicinasinc.com\/no\/?s={search_term_string}"},"query-input":{"@type":"PropertyValueSpecification","valueRequired":true,"valueName":"search_term_string"}}],"inLanguage":"nn-NO"}]}},"_links":{"self":[{"href":"https:\/\/medicinasinc.com\/no\/wp-json\/wp\/v2\/product\/5614","targetHints":{"allow":["GET"]}}],"collection":[{"href":"https:\/\/medicinasinc.com\/no\/wp-json\/wp\/v2\/product"}],"about":[{"href":"https:\/\/medicinasinc.com\/no\/wp-json\/wp\/v2\/types\/product"}],"replies":[{"embeddable":true,"href":"https:\/\/medicinasinc.com\/no\/wp-json\/wp\/v2\/comments?post=5614"}],"wp:featuredmedia":[{"embeddable":true,"href":"https:\/\/medicinasinc.com\/no\/wp-json\/wp\/v2\/media\/5623"}],"wp:attachment":[{"href":"https:\/\/medicinasinc.com\/no\/wp-json\/wp\/v2\/media?parent=5614"}],"wp:term":[{"taxonomy":"product_brand","embeddable":true,"href":"https:\/\/medicinasinc.com\/no\/wp-json\/wp\/v2\/product_brand?post=5614"},{"taxonomy":"product_cat","embeddable":true,"href":"https:\/\/medicinasinc.com\/no\/wp-json\/wp\/v2\/product_cat?post=5614"},{"taxonomy":"product_tag","embeddable":true,"href":"https:\/\/medicinasinc.com\/no\/wp-json\/wp\/v2\/product_tag?post=5614"}],"curies":[{"name":"wp","href":"https:\/\/api.w.org\/{rel}","templated":true}]}}