{"id":5592,"date":"2022-02-22T02:23:26","date_gmt":"2022-02-22T02:23:26","guid":{"rendered":"https:\/\/medicinasinc.com\/no\/?post_type=product&#038;p=5592"},"modified":"2022-03-22T00:48:50","modified_gmt":"2022-03-22T00:48:50","slug":"kjope-eth-lad-pulver","status":"publish","type":"product","link":"https:\/\/medicinasinc.com\/no\/product\/kjope-eth-lad-pulver\/","title":{"rendered":"Kj\u00f8p ETH-LAD pulver"},"content":{"rendered":"<p>En kilde for \u00e5 f\u00e5 tak i ETH-LAD-pulver, ETH-LAD for salg<\/p>\n<p>ETH-LAD-pulverprodusent i Kina. Leverand\u00f8rer og grossister av ETH-LAD Powder. Kina forskning kjemikalier for salg: ETH-LAD Powder<\/p>\n<p>Ladd, ogs\u00e5 kjent som ETH-LAD, er en syklisk tetrahydroindol (ogs\u00e5 kjent som ETH-LAD eller ETH-LAD).<\/p>\n<p> Lysergamide familiemedlem kinolin-9-karboksamid. ETH-LAD er en LSD-analog som f\u00f8rst i det siste har v\u00e6rt tilgjengelig for forskningsmilj\u00f8et, og \u00e5pner for en mengde muligheter for \u00e5 studere effektene. Som beskrevet i Alexander Shulgins TiHKAL-bok p\u00e5 1970-tallet, ble ETH-LAD syntetisert av en japansk forskningsgruppe p\u00e5 1970-tallet.<\/p>\n<p>Produktbeskrivelse:<\/p>\n<p>Oprinnelsesfylker: Kina; Nederland; Litauen; USA<br \/> ETH-LAD Powder er dets offisielle navn.<br \/> MF: Ingen for \u00f8yeblikket.<br \/> renhet: st\u00f8rre enn eller lik 99,5 prosent<br \/> Blotters i utseende<br \/> Plast- eller aluminiumsfoliepose for pakking<\/p>\n<p>Betalingsvilk\u00e5r:<\/p>\n<p>Minste bestillingsantall er ti enheter. Betal med Bitcoin, Money Gram, Bankoverf\u00f8rsel eller hvilken metode du m\u00e5tte \u00f8nske.<\/p>\n<p>Eksempler er tilgjengelige gratis.<\/p>\n<p>Gratis bonuspr\u00f8ver er alltid inkludert i hver bestilling. Fem forskjellige varer som hver veier to gram.<br \/> Et pr\u00f8vesett med 10 eller flere varer, som veier 5-10 gram hver, koster $400 og inkluderer levering. Vennligst kontakt oss for \u00e5 legge inn en bestilling.<\/p>\n<p>Leverings- og fraktvilk\u00e5r:<\/p>\n<p>Etter \u00e5 ha mottatt betaling vil produktene bli sendt innen \u00e9n virkedag.<br \/> UPS, EMS, DHL, TNT eller FEDEX vil bli brukt til \u00e5 sende varene. For hvert land velger vi den beste kureren og den sikreste fraktmetoden for deg.<br \/> 5,-14 dager for EMS-leveringstid. 4\u20137 dager for DHL, UPS og FedEx.<br \/> Russland, Australia og Canada har alle strenge tollregler som vi kan hjelpe deg med.<br \/> I de fleste tilfeller vil du motta bestillingen innen fire til syv dager. Varene vil bli sendt p\u00e5 nytt hvis de g\u00e5r tapt eller ikke mottas av en eller annen grunn.<\/p>\n<p>Kontakt oss hvis du trenger annen informasjon.<\/p>\n<p>Merk:<\/p>\n<p>Vi har en stor global kundebase og ser frem til \u00e5 samarbeide med deg p\u00e5 lang sikt. For ytterligere informasjon, ikke n\u00f8l med \u00e5 kontakte oss. Vi vil gj\u00f8re alt vi kan for \u00e5 hjelpe deg. Tusen takk!<\/p>\n","protected":false},"excerpt":{"rendered":"<div class=\"g\">\n<div data-hveid=\"CAUQAA\" data-ved=\"2ahUKEwiXmcfFl6nzAhVLQEEAHXkQAPMQFSgAegQIBRAA\">\n<div class=\"tF2Cxc\">\n<div class=\"IsZvec\">\n<div>\n<p>Our BestGlobalMeds online shop tilbyr rask verdensomspennende levering av ETH-LAD pulver, som er produsert i Europa og Storbritannia. Finn det beste ETH-LAD-pulveret p\u00e5 markedet her.<br \/> Distribut\u00f8r av farmas\u00f8ytiske mellomprodukter og forskningskjemikalier fra Kinas ETH-LAD-pulverleverand\u00f8r<br \/> Du kan kj\u00f8pe ETH-LAD-pulver fra denne siden. <br \/> Europeisk leverand\u00f8r av ETH-LAD pulver.<br \/> En analog av LSD kalt ETH-LAD Powder kan kj\u00f8pes p\u00e5 nettet.<br \/> I likhet med LSD er ETH-LAD et hallusinogent stoff.<\/p>\n<p>LSD-analogt ETH-LAD-pulver. Den aktive dosen av ETH-LAD, et psykedelisk medikament med en rekke styrker mellom 20 og 150 mikrogram, er sammenlignbare med LSD.<\/p>\n<p>ETH-LAD-pulver er tilgjengelig for kj\u00f8p.<\/p>\n<p>6-etyl-6-nor-lysergsyredietylamid IUPAC er ETH-LAD-pulver<\/p>\n<p>Bestillinger vil bli sendt fra f\u00f8lgende land: Frankrike, Tyskland, Storbritannia og Sverige.<\/p>\n<\/p><\/div>\n<\/p><\/div>\n<\/p><\/div>\n<\/p><\/div>\n<\/p><\/div>\n","protected":false},"featured_media":5604,"comment_status":"open","ping_status":"closed","template":"","meta":[],"product_brand":[],"product_cat":[2014],"product_tag":[3279,3263,3277,3267,3266,3278,3276,3265,3270,3271,3273,3268,3272,3274,3269,3275,3280,3264],"class_list":{"0":"post-5592","1":"product","2":"type-product","3":"status-publish","4":"has-post-thumbnail","6":"product_cat-kjpe-forskning-kjemikalier","7":"product_tag-bestille-eth-lad-pulver","8":"product_tag-buy-eth-lad-powder","9":"product_tag-eth-lad-anmeldelse","10":"product_tag-eth-lad-orden","11":"product_tag-eth-lad-effect","12":"product_tag-eth-lad-engros","13":"product_tag-eth-lad-forhandlere","14":"product_tag-eth-lad-kjp","15":"product_tag-eth-lad-powder-europe","16":"product_tag-eth-lad-powder-for-sale","17":"product_tag-eth-lad-powder-uk","18":"product_tag-eth-lad-pulver","19":"product_tag-eth-lad-pulver-detaljhandel","20":"product_tag-eth-lad-pulver-engros","21":"product_tag-eth-lad-puddereffekt","22":"product_tag-eth-lad-reddit","23":"product_tag-hvor-kan-kjpe-eth-lad-pulver","24":"product_tag-buy-eth-lad-powder-uk","26":"first","27":"instock","28":"shipping-taxable","29":"purchasable","30":"product-type-variable","31":"has-default-attributes"},"yoast_head":"<!-- This site is optimized with the Yoast SEO plugin v27.3 - https:\/\/yoast.com\/product\/yoast-seo-wordpress\/ -->\n<title>Kj\u00f8p ETH-LAD-pulver - ETH-LAD-pulver p\u00e5 nett - Beste globale medisiner<\/title>\n<meta name=\"description\" content=\"Kj\u00f8p ETH-LAD pulver Europa, Storbritannia Online i v\u00e5r Bestglobalmeds nettbutikk med rask levering over hele verden! Det beste ETH-LAD pulveret for bestilling finner du her!\" \/>\n<meta name=\"robots\" content=\"index, follow, max-snippet:-1, max-image-preview:large, max-video-preview:-1\" \/>\n<link rel=\"canonical\" href=\"https:\/\/medicinasinc.com\/no\/product\/kjope-eth-lad-pulver\/\" \/>\n<meta property=\"og:locale\" content=\"nn_NO\" \/>\n<meta property=\"og:type\" content=\"article\" \/>\n<meta property=\"og:title\" content=\"Kj\u00f8p ETH-LAD-pulver - ETH-LAD-pulver p\u00e5 nett - Beste globale medisiner\" \/>\n<meta property=\"og:description\" content=\"Kj\u00f8p ETH-LAD pulver Europa, Storbritannia Online i v\u00e5r Bestglobalmeds nettbutikk med rask levering over hele verden! Det beste ETH-LAD pulveret for bestilling finner du her!\" \/>\n<meta property=\"og:url\" content=\"https:\/\/medicinasinc.com\/no\/product\/kjope-eth-lad-pulver\/\" \/>\n<meta property=\"og:site_name\" content=\"Medicinas Inc\" \/>\n<meta property=\"article:modified_time\" content=\"2022-03-22T00:48:50+00:00\" \/>\n<meta property=\"og:image\" content=\"https:\/\/medicinasinc.com\/no\/wp-content\/uploads\/sites\/14\/2022\/02\/Buy-ETH-LAD-Powder.jpg\" \/>\n\t<meta property=\"og:image:width\" content=\"600\" \/>\n\t<meta property=\"og:image:height\" content=\"600\" \/>\n\t<meta property=\"og:image:type\" content=\"image\/jpeg\" \/>\n<meta name=\"twitter:card\" content=\"summary_large_image\" \/>\n<meta name=\"twitter:label1\" content=\"Est. reading time\" \/>\n\t<meta name=\"twitter:data1\" content=\"2 minutt\" \/>\n<script type=\"application\/ld+json\" class=\"yoast-schema-graph\">{\"@context\":\"https:\\\/\\\/schema.org\",\"@graph\":[{\"@type\":\"WebPage\",\"@id\":\"https:\\\/\\\/medicinasinc.com\\\/no\\\/product\\\/kjope-eth-lad-pulver\\\/\",\"url\":\"https:\\\/\\\/medicinasinc.com\\\/no\\\/product\\\/kjope-eth-lad-pulver\\\/\",\"name\":\"Kj\u00f8p ETH-LAD-pulver - ETH-LAD-pulver p\u00e5 nett - Beste globale medisiner\",\"isPartOf\":{\"@id\":\"https:\\\/\\\/medicinasinc.com\\\/no\\\/#website\"},\"primaryImageOfPage\":{\"@id\":\"https:\\\/\\\/medicinasinc.com\\\/no\\\/product\\\/kjope-eth-lad-pulver\\\/#primaryimage\"},\"image\":{\"@id\":\"https:\\\/\\\/medicinasinc.com\\\/no\\\/product\\\/kjope-eth-lad-pulver\\\/#primaryimage\"},\"thumbnailUrl\":\"https:\\\/\\\/medicinasinc.com\\\/no\\\/wp-content\\\/uploads\\\/sites\\\/14\\\/2022\\\/02\\\/Buy-ETH-LAD-Powder.jpg\",\"datePublished\":\"2022-02-22T02:23:26+00:00\",\"dateModified\":\"2022-03-22T00:48:50+00:00\",\"description\":\"Kj\u00f8p ETH-LAD pulver Europa, Storbritannia Online i v\u00e5r Bestglobalmeds nettbutikk med rask levering over hele verden! Det beste ETH-LAD pulveret for bestilling finner du her!\",\"breadcrumb\":{\"@id\":\"https:\\\/\\\/medicinasinc.com\\\/no\\\/product\\\/kjope-eth-lad-pulver\\\/#breadcrumb\"},\"inLanguage\":\"nn-NO\",\"potentialAction\":[{\"@type\":\"ReadAction\",\"target\":[\"https:\\\/\\\/medicinasinc.com\\\/no\\\/product\\\/kjope-eth-lad-pulver\\\/\"]}]},{\"@type\":\"ImageObject\",\"inLanguage\":\"nn-NO\",\"@id\":\"https:\\\/\\\/medicinasinc.com\\\/no\\\/product\\\/kjope-eth-lad-pulver\\\/#primaryimage\",\"url\":\"https:\\\/\\\/medicinasinc.com\\\/no\\\/wp-content\\\/uploads\\\/sites\\\/14\\\/2022\\\/02\\\/Buy-ETH-LAD-Powder.jpg\",\"contentUrl\":\"https:\\\/\\\/medicinasinc.com\\\/no\\\/wp-content\\\/uploads\\\/sites\\\/14\\\/2022\\\/02\\\/Buy-ETH-LAD-Powder.jpg\",\"width\":600,\"height\":600},{\"@type\":\"BreadcrumbList\",\"@id\":\"https:\\\/\\\/medicinasinc.com\\\/no\\\/product\\\/kjope-eth-lad-pulver\\\/#breadcrumb\",\"itemListElement\":[{\"@type\":\"ListItem\",\"position\":1,\"name\":\"Butikk\",\"item\":\"https:\\\/\\\/medicinasinc.com\\\/no\\\/butikk\\\/\"},{\"@type\":\"ListItem\",\"position\":2,\"name\":\"Kj\u00f8p ETH-LAD pulver\"}]},{\"@type\":\"WebSite\",\"@id\":\"https:\\\/\\\/medicinasinc.com\\\/no\\\/#website\",\"url\":\"https:\\\/\\\/medicinasinc.com\\\/no\\\/\",\"name\":\"Medicinas Inc\",\"description\":\"Helsemedisinsk klinikk\",\"potentialAction\":[{\"@type\":\"SearchAction\",\"target\":{\"@type\":\"EntryPoint\",\"urlTemplate\":\"https:\\\/\\\/medicinasinc.com\\\/no\\\/?s={search_term_string}\"},\"query-input\":{\"@type\":\"PropertyValueSpecification\",\"valueRequired\":true,\"valueName\":\"search_term_string\"}}],\"inLanguage\":\"nn-NO\"}]}<\/script>\n<!-- \/ Yoast SEO plugin. -->","yoast_head_json":{"title":"Kj\u00f8p ETH-LAD-pulver - ETH-LAD-pulver p\u00e5 nett - Beste globale medisiner","description":"Kj\u00f8p ETH-LAD pulver Europa, Storbritannia Online i v\u00e5r Bestglobalmeds nettbutikk med rask levering over hele verden! Det beste ETH-LAD pulveret for bestilling finner du her!","robots":{"index":"index","follow":"follow","max-snippet":"max-snippet:-1","max-image-preview":"max-image-preview:large","max-video-preview":"max-video-preview:-1"},"canonical":"https:\/\/medicinasinc.com\/no\/product\/kjope-eth-lad-pulver\/","og_locale":"nn_NO","og_type":"article","og_title":"Kj\u00f8p ETH-LAD-pulver - ETH-LAD-pulver p\u00e5 nett - Beste globale medisiner","og_description":"Kj\u00f8p ETH-LAD pulver Europa, Storbritannia Online i v\u00e5r Bestglobalmeds nettbutikk med rask levering over hele verden! Det beste ETH-LAD pulveret for bestilling finner du her!","og_url":"https:\/\/medicinasinc.com\/no\/product\/kjope-eth-lad-pulver\/","og_site_name":"Medicinas Inc","article_modified_time":"2022-03-22T00:48:50+00:00","og_image":[{"width":600,"height":600,"url":"https:\/\/medicinasinc.com\/no\/wp-content\/uploads\/sites\/14\/2022\/02\/Buy-ETH-LAD-Powder.jpg","type":"image\/jpeg"}],"twitter_card":"summary_large_image","twitter_misc":{"Est. reading time":"2 minutt"},"schema":{"@context":"https:\/\/schema.org","@graph":[{"@type":"WebPage","@id":"https:\/\/medicinasinc.com\/no\/product\/kjope-eth-lad-pulver\/","url":"https:\/\/medicinasinc.com\/no\/product\/kjope-eth-lad-pulver\/","name":"Kj\u00f8p ETH-LAD-pulver - ETH-LAD-pulver p\u00e5 nett - Beste globale medisiner","isPartOf":{"@id":"https:\/\/medicinasinc.com\/no\/#website"},"primaryImageOfPage":{"@id":"https:\/\/medicinasinc.com\/no\/product\/kjope-eth-lad-pulver\/#primaryimage"},"image":{"@id":"https:\/\/medicinasinc.com\/no\/product\/kjope-eth-lad-pulver\/#primaryimage"},"thumbnailUrl":"https:\/\/medicinasinc.com\/no\/wp-content\/uploads\/sites\/14\/2022\/02\/Buy-ETH-LAD-Powder.jpg","datePublished":"2022-02-22T02:23:26+00:00","dateModified":"2022-03-22T00:48:50+00:00","description":"Kj\u00f8p ETH-LAD pulver Europa, Storbritannia Online i v\u00e5r Bestglobalmeds nettbutikk med rask levering over hele verden! Det beste ETH-LAD pulveret for bestilling finner du her!","breadcrumb":{"@id":"https:\/\/medicinasinc.com\/no\/product\/kjope-eth-lad-pulver\/#breadcrumb"},"inLanguage":"nn-NO","potentialAction":[{"@type":"ReadAction","target":["https:\/\/medicinasinc.com\/no\/product\/kjope-eth-lad-pulver\/"]}]},{"@type":"ImageObject","inLanguage":"nn-NO","@id":"https:\/\/medicinasinc.com\/no\/product\/kjope-eth-lad-pulver\/#primaryimage","url":"https:\/\/medicinasinc.com\/no\/wp-content\/uploads\/sites\/14\/2022\/02\/Buy-ETH-LAD-Powder.jpg","contentUrl":"https:\/\/medicinasinc.com\/no\/wp-content\/uploads\/sites\/14\/2022\/02\/Buy-ETH-LAD-Powder.jpg","width":600,"height":600},{"@type":"BreadcrumbList","@id":"https:\/\/medicinasinc.com\/no\/product\/kjope-eth-lad-pulver\/#breadcrumb","itemListElement":[{"@type":"ListItem","position":1,"name":"Butikk","item":"https:\/\/medicinasinc.com\/no\/butikk\/"},{"@type":"ListItem","position":2,"name":"Kj\u00f8p ETH-LAD pulver"}]},{"@type":"WebSite","@id":"https:\/\/medicinasinc.com\/no\/#website","url":"https:\/\/medicinasinc.com\/no\/","name":"Medicinas Inc","description":"Helsemedisinsk klinikk","potentialAction":[{"@type":"SearchAction","target":{"@type":"EntryPoint","urlTemplate":"https:\/\/medicinasinc.com\/no\/?s={search_term_string}"},"query-input":{"@type":"PropertyValueSpecification","valueRequired":true,"valueName":"search_term_string"}}],"inLanguage":"nn-NO"}]}},"_links":{"self":[{"href":"https:\/\/medicinasinc.com\/no\/wp-json\/wp\/v2\/product\/5592","targetHints":{"allow":["GET"]}}],"collection":[{"href":"https:\/\/medicinasinc.com\/no\/wp-json\/wp\/v2\/product"}],"about":[{"href":"https:\/\/medicinasinc.com\/no\/wp-json\/wp\/v2\/types\/product"}],"replies":[{"embeddable":true,"href":"https:\/\/medicinasinc.com\/no\/wp-json\/wp\/v2\/comments?post=5592"}],"wp:featuredmedia":[{"embeddable":true,"href":"https:\/\/medicinasinc.com\/no\/wp-json\/wp\/v2\/media\/5604"}],"wp:attachment":[{"href":"https:\/\/medicinasinc.com\/no\/wp-json\/wp\/v2\/media?parent=5592"}],"wp:term":[{"taxonomy":"product_brand","embeddable":true,"href":"https:\/\/medicinasinc.com\/no\/wp-json\/wp\/v2\/product_brand?post=5592"},{"taxonomy":"product_cat","embeddable":true,"href":"https:\/\/medicinasinc.com\/no\/wp-json\/wp\/v2\/product_cat?post=5592"},{"taxonomy":"product_tag","embeddable":true,"href":"https:\/\/medicinasinc.com\/no\/wp-json\/wp\/v2\/product_tag?post=5592"}],"curies":[{"name":"wp","href":"https:\/\/api.w.org\/{rel}","templated":true}]}}