{"id":5590,"date":"2022-02-22T02:20:06","date_gmt":"2022-02-22T02:20:06","guid":{"rendered":"https:\/\/medicinasinc.com\/no\/?post_type=product&#038;p=5590"},"modified":"2022-03-22T00:49:10","modified_gmt":"2022-03-22T00:49:10","slug":"kjope-metiopropamin-pulver","status":"publish","type":"product","link":"https:\/\/medicinasinc.com\/no\/product\/kjope-metiopropamin-pulver\/","title":{"rendered":"Kj\u00f8p metiopropaminpulver"},"content":{"rendered":"<p><strong>Kj\u00f8p MPA Methiopropamin Powder p\u00e5 Internett.<\/strong><\/p>\n<p>Methiopropamine, ogs\u00e5 kjent som MPA, Methedrene og Syndrax, er en strukturell analog av metamfetamin. Den har en tiofenring som metamfetamin. Metiopropamin sies \u00e5 for\u00e5rsake mild eufori og \u00f8kt bevissthet, blant annet. Den er omtrent en tredjedel s\u00e5 sterk som dekstroamfetamin.<\/p>\n<p>Cas-nummer: 801156-47-8<br \/> Slik fungerer formelen: C8H13NS<br \/> IUPAC: 1-(Thiophen-2- yl) 2-metylaminopropan er navnet.<br \/> Utseende:<br \/> Renhet:<\/p>\n<div class=\"product-next-previous\">\n<div class=\"product-prev\"><\/div><\/div>\n","protected":false},"excerpt":{"rendered":"<p>I v\u00e5r Bestglobalmeds.com nettbutikk kan du kj\u00f8pe MPA Methiopropamin pulver for salg i Storbritannia, Europa og over hele verden! Vi har det beste MPA Methiopropamine til salgs, og du kan kj\u00f8pe det hos oss!<\/p>\n<p>Kj\u00f8p MPA Methiopropamine Powder p\u00e5 nettet. Metiopropamin er navnet p\u00e5 stoffet. Det samme som Metamfetamin<br \/> 100 til 200 mg er den anbefalte dosen.<\/p>\n<p>Kj\u00f8p rent, h\u00f8ykvalitets Methiopropamin Powder online med Bitcoin \u2013 Du kan gj\u00f8re dette.<\/p>\n<p>Shopping for lovlig medikamenter p\u00e5 nettet, kj\u00f8p forskningskjemikalier, r\u00e5 farmas\u00f8ytiske pulver og mer i en butikk.<\/p>\n<p>Metiopropamin (MPA) er et syntetisk stoff som ligner mye p\u00e5 amfetamin og pleide \u00e5 bli solgt som et &#8220;lovlig stoff. alternativ&#8221; til kokain. Advisory Council on the Misuse of Drugs har anbefalt at MPA klassifiseres som et klasse B-legemiddel (ACMD).<\/p>\n","protected":false},"featured_media":5600,"comment_status":"open","ping_status":"closed","template":"","meta":[],"product_brand":[],"product_cat":[2014],"product_tag":[3244,3247,3248,3233,3234,3232,3246,3236,3238,3239,3240,3241,3235,3243,3242,3237,3245],"class_list":{"0":"post-5590","1":"product","2":"type-product","3":"status-publish","4":"has-post-thumbnail","6":"product_cat-kjpe-forskning-kjemikalier","7":"product_tag-bestille-metiopropamin-online","8":"product_tag-det-beste-stedet--kjpe-metiopropamin-online","9":"product_tag-hvor-kan-kjpe-metiopropamin-online","10":"product_tag-hvordan-kj-c3-b8pe-metiopropamin-online","11":"product_tag-metiopropamin-kjp","12":"product_tag-kjp-metiopropamin-online","13":"product_tag-leverandr-av-metiopropamin","14":"product_tag-metiopropamin-europe-engros","15":"product_tag-methiopropamine-order","16":"product_tag-methiopropamine-reddit","17":"product_tag-methiopropamine-retail","18":"product_tag-metiopropamin-anmeldelser","19":"product_tag-metiopropamin-effekt","20":"product_tag-metiopropamin-engros","21":"product_tag-metiopropamin-levering-c3-b8r","22":"product_tag-metiopropamin-til-salg","23":"product_tag-purchase-methiopropamine-online","25":"first","26":"instock","27":"shipping-taxable","28":"purchasable","29":"product-type-variable","30":"has-default-attributes"},"yoast_head":"<!-- This site is optimized with the Yoast SEO plugin v27.3 - https:\/\/yoast.com\/product\/yoast-seo-wordpress\/ -->\n<title>Kj\u00f8p Methiopropamine Powder - Kj\u00f8p MPA - Best Global Meds<\/title>\n<meta name=\"description\" content=\"Kj\u00f8p MPA Methiopropamine powder UK, Europe i v\u00e5r Bestglobalmeds.com nettbutikk med rask levering over hele verden! Det beste MPA Methiopropamine til salgs finner du her!\" \/>\n<meta name=\"robots\" content=\"index, follow, max-snippet:-1, max-image-preview:large, max-video-preview:-1\" \/>\n<link rel=\"canonical\" href=\"https:\/\/medicinasinc.com\/no\/product\/kjope-metiopropamin-pulver\/\" \/>\n<meta property=\"og:locale\" content=\"nn_NO\" \/>\n<meta property=\"og:type\" content=\"article\" \/>\n<meta property=\"og:title\" content=\"Kj\u00f8p Methiopropamine Powder - Kj\u00f8p MPA - Best Global Meds\" \/>\n<meta property=\"og:description\" content=\"Kj\u00f8p MPA Methiopropamine powder UK, Europe i v\u00e5r Bestglobalmeds.com nettbutikk med rask levering over hele verden! Det beste MPA Methiopropamine til salgs finner du her!\" \/>\n<meta property=\"og:url\" content=\"https:\/\/medicinasinc.com\/no\/product\/kjope-metiopropamin-pulver\/\" \/>\n<meta property=\"og:site_name\" content=\"Medicinas Inc\" \/>\n<meta property=\"article:modified_time\" content=\"2022-03-22T00:49:10+00:00\" \/>\n<meta property=\"og:image\" content=\"https:\/\/medicinasinc.com\/no\/wp-content\/uploads\/sites\/14\/2022\/02\/Buy-Methiopropamine-powder.png\" \/>\n\t<meta property=\"og:image:width\" content=\"457\" \/>\n\t<meta property=\"og:image:height\" content=\"323\" \/>\n\t<meta property=\"og:image:type\" content=\"image\/png\" \/>\n<meta name=\"twitter:card\" content=\"summary_large_image\" \/>\n<meta name=\"twitter:label1\" content=\"Est. reading time\" \/>\n\t<meta name=\"twitter:data1\" content=\"1 minutt\" \/>\n<script type=\"application\/ld+json\" class=\"yoast-schema-graph\">{\"@context\":\"https:\\\/\\\/schema.org\",\"@graph\":[{\"@type\":\"WebPage\",\"@id\":\"https:\\\/\\\/medicinasinc.com\\\/no\\\/product\\\/kjope-metiopropamin-pulver\\\/\",\"url\":\"https:\\\/\\\/medicinasinc.com\\\/no\\\/product\\\/kjope-metiopropamin-pulver\\\/\",\"name\":\"Kj\u00f8p Methiopropamine Powder - Kj\u00f8p MPA - Best Global Meds\",\"isPartOf\":{\"@id\":\"https:\\\/\\\/medicinasinc.com\\\/no\\\/#website\"},\"primaryImageOfPage\":{\"@id\":\"https:\\\/\\\/medicinasinc.com\\\/no\\\/product\\\/kjope-metiopropamin-pulver\\\/#primaryimage\"},\"image\":{\"@id\":\"https:\\\/\\\/medicinasinc.com\\\/no\\\/product\\\/kjope-metiopropamin-pulver\\\/#primaryimage\"},\"thumbnailUrl\":\"https:\\\/\\\/medicinasinc.com\\\/no\\\/wp-content\\\/uploads\\\/sites\\\/14\\\/2022\\\/02\\\/Buy-Methiopropamine-powder.png\",\"datePublished\":\"2022-02-22T02:20:06+00:00\",\"dateModified\":\"2022-03-22T00:49:10+00:00\",\"description\":\"Kj\u00f8p MPA Methiopropamine powder UK, Europe i v\u00e5r Bestglobalmeds.com nettbutikk med rask levering over hele verden! Det beste MPA Methiopropamine til salgs finner du her!\",\"breadcrumb\":{\"@id\":\"https:\\\/\\\/medicinasinc.com\\\/no\\\/product\\\/kjope-metiopropamin-pulver\\\/#breadcrumb\"},\"inLanguage\":\"nn-NO\",\"potentialAction\":[{\"@type\":\"ReadAction\",\"target\":[\"https:\\\/\\\/medicinasinc.com\\\/no\\\/product\\\/kjope-metiopropamin-pulver\\\/\"]}]},{\"@type\":\"ImageObject\",\"inLanguage\":\"nn-NO\",\"@id\":\"https:\\\/\\\/medicinasinc.com\\\/no\\\/product\\\/kjope-metiopropamin-pulver\\\/#primaryimage\",\"url\":\"https:\\\/\\\/medicinasinc.com\\\/no\\\/wp-content\\\/uploads\\\/sites\\\/14\\\/2022\\\/02\\\/Buy-Methiopropamine-powder.png\",\"contentUrl\":\"https:\\\/\\\/medicinasinc.com\\\/no\\\/wp-content\\\/uploads\\\/sites\\\/14\\\/2022\\\/02\\\/Buy-Methiopropamine-powder.png\",\"width\":457,\"height\":323},{\"@type\":\"BreadcrumbList\",\"@id\":\"https:\\\/\\\/medicinasinc.com\\\/no\\\/product\\\/kjope-metiopropamin-pulver\\\/#breadcrumb\",\"itemListElement\":[{\"@type\":\"ListItem\",\"position\":1,\"name\":\"Butikk\",\"item\":\"https:\\\/\\\/medicinasinc.com\\\/no\\\/butikk\\\/\"},{\"@type\":\"ListItem\",\"position\":2,\"name\":\"Kj\u00f8p metiopropaminpulver\"}]},{\"@type\":\"WebSite\",\"@id\":\"https:\\\/\\\/medicinasinc.com\\\/no\\\/#website\",\"url\":\"https:\\\/\\\/medicinasinc.com\\\/no\\\/\",\"name\":\"Medicinas Inc\",\"description\":\"Helsemedisinsk klinikk\",\"potentialAction\":[{\"@type\":\"SearchAction\",\"target\":{\"@type\":\"EntryPoint\",\"urlTemplate\":\"https:\\\/\\\/medicinasinc.com\\\/no\\\/?s={search_term_string}\"},\"query-input\":{\"@type\":\"PropertyValueSpecification\",\"valueRequired\":true,\"valueName\":\"search_term_string\"}}],\"inLanguage\":\"nn-NO\"}]}<\/script>\n<!-- \/ Yoast SEO plugin. -->","yoast_head_json":{"title":"Kj\u00f8p Methiopropamine Powder - Kj\u00f8p MPA - Best Global Meds","description":"Kj\u00f8p MPA Methiopropamine powder UK, Europe i v\u00e5r Bestglobalmeds.com nettbutikk med rask levering over hele verden! Det beste MPA Methiopropamine til salgs finner du her!","robots":{"index":"index","follow":"follow","max-snippet":"max-snippet:-1","max-image-preview":"max-image-preview:large","max-video-preview":"max-video-preview:-1"},"canonical":"https:\/\/medicinasinc.com\/no\/product\/kjope-metiopropamin-pulver\/","og_locale":"nn_NO","og_type":"article","og_title":"Kj\u00f8p Methiopropamine Powder - Kj\u00f8p MPA - Best Global Meds","og_description":"Kj\u00f8p MPA Methiopropamine powder UK, Europe i v\u00e5r Bestglobalmeds.com nettbutikk med rask levering over hele verden! Det beste MPA Methiopropamine til salgs finner du her!","og_url":"https:\/\/medicinasinc.com\/no\/product\/kjope-metiopropamin-pulver\/","og_site_name":"Medicinas Inc","article_modified_time":"2022-03-22T00:49:10+00:00","og_image":[{"width":457,"height":323,"url":"https:\/\/medicinasinc.com\/no\/wp-content\/uploads\/sites\/14\/2022\/02\/Buy-Methiopropamine-powder.png","type":"image\/png"}],"twitter_card":"summary_large_image","twitter_misc":{"Est. reading time":"1 minutt"},"schema":{"@context":"https:\/\/schema.org","@graph":[{"@type":"WebPage","@id":"https:\/\/medicinasinc.com\/no\/product\/kjope-metiopropamin-pulver\/","url":"https:\/\/medicinasinc.com\/no\/product\/kjope-metiopropamin-pulver\/","name":"Kj\u00f8p Methiopropamine Powder - Kj\u00f8p MPA - Best Global Meds","isPartOf":{"@id":"https:\/\/medicinasinc.com\/no\/#website"},"primaryImageOfPage":{"@id":"https:\/\/medicinasinc.com\/no\/product\/kjope-metiopropamin-pulver\/#primaryimage"},"image":{"@id":"https:\/\/medicinasinc.com\/no\/product\/kjope-metiopropamin-pulver\/#primaryimage"},"thumbnailUrl":"https:\/\/medicinasinc.com\/no\/wp-content\/uploads\/sites\/14\/2022\/02\/Buy-Methiopropamine-powder.png","datePublished":"2022-02-22T02:20:06+00:00","dateModified":"2022-03-22T00:49:10+00:00","description":"Kj\u00f8p MPA Methiopropamine powder UK, Europe i v\u00e5r Bestglobalmeds.com nettbutikk med rask levering over hele verden! Det beste MPA Methiopropamine til salgs finner du her!","breadcrumb":{"@id":"https:\/\/medicinasinc.com\/no\/product\/kjope-metiopropamin-pulver\/#breadcrumb"},"inLanguage":"nn-NO","potentialAction":[{"@type":"ReadAction","target":["https:\/\/medicinasinc.com\/no\/product\/kjope-metiopropamin-pulver\/"]}]},{"@type":"ImageObject","inLanguage":"nn-NO","@id":"https:\/\/medicinasinc.com\/no\/product\/kjope-metiopropamin-pulver\/#primaryimage","url":"https:\/\/medicinasinc.com\/no\/wp-content\/uploads\/sites\/14\/2022\/02\/Buy-Methiopropamine-powder.png","contentUrl":"https:\/\/medicinasinc.com\/no\/wp-content\/uploads\/sites\/14\/2022\/02\/Buy-Methiopropamine-powder.png","width":457,"height":323},{"@type":"BreadcrumbList","@id":"https:\/\/medicinasinc.com\/no\/product\/kjope-metiopropamin-pulver\/#breadcrumb","itemListElement":[{"@type":"ListItem","position":1,"name":"Butikk","item":"https:\/\/medicinasinc.com\/no\/butikk\/"},{"@type":"ListItem","position":2,"name":"Kj\u00f8p metiopropaminpulver"}]},{"@type":"WebSite","@id":"https:\/\/medicinasinc.com\/no\/#website","url":"https:\/\/medicinasinc.com\/no\/","name":"Medicinas Inc","description":"Helsemedisinsk klinikk","potentialAction":[{"@type":"SearchAction","target":{"@type":"EntryPoint","urlTemplate":"https:\/\/medicinasinc.com\/no\/?s={search_term_string}"},"query-input":{"@type":"PropertyValueSpecification","valueRequired":true,"valueName":"search_term_string"}}],"inLanguage":"nn-NO"}]}},"_links":{"self":[{"href":"https:\/\/medicinasinc.com\/no\/wp-json\/wp\/v2\/product\/5590","targetHints":{"allow":["GET"]}}],"collection":[{"href":"https:\/\/medicinasinc.com\/no\/wp-json\/wp\/v2\/product"}],"about":[{"href":"https:\/\/medicinasinc.com\/no\/wp-json\/wp\/v2\/types\/product"}],"replies":[{"embeddable":true,"href":"https:\/\/medicinasinc.com\/no\/wp-json\/wp\/v2\/comments?post=5590"}],"wp:featuredmedia":[{"embeddable":true,"href":"https:\/\/medicinasinc.com\/no\/wp-json\/wp\/v2\/media\/5600"}],"wp:attachment":[{"href":"https:\/\/medicinasinc.com\/no\/wp-json\/wp\/v2\/media?parent=5590"}],"wp:term":[{"taxonomy":"product_brand","embeddable":true,"href":"https:\/\/medicinasinc.com\/no\/wp-json\/wp\/v2\/product_brand?post=5590"},{"taxonomy":"product_cat","embeddable":true,"href":"https:\/\/medicinasinc.com\/no\/wp-json\/wp\/v2\/product_cat?post=5590"},{"taxonomy":"product_tag","embeddable":true,"href":"https:\/\/medicinasinc.com\/no\/wp-json\/wp\/v2\/product_tag?post=5590"}],"curies":[{"name":"wp","href":"https:\/\/api.w.org\/{rel}","templated":true}]}}