{"id":5589,"date":"2022-02-22T02:18:17","date_gmt":"2022-02-22T02:18:17","guid":{"rendered":"https:\/\/medicinasinc.com\/no\/?post_type=product&#038;p=5589"},"modified":"2022-03-22T00:49:19","modified_gmt":"2022-03-22T00:49:19","slug":"kjop-metizolam-2mg-pellets-online","status":"publish","type":"product","link":"https:\/\/medicinasinc.com\/no\/product\/kjop-metizolam-2mg-pellets-online\/","title":{"rendered":"Kj\u00f8p Metizolam 2mg Pellets p\u00e5 nett"},"content":{"rendered":"<p>Det beste stedet \u00e5 kj\u00f8pe Metizolam 2 mg pellets er online.<\/p>\n<p>Kj\u00f8p 2 mg pellets av Metizolam. Forkortelse for 4-(2-klorfenyl)-2-etyl-6H-tieno. [3,2-f] [1,2,4] triazolo[4,3-a][1,4] Et diazepin, som ogs\u00e5 kalles etizolam, er N-desmetyl-versjonen av det. Kj\u00f8p derfor 2 mg pellets av Metizolam. Metizolam er en allosterisk modulator for Gaba-reseptorer i laboratoriet. metizolam pulver er til salgs p\u00e5 nettet.<\/p>\n<p>Vi har ogs\u00e5 kjemikalier som ikke er godkjent for in-vivo forskning Kj\u00f8p Metizolam 2mg Pellets, s\u00e5 hvis noen ved et uhell f\u00e5r i seg dem, b\u00f8r de g\u00e5 til legen med en gang og f\u00e5 hjelp. Vennligst f\u00f8lg standard laboratoriesikkerhetsregler, for eksempel bruk av riktig hud-, \u00f8ye- og kl\u00e6rbeskyttelse.<\/p>\n<p>Kj\u00f8p 2 mg Metizolam. Pellets av metizolam kan kj\u00f8pes i en butikk.<br \/> Kj\u00f8p\u00a0Metizolam\u00a02mg Pellets av klonazolam er til salgs p\u00e5 nettet.<br \/> pulver av pyrazolam kan kj\u00f8pes p\u00e5 nettet.<br \/> p\u00e5 nett kan du kj\u00f8pe diclazepam for forskning. <br \/> handle etizolam p\u00e5 nett<br \/> Fluclotizolam kan kj\u00f8pes.<br \/> metizolampulver er til salgs p\u00e5 nettet.<br \/> Pulveret av metizolam er til salgs p\u00e5 nettet. Metizolam, som ogs\u00e5 kalles Desmethyletizolam, er et tienodiazepin som ligner veldig p\u00e5 Etizolam. Kun 2 mg pellets av Metizolam er tilgjengelig. For mer avanserte forskere som \u00f8nsker \u00e5 lage sitt eget pulver, har vi det ogs\u00e5 i ren pulverform. Metizolam b\u00f8r, som alle v\u00e5re andre produkter, brukes p\u00e5 en sikker m\u00e5te av forskere. Dette produktet selges kun til forskningssentre som allerede er satt opp. metizolam-pulver er til salgs p\u00e5 nettet.<\/p>\n<p>Etizolam er forelderen til Metizolam, som ogs\u00e5 kalles Desmethyletizolam.<\/p>\n<p>De selges i form av pellets. Kun for forskning! Bestglobalmeds vil ikke at folk skal bruke forskningskjemikalier til noe annet enn forskning. De selger kun Metizolam til forskningsbruk.<\/p>\n","protected":false},"excerpt":{"rendered":"<p>Det beste stedet \u00e5 kj\u00f8pe Metizolam 2mg Pellets for salg i Storbritannia og Europa er Bestglobalmeds.com. Vi har rask levering over hele verden. Her kan du kj\u00f8pe de beste Metizolam 2mg pellets til salgs.<\/p>\n<p>2mg pellets av metizolam pulver til salgs online. Clonazolam pellets er p\u00e5 lager og kan sendes hvor som helst i verden. I dag kan du kj\u00f8pe Clonazolam 0,5 mg pellets fra butikken.<\/p>\n<p>Kj\u00f8p 2 mg pellets av Metizolam online n\u00e5. Det er veldig billig med gratis frakt p\u00e5 massebestillinger. F\u00f8rsteklasses kvalitet er gitt.<\/p>\n<p>Metizolam, ogs\u00e5 kjent som Desmethyletizolam, er et syntetisk dempende middel i kjemisk klasse tienodiazepiner. N\u00e5r det tas, sies det \u00e5 ha etizolam-lignende effekter som angstundertrykkelse, desinhibering, sedasjon, muskelavslapping og hukommelsesundertrykkelse.<\/p>\n","protected":false},"featured_media":5598,"comment_status":"open","ping_status":"closed","template":"","meta":[],"product_brand":[],"product_cat":[2014],"product_tag":[3210,3211,3215,3216,3217,3219,3220,3231,3212,3214,3213,3218,3225,3227,3222,3228,3223,3224,3221,3226,3229,3230],"class_list":{"0":"post-5589","1":"product","2":"type-product","3":"status-publish","4":"has-post-thumbnail","6":"product_cat-kjpe-forskning-kjemikalier","7":"product_tag-buy-diclazepam-online","8":"product_tag-buy-fluclotizolam","9":"product_tag-buy-metizolam-powder-online-canada","10":"product_tag-buy-metizolam-powder-online-uk","11":"product_tag-buy-metizolam-powder-online-usa","12":"product_tag-klonazolam-til-salg-online","13":"product_tag-etizolam-shop-online","14":"product_tag-forskning-kjemikalier-til-salg","15":"product_tag-kjp-metizolam-2mg-pellets","16":"product_tag-kjp-metizolam-pulver-online-australia","17":"product_tag-kjp-metizolam-pulver-p-nettet","18":"product_tag-kjp-pyrazolam-pulver-p-nettet","19":"product_tag-metizolam-2mg-pellets-bestilling","20":"product_tag-metizolam-2mg-pellets-detaljhandel","21":"product_tag-metizolam-2mg-pellets-effekt","22":"product_tag-metizolam-2mg-pellets-engros","23":"product_tag-metizolam-2mg-pellets-europe","24":"product_tag-metizolam-2mg-pellets-for-sale","25":"product_tag-metizolam-2mg-pellets-kjp","26":"product_tag-metizolam-2mg-pellets-reddit","27":"product_tag-metizolam-kjp","28":"product_tag-metizolam-pulver-til-salg-online","30":"first","31":"instock","32":"shipping-taxable","33":"purchasable","34":"product-type-variable"},"yoast_head":"<!-- This site is optimized with the Yoast SEO plugin v27.3 - https:\/\/yoast.com\/product\/yoast-seo-wordpress\/ -->\n<title>Kj\u00f8p Metizolam 2mg pellets online - Beste globale medisiner<\/title>\n<meta name=\"description\" content=\"\u00f8nsker \u00e5 kj\u00f8pe Metizolam 2mg Pellets for salg i Storbritannia, Europa i v\u00e5r Bestglobalmeds-butikk med rask verdensomspennende frakt! De beste Metizolam 2mg Pellets for bestilling finner du her!\" \/>\n<meta name=\"robots\" content=\"index, follow, max-snippet:-1, max-image-preview:large, max-video-preview:-1\" \/>\n<link rel=\"canonical\" href=\"https:\/\/medicinasinc.com\/no\/product\/kjop-metizolam-2mg-pellets-online\/\" \/>\n<meta property=\"og:locale\" content=\"nn_NO\" \/>\n<meta property=\"og:type\" content=\"article\" \/>\n<meta property=\"og:title\" content=\"Kj\u00f8p Metizolam 2mg pellets online - Beste globale medisiner\" \/>\n<meta property=\"og:description\" content=\"\u00f8nsker \u00e5 kj\u00f8pe Metizolam 2mg Pellets for salg i Storbritannia, Europa i v\u00e5r Bestglobalmeds-butikk med rask verdensomspennende frakt! De beste Metizolam 2mg Pellets for bestilling finner du her!\" \/>\n<meta property=\"og:url\" content=\"https:\/\/medicinasinc.com\/no\/product\/kjop-metizolam-2mg-pellets-online\/\" \/>\n<meta property=\"og:site_name\" content=\"Medicinas Inc\" \/>\n<meta property=\"article:modified_time\" content=\"2022-03-22T00:49:19+00:00\" \/>\n<meta property=\"og:image\" content=\"https:\/\/medicinasinc.com\/no\/wp-content\/uploads\/sites\/14\/2022\/02\/Buy-Metizolam-2mg-Pellets.jpg\" \/>\n\t<meta property=\"og:image:width\" content=\"600\" \/>\n\t<meta property=\"og:image:height\" content=\"600\" \/>\n\t<meta property=\"og:image:type\" content=\"image\/jpeg\" \/>\n<meta name=\"twitter:card\" content=\"summary_large_image\" \/>\n<meta name=\"twitter:label1\" content=\"Est. reading time\" \/>\n\t<meta name=\"twitter:data1\" content=\"2 minutt\" \/>\n<script type=\"application\/ld+json\" class=\"yoast-schema-graph\">{\"@context\":\"https:\\\/\\\/schema.org\",\"@graph\":[{\"@type\":\"WebPage\",\"@id\":\"https:\\\/\\\/medicinasinc.com\\\/no\\\/product\\\/kjop-metizolam-2mg-pellets-online\\\/\",\"url\":\"https:\\\/\\\/medicinasinc.com\\\/no\\\/product\\\/kjop-metizolam-2mg-pellets-online\\\/\",\"name\":\"Kj\u00f8p Metizolam 2mg pellets online - Beste globale medisiner\",\"isPartOf\":{\"@id\":\"https:\\\/\\\/medicinasinc.com\\\/no\\\/#website\"},\"primaryImageOfPage\":{\"@id\":\"https:\\\/\\\/medicinasinc.com\\\/no\\\/product\\\/kjop-metizolam-2mg-pellets-online\\\/#primaryimage\"},\"image\":{\"@id\":\"https:\\\/\\\/medicinasinc.com\\\/no\\\/product\\\/kjop-metizolam-2mg-pellets-online\\\/#primaryimage\"},\"thumbnailUrl\":\"https:\\\/\\\/medicinasinc.com\\\/no\\\/wp-content\\\/uploads\\\/sites\\\/14\\\/2022\\\/02\\\/Buy-Metizolam-2mg-Pellets.jpg\",\"datePublished\":\"2022-02-22T02:18:17+00:00\",\"dateModified\":\"2022-03-22T00:49:19+00:00\",\"description\":\"\u00f8nsker \u00e5 kj\u00f8pe Metizolam 2mg Pellets for salg i Storbritannia, Europa i v\u00e5r Bestglobalmeds-butikk med rask verdensomspennende frakt! De beste Metizolam 2mg Pellets for bestilling finner du her!\",\"breadcrumb\":{\"@id\":\"https:\\\/\\\/medicinasinc.com\\\/no\\\/product\\\/kjop-metizolam-2mg-pellets-online\\\/#breadcrumb\"},\"inLanguage\":\"nn-NO\",\"potentialAction\":[{\"@type\":\"ReadAction\",\"target\":[\"https:\\\/\\\/medicinasinc.com\\\/no\\\/product\\\/kjop-metizolam-2mg-pellets-online\\\/\"]}]},{\"@type\":\"ImageObject\",\"inLanguage\":\"nn-NO\",\"@id\":\"https:\\\/\\\/medicinasinc.com\\\/no\\\/product\\\/kjop-metizolam-2mg-pellets-online\\\/#primaryimage\",\"url\":\"https:\\\/\\\/medicinasinc.com\\\/no\\\/wp-content\\\/uploads\\\/sites\\\/14\\\/2022\\\/02\\\/Buy-Metizolam-2mg-Pellets.jpg\",\"contentUrl\":\"https:\\\/\\\/medicinasinc.com\\\/no\\\/wp-content\\\/uploads\\\/sites\\\/14\\\/2022\\\/02\\\/Buy-Metizolam-2mg-Pellets.jpg\",\"width\":600,\"height\":600},{\"@type\":\"BreadcrumbList\",\"@id\":\"https:\\\/\\\/medicinasinc.com\\\/no\\\/product\\\/kjop-metizolam-2mg-pellets-online\\\/#breadcrumb\",\"itemListElement\":[{\"@type\":\"ListItem\",\"position\":1,\"name\":\"Butikk\",\"item\":\"https:\\\/\\\/medicinasinc.com\\\/no\\\/butikk\\\/\"},{\"@type\":\"ListItem\",\"position\":2,\"name\":\"Kj\u00f8p Metizolam 2mg Pellets p\u00e5 nett\"}]},{\"@type\":\"WebSite\",\"@id\":\"https:\\\/\\\/medicinasinc.com\\\/no\\\/#website\",\"url\":\"https:\\\/\\\/medicinasinc.com\\\/no\\\/\",\"name\":\"Medicinas Inc\",\"description\":\"Helsemedisinsk klinikk\",\"potentialAction\":[{\"@type\":\"SearchAction\",\"target\":{\"@type\":\"EntryPoint\",\"urlTemplate\":\"https:\\\/\\\/medicinasinc.com\\\/no\\\/?s={search_term_string}\"},\"query-input\":{\"@type\":\"PropertyValueSpecification\",\"valueRequired\":true,\"valueName\":\"search_term_string\"}}],\"inLanguage\":\"nn-NO\"}]}<\/script>\n<!-- \/ Yoast SEO plugin. -->","yoast_head_json":{"title":"Kj\u00f8p Metizolam 2mg pellets online - Beste globale medisiner","description":"\u00f8nsker \u00e5 kj\u00f8pe Metizolam 2mg Pellets for salg i Storbritannia, Europa i v\u00e5r Bestglobalmeds-butikk med rask verdensomspennende frakt! De beste Metizolam 2mg Pellets for bestilling finner du her!","robots":{"index":"index","follow":"follow","max-snippet":"max-snippet:-1","max-image-preview":"max-image-preview:large","max-video-preview":"max-video-preview:-1"},"canonical":"https:\/\/medicinasinc.com\/no\/product\/kjop-metizolam-2mg-pellets-online\/","og_locale":"nn_NO","og_type":"article","og_title":"Kj\u00f8p Metizolam 2mg pellets online - Beste globale medisiner","og_description":"\u00f8nsker \u00e5 kj\u00f8pe Metizolam 2mg Pellets for salg i Storbritannia, Europa i v\u00e5r Bestglobalmeds-butikk med rask verdensomspennende frakt! De beste Metizolam 2mg Pellets for bestilling finner du her!","og_url":"https:\/\/medicinasinc.com\/no\/product\/kjop-metizolam-2mg-pellets-online\/","og_site_name":"Medicinas Inc","article_modified_time":"2022-03-22T00:49:19+00:00","og_image":[{"width":600,"height":600,"url":"https:\/\/medicinasinc.com\/no\/wp-content\/uploads\/sites\/14\/2022\/02\/Buy-Metizolam-2mg-Pellets.jpg","type":"image\/jpeg"}],"twitter_card":"summary_large_image","twitter_misc":{"Est. reading time":"2 minutt"},"schema":{"@context":"https:\/\/schema.org","@graph":[{"@type":"WebPage","@id":"https:\/\/medicinasinc.com\/no\/product\/kjop-metizolam-2mg-pellets-online\/","url":"https:\/\/medicinasinc.com\/no\/product\/kjop-metizolam-2mg-pellets-online\/","name":"Kj\u00f8p Metizolam 2mg pellets online - Beste globale medisiner","isPartOf":{"@id":"https:\/\/medicinasinc.com\/no\/#website"},"primaryImageOfPage":{"@id":"https:\/\/medicinasinc.com\/no\/product\/kjop-metizolam-2mg-pellets-online\/#primaryimage"},"image":{"@id":"https:\/\/medicinasinc.com\/no\/product\/kjop-metizolam-2mg-pellets-online\/#primaryimage"},"thumbnailUrl":"https:\/\/medicinasinc.com\/no\/wp-content\/uploads\/sites\/14\/2022\/02\/Buy-Metizolam-2mg-Pellets.jpg","datePublished":"2022-02-22T02:18:17+00:00","dateModified":"2022-03-22T00:49:19+00:00","description":"\u00f8nsker \u00e5 kj\u00f8pe Metizolam 2mg Pellets for salg i Storbritannia, Europa i v\u00e5r Bestglobalmeds-butikk med rask verdensomspennende frakt! De beste Metizolam 2mg Pellets for bestilling finner du her!","breadcrumb":{"@id":"https:\/\/medicinasinc.com\/no\/product\/kjop-metizolam-2mg-pellets-online\/#breadcrumb"},"inLanguage":"nn-NO","potentialAction":[{"@type":"ReadAction","target":["https:\/\/medicinasinc.com\/no\/product\/kjop-metizolam-2mg-pellets-online\/"]}]},{"@type":"ImageObject","inLanguage":"nn-NO","@id":"https:\/\/medicinasinc.com\/no\/product\/kjop-metizolam-2mg-pellets-online\/#primaryimage","url":"https:\/\/medicinasinc.com\/no\/wp-content\/uploads\/sites\/14\/2022\/02\/Buy-Metizolam-2mg-Pellets.jpg","contentUrl":"https:\/\/medicinasinc.com\/no\/wp-content\/uploads\/sites\/14\/2022\/02\/Buy-Metizolam-2mg-Pellets.jpg","width":600,"height":600},{"@type":"BreadcrumbList","@id":"https:\/\/medicinasinc.com\/no\/product\/kjop-metizolam-2mg-pellets-online\/#breadcrumb","itemListElement":[{"@type":"ListItem","position":1,"name":"Butikk","item":"https:\/\/medicinasinc.com\/no\/butikk\/"},{"@type":"ListItem","position":2,"name":"Kj\u00f8p Metizolam 2mg Pellets p\u00e5 nett"}]},{"@type":"WebSite","@id":"https:\/\/medicinasinc.com\/no\/#website","url":"https:\/\/medicinasinc.com\/no\/","name":"Medicinas Inc","description":"Helsemedisinsk klinikk","potentialAction":[{"@type":"SearchAction","target":{"@type":"EntryPoint","urlTemplate":"https:\/\/medicinasinc.com\/no\/?s={search_term_string}"},"query-input":{"@type":"PropertyValueSpecification","valueRequired":true,"valueName":"search_term_string"}}],"inLanguage":"nn-NO"}]}},"_links":{"self":[{"href":"https:\/\/medicinasinc.com\/no\/wp-json\/wp\/v2\/product\/5589","targetHints":{"allow":["GET"]}}],"collection":[{"href":"https:\/\/medicinasinc.com\/no\/wp-json\/wp\/v2\/product"}],"about":[{"href":"https:\/\/medicinasinc.com\/no\/wp-json\/wp\/v2\/types\/product"}],"replies":[{"embeddable":true,"href":"https:\/\/medicinasinc.com\/no\/wp-json\/wp\/v2\/comments?post=5589"}],"wp:featuredmedia":[{"embeddable":true,"href":"https:\/\/medicinasinc.com\/no\/wp-json\/wp\/v2\/media\/5598"}],"wp:attachment":[{"href":"https:\/\/medicinasinc.com\/no\/wp-json\/wp\/v2\/media?parent=5589"}],"wp:term":[{"taxonomy":"product_brand","embeddable":true,"href":"https:\/\/medicinasinc.com\/no\/wp-json\/wp\/v2\/product_brand?post=5589"},{"taxonomy":"product_cat","embeddable":true,"href":"https:\/\/medicinasinc.com\/no\/wp-json\/wp\/v2\/product_cat?post=5589"},{"taxonomy":"product_tag","embeddable":true,"href":"https:\/\/medicinasinc.com\/no\/wp-json\/wp\/v2\/product_tag?post=5589"}],"curies":[{"name":"wp","href":"https:\/\/api.w.org\/{rel}","templated":true}]}}