{"id":5566,"date":"2022-02-22T01:53:35","date_gmt":"2022-02-22T01:53:35","guid":{"rendered":"https:\/\/medicinasinc.com\/no\/?post_type=product&#038;p=5566"},"modified":"2022-03-22T00:49:27","modified_gmt":"2022-03-22T00:49:27","slug":"metadon-hydroklorid-usp-pulver-til-oral-bruk","status":"publish","type":"product","link":"https:\/\/medicinasinc.com\/no\/product\/metadon-hydroklorid-usp-pulver-til-oral-bruk\/","title":{"rendered":"Metadonhydroklorid USP PULVER TIL ORAL BRUK"},"content":{"rendered":"<p>Kj\u00f8p av metadonhydrokloridpulver<\/p>\n<p>Metadon er et opioidmedisin som brukes til \u00e5 behandle opioidavhengighet og sterke smerter.<\/p>\n<p>Metadon kan tas som en pille eller mikstur for \u00e5 lindre sterke smerter.<\/p>\n<p>Drikker med fruktsmak er den vanligste formen for metadon n\u00e5r den brukes til \u00e5 behandle opiatavhengighet. En gang daglig l\u00f8ses pulveret opp og svelges helt.<\/p>\n<p>Metadon er et medikament som brukes til \u00e5 behandle avhengighet.<\/p>\n<p>Heroin, oksykodon, fentanyl og hydromorfon kan alle erstattes med metadon i behandlingen av opioidavhengighet. Begrepet &laquo;langtidsvirkende&raquo; refererer til en medisin som har en langsommere innsettende virkning og varer lenger i kroppen. Metadons effekter kan vare alt fra 24 til 36 timer, avhengig av doseringen. Korttidsvirkende opioider, derimot, m\u00e5 tas tre til fire ganger daglig av noen som pr\u00f8ver \u00e5 unng\u00e5 abstinenser.<\/p>\n<p>S\u00e5 lenge riktig dosering av metadon brukes, kan det lindre stoffsuget og forhindre abstinenssymptomer. Risikoen for opioidmisbruk reduseres, og de som er avhengige av opioider har st\u00f8rre sjanse for \u00e5 f\u00e5 livet tilbake p\u00e5 rett spor. Metadonvedlikehold er en type opioidagonistbehandling som brukes til \u00e5 behandle opioidavhengighet. Buprenorfin, en annen opioidagonist, brukes i behandlingen av opioidavhengighet, det samme gj\u00f8r metadon.<\/p>\n<p>Metadon og buprenorfin er begge effektive terapier for opioidavhengighet n\u00e5r de brukes i forbindelse med medisinsk og st\u00f8ttende behandling, uansett hvor en mer vellykket enn den andre for noen mennesker.<\/p>\n<p>Langvarig metadonbehandling er n\u00f8dvendig. Behandlingsvarigheten varierer fra noen f\u00e5 m\u00e5neder til oppover to ti\u00e5r. N\u00e5r en metadonbruker bestemmer seg for \u00e5 slutte \u00e5 ta stoffet, reduserer legen gradvis mengden metadon de tar over en periode p\u00e5 uker eller m\u00e5neder.<\/p>\n<p>Bivirkninger av metadon<\/p>\n<p>Blant de mulige bivirkninger:<\/p>\n<p>H\u00f8rhet er for\u00e5rsaket av forstoppelse kraftig svette t\u00f8rr munn og endringer i kj\u00f8nn.<\/p>\n<p>&nbsp;<\/p>\n","protected":false},"excerpt":{"rendered":"<p>Kj\u00f8p Metho Metadon HCL-pulver p\u00e5 nett. Metho Metadon HCL-pulver engros\u00a099,8 % Pure @ engrospriser. Metho (metadon HCL) behandler moderate til sterke smerter.<\/p>\n","protected":false},"featured_media":5578,"comment_status":"open","ping_status":"closed","template":"","meta":[],"product_brand":[],"product_cat":[2014],"product_tag":[3193,3209,3208,3207,3190,3197,3191,3192,3196,3198,3195,3194,3204,3201,3203,3199,3200,3202,3206,3205],"class_list":{"0":"post-5566","1":"product","2":"type-product","3":"status-publish","4":"has-post-thumbnail","6":"product_cat-kjpe-forskning-kjemikalier","7":"product_tag-buy-metho-powder","8":"product_tag-engros-metadon-pulver","9":"product_tag-hvor-kan-bestilles-metadon-pulver","10":"product_tag-hvor-kan-kjpes-metadon-pulver","11":"product_tag-kjpe-metadon-hydroklorid","12":"product_tag-metadon-pulver-kjp","13":"product_tag-kjp-metadon-pulver","14":"product_tag-kjp-meto-hcl","15":"product_tag-metadon-pulver","16":"product_tag-metadon-pulver-effekt","17":"product_tag-metadon-hydroklorid-engros","18":"product_tag-metadon-hydroklorid-effekt","19":"product_tag-metadon-pulver-detaljhandel","20":"product_tag-metadon-pulver-p-nett","21":"product_tag-metadon-pulver-reddit","22":"product_tag-metadon-pulver-til-salg","23":"product_tag-metadon-pulver-til-salg-online","24":"product_tag-metadon-pulver-rekkeflge","25":"product_tag-methadone-powder-sell","26":"product_tag-salg-av-metadonpulver","28":"first","29":"instock","30":"shipping-taxable","31":"purchasable","32":"product-type-variable","33":"has-default-attributes"},"yoast_head":"<!-- This site is optimized with the Yoast SEO plugin v27.3 - https:\/\/yoast.com\/product\/yoast-seo-wordpress\/ -->\n<title>Metadonhydroklorid USP PULVER TIL ORAL BRUK<\/title>\n<meta name=\"description\" content=\"Kj\u00f8p Metho Metadon HCL-pulver p\u00e5 nett. Metho Metadon HCL pulver engros 99,8% Pure @ engrospriser. Metho (metadon HCL) behandler moderat til alvorlig smerte.\" \/>\n<meta name=\"robots\" content=\"index, follow, max-snippet:-1, max-image-preview:large, max-video-preview:-1\" \/>\n<link rel=\"canonical\" href=\"https:\/\/medicinasinc.com\/no\/product\/metadon-hydroklorid-usp-pulver-til-oral-bruk\/\" \/>\n<meta property=\"og:locale\" content=\"nn_NO\" \/>\n<meta property=\"og:type\" content=\"article\" \/>\n<meta property=\"og:title\" content=\"Metadonhydroklorid USP PULVER TIL ORAL BRUK\" \/>\n<meta property=\"og:description\" content=\"Kj\u00f8p Metho Metadon HCL-pulver p\u00e5 nett. Metho Metadon HCL pulver engros 99,8% Pure @ engrospriser. Metho (metadon HCL) behandler moderat til alvorlig smerte.\" \/>\n<meta property=\"og:url\" content=\"https:\/\/medicinasinc.com\/no\/product\/metadon-hydroklorid-usp-pulver-til-oral-bruk\/\" \/>\n<meta property=\"og:site_name\" content=\"Medicinas Inc\" \/>\n<meta property=\"article:modified_time\" content=\"2022-03-22T00:49:27+00:00\" \/>\n<meta property=\"og:image\" content=\"https:\/\/medicinasinc.com\/no\/wp-content\/uploads\/sites\/14\/2022\/02\/Buy-Methadone.jpg\" \/>\n\t<meta property=\"og:image:width\" content=\"600\" \/>\n\t<meta property=\"og:image:height\" content=\"600\" \/>\n\t<meta property=\"og:image:type\" content=\"image\/jpeg\" \/>\n<meta name=\"twitter:card\" content=\"summary_large_image\" \/>\n<meta name=\"twitter:label1\" content=\"Est. reading time\" \/>\n\t<meta name=\"twitter:data1\" content=\"2 minutt\" \/>\n<script type=\"application\/ld+json\" class=\"yoast-schema-graph\">{\"@context\":\"https:\\\/\\\/schema.org\",\"@graph\":[{\"@type\":\"WebPage\",\"@id\":\"https:\\\/\\\/medicinasinc.com\\\/no\\\/product\\\/metadon-hydroklorid-usp-pulver-til-oral-bruk\\\/\",\"url\":\"https:\\\/\\\/medicinasinc.com\\\/no\\\/product\\\/metadon-hydroklorid-usp-pulver-til-oral-bruk\\\/\",\"name\":\"Metadonhydroklorid USP PULVER TIL ORAL BRUK\",\"isPartOf\":{\"@id\":\"https:\\\/\\\/medicinasinc.com\\\/no\\\/#website\"},\"primaryImageOfPage\":{\"@id\":\"https:\\\/\\\/medicinasinc.com\\\/no\\\/product\\\/metadon-hydroklorid-usp-pulver-til-oral-bruk\\\/#primaryimage\"},\"image\":{\"@id\":\"https:\\\/\\\/medicinasinc.com\\\/no\\\/product\\\/metadon-hydroklorid-usp-pulver-til-oral-bruk\\\/#primaryimage\"},\"thumbnailUrl\":\"https:\\\/\\\/medicinasinc.com\\\/no\\\/wp-content\\\/uploads\\\/sites\\\/14\\\/2022\\\/02\\\/Buy-Methadone.jpg\",\"datePublished\":\"2022-02-22T01:53:35+00:00\",\"dateModified\":\"2022-03-22T00:49:27+00:00\",\"description\":\"Kj\u00f8p Metho Metadon HCL-pulver p\u00e5 nett. Metho Metadon HCL pulver engros 99,8% Pure @ engrospriser. Metho (metadon HCL) behandler moderat til alvorlig smerte.\",\"breadcrumb\":{\"@id\":\"https:\\\/\\\/medicinasinc.com\\\/no\\\/product\\\/metadon-hydroklorid-usp-pulver-til-oral-bruk\\\/#breadcrumb\"},\"inLanguage\":\"nn-NO\",\"potentialAction\":[{\"@type\":\"ReadAction\",\"target\":[\"https:\\\/\\\/medicinasinc.com\\\/no\\\/product\\\/metadon-hydroklorid-usp-pulver-til-oral-bruk\\\/\"]}]},{\"@type\":\"ImageObject\",\"inLanguage\":\"nn-NO\",\"@id\":\"https:\\\/\\\/medicinasinc.com\\\/no\\\/product\\\/metadon-hydroklorid-usp-pulver-til-oral-bruk\\\/#primaryimage\",\"url\":\"https:\\\/\\\/medicinasinc.com\\\/no\\\/wp-content\\\/uploads\\\/sites\\\/14\\\/2022\\\/02\\\/Buy-Methadone.jpg\",\"contentUrl\":\"https:\\\/\\\/medicinasinc.com\\\/no\\\/wp-content\\\/uploads\\\/sites\\\/14\\\/2022\\\/02\\\/Buy-Methadone.jpg\",\"width\":600,\"height\":600},{\"@type\":\"BreadcrumbList\",\"@id\":\"https:\\\/\\\/medicinasinc.com\\\/no\\\/product\\\/metadon-hydroklorid-usp-pulver-til-oral-bruk\\\/#breadcrumb\",\"itemListElement\":[{\"@type\":\"ListItem\",\"position\":1,\"name\":\"Butikk\",\"item\":\"https:\\\/\\\/medicinasinc.com\\\/no\\\/butikk\\\/\"},{\"@type\":\"ListItem\",\"position\":2,\"name\":\"Metadonhydroklorid USP PULVER TIL ORAL BRUK\"}]},{\"@type\":\"WebSite\",\"@id\":\"https:\\\/\\\/medicinasinc.com\\\/no\\\/#website\",\"url\":\"https:\\\/\\\/medicinasinc.com\\\/no\\\/\",\"name\":\"Medicinas Inc\",\"description\":\"Helsemedisinsk klinikk\",\"potentialAction\":[{\"@type\":\"SearchAction\",\"target\":{\"@type\":\"EntryPoint\",\"urlTemplate\":\"https:\\\/\\\/medicinasinc.com\\\/no\\\/?s={search_term_string}\"},\"query-input\":{\"@type\":\"PropertyValueSpecification\",\"valueRequired\":true,\"valueName\":\"search_term_string\"}}],\"inLanguage\":\"nn-NO\"}]}<\/script>\n<!-- \/ Yoast SEO plugin. -->","yoast_head_json":{"title":"Metadonhydroklorid USP PULVER TIL ORAL BRUK","description":"Kj\u00f8p Metho Metadon HCL-pulver p\u00e5 nett. Metho Metadon HCL pulver engros 99,8% Pure @ engrospriser. Metho (metadon HCL) behandler moderat til alvorlig smerte.","robots":{"index":"index","follow":"follow","max-snippet":"max-snippet:-1","max-image-preview":"max-image-preview:large","max-video-preview":"max-video-preview:-1"},"canonical":"https:\/\/medicinasinc.com\/no\/product\/metadon-hydroklorid-usp-pulver-til-oral-bruk\/","og_locale":"nn_NO","og_type":"article","og_title":"Metadonhydroklorid USP PULVER TIL ORAL BRUK","og_description":"Kj\u00f8p Metho Metadon HCL-pulver p\u00e5 nett. Metho Metadon HCL pulver engros 99,8% Pure @ engrospriser. Metho (metadon HCL) behandler moderat til alvorlig smerte.","og_url":"https:\/\/medicinasinc.com\/no\/product\/metadon-hydroklorid-usp-pulver-til-oral-bruk\/","og_site_name":"Medicinas Inc","article_modified_time":"2022-03-22T00:49:27+00:00","og_image":[{"width":600,"height":600,"url":"https:\/\/medicinasinc.com\/no\/wp-content\/uploads\/sites\/14\/2022\/02\/Buy-Methadone.jpg","type":"image\/jpeg"}],"twitter_card":"summary_large_image","twitter_misc":{"Est. reading time":"2 minutt"},"schema":{"@context":"https:\/\/schema.org","@graph":[{"@type":"WebPage","@id":"https:\/\/medicinasinc.com\/no\/product\/metadon-hydroklorid-usp-pulver-til-oral-bruk\/","url":"https:\/\/medicinasinc.com\/no\/product\/metadon-hydroklorid-usp-pulver-til-oral-bruk\/","name":"Metadonhydroklorid USP PULVER TIL ORAL BRUK","isPartOf":{"@id":"https:\/\/medicinasinc.com\/no\/#website"},"primaryImageOfPage":{"@id":"https:\/\/medicinasinc.com\/no\/product\/metadon-hydroklorid-usp-pulver-til-oral-bruk\/#primaryimage"},"image":{"@id":"https:\/\/medicinasinc.com\/no\/product\/metadon-hydroklorid-usp-pulver-til-oral-bruk\/#primaryimage"},"thumbnailUrl":"https:\/\/medicinasinc.com\/no\/wp-content\/uploads\/sites\/14\/2022\/02\/Buy-Methadone.jpg","datePublished":"2022-02-22T01:53:35+00:00","dateModified":"2022-03-22T00:49:27+00:00","description":"Kj\u00f8p Metho Metadon HCL-pulver p\u00e5 nett. Metho Metadon HCL pulver engros 99,8% Pure @ engrospriser. Metho (metadon HCL) behandler moderat til alvorlig smerte.","breadcrumb":{"@id":"https:\/\/medicinasinc.com\/no\/product\/metadon-hydroklorid-usp-pulver-til-oral-bruk\/#breadcrumb"},"inLanguage":"nn-NO","potentialAction":[{"@type":"ReadAction","target":["https:\/\/medicinasinc.com\/no\/product\/metadon-hydroklorid-usp-pulver-til-oral-bruk\/"]}]},{"@type":"ImageObject","inLanguage":"nn-NO","@id":"https:\/\/medicinasinc.com\/no\/product\/metadon-hydroklorid-usp-pulver-til-oral-bruk\/#primaryimage","url":"https:\/\/medicinasinc.com\/no\/wp-content\/uploads\/sites\/14\/2022\/02\/Buy-Methadone.jpg","contentUrl":"https:\/\/medicinasinc.com\/no\/wp-content\/uploads\/sites\/14\/2022\/02\/Buy-Methadone.jpg","width":600,"height":600},{"@type":"BreadcrumbList","@id":"https:\/\/medicinasinc.com\/no\/product\/metadon-hydroklorid-usp-pulver-til-oral-bruk\/#breadcrumb","itemListElement":[{"@type":"ListItem","position":1,"name":"Butikk","item":"https:\/\/medicinasinc.com\/no\/butikk\/"},{"@type":"ListItem","position":2,"name":"Metadonhydroklorid USP PULVER TIL ORAL BRUK"}]},{"@type":"WebSite","@id":"https:\/\/medicinasinc.com\/no\/#website","url":"https:\/\/medicinasinc.com\/no\/","name":"Medicinas Inc","description":"Helsemedisinsk klinikk","potentialAction":[{"@type":"SearchAction","target":{"@type":"EntryPoint","urlTemplate":"https:\/\/medicinasinc.com\/no\/?s={search_term_string}"},"query-input":{"@type":"PropertyValueSpecification","valueRequired":true,"valueName":"search_term_string"}}],"inLanguage":"nn-NO"}]}},"_links":{"self":[{"href":"https:\/\/medicinasinc.com\/no\/wp-json\/wp\/v2\/product\/5566","targetHints":{"allow":["GET"]}}],"collection":[{"href":"https:\/\/medicinasinc.com\/no\/wp-json\/wp\/v2\/product"}],"about":[{"href":"https:\/\/medicinasinc.com\/no\/wp-json\/wp\/v2\/types\/product"}],"replies":[{"embeddable":true,"href":"https:\/\/medicinasinc.com\/no\/wp-json\/wp\/v2\/comments?post=5566"}],"wp:featuredmedia":[{"embeddable":true,"href":"https:\/\/medicinasinc.com\/no\/wp-json\/wp\/v2\/media\/5578"}],"wp:attachment":[{"href":"https:\/\/medicinasinc.com\/no\/wp-json\/wp\/v2\/media?parent=5566"}],"wp:term":[{"taxonomy":"product_brand","embeddable":true,"href":"https:\/\/medicinasinc.com\/no\/wp-json\/wp\/v2\/product_brand?post=5566"},{"taxonomy":"product_cat","embeddable":true,"href":"https:\/\/medicinasinc.com\/no\/wp-json\/wp\/v2\/product_cat?post=5566"},{"taxonomy":"product_tag","embeddable":true,"href":"https:\/\/medicinasinc.com\/no\/wp-json\/wp\/v2\/product_tag?post=5566"}],"curies":[{"name":"wp","href":"https:\/\/api.w.org\/{rel}","templated":true}]}}